{"id":41247,"date":"2023-06-20T20:01:39","date_gmt":"2023-06-20T17:01:40","guid":{"rendered":"https:\/\/www.miil.ee\/?post_type=product&#038;p=41247"},"modified":"2024-11-12T16:53:28","modified_gmt":"2024-11-12T14:53:28","slug":"containex-basic-miiu0303","status":"publish","type":"product","link":"https:\/\/miil.dev.almic.ee\/lv\/toode\/containex-basic-miiu0303\/","title":{"rendered":"Containex Basic MIIU0303 &#8211; Koted\u017ea vai mini m\u0101ja"},"content":{"rendered":"<h1><strong>Cabin Containex MIIU0303<\/strong><\/h1>\n<p>Siltin\u0101t\u0101 Cabin Containex MIIU0303 vairs nav tikai pagaidu \u0113ka b\u016bvlaukum\u0101, m\u016bsdien\u012bgas augstas kvalit\u0101tes kaj\u012btes ar skr\u016bvju savienojumiem ir lieliski piem\u0113rotas vasarn\u012bcai vai komercplat\u012bb\u0101m.<br \/>\nGatavai mini m\u0101ji\u0146ai nav nepiecie\u0161ami ne pamati, ne celtnieks \u2013 pas\u016bti un izbaudi?<br \/>\nUzst\u0101d\u012b\u0161ana aiz\u0146em maz\u0101k nek\u0101 30 min\u016btes, un m\u0101ja var p\u0101rdot gatavu risin\u0101jumu, kas noz\u012bm\u0113, ka to var pieg\u0101d\u0101t taj\u0101 pa\u0161\u0101 dien\u0101.<br \/>\nJa v\u0113laties izv\u0113l\u0113ties loga vai durvju atra\u0161an\u0101s vietu, tas pras\u012bs nedaudz vair\u0101k laika.<br \/>\nPapildus siltin\u0101\u0161anai, ja nepiecie\u0161ams, izb\u016bv\u0113jam starpsienas, uzst\u0101d\u0101m ru\u013c\u013cdurvis, metin\u0101m vai projekt\u0113jam Jums piem\u0113rotu rekl\u0101mas konteineru.<br \/>\nKab\u012bne ar ru\u013c\u013cdurv\u012bm atverama manu\u0101li, par papildus samaksu varam uzst\u0101d\u012bt motora vad\u012bbu no pults, koda vai lietotnes.<\/p>\n<p>*Vienas durvis<br \/>\n*Rult\u0146durvis ar elektromotoru<br \/>\n* Viens logs<br \/>\n*Viena gaisma<br \/>\n* Standarta augstums<br \/>\n*Koka oderes apdare<br \/>\n* Gaisa kondicionieris<\/p>\n<p><strong>Specifik\u0101cija<\/strong><br \/>\n&#8211; \u0100r\u0113jais augstums 2591mm<br \/>\n&#8211; Iek\u0161\u0113jais augstums 2340mm<br \/>\nR\u0101mja kr\u0101sa RAL9002 Balta<br \/>\nPane\u013ca kr\u0101sa RAL7035 Gai\u0161i pel\u0113ka<br \/>\nKoka apdare melna, rullo durvis melnas RAL9005<\/p>\n<p><strong>Izol\u0101cija<\/strong><br \/>\n&#8211; Sienu izol\u0101cija PU putas 45mm<br \/>\n&#8211; Jumta izol\u0101cijas miner\u0101lvate 100mm<br \/>\n&#8211; Gr\u012bdas izol\u0101cijas vate 100mm<\/p>\n<p>Elektr\u012bbas piesl\u0113gums<br \/>\n230V\/32A\/3-pin<\/p>\n<p><strong>Pane\u013ci<\/strong><br \/>\n1 logu panelis,<br \/>\nLogu var atv\u0113rt piln\u012bb\u0101 vai atv\u0113rt ventil\u0101cijas st\u0101vokl\u012b.<br \/>\nAugstums no zemes 870mm<\/p>\n<p><strong>1 priek\u0161\u0113j\u0101s durvis<\/strong><br \/>\natveras uz \u0101ru.<br \/>\nDurvju platums: 875 mm<br \/>\nDurvju atv\u0113r\u0161anas platums: 811mm<br \/>\nDurvju atv\u0113r\u0161anas augstums: 2065mm<\/p>\n<p><strong>1 Elektriskais panelis<\/strong><br \/>\n2 gab spraud\u0146i<br \/>\n1gab gaismas sl\u0113dzis<br \/>\n1x elektriskais panelis<\/p>\n<h2>Cabin Containex Basic MIIU0303 \u2013 transport\u0113\u0161ana un pacel\u0161ana?<\/h2>\n<p>P\u0113c piem\u0113rota konteinera izv\u0113les varam veikt iepako\u0161anu un transport\u0113\u0161anu.<br \/>\nP\u0101rvad\u0101\u0161anai parasti izmantojam\u00a0<a href=\"https:\/\/www.miil.ee\/lv\/pakalpojumi\/celtnis\/\">celtnis<\/a>\u00a0vai\u00a0<a href=\"https:\/\/www.miil.ee\/lv\/pakalpojumi\/sanu-iekraveji-sideloader\/\">s\u0101nu iekr\u0101v\u0113ju.<\/a><br \/>\nM\u0113s izmantojam\u00a0<a href=\"https:\/\/www.miil.ee\/lv\/pakalpojumi\/ram-pasizgazejs\/\">RAM backloader<\/a>, lai aptvertu vissare\u017e\u0123\u012bt\u0101k\u0101s vietas.<br \/>\nP\u0113c t\u0101 ieg\u0101des m\u0113s glab\u0101jam j\u016bsu konteineru m\u016bsu termin\u0101l\u012b bez maksas l\u012bdz se\u0161iem m\u0113ne\u0161iem.<br \/>\nVienm\u0113r iesp\u0113jams vienoties par ilg\u0101ku laiku.<br \/>\nPiem\u0113ram, ja vieta v\u0113l nav gatava vai pieejama konteinera pieg\u0101dei.<br \/>\nT\u0101d\u0101 gad\u012bjum\u0101 konteinera cena nemain\u012bsies un var\u0113siet b\u016bt dro\u0161s, ka izv\u0113l\u0113to konteineru sa\u0146emsiet norun\u0101taj\u0101 laik\u0101.<\/p>\n<ul>\n<li>Lab\u0101k\u0101s cenas garantija \u2013 m\u0113s vienm\u0113r pied\u0101v\u0101jam konteineram lab\u0101ko pied\u0101v\u0101jumu.<\/li>\n<\/ul>\n<p>Sekojiet mums\u00a0<a href=\"https:\/\/www.facebook.com\/konteinerveod\/\">Facebook<\/a>\u00a0vai\u00a0<a href=\"https:\/\/www.instagram.com\/ou_miil\/\">Instagram<\/a><\/p>\n","protected":false},"excerpt":{"rendered":"<p>Cabin Containex MIIU0303 Siltin\u0101t\u0101 Cabin Containex MIIU0303 vairs nav tikai pagaidu \u0113ka b\u016bvlaukum\u0101, m\u016bsdien\u012bgas augstas kvalit\u0101tes kaj\u012btes ar skr\u016bvju savienojumiem ir lieliski piem\u0113rotas vasarn\u012bcai vai komercplat\u012bb\u0101m. Gatavai mini m\u0101ji\u0146ai nav nepiecie\u0161ami ne pamati, ne celtnieks \u2013 pas\u016bti un izbaudi? Uzst\u0101d\u012b\u0161ana aiz\u0146em maz\u0101k nek\u0101 30 min\u016btes, un m\u0101ja var p\u0101rdot gatavu risin\u0101jumu, kas noz\u012bm\u0113, ka to&#8230;<\/p>\n","protected":false},"featured_media":41258,"comment_status":"closed","ping_status":"closed","template":"","meta":{"_acf_changed":false},"product_cat":[344,408],"product_tag":[],"class_list":{"0":"post-41247","1":"product","2":"type-product","3":"status-publish","4":"has-post-thumbnail","6":"product_cat-vagonini","7":"product_cat-jauni-vagonini","9":"first","10":"instock","11":"shipping-taxable","12":"purchasable","13":"product-type-simple"},"acf":[],"yoast_head":"<!-- This site is optimized with the Yoast SEO Premium plugin v23.9 (Yoast SEO v27.5) - https:\/\/yoast.com\/product\/yoast-seo-premium-wordpress\/ -->\n<title>Cabin Containex MIIU0303 - Miil O\u00dc<\/title>\n<meta name=\"description\" content=\"Cabin Containex MIIU0303 | Mini m\u0101jas un koted\u017eas | Kaj\u012b\u0161u noma un p\u0101rdo\u0161ana | Transports un remonts | Elektr\u012bbas darbi un apkure\" \/>\n<meta name=\"robots\" content=\"index, follow, max-snippet:-1, max-image-preview:large, max-video-preview:-1\" \/>\n<link rel=\"canonical\" href=\"https:\/\/miil.dev.almic.ee\/lv\/toode\/containex-basic-miiu0303\/\" \/>\n<meta property=\"og:locale\" content=\"lv_LV\" \/>\n<meta property=\"og:type\" content=\"article\" \/>\n<meta property=\"og:title\" content=\"Containex Basic MIIU0303 - Koted\u017ea vai mini m\u0101ja\" \/>\n<meta property=\"og:description\" content=\"Cabin Containex MIIU0303 | Mini m\u0101jas un koted\u017eas | Kaj\u012b\u0161u noma un p\u0101rdo\u0161ana | Transports un remonts | Elektr\u012bbas darbi un apkure\" \/>\n<meta property=\"og:url\" content=\"https:\/\/miil.dev.almic.ee\/lv\/toode\/containex-basic-miiu0303\/\" \/>\n<meta property=\"og:site_name\" content=\"Miil O\u00dc\" \/>\n<meta property=\"article:publisher\" content=\"https:\/\/www.facebook.com\/konteinerveod\/\" \/>\n<meta property=\"article:modified_time\" content=\"2024-11-12T14:53:28+00:00\" \/>\n<meta property=\"og:image\" content=\"https:\/\/miil.dev.almic.ee\/wp-content\/uploads\/2023\/06\/voodrilauaga-soojak-must-3-scaled.jpg\" \/>\n\t<meta property=\"og:image:width\" content=\"1900\" \/>\n\t<meta property=\"og:image:height\" content=\"1425\" \/>\n\t<meta property=\"og:image:type\" content=\"image\/jpeg\" \/>\n<meta name=\"twitter:card\" content=\"summary_large_image\" \/>\n<meta name=\"twitter:label1\" content=\"Price\" \/>\n\t<meta name=\"twitter:data1\" content=\"12980,00&nbsp;&euro;\" \/>\n\t<meta name=\"twitter:label2\" content=\"Availability\" \/>\n\t<meta name=\"twitter:data2\" content=\"In stock\" \/>\n<script type=\"application\/ld+json\" class=\"yoast-schema-graph\">{\"@context\":\"https:\\\/\\\/schema.org\",\"@graph\":[{\"@type\":\"WebPage\",\"@id\":\"https:\\\/\\\/miil.dev.almic.ee\\\/lv\\\/toode\\\/containex-basic-miiu0303\\\/\",\"url\":\"https:\\\/\\\/miil.dev.almic.ee\\\/lv\\\/toode\\\/containex-basic-miiu0303\\\/\",\"name\":\"Cabin Containex MIIU0303 - Miil O\u00dc\",\"isPartOf\":{\"@id\":\"https:\\\/\\\/miil.dev.almic.ee\\\/#website\"},\"primaryImageOfPage\":{\"@id\":\"https:\\\/\\\/miil.dev.almic.ee\\\/lv\\\/toode\\\/containex-basic-miiu0303\\\/#primaryimage\"},\"image\":{\"@id\":\"https:\\\/\\\/miil.dev.almic.ee\\\/lv\\\/toode\\\/containex-basic-miiu0303\\\/#primaryimage\"},\"thumbnailUrl\":\"https:\\\/\\\/miil.dev.almic.ee\\\/wp-content\\\/uploads\\\/2023\\\/06\\\/voodrilauaga-soojak-must-3-scaled.jpg\",\"datePublished\":\"2023-06-20T17:01:40+00:00\",\"dateModified\":\"2024-11-12T14:53:28+00:00\",\"description\":\"Cabin Containex MIIU0303 | Mini m\u0101jas un koted\u017eas | Kaj\u012b\u0161u noma un p\u0101rdo\u0161ana | Transports un remonts | Elektr\u012bbas darbi un apkure\",\"breadcrumb\":{\"@id\":\"https:\\\/\\\/miil.dev.almic.ee\\\/lv\\\/toode\\\/containex-basic-miiu0303\\\/#breadcrumb\"},\"inLanguage\":\"lv-LV\",\"potentialAction\":[{\"@type\":\"ReadAction\",\"target\":[\"https:\\\/\\\/miil.dev.almic.ee\\\/lv\\\/toode\\\/containex-basic-miiu0303\\\/\"]}]},{\"@type\":\"ImageObject\",\"inLanguage\":\"lv-LV\",\"@id\":\"https:\\\/\\\/miil.dev.almic.ee\\\/lv\\\/toode\\\/containex-basic-miiu0303\\\/#primaryimage\",\"url\":\"https:\\\/\\\/miil.dev.almic.ee\\\/wp-content\\\/uploads\\\/2023\\\/06\\\/voodrilauaga-soojak-must-3-scaled.jpg\",\"contentUrl\":\"https:\\\/\\\/miil.dev.almic.ee\\\/wp-content\\\/uploads\\\/2023\\\/06\\\/voodrilauaga-soojak-must-3-scaled.jpg\",\"width\":1900,\"height\":1425,\"caption\":\"Soojak Containex MIIU2050\"},{\"@type\":\"BreadcrumbList\",\"@id\":\"https:\\\/\\\/miil.dev.almic.ee\\\/lv\\\/toode\\\/containex-basic-miiu0303\\\/#breadcrumb\",\"itemListElement\":[{\"@type\":\"ListItem\",\"position\":1,\"name\":\"Home\",\"item\":\"https:\\\/\\\/miil.dev.almic.ee\\\/lv\\\/\"},{\"@type\":\"ListItem\",\"position\":2,\"name\":\"Veikals\",\"item\":\"https:\\\/\\\/miil.dev.almic.ee\\\/lv\\\/veikals\\\/\"},{\"@type\":\"ListItem\",\"position\":3,\"name\":\"Containex Basic MIIU0303 &#8211; Koted\u017ea vai mini m\u0101ja\"}]},{\"@type\":\"WebSite\",\"@id\":\"https:\\\/\\\/miil.dev.almic.ee\\\/#website\",\"url\":\"https:\\\/\\\/miil.dev.almic.ee\\\/\",\"name\":\"Miil O\u00dc\",\"description\":\"Konteinerveod\",\"publisher\":{\"@id\":\"https:\\\/\\\/miil.dev.almic.ee\\\/#organization\"},\"potentialAction\":[{\"@type\":\"SearchAction\",\"target\":{\"@type\":\"EntryPoint\",\"urlTemplate\":\"https:\\\/\\\/miil.dev.almic.ee\\\/?s={search_term_string}\"},\"query-input\":{\"@type\":\"PropertyValueSpecification\",\"valueRequired\":true,\"valueName\":\"search_term_string\"}}],\"inLanguage\":\"lv-LV\"},{\"@type\":\"Organization\",\"@id\":\"https:\\\/\\\/miil.dev.almic.ee\\\/#organization\",\"name\":\"Miil O\u00dc\",\"url\":\"https:\\\/\\\/miil.dev.almic.ee\\\/\",\"logo\":{\"@type\":\"ImageObject\",\"inLanguage\":\"lv-LV\",\"@id\":\"https:\\\/\\\/miil.dev.almic.ee\\\/#\\\/schema\\\/logo\\\/image\\\/\",\"url\":\"https:\\\/\\\/www.miil.ee\\\/wp-content\\\/uploads\\\/2022\\\/02\\\/Miil-logo.svg\",\"contentUrl\":\"https:\\\/\\\/www.miil.ee\\\/wp-content\\\/uploads\\\/2022\\\/02\\\/Miil-logo.svg\",\"width\":\"1024\",\"height\":\"1024\",\"caption\":\"Miil O\u00dc\"},\"image\":{\"@id\":\"https:\\\/\\\/miil.dev.almic.ee\\\/#\\\/schema\\\/logo\\\/image\\\/\"},\"sameAs\":[\"https:\\\/\\\/www.facebook.com\\\/konteinerveod\\\/\",\"https:\\\/\\\/www.instagram.com\\\/ou_miil\\\/\"]}]}<\/script>\n<meta property=\"product:price:amount\" content=\"12980.00\" \/>\n<meta property=\"product:price:currency\" content=\"EUR\" \/>\n<meta property=\"og:availability\" content=\"instock\" \/>\n<meta property=\"product:availability\" content=\"instock\" \/>\n<meta property=\"product:retailer_item_id\" content=\"MIIU2050\" \/>\n<meta property=\"product:condition\" content=\"new\" \/>\n<!-- \/ Yoast SEO Premium plugin. -->","yoast_head_json":{"title":"Cabin Containex MIIU0303 - Miil O\u00dc","description":"Cabin Containex MIIU0303 | Mini m\u0101jas un koted\u017eas | Kaj\u012b\u0161u noma un p\u0101rdo\u0161ana | Transports un remonts | Elektr\u012bbas darbi un apkure","robots":{"index":"index","follow":"follow","max-snippet":"max-snippet:-1","max-image-preview":"max-image-preview:large","max-video-preview":"max-video-preview:-1"},"canonical":"https:\/\/miil.dev.almic.ee\/lv\/toode\/containex-basic-miiu0303\/","og_locale":"lv_LV","og_type":"article","og_title":"Containex Basic MIIU0303 - Koted\u017ea vai mini m\u0101ja","og_description":"Cabin Containex MIIU0303 | Mini m\u0101jas un koted\u017eas | Kaj\u012b\u0161u noma un p\u0101rdo\u0161ana | Transports un remonts | Elektr\u012bbas darbi un apkure","og_url":"https:\/\/miil.dev.almic.ee\/lv\/toode\/containex-basic-miiu0303\/","og_site_name":"Miil O\u00dc","article_publisher":"https:\/\/www.facebook.com\/konteinerveod\/","article_modified_time":"2024-11-12T14:53:28+00:00","og_image":[{"width":1900,"height":1425,"url":"https:\/\/miil.dev.almic.ee\/wp-content\/uploads\/2023\/06\/voodrilauaga-soojak-must-3-scaled.jpg","type":"image\/jpeg"}],"twitter_card":"summary_large_image","twitter_misc":{"Price":"12980,00&nbsp;&euro;","Availability":"In stock"},"schema":{"@context":"https:\/\/schema.org","@graph":[{"@type":"WebPage","@id":"https:\/\/miil.dev.almic.ee\/lv\/toode\/containex-basic-miiu0303\/","url":"https:\/\/miil.dev.almic.ee\/lv\/toode\/containex-basic-miiu0303\/","name":"Cabin Containex MIIU0303 - Miil O\u00dc","isPartOf":{"@id":"https:\/\/miil.dev.almic.ee\/#website"},"primaryImageOfPage":{"@id":"https:\/\/miil.dev.almic.ee\/lv\/toode\/containex-basic-miiu0303\/#primaryimage"},"image":{"@id":"https:\/\/miil.dev.almic.ee\/lv\/toode\/containex-basic-miiu0303\/#primaryimage"},"thumbnailUrl":"https:\/\/miil.dev.almic.ee\/wp-content\/uploads\/2023\/06\/voodrilauaga-soojak-must-3-scaled.jpg","datePublished":"2023-06-20T17:01:40+00:00","dateModified":"2024-11-12T14:53:28+00:00","description":"Cabin Containex MIIU0303 | Mini m\u0101jas un koted\u017eas | Kaj\u012b\u0161u noma un p\u0101rdo\u0161ana | Transports un remonts | Elektr\u012bbas darbi un apkure","breadcrumb":{"@id":"https:\/\/miil.dev.almic.ee\/lv\/toode\/containex-basic-miiu0303\/#breadcrumb"},"inLanguage":"lv-LV","potentialAction":[{"@type":"ReadAction","target":["https:\/\/miil.dev.almic.ee\/lv\/toode\/containex-basic-miiu0303\/"]}]},{"@type":"ImageObject","inLanguage":"lv-LV","@id":"https:\/\/miil.dev.almic.ee\/lv\/toode\/containex-basic-miiu0303\/#primaryimage","url":"https:\/\/miil.dev.almic.ee\/wp-content\/uploads\/2023\/06\/voodrilauaga-soojak-must-3-scaled.jpg","contentUrl":"https:\/\/miil.dev.almic.ee\/wp-content\/uploads\/2023\/06\/voodrilauaga-soojak-must-3-scaled.jpg","width":1900,"height":1425,"caption":"Soojak Containex MIIU2050"},{"@type":"BreadcrumbList","@id":"https:\/\/miil.dev.almic.ee\/lv\/toode\/containex-basic-miiu0303\/#breadcrumb","itemListElement":[{"@type":"ListItem","position":1,"name":"Home","item":"https:\/\/miil.dev.almic.ee\/lv\/"},{"@type":"ListItem","position":2,"name":"Veikals","item":"https:\/\/miil.dev.almic.ee\/lv\/veikals\/"},{"@type":"ListItem","position":3,"name":"Containex Basic MIIU0303 &#8211; Koted\u017ea vai mini m\u0101ja"}]},{"@type":"WebSite","@id":"https:\/\/miil.dev.almic.ee\/#website","url":"https:\/\/miil.dev.almic.ee\/","name":"Miil O\u00dc","description":"Konteinerveod","publisher":{"@id":"https:\/\/miil.dev.almic.ee\/#organization"},"potentialAction":[{"@type":"SearchAction","target":{"@type":"EntryPoint","urlTemplate":"https:\/\/miil.dev.almic.ee\/?s={search_term_string}"},"query-input":{"@type":"PropertyValueSpecification","valueRequired":true,"valueName":"search_term_string"}}],"inLanguage":"lv-LV"},{"@type":"Organization","@id":"https:\/\/miil.dev.almic.ee\/#organization","name":"Miil O\u00dc","url":"https:\/\/miil.dev.almic.ee\/","logo":{"@type":"ImageObject","inLanguage":"lv-LV","@id":"https:\/\/miil.dev.almic.ee\/#\/schema\/logo\/image\/","url":"https:\/\/www.miil.ee\/wp-content\/uploads\/2022\/02\/Miil-logo.svg","contentUrl":"https:\/\/www.miil.ee\/wp-content\/uploads\/2022\/02\/Miil-logo.svg","width":"1024","height":"1024","caption":"Miil O\u00dc"},"image":{"@id":"https:\/\/miil.dev.almic.ee\/#\/schema\/logo\/image\/"},"sameAs":["https:\/\/www.facebook.com\/konteinerveod\/","https:\/\/www.instagram.com\/ou_miil\/"]}]},"product_price_amount":"12980.00","product_price_currency":"EUR","og_availability":"instock","product_availability":"instock","product_retailer_item_id":"MIIU2050","product_condition":"new"},"_links":{"self":[{"href":"https:\/\/miil.dev.almic.ee\/lv\/wp-json\/wp\/v2\/product\/41247","targetHints":{"allow":["GET"]}}],"collection":[{"href":"https:\/\/miil.dev.almic.ee\/lv\/wp-json\/wp\/v2\/product"}],"about":[{"href":"https:\/\/miil.dev.almic.ee\/lv\/wp-json\/wp\/v2\/types\/product"}],"replies":[{"embeddable":true,"href":"https:\/\/miil.dev.almic.ee\/lv\/wp-json\/wp\/v2\/comments?post=41247"}],"wp:featuredmedia":[{"embeddable":true,"href":"https:\/\/miil.dev.almic.ee\/lv\/wp-json\/wp\/v2\/media\/41258"}],"wp:attachment":[{"href":"https:\/\/miil.dev.almic.ee\/lv\/wp-json\/wp\/v2\/media?parent=41247"}],"wp:term":[{"taxonomy":"product_cat","embeddable":true,"href":"https:\/\/miil.dev.almic.ee\/lv\/wp-json\/wp\/v2\/product_cat?post=41247"},{"taxonomy":"product_tag","embeddable":true,"href":"https:\/\/miil.dev.almic.ee\/lv\/wp-json\/wp\/v2\/product_tag?post=41247"}],"curies":[{"name":"wp","href":"https:\/\/api.w.org\/{rel}","templated":true}]}}