{"id":33921,"date":"2023-05-03T21:57:15","date_gmt":"2023-05-03T18:57:16","guid":{"rendered":"https:\/\/www.miil.ee\/?post_type=product&#038;p=33921"},"modified":"2024-11-06T16:09:18","modified_gmt":"2024-11-06T14:09:18","slug":"10dc-juras-konteiners-miiu1001","status":"publish","type":"product","link":"https:\/\/miil.dev.almic.ee\/lv\/toode\/10dc-juras-konteiners-miiu1001\/","title":{"rendered":"10DC Konteineru pirts MIIU1001"},"content":{"rendered":"<h1>Konteineru pirts<\/h1>\n<p>Konteiners ar kvalitat\u012bvi uzb\u016bv\u0113tu izol\u0113tu pirti iek\u0161\u0101.<br \/>\nJa j\u016bsu pras\u012bb\u0101m neatbilst tikai l\u0113ta ar koku izkl\u0101ta pirts, tad dro\u0161i vien esam izgatavoju\u0161i jums piem\u0113rot\u0101ko!<br \/>\nPar m\u016bsu pirts karkasu ir izmantots jauns 10DC uzglab\u0101\u0161anas konteiners, kur\u0101 iepriek\u0161 nav transport\u0113tas preces.<br \/>\nKonkr\u0113t\u0101 konteinera kr\u0101su kods ir RAL7016, bet mums uz vietas ir pla\u0161a kr\u0101su konteineru izv\u0113le. Izgatavojam konteineru klienta v\u0113lam\u0101 kr\u0101s\u0101 un pirti\u0146u atbilsto\u0161\u0101 ton\u012b pras\u012bg\u0101m gaum\u0113m.<br \/>\nKonteineru pirts neap\u0161aub\u0101ma priek\u0161roc\u012bba ir t\u0101, ka to var transport\u0113t bezgal\u012bgi daudz rei\u017eu un tai nav nepiecie\u0161ams pamats.<br \/>\nUz koted\u017eu uz sezonu un m\u0101j\u0101s uz ziemu.<br \/>\nM\u016bsu b\u016bv\u0113t\u0101 pirts ir iztur\u012bga pret cel\u0161anu, transport\u0113\u0161anu un intens\u012bvu lieto\u0161anu.<\/p>\n<h2>Konteineru pirts &#8211; b\u016bv\u0113 bez pamatiem!<\/h2>\n<p>K\u0101 jau min\u0113ts, m\u016bsu pied\u0101v\u0101tajai pirtij nav nepiecie\u0161ami ne pamati, ne celtnieks.<br \/>\nLai pirt\u012b ir gaisma &#8211; savienojiet trauku ar pagarin\u0101t\u0101ju un mazg\u0101\u0161anas st\u016bri ar d\u0101rza \u0161\u013c\u016bteni.<\/p>\n<h2>Transport\u0113\u0161ana un pacel\u0161ana?<\/h2>\n<p>P\u0113c piem\u0113rota konteinera izv\u0113les varam veikt iepako\u0161anu un transport\u0113\u0161anu.<br \/>\nP\u0101rvad\u0101\u0161anai parasti izmantojam<span>\u00a0<\/span><a href=\"https:\/\/www.miil.ee\/lv\/pakalpojumi\/celtnis\/\">celtnis<\/a><span>\u00a0<\/span>vai<span>\u00a0<\/span><a href=\"https:\/\/www.miil.ee\/lv\/pakalpojumi\/sanu-iekraveji-sideloader\/\">s\u0101nu iekr\u0101v\u0113ju.<\/a><br \/>\nM\u0113s izmantojam<span>\u00a0<\/span><a href=\"https:\/\/www.miil.ee\/lv\/pakalpojumi\/ram-pasizgazejs\/\">RAM backloader<\/a>, lai aptvertu vissare\u017e\u0123\u012bt\u0101k\u0101s vietas.<br \/>\nP\u0113c t\u0101 ieg\u0101des m\u0113s glab\u0101jam j\u016bsu konteineru m\u016bsu termin\u0101l\u012b bez maksas l\u012bdz se\u0161iem m\u0113ne\u0161iem.<br \/>\nVienm\u0113r iesp\u0113jams vienoties par ilg\u0101ku laiku.<br \/>\nPiem\u0113ram, ja vieta v\u0113l nav gatava vai pieejama konteinera pieg\u0101dei.<br \/>\nT\u0101d\u0101 gad\u012bjum\u0101 konteinera cena nemain\u012bsies un var\u0113siet b\u016bt dro\u0161s, ka izv\u0113l\u0113to konteineru sa\u0146emsiet norun\u0101taj\u0101 laik\u0101.<\/p>\n<h2>M\u016bsu tehnolo\u0123ijas ir modernas, un m\u016bsu vad\u012bt\u0101ji ir augsti apm\u0101c\u012bti.<\/h2>\n<p>*J\u016bras konteineru tirdzniec\u012bba<br \/>\n*J\u016bras konteineru noma<br \/>\n*J\u016bras konteineru atg\u016b\u0161ana<br \/>\n*J\u016bras konteineru remonts<br \/>\n*J\u016bras konteineru uzglab\u0101\u0161ana<br \/>\n*Apkures bateriju tirdzniec\u012bba<br \/>\n*Sild\u012bt\u0101ju noma<br \/>\n*Mini m\u0101ju p\u0101rdo\u0161ana<br \/>\n*Iz\u012br\u0113 mini m\u0101jas<br \/>\n*Transports<br \/>\n*Depo serviss<\/p>\n<ul>\n<li>Lab\u0101k\u0101s cenas garantija \u2013 m\u0113s vienm\u0113r pied\u0101v\u0101jam konteineram lab\u0101ko pied\u0101v\u0101jumu.<\/li>\n<\/ul>\n<p>Sekojiet mums\u00a0<a href=\"https:\/\/www.facebook.com\/konteinerveod\/\">Facebook<\/a>\u00a0vai\u00a0<a href=\"https:\/\/www.instagram.com\/ou_miil\/\">Instagram.<\/a><\/p>\n","protected":false},"excerpt":{"rendered":"<p>Konteineru pirts Konteiners ar kvalitat\u012bvi uzb\u016bv\u0113tu izol\u0113tu pirti iek\u0161\u0101. Ja j\u016bsu pras\u012bb\u0101m neatbilst tikai l\u0113ta ar koku izkl\u0101ta pirts, tad dro\u0161i vien esam izgatavoju\u0161i jums piem\u0113rot\u0101ko! Par m\u016bsu pirts karkasu ir izmantots jauns 10DC uzglab\u0101\u0161anas konteiners, kur\u0101 iepriek\u0161 nav transport\u0113tas preces. Konkr\u0113t\u0101 konteinera kr\u0101su kods ir RAL7016, bet mums uz vietas ir pla\u0161a kr\u0101su konteineru&#8230;<\/p>\n","protected":false},"featured_media":33926,"comment_status":"closed","ping_status":"closed","template":"","meta":{"_acf_changed":false},"product_cat":[356,448,344,408],"product_tag":[],"class_list":{"0":"post-33921","1":"product","2":"type-product","3":"status-publish","4":"has-post-thumbnail","6":"product_cat-jauni-konteineri","7":"product_cat-10dc-juras-konteiners","8":"product_cat-vagonini","9":"product_cat-jauni-vagonini","11":"first","12":"instock","13":"shipping-taxable","14":"purchasable","15":"product-type-simple"},"acf":[],"yoast_head":"<!-- This site is optimized with the Yoast SEO Premium plugin v23.9 (Yoast SEO v27.5) - https:\/\/yoast.com\/product\/yoast-seo-premium-wordpress\/ -->\n<title>Konteineru pirts MIIU1001 - Miil O\u00dc<\/title>\n<meta name=\"description\" content=\"Konteineru pirts | Juras konteiner transport | Juras konteiner jauns | Containex jauns | www.miil.lv | +372 57 50 3328 \u2b50\ufe0f\u2b50\ufe0f\u2b50\ufe0f\u2b50\ufe0f\u2b50\ufe0f\" \/>\n<meta name=\"robots\" content=\"index, follow, max-snippet:-1, max-image-preview:large, max-video-preview:-1\" \/>\n<link rel=\"canonical\" href=\"https:\/\/miil.dev.almic.ee\/lv\/toode\/10dc-juras-konteiners-miiu1001\/\" \/>\n<meta property=\"og:locale\" content=\"lv_LV\" \/>\n<meta property=\"og:type\" content=\"article\" \/>\n<meta property=\"og:title\" content=\"10DC Konteineru pirts MIIU1001\" \/>\n<meta property=\"og:description\" content=\"Konteineru pirts | Juras konteiner transport | Juras konteiner jauns | Containex jauns | www.miil.lv | +372 57 50 3328 \u2b50\ufe0f\u2b50\ufe0f\u2b50\ufe0f\u2b50\ufe0f\u2b50\ufe0f\" \/>\n<meta property=\"og:url\" content=\"https:\/\/miil.dev.almic.ee\/lv\/toode\/10dc-juras-konteiners-miiu1001\/\" \/>\n<meta property=\"og:site_name\" content=\"Miil O\u00dc\" \/>\n<meta property=\"article:publisher\" content=\"https:\/\/www.facebook.com\/konteinerveod\/\" \/>\n<meta property=\"article:modified_time\" content=\"2024-11-06T14:09:18+00:00\" \/>\n<meta property=\"og:image\" content=\"https:\/\/miil.dev.almic.ee\/wp-content\/uploads\/2023\/05\/18.jpg\" \/>\n\t<meta property=\"og:image:width\" content=\"1200\" \/>\n\t<meta property=\"og:image:height\" content=\"1600\" \/>\n\t<meta property=\"og:image:type\" content=\"image\/jpeg\" \/>\n<meta name=\"twitter:card\" content=\"summary_large_image\" \/>\n<meta name=\"twitter:label1\" content=\"Price\" \/>\n\t<meta name=\"twitter:data1\" content=\"12950,00&nbsp;&euro;\" \/>\n\t<meta name=\"twitter:label2\" content=\"Availability\" \/>\n\t<meta name=\"twitter:data2\" content=\"In stock\" \/>\n<script type=\"application\/ld+json\" class=\"yoast-schema-graph\">{\"@context\":\"https:\\\/\\\/schema.org\",\"@graph\":[{\"@type\":\"WebPage\",\"@id\":\"https:\\\/\\\/miil.dev.almic.ee\\\/lv\\\/toode\\\/10dc-juras-konteiners-miiu1001\\\/\",\"url\":\"https:\\\/\\\/miil.dev.almic.ee\\\/lv\\\/toode\\\/10dc-juras-konteiners-miiu1001\\\/\",\"name\":\"Konteineru pirts MIIU1001 - Miil O\u00dc\",\"isPartOf\":{\"@id\":\"https:\\\/\\\/miil.dev.almic.ee\\\/#website\"},\"primaryImageOfPage\":{\"@id\":\"https:\\\/\\\/miil.dev.almic.ee\\\/lv\\\/toode\\\/10dc-juras-konteiners-miiu1001\\\/#primaryimage\"},\"image\":{\"@id\":\"https:\\\/\\\/miil.dev.almic.ee\\\/lv\\\/toode\\\/10dc-juras-konteiners-miiu1001\\\/#primaryimage\"},\"thumbnailUrl\":\"https:\\\/\\\/miil.dev.almic.ee\\\/wp-content\\\/uploads\\\/2023\\\/05\\\/18.jpg\",\"datePublished\":\"2023-05-03T18:57:16+00:00\",\"dateModified\":\"2024-11-06T14:09:18+00:00\",\"description\":\"Konteineru pirts | Juras konteiner transport | Juras konteiner jauns | Containex jauns | www.miil.lv | +372 57 50 3328 \u2b50\ufe0f\u2b50\ufe0f\u2b50\ufe0f\u2b50\ufe0f\u2b50\ufe0f\",\"breadcrumb\":{\"@id\":\"https:\\\/\\\/miil.dev.almic.ee\\\/lv\\\/toode\\\/10dc-juras-konteiners-miiu1001\\\/#breadcrumb\"},\"inLanguage\":\"lv-LV\",\"potentialAction\":[{\"@type\":\"ReadAction\",\"target\":[\"https:\\\/\\\/miil.dev.almic.ee\\\/lv\\\/toode\\\/10dc-juras-konteiners-miiu1001\\\/\"]}]},{\"@type\":\"ImageObject\",\"inLanguage\":\"lv-LV\",\"@id\":\"https:\\\/\\\/miil.dev.almic.ee\\\/lv\\\/toode\\\/10dc-juras-konteiners-miiu1001\\\/#primaryimage\",\"url\":\"https:\\\/\\\/miil.dev.almic.ee\\\/wp-content\\\/uploads\\\/2023\\\/05\\\/18.jpg\",\"contentUrl\":\"https:\\\/\\\/miil.dev.almic.ee\\\/wp-content\\\/uploads\\\/2023\\\/05\\\/18.jpg\",\"width\":1200,\"height\":1600,\"caption\":\"Konteiner saun\"},{\"@type\":\"BreadcrumbList\",\"@id\":\"https:\\\/\\\/miil.dev.almic.ee\\\/lv\\\/toode\\\/10dc-juras-konteiners-miiu1001\\\/#breadcrumb\",\"itemListElement\":[{\"@type\":\"ListItem\",\"position\":1,\"name\":\"Home\",\"item\":\"https:\\\/\\\/miil.dev.almic.ee\\\/lv\\\/\"},{\"@type\":\"ListItem\",\"position\":2,\"name\":\"Veikals\",\"item\":\"https:\\\/\\\/miil.dev.almic.ee\\\/lv\\\/veikals\\\/\"},{\"@type\":\"ListItem\",\"position\":3,\"name\":\"10DC Konteineru pirts MIIU1001\"}]},{\"@type\":\"WebSite\",\"@id\":\"https:\\\/\\\/miil.dev.almic.ee\\\/#website\",\"url\":\"https:\\\/\\\/miil.dev.almic.ee\\\/\",\"name\":\"Miil O\u00dc\",\"description\":\"Konteinerveod\",\"publisher\":{\"@id\":\"https:\\\/\\\/miil.dev.almic.ee\\\/#organization\"},\"potentialAction\":[{\"@type\":\"SearchAction\",\"target\":{\"@type\":\"EntryPoint\",\"urlTemplate\":\"https:\\\/\\\/miil.dev.almic.ee\\\/?s={search_term_string}\"},\"query-input\":{\"@type\":\"PropertyValueSpecification\",\"valueRequired\":true,\"valueName\":\"search_term_string\"}}],\"inLanguage\":\"lv-LV\"},{\"@type\":\"Organization\",\"@id\":\"https:\\\/\\\/miil.dev.almic.ee\\\/#organization\",\"name\":\"Miil O\u00dc\",\"url\":\"https:\\\/\\\/miil.dev.almic.ee\\\/\",\"logo\":{\"@type\":\"ImageObject\",\"inLanguage\":\"lv-LV\",\"@id\":\"https:\\\/\\\/miil.dev.almic.ee\\\/#\\\/schema\\\/logo\\\/image\\\/\",\"url\":\"https:\\\/\\\/www.miil.ee\\\/wp-content\\\/uploads\\\/2022\\\/02\\\/Miil-logo.svg\",\"contentUrl\":\"https:\\\/\\\/www.miil.ee\\\/wp-content\\\/uploads\\\/2022\\\/02\\\/Miil-logo.svg\",\"width\":\"1024\",\"height\":\"1024\",\"caption\":\"Miil O\u00dc\"},\"image\":{\"@id\":\"https:\\\/\\\/miil.dev.almic.ee\\\/#\\\/schema\\\/logo\\\/image\\\/\"},\"sameAs\":[\"https:\\\/\\\/www.facebook.com\\\/konteinerveod\\\/\",\"https:\\\/\\\/www.instagram.com\\\/ou_miil\\\/\"]}]}<\/script>\n<meta property=\"product:price:amount\" content=\"12950.00\" \/>\n<meta property=\"product:price:currency\" content=\"EUR\" \/>\n<meta property=\"og:availability\" content=\"instock\" \/>\n<meta property=\"product:availability\" content=\"instock\" \/>\n<meta property=\"product:retailer_item_id\" content=\"MIIU1850\" \/>\n<meta property=\"product:condition\" content=\"new\" \/>\n<!-- \/ Yoast SEO Premium plugin. -->","yoast_head_json":{"title":"Konteineru pirts MIIU1001 - Miil O\u00dc","description":"Konteineru pirts | Juras konteiner transport | Juras konteiner jauns | Containex jauns | www.miil.lv | +372 57 50 3328 \u2b50\ufe0f\u2b50\ufe0f\u2b50\ufe0f\u2b50\ufe0f\u2b50\ufe0f","robots":{"index":"index","follow":"follow","max-snippet":"max-snippet:-1","max-image-preview":"max-image-preview:large","max-video-preview":"max-video-preview:-1"},"canonical":"https:\/\/miil.dev.almic.ee\/lv\/toode\/10dc-juras-konteiners-miiu1001\/","og_locale":"lv_LV","og_type":"article","og_title":"10DC Konteineru pirts MIIU1001","og_description":"Konteineru pirts | Juras konteiner transport | Juras konteiner jauns | Containex jauns | www.miil.lv | +372 57 50 3328 \u2b50\ufe0f\u2b50\ufe0f\u2b50\ufe0f\u2b50\ufe0f\u2b50\ufe0f","og_url":"https:\/\/miil.dev.almic.ee\/lv\/toode\/10dc-juras-konteiners-miiu1001\/","og_site_name":"Miil O\u00dc","article_publisher":"https:\/\/www.facebook.com\/konteinerveod\/","article_modified_time":"2024-11-06T14:09:18+00:00","og_image":[{"width":1200,"height":1600,"url":"https:\/\/miil.dev.almic.ee\/wp-content\/uploads\/2023\/05\/18.jpg","type":"image\/jpeg"}],"twitter_card":"summary_large_image","twitter_misc":{"Price":"12950,00&nbsp;&euro;","Availability":"In stock"},"schema":{"@context":"https:\/\/schema.org","@graph":[{"@type":"WebPage","@id":"https:\/\/miil.dev.almic.ee\/lv\/toode\/10dc-juras-konteiners-miiu1001\/","url":"https:\/\/miil.dev.almic.ee\/lv\/toode\/10dc-juras-konteiners-miiu1001\/","name":"Konteineru pirts MIIU1001 - Miil O\u00dc","isPartOf":{"@id":"https:\/\/miil.dev.almic.ee\/#website"},"primaryImageOfPage":{"@id":"https:\/\/miil.dev.almic.ee\/lv\/toode\/10dc-juras-konteiners-miiu1001\/#primaryimage"},"image":{"@id":"https:\/\/miil.dev.almic.ee\/lv\/toode\/10dc-juras-konteiners-miiu1001\/#primaryimage"},"thumbnailUrl":"https:\/\/miil.dev.almic.ee\/wp-content\/uploads\/2023\/05\/18.jpg","datePublished":"2023-05-03T18:57:16+00:00","dateModified":"2024-11-06T14:09:18+00:00","description":"Konteineru pirts | Juras konteiner transport | Juras konteiner jauns | Containex jauns | www.miil.lv | +372 57 50 3328 \u2b50\ufe0f\u2b50\ufe0f\u2b50\ufe0f\u2b50\ufe0f\u2b50\ufe0f","breadcrumb":{"@id":"https:\/\/miil.dev.almic.ee\/lv\/toode\/10dc-juras-konteiners-miiu1001\/#breadcrumb"},"inLanguage":"lv-LV","potentialAction":[{"@type":"ReadAction","target":["https:\/\/miil.dev.almic.ee\/lv\/toode\/10dc-juras-konteiners-miiu1001\/"]}]},{"@type":"ImageObject","inLanguage":"lv-LV","@id":"https:\/\/miil.dev.almic.ee\/lv\/toode\/10dc-juras-konteiners-miiu1001\/#primaryimage","url":"https:\/\/miil.dev.almic.ee\/wp-content\/uploads\/2023\/05\/18.jpg","contentUrl":"https:\/\/miil.dev.almic.ee\/wp-content\/uploads\/2023\/05\/18.jpg","width":1200,"height":1600,"caption":"Konteiner saun"},{"@type":"BreadcrumbList","@id":"https:\/\/miil.dev.almic.ee\/lv\/toode\/10dc-juras-konteiners-miiu1001\/#breadcrumb","itemListElement":[{"@type":"ListItem","position":1,"name":"Home","item":"https:\/\/miil.dev.almic.ee\/lv\/"},{"@type":"ListItem","position":2,"name":"Veikals","item":"https:\/\/miil.dev.almic.ee\/lv\/veikals\/"},{"@type":"ListItem","position":3,"name":"10DC Konteineru pirts MIIU1001"}]},{"@type":"WebSite","@id":"https:\/\/miil.dev.almic.ee\/#website","url":"https:\/\/miil.dev.almic.ee\/","name":"Miil O\u00dc","description":"Konteinerveod","publisher":{"@id":"https:\/\/miil.dev.almic.ee\/#organization"},"potentialAction":[{"@type":"SearchAction","target":{"@type":"EntryPoint","urlTemplate":"https:\/\/miil.dev.almic.ee\/?s={search_term_string}"},"query-input":{"@type":"PropertyValueSpecification","valueRequired":true,"valueName":"search_term_string"}}],"inLanguage":"lv-LV"},{"@type":"Organization","@id":"https:\/\/miil.dev.almic.ee\/#organization","name":"Miil O\u00dc","url":"https:\/\/miil.dev.almic.ee\/","logo":{"@type":"ImageObject","inLanguage":"lv-LV","@id":"https:\/\/miil.dev.almic.ee\/#\/schema\/logo\/image\/","url":"https:\/\/www.miil.ee\/wp-content\/uploads\/2022\/02\/Miil-logo.svg","contentUrl":"https:\/\/www.miil.ee\/wp-content\/uploads\/2022\/02\/Miil-logo.svg","width":"1024","height":"1024","caption":"Miil O\u00dc"},"image":{"@id":"https:\/\/miil.dev.almic.ee\/#\/schema\/logo\/image\/"},"sameAs":["https:\/\/www.facebook.com\/konteinerveod\/","https:\/\/www.instagram.com\/ou_miil\/"]}]},"product_price_amount":"12950.00","product_price_currency":"EUR","og_availability":"instock","product_availability":"instock","product_retailer_item_id":"MIIU1850","product_condition":"new"},"_links":{"self":[{"href":"https:\/\/miil.dev.almic.ee\/lv\/wp-json\/wp\/v2\/product\/33921","targetHints":{"allow":["GET"]}}],"collection":[{"href":"https:\/\/miil.dev.almic.ee\/lv\/wp-json\/wp\/v2\/product"}],"about":[{"href":"https:\/\/miil.dev.almic.ee\/lv\/wp-json\/wp\/v2\/types\/product"}],"replies":[{"embeddable":true,"href":"https:\/\/miil.dev.almic.ee\/lv\/wp-json\/wp\/v2\/comments?post=33921"}],"wp:featuredmedia":[{"embeddable":true,"href":"https:\/\/miil.dev.almic.ee\/lv\/wp-json\/wp\/v2\/media\/33926"}],"wp:attachment":[{"href":"https:\/\/miil.dev.almic.ee\/lv\/wp-json\/wp\/v2\/media?parent=33921"}],"wp:term":[{"taxonomy":"product_cat","embeddable":true,"href":"https:\/\/miil.dev.almic.ee\/lv\/wp-json\/wp\/v2\/product_cat?post=33921"},{"taxonomy":"product_tag","embeddable":true,"href":"https:\/\/miil.dev.almic.ee\/lv\/wp-json\/wp\/v2\/product_tag?post=33921"}],"curies":[{"name":"wp","href":"https:\/\/api.w.org\/{rel}","templated":true}]}}