{"id":33866,"date":"2023-05-03T21:52:23","date_gmt":"2023-05-03T18:52:23","guid":{"rendered":"https:\/\/www.miil.ee\/?post_type=product&#038;p=33866"},"modified":"2025-02-06T14:39:37","modified_gmt":"2025-02-06T12:39:37","slug":"20ref-carrier-refrizeratora-konteiners-miiu8614390","status":"publish","type":"product","link":"https:\/\/miil.dev.almic.ee\/lv\/toode\/20ref-carrier-refrizeratora-konteiners-miiu8614390\/","title":{"rendered":"20REF Carrier auksts konteiners MIIU8614390 (p\u0113c pas\u016bt\u012bjuma)"},"content":{"rendered":"<h1>Refri\u017eeratora konteiners MIIU8614390<\/h1>\n<p>Refri\u017eeratora konteiners MIIU8614390 ar rullo durv\u012bm ir piem\u0113rots prec\u0113m, kur\u0101m nav nepiecie\u0161ama dzi\u013ca sasald\u0113\u0161ana.<br \/>\n0 l\u012bdz +25c<\/p>\n<p>\u012aslaic\u012bgi var izmantot k\u0101 sald\u0113tavu, jo ledusskap\u012b tiek izmantota jaud\u012bga -25 l\u012bdz +25 ier\u012bce.<br \/>\nIlgsto\u0161i sasald\u0113jot, past\u0101v sasal\u0161anas risks uz rull\u012b\u0161u durvju slied\u0113m, un tas k\u013c\u016bst par sald\u0113tavas ierobe\u017eojumu.<br \/>\nIde\u0101li piem\u0113rots og\u0101m, dz\u0113rieniem vai cit\u0101m prec\u0113m, kur\u0101m nepiecie\u0161ama dzes\u0113\u0161ana. Lielas rull\u012b\u0161u durvis nodro\u0161ina \u0101tru un \u0113rtu piek\u013cuvi.<br \/>\nDurvis izol\u0113tas ar 60mm PU put\u0101m.<\/p>\n<p>Iesp\u0113ja uzst\u0101d\u012bt elektronisko atv\u0113r\u0161anu no t\u0101lvad\u012bbas pults.<br \/>\nLeduskonteiners ra\u017eots 2019. gad\u0101.<\/p>\n<h2>K\u0101 tiek apr\u0113\u0137in\u0101ta konteinera cena?<\/h2>\n<p>J\u016bras konteinera cena ir atkar\u012bga no daudz\u0101m liet\u0101m, ta\u010du p\u0101rdo\u0161anas cena parasti ir saist\u012bta ar konteinera st\u0101vokli.<br \/>\nCenu ietekm\u0113 ar\u012b konteinera ieg\u0101des izmaksas, konteinera pien\u0101k\u0161anas ce\u013c\u0161 uz termin\u0101li, konteinera atra\u0161an\u0101s vieta termin\u0101l\u012b un tas, vai konteineram nav beigu\u0161\u0101s papildu izmaksas, piem\u0113ram, starpt\u012br\u012b\u0161ana, iek\u0161\u0113j\u0101 t\u012br\u012b\u0161ana vai atjauno\u0161ana.<\/p>\n<p>Lai lab\u0101k apkalpotu m\u016bsu klientus, m\u016bsu tirdzniec\u012bbas punkti atrodas vis\u0101 Igaunij\u0101. Konteinera cena \u0101rpus galvaspils\u0113tas ir atkar\u012bga ar\u012b no t\u0101, k\u0101 tas transport\u0113ts starp termin\u0101liem.<\/p>\n<h2>Refri\u017eeratora konteiners MIIU8614390 \u2013 transport\u0113\u0161ana un pacel\u0161ana?<\/h2>\n<p>P\u0113c piem\u0113rota konteinera izv\u0113les varam veikt iepako\u0161anu un transport\u0113\u0161anu.<br \/>\nP\u0101rvad\u0101\u0161anai parasti izmantojam<span>\u00a0<\/span><a href=\"https:\/\/www.miil.ee\/lv\/pakalpojumi\/celtnis\/\">celtnis<\/a><span>\u00a0<\/span>vai<span>\u00a0<\/span><a href=\"https:\/\/www.miil.ee\/lv\/pakalpojumi\/sanu-iekraveji-sideloader\/\">s\u0101nu iekr\u0101v\u0113ju.<\/a><br \/>\nM\u0113s izmantojam<span>\u00a0<\/span><a href=\"https:\/\/www.miil.ee\/lv\/pakalpojumi\/ram-pasizgazejs\/\">RAM backloader<\/a>, lai aptvertu vissare\u017e\u0123\u012bt\u0101k\u0101s vietas.<\/p>\n<p>P\u0113c t\u0101 ieg\u0101des m\u0113s glab\u0101jam j\u016bsu konteineru m\u016bsu termin\u0101l\u012b bez maksas l\u012bdz se\u0161iem m\u0113ne\u0161iem.<\/p>\n<p>Vienm\u0113r iesp\u0113jams vienoties par ilg\u0101ku laiku.<br \/>\nPiem\u0113ram, ja vieta v\u0113l nav gatava vai pieejama konteinera pieg\u0101dei.<br \/>\nT\u0101d\u0101 gad\u012bjum\u0101 konteinera cena nemain\u012bsies un var\u0113siet b\u016bt dro\u0161s, ka izv\u0113l\u0113to konteineru sa\u0146emsiet norun\u0101taj\u0101 laik\u0101.<\/p>\n<ul>\n<li>Lab\u0101k\u0101s cenas garantija \u2013 m\u0113s vienm\u0113r pied\u0101v\u0101jam konteineram lab\u0101ko pied\u0101v\u0101jumu.<\/li>\n<\/ul>\n<p>Sekojiet mums<span>\u00a0<\/span><a href=\"https:\/\/www.facebook.com\/konteinerveod\/\">Facebook<\/a><span>\u00a0<\/span>vai<span>\u00a0<\/span><a href=\"https:\/\/www.instagram.com\/ou_miil\/\">Instagram.<\/a><\/p>\n<p>&nbsp;<\/p>\n","protected":false},"excerpt":{"rendered":"<p>Refri\u017eeratora konteiners MIIU8614390 Refri\u017eeratora konteiners MIIU8614390 ar rullo durv\u012bm ir piem\u0113rots prec\u0113m, kur\u0101m nav nepiecie\u0161ama dzi\u013ca sasald\u0113\u0161ana. 0 l\u012bdz +25c \u012aslaic\u012bgi var izmantot k\u0101 sald\u0113tavu, jo ledusskap\u012b tiek izmantota jaud\u012bga -25 l\u012bdz +25 ier\u012bce. Ilgsto\u0161i sasald\u0113jot, past\u0101v sasal\u0161anas risks uz rull\u012b\u0161u durvju slied\u0113m, un tas k\u013c\u016bst par sald\u0113tavas ierobe\u017eojumu. Ide\u0101li piem\u0113rots og\u0101m, dz\u0113rieniem vai cit\u0101m&#8230;<\/p>\n","protected":false},"featured_media":33916,"comment_status":"closed","ping_status":"closed","template":"","meta":{"_acf_changed":false},"product_cat":[356,472],"product_tag":[],"class_list":{"0":"post-33866","1":"product","2":"type-product","3":"status-publish","4":"has-post-thumbnail","6":"product_cat-jauni-konteineri","7":"product_cat-20-ref-ledusskapis","9":"first","10":"instock","11":"sale","12":"shipping-taxable","13":"purchasable","14":"product-type-simple"},"acf":[],"yoast_head":"<!-- This site is optimized with the Yoast SEO Premium plugin v23.9 (Yoast SEO v27.5) - https:\/\/yoast.com\/product\/yoast-seo-premium-wordpress\/ -->\n<title>Refri\u017eeratora konteiners MIIU8614390 - Miil O\u00dc<\/title>\n<meta name=\"description\" content=\"Refri\u017eerators | j\u016bras konteiners | uzglab\u0101\u0161anas konteiners | atdzes\u0113ts konteiners ar rull\u012b\u0161u durv\u012bm | refri\u017eeratoru konteineru p\u0101rdo\u0161ana\" \/>\n<meta name=\"robots\" content=\"index, follow, max-snippet:-1, max-image-preview:large, max-video-preview:-1\" \/>\n<link rel=\"canonical\" href=\"https:\/\/miil.dev.almic.ee\/lv\/toode\/20ref-carrier-refrizeratora-konteiners-miiu8614390\/\" \/>\n<meta property=\"og:locale\" content=\"lv_LV\" \/>\n<meta property=\"og:type\" content=\"article\" \/>\n<meta property=\"og:title\" content=\"20REF Carrier auksts konteiners MIIU8614390 (p\u0113c pas\u016bt\u012bjuma)\" \/>\n<meta property=\"og:description\" content=\"Refri\u017eerators | j\u016bras konteiners | uzglab\u0101\u0161anas konteiners | atdzes\u0113ts konteiners ar rull\u012b\u0161u durv\u012bm | refri\u017eeratoru konteineru p\u0101rdo\u0161ana\" \/>\n<meta property=\"og:url\" content=\"https:\/\/miil.dev.almic.ee\/lv\/toode\/20ref-carrier-refrizeratora-konteiners-miiu8614390\/\" \/>\n<meta property=\"og:site_name\" content=\"Miil O\u00dc\" \/>\n<meta property=\"article:publisher\" content=\"https:\/\/www.facebook.com\/konteinerveod\/\" \/>\n<meta property=\"article:modified_time\" content=\"2025-02-06T12:39:37+00:00\" \/>\n<meta property=\"og:image\" content=\"https:\/\/miil.dev.almic.ee\/wp-content\/uploads\/2023\/05\/Reefer-20HC-roller-door-kulmik-tostuksega.jpg\" \/>\n\t<meta property=\"og:image:width\" content=\"1600\" \/>\n\t<meta property=\"og:image:height\" content=\"1200\" \/>\n\t<meta property=\"og:image:type\" content=\"image\/jpeg\" \/>\n<meta name=\"twitter:card\" content=\"summary_large_image\" \/>\n<meta name=\"twitter:label1\" content=\"Price\" \/>\n\t<meta name=\"twitter:data1\" content=\"12900,00&nbsp;&euro;\" \/>\n\t<meta name=\"twitter:label2\" content=\"Availability\" \/>\n\t<meta name=\"twitter:data2\" content=\"In stock\" \/>\n<script type=\"application\/ld+json\" class=\"yoast-schema-graph\">{\"@context\":\"https:\\\/\\\/schema.org\",\"@graph\":[{\"@type\":\"WebPage\",\"@id\":\"https:\\\/\\\/miil.dev.almic.ee\\\/lv\\\/toode\\\/20ref-carrier-refrizeratora-konteiners-miiu8614390\\\/\",\"url\":\"https:\\\/\\\/miil.dev.almic.ee\\\/lv\\\/toode\\\/20ref-carrier-refrizeratora-konteiners-miiu8614390\\\/\",\"name\":\"Refri\u017eeratora konteiners MIIU8614390 - Miil O\u00dc\",\"isPartOf\":{\"@id\":\"https:\\\/\\\/miil.dev.almic.ee\\\/#website\"},\"primaryImageOfPage\":{\"@id\":\"https:\\\/\\\/miil.dev.almic.ee\\\/lv\\\/toode\\\/20ref-carrier-refrizeratora-konteiners-miiu8614390\\\/#primaryimage\"},\"image\":{\"@id\":\"https:\\\/\\\/miil.dev.almic.ee\\\/lv\\\/toode\\\/20ref-carrier-refrizeratora-konteiners-miiu8614390\\\/#primaryimage\"},\"thumbnailUrl\":\"https:\\\/\\\/miil.dev.almic.ee\\\/wp-content\\\/uploads\\\/2023\\\/05\\\/Reefer-20HC-roller-door-kulmik-tostuksega.jpg\",\"datePublished\":\"2023-05-03T18:52:23+00:00\",\"dateModified\":\"2025-02-06T12:39:37+00:00\",\"description\":\"Refri\u017eerators | j\u016bras konteiners | uzglab\u0101\u0161anas konteiners | atdzes\u0113ts konteiners ar rull\u012b\u0161u durv\u012bm | refri\u017eeratoru konteineru p\u0101rdo\u0161ana\",\"breadcrumb\":{\"@id\":\"https:\\\/\\\/miil.dev.almic.ee\\\/lv\\\/toode\\\/20ref-carrier-refrizeratora-konteiners-miiu8614390\\\/#breadcrumb\"},\"inLanguage\":\"lv-LV\",\"potentialAction\":[{\"@type\":\"ReadAction\",\"target\":[\"https:\\\/\\\/miil.dev.almic.ee\\\/lv\\\/toode\\\/20ref-carrier-refrizeratora-konteiners-miiu8614390\\\/\"]}]},{\"@type\":\"ImageObject\",\"inLanguage\":\"lv-LV\",\"@id\":\"https:\\\/\\\/miil.dev.almic.ee\\\/lv\\\/toode\\\/20ref-carrier-refrizeratora-konteiners-miiu8614390\\\/#primaryimage\",\"url\":\"https:\\\/\\\/miil.dev.almic.ee\\\/wp-content\\\/uploads\\\/2023\\\/05\\\/Reefer-20HC-roller-door-kulmik-tostuksega.jpg\",\"contentUrl\":\"https:\\\/\\\/miil.dev.almic.ee\\\/wp-content\\\/uploads\\\/2023\\\/05\\\/Reefer-20HC-roller-door-kulmik-tostuksega.jpg\",\"width\":1600,\"height\":1200,\"caption\":\"K\u00fclmik konteiner t\u00f5stuksega\"},{\"@type\":\"BreadcrumbList\",\"@id\":\"https:\\\/\\\/miil.dev.almic.ee\\\/lv\\\/toode\\\/20ref-carrier-refrizeratora-konteiners-miiu8614390\\\/#breadcrumb\",\"itemListElement\":[{\"@type\":\"ListItem\",\"position\":1,\"name\":\"Home\",\"item\":\"https:\\\/\\\/miil.dev.almic.ee\\\/lv\\\/\"},{\"@type\":\"ListItem\",\"position\":2,\"name\":\"Veikals\",\"item\":\"https:\\\/\\\/miil.dev.almic.ee\\\/lv\\\/veikals\\\/\"},{\"@type\":\"ListItem\",\"position\":3,\"name\":\"20REF Carrier auksts konteiners MIIU8614390 (p\u0113c pas\u016bt\u012bjuma)\"}]},{\"@type\":\"WebSite\",\"@id\":\"https:\\\/\\\/miil.dev.almic.ee\\\/#website\",\"url\":\"https:\\\/\\\/miil.dev.almic.ee\\\/\",\"name\":\"Miil O\u00dc\",\"description\":\"Konteinerveod\",\"publisher\":{\"@id\":\"https:\\\/\\\/miil.dev.almic.ee\\\/#organization\"},\"potentialAction\":[{\"@type\":\"SearchAction\",\"target\":{\"@type\":\"EntryPoint\",\"urlTemplate\":\"https:\\\/\\\/miil.dev.almic.ee\\\/?s={search_term_string}\"},\"query-input\":{\"@type\":\"PropertyValueSpecification\",\"valueRequired\":true,\"valueName\":\"search_term_string\"}}],\"inLanguage\":\"lv-LV\"},{\"@type\":\"Organization\",\"@id\":\"https:\\\/\\\/miil.dev.almic.ee\\\/#organization\",\"name\":\"Miil O\u00dc\",\"url\":\"https:\\\/\\\/miil.dev.almic.ee\\\/\",\"logo\":{\"@type\":\"ImageObject\",\"inLanguage\":\"lv-LV\",\"@id\":\"https:\\\/\\\/miil.dev.almic.ee\\\/#\\\/schema\\\/logo\\\/image\\\/\",\"url\":\"https:\\\/\\\/www.miil.ee\\\/wp-content\\\/uploads\\\/2022\\\/02\\\/Miil-logo.svg\",\"contentUrl\":\"https:\\\/\\\/www.miil.ee\\\/wp-content\\\/uploads\\\/2022\\\/02\\\/Miil-logo.svg\",\"width\":\"1024\",\"height\":\"1024\",\"caption\":\"Miil O\u00dc\"},\"image\":{\"@id\":\"https:\\\/\\\/miil.dev.almic.ee\\\/#\\\/schema\\\/logo\\\/image\\\/\"},\"sameAs\":[\"https:\\\/\\\/www.facebook.com\\\/konteinerveod\\\/\",\"https:\\\/\\\/www.instagram.com\\\/ou_miil\\\/\"]}]}<\/script>\n<meta property=\"product:price:amount\" content=\"12900.00\" \/>\n<meta property=\"product:price:currency\" content=\"EUR\" \/>\n<meta property=\"og:availability\" content=\"instock\" \/>\n<meta property=\"product:availability\" content=\"instock\" \/>\n<meta property=\"product:retailer_item_id\" content=\"MIIU8614390\" \/>\n<meta property=\"product:condition\" content=\"new\" \/>\n<!-- \/ Yoast SEO Premium plugin. -->","yoast_head_json":{"title":"Refri\u017eeratora konteiners MIIU8614390 - Miil O\u00dc","description":"Refri\u017eerators | j\u016bras konteiners | uzglab\u0101\u0161anas konteiners | atdzes\u0113ts konteiners ar rull\u012b\u0161u durv\u012bm | refri\u017eeratoru konteineru p\u0101rdo\u0161ana","robots":{"index":"index","follow":"follow","max-snippet":"max-snippet:-1","max-image-preview":"max-image-preview:large","max-video-preview":"max-video-preview:-1"},"canonical":"https:\/\/miil.dev.almic.ee\/lv\/toode\/20ref-carrier-refrizeratora-konteiners-miiu8614390\/","og_locale":"lv_LV","og_type":"article","og_title":"20REF Carrier auksts konteiners MIIU8614390 (p\u0113c pas\u016bt\u012bjuma)","og_description":"Refri\u017eerators | j\u016bras konteiners | uzglab\u0101\u0161anas konteiners | atdzes\u0113ts konteiners ar rull\u012b\u0161u durv\u012bm | refri\u017eeratoru konteineru p\u0101rdo\u0161ana","og_url":"https:\/\/miil.dev.almic.ee\/lv\/toode\/20ref-carrier-refrizeratora-konteiners-miiu8614390\/","og_site_name":"Miil O\u00dc","article_publisher":"https:\/\/www.facebook.com\/konteinerveod\/","article_modified_time":"2025-02-06T12:39:37+00:00","og_image":[{"width":1600,"height":1200,"url":"https:\/\/miil.dev.almic.ee\/wp-content\/uploads\/2023\/05\/Reefer-20HC-roller-door-kulmik-tostuksega.jpg","type":"image\/jpeg"}],"twitter_card":"summary_large_image","twitter_misc":{"Price":"12900,00&nbsp;&euro;","Availability":"In stock"},"schema":{"@context":"https:\/\/schema.org","@graph":[{"@type":"WebPage","@id":"https:\/\/miil.dev.almic.ee\/lv\/toode\/20ref-carrier-refrizeratora-konteiners-miiu8614390\/","url":"https:\/\/miil.dev.almic.ee\/lv\/toode\/20ref-carrier-refrizeratora-konteiners-miiu8614390\/","name":"Refri\u017eeratora konteiners MIIU8614390 - Miil O\u00dc","isPartOf":{"@id":"https:\/\/miil.dev.almic.ee\/#website"},"primaryImageOfPage":{"@id":"https:\/\/miil.dev.almic.ee\/lv\/toode\/20ref-carrier-refrizeratora-konteiners-miiu8614390\/#primaryimage"},"image":{"@id":"https:\/\/miil.dev.almic.ee\/lv\/toode\/20ref-carrier-refrizeratora-konteiners-miiu8614390\/#primaryimage"},"thumbnailUrl":"https:\/\/miil.dev.almic.ee\/wp-content\/uploads\/2023\/05\/Reefer-20HC-roller-door-kulmik-tostuksega.jpg","datePublished":"2023-05-03T18:52:23+00:00","dateModified":"2025-02-06T12:39:37+00:00","description":"Refri\u017eerators | j\u016bras konteiners | uzglab\u0101\u0161anas konteiners | atdzes\u0113ts konteiners ar rull\u012b\u0161u durv\u012bm | refri\u017eeratoru konteineru p\u0101rdo\u0161ana","breadcrumb":{"@id":"https:\/\/miil.dev.almic.ee\/lv\/toode\/20ref-carrier-refrizeratora-konteiners-miiu8614390\/#breadcrumb"},"inLanguage":"lv-LV","potentialAction":[{"@type":"ReadAction","target":["https:\/\/miil.dev.almic.ee\/lv\/toode\/20ref-carrier-refrizeratora-konteiners-miiu8614390\/"]}]},{"@type":"ImageObject","inLanguage":"lv-LV","@id":"https:\/\/miil.dev.almic.ee\/lv\/toode\/20ref-carrier-refrizeratora-konteiners-miiu8614390\/#primaryimage","url":"https:\/\/miil.dev.almic.ee\/wp-content\/uploads\/2023\/05\/Reefer-20HC-roller-door-kulmik-tostuksega.jpg","contentUrl":"https:\/\/miil.dev.almic.ee\/wp-content\/uploads\/2023\/05\/Reefer-20HC-roller-door-kulmik-tostuksega.jpg","width":1600,"height":1200,"caption":"K\u00fclmik konteiner t\u00f5stuksega"},{"@type":"BreadcrumbList","@id":"https:\/\/miil.dev.almic.ee\/lv\/toode\/20ref-carrier-refrizeratora-konteiners-miiu8614390\/#breadcrumb","itemListElement":[{"@type":"ListItem","position":1,"name":"Home","item":"https:\/\/miil.dev.almic.ee\/lv\/"},{"@type":"ListItem","position":2,"name":"Veikals","item":"https:\/\/miil.dev.almic.ee\/lv\/veikals\/"},{"@type":"ListItem","position":3,"name":"20REF Carrier auksts konteiners MIIU8614390 (p\u0113c pas\u016bt\u012bjuma)"}]},{"@type":"WebSite","@id":"https:\/\/miil.dev.almic.ee\/#website","url":"https:\/\/miil.dev.almic.ee\/","name":"Miil O\u00dc","description":"Konteinerveod","publisher":{"@id":"https:\/\/miil.dev.almic.ee\/#organization"},"potentialAction":[{"@type":"SearchAction","target":{"@type":"EntryPoint","urlTemplate":"https:\/\/miil.dev.almic.ee\/?s={search_term_string}"},"query-input":{"@type":"PropertyValueSpecification","valueRequired":true,"valueName":"search_term_string"}}],"inLanguage":"lv-LV"},{"@type":"Organization","@id":"https:\/\/miil.dev.almic.ee\/#organization","name":"Miil O\u00dc","url":"https:\/\/miil.dev.almic.ee\/","logo":{"@type":"ImageObject","inLanguage":"lv-LV","@id":"https:\/\/miil.dev.almic.ee\/#\/schema\/logo\/image\/","url":"https:\/\/www.miil.ee\/wp-content\/uploads\/2022\/02\/Miil-logo.svg","contentUrl":"https:\/\/www.miil.ee\/wp-content\/uploads\/2022\/02\/Miil-logo.svg","width":"1024","height":"1024","caption":"Miil O\u00dc"},"image":{"@id":"https:\/\/miil.dev.almic.ee\/#\/schema\/logo\/image\/"},"sameAs":["https:\/\/www.facebook.com\/konteinerveod\/","https:\/\/www.instagram.com\/ou_miil\/"]}]},"product_price_amount":"12900.00","product_price_currency":"EUR","og_availability":"instock","product_availability":"instock","product_retailer_item_id":"MIIU8614390","product_condition":"new"},"_links":{"self":[{"href":"https:\/\/miil.dev.almic.ee\/lv\/wp-json\/wp\/v2\/product\/33866","targetHints":{"allow":["GET"]}}],"collection":[{"href":"https:\/\/miil.dev.almic.ee\/lv\/wp-json\/wp\/v2\/product"}],"about":[{"href":"https:\/\/miil.dev.almic.ee\/lv\/wp-json\/wp\/v2\/types\/product"}],"replies":[{"embeddable":true,"href":"https:\/\/miil.dev.almic.ee\/lv\/wp-json\/wp\/v2\/comments?post=33866"}],"wp:featuredmedia":[{"embeddable":true,"href":"https:\/\/miil.dev.almic.ee\/lv\/wp-json\/wp\/v2\/media\/33916"}],"wp:attachment":[{"href":"https:\/\/miil.dev.almic.ee\/lv\/wp-json\/wp\/v2\/media?parent=33866"}],"wp:term":[{"taxonomy":"product_cat","embeddable":true,"href":"https:\/\/miil.dev.almic.ee\/lv\/wp-json\/wp\/v2\/product_cat?post=33866"},{"taxonomy":"product_tag","embeddable":true,"href":"https:\/\/miil.dev.almic.ee\/lv\/wp-json\/wp\/v2\/product_tag?post=33866"}],"curies":[{"name":"wp","href":"https:\/\/api.w.org\/{rel}","templated":true}]}}