{"id":31241,"date":"2023-04-05T18:28:55","date_gmt":"2023-04-05T15:28:56","guid":{"rendered":"https:\/\/www.miil.ee\/?post_type=product&#038;p=31241"},"modified":"2025-02-06T14:56:39","modified_gmt":"2025-02-06T12:56:39","slug":"20dc-refrizeratoru-konteineri-miiu6639384","status":"publish","type":"product","link":"https:\/\/miil.dev.almic.ee\/lv\/toode\/20dc-refrizeratoru-konteineri-miiu6639384\/","title":{"rendered":"20DC Refri\u017eeratoru konteineri MIIU6639384"},"content":{"rendered":"<h1>Refri\u017eeratoru konteineri \u2013 liela izv\u0113le ar lielisk\u0101m cen\u0101m<\/h1>\n<p>Refri\u017eeratoru konteineri MIIU6639384<\/p>\n<p>M\u016bsu noliktav\u0101 ir liela 20HC un 40HC refri\u017eeratoru konteineru izv\u0113le.<br \/>\nJauns refri\u017eerators ar iek\u0101rtu, bez durv\u012bm 9900.- +pvn.<br \/>\nJauns ledusskapja motors 7900.- +pvn(komplekt\u0101, ar r\u0101mi).<br \/>\nIzgatavojam J\u016bsu vajadz\u012bb\u0101m atbilsto\u0161u risin\u0101jumu, ir pieejamas da\u017e\u0101das sald\u0113tavu durvis, pac\u0113l\u0101ji un izol\u0101cijas iesp\u0113jas.<\/p>\n<h2>Refri\u017eeratoru konteineri MIIU6639384 &#8211; Ledusskapju konteineru noma<\/h2>\n<p>Iznom\u0101jam da\u017e\u0101du izm\u0113ru j\u016bras konteineru ledusskapjus.<br \/>\nLedusskapji ar sald\u0113tavas durv\u012bm, ledusskapji ar parast\u0101m durv\u012bm, refri\u017eeratorkonteineri un daudz kas cits ir noliktav\u0101 uzreiz.<br \/>\nPieejami 10 p\u0113du, 20 p\u0113du, 40 p\u0113du konteineri ar da\u017e\u0101du apr\u012bkojumu.<\/p>\n<h2>Transport\u0113\u0161ana un pacel\u0161ana?<\/h2>\n<p>P\u0113c piem\u0113rota konteinera izv\u0113les varam veikt iepako\u0161anu un transport\u0113\u0161anu.<br \/>\nP\u0101rvad\u0101\u0161anai parasti izmantojam<span>\u00a0<\/span><a href=\"https:\/\/www.miil.ee\/lv\/pakalpojumi\/celtnis\/\">celtnis<\/a><span>\u00a0<\/span>vai<span>\u00a0<\/span><a href=\"https:\/\/www.miil.ee\/lv\/pakalpojumi\/sanu-iekraveji-sideloader\/\">s\u0101nu iekr\u0101v\u0113ju.<\/a><br \/>\nM\u0113s izmantojam<span>\u00a0<\/span><a href=\"https:\/\/www.miil.ee\/lv\/pakalpojumi\/ram-pasizgazejs\/\">RAM backloader<\/a>, lai aptvertu vissare\u017e\u0123\u012bt\u0101k\u0101s vietas.<\/p>\n<p>P\u0113c t\u0101 ieg\u0101des m\u0113s glab\u0101jam j\u016bsu konteineru m\u016bsu termin\u0101l\u012b bez maksas l\u012bdz se\u0161iem m\u0113ne\u0161iem.<\/p>\n<p>Vienm\u0113r iesp\u0113jams vienoties par ilg\u0101ku laiku.<br \/>\nPiem\u0113ram, ja vieta v\u0113l nav gatava vai pieejama konteinera pieg\u0101dei.<br \/>\nT\u0101d\u0101 gad\u012bjum\u0101 konteinera cena nemain\u012bsies un var\u0113siet b\u016bt dro\u0161s, ka izv\u0113l\u0113to konteineru sa\u0146emsiet norun\u0101taj\u0101 laik\u0101.<\/p>\n<h2>M\u016bsu tehnolo\u0123ijas ir modernas, un m\u016bsu vad\u012bt\u0101ji ir augsti apm\u0101c\u012bti.<\/h2>\n<ul>\n<li>J\u016bras konteineru tirdzniec\u012bba<\/li>\n<li>J\u016bras konteineru noma<\/li>\n<li>J\u016bras konteineru atg\u016b\u0161ana<\/li>\n<li>J\u016bras konteineru remonts<\/li>\n<li>J\u016bras konteineru uzglab\u0101\u0161ana<\/li>\n<li>Apkures bateriju tirdzniec\u012bba<\/li>\n<li>Sild\u012bt\u0101ju noma<\/li>\n<li>Mini m\u0101ju p\u0101rdo\u0161ana<\/li>\n<li>Iz\u012br\u0113 mini m\u0101jas<\/li>\n<li>Transports<\/li>\n<li>Depo serviss<\/li>\n<\/ul>\n<p>Lab\u0101k\u0101s cenas garantija \u2013 m\u0113s vienm\u0113r pied\u0101v\u0101jam konteineram lab\u0101ko pied\u0101v\u0101jumu.<\/p>\n<p>Sekojiet mums\u00a0<a href=\"https:\/\/www.facebook.com\/konteinerveod\/\">Facebook<\/a>\u00a0vai\u00a0<a href=\"https:\/\/www.instagram.com\/ou_miil\/\">Instagram.<\/a><\/p>\n","protected":false},"excerpt":{"rendered":"<p>Refri\u017eeratoru konteineri \u2013 liela izv\u0113le ar lielisk\u0101m cen\u0101m Refri\u017eeratoru konteineri MIIU6639384 M\u016bsu noliktav\u0101 ir liela 20HC un 40HC refri\u017eeratoru konteineru izv\u0113le. Jauns refri\u017eerators ar iek\u0101rtu, bez durv\u012bm 9900.- +pvn. Jauns ledusskapja motors 7900.- +pvn(komplekt\u0101, ar r\u0101mi). Izgatavojam J\u016bsu vajadz\u012bb\u0101m atbilsto\u0161u risin\u0101jumu, ir pieejamas da\u017e\u0101das sald\u0113tavu durvis, pac\u0113l\u0101ji un izol\u0101cijas iesp\u0113jas. Refri\u017eeratoru konteineri MIIU6639384 &#8211; Ledusskapju&#8230;<\/p>\n","protected":false},"featured_media":31236,"comment_status":"closed","ping_status":"closed","template":"","meta":{"_acf_changed":false},"product_cat":[332,364,1048],"product_tag":[906],"class_list":{"0":"post-31241","1":"product","2":"type-product","3":"status-publish","4":"has-post-thumbnail","6":"product_cat-lietoti-konteineri","7":"product_cat-20-6-metri","8":"product_cat-20ref-refrizeratora-konteiners","9":"product_tag-v-lv","11":"first","12":"instock","13":"sale","14":"shipping-taxable","15":"purchasable","16":"product-type-simple"},"acf":[],"yoast_head":"<!-- This site is optimized with the Yoast SEO Premium plugin v23.9 (Yoast SEO v27.5) - https:\/\/yoast.com\/product\/yoast-seo-premium-wordpress\/ -->\n<title>20DC Refri\u017eeratoru konteineri MIIU6639384 - Miil O\u00dc<\/title>\n<meta name=\"description\" content=\"Refri\u017eeratoru konteineri MIIU6639384 | sald\u0113tavas konteiners | j\u016bras konteiners | uzglab\u0101\u0161anas konteiners | atdzes\u0113ts konteiners | P\u0101rdodu j\u016bras konteinerus\" \/>\n<meta name=\"robots\" content=\"index, follow, max-snippet:-1, max-image-preview:large, max-video-preview:-1\" \/>\n<link rel=\"canonical\" href=\"https:\/\/miil.dev.almic.ee\/lv\/toode\/20dc-refrizeratoru-konteineri-miiu6639384\/\" \/>\n<meta property=\"og:locale\" content=\"lv_LV\" \/>\n<meta property=\"og:type\" content=\"article\" \/>\n<meta property=\"og:title\" content=\"20DC Refri\u017eeratoru konteineri MIIU6639384\" \/>\n<meta property=\"og:description\" content=\"Refri\u017eeratoru konteineri MIIU6639384 | sald\u0113tavas konteiners | j\u016bras konteiners | uzglab\u0101\u0161anas konteiners | atdzes\u0113ts konteiners | P\u0101rdodu j\u016bras konteinerus\" \/>\n<meta property=\"og:url\" content=\"https:\/\/miil.dev.almic.ee\/lv\/toode\/20dc-refrizeratoru-konteineri-miiu6639384\/\" \/>\n<meta property=\"og:site_name\" content=\"Miil O\u00dc\" \/>\n<meta property=\"article:publisher\" content=\"https:\/\/www.facebook.com\/konteinerveod\/\" \/>\n<meta property=\"article:modified_time\" content=\"2025-02-06T12:56:39+00:00\" \/>\n<meta property=\"og:image\" content=\"https:\/\/miil.dev.almic.ee\/wp-content\/uploads\/2023\/04\/Reefer-container-sale-scaled.jpg\" \/>\n\t<meta property=\"og:image:width\" content=\"1900\" \/>\n\t<meta property=\"og:image:height\" content=\"1425\" \/>\n\t<meta property=\"og:image:type\" content=\"image\/jpeg\" \/>\n<meta name=\"twitter:card\" content=\"summary_large_image\" \/>\n<meta name=\"twitter:label1\" content=\"Price\" \/>\n\t<meta name=\"twitter:data1\" content=\"10490,00&nbsp;&euro;\" \/>\n\t<meta name=\"twitter:label2\" content=\"Availability\" \/>\n\t<meta name=\"twitter:data2\" content=\"In stock\" \/>\n<script type=\"application\/ld+json\" class=\"yoast-schema-graph\">{\"@context\":\"https:\\\/\\\/schema.org\",\"@graph\":[{\"@type\":\"WebPage\",\"@id\":\"https:\\\/\\\/miil.dev.almic.ee\\\/lv\\\/toode\\\/20dc-refrizeratoru-konteineri-miiu6639384\\\/\",\"url\":\"https:\\\/\\\/miil.dev.almic.ee\\\/lv\\\/toode\\\/20dc-refrizeratoru-konteineri-miiu6639384\\\/\",\"name\":\"20DC Refri\u017eeratoru konteineri MIIU6639384 - Miil O\u00dc\",\"isPartOf\":{\"@id\":\"https:\\\/\\\/miil.dev.almic.ee\\\/#website\"},\"primaryImageOfPage\":{\"@id\":\"https:\\\/\\\/miil.dev.almic.ee\\\/lv\\\/toode\\\/20dc-refrizeratoru-konteineri-miiu6639384\\\/#primaryimage\"},\"image\":{\"@id\":\"https:\\\/\\\/miil.dev.almic.ee\\\/lv\\\/toode\\\/20dc-refrizeratoru-konteineri-miiu6639384\\\/#primaryimage\"},\"thumbnailUrl\":\"https:\\\/\\\/miil.dev.almic.ee\\\/wp-content\\\/uploads\\\/2023\\\/04\\\/Reefer-container-sale-scaled.jpg\",\"datePublished\":\"2023-04-05T15:28:56+00:00\",\"dateModified\":\"2025-02-06T12:56:39+00:00\",\"description\":\"Refri\u017eeratoru konteineri MIIU6639384 | sald\u0113tavas konteiners | j\u016bras konteiners | uzglab\u0101\u0161anas konteiners | atdzes\u0113ts konteiners | P\u0101rdodu j\u016bras konteinerus\",\"breadcrumb\":{\"@id\":\"https:\\\/\\\/miil.dev.almic.ee\\\/lv\\\/toode\\\/20dc-refrizeratoru-konteineri-miiu6639384\\\/#breadcrumb\"},\"inLanguage\":\"lv-LV\",\"potentialAction\":[{\"@type\":\"ReadAction\",\"target\":[\"https:\\\/\\\/miil.dev.almic.ee\\\/lv\\\/toode\\\/20dc-refrizeratoru-konteineri-miiu6639384\\\/\"]}]},{\"@type\":\"ImageObject\",\"inLanguage\":\"lv-LV\",\"@id\":\"https:\\\/\\\/miil.dev.almic.ee\\\/lv\\\/toode\\\/20dc-refrizeratoru-konteineri-miiu6639384\\\/#primaryimage\",\"url\":\"https:\\\/\\\/miil.dev.almic.ee\\\/wp-content\\\/uploads\\\/2023\\\/04\\\/Reefer-container-sale-scaled.jpg\",\"contentUrl\":\"https:\\\/\\\/miil.dev.almic.ee\\\/wp-content\\\/uploads\\\/2023\\\/04\\\/Reefer-container-sale-scaled.jpg\",\"width\":1900,\"height\":1425},{\"@type\":\"BreadcrumbList\",\"@id\":\"https:\\\/\\\/miil.dev.almic.ee\\\/lv\\\/toode\\\/20dc-refrizeratoru-konteineri-miiu6639384\\\/#breadcrumb\",\"itemListElement\":[{\"@type\":\"ListItem\",\"position\":1,\"name\":\"Home\",\"item\":\"https:\\\/\\\/miil.dev.almic.ee\\\/lv\\\/\"},{\"@type\":\"ListItem\",\"position\":2,\"name\":\"Veikals\",\"item\":\"https:\\\/\\\/miil.dev.almic.ee\\\/lv\\\/veikals\\\/\"},{\"@type\":\"ListItem\",\"position\":3,\"name\":\"20DC Refri\u017eeratoru konteineri MIIU6639384\"}]},{\"@type\":\"WebSite\",\"@id\":\"https:\\\/\\\/miil.dev.almic.ee\\\/#website\",\"url\":\"https:\\\/\\\/miil.dev.almic.ee\\\/\",\"name\":\"Miil O\u00dc\",\"description\":\"Konteinerveod\",\"publisher\":{\"@id\":\"https:\\\/\\\/miil.dev.almic.ee\\\/#organization\"},\"potentialAction\":[{\"@type\":\"SearchAction\",\"target\":{\"@type\":\"EntryPoint\",\"urlTemplate\":\"https:\\\/\\\/miil.dev.almic.ee\\\/?s={search_term_string}\"},\"query-input\":{\"@type\":\"PropertyValueSpecification\",\"valueRequired\":true,\"valueName\":\"search_term_string\"}}],\"inLanguage\":\"lv-LV\"},{\"@type\":\"Organization\",\"@id\":\"https:\\\/\\\/miil.dev.almic.ee\\\/#organization\",\"name\":\"Miil O\u00dc\",\"url\":\"https:\\\/\\\/miil.dev.almic.ee\\\/\",\"logo\":{\"@type\":\"ImageObject\",\"inLanguage\":\"lv-LV\",\"@id\":\"https:\\\/\\\/miil.dev.almic.ee\\\/#\\\/schema\\\/logo\\\/image\\\/\",\"url\":\"https:\\\/\\\/www.miil.ee\\\/wp-content\\\/uploads\\\/2022\\\/02\\\/Miil-logo.svg\",\"contentUrl\":\"https:\\\/\\\/www.miil.ee\\\/wp-content\\\/uploads\\\/2022\\\/02\\\/Miil-logo.svg\",\"width\":\"1024\",\"height\":\"1024\",\"caption\":\"Miil O\u00dc\"},\"image\":{\"@id\":\"https:\\\/\\\/miil.dev.almic.ee\\\/#\\\/schema\\\/logo\\\/image\\\/\"},\"sameAs\":[\"https:\\\/\\\/www.facebook.com\\\/konteinerveod\\\/\",\"https:\\\/\\\/www.instagram.com\\\/ou_miil\\\/\"]}]}<\/script>\n<meta property=\"product:price:amount\" content=\"10490.00\" \/>\n<meta property=\"product:price:currency\" content=\"EUR\" \/>\n<meta property=\"og:availability\" content=\"instock\" \/>\n<meta property=\"product:availability\" content=\"instock\" \/>\n<meta property=\"product:retailer_item_id\" content=\"MIIU6639384\" \/>\n<meta property=\"product:condition\" content=\"new\" \/>\n<!-- \/ Yoast SEO Premium plugin. -->","yoast_head_json":{"title":"20DC Refri\u017eeratoru konteineri MIIU6639384 - Miil O\u00dc","description":"Refri\u017eeratoru konteineri MIIU6639384 | sald\u0113tavas konteiners | j\u016bras konteiners | uzglab\u0101\u0161anas konteiners | atdzes\u0113ts konteiners | P\u0101rdodu j\u016bras konteinerus","robots":{"index":"index","follow":"follow","max-snippet":"max-snippet:-1","max-image-preview":"max-image-preview:large","max-video-preview":"max-video-preview:-1"},"canonical":"https:\/\/miil.dev.almic.ee\/lv\/toode\/20dc-refrizeratoru-konteineri-miiu6639384\/","og_locale":"lv_LV","og_type":"article","og_title":"20DC Refri\u017eeratoru konteineri MIIU6639384","og_description":"Refri\u017eeratoru konteineri MIIU6639384 | sald\u0113tavas konteiners | j\u016bras konteiners | uzglab\u0101\u0161anas konteiners | atdzes\u0113ts konteiners | P\u0101rdodu j\u016bras konteinerus","og_url":"https:\/\/miil.dev.almic.ee\/lv\/toode\/20dc-refrizeratoru-konteineri-miiu6639384\/","og_site_name":"Miil O\u00dc","article_publisher":"https:\/\/www.facebook.com\/konteinerveod\/","article_modified_time":"2025-02-06T12:56:39+00:00","og_image":[{"width":1900,"height":1425,"url":"https:\/\/miil.dev.almic.ee\/wp-content\/uploads\/2023\/04\/Reefer-container-sale-scaled.jpg","type":"image\/jpeg"}],"twitter_card":"summary_large_image","twitter_misc":{"Price":"10490,00&nbsp;&euro;","Availability":"In stock"},"schema":{"@context":"https:\/\/schema.org","@graph":[{"@type":"WebPage","@id":"https:\/\/miil.dev.almic.ee\/lv\/toode\/20dc-refrizeratoru-konteineri-miiu6639384\/","url":"https:\/\/miil.dev.almic.ee\/lv\/toode\/20dc-refrizeratoru-konteineri-miiu6639384\/","name":"20DC Refri\u017eeratoru konteineri MIIU6639384 - Miil O\u00dc","isPartOf":{"@id":"https:\/\/miil.dev.almic.ee\/#website"},"primaryImageOfPage":{"@id":"https:\/\/miil.dev.almic.ee\/lv\/toode\/20dc-refrizeratoru-konteineri-miiu6639384\/#primaryimage"},"image":{"@id":"https:\/\/miil.dev.almic.ee\/lv\/toode\/20dc-refrizeratoru-konteineri-miiu6639384\/#primaryimage"},"thumbnailUrl":"https:\/\/miil.dev.almic.ee\/wp-content\/uploads\/2023\/04\/Reefer-container-sale-scaled.jpg","datePublished":"2023-04-05T15:28:56+00:00","dateModified":"2025-02-06T12:56:39+00:00","description":"Refri\u017eeratoru konteineri MIIU6639384 | sald\u0113tavas konteiners | j\u016bras konteiners | uzglab\u0101\u0161anas konteiners | atdzes\u0113ts konteiners | P\u0101rdodu j\u016bras konteinerus","breadcrumb":{"@id":"https:\/\/miil.dev.almic.ee\/lv\/toode\/20dc-refrizeratoru-konteineri-miiu6639384\/#breadcrumb"},"inLanguage":"lv-LV","potentialAction":[{"@type":"ReadAction","target":["https:\/\/miil.dev.almic.ee\/lv\/toode\/20dc-refrizeratoru-konteineri-miiu6639384\/"]}]},{"@type":"ImageObject","inLanguage":"lv-LV","@id":"https:\/\/miil.dev.almic.ee\/lv\/toode\/20dc-refrizeratoru-konteineri-miiu6639384\/#primaryimage","url":"https:\/\/miil.dev.almic.ee\/wp-content\/uploads\/2023\/04\/Reefer-container-sale-scaled.jpg","contentUrl":"https:\/\/miil.dev.almic.ee\/wp-content\/uploads\/2023\/04\/Reefer-container-sale-scaled.jpg","width":1900,"height":1425},{"@type":"BreadcrumbList","@id":"https:\/\/miil.dev.almic.ee\/lv\/toode\/20dc-refrizeratoru-konteineri-miiu6639384\/#breadcrumb","itemListElement":[{"@type":"ListItem","position":1,"name":"Home","item":"https:\/\/miil.dev.almic.ee\/lv\/"},{"@type":"ListItem","position":2,"name":"Veikals","item":"https:\/\/miil.dev.almic.ee\/lv\/veikals\/"},{"@type":"ListItem","position":3,"name":"20DC Refri\u017eeratoru konteineri MIIU6639384"}]},{"@type":"WebSite","@id":"https:\/\/miil.dev.almic.ee\/#website","url":"https:\/\/miil.dev.almic.ee\/","name":"Miil O\u00dc","description":"Konteinerveod","publisher":{"@id":"https:\/\/miil.dev.almic.ee\/#organization"},"potentialAction":[{"@type":"SearchAction","target":{"@type":"EntryPoint","urlTemplate":"https:\/\/miil.dev.almic.ee\/?s={search_term_string}"},"query-input":{"@type":"PropertyValueSpecification","valueRequired":true,"valueName":"search_term_string"}}],"inLanguage":"lv-LV"},{"@type":"Organization","@id":"https:\/\/miil.dev.almic.ee\/#organization","name":"Miil O\u00dc","url":"https:\/\/miil.dev.almic.ee\/","logo":{"@type":"ImageObject","inLanguage":"lv-LV","@id":"https:\/\/miil.dev.almic.ee\/#\/schema\/logo\/image\/","url":"https:\/\/www.miil.ee\/wp-content\/uploads\/2022\/02\/Miil-logo.svg","contentUrl":"https:\/\/www.miil.ee\/wp-content\/uploads\/2022\/02\/Miil-logo.svg","width":"1024","height":"1024","caption":"Miil O\u00dc"},"image":{"@id":"https:\/\/miil.dev.almic.ee\/#\/schema\/logo\/image\/"},"sameAs":["https:\/\/www.facebook.com\/konteinerveod\/","https:\/\/www.instagram.com\/ou_miil\/"]}]},"product_price_amount":"10490.00","product_price_currency":"EUR","og_availability":"instock","product_availability":"instock","product_retailer_item_id":"MIIU6639384","product_condition":"new"},"_links":{"self":[{"href":"https:\/\/miil.dev.almic.ee\/lv\/wp-json\/wp\/v2\/product\/31241","targetHints":{"allow":["GET"]}}],"collection":[{"href":"https:\/\/miil.dev.almic.ee\/lv\/wp-json\/wp\/v2\/product"}],"about":[{"href":"https:\/\/miil.dev.almic.ee\/lv\/wp-json\/wp\/v2\/types\/product"}],"replies":[{"embeddable":true,"href":"https:\/\/miil.dev.almic.ee\/lv\/wp-json\/wp\/v2\/comments?post=31241"}],"wp:featuredmedia":[{"embeddable":true,"href":"https:\/\/miil.dev.almic.ee\/lv\/wp-json\/wp\/v2\/media\/31236"}],"wp:attachment":[{"href":"https:\/\/miil.dev.almic.ee\/lv\/wp-json\/wp\/v2\/media?parent=31241"}],"wp:term":[{"taxonomy":"product_cat","embeddable":true,"href":"https:\/\/miil.dev.almic.ee\/lv\/wp-json\/wp\/v2\/product_cat?post=31241"},{"taxonomy":"product_tag","embeddable":true,"href":"https:\/\/miil.dev.almic.ee\/lv\/wp-json\/wp\/v2\/product_tag?post=31241"}],"curies":[{"name":"wp","href":"https:\/\/api.w.org\/{rel}","templated":true}]}}