{"id":28364,"date":"2023-03-03T21:58:45","date_gmt":"2023-03-03T19:58:46","guid":{"rendered":"https:\/\/www.miil.ee\/?post_type=product&#038;p=28364"},"modified":"2025-02-14T10:36:42","modified_gmt":"2025-02-14T08:36:42","slug":"darza-konteiners","status":"publish","type":"product","link":"https:\/\/miil.dev.almic.ee\/lv\/toode\/darza-konteiners\/","title":{"rendered":"modul\u0101rais konteiners 4m"},"content":{"rendered":"<h1>D\u0101rza konteiners.<\/h1>\n<p>D\u0101rza konteiners ir sl\u0113dzams. Instrumentu konteiners ir ide\u0101li piem\u0113rots pagalma piederumu, z\u0101les p\u013c\u0101v\u0113ju un instrumentu glab\u0101\u0161anai d\u0101rza st\u016br\u012b. Taj\u0101 \u0113rti var ievietot malku, ziemas riepas un citas nepiecie\u0161am\u0101s lietas.<br \/>\nK\u0101 papildin\u0101jumu instrumentu novietnei instrumentu tvertn\u0113 iesp\u0113jams ievietot stiprus parastos vai riepu stat\u012bvus, met\u0101la skapjus un ar\u012b darbagaldu ar instrumentiem.<br \/>\nVair\u0101k iesp\u0113ju skatiet <a href=\"https:\/\/www.miil.ee\/lv\/merekonteinerid\/papildu-piederumi\/\">\u0161eit<\/a>!<\/p>\n<h2>Velosip\u0113du st\u0101vvieta<\/h2>\n<p>D\u0101rza konteiners ir laba alternat\u012bva daudzdz\u012bvok\u013cu m\u0101jai k\u0101 velonovietne vai papildus noliktavas vieta.<br \/>\nDa\u017e\u0101di kooperat\u012bvi pie mums ir pas\u016bt\u012bju\u0161i risin\u0101jumus, k\u0101 katram dz\u012bvoklim izveidot savu noliktavas telpu.<\/p>\n<p>Kvalit\u0101tei ir noz\u012bme!<\/p>\n<ul>\n<li>Mas\u012bvkoka gr\u012bda 35mm<\/li>\n<li>Kondens\u0101cijas iztur\u012bgs p\u0101rkl\u0101jums uz griestiem.<\/li>\n<li>Sl\u0113dzams no \u0101rpuses ar piekaramo atsl\u0113gu.<\/li>\n<li>Cinkots r\u0101mis<\/li>\n<li>R\u0101mja st\u016bri 2mm<\/li>\n<li>Sienas biezums 0,75mm<\/li>\n<li>Da\u017e\u0101di garumi.<\/li>\n<\/ul>\n<p>Svars pie 5 metriem apm. 830 kg<\/p>\n<p>Garums\/dzi\u013cums 4000mm, platums 2200mm, augstums 2200mm \u2013 11 M2<\/p>\n<h2>D\u0101rza konteineru noma vai pirk\u0161ana?<\/h2>\n<p>Labv\u0113l\u012bg\u0101s cenas d\u0113\u013c ir v\u0113rts apsv\u0113rt konteinera ieg\u0101di, nevis t\u0101 nomu.<br \/>\nKonteiners kalpos gadiem.<br \/>\nVisi m\u016bsu p\u0101rdotie konteineri ir reprezentabli, t\u012bri un kvalitat\u012bvi.<\/p>\n<p>Jebkur\u0101 gad\u012bjum\u0101 m\u0113s atrad\u012bsim klientam \u012bsto risin\u0101jumu un, balstoties uz iepriek\u0161\u0113jo pieredzi, varam sniegt ieteikumus, k\u0101 salikt J\u016bsu vajadz\u012bb\u0101m atbilsto\u0161u siltumn\u012bcu.<\/p>\n<h2>D\u0101rza konteiners un t\u0101 transport\u0113\u0161ana<\/h2>\n<p>Mums ir nepiecie\u0161amais apr\u012bkojums, s\u0101kot no konteineru sl\u0113dzen\u0113m l\u012bdz pareizai cel\u0161anas tehnikai.<br \/>\nM\u0113s ar\u012b \u0161aj\u0101 gad\u012bjum\u0101 esam atbild\u012bgi par boj\u0101jumiem, kas radu\u0161ies transport\u0113\u0161anas laik\u0101.<br \/>\nViss no vienas vietas, siltumn\u012bcu noma uz labiem noteikumiem un kvalitat\u012bvi.<\/p>\n<p><span>P\u0101rvad\u0101\u0161anai parasti izmantojam\u00a0<\/span><a href=\"https:\/\/www.miil.ee\/lv\/pakalpojumi\/celtnis\/\">celtnis<\/a><span>\u00a0vai\u00a0<\/span><a href=\"https:\/\/www.miil.ee\/lv\/pakalpojumi\/sanu-iekraveji-sideloader\/\">s\u0101nu iekr\u0101v\u0113ju.<\/a><br \/>\n<span>M\u0113s izmantojam\u00a0<\/span><a href=\"https:\/\/www.miil.ee\/lv\/pakalpojumi\/ram-pasizgazejs\/\">RAM backloader<\/a><span>, lai aptvertu vissare\u017e\u0123\u012bt\u0101k\u0101s vietas.<\/span><\/p>\n<p>Lab\u0101k\u0101 cena un augst\u0101k\u0101s kvalit\u0101tes instrumentu konteiners tirg\u016b.<\/p>\n<p><span>Sekojiet mums\u00a0<\/span><a href=\"https:\/\/www.facebook.com\/konteinerveod\/\">Facebook<\/a><span>\u00a0vai\u00a0<\/span><a href=\"https:\/\/www.instagram.com\/ou_miil\/\">Instagram.<\/a><\/p>\n","protected":false},"excerpt":{"rendered":"<p>D\u0101rza konteiners. D\u0101rza konteiners ir sl\u0113dzams. Instrumentu konteiners ir ide\u0101li piem\u0113rots pagalma piederumu, z\u0101les p\u013c\u0101v\u0113ju un instrumentu glab\u0101\u0161anai d\u0101rza st\u016br\u012b. Taj\u0101 \u0113rti var ievietot malku, ziemas riepas un citas nepiecie\u0161am\u0101s lietas. K\u0101 papildin\u0101jumu instrumentu novietnei instrumentu tvertn\u0113 iesp\u0113jams ievietot stiprus parastos vai riepu stat\u012bvus, met\u0101la skapjus un ar\u012b darbagaldu ar instrumentiem. Vair\u0101k iesp\u0113ju skatiet \u0161eit!&#8230;<\/p>\n","protected":false},"featured_media":82007,"comment_status":"closed","ping_status":"closed","template":"","meta":{"_acf_changed":false},"product_cat":[352],"product_tag":[],"class_list":{"0":"post-28364","1":"product","2":"type-product","3":"status-publish","4":"has-post-thumbnail","6":"product_cat-cinkota-skarda-konteineri","8":"first","9":"instock","10":"sale","11":"shipping-taxable","12":"purchasable","13":"product-type-simple"},"acf":[],"yoast_head":"<!-- This site is optimized with the Yoast SEO Premium plugin v23.9 (Yoast SEO v27.5) - https:\/\/yoast.com\/product\/yoast-seo-premium-wordpress\/ -->\n<title>D\u0101rza konteiners - Miil O\u00dc<\/title>\n<meta name=\"description\" content=\"D\u0101rza konteiners | J\u016bras konteineru tirdzniec\u012bba | j\u016bras konteineru noma | uzglab\u0101\u0161anas konteineru tirdzniec\u012bba | j\u016bras konteineru p\u0101rb\u016bve |\" \/>\n<meta name=\"robots\" content=\"index, follow, max-snippet:-1, max-image-preview:large, max-video-preview:-1\" \/>\n<link rel=\"canonical\" href=\"https:\/\/miil.dev.almic.ee\/lv\/toode\/darza-konteiners\/\" \/>\n<meta property=\"og:locale\" content=\"lv_LV\" \/>\n<meta property=\"og:type\" content=\"article\" \/>\n<meta property=\"og:title\" content=\"modul\u0101rais konteiners 4m\" \/>\n<meta property=\"og:description\" content=\"D\u0101rza konteiners | J\u016bras konteineru tirdzniec\u012bba | j\u016bras konteineru noma | uzglab\u0101\u0161anas konteineru tirdzniec\u012bba | j\u016bras konteineru p\u0101rb\u016bve |\" \/>\n<meta property=\"og:url\" content=\"https:\/\/miil.dev.almic.ee\/lv\/toode\/darza-konteiners\/\" \/>\n<meta property=\"og:site_name\" content=\"Miil O\u00dc\" \/>\n<meta property=\"article:publisher\" content=\"https:\/\/www.facebook.com\/konteinerveod\/\" \/>\n<meta property=\"article:modified_time\" content=\"2025-02-14T08:36:42+00:00\" \/>\n<meta property=\"og:image\" content=\"https:\/\/miil.dev.almic.ee\/wp-content\/uploads\/2023\/03\/5m-tooriistakonteiner-tumehall-soojakud.ee-1.jpg\" \/>\n\t<meta property=\"og:image:width\" content=\"772\" \/>\n\t<meta property=\"og:image:height\" content=\"604\" \/>\n\t<meta property=\"og:image:type\" content=\"image\/jpeg\" \/>\n<meta name=\"twitter:card\" content=\"summary_large_image\" \/>\n<meta name=\"twitter:label1\" content=\"Price\" \/>\n\t<meta name=\"twitter:data1\" content=\"1950,00&nbsp;&euro;\" \/>\n\t<meta name=\"twitter:label2\" content=\"Availability\" \/>\n\t<meta name=\"twitter:data2\" content=\"In stock\" \/>\n<script type=\"application\/ld+json\" class=\"yoast-schema-graph\">{\"@context\":\"https:\\\/\\\/schema.org\",\"@graph\":[{\"@type\":\"WebPage\",\"@id\":\"https:\\\/\\\/miil.dev.almic.ee\\\/lv\\\/toode\\\/darza-konteiners\\\/\",\"url\":\"https:\\\/\\\/miil.dev.almic.ee\\\/lv\\\/toode\\\/darza-konteiners\\\/\",\"name\":\"D\u0101rza konteiners - Miil O\u00dc\",\"isPartOf\":{\"@id\":\"https:\\\/\\\/miil.dev.almic.ee\\\/#website\"},\"primaryImageOfPage\":{\"@id\":\"https:\\\/\\\/miil.dev.almic.ee\\\/lv\\\/toode\\\/darza-konteiners\\\/#primaryimage\"},\"image\":{\"@id\":\"https:\\\/\\\/miil.dev.almic.ee\\\/lv\\\/toode\\\/darza-konteiners\\\/#primaryimage\"},\"thumbnailUrl\":\"https:\\\/\\\/miil.dev.almic.ee\\\/wp-content\\\/uploads\\\/2023\\\/03\\\/5m-tooriistakonteiner-tumehall-soojakud.ee-1.jpg\",\"datePublished\":\"2023-03-03T19:58:46+00:00\",\"dateModified\":\"2025-02-14T08:36:42+00:00\",\"description\":\"D\u0101rza konteiners | J\u016bras konteineru tirdzniec\u012bba | j\u016bras konteineru noma | uzglab\u0101\u0161anas konteineru tirdzniec\u012bba | j\u016bras konteineru p\u0101rb\u016bve |\",\"breadcrumb\":{\"@id\":\"https:\\\/\\\/miil.dev.almic.ee\\\/lv\\\/toode\\\/darza-konteiners\\\/#breadcrumb\"},\"inLanguage\":\"lv-LV\",\"potentialAction\":[{\"@type\":\"ReadAction\",\"target\":[\"https:\\\/\\\/miil.dev.almic.ee\\\/lv\\\/toode\\\/darza-konteiners\\\/\"]}]},{\"@type\":\"ImageObject\",\"inLanguage\":\"lv-LV\",\"@id\":\"https:\\\/\\\/miil.dev.almic.ee\\\/lv\\\/toode\\\/darza-konteiners\\\/#primaryimage\",\"url\":\"https:\\\/\\\/miil.dev.almic.ee\\\/wp-content\\\/uploads\\\/2023\\\/03\\\/5m-tooriistakonteiner-tumehall-soojakud.ee-1.jpg\",\"contentUrl\":\"https:\\\/\\\/miil.dev.almic.ee\\\/wp-content\\\/uploads\\\/2023\\\/03\\\/5m-tooriistakonteiner-tumehall-soojakud.ee-1.jpg\",\"width\":772,\"height\":604,\"caption\":\"Aiakonteiner\"},{\"@type\":\"BreadcrumbList\",\"@id\":\"https:\\\/\\\/miil.dev.almic.ee\\\/lv\\\/toode\\\/darza-konteiners\\\/#breadcrumb\",\"itemListElement\":[{\"@type\":\"ListItem\",\"position\":1,\"name\":\"Home\",\"item\":\"https:\\\/\\\/miil.dev.almic.ee\\\/lv\\\/\"},{\"@type\":\"ListItem\",\"position\":2,\"name\":\"Veikals\",\"item\":\"https:\\\/\\\/miil.dev.almic.ee\\\/lv\\\/veikals\\\/\"},{\"@type\":\"ListItem\",\"position\":3,\"name\":\"modul\u0101rais konteiners 4m\"}]},{\"@type\":\"WebSite\",\"@id\":\"https:\\\/\\\/miil.dev.almic.ee\\\/#website\",\"url\":\"https:\\\/\\\/miil.dev.almic.ee\\\/\",\"name\":\"Miil O\u00dc\",\"description\":\"Konteinerveod\",\"publisher\":{\"@id\":\"https:\\\/\\\/miil.dev.almic.ee\\\/#organization\"},\"potentialAction\":[{\"@type\":\"SearchAction\",\"target\":{\"@type\":\"EntryPoint\",\"urlTemplate\":\"https:\\\/\\\/miil.dev.almic.ee\\\/?s={search_term_string}\"},\"query-input\":{\"@type\":\"PropertyValueSpecification\",\"valueRequired\":true,\"valueName\":\"search_term_string\"}}],\"inLanguage\":\"lv-LV\"},{\"@type\":\"Organization\",\"@id\":\"https:\\\/\\\/miil.dev.almic.ee\\\/#organization\",\"name\":\"Miil O\u00dc\",\"url\":\"https:\\\/\\\/miil.dev.almic.ee\\\/\",\"logo\":{\"@type\":\"ImageObject\",\"inLanguage\":\"lv-LV\",\"@id\":\"https:\\\/\\\/miil.dev.almic.ee\\\/#\\\/schema\\\/logo\\\/image\\\/\",\"url\":\"https:\\\/\\\/www.miil.ee\\\/wp-content\\\/uploads\\\/2022\\\/02\\\/Miil-logo.svg\",\"contentUrl\":\"https:\\\/\\\/www.miil.ee\\\/wp-content\\\/uploads\\\/2022\\\/02\\\/Miil-logo.svg\",\"width\":\"1024\",\"height\":\"1024\",\"caption\":\"Miil O\u00dc\"},\"image\":{\"@id\":\"https:\\\/\\\/miil.dev.almic.ee\\\/#\\\/schema\\\/logo\\\/image\\\/\"},\"sameAs\":[\"https:\\\/\\\/www.facebook.com\\\/konteinerveod\\\/\",\"https:\\\/\\\/www.instagram.com\\\/ou_miil\\\/\"]}]}<\/script>\n<meta property=\"product:price:amount\" content=\"1950.00\" \/>\n<meta property=\"product:price:currency\" content=\"EUR\" \/>\n<meta property=\"og:availability\" content=\"instock\" \/>\n<meta property=\"product:availability\" content=\"instock\" \/>\n<meta property=\"product:condition\" content=\"new\" \/>\n<!-- \/ Yoast SEO Premium plugin. -->","yoast_head_json":{"title":"D\u0101rza konteiners - Miil O\u00dc","description":"D\u0101rza konteiners | J\u016bras konteineru tirdzniec\u012bba | j\u016bras konteineru noma | uzglab\u0101\u0161anas konteineru tirdzniec\u012bba | j\u016bras konteineru p\u0101rb\u016bve |","robots":{"index":"index","follow":"follow","max-snippet":"max-snippet:-1","max-image-preview":"max-image-preview:large","max-video-preview":"max-video-preview:-1"},"canonical":"https:\/\/miil.dev.almic.ee\/lv\/toode\/darza-konteiners\/","og_locale":"lv_LV","og_type":"article","og_title":"modul\u0101rais konteiners 4m","og_description":"D\u0101rza konteiners | J\u016bras konteineru tirdzniec\u012bba | j\u016bras konteineru noma | uzglab\u0101\u0161anas konteineru tirdzniec\u012bba | j\u016bras konteineru p\u0101rb\u016bve |","og_url":"https:\/\/miil.dev.almic.ee\/lv\/toode\/darza-konteiners\/","og_site_name":"Miil O\u00dc","article_publisher":"https:\/\/www.facebook.com\/konteinerveod\/","article_modified_time":"2025-02-14T08:36:42+00:00","og_image":[{"width":772,"height":604,"url":"https:\/\/miil.dev.almic.ee\/wp-content\/uploads\/2023\/03\/5m-tooriistakonteiner-tumehall-soojakud.ee-1.jpg","type":"image\/jpeg"}],"twitter_card":"summary_large_image","twitter_misc":{"Price":"1950,00&nbsp;&euro;","Availability":"In stock"},"schema":{"@context":"https:\/\/schema.org","@graph":[{"@type":"WebPage","@id":"https:\/\/miil.dev.almic.ee\/lv\/toode\/darza-konteiners\/","url":"https:\/\/miil.dev.almic.ee\/lv\/toode\/darza-konteiners\/","name":"D\u0101rza konteiners - Miil O\u00dc","isPartOf":{"@id":"https:\/\/miil.dev.almic.ee\/#website"},"primaryImageOfPage":{"@id":"https:\/\/miil.dev.almic.ee\/lv\/toode\/darza-konteiners\/#primaryimage"},"image":{"@id":"https:\/\/miil.dev.almic.ee\/lv\/toode\/darza-konteiners\/#primaryimage"},"thumbnailUrl":"https:\/\/miil.dev.almic.ee\/wp-content\/uploads\/2023\/03\/5m-tooriistakonteiner-tumehall-soojakud.ee-1.jpg","datePublished":"2023-03-03T19:58:46+00:00","dateModified":"2025-02-14T08:36:42+00:00","description":"D\u0101rza konteiners | J\u016bras konteineru tirdzniec\u012bba | j\u016bras konteineru noma | uzglab\u0101\u0161anas konteineru tirdzniec\u012bba | j\u016bras konteineru p\u0101rb\u016bve |","breadcrumb":{"@id":"https:\/\/miil.dev.almic.ee\/lv\/toode\/darza-konteiners\/#breadcrumb"},"inLanguage":"lv-LV","potentialAction":[{"@type":"ReadAction","target":["https:\/\/miil.dev.almic.ee\/lv\/toode\/darza-konteiners\/"]}]},{"@type":"ImageObject","inLanguage":"lv-LV","@id":"https:\/\/miil.dev.almic.ee\/lv\/toode\/darza-konteiners\/#primaryimage","url":"https:\/\/miil.dev.almic.ee\/wp-content\/uploads\/2023\/03\/5m-tooriistakonteiner-tumehall-soojakud.ee-1.jpg","contentUrl":"https:\/\/miil.dev.almic.ee\/wp-content\/uploads\/2023\/03\/5m-tooriistakonteiner-tumehall-soojakud.ee-1.jpg","width":772,"height":604,"caption":"Aiakonteiner"},{"@type":"BreadcrumbList","@id":"https:\/\/miil.dev.almic.ee\/lv\/toode\/darza-konteiners\/#breadcrumb","itemListElement":[{"@type":"ListItem","position":1,"name":"Home","item":"https:\/\/miil.dev.almic.ee\/lv\/"},{"@type":"ListItem","position":2,"name":"Veikals","item":"https:\/\/miil.dev.almic.ee\/lv\/veikals\/"},{"@type":"ListItem","position":3,"name":"modul\u0101rais konteiners 4m"}]},{"@type":"WebSite","@id":"https:\/\/miil.dev.almic.ee\/#website","url":"https:\/\/miil.dev.almic.ee\/","name":"Miil O\u00dc","description":"Konteinerveod","publisher":{"@id":"https:\/\/miil.dev.almic.ee\/#organization"},"potentialAction":[{"@type":"SearchAction","target":{"@type":"EntryPoint","urlTemplate":"https:\/\/miil.dev.almic.ee\/?s={search_term_string}"},"query-input":{"@type":"PropertyValueSpecification","valueRequired":true,"valueName":"search_term_string"}}],"inLanguage":"lv-LV"},{"@type":"Organization","@id":"https:\/\/miil.dev.almic.ee\/#organization","name":"Miil O\u00dc","url":"https:\/\/miil.dev.almic.ee\/","logo":{"@type":"ImageObject","inLanguage":"lv-LV","@id":"https:\/\/miil.dev.almic.ee\/#\/schema\/logo\/image\/","url":"https:\/\/www.miil.ee\/wp-content\/uploads\/2022\/02\/Miil-logo.svg","contentUrl":"https:\/\/www.miil.ee\/wp-content\/uploads\/2022\/02\/Miil-logo.svg","width":"1024","height":"1024","caption":"Miil O\u00dc"},"image":{"@id":"https:\/\/miil.dev.almic.ee\/#\/schema\/logo\/image\/"},"sameAs":["https:\/\/www.facebook.com\/konteinerveod\/","https:\/\/www.instagram.com\/ou_miil\/"]}]},"product_price_amount":"1950.00","product_price_currency":"EUR","og_availability":"instock","product_availability":"instock","product_condition":"new"},"_links":{"self":[{"href":"https:\/\/miil.dev.almic.ee\/lv\/wp-json\/wp\/v2\/product\/28364","targetHints":{"allow":["GET"]}}],"collection":[{"href":"https:\/\/miil.dev.almic.ee\/lv\/wp-json\/wp\/v2\/product"}],"about":[{"href":"https:\/\/miil.dev.almic.ee\/lv\/wp-json\/wp\/v2\/types\/product"}],"replies":[{"embeddable":true,"href":"https:\/\/miil.dev.almic.ee\/lv\/wp-json\/wp\/v2\/comments?post=28364"}],"wp:featuredmedia":[{"embeddable":true,"href":"https:\/\/miil.dev.almic.ee\/lv\/wp-json\/wp\/v2\/media\/82007"}],"wp:attachment":[{"href":"https:\/\/miil.dev.almic.ee\/lv\/wp-json\/wp\/v2\/media?parent=28364"}],"wp:term":[{"taxonomy":"product_cat","embeddable":true,"href":"https:\/\/miil.dev.almic.ee\/lv\/wp-json\/wp\/v2\/product_cat?post=28364"},{"taxonomy":"product_tag","embeddable":true,"href":"https:\/\/miil.dev.almic.ee\/lv\/wp-json\/wp\/v2\/product_tag?post=28364"}],"curies":[{"name":"wp","href":"https:\/\/api.w.org\/{rel}","templated":true}]}}