{"id":28329,"date":"2023-03-03T21:30:19","date_gmt":"2023-03-03T19:30:20","guid":{"rendered":"https:\/\/www.miil.ee\/?post_type=product&#038;p=28329"},"modified":"2025-02-14T09:51:43","modified_gmt":"2025-02-14T07:51:43","slug":"instrumentu-konteiners-1-5m-tumsi-peleks","status":"publish","type":"product","link":"https:\/\/miil.dev.almic.ee\/lv\/toode\/instrumentu-konteiners-1-5m-tumsi-peleks\/","title":{"rendered":"Modul\u0101rais konteiners 1,5m"},"content":{"rendered":"<h1>Instrumentu konteiners &#8211; tum\u0161i pel\u0113ks.<\/h1>\n<p>Aizsl\u0113dzams instrumentu konteiners 1.5m tum\u0161i pel\u0113ks ir ide\u0101li piem\u0113rots pagalma piederumu, z\u0101les p\u013c\u0101v\u0113ju un instrumentu glab\u0101\u0161anai d\u0101rza st\u016br\u012b. Taj\u0101 \u0113rti var ievietot malku, ziemas riepas un citas nepiecie\u0161am\u0101s lietas.<br \/>\nInstrumentu \u0161\u0137\u016bn\u012bti tum\u0161i pel\u0113k\u0101 var papildus novietot ar sp\u0113c\u012bgiem parastajiem vai riepu plauktiem, met\u0101la skapjiem un ar\u012b darbagaldu ar instrumentiem instrumentu konteiner\u0101.<br \/>\nVair\u0101k iesp\u0113ju skatiet <a href=\"https:\/\/www.miil.ee\/lv\/merekonteinerid\/papildu-piederumi\/\">\u0161eit<\/a>!<\/p>\n<h2>Velosip\u0113du st\u0101vvieta<\/h2>\n<p>Instrumentu konteiners tum\u0161i pel\u0113ks ir laba alternat\u012bva daudzdz\u012bvok\u013cu m\u0101jai k\u0101 velonovietne.<br \/>\nKvalit\u0101tei ir noz\u012bme!<\/p>\n<ul>\n<li>Pilna koka gr\u012bda 35mm<\/li>\n<li>Kondens\u0101cijas iztur\u012bgs p\u0101rkl\u0101jums uz griestiem.<\/li>\n<li>Sl\u0113dzams no \u0101rpuses ar piekaramo atsl\u0113gu.<\/li>\n<li>Cinkots r\u0101mis<\/li>\n<li>R\u0101mja st\u016bri 2mm<\/li>\n<li>Sienas biezums 0,75mm<\/li>\n<li>Da\u017e\u0101di garumi.<\/li>\n<li>Aptuveni 1,5 metru svars. 250 kg<\/li>\n<\/ul>\n<p>Garums\/dzi\u013cums 1500mm, platums 2200mm, augstums 2200mm<\/p>\n<p>Lab\u0101k\u0101 cena un augst\u0101k\u0101s kvalit\u0101tes instrumentu konteiners tirg\u016b.<\/p>\n<h2>Instrumentu konteiners 1.5m tum\u0161i pel\u0113ks &#8211; transports<\/h2>\n<p>Iz\u012br\u0113jot izol\u0113tu biroja kab\u012bni, visas kaj\u012btes tiek p\u0101rvietotas tikai ar m\u016bsu pa\u0161u transportu.<br \/>\nMums ir nepiecie\u0161amais apr\u012bkojums, s\u0101kot no konteineru sl\u016b\u017e\u0101m un beidzot ar pareizu cel\u0161anas apr\u012bkojumu.<br \/>\nM\u0113s ar\u012b \u0161aj\u0101 gad\u012bjum\u0101 esam atbild\u012bgi par boj\u0101jumiem, kas radu\u0161ies transport\u0113\u0161anas laik\u0101.<br \/>\nViss no vienas vietas, apsildes kastes noma uz labiem noteikumiem un kvalitat\u012bvi.<\/p>\n<p><span>P\u0101rvad\u0101\u0161anai parasti izmantojam\u00a0<\/span><a href=\"https:\/\/www.miil.ee\/lv\/pakalpojumi\/celtnis\/\">celtnis<\/a><span>\u00a0vai\u00a0<\/span><a href=\"https:\/\/www.miil.ee\/lv\/pakalpojumi\/sanu-iekraveji-sideloader\/\">s\u0101nu iekr\u0101v\u0113ju.<\/a><br \/>\n<span>M\u0113s izmantojam\u00a0<\/span><a href=\"https:\/\/www.miil.ee\/lv\/pakalpojumi\/ram-pasizgazejs\/\">RAM backloader<\/a><span>, lai aptvertu vissare\u017e\u0123\u012bt\u0101k\u0101s vietas.<\/span><\/p>\n<p>Lab\u0101k\u0101 cena un augst\u0101k\u0101s kvalit\u0101tes instrumentu konteiners tirg\u016b.<\/p>\n<p>Sekojiet mums <a href=\"https:\/\/www.facebook.com\/konteinerveod\/\">Facebook<\/a> vai <a href=\"https:\/\/www.instagram.com\/ou_miil\/\">Instagram.<\/a><\/p>\n","protected":false},"excerpt":{"rendered":"<p>Tum\u0161i pel\u0113ks aizsl\u0113dzams instrumentu konteiners (1,5m) ir ide\u0101ls pagalma piederumu, z\u0101les p\u013c\u0101v\u0113ju, malkas, ziemas riepu un citu nepiecie\u0161amo lietu glab\u0101\u0161anai. Ar pilnu koka gr\u012bdu, kondens\u0101cijas iztur\u012bgu p\u0101rkl\u0101jumu un cinkotu r\u0101mi tas nodro\u0161ina augstu kvalit\u0101ti un dro\u0161\u012bbu da\u017e\u0101diem uzglab\u0101\u0161anas m\u0113r\u0137iem.<\/p>\n","protected":false},"featured_media":29334,"comment_status":"closed","ping_status":"closed","template":"","meta":{"_acf_changed":false},"product_cat":[352],"product_tag":[],"class_list":{"0":"post-28329","1":"product","2":"type-product","3":"status-publish","4":"has-post-thumbnail","6":"product_cat-cinkota-skarda-konteineri","8":"first","9":"instock","10":"sale","11":"shipping-taxable","12":"purchasable","13":"product-type-simple"},"acf":[],"yoast_head":"<!-- This site is optimized with the Yoast SEO Premium plugin v23.9 (Yoast SEO v27.5) - https:\/\/yoast.com\/product\/yoast-seo-premium-wordpress\/ -->\n<title>instrumentu konteiners 1.5m tum\u0161i pel\u0113ks - Miil O\u00dc<\/title>\n<meta name=\"description\" content=\"instrumentu konteiners 1.5m tum\u0161i pel\u0113ks | Velosip\u0113du st\u0101vvieta | d\u0101rza nojume | koka \u0161\u0137\u016bnis | sk\u0101rda \u0161\u0137\u016bnis | Instrumentu novietne | Miil.ee \u2b50\ufe0f\u2b50\ufe0f\u2b50\ufe0f\u2b50\ufe0f\u2b50\" \/>\n<meta name=\"robots\" content=\"index, follow, max-snippet:-1, max-image-preview:large, max-video-preview:-1\" \/>\n<link rel=\"canonical\" href=\"https:\/\/miil.dev.almic.ee\/lv\/toode\/instrumentu-konteiners-1-5m-tumsi-peleks\/\" \/>\n<meta property=\"og:locale\" content=\"lv_LV\" \/>\n<meta property=\"og:type\" content=\"article\" \/>\n<meta property=\"og:title\" content=\"Modul\u0101rais konteiners 1,5m\" \/>\n<meta property=\"og:description\" content=\"instrumentu konteiners 1.5m tum\u0161i pel\u0113ks | Velosip\u0113du st\u0101vvieta | d\u0101rza nojume | koka \u0161\u0137\u016bnis | sk\u0101rda \u0161\u0137\u016bnis | Instrumentu novietne | Miil.ee \u2b50\ufe0f\u2b50\ufe0f\u2b50\ufe0f\u2b50\ufe0f\u2b50\" \/>\n<meta property=\"og:url\" content=\"https:\/\/miil.dev.almic.ee\/lv\/toode\/instrumentu-konteiners-1-5m-tumsi-peleks\/\" \/>\n<meta property=\"og:site_name\" content=\"Miil O\u00dc\" \/>\n<meta property=\"article:publisher\" content=\"https:\/\/www.facebook.com\/konteinerveod\/\" \/>\n<meta property=\"article:modified_time\" content=\"2025-02-14T07:51:43+00:00\" \/>\n<meta property=\"og:image\" content=\"https:\/\/miil.dev.almic.ee\/wp-content\/uploads\/2023\/03\/Hall-tooriistakonteiner-15m-RAL7016-laokonteiner-2-scaled.jpg\" \/>\n\t<meta property=\"og:image:width\" content=\"1900\" \/>\n\t<meta property=\"og:image:height\" content=\"1425\" \/>\n\t<meta property=\"og:image:type\" content=\"image\/jpeg\" \/>\n<meta name=\"twitter:card\" content=\"summary_large_image\" \/>\n<meta name=\"twitter:label1\" content=\"Price\" \/>\n\t<meta name=\"twitter:data1\" content=\"1250,00&nbsp;&euro;\" \/>\n\t<meta name=\"twitter:label2\" content=\"Availability\" \/>\n\t<meta name=\"twitter:data2\" content=\"In stock\" \/>\n<script type=\"application\/ld+json\" class=\"yoast-schema-graph\">{\"@context\":\"https:\\\/\\\/schema.org\",\"@graph\":[{\"@type\":\"WebPage\",\"@id\":\"https:\\\/\\\/miil.dev.almic.ee\\\/lv\\\/toode\\\/instrumentu-konteiners-1-5m-tumsi-peleks\\\/\",\"url\":\"https:\\\/\\\/miil.dev.almic.ee\\\/lv\\\/toode\\\/instrumentu-konteiners-1-5m-tumsi-peleks\\\/\",\"name\":\"instrumentu konteiners 1.5m tum\u0161i pel\u0113ks - Miil O\u00dc\",\"isPartOf\":{\"@id\":\"https:\\\/\\\/miil.dev.almic.ee\\\/#website\"},\"primaryImageOfPage\":{\"@id\":\"https:\\\/\\\/miil.dev.almic.ee\\\/lv\\\/toode\\\/instrumentu-konteiners-1-5m-tumsi-peleks\\\/#primaryimage\"},\"image\":{\"@id\":\"https:\\\/\\\/miil.dev.almic.ee\\\/lv\\\/toode\\\/instrumentu-konteiners-1-5m-tumsi-peleks\\\/#primaryimage\"},\"thumbnailUrl\":\"https:\\\/\\\/miil.dev.almic.ee\\\/wp-content\\\/uploads\\\/2023\\\/03\\\/Hall-tooriistakonteiner-15m-RAL7016-laokonteiner-2-scaled.jpg\",\"datePublished\":\"2023-03-03T19:30:20+00:00\",\"dateModified\":\"2025-02-14T07:51:43+00:00\",\"description\":\"instrumentu konteiners 1.5m tum\u0161i pel\u0113ks | Velosip\u0113du st\u0101vvieta | d\u0101rza nojume | koka \u0161\u0137\u016bnis | sk\u0101rda \u0161\u0137\u016bnis | Instrumentu novietne | Miil.ee \u2b50\ufe0f\u2b50\ufe0f\u2b50\ufe0f\u2b50\ufe0f\u2b50\",\"breadcrumb\":{\"@id\":\"https:\\\/\\\/miil.dev.almic.ee\\\/lv\\\/toode\\\/instrumentu-konteiners-1-5m-tumsi-peleks\\\/#breadcrumb\"},\"inLanguage\":\"lv-LV\",\"potentialAction\":[{\"@type\":\"ReadAction\",\"target\":[\"https:\\\/\\\/miil.dev.almic.ee\\\/lv\\\/toode\\\/instrumentu-konteiners-1-5m-tumsi-peleks\\\/\"]}]},{\"@type\":\"ImageObject\",\"inLanguage\":\"lv-LV\",\"@id\":\"https:\\\/\\\/miil.dev.almic.ee\\\/lv\\\/toode\\\/instrumentu-konteiners-1-5m-tumsi-peleks\\\/#primaryimage\",\"url\":\"https:\\\/\\\/miil.dev.almic.ee\\\/wp-content\\\/uploads\\\/2023\\\/03\\\/Hall-tooriistakonteiner-15m-RAL7016-laokonteiner-2-scaled.jpg\",\"contentUrl\":\"https:\\\/\\\/miil.dev.almic.ee\\\/wp-content\\\/uploads\\\/2023\\\/03\\\/Hall-tooriistakonteiner-15m-RAL7016-laokonteiner-2-scaled.jpg\",\"width\":1900,\"height\":1425},{\"@type\":\"BreadcrumbList\",\"@id\":\"https:\\\/\\\/miil.dev.almic.ee\\\/lv\\\/toode\\\/instrumentu-konteiners-1-5m-tumsi-peleks\\\/#breadcrumb\",\"itemListElement\":[{\"@type\":\"ListItem\",\"position\":1,\"name\":\"Home\",\"item\":\"https:\\\/\\\/miil.dev.almic.ee\\\/lv\\\/\"},{\"@type\":\"ListItem\",\"position\":2,\"name\":\"Veikals\",\"item\":\"https:\\\/\\\/miil.dev.almic.ee\\\/lv\\\/veikals\\\/\"},{\"@type\":\"ListItem\",\"position\":3,\"name\":\"Modul\u0101rais konteiners 1,5m\"}]},{\"@type\":\"WebSite\",\"@id\":\"https:\\\/\\\/miil.dev.almic.ee\\\/#website\",\"url\":\"https:\\\/\\\/miil.dev.almic.ee\\\/\",\"name\":\"Miil O\u00dc\",\"description\":\"Konteinerveod\",\"publisher\":{\"@id\":\"https:\\\/\\\/miil.dev.almic.ee\\\/#organization\"},\"potentialAction\":[{\"@type\":\"SearchAction\",\"target\":{\"@type\":\"EntryPoint\",\"urlTemplate\":\"https:\\\/\\\/miil.dev.almic.ee\\\/?s={search_term_string}\"},\"query-input\":{\"@type\":\"PropertyValueSpecification\",\"valueRequired\":true,\"valueName\":\"search_term_string\"}}],\"inLanguage\":\"lv-LV\"},{\"@type\":\"Organization\",\"@id\":\"https:\\\/\\\/miil.dev.almic.ee\\\/#organization\",\"name\":\"Miil O\u00dc\",\"url\":\"https:\\\/\\\/miil.dev.almic.ee\\\/\",\"logo\":{\"@type\":\"ImageObject\",\"inLanguage\":\"lv-LV\",\"@id\":\"https:\\\/\\\/miil.dev.almic.ee\\\/#\\\/schema\\\/logo\\\/image\\\/\",\"url\":\"https:\\\/\\\/www.miil.ee\\\/wp-content\\\/uploads\\\/2022\\\/02\\\/Miil-logo.svg\",\"contentUrl\":\"https:\\\/\\\/www.miil.ee\\\/wp-content\\\/uploads\\\/2022\\\/02\\\/Miil-logo.svg\",\"width\":\"1024\",\"height\":\"1024\",\"caption\":\"Miil O\u00dc\"},\"image\":{\"@id\":\"https:\\\/\\\/miil.dev.almic.ee\\\/#\\\/schema\\\/logo\\\/image\\\/\"},\"sameAs\":[\"https:\\\/\\\/www.facebook.com\\\/konteinerveod\\\/\",\"https:\\\/\\\/www.instagram.com\\\/ou_miil\\\/\"]}]}<\/script>\n<meta property=\"product:price:amount\" content=\"1250.00\" \/>\n<meta property=\"product:price:currency\" content=\"EUR\" \/>\n<meta property=\"og:availability\" content=\"instock\" \/>\n<meta property=\"product:availability\" content=\"instock\" \/>\n<meta property=\"product:condition\" content=\"new\" \/>\n<!-- \/ Yoast SEO Premium plugin. -->","yoast_head_json":{"title":"instrumentu konteiners 1.5m tum\u0161i pel\u0113ks - Miil O\u00dc","description":"instrumentu konteiners 1.5m tum\u0161i pel\u0113ks | Velosip\u0113du st\u0101vvieta | d\u0101rza nojume | koka \u0161\u0137\u016bnis | sk\u0101rda \u0161\u0137\u016bnis | Instrumentu novietne | Miil.ee \u2b50\ufe0f\u2b50\ufe0f\u2b50\ufe0f\u2b50\ufe0f\u2b50","robots":{"index":"index","follow":"follow","max-snippet":"max-snippet:-1","max-image-preview":"max-image-preview:large","max-video-preview":"max-video-preview:-1"},"canonical":"https:\/\/miil.dev.almic.ee\/lv\/toode\/instrumentu-konteiners-1-5m-tumsi-peleks\/","og_locale":"lv_LV","og_type":"article","og_title":"Modul\u0101rais konteiners 1,5m","og_description":"instrumentu konteiners 1.5m tum\u0161i pel\u0113ks | Velosip\u0113du st\u0101vvieta | d\u0101rza nojume | koka \u0161\u0137\u016bnis | sk\u0101rda \u0161\u0137\u016bnis | Instrumentu novietne | Miil.ee \u2b50\ufe0f\u2b50\ufe0f\u2b50\ufe0f\u2b50\ufe0f\u2b50","og_url":"https:\/\/miil.dev.almic.ee\/lv\/toode\/instrumentu-konteiners-1-5m-tumsi-peleks\/","og_site_name":"Miil O\u00dc","article_publisher":"https:\/\/www.facebook.com\/konteinerveod\/","article_modified_time":"2025-02-14T07:51:43+00:00","og_image":[{"width":1900,"height":1425,"url":"https:\/\/miil.dev.almic.ee\/wp-content\/uploads\/2023\/03\/Hall-tooriistakonteiner-15m-RAL7016-laokonteiner-2-scaled.jpg","type":"image\/jpeg"}],"twitter_card":"summary_large_image","twitter_misc":{"Price":"1250,00&nbsp;&euro;","Availability":"In stock"},"schema":{"@context":"https:\/\/schema.org","@graph":[{"@type":"WebPage","@id":"https:\/\/miil.dev.almic.ee\/lv\/toode\/instrumentu-konteiners-1-5m-tumsi-peleks\/","url":"https:\/\/miil.dev.almic.ee\/lv\/toode\/instrumentu-konteiners-1-5m-tumsi-peleks\/","name":"instrumentu konteiners 1.5m tum\u0161i pel\u0113ks - Miil O\u00dc","isPartOf":{"@id":"https:\/\/miil.dev.almic.ee\/#website"},"primaryImageOfPage":{"@id":"https:\/\/miil.dev.almic.ee\/lv\/toode\/instrumentu-konteiners-1-5m-tumsi-peleks\/#primaryimage"},"image":{"@id":"https:\/\/miil.dev.almic.ee\/lv\/toode\/instrumentu-konteiners-1-5m-tumsi-peleks\/#primaryimage"},"thumbnailUrl":"https:\/\/miil.dev.almic.ee\/wp-content\/uploads\/2023\/03\/Hall-tooriistakonteiner-15m-RAL7016-laokonteiner-2-scaled.jpg","datePublished":"2023-03-03T19:30:20+00:00","dateModified":"2025-02-14T07:51:43+00:00","description":"instrumentu konteiners 1.5m tum\u0161i pel\u0113ks | Velosip\u0113du st\u0101vvieta | d\u0101rza nojume | koka \u0161\u0137\u016bnis | sk\u0101rda \u0161\u0137\u016bnis | Instrumentu novietne | Miil.ee \u2b50\ufe0f\u2b50\ufe0f\u2b50\ufe0f\u2b50\ufe0f\u2b50","breadcrumb":{"@id":"https:\/\/miil.dev.almic.ee\/lv\/toode\/instrumentu-konteiners-1-5m-tumsi-peleks\/#breadcrumb"},"inLanguage":"lv-LV","potentialAction":[{"@type":"ReadAction","target":["https:\/\/miil.dev.almic.ee\/lv\/toode\/instrumentu-konteiners-1-5m-tumsi-peleks\/"]}]},{"@type":"ImageObject","inLanguage":"lv-LV","@id":"https:\/\/miil.dev.almic.ee\/lv\/toode\/instrumentu-konteiners-1-5m-tumsi-peleks\/#primaryimage","url":"https:\/\/miil.dev.almic.ee\/wp-content\/uploads\/2023\/03\/Hall-tooriistakonteiner-15m-RAL7016-laokonteiner-2-scaled.jpg","contentUrl":"https:\/\/miil.dev.almic.ee\/wp-content\/uploads\/2023\/03\/Hall-tooriistakonteiner-15m-RAL7016-laokonteiner-2-scaled.jpg","width":1900,"height":1425},{"@type":"BreadcrumbList","@id":"https:\/\/miil.dev.almic.ee\/lv\/toode\/instrumentu-konteiners-1-5m-tumsi-peleks\/#breadcrumb","itemListElement":[{"@type":"ListItem","position":1,"name":"Home","item":"https:\/\/miil.dev.almic.ee\/lv\/"},{"@type":"ListItem","position":2,"name":"Veikals","item":"https:\/\/miil.dev.almic.ee\/lv\/veikals\/"},{"@type":"ListItem","position":3,"name":"Modul\u0101rais konteiners 1,5m"}]},{"@type":"WebSite","@id":"https:\/\/miil.dev.almic.ee\/#website","url":"https:\/\/miil.dev.almic.ee\/","name":"Miil O\u00dc","description":"Konteinerveod","publisher":{"@id":"https:\/\/miil.dev.almic.ee\/#organization"},"potentialAction":[{"@type":"SearchAction","target":{"@type":"EntryPoint","urlTemplate":"https:\/\/miil.dev.almic.ee\/?s={search_term_string}"},"query-input":{"@type":"PropertyValueSpecification","valueRequired":true,"valueName":"search_term_string"}}],"inLanguage":"lv-LV"},{"@type":"Organization","@id":"https:\/\/miil.dev.almic.ee\/#organization","name":"Miil O\u00dc","url":"https:\/\/miil.dev.almic.ee\/","logo":{"@type":"ImageObject","inLanguage":"lv-LV","@id":"https:\/\/miil.dev.almic.ee\/#\/schema\/logo\/image\/","url":"https:\/\/www.miil.ee\/wp-content\/uploads\/2022\/02\/Miil-logo.svg","contentUrl":"https:\/\/www.miil.ee\/wp-content\/uploads\/2022\/02\/Miil-logo.svg","width":"1024","height":"1024","caption":"Miil O\u00dc"},"image":{"@id":"https:\/\/miil.dev.almic.ee\/#\/schema\/logo\/image\/"},"sameAs":["https:\/\/www.facebook.com\/konteinerveod\/","https:\/\/www.instagram.com\/ou_miil\/"]}]},"product_price_amount":"1250.00","product_price_currency":"EUR","og_availability":"instock","product_availability":"instock","product_condition":"new"},"_links":{"self":[{"href":"https:\/\/miil.dev.almic.ee\/lv\/wp-json\/wp\/v2\/product\/28329","targetHints":{"allow":["GET"]}}],"collection":[{"href":"https:\/\/miil.dev.almic.ee\/lv\/wp-json\/wp\/v2\/product"}],"about":[{"href":"https:\/\/miil.dev.almic.ee\/lv\/wp-json\/wp\/v2\/types\/product"}],"replies":[{"embeddable":true,"href":"https:\/\/miil.dev.almic.ee\/lv\/wp-json\/wp\/v2\/comments?post=28329"}],"wp:featuredmedia":[{"embeddable":true,"href":"https:\/\/miil.dev.almic.ee\/lv\/wp-json\/wp\/v2\/media\/29334"}],"wp:attachment":[{"href":"https:\/\/miil.dev.almic.ee\/lv\/wp-json\/wp\/v2\/media?parent=28329"}],"wp:term":[{"taxonomy":"product_cat","embeddable":true,"href":"https:\/\/miil.dev.almic.ee\/lv\/wp-json\/wp\/v2\/product_cat?post=28329"},{"taxonomy":"product_tag","embeddable":true,"href":"https:\/\/miil.dev.almic.ee\/lv\/wp-json\/wp\/v2\/product_tag?post=28329"}],"curies":[{"name":"wp","href":"https:\/\/api.w.org\/{rel}","templated":true}]}}