{"id":27271,"date":"2023-02-09T18:10:58","date_gmt":"2023-02-09T16:10:59","guid":{"rendered":"https:\/\/www.miil.ee\/?post_type=product&#038;p=27271"},"modified":"2025-02-27T14:49:52","modified_gmt":"2025-02-27T12:49:52","slug":"20os-juras-konteiners-miiu1500380","status":"publish","type":"product","link":"https:\/\/miil.dev.almic.ee\/lv\/toode\/20os-juras-konteiners-miiu1500380\/","title":{"rendered":"20OS J\u016bras konteiners MIIU1500380"},"content":{"rendered":"<h1>20OS J\u016bras konteiners MIIU1500380<\/h1>\n<p>\u012apa\u0161s pas\u016bt\u012bjums konteineriem &#8211; J\u016bras konteineru ra\u017eo\u0161ana &#8211; p\u0113c speci\u0101la pas\u016bt\u012bjuma tiek ra\u017eots multilift konteiners.<br \/>\nTvertnei ir der\u012bga CSC eti\u0137ete! \u0160is konteiners ir atbilsto\u0161s un ku\u0123ojo\u0161s.<br \/>\nIegremd\u0113jam\u0101s sliedes multilift automa\u0161\u012bnai, konteineru sl\u0113dzenes konteineru p\u0101rvad\u0101\u0161anas automa\u0161\u012bnai vai j\u016bras transportam.<br \/>\n\u0160is konteiners tiek uzb\u016bv\u0113ts p\u0113c klienta ras\u0113jumiem un tiek transport\u0113ts uz v\u0113lamo galam\u0113r\u0137i.<\/p>\n<p>Konteinera priek\u0161pus\u0113 ir multilift uzkare.<br \/>\nJa nepiecie\u0161ams, rull\u012b\u0161us var no\u0146emt un uzglab\u0101t uzglab\u0101\u0161anas telp\u0101 konteinera pirmaj\u0101 pus\u0113.<\/p>\n<h2>\u012apa\u0161s pas\u016bt\u012bjums konteineriem &#8211; Multilift konteiners vai kas cits?<\/h2>\n<p>Izgatavojam konteinerus p\u0113c pas\u016bt\u012bt\u0101ja pras\u012bb\u0101m un sagatavojam izstr\u0101d\u0101jumu ras\u0113jumus p\u0113c apraksta, pieg\u0101d\u0101jam un uzst\u0101d\u0101m.<br \/>\nKonteineri tiek ra\u017eoti \u0136\u012bnas r\u016bpn\u012bc\u0101, un tos uz objektu transport\u0113 m\u016bsu sadarb\u012bbas partneri.<br \/>\nPied\u0101v\u0101jam sauszemes p\u0101rvad\u0101jumus ar saviem konteinerved\u0113jiem.<br \/>\nKonteineru p\u0101rb\u016bvi veicam ar\u012b m\u016bsu termin\u0101l\u012b Laged\u0101, bet mainot \u0101r\u0113jo formu, konteineram nepiecie\u0161ama papildus CSC sertifik\u0101cija.<br \/>\nKonteinera iek\u0161pus\u0113 eso\u0161\u0101 konstrukcija neietekm\u0113 CSC sertifik\u0101tu.<\/p>\n<p>J\u016bras konteineru izv\u0113le \u0161aj\u0101 sait\u0113: <a href=\"https:\/\/www.miil.ee\/merekonteinerite-muuk\/\">j\u016bras konteineri<\/a><br \/>\nPapildus j\u016bras konteineriem m\u0113s p\u0101rdodam ar\u012b <a href=\"https:\/\/www.miil.ee\/en\/merekonteinerid\/portable-cabins\/\">p\u0101rvietojam\u0101s kaj\u012btes.<\/a><\/p>\n<h2>Transport\u0113\u0161ana un pacel\u0161ana?<\/h2>\n<p>P\u0113c piem\u0113rota konteinera izv\u0113les varam veikt iepako\u0161anu un transport\u0113\u0161anu.<br \/>\nP\u0101rvad\u0101\u0161anai parasti izmantojam<span>\u00a0<\/span><a href=\"https:\/\/www.miil.ee\/lv\/pakalpojumi\/celtnis\/\">celtnis<\/a><span>\u00a0<\/span>vai<span>\u00a0<\/span><a href=\"https:\/\/www.miil.ee\/lv\/pakalpojumi\/sanu-iekraveji-sideloader\/\">s\u0101nu iekr\u0101v\u0113ju.<\/a><br \/>\nM\u0113s izmantojam<span>\u00a0<\/span><a href=\"https:\/\/www.miil.ee\/lv\/pakalpojumi\/ram-pasizgazejs\/\">RAM backloader<\/a>, lai aptvertu vissare\u017e\u0123\u012bt\u0101k\u0101s vietas.<br \/>\nP\u0113c t\u0101 ieg\u0101des m\u0113s glab\u0101jam j\u016bsu konteineru m\u016bsu termin\u0101l\u012b bez maksas l\u012bdz se\u0161iem m\u0113ne\u0161iem.<br \/>\nVienm\u0113r iesp\u0113jams vienoties par ilg\u0101ku laiku.<br \/>\nPiem\u0113ram, ja vieta v\u0113l nav gatava vai pieejama konteinera pieg\u0101dei.<br \/>\nT\u0101d\u0101 gad\u012bjum\u0101 konteinera cena nemain\u012bsies un var\u0113siet b\u016bt dro\u0161s, ka izv\u0113l\u0113to konteineru sa\u0146emsiet norun\u0101taj\u0101 laik\u0101.<\/p>\n<h2>M\u016bsu tehnolo\u0123ijas ir modernas, un m\u016bsu vad\u012bt\u0101ji ir augsti apm\u0101c\u012bti.<\/h2>\n<ul>\n<li>J\u016bras konteineru tirdzniec\u012bba<\/li>\n<li>J\u016bras konteineru noma<\/li>\n<li>J\u016bras konteineru atg\u016b\u0161ana<\/li>\n<li>J\u016bras konteineru remonts<\/li>\n<li>J\u016bras konteineru uzglab\u0101\u0161ana<\/li>\n<li>Apkures bateriju tirdzniec\u012bba<\/li>\n<li>Sild\u012bt\u0101ju noma<\/li>\n<li>Mini m\u0101ju p\u0101rdo\u0161ana<\/li>\n<li>Iz\u012br\u0113 mini m\u0101jas<\/li>\n<li>Transports<\/li>\n<li>Depo serviss<\/li>\n<\/ul>\n<p>Lab\u0101k\u0101s cenas garantija \u2013 m\u0113s vienm\u0113r pied\u0101v\u0101jam konteineram lab\u0101ko pied\u0101v\u0101jumu.<\/p>\n<p>Sekojiet mums\u00a0<a href=\"https:\/\/www.facebook.com\/konteinerveod\/\">Facebook<\/a>\u00a0vai\u00a0<a href=\"https:\/\/www.instagram.com\/ou_miil\/\">Instagram.<\/a><\/p>\n<p>&nbsp;<\/p>\n","protected":false},"excerpt":{"rendered":"<p>M\u0113s ra\u017eojam j\u016bras konteinerus, tostarp multilift konteinerus, p\u0113c individu\u0101la pas\u016bt\u012bjuma, kas atbilst CSC standartiem un ir piem\u0113roti j\u016bras transportam. Konteinerus izgatavojam \u0136\u012bn\u0101, nodro\u0161inot transport\u0113\u0161anu, uzst\u0101d\u012b\u0161anu un p\u0101rb\u016bvi, pied\u0101v\u0101jot ar\u012b iesp\u0113ju ieg\u0101d\u0101ties ar atlaidi un ieg\u016bt bezmaksas uzglab\u0101\u0161anu l\u012bdz se\u0161iem m\u0113ne\u0161iem.<\/p>\n","protected":false},"featured_media":29294,"comment_status":"closed","ping_status":"closed","template":"","meta":{"_acf_changed":false},"product_cat":[356,452,468,348],"product_tag":[],"class_list":{"0":"post-27271","1":"product","2":"type-product","3":"status-publish","4":"has-post-thumbnail","6":"product_cat-jauni-konteineri","7":"product_cat-20-6-metri-lv","8":"product_cat-20os-atverams-sans","9":"product_cat-tehnika","11":"first","12":"instock","13":"shipping-taxable","14":"purchasable","15":"product-type-simple"},"acf":[],"yoast_head":"<!-- This site is optimized with the Yoast SEO Premium plugin v23.9 (Yoast SEO v27.5) - https:\/\/yoast.com\/product\/yoast-seo-premium-wordpress\/ -->\n<title>\u012apa\u0161s pas\u016bt\u012bjums konteineriem - Miil O\u00dc<\/title>\n<meta name=\"description\" content=\"\u012apa\u0161s pas\u016bt\u012bjums konteineriem | Open s\u0101nu j\u016bras konteiners MIIU6380014 | Juras konteiner transport | Juras konteiner jauns | www.miil.lv | +372 57 50 3328\" \/>\n<meta name=\"robots\" content=\"index, follow, max-snippet:-1, max-image-preview:large, max-video-preview:-1\" \/>\n<link rel=\"canonical\" href=\"https:\/\/miil.dev.almic.ee\/lv\/toode\/20os-juras-konteiners-miiu1500380\/\" \/>\n<meta property=\"og:locale\" content=\"lv_LV\" \/>\n<meta property=\"og:type\" content=\"article\" \/>\n<meta property=\"og:title\" content=\"20OS J\u016bras konteiners MIIU1500380\" \/>\n<meta property=\"og:description\" content=\"\u012apa\u0161s pas\u016bt\u012bjums konteineriem | Open s\u0101nu j\u016bras konteiners MIIU6380014 | Juras konteiner transport | Juras konteiner jauns | www.miil.lv | +372 57 50 3328\" \/>\n<meta property=\"og:url\" content=\"https:\/\/miil.dev.almic.ee\/lv\/toode\/20os-juras-konteiners-miiu1500380\/\" \/>\n<meta property=\"og:site_name\" content=\"Miil O\u00dc\" \/>\n<meta property=\"article:publisher\" content=\"https:\/\/www.facebook.com\/konteinerveod\/\" \/>\n<meta property=\"article:modified_time\" content=\"2025-02-27T12:49:52+00:00\" \/>\n<meta property=\"og:image\" content=\"https:\/\/miil.dev.almic.ee\/wp-content\/uploads\/2023\/02\/15-scaled.jpg\" \/>\n\t<meta property=\"og:image:width\" content=\"1900\" \/>\n\t<meta property=\"og:image:height\" content=\"1425\" \/>\n\t<meta property=\"og:image:type\" content=\"image\/jpeg\" \/>\n<meta name=\"twitter:card\" content=\"summary_large_image\" \/>\n<meta name=\"twitter:label1\" content=\"Price\" \/>\n\t<meta name=\"twitter:data1\" content=\"21540,00&nbsp;&euro;\" \/>\n\t<meta name=\"twitter:label2\" content=\"Availability\" \/>\n\t<meta name=\"twitter:data2\" content=\"In stock\" \/>\n<script type=\"application\/ld+json\" class=\"yoast-schema-graph\">{\"@context\":\"https:\\\/\\\/schema.org\",\"@graph\":[{\"@type\":\"WebPage\",\"@id\":\"https:\\\/\\\/miil.dev.almic.ee\\\/lv\\\/toode\\\/20os-juras-konteiners-miiu1500380\\\/\",\"url\":\"https:\\\/\\\/miil.dev.almic.ee\\\/lv\\\/toode\\\/20os-juras-konteiners-miiu1500380\\\/\",\"name\":\"\u012apa\u0161s pas\u016bt\u012bjums konteineriem - Miil O\u00dc\",\"isPartOf\":{\"@id\":\"https:\\\/\\\/miil.dev.almic.ee\\\/#website\"},\"primaryImageOfPage\":{\"@id\":\"https:\\\/\\\/miil.dev.almic.ee\\\/lv\\\/toode\\\/20os-juras-konteiners-miiu1500380\\\/#primaryimage\"},\"image\":{\"@id\":\"https:\\\/\\\/miil.dev.almic.ee\\\/lv\\\/toode\\\/20os-juras-konteiners-miiu1500380\\\/#primaryimage\"},\"thumbnailUrl\":\"https:\\\/\\\/miil.dev.almic.ee\\\/wp-content\\\/uploads\\\/2023\\\/02\\\/15-scaled.jpg\",\"datePublished\":\"2023-02-09T16:10:59+00:00\",\"dateModified\":\"2025-02-27T12:49:52+00:00\",\"description\":\"\u012apa\u0161s pas\u016bt\u012bjums konteineriem | Open s\u0101nu j\u016bras konteiners MIIU6380014 | Juras konteiner transport | Juras konteiner jauns | www.miil.lv | +372 57 50 3328\",\"breadcrumb\":{\"@id\":\"https:\\\/\\\/miil.dev.almic.ee\\\/lv\\\/toode\\\/20os-juras-konteiners-miiu1500380\\\/#breadcrumb\"},\"inLanguage\":\"lv-LV\",\"potentialAction\":[{\"@type\":\"ReadAction\",\"target\":[\"https:\\\/\\\/miil.dev.almic.ee\\\/lv\\\/toode\\\/20os-juras-konteiners-miiu1500380\\\/\"]}]},{\"@type\":\"ImageObject\",\"inLanguage\":\"lv-LV\",\"@id\":\"https:\\\/\\\/miil.dev.almic.ee\\\/lv\\\/toode\\\/20os-juras-konteiners-miiu1500380\\\/#primaryimage\",\"url\":\"https:\\\/\\\/miil.dev.almic.ee\\\/wp-content\\\/uploads\\\/2023\\\/02\\\/15-scaled.jpg\",\"contentUrl\":\"https:\\\/\\\/miil.dev.almic.ee\\\/wp-content\\\/uploads\\\/2023\\\/02\\\/15-scaled.jpg\",\"width\":1900,\"height\":1425,\"caption\":\"multilift konteiner\"},{\"@type\":\"BreadcrumbList\",\"@id\":\"https:\\\/\\\/miil.dev.almic.ee\\\/lv\\\/toode\\\/20os-juras-konteiners-miiu1500380\\\/#breadcrumb\",\"itemListElement\":[{\"@type\":\"ListItem\",\"position\":1,\"name\":\"Home\",\"item\":\"https:\\\/\\\/miil.dev.almic.ee\\\/lv\\\/\"},{\"@type\":\"ListItem\",\"position\":2,\"name\":\"Veikals\",\"item\":\"https:\\\/\\\/miil.dev.almic.ee\\\/lv\\\/veikals\\\/\"},{\"@type\":\"ListItem\",\"position\":3,\"name\":\"20OS J\u016bras konteiners MIIU1500380\"}]},{\"@type\":\"WebSite\",\"@id\":\"https:\\\/\\\/miil.dev.almic.ee\\\/#website\",\"url\":\"https:\\\/\\\/miil.dev.almic.ee\\\/\",\"name\":\"Miil O\u00dc\",\"description\":\"Konteinerveod\",\"publisher\":{\"@id\":\"https:\\\/\\\/miil.dev.almic.ee\\\/#organization\"},\"potentialAction\":[{\"@type\":\"SearchAction\",\"target\":{\"@type\":\"EntryPoint\",\"urlTemplate\":\"https:\\\/\\\/miil.dev.almic.ee\\\/?s={search_term_string}\"},\"query-input\":{\"@type\":\"PropertyValueSpecification\",\"valueRequired\":true,\"valueName\":\"search_term_string\"}}],\"inLanguage\":\"lv-LV\"},{\"@type\":\"Organization\",\"@id\":\"https:\\\/\\\/miil.dev.almic.ee\\\/#organization\",\"name\":\"Miil O\u00dc\",\"url\":\"https:\\\/\\\/miil.dev.almic.ee\\\/\",\"logo\":{\"@type\":\"ImageObject\",\"inLanguage\":\"lv-LV\",\"@id\":\"https:\\\/\\\/miil.dev.almic.ee\\\/#\\\/schema\\\/logo\\\/image\\\/\",\"url\":\"https:\\\/\\\/www.miil.ee\\\/wp-content\\\/uploads\\\/2022\\\/02\\\/Miil-logo.svg\",\"contentUrl\":\"https:\\\/\\\/www.miil.ee\\\/wp-content\\\/uploads\\\/2022\\\/02\\\/Miil-logo.svg\",\"width\":\"1024\",\"height\":\"1024\",\"caption\":\"Miil O\u00dc\"},\"image\":{\"@id\":\"https:\\\/\\\/miil.dev.almic.ee\\\/#\\\/schema\\\/logo\\\/image\\\/\"},\"sameAs\":[\"https:\\\/\\\/www.facebook.com\\\/konteinerveod\\\/\",\"https:\\\/\\\/www.instagram.com\\\/ou_miil\\\/\"]}]}<\/script>\n<meta property=\"product:price:amount\" content=\"21540.00\" \/>\n<meta property=\"product:price:currency\" content=\"EUR\" \/>\n<meta property=\"og:availability\" content=\"instock\" \/>\n<meta property=\"product:availability\" content=\"instock\" \/>\n<meta property=\"product:retailer_item_id\" content=\"MIIU1500380\" \/>\n<meta property=\"product:condition\" content=\"new\" \/>\n<!-- \/ Yoast SEO Premium plugin. -->","yoast_head_json":{"title":"\u012apa\u0161s pas\u016bt\u012bjums konteineriem - Miil O\u00dc","description":"\u012apa\u0161s pas\u016bt\u012bjums konteineriem | Open s\u0101nu j\u016bras konteiners MIIU6380014 | Juras konteiner transport | Juras konteiner jauns | www.miil.lv | +372 57 50 3328","robots":{"index":"index","follow":"follow","max-snippet":"max-snippet:-1","max-image-preview":"max-image-preview:large","max-video-preview":"max-video-preview:-1"},"canonical":"https:\/\/miil.dev.almic.ee\/lv\/toode\/20os-juras-konteiners-miiu1500380\/","og_locale":"lv_LV","og_type":"article","og_title":"20OS J\u016bras konteiners MIIU1500380","og_description":"\u012apa\u0161s pas\u016bt\u012bjums konteineriem | Open s\u0101nu j\u016bras konteiners MIIU6380014 | Juras konteiner transport | Juras konteiner jauns | www.miil.lv | +372 57 50 3328","og_url":"https:\/\/miil.dev.almic.ee\/lv\/toode\/20os-juras-konteiners-miiu1500380\/","og_site_name":"Miil O\u00dc","article_publisher":"https:\/\/www.facebook.com\/konteinerveod\/","article_modified_time":"2025-02-27T12:49:52+00:00","og_image":[{"width":1900,"height":1425,"url":"https:\/\/miil.dev.almic.ee\/wp-content\/uploads\/2023\/02\/15-scaled.jpg","type":"image\/jpeg"}],"twitter_card":"summary_large_image","twitter_misc":{"Price":"21540,00&nbsp;&euro;","Availability":"In stock"},"schema":{"@context":"https:\/\/schema.org","@graph":[{"@type":"WebPage","@id":"https:\/\/miil.dev.almic.ee\/lv\/toode\/20os-juras-konteiners-miiu1500380\/","url":"https:\/\/miil.dev.almic.ee\/lv\/toode\/20os-juras-konteiners-miiu1500380\/","name":"\u012apa\u0161s pas\u016bt\u012bjums konteineriem - Miil O\u00dc","isPartOf":{"@id":"https:\/\/miil.dev.almic.ee\/#website"},"primaryImageOfPage":{"@id":"https:\/\/miil.dev.almic.ee\/lv\/toode\/20os-juras-konteiners-miiu1500380\/#primaryimage"},"image":{"@id":"https:\/\/miil.dev.almic.ee\/lv\/toode\/20os-juras-konteiners-miiu1500380\/#primaryimage"},"thumbnailUrl":"https:\/\/miil.dev.almic.ee\/wp-content\/uploads\/2023\/02\/15-scaled.jpg","datePublished":"2023-02-09T16:10:59+00:00","dateModified":"2025-02-27T12:49:52+00:00","description":"\u012apa\u0161s pas\u016bt\u012bjums konteineriem | Open s\u0101nu j\u016bras konteiners MIIU6380014 | Juras konteiner transport | Juras konteiner jauns | www.miil.lv | +372 57 50 3328","breadcrumb":{"@id":"https:\/\/miil.dev.almic.ee\/lv\/toode\/20os-juras-konteiners-miiu1500380\/#breadcrumb"},"inLanguage":"lv-LV","potentialAction":[{"@type":"ReadAction","target":["https:\/\/miil.dev.almic.ee\/lv\/toode\/20os-juras-konteiners-miiu1500380\/"]}]},{"@type":"ImageObject","inLanguage":"lv-LV","@id":"https:\/\/miil.dev.almic.ee\/lv\/toode\/20os-juras-konteiners-miiu1500380\/#primaryimage","url":"https:\/\/miil.dev.almic.ee\/wp-content\/uploads\/2023\/02\/15-scaled.jpg","contentUrl":"https:\/\/miil.dev.almic.ee\/wp-content\/uploads\/2023\/02\/15-scaled.jpg","width":1900,"height":1425,"caption":"multilift konteiner"},{"@type":"BreadcrumbList","@id":"https:\/\/miil.dev.almic.ee\/lv\/toode\/20os-juras-konteiners-miiu1500380\/#breadcrumb","itemListElement":[{"@type":"ListItem","position":1,"name":"Home","item":"https:\/\/miil.dev.almic.ee\/lv\/"},{"@type":"ListItem","position":2,"name":"Veikals","item":"https:\/\/miil.dev.almic.ee\/lv\/veikals\/"},{"@type":"ListItem","position":3,"name":"20OS J\u016bras konteiners MIIU1500380"}]},{"@type":"WebSite","@id":"https:\/\/miil.dev.almic.ee\/#website","url":"https:\/\/miil.dev.almic.ee\/","name":"Miil O\u00dc","description":"Konteinerveod","publisher":{"@id":"https:\/\/miil.dev.almic.ee\/#organization"},"potentialAction":[{"@type":"SearchAction","target":{"@type":"EntryPoint","urlTemplate":"https:\/\/miil.dev.almic.ee\/?s={search_term_string}"},"query-input":{"@type":"PropertyValueSpecification","valueRequired":true,"valueName":"search_term_string"}}],"inLanguage":"lv-LV"},{"@type":"Organization","@id":"https:\/\/miil.dev.almic.ee\/#organization","name":"Miil O\u00dc","url":"https:\/\/miil.dev.almic.ee\/","logo":{"@type":"ImageObject","inLanguage":"lv-LV","@id":"https:\/\/miil.dev.almic.ee\/#\/schema\/logo\/image\/","url":"https:\/\/www.miil.ee\/wp-content\/uploads\/2022\/02\/Miil-logo.svg","contentUrl":"https:\/\/www.miil.ee\/wp-content\/uploads\/2022\/02\/Miil-logo.svg","width":"1024","height":"1024","caption":"Miil O\u00dc"},"image":{"@id":"https:\/\/miil.dev.almic.ee\/#\/schema\/logo\/image\/"},"sameAs":["https:\/\/www.facebook.com\/konteinerveod\/","https:\/\/www.instagram.com\/ou_miil\/"]}]},"product_price_amount":"21540.00","product_price_currency":"EUR","og_availability":"instock","product_availability":"instock","product_retailer_item_id":"MIIU1500380","product_condition":"new"},"_links":{"self":[{"href":"https:\/\/miil.dev.almic.ee\/lv\/wp-json\/wp\/v2\/product\/27271","targetHints":{"allow":["GET"]}}],"collection":[{"href":"https:\/\/miil.dev.almic.ee\/lv\/wp-json\/wp\/v2\/product"}],"about":[{"href":"https:\/\/miil.dev.almic.ee\/lv\/wp-json\/wp\/v2\/types\/product"}],"replies":[{"embeddable":true,"href":"https:\/\/miil.dev.almic.ee\/lv\/wp-json\/wp\/v2\/comments?post=27271"}],"wp:featuredmedia":[{"embeddable":true,"href":"https:\/\/miil.dev.almic.ee\/lv\/wp-json\/wp\/v2\/media\/29294"}],"wp:attachment":[{"href":"https:\/\/miil.dev.almic.ee\/lv\/wp-json\/wp\/v2\/media?parent=27271"}],"wp:term":[{"taxonomy":"product_cat","embeddable":true,"href":"https:\/\/miil.dev.almic.ee\/lv\/wp-json\/wp\/v2\/product_cat?post=27271"},{"taxonomy":"product_tag","embeddable":true,"href":"https:\/\/miil.dev.almic.ee\/lv\/wp-json\/wp\/v2\/product_tag?post=27271"}],"curies":[{"name":"wp","href":"https:\/\/api.w.org\/{rel}","templated":true}]}}