{"id":26152,"date":"2023-01-05T16:57:37","date_gmt":"2023-01-05T14:57:37","guid":{"rendered":"https:\/\/www.miil.ee\/?post_type=product&#038;p=26152"},"modified":"2024-11-11T15:05:54","modified_gmt":"2024-11-11T13:05:54","slug":"soojak-containex-basic-miiu0301","status":"publish","type":"product","link":"https:\/\/miil.dev.almic.ee\/lv\/toode\/soojak-containex-basic-miiu0301\/","title":{"rendered":"Containex Basic MIIU0301"},"content":{"rendered":"<h1>Kab\u012bnes p\u0101rb\u016bve<\/h1>\n<p>kab\u012bnes p\u0101rb\u016bve un apdare par lauku stila pieb\u016bvi.<br \/>\nVienas no kaj\u012bt\u0113m standarta izm\u0113rs ir 6 metrus gar\u0161, 2,44 metrus plats un 2,6 metrus augsts.<br \/>\nkaj\u012btes var savienot, veidojot liel\u0101kas telpas.<\/p>\n<p>Papildus koka ap\u0161uvumam varam uzst\u0101d\u012bt ar\u012b gaisa siltums\u016bkni, otro st\u0101vu, k\u0101pnes, terases moduli uz kab\u012bnes jumta vai tam priek\u0161\u0101 uz zemes.<\/p>\n<p>kab\u012bne ir \u0101tr\u0101k\u0101 un pieejam\u0101k\u0101 \u0113ka, piem\u0113ram, koted\u017ea, nav nepiecie\u0161ams celtnieks vai pamats.<br \/>\nb\u016bvat\u013cauja parasti nav nepiecie\u0161ama, bet tas atkar\u012bgs no konkr\u0113t\u0101s vietas, pa\u0161vald\u012bbas un amatpersonu v\u0113lm\u0113m.<\/p>\n<p>Popularit\u0101ti g\u016bst kab\u012bnes apdare ar koku, un koka d\u0113\u013ca toni var pieska\u0146ot eso\u0161ajai m\u0101jai vai \u0113kai.<br \/>\nNepiecie\u0161am\u012bbas gad\u012bjum\u0101 ier\u012bkojam ar\u012b papildus apgaismojumu \u0101rpus\u0113 vai m\u0113be\u013cu telp\u0101.<\/p>\n<h2>Salona transport\u0113\u0161ana un uzst\u0101d\u012b\u0161ana<\/h2>\n<p>kab\u012bnes p\u0101rb\u016bve, transport\u0113\u0161ana un uzst\u0101d\u012b\u0161ana mums ir ikdiena. Cietai virsmai, piem\u0113ram, asfaltam, \u0161\u0137emb\u0101m vai betonam, nevajag neko citu k\u0101 tikai da\u017eus akme\u0146us. uzst\u0101d\u012b\u0161anas laik\u0101 kab\u012bne var\u0113tu palikt apm. 15-25 cm no zemes. kab\u012bne bie\u017ei ir izol\u0113ta no apak\u0161as ar vilnu, ar sk\u0101rdu apak\u0161\u0101.<br \/>\nVisas kaj\u012btes ir iztur\u012bgas pret grauz\u0113jiem, un t\u0101m ir Ce mar\u0137\u0113jums.<\/p>\n<p>CE z\u012bmes un atbilst\u012bba ir vissvar\u012bg\u0101k\u0101 salona sast\u0101vda\u013ca!<br \/>\nCE mar\u0137\u0113jums garant\u0113, ka kab\u012bne atbilst Eiropas pras\u012bb\u0101m un ir dro\u0161a lieto\u0161an\u0101. M\u012btnes zem\u0113, Ukrain\u0101 vai Baltkrievij\u0101 b\u016bv\u0113tai kaj\u012btei \u0161\u012bs z\u012bmes nav, un neviens negarant\u0113, ka kab\u012bne nerad\u012bs boj\u0101jumus b\u016bvniec\u012bbas k\u013c\u016bdu d\u0113\u013c.<\/p>\n<h2>salona p\u0101rb\u016bve vai r\u016bpn\u012bcas versija?<\/h2>\n<p>Neatkar\u012bgi no t\u0101, vai pas\u016bt\u0101t no mums kab\u012bni ar papildu apr\u012bkojumu vai r\u016bpn\u012bcas versiju, abos gad\u012bjumos tas ir lieto\u0161anai gatavs risin\u0101jums.<\/p>\n<p>T\u0101l\u0101k ir nor\u0101d\u012btas da\u017eas papildu piederumu cenas:<br \/>\nAC s\u016bknis 4.7kw \u2013 990.- + pvn<br \/>\nKoka apdare &#8211; 2990.- + pvn<br \/>\nPapildus logs \u2013 590.- + pvn<br \/>\nRu\u013c\u013cu durvis \u2013 1950.- + pvn<\/p>\n<p>P\u0101rvad\u0101\u0161anai parasti izmantojam <a href=\"https:\/\/www.miil.ee\/lv\/pakalpojumi\/celtnis\/\">celtnis<\/a> vai <a href=\"https:\/\/www.miil.ee\/lv\/pakalpojumi\/sanu-iekraveji-sideloader\/\">s\u0101nu iekr\u0101v\u0113ju.<\/a><br \/>\nM\u0113s izmantojam <a href=\"https:\/\/www.miil.ee\/lv\/pakalpojumi\/ram-pasizgazejs\/\">RAM backloader<\/a>, lai aptvertu vissare\u017e\u0123\u012bt\u0101k\u0101s vietas.<\/p>\n<p>Sekojiet mums <a href=\"https:\/\/www.facebook.com\/konteinerveod\/\">Facebook<\/a> vai <a href=\"https:\/\/www.instagram.com\/ou_miil\/\">Instagram.<\/a><\/p>\n","protected":false},"excerpt":{"rendered":"<p>Kab\u012bnes p\u0101rb\u016bve kab\u012bnes p\u0101rb\u016bve un apdare par lauku stila pieb\u016bvi. Vienas no kaj\u012bt\u0113m standarta izm\u0113rs ir 6 metrus gar\u0161, 2,44 metrus plats un 2,6 metrus augsts. kaj\u012btes var savienot, veidojot liel\u0101kas telpas. Papildus koka ap\u0161uvumam varam uzst\u0101d\u012bt ar\u012b gaisa siltums\u016bkni, otro st\u0101vu, k\u0101pnes, terases moduli uz kab\u012bnes jumta vai tam priek\u0161\u0101 uz zemes. kab\u012bne ir&#8230;<\/p>\n","protected":false},"featured_media":42075,"comment_status":"closed","ping_status":"closed","template":"","meta":{"_acf_changed":false},"product_cat":[344,408],"product_tag":[],"class_list":{"0":"post-26152","1":"product","2":"type-product","3":"status-publish","4":"has-post-thumbnail","6":"product_cat-vagonini","7":"product_cat-jauni-vagonini","9":"first","10":"instock","11":"shipping-taxable","12":"purchasable","13":"product-type-simple"},"acf":[],"yoast_head":"<!-- This site is optimized with the Yoast SEO Premium plugin v23.9 (Yoast SEO v27.5) - https:\/\/yoast.com\/product\/yoast-seo-premium-wordpress\/ -->\n<title>Kab\u012bnes p\u0101rb\u016bve - Miil O\u00dc<\/title>\n<meta name=\"description\" content=\"Kab\u012bnes p\u0101rb\u016bve | Mini m\u0101jas un koted\u017eas | Kaj\u012b\u0161u noma un p\u0101rdo\u0161ana | Transports un remonts | Elektr\u012bbas darbi un apkure \u2b50\ufe0f\u2b50\ufe0f\u2b50\ufe0f\u2b50\ufe0f\u2b50\ufe0f\" \/>\n<meta name=\"robots\" content=\"index, follow, max-snippet:-1, max-image-preview:large, max-video-preview:-1\" \/>\n<link rel=\"canonical\" href=\"https:\/\/miil.dev.almic.ee\/lv\/toode\/soojak-containex-basic-miiu0301\/\" \/>\n<meta property=\"og:locale\" content=\"lv_LV\" \/>\n<meta property=\"og:type\" content=\"article\" \/>\n<meta property=\"og:title\" content=\"Containex Basic MIIU0301\" \/>\n<meta property=\"og:description\" content=\"Kab\u012bnes p\u0101rb\u016bve | Mini m\u0101jas un koted\u017eas | Kaj\u012b\u0161u noma un p\u0101rdo\u0161ana | Transports un remonts | Elektr\u012bbas darbi un apkure \u2b50\ufe0f\u2b50\ufe0f\u2b50\ufe0f\u2b50\ufe0f\u2b50\ufe0f\" \/>\n<meta property=\"og:url\" content=\"https:\/\/miil.dev.almic.ee\/lv\/toode\/soojak-containex-basic-miiu0301\/\" \/>\n<meta property=\"og:site_name\" content=\"Miil O\u00dc\" \/>\n<meta property=\"article:publisher\" content=\"https:\/\/www.facebook.com\/konteinerveod\/\" \/>\n<meta property=\"article:modified_time\" content=\"2024-11-11T13:05:54+00:00\" \/>\n<meta property=\"og:image\" content=\"https:\/\/miil.dev.almic.ee\/wp-content\/uploads\/2023\/01\/Voodrilauaga-soojak-5-scaled.jpg\" \/>\n\t<meta property=\"og:image:width\" content=\"1900\" \/>\n\t<meta property=\"og:image:height\" content=\"1425\" \/>\n\t<meta property=\"og:image:type\" content=\"image\/jpeg\" \/>\n<meta name=\"twitter:card\" content=\"summary_large_image\" \/>\n<meta name=\"twitter:label1\" content=\"Price\" \/>\n\t<meta name=\"twitter:data1\" content=\"7950,00&nbsp;&euro;\" \/>\n\t<meta name=\"twitter:label2\" content=\"Availability\" \/>\n\t<meta name=\"twitter:data2\" content=\"In stock\" \/>\n<script type=\"application\/ld+json\" class=\"yoast-schema-graph\">{\"@context\":\"https:\\\/\\\/schema.org\",\"@graph\":[{\"@type\":\"WebPage\",\"@id\":\"https:\\\/\\\/miil.dev.almic.ee\\\/lv\\\/toode\\\/soojak-containex-basic-miiu0301\\\/\",\"url\":\"https:\\\/\\\/miil.dev.almic.ee\\\/lv\\\/toode\\\/soojak-containex-basic-miiu0301\\\/\",\"name\":\"Kab\u012bnes p\u0101rb\u016bve - Miil O\u00dc\",\"isPartOf\":{\"@id\":\"https:\\\/\\\/miil.dev.almic.ee\\\/#website\"},\"primaryImageOfPage\":{\"@id\":\"https:\\\/\\\/miil.dev.almic.ee\\\/lv\\\/toode\\\/soojak-containex-basic-miiu0301\\\/#primaryimage\"},\"image\":{\"@id\":\"https:\\\/\\\/miil.dev.almic.ee\\\/lv\\\/toode\\\/soojak-containex-basic-miiu0301\\\/#primaryimage\"},\"thumbnailUrl\":\"https:\\\/\\\/miil.dev.almic.ee\\\/wp-content\\\/uploads\\\/2023\\\/01\\\/Voodrilauaga-soojak-5-scaled.jpg\",\"datePublished\":\"2023-01-05T14:57:37+00:00\",\"dateModified\":\"2024-11-11T13:05:54+00:00\",\"description\":\"Kab\u012bnes p\u0101rb\u016bve | Mini m\u0101jas un koted\u017eas | Kaj\u012b\u0161u noma un p\u0101rdo\u0161ana | Transports un remonts | Elektr\u012bbas darbi un apkure \u2b50\ufe0f\u2b50\ufe0f\u2b50\ufe0f\u2b50\ufe0f\u2b50\ufe0f\",\"breadcrumb\":{\"@id\":\"https:\\\/\\\/miil.dev.almic.ee\\\/lv\\\/toode\\\/soojak-containex-basic-miiu0301\\\/#breadcrumb\"},\"inLanguage\":\"lv-LV\",\"potentialAction\":[{\"@type\":\"ReadAction\",\"target\":[\"https:\\\/\\\/miil.dev.almic.ee\\\/lv\\\/toode\\\/soojak-containex-basic-miiu0301\\\/\"]}]},{\"@type\":\"ImageObject\",\"inLanguage\":\"lv-LV\",\"@id\":\"https:\\\/\\\/miil.dev.almic.ee\\\/lv\\\/toode\\\/soojak-containex-basic-miiu0301\\\/#primaryimage\",\"url\":\"https:\\\/\\\/miil.dev.almic.ee\\\/wp-content\\\/uploads\\\/2023\\\/01\\\/Voodrilauaga-soojak-5-scaled.jpg\",\"contentUrl\":\"https:\\\/\\\/miil.dev.almic.ee\\\/wp-content\\\/uploads\\\/2023\\\/01\\\/Voodrilauaga-soojak-5-scaled.jpg\",\"width\":1900,\"height\":1425,\"caption\":\"Soojakute \u00fcmberehitus\"},{\"@type\":\"BreadcrumbList\",\"@id\":\"https:\\\/\\\/miil.dev.almic.ee\\\/lv\\\/toode\\\/soojak-containex-basic-miiu0301\\\/#breadcrumb\",\"itemListElement\":[{\"@type\":\"ListItem\",\"position\":1,\"name\":\"Home\",\"item\":\"https:\\\/\\\/miil.dev.almic.ee\\\/lv\\\/\"},{\"@type\":\"ListItem\",\"position\":2,\"name\":\"Veikals\",\"item\":\"https:\\\/\\\/miil.dev.almic.ee\\\/lv\\\/veikals\\\/\"},{\"@type\":\"ListItem\",\"position\":3,\"name\":\"Containex Basic MIIU0301\"}]},{\"@type\":\"WebSite\",\"@id\":\"https:\\\/\\\/miil.dev.almic.ee\\\/#website\",\"url\":\"https:\\\/\\\/miil.dev.almic.ee\\\/\",\"name\":\"Miil O\u00dc\",\"description\":\"Konteinerveod\",\"publisher\":{\"@id\":\"https:\\\/\\\/miil.dev.almic.ee\\\/#organization\"},\"potentialAction\":[{\"@type\":\"SearchAction\",\"target\":{\"@type\":\"EntryPoint\",\"urlTemplate\":\"https:\\\/\\\/miil.dev.almic.ee\\\/?s={search_term_string}\"},\"query-input\":{\"@type\":\"PropertyValueSpecification\",\"valueRequired\":true,\"valueName\":\"search_term_string\"}}],\"inLanguage\":\"lv-LV\"},{\"@type\":\"Organization\",\"@id\":\"https:\\\/\\\/miil.dev.almic.ee\\\/#organization\",\"name\":\"Miil O\u00dc\",\"url\":\"https:\\\/\\\/miil.dev.almic.ee\\\/\",\"logo\":{\"@type\":\"ImageObject\",\"inLanguage\":\"lv-LV\",\"@id\":\"https:\\\/\\\/miil.dev.almic.ee\\\/#\\\/schema\\\/logo\\\/image\\\/\",\"url\":\"https:\\\/\\\/www.miil.ee\\\/wp-content\\\/uploads\\\/2022\\\/02\\\/Miil-logo.svg\",\"contentUrl\":\"https:\\\/\\\/www.miil.ee\\\/wp-content\\\/uploads\\\/2022\\\/02\\\/Miil-logo.svg\",\"width\":\"1024\",\"height\":\"1024\",\"caption\":\"Miil O\u00dc\"},\"image\":{\"@id\":\"https:\\\/\\\/miil.dev.almic.ee\\\/#\\\/schema\\\/logo\\\/image\\\/\"},\"sameAs\":[\"https:\\\/\\\/www.facebook.com\\\/konteinerveod\\\/\",\"https:\\\/\\\/www.instagram.com\\\/ou_miil\\\/\"]}]}<\/script>\n<meta property=\"product:price:amount\" content=\"7950.00\" \/>\n<meta property=\"product:price:currency\" content=\"EUR\" \/>\n<meta property=\"og:availability\" content=\"instock\" \/>\n<meta property=\"product:availability\" content=\"instock\" \/>\n<meta property=\"product:retailer_item_id\" content=\"MIIU1150\" \/>\n<meta property=\"product:condition\" content=\"new\" \/>\n<!-- \/ Yoast SEO Premium plugin. -->","yoast_head_json":{"title":"Kab\u012bnes p\u0101rb\u016bve - Miil O\u00dc","description":"Kab\u012bnes p\u0101rb\u016bve | Mini m\u0101jas un koted\u017eas | Kaj\u012b\u0161u noma un p\u0101rdo\u0161ana | Transports un remonts | Elektr\u012bbas darbi un apkure \u2b50\ufe0f\u2b50\ufe0f\u2b50\ufe0f\u2b50\ufe0f\u2b50\ufe0f","robots":{"index":"index","follow":"follow","max-snippet":"max-snippet:-1","max-image-preview":"max-image-preview:large","max-video-preview":"max-video-preview:-1"},"canonical":"https:\/\/miil.dev.almic.ee\/lv\/toode\/soojak-containex-basic-miiu0301\/","og_locale":"lv_LV","og_type":"article","og_title":"Containex Basic MIIU0301","og_description":"Kab\u012bnes p\u0101rb\u016bve | Mini m\u0101jas un koted\u017eas | Kaj\u012b\u0161u noma un p\u0101rdo\u0161ana | Transports un remonts | Elektr\u012bbas darbi un apkure \u2b50\ufe0f\u2b50\ufe0f\u2b50\ufe0f\u2b50\ufe0f\u2b50\ufe0f","og_url":"https:\/\/miil.dev.almic.ee\/lv\/toode\/soojak-containex-basic-miiu0301\/","og_site_name":"Miil O\u00dc","article_publisher":"https:\/\/www.facebook.com\/konteinerveod\/","article_modified_time":"2024-11-11T13:05:54+00:00","og_image":[{"width":1900,"height":1425,"url":"https:\/\/miil.dev.almic.ee\/wp-content\/uploads\/2023\/01\/Voodrilauaga-soojak-5-scaled.jpg","type":"image\/jpeg"}],"twitter_card":"summary_large_image","twitter_misc":{"Price":"7950,00&nbsp;&euro;","Availability":"In stock"},"schema":{"@context":"https:\/\/schema.org","@graph":[{"@type":"WebPage","@id":"https:\/\/miil.dev.almic.ee\/lv\/toode\/soojak-containex-basic-miiu0301\/","url":"https:\/\/miil.dev.almic.ee\/lv\/toode\/soojak-containex-basic-miiu0301\/","name":"Kab\u012bnes p\u0101rb\u016bve - Miil O\u00dc","isPartOf":{"@id":"https:\/\/miil.dev.almic.ee\/#website"},"primaryImageOfPage":{"@id":"https:\/\/miil.dev.almic.ee\/lv\/toode\/soojak-containex-basic-miiu0301\/#primaryimage"},"image":{"@id":"https:\/\/miil.dev.almic.ee\/lv\/toode\/soojak-containex-basic-miiu0301\/#primaryimage"},"thumbnailUrl":"https:\/\/miil.dev.almic.ee\/wp-content\/uploads\/2023\/01\/Voodrilauaga-soojak-5-scaled.jpg","datePublished":"2023-01-05T14:57:37+00:00","dateModified":"2024-11-11T13:05:54+00:00","description":"Kab\u012bnes p\u0101rb\u016bve | Mini m\u0101jas un koted\u017eas | Kaj\u012b\u0161u noma un p\u0101rdo\u0161ana | Transports un remonts | Elektr\u012bbas darbi un apkure \u2b50\ufe0f\u2b50\ufe0f\u2b50\ufe0f\u2b50\ufe0f\u2b50\ufe0f","breadcrumb":{"@id":"https:\/\/miil.dev.almic.ee\/lv\/toode\/soojak-containex-basic-miiu0301\/#breadcrumb"},"inLanguage":"lv-LV","potentialAction":[{"@type":"ReadAction","target":["https:\/\/miil.dev.almic.ee\/lv\/toode\/soojak-containex-basic-miiu0301\/"]}]},{"@type":"ImageObject","inLanguage":"lv-LV","@id":"https:\/\/miil.dev.almic.ee\/lv\/toode\/soojak-containex-basic-miiu0301\/#primaryimage","url":"https:\/\/miil.dev.almic.ee\/wp-content\/uploads\/2023\/01\/Voodrilauaga-soojak-5-scaled.jpg","contentUrl":"https:\/\/miil.dev.almic.ee\/wp-content\/uploads\/2023\/01\/Voodrilauaga-soojak-5-scaled.jpg","width":1900,"height":1425,"caption":"Soojakute \u00fcmberehitus"},{"@type":"BreadcrumbList","@id":"https:\/\/miil.dev.almic.ee\/lv\/toode\/soojak-containex-basic-miiu0301\/#breadcrumb","itemListElement":[{"@type":"ListItem","position":1,"name":"Home","item":"https:\/\/miil.dev.almic.ee\/lv\/"},{"@type":"ListItem","position":2,"name":"Veikals","item":"https:\/\/miil.dev.almic.ee\/lv\/veikals\/"},{"@type":"ListItem","position":3,"name":"Containex Basic MIIU0301"}]},{"@type":"WebSite","@id":"https:\/\/miil.dev.almic.ee\/#website","url":"https:\/\/miil.dev.almic.ee\/","name":"Miil O\u00dc","description":"Konteinerveod","publisher":{"@id":"https:\/\/miil.dev.almic.ee\/#organization"},"potentialAction":[{"@type":"SearchAction","target":{"@type":"EntryPoint","urlTemplate":"https:\/\/miil.dev.almic.ee\/?s={search_term_string}"},"query-input":{"@type":"PropertyValueSpecification","valueRequired":true,"valueName":"search_term_string"}}],"inLanguage":"lv-LV"},{"@type":"Organization","@id":"https:\/\/miil.dev.almic.ee\/#organization","name":"Miil O\u00dc","url":"https:\/\/miil.dev.almic.ee\/","logo":{"@type":"ImageObject","inLanguage":"lv-LV","@id":"https:\/\/miil.dev.almic.ee\/#\/schema\/logo\/image\/","url":"https:\/\/www.miil.ee\/wp-content\/uploads\/2022\/02\/Miil-logo.svg","contentUrl":"https:\/\/www.miil.ee\/wp-content\/uploads\/2022\/02\/Miil-logo.svg","width":"1024","height":"1024","caption":"Miil O\u00dc"},"image":{"@id":"https:\/\/miil.dev.almic.ee\/#\/schema\/logo\/image\/"},"sameAs":["https:\/\/www.facebook.com\/konteinerveod\/","https:\/\/www.instagram.com\/ou_miil\/"]}]},"product_price_amount":"7950.00","product_price_currency":"EUR","og_availability":"instock","product_availability":"instock","product_retailer_item_id":"MIIU1150","product_condition":"new"},"_links":{"self":[{"href":"https:\/\/miil.dev.almic.ee\/lv\/wp-json\/wp\/v2\/product\/26152","targetHints":{"allow":["GET"]}}],"collection":[{"href":"https:\/\/miil.dev.almic.ee\/lv\/wp-json\/wp\/v2\/product"}],"about":[{"href":"https:\/\/miil.dev.almic.ee\/lv\/wp-json\/wp\/v2\/types\/product"}],"replies":[{"embeddable":true,"href":"https:\/\/miil.dev.almic.ee\/lv\/wp-json\/wp\/v2\/comments?post=26152"}],"wp:featuredmedia":[{"embeddable":true,"href":"https:\/\/miil.dev.almic.ee\/lv\/wp-json\/wp\/v2\/media\/42075"}],"wp:attachment":[{"href":"https:\/\/miil.dev.almic.ee\/lv\/wp-json\/wp\/v2\/media?parent=26152"}],"wp:term":[{"taxonomy":"product_cat","embeddable":true,"href":"https:\/\/miil.dev.almic.ee\/lv\/wp-json\/wp\/v2\/product_cat?post=26152"},{"taxonomy":"product_tag","embeddable":true,"href":"https:\/\/miil.dev.almic.ee\/lv\/wp-json\/wp\/v2\/product_tag?post=26152"}],"curies":[{"name":"wp","href":"https:\/\/api.w.org\/{rel}","templated":true}]}}