{"id":25526,"date":"2022-12-23T11:23:40","date_gmt":"2022-12-23T09:23:40","guid":{"rendered":"https:\/\/www.miil.ee\/?post_type=product&#038;p=25526"},"modified":"2025-02-27T14:57:50","modified_gmt":"2025-02-27T12:57:50","slug":"23dc-iso-tank-miiu3300463","status":"publish","type":"product","link":"https:\/\/miil.dev.almic.ee\/lv\/toode\/23dc-iso-tank-miiu3300463\/","title":{"rendered":"23DC ISO tank MIIU3300463 &#8211; pieg\u0101des laiks 21+ dienas"},"content":{"rendered":"<h2>Tvert\u0146u konteiners k\u0101 uzglab\u0101\u0161ana un noma<\/h2>\n<p>23DC ISO tank MIIU3300463 &#8211; \u0160\u0101ds konteiners ir piem\u0113rots ar\u012b uzglab\u0101\u0161anai uz vietas vai siltuma uzglab\u0101\u0161anai.<br \/>\n\u0160\u0101ds konteiners tiek izmantots, piem\u0113ram, p\u0101rtikas produktu, l\u012bmju, paraf\u012bna vai ko citu transport\u0113\u0161anai.<br \/>\nTvertni var sild\u012bt ar tvaiku.<br \/>\nTvert\u0146u konteinera \u0161\u0137idruma konteinera p\u0101rdo\u0161ana vai noma? L\u016bdziet pied\u0101v\u0101jumu ar\u012b ilgtermi\u0146a nomai info@miil.ee<\/p>\n<h2>23DC ISO tank MIIU3300463 &#8211; Apkures tvertnes konteineri<\/h2>\n<p>Mums ir divas speci\u0101li uzb\u016bv\u0113tas katlum\u0101jas Iso tvert\u0146u konteineru apkurei.<br \/>\nM\u0113s varam piel\u0101got temperat\u016bru atbilsto\u0161i klienta vajadz\u012bb\u0101m un sild\u012bt tvertnes visu gadu.<br \/>\nVienlaic\u012bgi iesp\u0113jams uzsild\u012bt l\u012bdz 6 \u0161\u0137idruma tvertn\u0113m.<br \/>\nPapildus katlum\u0101jai mums ir ar\u012b nepiecie\u0161amais apr\u012bkojums un kompetence, piem\u0113ram, piekabes mucu, \u0161\u013c\u016bte\u0146u transport\u0113\u0161anai un ADR apm\u0101c\u012bbai.<\/p>\n<h2>M\u016bsu tehnolo\u0123ijas ir modernas, un m\u016bsu vad\u012bt\u0101ji ir augsti apm\u0101c\u012bti.<\/h2>\n<ul>\n<li>J\u016bras konteineru tirdzniec\u012bba<\/li>\n<li>J\u016bras konteineru noma<\/li>\n<li>J\u016bras konteineru atg\u016b\u0161ana<\/li>\n<li>J\u016bras konteineru remonts<\/li>\n<li>J\u016bras konteineru uzglab\u0101\u0161ana<\/li>\n<li>Apkures bateriju tirdzniec\u012bba<\/li>\n<li>Sild\u012bt\u0101ju noma<\/li>\n<li>Mini m\u0101ju p\u0101rdo\u0161ana<\/li>\n<li>Iz\u012br\u0113 mini m\u0101jas<\/li>\n<li>Transports<\/li>\n<li>Depo serviss<\/li>\n<\/ul>\n<h2>23DC ISO tank MIIU3300463 &#8211; transport\u0113\u0161ana un pacel\u0161ana?<\/h2>\n<p>P\u0113c piem\u0113rota konteinera izv\u0113les varam veikt iepako\u0161anu un transport\u0113\u0161anu.<br \/>\nP\u0101rvad\u0101\u0161anai parasti izmantojam\u00a0<a href=\"https:\/\/www.miil.ee\/lv\/pakalpojumi\/celtnis\/\">celtnis<\/a>\u00a0vai\u00a0<a href=\"https:\/\/www.miil.ee\/lv\/pakalpojumi\/sanu-iekraveji-sideloader\/\">s\u0101nu iekr\u0101v\u0113ju.<\/a><br \/>\nM\u0113s izmantojam\u00a0<a href=\"https:\/\/www.miil.ee\/lv\/pakalpojumi\/ram-pasizgazejs\/\">RAM backloader<\/a>, lai aptvertu vissare\u017e\u0123\u012bt\u0101k\u0101s vietas.<br \/>\nP\u0113c t\u0101 ieg\u0101des m\u0113s glab\u0101jam j\u016bsu konteineru m\u016bsu termin\u0101l\u012b bez maksas l\u012bdz se\u0161iem m\u0113ne\u0161iem.<br \/>\nVienm\u0113r iesp\u0113jams vienoties par ilg\u0101ku laiku.<br \/>\nPiem\u0113ram, ja vieta v\u0113l nav gatava vai pieejama konteinera pieg\u0101dei.<br \/>\nT\u0101d\u0101 gad\u012bjum\u0101 konteinera cena nemain\u012bsies un var\u0113siet b\u016bt dro\u0161s, ka izv\u0113l\u0113to konteineru sa\u0146emsiet norun\u0101taj\u0101 laik\u0101.<\/p>\n<ul>\n<li>Lab\u0101k\u0101s cenas garantija \u2013 m\u0113s vienm\u0113r pied\u0101v\u0101jam konteineram lab\u0101ko pied\u0101v\u0101jumu.<\/li>\n<\/ul>\n<p>Sekojiet mums\u00a0<a href=\"https:\/\/www.facebook.com\/konteinerveod\/\">Facebook<\/a>\u00a0vai\u00a0<a href=\"https:\/\/www.instagram.com\/ou_miil\/\">Instagram.<\/a><\/p>\n","protected":false},"excerpt":{"rendered":"<p>Pied\u0101v\u0101jam 23DC ISO tvert\u0146u konteinerus (MIIU3300463) p\u0101rdo\u0161anai vai ilgtermi\u0146a nomai, piem\u0113roti \u0161\u0137idrumu uzglab\u0101\u0161anai un sild\u012b\u0161anai. Bezmaksas uzglab\u0101\u0161ana l\u012bdz se\u0161iem m\u0113ne\u0161iem \u2014 sazinieties ar mums, lai ieg\u016btu vair\u0101k inform\u0101cijas.<\/p>\n","protected":false},"featured_media":25546,"comment_status":"closed","ping_status":"closed","template":"","meta":{"_acf_changed":false},"product_cat":[332,364,380],"product_tag":[],"class_list":{"0":"post-25526","1":"product","2":"type-product","3":"status-publish","4":"has-post-thumbnail","6":"product_cat-lietoti-konteineri","7":"product_cat-20-6-metri","8":"product_cat-20tank-lv","10":"first","11":"instock","12":"shipping-taxable","13":"purchasable","14":"product-type-simple"},"acf":[],"yoast_head":"<!-- This site is optimized with the Yoast SEO Premium plugin v23.9 (Yoast SEO v27.5) - https:\/\/yoast.com\/product\/yoast-seo-premium-wordpress\/ -->\n<title>23DC ISO tank MIIU3300463 - pieg\u0101des laiks 21+ dienas - Miil O\u00dc<\/title>\n<meta name=\"description\" content=\"23DC ISO tank MIIU3300463 \/ \u0161\u0137idruma konteineru | Tvertnes konteiners ir piem\u0113rots da\u017e\u0101du \u0161\u0137idrumu uzglab\u0101\u0161anai vai transport\u0113\u0161anai | noma un tirdzniec\u012bba\" \/>\n<meta name=\"robots\" content=\"index, follow, max-snippet:-1, max-image-preview:large, max-video-preview:-1\" \/>\n<link rel=\"canonical\" href=\"https:\/\/miil.dev.almic.ee\/lv\/toode\/23dc-iso-tank-miiu3300463\/\" \/>\n<meta property=\"og:locale\" content=\"lv_LV\" \/>\n<meta property=\"og:type\" content=\"article\" \/>\n<meta property=\"og:title\" content=\"23DC ISO tank MIIU3300463 - pieg\u0101des laiks 21+ dienas\" \/>\n<meta property=\"og:description\" content=\"23DC ISO tank MIIU3300463 \/ \u0161\u0137idruma konteineru | Tvertnes konteiners ir piem\u0113rots da\u017e\u0101du \u0161\u0137idrumu uzglab\u0101\u0161anai vai transport\u0113\u0161anai | noma un tirdzniec\u012bba\" \/>\n<meta property=\"og:url\" content=\"https:\/\/miil.dev.almic.ee\/lv\/toode\/23dc-iso-tank-miiu3300463\/\" \/>\n<meta property=\"og:site_name\" content=\"Miil O\u00dc\" \/>\n<meta property=\"article:publisher\" content=\"https:\/\/www.facebook.com\/konteinerveod\/\" \/>\n<meta property=\"article:modified_time\" content=\"2025-02-27T12:57:50+00:00\" \/>\n<meta property=\"og:image\" content=\"https:\/\/miil.dev.almic.ee\/wp-content\/uploads\/2022\/12\/tank-konteinerid.jpg\" \/>\n\t<meta property=\"og:image:width\" content=\"1728\" \/>\n\t<meta property=\"og:image:height\" content=\"1296\" \/>\n\t<meta property=\"og:image:type\" content=\"image\/jpeg\" \/>\n<meta name=\"twitter:card\" content=\"summary_large_image\" \/>\n<meta name=\"twitter:label1\" content=\"Price\" \/>\n\t<meta name=\"twitter:data1\" content=\"25000,00&nbsp;&euro;\" \/>\n\t<meta name=\"twitter:label2\" content=\"Availability\" \/>\n\t<meta name=\"twitter:data2\" content=\"In stock\" \/>\n<script type=\"application\/ld+json\" class=\"yoast-schema-graph\">{\"@context\":\"https:\\\/\\\/schema.org\",\"@graph\":[{\"@type\":\"WebPage\",\"@id\":\"https:\\\/\\\/miil.dev.almic.ee\\\/lv\\\/toode\\\/23dc-iso-tank-miiu3300463\\\/\",\"url\":\"https:\\\/\\\/miil.dev.almic.ee\\\/lv\\\/toode\\\/23dc-iso-tank-miiu3300463\\\/\",\"name\":\"23DC ISO tank MIIU3300463 - pieg\u0101des laiks 21+ dienas - Miil O\u00dc\",\"isPartOf\":{\"@id\":\"https:\\\/\\\/miil.dev.almic.ee\\\/#website\"},\"primaryImageOfPage\":{\"@id\":\"https:\\\/\\\/miil.dev.almic.ee\\\/lv\\\/toode\\\/23dc-iso-tank-miiu3300463\\\/#primaryimage\"},\"image\":{\"@id\":\"https:\\\/\\\/miil.dev.almic.ee\\\/lv\\\/toode\\\/23dc-iso-tank-miiu3300463\\\/#primaryimage\"},\"thumbnailUrl\":\"https:\\\/\\\/miil.dev.almic.ee\\\/wp-content\\\/uploads\\\/2022\\\/12\\\/tank-konteinerid.jpg\",\"datePublished\":\"2022-12-23T09:23:40+00:00\",\"dateModified\":\"2025-02-27T12:57:50+00:00\",\"description\":\"23DC ISO tank MIIU3300463 \\\/ \u0161\u0137idruma konteineru | Tvertnes konteiners ir piem\u0113rots da\u017e\u0101du \u0161\u0137idrumu uzglab\u0101\u0161anai vai transport\u0113\u0161anai | noma un tirdzniec\u012bba\",\"breadcrumb\":{\"@id\":\"https:\\\/\\\/miil.dev.almic.ee\\\/lv\\\/toode\\\/23dc-iso-tank-miiu3300463\\\/#breadcrumb\"},\"inLanguage\":\"lv-LV\",\"potentialAction\":[{\"@type\":\"ReadAction\",\"target\":[\"https:\\\/\\\/miil.dev.almic.ee\\\/lv\\\/toode\\\/23dc-iso-tank-miiu3300463\\\/\"]}]},{\"@type\":\"ImageObject\",\"inLanguage\":\"lv-LV\",\"@id\":\"https:\\\/\\\/miil.dev.almic.ee\\\/lv\\\/toode\\\/23dc-iso-tank-miiu3300463\\\/#primaryimage\",\"url\":\"https:\\\/\\\/miil.dev.almic.ee\\\/wp-content\\\/uploads\\\/2022\\\/12\\\/tank-konteinerid.jpg\",\"contentUrl\":\"https:\\\/\\\/miil.dev.almic.ee\\\/wp-content\\\/uploads\\\/2022\\\/12\\\/tank-konteinerid.jpg\",\"width\":1728,\"height\":1296,\"caption\":\"ISO tank konteiner\"},{\"@type\":\"BreadcrumbList\",\"@id\":\"https:\\\/\\\/miil.dev.almic.ee\\\/lv\\\/toode\\\/23dc-iso-tank-miiu3300463\\\/#breadcrumb\",\"itemListElement\":[{\"@type\":\"ListItem\",\"position\":1,\"name\":\"Home\",\"item\":\"https:\\\/\\\/miil.dev.almic.ee\\\/lv\\\/\"},{\"@type\":\"ListItem\",\"position\":2,\"name\":\"Veikals\",\"item\":\"https:\\\/\\\/miil.dev.almic.ee\\\/lv\\\/veikals\\\/\"},{\"@type\":\"ListItem\",\"position\":3,\"name\":\"23DC ISO tank MIIU3300463 &#8211; pieg\u0101des laiks 21+ dienas\"}]},{\"@type\":\"WebSite\",\"@id\":\"https:\\\/\\\/miil.dev.almic.ee\\\/#website\",\"url\":\"https:\\\/\\\/miil.dev.almic.ee\\\/\",\"name\":\"Miil O\u00dc\",\"description\":\"Konteinerveod\",\"publisher\":{\"@id\":\"https:\\\/\\\/miil.dev.almic.ee\\\/#organization\"},\"potentialAction\":[{\"@type\":\"SearchAction\",\"target\":{\"@type\":\"EntryPoint\",\"urlTemplate\":\"https:\\\/\\\/miil.dev.almic.ee\\\/?s={search_term_string}\"},\"query-input\":{\"@type\":\"PropertyValueSpecification\",\"valueRequired\":true,\"valueName\":\"search_term_string\"}}],\"inLanguage\":\"lv-LV\"},{\"@type\":\"Organization\",\"@id\":\"https:\\\/\\\/miil.dev.almic.ee\\\/#organization\",\"name\":\"Miil O\u00dc\",\"url\":\"https:\\\/\\\/miil.dev.almic.ee\\\/\",\"logo\":{\"@type\":\"ImageObject\",\"inLanguage\":\"lv-LV\",\"@id\":\"https:\\\/\\\/miil.dev.almic.ee\\\/#\\\/schema\\\/logo\\\/image\\\/\",\"url\":\"https:\\\/\\\/www.miil.ee\\\/wp-content\\\/uploads\\\/2022\\\/02\\\/Miil-logo.svg\",\"contentUrl\":\"https:\\\/\\\/www.miil.ee\\\/wp-content\\\/uploads\\\/2022\\\/02\\\/Miil-logo.svg\",\"width\":\"1024\",\"height\":\"1024\",\"caption\":\"Miil O\u00dc\"},\"image\":{\"@id\":\"https:\\\/\\\/miil.dev.almic.ee\\\/#\\\/schema\\\/logo\\\/image\\\/\"},\"sameAs\":[\"https:\\\/\\\/www.facebook.com\\\/konteinerveod\\\/\",\"https:\\\/\\\/www.instagram.com\\\/ou_miil\\\/\"]}]}<\/script>\n<meta property=\"product:price:amount\" content=\"25000.00\" \/>\n<meta property=\"product:price:currency\" content=\"EUR\" \/>\n<meta property=\"og:availability\" content=\"instock\" \/>\n<meta property=\"product:availability\" content=\"instock\" \/>\n<meta property=\"product:retailer_item_id\" content=\"MIIU3300463\" \/>\n<meta property=\"product:condition\" content=\"new\" \/>\n<!-- \/ Yoast SEO Premium plugin. -->","yoast_head_json":{"title":"23DC ISO tank MIIU3300463 - pieg\u0101des laiks 21+ dienas - Miil O\u00dc","description":"23DC ISO tank MIIU3300463 \/ \u0161\u0137idruma konteineru | Tvertnes konteiners ir piem\u0113rots da\u017e\u0101du \u0161\u0137idrumu uzglab\u0101\u0161anai vai transport\u0113\u0161anai | noma un tirdzniec\u012bba","robots":{"index":"index","follow":"follow","max-snippet":"max-snippet:-1","max-image-preview":"max-image-preview:large","max-video-preview":"max-video-preview:-1"},"canonical":"https:\/\/miil.dev.almic.ee\/lv\/toode\/23dc-iso-tank-miiu3300463\/","og_locale":"lv_LV","og_type":"article","og_title":"23DC ISO tank MIIU3300463 - pieg\u0101des laiks 21+ dienas","og_description":"23DC ISO tank MIIU3300463 \/ \u0161\u0137idruma konteineru | Tvertnes konteiners ir piem\u0113rots da\u017e\u0101du \u0161\u0137idrumu uzglab\u0101\u0161anai vai transport\u0113\u0161anai | noma un tirdzniec\u012bba","og_url":"https:\/\/miil.dev.almic.ee\/lv\/toode\/23dc-iso-tank-miiu3300463\/","og_site_name":"Miil O\u00dc","article_publisher":"https:\/\/www.facebook.com\/konteinerveod\/","article_modified_time":"2025-02-27T12:57:50+00:00","og_image":[{"width":1728,"height":1296,"url":"https:\/\/miil.dev.almic.ee\/wp-content\/uploads\/2022\/12\/tank-konteinerid.jpg","type":"image\/jpeg"}],"twitter_card":"summary_large_image","twitter_misc":{"Price":"25000,00&nbsp;&euro;","Availability":"In stock"},"schema":{"@context":"https:\/\/schema.org","@graph":[{"@type":"WebPage","@id":"https:\/\/miil.dev.almic.ee\/lv\/toode\/23dc-iso-tank-miiu3300463\/","url":"https:\/\/miil.dev.almic.ee\/lv\/toode\/23dc-iso-tank-miiu3300463\/","name":"23DC ISO tank MIIU3300463 - pieg\u0101des laiks 21+ dienas - Miil O\u00dc","isPartOf":{"@id":"https:\/\/miil.dev.almic.ee\/#website"},"primaryImageOfPage":{"@id":"https:\/\/miil.dev.almic.ee\/lv\/toode\/23dc-iso-tank-miiu3300463\/#primaryimage"},"image":{"@id":"https:\/\/miil.dev.almic.ee\/lv\/toode\/23dc-iso-tank-miiu3300463\/#primaryimage"},"thumbnailUrl":"https:\/\/miil.dev.almic.ee\/wp-content\/uploads\/2022\/12\/tank-konteinerid.jpg","datePublished":"2022-12-23T09:23:40+00:00","dateModified":"2025-02-27T12:57:50+00:00","description":"23DC ISO tank MIIU3300463 \/ \u0161\u0137idruma konteineru | Tvertnes konteiners ir piem\u0113rots da\u017e\u0101du \u0161\u0137idrumu uzglab\u0101\u0161anai vai transport\u0113\u0161anai | noma un tirdzniec\u012bba","breadcrumb":{"@id":"https:\/\/miil.dev.almic.ee\/lv\/toode\/23dc-iso-tank-miiu3300463\/#breadcrumb"},"inLanguage":"lv-LV","potentialAction":[{"@type":"ReadAction","target":["https:\/\/miil.dev.almic.ee\/lv\/toode\/23dc-iso-tank-miiu3300463\/"]}]},{"@type":"ImageObject","inLanguage":"lv-LV","@id":"https:\/\/miil.dev.almic.ee\/lv\/toode\/23dc-iso-tank-miiu3300463\/#primaryimage","url":"https:\/\/miil.dev.almic.ee\/wp-content\/uploads\/2022\/12\/tank-konteinerid.jpg","contentUrl":"https:\/\/miil.dev.almic.ee\/wp-content\/uploads\/2022\/12\/tank-konteinerid.jpg","width":1728,"height":1296,"caption":"ISO tank konteiner"},{"@type":"BreadcrumbList","@id":"https:\/\/miil.dev.almic.ee\/lv\/toode\/23dc-iso-tank-miiu3300463\/#breadcrumb","itemListElement":[{"@type":"ListItem","position":1,"name":"Home","item":"https:\/\/miil.dev.almic.ee\/lv\/"},{"@type":"ListItem","position":2,"name":"Veikals","item":"https:\/\/miil.dev.almic.ee\/lv\/veikals\/"},{"@type":"ListItem","position":3,"name":"23DC ISO tank MIIU3300463 &#8211; pieg\u0101des laiks 21+ dienas"}]},{"@type":"WebSite","@id":"https:\/\/miil.dev.almic.ee\/#website","url":"https:\/\/miil.dev.almic.ee\/","name":"Miil O\u00dc","description":"Konteinerveod","publisher":{"@id":"https:\/\/miil.dev.almic.ee\/#organization"},"potentialAction":[{"@type":"SearchAction","target":{"@type":"EntryPoint","urlTemplate":"https:\/\/miil.dev.almic.ee\/?s={search_term_string}"},"query-input":{"@type":"PropertyValueSpecification","valueRequired":true,"valueName":"search_term_string"}}],"inLanguage":"lv-LV"},{"@type":"Organization","@id":"https:\/\/miil.dev.almic.ee\/#organization","name":"Miil O\u00dc","url":"https:\/\/miil.dev.almic.ee\/","logo":{"@type":"ImageObject","inLanguage":"lv-LV","@id":"https:\/\/miil.dev.almic.ee\/#\/schema\/logo\/image\/","url":"https:\/\/www.miil.ee\/wp-content\/uploads\/2022\/02\/Miil-logo.svg","contentUrl":"https:\/\/www.miil.ee\/wp-content\/uploads\/2022\/02\/Miil-logo.svg","width":"1024","height":"1024","caption":"Miil O\u00dc"},"image":{"@id":"https:\/\/miil.dev.almic.ee\/#\/schema\/logo\/image\/"},"sameAs":["https:\/\/www.facebook.com\/konteinerveod\/","https:\/\/www.instagram.com\/ou_miil\/"]}]},"product_price_amount":"25000.00","product_price_currency":"EUR","og_availability":"instock","product_availability":"instock","product_retailer_item_id":"MIIU3300463","product_condition":"new"},"_links":{"self":[{"href":"https:\/\/miil.dev.almic.ee\/lv\/wp-json\/wp\/v2\/product\/25526","targetHints":{"allow":["GET"]}}],"collection":[{"href":"https:\/\/miil.dev.almic.ee\/lv\/wp-json\/wp\/v2\/product"}],"about":[{"href":"https:\/\/miil.dev.almic.ee\/lv\/wp-json\/wp\/v2\/types\/product"}],"replies":[{"embeddable":true,"href":"https:\/\/miil.dev.almic.ee\/lv\/wp-json\/wp\/v2\/comments?post=25526"}],"wp:featuredmedia":[{"embeddable":true,"href":"https:\/\/miil.dev.almic.ee\/lv\/wp-json\/wp\/v2\/media\/25546"}],"wp:attachment":[{"href":"https:\/\/miil.dev.almic.ee\/lv\/wp-json\/wp\/v2\/media?parent=25526"}],"wp:term":[{"taxonomy":"product_cat","embeddable":true,"href":"https:\/\/miil.dev.almic.ee\/lv\/wp-json\/wp\/v2\/product_cat?post=25526"},{"taxonomy":"product_tag","embeddable":true,"href":"https:\/\/miil.dev.almic.ee\/lv\/wp-json\/wp\/v2\/product_tag?post=25526"}],"curies":[{"name":"wp","href":"https:\/\/api.w.org\/{rel}","templated":true}]}}