{"id":22146,"date":"2022-11-11T10:20:46","date_gmt":"2022-11-11T08:20:46","guid":{"rendered":"https:\/\/www.miil.ee\/?post_type=product&#038;p=22146"},"modified":"2024-11-01T14:47:40","modified_gmt":"2024-11-01T12:47:40","slug":"juras-konteineru-plaukti-rainis","status":"publish","type":"product","link":"https:\/\/miil.dev.almic.ee\/lv\/toode\/juras-konteineru-plaukti-rainis\/","title":{"rendered":"J\u016bras konteineru plaukti &#8220;Rainis&#8221;"},"content":{"rendered":"<h1>J\u016bras konteineru plaukti<\/h1>\n<p>Paredz\u0113tie plaukti atbilst j\u016bras konteinera aug\u0161\u0113j\u0101m cilp\u0101m.<br \/>\nPlaukti &#8220;Rainis&#8221; ir \u0101trs un \u0113rts risin\u0101jums, kad nepiecie\u0161ams uzglab\u0101t caurules, caurules vai citus gar\u0101kus produktus.<br \/>\nPlauktam ir papildus pastiprin\u0101jumi un visas att\u0113l\u0101 redzam\u0101s spraugas ir izmantojamas.<br \/>\nVar pievienot ar\u012b galda gabalus un izmantot k\u0101 parastu plauktu.<br \/>\nEfekt\u012bvs un daudzpus\u012bgs risin\u0101jums gar\u0101ku produktu uzglab\u0101\u0161anai j\u016bras konteiner\u0101.<\/p>\n<p>\u0160ie plaukti ir \u012bpa\u0161i izstr\u0101d\u0101ti, lai ietilptu konteinera aug\u0161\u0113j\u0101s cilp\u0101s, nodro\u0161inot \u0101tru un \u0113rtu l\u016b\u017e\u0146u, cauru\u013cu un citu gar\u0101ku priek\u0161metu uzglab\u0101\u0161anu.<\/p>\n<p>Plaukts &#8220;Rainis&#8221; ir apr\u012bkots ar papildus pastiprin\u0101jumiem, kas nodro\u0161ina stabilit\u0101ti un iztur\u012bbu. Visas att\u0113l\u0101 redzam\u0101s spraugas ir lietojamas, \u013caujot piel\u0101got plauktu atbilsto\u0161i sav\u0101m vajadz\u012bb\u0101m. Turkl\u0101t ir iesp\u0113jams pievienot galda gabalus, padarot to par daudzpus\u012bgu risin\u0101jumu ar\u012b parastu priek\u0161metu uzglab\u0101\u0161anai.<\/p>\n<p>M\u016bsu iztur\u012bgos plauktus varat \u0113rti pas\u016bt\u012bt interneta veikal\u0101 MIIL.ee. Tie pied\u0101v\u0101 praktisku un vietu taupo\u0161u uzglab\u0101\u0161anu j\u016bras konteineros, \u013caujot efekt\u012bvi organiz\u0113t un aizsarg\u0101t gar\u0101kus produktus. M\u0113s specializ\u0113jamies j\u016bras konteineru piederumu p\u0101rdo\u0161an\u0101 un nodro\u0161in\u0101\u0161an\u0101 un garant\u0113jam m\u016bsu produktu kvalit\u0101ti un iztur\u012bbu.<\/p>\n<p>Izv\u0113lieties no m\u016bsu pla\u0161\u0101 piem\u0113roto plauktu kl\u0101sta un nodro\u0161iniet efekt\u012bvu un organiz\u0113tu uzglab\u0101\u0161anu sav\u0101 j\u016bras konteiner\u0101. MIIL.ee ir j\u016bsu uzticamais partneris j\u016bras konteineru un uzglab\u0101\u0161anas risin\u0101jumu jom\u0101.<\/p>\n<h2>transport\u0113\u0161ana un pacel\u0161ana?<\/h2>\n<p>P\u0113c piem\u0113rota konteinera izv\u0113les varam veikt iepako\u0161anu un transport\u0113\u0161anu.<br \/>\nP\u0101rvad\u0101\u0161anai parasti izmantojam\u00a0<a href=\"https:\/\/www.miil.ee\/lv\/pakalpojumi\/celtnis\/\">celtnis<\/a>\u00a0vai\u00a0<a href=\"https:\/\/www.miil.ee\/lv\/pakalpojumi\/sanu-iekraveji-sideloader\/\">s\u0101nu iekr\u0101v\u0113ju.<\/a><br \/>\nM\u0113s izmantojam\u00a0<a href=\"https:\/\/www.miil.ee\/lv\/pakalpojumi\/ram-pasizgazejs\/\">RAM backloader<\/a>, lai aptvertu vissare\u017e\u0123\u012bt\u0101k\u0101s vietas.<br \/>\nP\u0113c t\u0101 ieg\u0101des m\u0113s glab\u0101jam j\u016bsu konteineru m\u016bsu termin\u0101l\u012b bez maksas l\u012bdz se\u0161iem m\u0113ne\u0161iem.<br \/>\nVienm\u0113r iesp\u0113jams vienoties par ilg\u0101ku laiku.<br \/>\nPiem\u0113ram, ja vieta v\u0113l nav gatava vai pieejama konteinera pieg\u0101dei.<br \/>\nT\u0101d\u0101 gad\u012bjum\u0101 konteinera cena nemain\u012bsies un var\u0113siet b\u016bt dro\u0161s, ka izv\u0113l\u0113to konteineru sa\u0146emsiet norun\u0101taj\u0101 laik\u0101.<\/p>\n<ul>\n<li>Lab\u0101k\u0101s cenas garantija \u2013 m\u0113s vienm\u0113r pied\u0101v\u0101jam konteineram lab\u0101ko pied\u0101v\u0101jumu.<\/li>\n<\/ul>\n<p>Sekojiet mums\u00a0<a href=\"https:\/\/www.facebook.com\/konteinerveod\/\">Facebook<\/a>\u00a0vai\u00a0<a href=\"https:\/\/www.instagram.com\/ou_miil\/\">Instagram<\/a><\/p>\n<p>&nbsp;<\/p>\n","protected":false},"excerpt":{"rendered":"<p>J\u016bras konteineru plaukti.<br \/>\nPlaukti &#8220;Rainis&#8221;, piem\u0113roti j\u016bras konteinera aug\u0161\u0113jiem posmiem.<br \/>\nJ\u016bras konteineru plaukti &#8220;Rainis&#8221; ir \u0101trs un \u0113rts risin\u0101jums, kad nepiecie\u0161ams uzglab\u0101t caurules, caurules vai citus gar\u0101kus produktus.<br \/>\nPlauktam ir papildus pastiprin\u0101jumi un izmantojamas visas att\u0113l\u0101 redzam\u0101s atveres.<br \/>\nVar pievienot ar\u012b galda gabalus un izmantot k\u0101 parastu plauktu.<\/p>\n","protected":false},"featured_media":22167,"comment_status":"closed","ping_status":"closed","template":"","meta":{"_acf_changed":false},"product_cat":[336],"product_tag":[],"class_list":{"0":"post-22146","1":"product","2":"type-product","3":"status-publish","4":"has-post-thumbnail","6":"product_cat-papildu-piederumi","8":"first","9":"instock","10":"shipping-taxable","11":"purchasable","12":"product-type-simple"},"acf":[],"yoast_head":"<!-- This site is optimized with the Yoast SEO Premium plugin v23.9 (Yoast SEO v27.5) - https:\/\/yoast.com\/product\/yoast-seo-premium-wordpress\/ -->\n<title>J\u016bras konteineru plaukti &quot;Rainis&quot; - Miil O\u00dc<\/title>\n<meta name=\"description\" content=\"J\u016bras konteineru plaukti | Jauns j\u016bras konteiners | Juras konteiner transport | Juras konteiner jauns | Containex jauns | www.miil.lv | +372 57 50 3328\" \/>\n<meta name=\"robots\" content=\"index, follow, max-snippet:-1, max-image-preview:large, max-video-preview:-1\" \/>\n<link rel=\"canonical\" href=\"https:\/\/miil.dev.almic.ee\/lv\/toode\/juras-konteineru-plaukti-rainis\/\" \/>\n<meta property=\"og:locale\" content=\"lv_LV\" \/>\n<meta property=\"og:type\" content=\"article\" \/>\n<meta property=\"og:title\" content=\"J\u016bras konteineru plaukti &quot;Rainis&quot;\" \/>\n<meta property=\"og:description\" content=\"J\u016bras konteineru plaukti | Jauns j\u016bras konteiners | Juras konteiner transport | Juras konteiner jauns | Containex jauns | www.miil.lv | +372 57 50 3328\" \/>\n<meta property=\"og:url\" content=\"https:\/\/miil.dev.almic.ee\/lv\/toode\/juras-konteineru-plaukti-rainis\/\" \/>\n<meta property=\"og:site_name\" content=\"Miil O\u00dc\" \/>\n<meta property=\"article:publisher\" content=\"https:\/\/www.facebook.com\/konteinerveod\/\" \/>\n<meta property=\"article:modified_time\" content=\"2024-11-01T12:47:40+00:00\" \/>\n<meta property=\"og:image\" content=\"https:\/\/miil.dev.almic.ee\/wp-content\/uploads\/2022\/11\/4.jpg\" \/>\n\t<meta property=\"og:image:width\" content=\"1296\" \/>\n\t<meta property=\"og:image:height\" content=\"1728\" \/>\n\t<meta property=\"og:image:type\" content=\"image\/jpeg\" \/>\n<meta name=\"twitter:card\" content=\"summary_large_image\" \/>\n<meta name=\"twitter:label1\" content=\"Price\" \/>\n\t<meta name=\"twitter:data1\" content=\"115,00&nbsp;&euro;\" \/>\n\t<meta name=\"twitter:label2\" content=\"Availability\" \/>\n\t<meta name=\"twitter:data2\" content=\"In stock\" \/>\n<script type=\"application\/ld+json\" class=\"yoast-schema-graph\">{\"@context\":\"https:\\\/\\\/schema.org\",\"@graph\":[{\"@type\":\"WebPage\",\"@id\":\"https:\\\/\\\/miil.dev.almic.ee\\\/lv\\\/toode\\\/juras-konteineru-plaukti-rainis\\\/\",\"url\":\"https:\\\/\\\/miil.dev.almic.ee\\\/lv\\\/toode\\\/juras-konteineru-plaukti-rainis\\\/\",\"name\":\"J\u016bras konteineru plaukti \\\"Rainis\\\" - Miil O\u00dc\",\"isPartOf\":{\"@id\":\"https:\\\/\\\/miil.dev.almic.ee\\\/#website\"},\"primaryImageOfPage\":{\"@id\":\"https:\\\/\\\/miil.dev.almic.ee\\\/lv\\\/toode\\\/juras-konteineru-plaukti-rainis\\\/#primaryimage\"},\"image\":{\"@id\":\"https:\\\/\\\/miil.dev.almic.ee\\\/lv\\\/toode\\\/juras-konteineru-plaukti-rainis\\\/#primaryimage\"},\"thumbnailUrl\":\"https:\\\/\\\/miil.dev.almic.ee\\\/wp-content\\\/uploads\\\/2022\\\/11\\\/4.jpg\",\"datePublished\":\"2022-11-11T08:20:46+00:00\",\"dateModified\":\"2024-11-01T12:47:40+00:00\",\"description\":\"J\u016bras konteineru plaukti | Jauns j\u016bras konteiners | Juras konteiner transport | Juras konteiner jauns | Containex jauns | www.miil.lv | +372 57 50 3328\",\"breadcrumb\":{\"@id\":\"https:\\\/\\\/miil.dev.almic.ee\\\/lv\\\/toode\\\/juras-konteineru-plaukti-rainis\\\/#breadcrumb\"},\"inLanguage\":\"lv-LV\",\"potentialAction\":[{\"@type\":\"ReadAction\",\"target\":[\"https:\\\/\\\/miil.dev.almic.ee\\\/lv\\\/toode\\\/juras-konteineru-plaukti-rainis\\\/\"]}]},{\"@type\":\"ImageObject\",\"inLanguage\":\"lv-LV\",\"@id\":\"https:\\\/\\\/miil.dev.almic.ee\\\/lv\\\/toode\\\/juras-konteineru-plaukti-rainis\\\/#primaryimage\",\"url\":\"https:\\\/\\\/miil.dev.almic.ee\\\/wp-content\\\/uploads\\\/2022\\\/11\\\/4.jpg\",\"contentUrl\":\"https:\\\/\\\/miil.dev.almic.ee\\\/wp-content\\\/uploads\\\/2022\\\/11\\\/4.jpg\",\"width\":1296,\"height\":1728},{\"@type\":\"BreadcrumbList\",\"@id\":\"https:\\\/\\\/miil.dev.almic.ee\\\/lv\\\/toode\\\/juras-konteineru-plaukti-rainis\\\/#breadcrumb\",\"itemListElement\":[{\"@type\":\"ListItem\",\"position\":1,\"name\":\"Home\",\"item\":\"https:\\\/\\\/miil.dev.almic.ee\\\/lv\\\/\"},{\"@type\":\"ListItem\",\"position\":2,\"name\":\"Veikals\",\"item\":\"https:\\\/\\\/miil.dev.almic.ee\\\/lv\\\/veikals\\\/\"},{\"@type\":\"ListItem\",\"position\":3,\"name\":\"J\u016bras konteineru plaukti &#8220;Rainis&#8221;\"}]},{\"@type\":\"WebSite\",\"@id\":\"https:\\\/\\\/miil.dev.almic.ee\\\/#website\",\"url\":\"https:\\\/\\\/miil.dev.almic.ee\\\/\",\"name\":\"Miil O\u00dc\",\"description\":\"Konteinerveod\",\"publisher\":{\"@id\":\"https:\\\/\\\/miil.dev.almic.ee\\\/#organization\"},\"potentialAction\":[{\"@type\":\"SearchAction\",\"target\":{\"@type\":\"EntryPoint\",\"urlTemplate\":\"https:\\\/\\\/miil.dev.almic.ee\\\/?s={search_term_string}\"},\"query-input\":{\"@type\":\"PropertyValueSpecification\",\"valueRequired\":true,\"valueName\":\"search_term_string\"}}],\"inLanguage\":\"lv-LV\"},{\"@type\":\"Organization\",\"@id\":\"https:\\\/\\\/miil.dev.almic.ee\\\/#organization\",\"name\":\"Miil O\u00dc\",\"url\":\"https:\\\/\\\/miil.dev.almic.ee\\\/\",\"logo\":{\"@type\":\"ImageObject\",\"inLanguage\":\"lv-LV\",\"@id\":\"https:\\\/\\\/miil.dev.almic.ee\\\/#\\\/schema\\\/logo\\\/image\\\/\",\"url\":\"https:\\\/\\\/www.miil.ee\\\/wp-content\\\/uploads\\\/2022\\\/02\\\/Miil-logo.svg\",\"contentUrl\":\"https:\\\/\\\/www.miil.ee\\\/wp-content\\\/uploads\\\/2022\\\/02\\\/Miil-logo.svg\",\"width\":\"1024\",\"height\":\"1024\",\"caption\":\"Miil O\u00dc\"},\"image\":{\"@id\":\"https:\\\/\\\/miil.dev.almic.ee\\\/#\\\/schema\\\/logo\\\/image\\\/\"},\"sameAs\":[\"https:\\\/\\\/www.facebook.com\\\/konteinerveod\\\/\",\"https:\\\/\\\/www.instagram.com\\\/ou_miil\\\/\"]}]}<\/script>\n<meta property=\"product:price:amount\" content=\"115.00\" \/>\n<meta property=\"product:price:currency\" content=\"EUR\" \/>\n<meta property=\"og:availability\" content=\"instock\" \/>\n<meta property=\"product:availability\" content=\"instock\" \/>\n<meta property=\"product:retailer_item_id\" content=\"1568112553753-1\" \/>\n<meta property=\"product:condition\" content=\"new\" \/>\n<!-- \/ Yoast SEO Premium plugin. -->","yoast_head_json":{"title":"J\u016bras konteineru plaukti \"Rainis\" - Miil O\u00dc","description":"J\u016bras konteineru plaukti | Jauns j\u016bras konteiners | Juras konteiner transport | Juras konteiner jauns | Containex jauns | www.miil.lv | +372 57 50 3328","robots":{"index":"index","follow":"follow","max-snippet":"max-snippet:-1","max-image-preview":"max-image-preview:large","max-video-preview":"max-video-preview:-1"},"canonical":"https:\/\/miil.dev.almic.ee\/lv\/toode\/juras-konteineru-plaukti-rainis\/","og_locale":"lv_LV","og_type":"article","og_title":"J\u016bras konteineru plaukti \"Rainis\"","og_description":"J\u016bras konteineru plaukti | Jauns j\u016bras konteiners | Juras konteiner transport | Juras konteiner jauns | Containex jauns | www.miil.lv | +372 57 50 3328","og_url":"https:\/\/miil.dev.almic.ee\/lv\/toode\/juras-konteineru-plaukti-rainis\/","og_site_name":"Miil O\u00dc","article_publisher":"https:\/\/www.facebook.com\/konteinerveod\/","article_modified_time":"2024-11-01T12:47:40+00:00","og_image":[{"width":1296,"height":1728,"url":"https:\/\/miil.dev.almic.ee\/wp-content\/uploads\/2022\/11\/4.jpg","type":"image\/jpeg"}],"twitter_card":"summary_large_image","twitter_misc":{"Price":"115,00&nbsp;&euro;","Availability":"In stock"},"schema":{"@context":"https:\/\/schema.org","@graph":[{"@type":"WebPage","@id":"https:\/\/miil.dev.almic.ee\/lv\/toode\/juras-konteineru-plaukti-rainis\/","url":"https:\/\/miil.dev.almic.ee\/lv\/toode\/juras-konteineru-plaukti-rainis\/","name":"J\u016bras konteineru plaukti \"Rainis\" - Miil O\u00dc","isPartOf":{"@id":"https:\/\/miil.dev.almic.ee\/#website"},"primaryImageOfPage":{"@id":"https:\/\/miil.dev.almic.ee\/lv\/toode\/juras-konteineru-plaukti-rainis\/#primaryimage"},"image":{"@id":"https:\/\/miil.dev.almic.ee\/lv\/toode\/juras-konteineru-plaukti-rainis\/#primaryimage"},"thumbnailUrl":"https:\/\/miil.dev.almic.ee\/wp-content\/uploads\/2022\/11\/4.jpg","datePublished":"2022-11-11T08:20:46+00:00","dateModified":"2024-11-01T12:47:40+00:00","description":"J\u016bras konteineru plaukti | Jauns j\u016bras konteiners | Juras konteiner transport | Juras konteiner jauns | Containex jauns | www.miil.lv | +372 57 50 3328","breadcrumb":{"@id":"https:\/\/miil.dev.almic.ee\/lv\/toode\/juras-konteineru-plaukti-rainis\/#breadcrumb"},"inLanguage":"lv-LV","potentialAction":[{"@type":"ReadAction","target":["https:\/\/miil.dev.almic.ee\/lv\/toode\/juras-konteineru-plaukti-rainis\/"]}]},{"@type":"ImageObject","inLanguage":"lv-LV","@id":"https:\/\/miil.dev.almic.ee\/lv\/toode\/juras-konteineru-plaukti-rainis\/#primaryimage","url":"https:\/\/miil.dev.almic.ee\/wp-content\/uploads\/2022\/11\/4.jpg","contentUrl":"https:\/\/miil.dev.almic.ee\/wp-content\/uploads\/2022\/11\/4.jpg","width":1296,"height":1728},{"@type":"BreadcrumbList","@id":"https:\/\/miil.dev.almic.ee\/lv\/toode\/juras-konteineru-plaukti-rainis\/#breadcrumb","itemListElement":[{"@type":"ListItem","position":1,"name":"Home","item":"https:\/\/miil.dev.almic.ee\/lv\/"},{"@type":"ListItem","position":2,"name":"Veikals","item":"https:\/\/miil.dev.almic.ee\/lv\/veikals\/"},{"@type":"ListItem","position":3,"name":"J\u016bras konteineru plaukti &#8220;Rainis&#8221;"}]},{"@type":"WebSite","@id":"https:\/\/miil.dev.almic.ee\/#website","url":"https:\/\/miil.dev.almic.ee\/","name":"Miil O\u00dc","description":"Konteinerveod","publisher":{"@id":"https:\/\/miil.dev.almic.ee\/#organization"},"potentialAction":[{"@type":"SearchAction","target":{"@type":"EntryPoint","urlTemplate":"https:\/\/miil.dev.almic.ee\/?s={search_term_string}"},"query-input":{"@type":"PropertyValueSpecification","valueRequired":true,"valueName":"search_term_string"}}],"inLanguage":"lv-LV"},{"@type":"Organization","@id":"https:\/\/miil.dev.almic.ee\/#organization","name":"Miil O\u00dc","url":"https:\/\/miil.dev.almic.ee\/","logo":{"@type":"ImageObject","inLanguage":"lv-LV","@id":"https:\/\/miil.dev.almic.ee\/#\/schema\/logo\/image\/","url":"https:\/\/www.miil.ee\/wp-content\/uploads\/2022\/02\/Miil-logo.svg","contentUrl":"https:\/\/www.miil.ee\/wp-content\/uploads\/2022\/02\/Miil-logo.svg","width":"1024","height":"1024","caption":"Miil O\u00dc"},"image":{"@id":"https:\/\/miil.dev.almic.ee\/#\/schema\/logo\/image\/"},"sameAs":["https:\/\/www.facebook.com\/konteinerveod\/","https:\/\/www.instagram.com\/ou_miil\/"]}]},"product_price_amount":"115.00","product_price_currency":"EUR","og_availability":"instock","product_availability":"instock","product_retailer_item_id":"1568112553753-1","product_condition":"new"},"_links":{"self":[{"href":"https:\/\/miil.dev.almic.ee\/lv\/wp-json\/wp\/v2\/product\/22146","targetHints":{"allow":["GET"]}}],"collection":[{"href":"https:\/\/miil.dev.almic.ee\/lv\/wp-json\/wp\/v2\/product"}],"about":[{"href":"https:\/\/miil.dev.almic.ee\/lv\/wp-json\/wp\/v2\/types\/product"}],"replies":[{"embeddable":true,"href":"https:\/\/miil.dev.almic.ee\/lv\/wp-json\/wp\/v2\/comments?post=22146"}],"wp:featuredmedia":[{"embeddable":true,"href":"https:\/\/miil.dev.almic.ee\/lv\/wp-json\/wp\/v2\/media\/22167"}],"wp:attachment":[{"href":"https:\/\/miil.dev.almic.ee\/lv\/wp-json\/wp\/v2\/media?parent=22146"}],"wp:term":[{"taxonomy":"product_cat","embeddable":true,"href":"https:\/\/miil.dev.almic.ee\/lv\/wp-json\/wp\/v2\/product_cat?post=22146"},{"taxonomy":"product_tag","embeddable":true,"href":"https:\/\/miil.dev.almic.ee\/lv\/wp-json\/wp\/v2\/product_tag?post=22146"}],"curies":[{"name":"wp","href":"https:\/\/api.w.org\/{rel}","templated":true}]}}