{"id":18958,"date":"2022-10-03T18:07:13","date_gmt":"2022-10-03T15:07:14","guid":{"rendered":"https:\/\/www.miil.ee\/?post_type=product&#038;p=18958"},"modified":"2024-12-02T10:38:22","modified_gmt":"2024-12-02T08:38:22","slug":"konteineru-noma-nr169","status":"publish","type":"product","link":"https:\/\/miil.dev.almic.ee\/lv\/toode\/konteineru-noma-nr169\/","title":{"rendered":"Konteineru noma nr 169 &#8211; TARTU"},"content":{"rendered":"<h1>J\u016bras konteineru tirdzniec\u012bba un noma Tartu.<\/h1>\n<p>Konteineru noma nr 169 &#8211; TARTU &#8211; Adrese &#8211; T\u00e4he 114C, Tartu.<br \/>\nIznom\u0101jam un p\u0101rdodam ar\u012b biroja kaj\u012btes.<br \/>\nKonteinerus var apskat\u012bt un aptaust\u012bt m\u016bsu Tartu termin\u0101l\u012b.<br \/>\nNB transports! Iepriek\u0161\u0113jo probl\u0113mu d\u0113\u013c m\u0113s nelai\u017eam klientu smago tehniku \u200b\u200buz m\u016bsu Tartu termin\u0101li.<br \/>\nLai pied\u0101v\u0101tu konteinerus par lab\u0101ko cenu, m\u016bsu Tartu biroj\u0101 nav personas, kas iekrautu konteinerus j\u016bsu automa\u0161\u012bn\u0101.<br \/>\nM\u0113s veicam kvalitat\u012bvu pieg\u0101di tikai ar m\u016bsu pa\u0161u celtni.<\/p>\n<p>*P\u0113rkot konteineru no m\u016bsu Tallinas termin\u0101\u013ca, preces var iz\u0146emt ar savu transportu.<\/p>\n<h2>Lietots j\u016bras konteiners.<\/h2>\n<p>Lietotie j\u016bras konteineri ir ku\u0123ojam\u0101 st\u0101vokl\u012b, ja vien nav nor\u0101d\u012bts cit\u0101di;<\/p>\n<ul>\n<li>Konteinera durvis var atv\u0113rt un aizv\u0113rt ar cilv\u0113ka sp\u0113ku.<\/li>\n<li>Konteinera griesti ir neskarti un nav \u016bdens nopl\u016bdes.<\/li>\n<li>Konteinera apak\u0161da\u013ca ir neskarta un to var izmantot ar iekr\u0101v\u0113ju vai rokas iekr\u0101v\u0113ju.<\/li>\n<li>Konteinera konstrukcijas boj\u0101jumu nav.<\/li>\n<li>J\u016bras konteiners atbilst bild\u0113m.<\/li>\n<li>Sadarb\u012bb\u0101 ar Inbank.ee pieejama iesp\u0113ja P\u0113rc tagad, maks\u0101 v\u0113l\u0101k, izmantojot atlaides kodu &#8220;KONTEINER&#8221;.<\/li>\n<li>J\u016bras konteineru noma: 50 + km\/m\u0113n<\/li>\n<li>Lab\u0101k\u0101s cenas garantija!<\/li>\n<\/ul>\n<p>Vienm\u0113r sniedzam lab\u0101ko pied\u0101v\u0101jumu l\u012bdzv\u0113rt\u012bgam konteineram vai biroja kab\u012bne.<\/p>\n<h2>Konteineru noma nr 169 &#8211; TARTU &#8211; Transports un substr\u0101ts?<\/h2>\n<p>Konteiners nav nepiecie\u0161ams pamats, un to var uzst\u0101d\u012bt ar\u012b uz z\u0101liena.<br \/>\nUzst\u0101d\u012b\u0161anas laik\u0101 ieteicams, lai konteinera \u010detri st\u016bri b\u016btu vien\u0101d\u0101 augstum\u0101.<br \/>\nKonteiners balst\u0101s tikai uz st\u016briem, konteinera vid\u016b nav nepiecie\u0161ami balsti, pat ar 30 tonn\u0101m pre\u010du iek\u0161\u0101.<br \/>\nSt\u016bru atbalstam var izmantot akme\u0146us, fibo, \u016bdensiztur\u012bgu sapl\u0101ksni, gumijas zoles un taml\u012bdz\u012bgi.<\/p>\n<p>Biroja kaj\u012b\u0161u p\u0101rdo\u0161ana<br \/>\nbiroja kaj\u012b\u0161u noma<br \/>\nJ\u016bras konteineru tirdzniec\u012bba<br \/>\nJ\u016bras konteineru noma<\/p>\n<p>P\u0101rvad\u0101\u0161anai parasti izmantojam\u00a0<a href=\"https:\/\/www.miil.ee\/lv\/pakalpojumi\/celtnis\/\">celtnis<\/a>\u00a0vai\u00a0<a href=\"https:\/\/www.miil.ee\/lv\/pakalpojumi\/sanu-iekraveji-sideloader\/\">s\u0101nu iekr\u0101v\u0113ju.<\/a><br \/>\nM\u0113s izmantojam\u00a0<a href=\"https:\/\/www.miil.ee\/lv\/pakalpojumi\/ram-pasizgazejs\/\">RAM backloader<\/a>, lai aptvertu vissare\u017e\u0123\u012bt\u0101k\u0101s vietas.<\/p>\n<p>Sekojiet mums\u00a0<a href=\"https:\/\/www.facebook.com\/konteinerveod\/\">Facebook<\/a>\u00a0vai\u00a0<a href=\"https:\/\/www.instagram.com\/ou_miil\/\">Instagram.<\/a><\/p>\n","protected":false},"excerpt":{"rendered":"<p>J\u016bras konteineru tirdzniec\u012bba un noma Tartu. Konteineru noma nr 169 &#8211; TARTU &#8211; Adrese &#8211; T\u00e4he 114C, Tartu. Iznom\u0101jam un p\u0101rdodam ar\u012b biroja kaj\u012btes. Konteinerus var apskat\u012bt un aptaust\u012bt m\u016bsu Tartu termin\u0101l\u012b. NB transports! Iepriek\u0161\u0113jo probl\u0113mu d\u0113\u013c m\u0113s nelai\u017eam klientu smago tehniku \u200b\u200buz m\u016bsu Tartu termin\u0101li. Lai pied\u0101v\u0101tu konteinerus par lab\u0101ko cenu, m\u016bsu Tartu biroj\u0101&#8230;<\/p>\n","protected":false},"featured_media":18962,"comment_status":"open","ping_status":"closed","template":"","meta":{"_acf_changed":false},"product_cat":[340],"product_tag":[],"class_list":{"0":"post-18958","1":"product","2":"type-product","3":"status-publish","4":"has-post-thumbnail","6":"product_cat-konteineri-nomai","8":"first","9":"instock","10":"shipping-taxable","11":"purchasable","12":"product-type-simple"},"acf":[],"yoast_head":"<!-- This site is optimized with the Yoast SEO Premium plugin v23.9 (Yoast SEO v27.5) - https:\/\/yoast.com\/product\/yoast-seo-premium-wordpress\/ -->\n<title>Konteineru noma nr 169 - TARTU - Miil O\u00dc<\/title>\n<meta name=\"description\" content=\"Konteineru noma nr 169 - TARTU | Juras konteiners izp\u0101rdo\u0161ana | Juras konteiners \u012br\u0113t | tiek p\u0101rdota biroja kab\u012bne | Juras konteiners transport |\" \/>\n<meta name=\"robots\" content=\"index, follow, max-snippet:-1, max-image-preview:large, max-video-preview:-1\" \/>\n<link rel=\"canonical\" href=\"https:\/\/miil.dev.almic.ee\/lv\/toode\/konteineru-noma-nr169\/\" \/>\n<meta property=\"og:locale\" content=\"lv_LV\" \/>\n<meta property=\"og:type\" content=\"article\" \/>\n<meta property=\"og:title\" content=\"Konteineru noma nr 169 - TARTU\" \/>\n<meta property=\"og:description\" content=\"Konteineru noma nr 169 - TARTU | Juras konteiners izp\u0101rdo\u0161ana | Juras konteiners \u012br\u0113t | tiek p\u0101rdota biroja kab\u012bne | Juras konteiners transport |\" \/>\n<meta property=\"og:url\" content=\"https:\/\/miil.dev.almic.ee\/lv\/toode\/konteineru-noma-nr169\/\" \/>\n<meta property=\"og:site_name\" content=\"Miil O\u00dc\" \/>\n<meta property=\"article:publisher\" content=\"https:\/\/www.facebook.com\/konteinerveod\/\" \/>\n<meta property=\"article:modified_time\" content=\"2024-12-02T08:38:22+00:00\" \/>\n<meta property=\"og:image\" content=\"https:\/\/miil.dev.almic.ee\/wp-content\/uploads\/2022\/10\/merekonteinerite-muuk-laokonteinerite-muuk-konteinerite-rent-shipping-container-sales-1.jpg\" \/>\n\t<meta property=\"og:image:width\" content=\"1728\" \/>\n\t<meta property=\"og:image:height\" content=\"1296\" \/>\n\t<meta property=\"og:image:type\" content=\"image\/jpeg\" \/>\n<meta name=\"twitter:card\" content=\"summary_large_image\" \/>\n<meta name=\"twitter:label1\" content=\"Price\" \/>\n\t<meta name=\"twitter:data1\" content=\"50,00&nbsp;&euro;\" \/>\n\t<meta name=\"twitter:label2\" content=\"Availability\" \/>\n\t<meta name=\"twitter:data2\" content=\"In stock\" \/>\n<script type=\"application\/ld+json\" class=\"yoast-schema-graph\">{\"@context\":\"https:\\\/\\\/schema.org\",\"@graph\":[{\"@type\":\"WebPage\",\"@id\":\"https:\\\/\\\/miil.dev.almic.ee\\\/lv\\\/toode\\\/konteineru-noma-nr169\\\/\",\"url\":\"https:\\\/\\\/miil.dev.almic.ee\\\/lv\\\/toode\\\/konteineru-noma-nr169\\\/\",\"name\":\"Konteineru noma nr 169 - TARTU - Miil O\u00dc\",\"isPartOf\":{\"@id\":\"https:\\\/\\\/miil.dev.almic.ee\\\/#website\"},\"primaryImageOfPage\":{\"@id\":\"https:\\\/\\\/miil.dev.almic.ee\\\/lv\\\/toode\\\/konteineru-noma-nr169\\\/#primaryimage\"},\"image\":{\"@id\":\"https:\\\/\\\/miil.dev.almic.ee\\\/lv\\\/toode\\\/konteineru-noma-nr169\\\/#primaryimage\"},\"thumbnailUrl\":\"https:\\\/\\\/miil.dev.almic.ee\\\/wp-content\\\/uploads\\\/2022\\\/10\\\/merekonteinerite-muuk-laokonteinerite-muuk-konteinerite-rent-shipping-container-sales-1.jpg\",\"datePublished\":\"2022-10-03T15:07:14+00:00\",\"dateModified\":\"2024-12-02T08:38:22+00:00\",\"description\":\"Konteineru noma nr 169 - TARTU | Juras konteiners izp\u0101rdo\u0161ana | Juras konteiners \u012br\u0113t | tiek p\u0101rdota biroja kab\u012bne | Juras konteiners transport |\",\"breadcrumb\":{\"@id\":\"https:\\\/\\\/miil.dev.almic.ee\\\/lv\\\/toode\\\/konteineru-noma-nr169\\\/#breadcrumb\"},\"inLanguage\":\"lv-LV\",\"potentialAction\":[{\"@type\":\"ReadAction\",\"target\":[\"https:\\\/\\\/miil.dev.almic.ee\\\/lv\\\/toode\\\/konteineru-noma-nr169\\\/\"]}]},{\"@type\":\"ImageObject\",\"inLanguage\":\"lv-LV\",\"@id\":\"https:\\\/\\\/miil.dev.almic.ee\\\/lv\\\/toode\\\/konteineru-noma-nr169\\\/#primaryimage\",\"url\":\"https:\\\/\\\/miil.dev.almic.ee\\\/wp-content\\\/uploads\\\/2022\\\/10\\\/merekonteinerite-muuk-laokonteinerite-muuk-konteinerite-rent-shipping-container-sales-1.jpg\",\"contentUrl\":\"https:\\\/\\\/miil.dev.almic.ee\\\/wp-content\\\/uploads\\\/2022\\\/10\\\/merekonteinerite-muuk-laokonteinerite-muuk-konteinerite-rent-shipping-container-sales-1.jpg\",\"width\":1728,\"height\":1296},{\"@type\":\"BreadcrumbList\",\"@id\":\"https:\\\/\\\/miil.dev.almic.ee\\\/lv\\\/toode\\\/konteineru-noma-nr169\\\/#breadcrumb\",\"itemListElement\":[{\"@type\":\"ListItem\",\"position\":1,\"name\":\"Home\",\"item\":\"https:\\\/\\\/miil.dev.almic.ee\\\/lv\\\/\"},{\"@type\":\"ListItem\",\"position\":2,\"name\":\"Veikals\",\"item\":\"https:\\\/\\\/miil.dev.almic.ee\\\/lv\\\/veikals\\\/\"},{\"@type\":\"ListItem\",\"position\":3,\"name\":\"Konteineru noma nr 169 &#8211; TARTU\"}]},{\"@type\":\"WebSite\",\"@id\":\"https:\\\/\\\/miil.dev.almic.ee\\\/#website\",\"url\":\"https:\\\/\\\/miil.dev.almic.ee\\\/\",\"name\":\"Miil O\u00dc\",\"description\":\"Konteinerveod\",\"publisher\":{\"@id\":\"https:\\\/\\\/miil.dev.almic.ee\\\/#organization\"},\"potentialAction\":[{\"@type\":\"SearchAction\",\"target\":{\"@type\":\"EntryPoint\",\"urlTemplate\":\"https:\\\/\\\/miil.dev.almic.ee\\\/?s={search_term_string}\"},\"query-input\":{\"@type\":\"PropertyValueSpecification\",\"valueRequired\":true,\"valueName\":\"search_term_string\"}}],\"inLanguage\":\"lv-LV\"},{\"@type\":\"Organization\",\"@id\":\"https:\\\/\\\/miil.dev.almic.ee\\\/#organization\",\"name\":\"Miil O\u00dc\",\"url\":\"https:\\\/\\\/miil.dev.almic.ee\\\/\",\"logo\":{\"@type\":\"ImageObject\",\"inLanguage\":\"lv-LV\",\"@id\":\"https:\\\/\\\/miil.dev.almic.ee\\\/#\\\/schema\\\/logo\\\/image\\\/\",\"url\":\"https:\\\/\\\/www.miil.ee\\\/wp-content\\\/uploads\\\/2022\\\/02\\\/Miil-logo.svg\",\"contentUrl\":\"https:\\\/\\\/www.miil.ee\\\/wp-content\\\/uploads\\\/2022\\\/02\\\/Miil-logo.svg\",\"width\":\"1024\",\"height\":\"1024\",\"caption\":\"Miil O\u00dc\"},\"image\":{\"@id\":\"https:\\\/\\\/miil.dev.almic.ee\\\/#\\\/schema\\\/logo\\\/image\\\/\"},\"sameAs\":[\"https:\\\/\\\/www.facebook.com\\\/konteinerveod\\\/\",\"https:\\\/\\\/www.instagram.com\\\/ou_miil\\\/\"]}]}<\/script>\n<meta property=\"product:price:amount\" content=\"50.00\" \/>\n<meta property=\"product:price:currency\" content=\"EUR\" \/>\n<meta property=\"og:availability\" content=\"instock\" \/>\n<meta property=\"product:availability\" content=\"instock\" \/>\n<meta property=\"product:condition\" content=\"new\" \/>\n<!-- \/ Yoast SEO Premium plugin. -->","yoast_head_json":{"title":"Konteineru noma nr 169 - TARTU - Miil O\u00dc","description":"Konteineru noma nr 169 - TARTU | Juras konteiners izp\u0101rdo\u0161ana | Juras konteiners \u012br\u0113t | tiek p\u0101rdota biroja kab\u012bne | Juras konteiners transport |","robots":{"index":"index","follow":"follow","max-snippet":"max-snippet:-1","max-image-preview":"max-image-preview:large","max-video-preview":"max-video-preview:-1"},"canonical":"https:\/\/miil.dev.almic.ee\/lv\/toode\/konteineru-noma-nr169\/","og_locale":"lv_LV","og_type":"article","og_title":"Konteineru noma nr 169 - TARTU","og_description":"Konteineru noma nr 169 - TARTU | Juras konteiners izp\u0101rdo\u0161ana | Juras konteiners \u012br\u0113t | tiek p\u0101rdota biroja kab\u012bne | Juras konteiners transport |","og_url":"https:\/\/miil.dev.almic.ee\/lv\/toode\/konteineru-noma-nr169\/","og_site_name":"Miil O\u00dc","article_publisher":"https:\/\/www.facebook.com\/konteinerveod\/","article_modified_time":"2024-12-02T08:38:22+00:00","og_image":[{"width":1728,"height":1296,"url":"https:\/\/miil.dev.almic.ee\/wp-content\/uploads\/2022\/10\/merekonteinerite-muuk-laokonteinerite-muuk-konteinerite-rent-shipping-container-sales-1.jpg","type":"image\/jpeg"}],"twitter_card":"summary_large_image","twitter_misc":{"Price":"50,00&nbsp;&euro;","Availability":"In stock"},"schema":{"@context":"https:\/\/schema.org","@graph":[{"@type":"WebPage","@id":"https:\/\/miil.dev.almic.ee\/lv\/toode\/konteineru-noma-nr169\/","url":"https:\/\/miil.dev.almic.ee\/lv\/toode\/konteineru-noma-nr169\/","name":"Konteineru noma nr 169 - TARTU - Miil O\u00dc","isPartOf":{"@id":"https:\/\/miil.dev.almic.ee\/#website"},"primaryImageOfPage":{"@id":"https:\/\/miil.dev.almic.ee\/lv\/toode\/konteineru-noma-nr169\/#primaryimage"},"image":{"@id":"https:\/\/miil.dev.almic.ee\/lv\/toode\/konteineru-noma-nr169\/#primaryimage"},"thumbnailUrl":"https:\/\/miil.dev.almic.ee\/wp-content\/uploads\/2022\/10\/merekonteinerite-muuk-laokonteinerite-muuk-konteinerite-rent-shipping-container-sales-1.jpg","datePublished":"2022-10-03T15:07:14+00:00","dateModified":"2024-12-02T08:38:22+00:00","description":"Konteineru noma nr 169 - TARTU | Juras konteiners izp\u0101rdo\u0161ana | Juras konteiners \u012br\u0113t | tiek p\u0101rdota biroja kab\u012bne | Juras konteiners transport |","breadcrumb":{"@id":"https:\/\/miil.dev.almic.ee\/lv\/toode\/konteineru-noma-nr169\/#breadcrumb"},"inLanguage":"lv-LV","potentialAction":[{"@type":"ReadAction","target":["https:\/\/miil.dev.almic.ee\/lv\/toode\/konteineru-noma-nr169\/"]}]},{"@type":"ImageObject","inLanguage":"lv-LV","@id":"https:\/\/miil.dev.almic.ee\/lv\/toode\/konteineru-noma-nr169\/#primaryimage","url":"https:\/\/miil.dev.almic.ee\/wp-content\/uploads\/2022\/10\/merekonteinerite-muuk-laokonteinerite-muuk-konteinerite-rent-shipping-container-sales-1.jpg","contentUrl":"https:\/\/miil.dev.almic.ee\/wp-content\/uploads\/2022\/10\/merekonteinerite-muuk-laokonteinerite-muuk-konteinerite-rent-shipping-container-sales-1.jpg","width":1728,"height":1296},{"@type":"BreadcrumbList","@id":"https:\/\/miil.dev.almic.ee\/lv\/toode\/konteineru-noma-nr169\/#breadcrumb","itemListElement":[{"@type":"ListItem","position":1,"name":"Home","item":"https:\/\/miil.dev.almic.ee\/lv\/"},{"@type":"ListItem","position":2,"name":"Veikals","item":"https:\/\/miil.dev.almic.ee\/lv\/veikals\/"},{"@type":"ListItem","position":3,"name":"Konteineru noma nr 169 &#8211; TARTU"}]},{"@type":"WebSite","@id":"https:\/\/miil.dev.almic.ee\/#website","url":"https:\/\/miil.dev.almic.ee\/","name":"Miil O\u00dc","description":"Konteinerveod","publisher":{"@id":"https:\/\/miil.dev.almic.ee\/#organization"},"potentialAction":[{"@type":"SearchAction","target":{"@type":"EntryPoint","urlTemplate":"https:\/\/miil.dev.almic.ee\/?s={search_term_string}"},"query-input":{"@type":"PropertyValueSpecification","valueRequired":true,"valueName":"search_term_string"}}],"inLanguage":"lv-LV"},{"@type":"Organization","@id":"https:\/\/miil.dev.almic.ee\/#organization","name":"Miil O\u00dc","url":"https:\/\/miil.dev.almic.ee\/","logo":{"@type":"ImageObject","inLanguage":"lv-LV","@id":"https:\/\/miil.dev.almic.ee\/#\/schema\/logo\/image\/","url":"https:\/\/www.miil.ee\/wp-content\/uploads\/2022\/02\/Miil-logo.svg","contentUrl":"https:\/\/www.miil.ee\/wp-content\/uploads\/2022\/02\/Miil-logo.svg","width":"1024","height":"1024","caption":"Miil O\u00dc"},"image":{"@id":"https:\/\/miil.dev.almic.ee\/#\/schema\/logo\/image\/"},"sameAs":["https:\/\/www.facebook.com\/konteinerveod\/","https:\/\/www.instagram.com\/ou_miil\/"]}]},"product_price_amount":"50.00","product_price_currency":"EUR","og_availability":"instock","product_availability":"instock","product_condition":"new"},"_links":{"self":[{"href":"https:\/\/miil.dev.almic.ee\/lv\/wp-json\/wp\/v2\/product\/18958","targetHints":{"allow":["GET"]}}],"collection":[{"href":"https:\/\/miil.dev.almic.ee\/lv\/wp-json\/wp\/v2\/product"}],"about":[{"href":"https:\/\/miil.dev.almic.ee\/lv\/wp-json\/wp\/v2\/types\/product"}],"replies":[{"embeddable":true,"href":"https:\/\/miil.dev.almic.ee\/lv\/wp-json\/wp\/v2\/comments?post=18958"}],"wp:featuredmedia":[{"embeddable":true,"href":"https:\/\/miil.dev.almic.ee\/lv\/wp-json\/wp\/v2\/media\/18962"}],"wp:attachment":[{"href":"https:\/\/miil.dev.almic.ee\/lv\/wp-json\/wp\/v2\/media?parent=18958"}],"wp:term":[{"taxonomy":"product_cat","embeddable":true,"href":"https:\/\/miil.dev.almic.ee\/lv\/wp-json\/wp\/v2\/product_cat?post=18958"},{"taxonomy":"product_tag","embeddable":true,"href":"https:\/\/miil.dev.almic.ee\/lv\/wp-json\/wp\/v2\/product_tag?post=18958"}],"curies":[{"name":"wp","href":"https:\/\/api.w.org\/{rel}","templated":true}]}}