{"id":18075,"date":"2022-09-28T11:21:23","date_gmt":"2022-09-28T08:21:24","guid":{"rendered":"https:\/\/www.miil.ee\/?post_type=product&#038;p=18075"},"modified":"2024-12-02T10:33:57","modified_gmt":"2024-12-02T08:33:57","slug":"modulx-double-miiu0172","status":"publish","type":"product","link":"https:\/\/miil.dev.almic.ee\/lv\/toode\/modulx-double-miiu0172\/","title":{"rendered":"Biroja kab\u012bne ModulX MIIU0224"},"content":{"rendered":"<h1>Biroja kaj\u012btes<\/h1>\n<h2>Kaj\u012btes un mini m\u0101jas.<\/h2>\n<p>Biroja kab\u012bne ModulX MIIU0224 &#8211; Kaj\u012btes var izmantot k\u0101 koted\u017eu, tirdzniec\u012bbas telpu vai noliktavas telpu.<br \/>\nDa\u017e\u0101di risin\u0101jumi atbilsto\u0161i klientu vajadz\u012bb\u0101m. Var izv\u0113l\u0113ties sild\u012bt\u0101ja durvju un logu poz\u012bcijas.<br \/>\nPapildus pied\u0101v\u0101jam \u0101r\u0113jo apdari ar ap\u0161uvuma d\u0113\u013ciem, rullo durvju uzst\u0101d\u012b\u0161anu, transport\u0113\u0161anu un daudz ko citu.<\/p>\n<h2>Kaj\u012btes vai konteineri?<\/h2>\n<p>Visi konteineri tiek ra\u017eoti \u0100zij\u0101.<br \/>\nJauni konteineri uz m\u016bsu termin\u0101li p\u0101rvietojas ar vienvirziena krav\u0101m, lai izvair\u012btos no transport\u0113\u0161anas izmaks\u0101m, kas cit\u0101di tiktu pieskait\u012btas konteinera cenai.<\/p>\n<ul>\n<li>Att\u0113li atbilst reklam\u0113tajam konteineram.<\/li>\n<li>Transport\u0113\u0161anas laik\u0101 konteineram var b\u016bt nelieli kosm\u0113tiski defekti.<\/li>\n<li>J\u016bras konteineram kop\u0101 ir \u010detras saites, un to var apr\u012bkot ar 3+ sl\u0113dzen\u0113m.<\/li>\n<li>Sl\u0113dzenes aizsargs atrodas divu durvju vid\u016b.<\/li>\n<li>Papildu ventil\u0101cija s\u0101nos.<\/li>\n<li>P\u0113rciet tagad maks\u0101 v\u0113l\u0101k iesp\u0113ju sadarb\u012bb\u0101 ar Inbank.ee, izmantojot atlaides kodu &#8220;KONTEINER&#8221;.<\/li>\n<li>P\u0113c vieno\u0161an\u0101s iesp\u0113jama j\u016bras konteineru noma.<\/li>\n<li>Lab\u0101k\u0101s cenas garantija!<\/li>\n<\/ul>\n<p>Vienm\u0113r sniedzam lab\u0101ko pied\u0101v\u0101jumu l\u012bdzv\u0113rt\u012bgam konteineram vai biroja kab\u012bne.<\/p>\n<h2>Biroja kab\u012bne ModulX MIIU0224 &#8211; Koted\u017ea un mini m\u0101ja<\/h2>\n<p>Siltin\u0101t\u0101 kab\u012bne vairs nav tikai pagaidu \u0113ka b\u016bvlaukum\u0101, m\u016bsdien\u012bgas augstas kvalit\u0101tes kab\u012bnes ar skr\u016bvju savienojumiem ir lieliski piem\u0113rotas vasarn\u012bcai vai komercplat\u012bb\u0101m.<br \/>\nGatavai mini m\u0101ji\u0146ai nav nepiecie\u0161ami ne pamati, ne celtnieks \u2013 pas\u016bti un izbaudi?<br \/>\nUzst\u0101d\u012b\u0161ana aiz\u0146em maz\u0101k nek\u0101 30 min\u016btes, un m\u0101ja var p\u0101rdot gatavu risin\u0101jumu, kas noz\u012bm\u0113, ka to var pieg\u0101d\u0101t taj\u0101 pa\u0161\u0101 dien\u0101.<br \/>\nJa v\u0113laties izv\u0113l\u0113ties loga vai durvju atra\u0161an\u0101s vietu, tas pras\u012bs nedaudz vair\u0101k laika.<br \/>\nPapildus siltin\u0101\u0161anai, ja nepiecie\u0161ams, izb\u016bv\u0113jam starpsienas, uzst\u0101d\u0101m ru\u013c\u013cdurvis, metin\u0101m vai projekt\u0113jam Jums piem\u0113rotu rekl\u0101mas konteineru.<br \/>\nKab\u012bne ar ru\u013c\u013cdurv\u012bm atverama manu\u0101li, par papildus samaksu varam uzst\u0101d\u012bt motora vad\u012bbu no pults, koda vai lietotnes.<\/p>\n<h2>Biroja kab\u012bne ModulX MIIU0224 pirkt vai \u012br\u0113t?<\/h2>\n<p>Papildus tirdzniec\u012bbai m\u0113s ar\u012b nom\u0101jam kaj\u012btes.<br \/>\nBiroja kab\u012bne ModulX ir ide\u0101ls variants, ja jums ir nepiecie\u0161ama kaj\u012bte \u012bslaic\u012bgai izmanto\u0161anai celtniec\u012bb\u0101 vai ar\u012b k\u0101 sezonas koted\u017ea, birojs vai tirdzniec\u012bbas vieta.<br \/>\nKaj\u012b\u0161u noma ir garant\u0113ta un katram klientam varam atrast piem\u0113rotu risin\u0101jumu.<br \/>\nPie mums var \u012br\u0113t ar\u012b panor\u0101mas logus, koka m\u0101jas vai parast\u0101s silt\u0101s m\u0101jas un mini m\u0101jas.<br \/>\nM\u0113s pieg\u0101d\u0101jam sild\u012bt\u0101ju un uzst\u0101d\u0101m to p\u0113c klienta v\u0113lm\u0113m.<br \/>\nPied\u0101v\u0101jam pla\u0161as sadarb\u012bbas iesp\u0113jas, piem\u0113ram, nesezonas uzglab\u0101\u0161anai da\u017e\u0101d\u0101s pils\u0113t\u0101s. P\u0113rc tagad, maks\u0101 v\u0113l\u0101k, izmantojot Inbank.ee ar atlaides kodu &#8220;Konteiner&#8221;.<br \/>\nJa jums ir nepiecie\u0161ams viena, divst\u0101vu vai vair\u0101ku st\u0101vu risin\u0101jums, j\u016bs esat non\u0101cis \u012bstaj\u0101 viet\u0101!<br \/>\nNeviens projekts mums nav par lielu vai mazu, dro\u0161i jaut\u0101jiet un m\u0113s sadarb\u012bb\u0101 atrad\u012bsim lab\u0101ko risin\u0101jumu.<\/p>\n<p>P\u0101rvad\u0101\u0161anai parasti izmantojam <a href=\"https:\/\/www.miil.ee\/lv\/pakalpojumi\/celtnis\/\">celtnis<\/a> vai <a href=\"https:\/\/www.miil.ee\/lv\/pakalpojumi\/sanu-iekraveji-sideloader\/\">s\u0101nu iekr\u0101v\u0113ju.<\/a><br \/>\nM\u0113s izmantojam <a href=\"https:\/\/www.miil.ee\/lv\/pakalpojumi\/ram-pasizgazejs\/\">RAM backloader<\/a>, lai aptvertu vissare\u017e\u0123\u012bt\u0101k\u0101s vietas.<\/p>\n<p>Sekojiet mums <a href=\"https:\/\/www.facebook.com\/konteinerveod\/\">Facebook<\/a> vai <a href=\"https:\/\/www.instagram.com\/ou_miil\/\">Instagram.<\/a><\/p>\n","protected":false},"excerpt":{"rendered":"<p>Biroja kaj\u012btes Kaj\u012btes un mini m\u0101jas. Biroja kab\u012bne ModulX MIIU0224 &#8211; Kaj\u012btes var izmantot k\u0101 koted\u017eu, tirdzniec\u012bbas telpu vai noliktavas telpu. Da\u017e\u0101di risin\u0101jumi atbilsto\u0161i klientu vajadz\u012bb\u0101m. Var izv\u0113l\u0113ties sild\u012bt\u0101ja durvju un logu poz\u012bcijas. Papildus pied\u0101v\u0101jam \u0101r\u0113jo apdari ar ap\u0161uvuma d\u0113\u013ciem, rullo durvju uzst\u0101d\u012b\u0161anu, transport\u0113\u0161anu un daudz ko citu. Kaj\u012btes vai konteineri? Visi konteineri tiek ra\u017eoti&#8230;<\/p>\n","protected":false},"featured_media":18080,"comment_status":"closed","ping_status":"closed","template":"","meta":{"_acf_changed":false},"product_cat":[344,408],"product_tag":[],"class_list":{"0":"post-18075","1":"product","2":"type-product","3":"status-publish","4":"has-post-thumbnail","6":"product_cat-vagonini","7":"product_cat-jauni-vagonini","9":"first","10":"instock","11":"shipping-taxable","12":"purchasable","13":"product-type-simple"},"acf":[],"yoast_head":"<!-- This site is optimized with the Yoast SEO Premium plugin v23.9 (Yoast SEO v27.5) - https:\/\/yoast.com\/product\/yoast-seo-premium-wordpress\/ -->\n<title>Biroja kab\u012bne ModulX MIIU0224 - Miil O\u00dc<\/title>\n<meta name=\"description\" content=\"Biroja kab\u012bne ModulX MIIU0224 | Mini m\u0101jas un koted\u017eas | Kaj\u012b\u0161u noma un p\u0101rdo\u0161ana | Transports un remonts | Elektr\u012bbas darbi un apkure\" \/>\n<meta name=\"robots\" content=\"index, follow, max-snippet:-1, max-image-preview:large, max-video-preview:-1\" \/>\n<link rel=\"canonical\" href=\"https:\/\/miil.dev.almic.ee\/lv\/toode\/modulx-double-miiu0172\/\" \/>\n<meta property=\"og:locale\" content=\"lv_LV\" \/>\n<meta property=\"og:type\" content=\"article\" \/>\n<meta property=\"og:title\" content=\"Biroja kab\u012bne ModulX MIIU0224\" \/>\n<meta property=\"og:description\" content=\"Biroja kab\u012bne ModulX MIIU0224 | Mini m\u0101jas un koted\u017eas | Kaj\u012b\u0161u noma un p\u0101rdo\u0161ana | Transports un remonts | Elektr\u012bbas darbi un apkure\" \/>\n<meta property=\"og:url\" content=\"https:\/\/miil.dev.almic.ee\/lv\/toode\/modulx-double-miiu0172\/\" \/>\n<meta property=\"og:site_name\" content=\"Miil O\u00dc\" \/>\n<meta property=\"article:publisher\" content=\"https:\/\/www.facebook.com\/konteinerveod\/\" \/>\n<meta property=\"article:modified_time\" content=\"2024-12-02T08:33:57+00:00\" \/>\n<meta property=\"og:image\" content=\"https:\/\/miil.dev.almic.ee\/wp-content\/uploads\/2022\/09\/soojak-hall.jpg\" \/>\n\t<meta property=\"og:image:width\" content=\"1728\" \/>\n\t<meta property=\"og:image:height\" content=\"1296\" \/>\n\t<meta property=\"og:image:type\" content=\"image\/jpeg\" \/>\n<meta name=\"twitter:card\" content=\"summary_large_image\" \/>\n<meta name=\"twitter:label1\" content=\"Price\" \/>\n\t<meta name=\"twitter:data1\" content=\"14950,00&nbsp;&euro;\" \/>\n\t<meta name=\"twitter:label2\" content=\"Availability\" \/>\n\t<meta name=\"twitter:data2\" content=\"In stock\" \/>\n<script type=\"application\/ld+json\" class=\"yoast-schema-graph\">{\"@context\":\"https:\\\/\\\/schema.org\",\"@graph\":[{\"@type\":\"WebPage\",\"@id\":\"https:\\\/\\\/miil.dev.almic.ee\\\/lv\\\/toode\\\/modulx-double-miiu0172\\\/\",\"url\":\"https:\\\/\\\/miil.dev.almic.ee\\\/lv\\\/toode\\\/modulx-double-miiu0172\\\/\",\"name\":\"Biroja kab\u012bne ModulX MIIU0224 - Miil O\u00dc\",\"isPartOf\":{\"@id\":\"https:\\\/\\\/miil.dev.almic.ee\\\/#website\"},\"primaryImageOfPage\":{\"@id\":\"https:\\\/\\\/miil.dev.almic.ee\\\/lv\\\/toode\\\/modulx-double-miiu0172\\\/#primaryimage\"},\"image\":{\"@id\":\"https:\\\/\\\/miil.dev.almic.ee\\\/lv\\\/toode\\\/modulx-double-miiu0172\\\/#primaryimage\"},\"thumbnailUrl\":\"https:\\\/\\\/miil.dev.almic.ee\\\/wp-content\\\/uploads\\\/2022\\\/09\\\/soojak-hall.jpg\",\"datePublished\":\"2022-09-28T08:21:24+00:00\",\"dateModified\":\"2024-12-02T08:33:57+00:00\",\"description\":\"Biroja kab\u012bne ModulX MIIU0224 | Mini m\u0101jas un koted\u017eas | Kaj\u012b\u0161u noma un p\u0101rdo\u0161ana | Transports un remonts | Elektr\u012bbas darbi un apkure\",\"breadcrumb\":{\"@id\":\"https:\\\/\\\/miil.dev.almic.ee\\\/lv\\\/toode\\\/modulx-double-miiu0172\\\/#breadcrumb\"},\"inLanguage\":\"lv-LV\",\"potentialAction\":[{\"@type\":\"ReadAction\",\"target\":[\"https:\\\/\\\/miil.dev.almic.ee\\\/lv\\\/toode\\\/modulx-double-miiu0172\\\/\"]}]},{\"@type\":\"ImageObject\",\"inLanguage\":\"lv-LV\",\"@id\":\"https:\\\/\\\/miil.dev.almic.ee\\\/lv\\\/toode\\\/modulx-double-miiu0172\\\/#primaryimage\",\"url\":\"https:\\\/\\\/miil.dev.almic.ee\\\/wp-content\\\/uploads\\\/2022\\\/09\\\/soojak-hall.jpg\",\"contentUrl\":\"https:\\\/\\\/miil.dev.almic.ee\\\/wp-content\\\/uploads\\\/2022\\\/09\\\/soojak-hall.jpg\",\"width\":1728,\"height\":1296,\"caption\":\"Soojakud Containex\"},{\"@type\":\"BreadcrumbList\",\"@id\":\"https:\\\/\\\/miil.dev.almic.ee\\\/lv\\\/toode\\\/modulx-double-miiu0172\\\/#breadcrumb\",\"itemListElement\":[{\"@type\":\"ListItem\",\"position\":1,\"name\":\"Home\",\"item\":\"https:\\\/\\\/miil.dev.almic.ee\\\/lv\\\/\"},{\"@type\":\"ListItem\",\"position\":2,\"name\":\"Veikals\",\"item\":\"https:\\\/\\\/miil.dev.almic.ee\\\/lv\\\/veikals\\\/\"},{\"@type\":\"ListItem\",\"position\":3,\"name\":\"Biroja kab\u012bne ModulX MIIU0224\"}]},{\"@type\":\"WebSite\",\"@id\":\"https:\\\/\\\/miil.dev.almic.ee\\\/#website\",\"url\":\"https:\\\/\\\/miil.dev.almic.ee\\\/\",\"name\":\"Miil O\u00dc\",\"description\":\"Konteinerveod\",\"publisher\":{\"@id\":\"https:\\\/\\\/miil.dev.almic.ee\\\/#organization\"},\"potentialAction\":[{\"@type\":\"SearchAction\",\"target\":{\"@type\":\"EntryPoint\",\"urlTemplate\":\"https:\\\/\\\/miil.dev.almic.ee\\\/?s={search_term_string}\"},\"query-input\":{\"@type\":\"PropertyValueSpecification\",\"valueRequired\":true,\"valueName\":\"search_term_string\"}}],\"inLanguage\":\"lv-LV\"},{\"@type\":\"Organization\",\"@id\":\"https:\\\/\\\/miil.dev.almic.ee\\\/#organization\",\"name\":\"Miil O\u00dc\",\"url\":\"https:\\\/\\\/miil.dev.almic.ee\\\/\",\"logo\":{\"@type\":\"ImageObject\",\"inLanguage\":\"lv-LV\",\"@id\":\"https:\\\/\\\/miil.dev.almic.ee\\\/#\\\/schema\\\/logo\\\/image\\\/\",\"url\":\"https:\\\/\\\/www.miil.ee\\\/wp-content\\\/uploads\\\/2022\\\/02\\\/Miil-logo.svg\",\"contentUrl\":\"https:\\\/\\\/www.miil.ee\\\/wp-content\\\/uploads\\\/2022\\\/02\\\/Miil-logo.svg\",\"width\":\"1024\",\"height\":\"1024\",\"caption\":\"Miil O\u00dc\"},\"image\":{\"@id\":\"https:\\\/\\\/miil.dev.almic.ee\\\/#\\\/schema\\\/logo\\\/image\\\/\"},\"sameAs\":[\"https:\\\/\\\/www.facebook.com\\\/konteinerveod\\\/\",\"https:\\\/\\\/www.instagram.com\\\/ou_miil\\\/\"]}]}<\/script>\n<meta property=\"product:price:amount\" content=\"14950.00\" \/>\n<meta property=\"product:price:currency\" content=\"EUR\" \/>\n<meta property=\"og:availability\" content=\"instock\" \/>\n<meta property=\"product:availability\" content=\"instock\" \/>\n<meta property=\"product:retailer_item_id\" content=\"MIIU2250\" \/>\n<meta property=\"product:condition\" content=\"new\" \/>\n<!-- \/ Yoast SEO Premium plugin. -->","yoast_head_json":{"title":"Biroja kab\u012bne ModulX MIIU0224 - Miil O\u00dc","description":"Biroja kab\u012bne ModulX MIIU0224 | Mini m\u0101jas un koted\u017eas | Kaj\u012b\u0161u noma un p\u0101rdo\u0161ana | Transports un remonts | Elektr\u012bbas darbi un apkure","robots":{"index":"index","follow":"follow","max-snippet":"max-snippet:-1","max-image-preview":"max-image-preview:large","max-video-preview":"max-video-preview:-1"},"canonical":"https:\/\/miil.dev.almic.ee\/lv\/toode\/modulx-double-miiu0172\/","og_locale":"lv_LV","og_type":"article","og_title":"Biroja kab\u012bne ModulX MIIU0224","og_description":"Biroja kab\u012bne ModulX MIIU0224 | Mini m\u0101jas un koted\u017eas | Kaj\u012b\u0161u noma un p\u0101rdo\u0161ana | Transports un remonts | Elektr\u012bbas darbi un apkure","og_url":"https:\/\/miil.dev.almic.ee\/lv\/toode\/modulx-double-miiu0172\/","og_site_name":"Miil O\u00dc","article_publisher":"https:\/\/www.facebook.com\/konteinerveod\/","article_modified_time":"2024-12-02T08:33:57+00:00","og_image":[{"width":1728,"height":1296,"url":"https:\/\/miil.dev.almic.ee\/wp-content\/uploads\/2022\/09\/soojak-hall.jpg","type":"image\/jpeg"}],"twitter_card":"summary_large_image","twitter_misc":{"Price":"14950,00&nbsp;&euro;","Availability":"In stock"},"schema":{"@context":"https:\/\/schema.org","@graph":[{"@type":"WebPage","@id":"https:\/\/miil.dev.almic.ee\/lv\/toode\/modulx-double-miiu0172\/","url":"https:\/\/miil.dev.almic.ee\/lv\/toode\/modulx-double-miiu0172\/","name":"Biroja kab\u012bne ModulX MIIU0224 - Miil O\u00dc","isPartOf":{"@id":"https:\/\/miil.dev.almic.ee\/#website"},"primaryImageOfPage":{"@id":"https:\/\/miil.dev.almic.ee\/lv\/toode\/modulx-double-miiu0172\/#primaryimage"},"image":{"@id":"https:\/\/miil.dev.almic.ee\/lv\/toode\/modulx-double-miiu0172\/#primaryimage"},"thumbnailUrl":"https:\/\/miil.dev.almic.ee\/wp-content\/uploads\/2022\/09\/soojak-hall.jpg","datePublished":"2022-09-28T08:21:24+00:00","dateModified":"2024-12-02T08:33:57+00:00","description":"Biroja kab\u012bne ModulX MIIU0224 | Mini m\u0101jas un koted\u017eas | Kaj\u012b\u0161u noma un p\u0101rdo\u0161ana | Transports un remonts | Elektr\u012bbas darbi un apkure","breadcrumb":{"@id":"https:\/\/miil.dev.almic.ee\/lv\/toode\/modulx-double-miiu0172\/#breadcrumb"},"inLanguage":"lv-LV","potentialAction":[{"@type":"ReadAction","target":["https:\/\/miil.dev.almic.ee\/lv\/toode\/modulx-double-miiu0172\/"]}]},{"@type":"ImageObject","inLanguage":"lv-LV","@id":"https:\/\/miil.dev.almic.ee\/lv\/toode\/modulx-double-miiu0172\/#primaryimage","url":"https:\/\/miil.dev.almic.ee\/wp-content\/uploads\/2022\/09\/soojak-hall.jpg","contentUrl":"https:\/\/miil.dev.almic.ee\/wp-content\/uploads\/2022\/09\/soojak-hall.jpg","width":1728,"height":1296,"caption":"Soojakud Containex"},{"@type":"BreadcrumbList","@id":"https:\/\/miil.dev.almic.ee\/lv\/toode\/modulx-double-miiu0172\/#breadcrumb","itemListElement":[{"@type":"ListItem","position":1,"name":"Home","item":"https:\/\/miil.dev.almic.ee\/lv\/"},{"@type":"ListItem","position":2,"name":"Veikals","item":"https:\/\/miil.dev.almic.ee\/lv\/veikals\/"},{"@type":"ListItem","position":3,"name":"Biroja kab\u012bne ModulX MIIU0224"}]},{"@type":"WebSite","@id":"https:\/\/miil.dev.almic.ee\/#website","url":"https:\/\/miil.dev.almic.ee\/","name":"Miil O\u00dc","description":"Konteinerveod","publisher":{"@id":"https:\/\/miil.dev.almic.ee\/#organization"},"potentialAction":[{"@type":"SearchAction","target":{"@type":"EntryPoint","urlTemplate":"https:\/\/miil.dev.almic.ee\/?s={search_term_string}"},"query-input":{"@type":"PropertyValueSpecification","valueRequired":true,"valueName":"search_term_string"}}],"inLanguage":"lv-LV"},{"@type":"Organization","@id":"https:\/\/miil.dev.almic.ee\/#organization","name":"Miil O\u00dc","url":"https:\/\/miil.dev.almic.ee\/","logo":{"@type":"ImageObject","inLanguage":"lv-LV","@id":"https:\/\/miil.dev.almic.ee\/#\/schema\/logo\/image\/","url":"https:\/\/www.miil.ee\/wp-content\/uploads\/2022\/02\/Miil-logo.svg","contentUrl":"https:\/\/www.miil.ee\/wp-content\/uploads\/2022\/02\/Miil-logo.svg","width":"1024","height":"1024","caption":"Miil O\u00dc"},"image":{"@id":"https:\/\/miil.dev.almic.ee\/#\/schema\/logo\/image\/"},"sameAs":["https:\/\/www.facebook.com\/konteinerveod\/","https:\/\/www.instagram.com\/ou_miil\/"]}]},"product_price_amount":"14950.00","product_price_currency":"EUR","og_availability":"instock","product_availability":"instock","product_retailer_item_id":"MIIU2250","product_condition":"new"},"_links":{"self":[{"href":"https:\/\/miil.dev.almic.ee\/lv\/wp-json\/wp\/v2\/product\/18075","targetHints":{"allow":["GET"]}}],"collection":[{"href":"https:\/\/miil.dev.almic.ee\/lv\/wp-json\/wp\/v2\/product"}],"about":[{"href":"https:\/\/miil.dev.almic.ee\/lv\/wp-json\/wp\/v2\/types\/product"}],"replies":[{"embeddable":true,"href":"https:\/\/miil.dev.almic.ee\/lv\/wp-json\/wp\/v2\/comments?post=18075"}],"wp:featuredmedia":[{"embeddable":true,"href":"https:\/\/miil.dev.almic.ee\/lv\/wp-json\/wp\/v2\/media\/18080"}],"wp:attachment":[{"href":"https:\/\/miil.dev.almic.ee\/lv\/wp-json\/wp\/v2\/media?parent=18075"}],"wp:term":[{"taxonomy":"product_cat","embeddable":true,"href":"https:\/\/miil.dev.almic.ee\/lv\/wp-json\/wp\/v2\/product_cat?post=18075"},{"taxonomy":"product_tag","embeddable":true,"href":"https:\/\/miil.dev.almic.ee\/lv\/wp-json\/wp\/v2\/product_tag?post=18075"}],"curies":[{"name":"wp","href":"https:\/\/api.w.org\/{rel}","templated":true}]}}