{"id":15712,"date":"2022-05-18T14:15:56","date_gmt":"2022-05-18T11:15:56","guid":{"rendered":"https:\/\/www.miil.ee\/toode\/plaadi-mootmed-600x1170mm-korgus-2080-ja-kannab-200kg-komplektis-uks-sektsioon-4-plaati\/"},"modified":"2024-11-05T12:52:10","modified_gmt":"2024-11-05T10:52:10","slug":"juras-konteineru-plaukti","status":"publish","type":"product","link":"https:\/\/miil.dev.almic.ee\/lv\/toode\/juras-konteineru-plaukti\/","title":{"rendered":"J\u016bras konteineru plaukti &#8220;Einos&#8221;"},"content":{"rendered":"<h1>J\u016bras konteineru plaukts &#8220;Einos&#8221;<\/h1>\n<p>D\u0113\u013ca izm\u0113ri 600X1170mm, augstums 2200 un nest 200kg.<br \/>\n5 sekcijas ietilpst 6 metru j\u016bras konteiner\u0101.<br \/>\n6 metru j\u016bras konteiner\u0101 var uzst\u0101d\u012bt l\u012bdz 10 plauktu sekcij\u0101m.<br \/>\nJ\u016bras konteinera gr\u012bdas plat\u012bba ir apm. 14m2, konteinera plaukts papildina 13,4m2.<\/p>\n<h2>J\u016bras konteineru plaukts &#8220;Einos&#8221; &#8211; Efekt\u012bvs risin\u0101jums j\u016bras konteineru uzglab\u0101\u0161anai<\/h2>\n<p>Uzglab\u0101jiet savas preces j\u016bras konteineros sak\u0101rtot\u0101 un vietu taupo\u0161\u0101 veid\u0101, izmantojot m\u016bsu j\u016bras konteineru plauktu &#8220;Einos&#8221;. \u0160is augstas kvalit\u0101tes plaukts ir \u012bpa\u0161i izstr\u0101d\u0101ts, lai p\u0101rveidotu j\u016bras konteineru interjeru funkcion\u0101l\u0101 un praktisk\u0101 uzglab\u0101\u0161anas telp\u0101.<\/p>\n<p>Komplekt\u0101 ietilpst viena sada\u013ca, kas sast\u0101v no \u010detr\u0101m pl\u0101ksn\u0113m. Katras pl\u0101ksnes izm\u0113ri ir 600 x 1170 mm un plaukta augstums ir 2200 mm. Plaukts var p\u0101rvad\u0101t l\u012bdz 200 kg smagu kravu, nodro\u0161inot j\u016bsu priek\u0161metu dro\u0161u uzglab\u0101\u0161anu. Turkl\u0101t plaukts ir uzst\u0101d\u0101ms uz se\u0161u metru j\u016bras konteinera, kur\u0101 var ievietot l\u012bdz pat 10 plaukta sekcij\u0101m.<\/p>\n<p>\u0160is plaukts ir iztur\u012bgs un stabils, nodro\u0161inot ilgu kalpo\u0161anas laiku. Ar to j\u016bs varat maksim\u0101li palielin\u0101t j\u016bras konteinera plat\u012bbu, kas ir aptuveni 14 m2. Plaukts tam pievieno v\u0113l 13,4 m2 plat\u012bbu, \u013caujot \u0113rti sak\u0101rtot un atdal\u012bt da\u017e\u0101da izm\u0113ra priek\u0161metus.<\/p>\n<p>Pre\u010du pas\u016bt\u012b\u0161ana un uzglab\u0101\u0161ana nekad nav bijusi tik vienk\u0101r\u0161a. Apmekl\u0113jiet m\u016bsu vietni MIIL.ee, atrodiet j\u016bras konteineru plauktu &#8220;Einos&#8221; kategorij\u0101 &#8220;Aksesu\u0101ri&#8221; un pas\u016btiet to jau \u0161odien. Cena ir tikai \u20ac190,00 + km, padarot to par pieejamu ieguld\u012bjumu efekt\u012bvai uzglab\u0101\u0161anai gar\u0101\u017e\u0101, darbn\u012bc\u0101 vai komerctelp\u0101.<\/p>\n<p>M\u016bsu MIIL.ee komanda ir ap\u0146\u0113musies nodro\u0161in\u0101t j\u016bsu gandar\u012bjumu. M\u0113s pied\u0101v\u0101jam uzticamus j\u016bras konteinerus un kvalitat\u012bvus piederumus, kas atbilst j\u016bsu vajadz\u012bb\u0101m. Ja jums ir k\u0101di jaut\u0101jumi vai nepiecie\u0161ama pla\u0161\u0101ka inform\u0101cija par J\u016bras konteineru plauktu &#8220;Einos&#8221; vai citiem produktiem, l\u016bdzu, sazinieties ar mums. M\u0113s esam gatavi jums pal\u012bdz\u0113t un sniegt profesion\u0101lus padomus.<\/p>\n<p>Pas\u016btiet J\u016bras konteineru plauktu &#8220;Einos&#8221; no MIIL.ee jau \u0161odien un padariet j\u016bras konteineru uzglab\u0101\u0161anu efekt\u012bv\u0101ku un sak\u0101rtot\u0101ku. Izp\u0113tiet m\u016bsu pla\u0161o produktu kl\u0101stu un atrodiet lab\u0101kos risin\u0101jumus sav\u0101m uzglab\u0101\u0161anas vajadz\u012bb\u0101m!<\/p>\n<p>Citus plauktus un aksesu\u0101rus skatiet <a href=\"https:\/\/www.miil.ee\/lv\/merekonteinerid\/papildu-piederumi\/\">\u0161eit!<\/a><\/p>\n<p>Sekojiet mums\u00a0<a href=\"https:\/\/www.facebook.com\/konteinerveod\/\">Facebook<\/a>\u00a0vai\u00a0<a href=\"https:\/\/www.instagram.com\/ou_miil\/\">Instagram.<\/a><\/p>\n","protected":false},"excerpt":{"rendered":"<p>J\u016bras konteineru plaukti &#8220;Einos&#8221;<br \/>\nPlaadi m\u00f5\u00f5tmed 600X1170mm, k\u00f5rgus 2080 ja kannab 200kg.<\/p>\n","protected":false},"featured_media":2120,"comment_status":"closed","ping_status":"closed","template":"","meta":{"_acf_changed":false},"product_cat":[336],"product_tag":[],"class_list":{"0":"post-15712","1":"product","2":"type-product","3":"status-publish","4":"has-post-thumbnail","6":"product_cat-papildu-piederumi","8":"first","9":"instock","10":"shipping-taxable","11":"purchasable","12":"product-type-simple"},"acf":[],"yoast_head":"<!-- This site is optimized with the Yoast SEO Premium plugin v23.9 (Yoast SEO v27.5) - https:\/\/yoast.com\/product\/yoast-seo-premium-wordpress\/ -->\n<title>J\u016bras konteineru plaukti &quot;Einos&quot; - Miil O\u00dc<\/title>\n<meta name=\"description\" content=\"J\u016bras konteineru plaukti | Juras konteiner transport | Juras konteiner jauns | Containex jauns | www.miil.lv | +372 57 50 3328 \u2b50\ufe0f\u2b50\ufe0f\u2b50\ufe0f\u2b50\ufe0f\u2b50\" \/>\n<meta name=\"robots\" content=\"index, follow, max-snippet:-1, max-image-preview:large, max-video-preview:-1\" \/>\n<link rel=\"canonical\" href=\"https:\/\/miil.dev.almic.ee\/lv\/toode\/juras-konteineru-plaukti\/\" \/>\n<meta property=\"og:locale\" content=\"lv_LV\" \/>\n<meta property=\"og:type\" content=\"article\" \/>\n<meta property=\"og:title\" content=\"J\u016bras konteineru plaukti &quot;Einos&quot;\" \/>\n<meta property=\"og:description\" content=\"J\u016bras konteineru plaukti | Juras konteiner transport | Juras konteiner jauns | Containex jauns | www.miil.lv | +372 57 50 3328 \u2b50\ufe0f\u2b50\ufe0f\u2b50\ufe0f\u2b50\ufe0f\u2b50\" \/>\n<meta property=\"og:url\" content=\"https:\/\/miil.dev.almic.ee\/lv\/toode\/juras-konteineru-plaukti\/\" \/>\n<meta property=\"og:site_name\" content=\"Miil O\u00dc\" \/>\n<meta property=\"article:publisher\" content=\"https:\/\/www.facebook.com\/konteinerveod\/\" \/>\n<meta property=\"article:modified_time\" content=\"2024-11-05T10:52:10+00:00\" \/>\n<meta property=\"og:image\" content=\"https:\/\/miil.dev.almic.ee\/wp-content\/uploads\/2022\/05\/seest-4.jpg\" \/>\n\t<meta property=\"og:image:width\" content=\"960\" \/>\n\t<meta property=\"og:image:height\" content=\"720\" \/>\n\t<meta property=\"og:image:type\" content=\"image\/jpeg\" \/>\n<meta name=\"twitter:card\" content=\"summary_large_image\" \/>\n<meta name=\"twitter:label1\" content=\"Price\" \/>\n\t<meta name=\"twitter:data1\" content=\"190,00&nbsp;&euro;\" \/>\n\t<meta name=\"twitter:label2\" content=\"Availability\" \/>\n\t<meta name=\"twitter:data2\" content=\"In stock\" \/>\n<script type=\"application\/ld+json\" class=\"yoast-schema-graph\">{\"@context\":\"https:\\\/\\\/schema.org\",\"@graph\":[{\"@type\":\"WebPage\",\"@id\":\"https:\\\/\\\/miil.dev.almic.ee\\\/lv\\\/toode\\\/juras-konteineru-plaukti\\\/\",\"url\":\"https:\\\/\\\/miil.dev.almic.ee\\\/lv\\\/toode\\\/juras-konteineru-plaukti\\\/\",\"name\":\"J\u016bras konteineru plaukti \\\"Einos\\\" - Miil O\u00dc\",\"isPartOf\":{\"@id\":\"https:\\\/\\\/miil.dev.almic.ee\\\/#website\"},\"primaryImageOfPage\":{\"@id\":\"https:\\\/\\\/miil.dev.almic.ee\\\/lv\\\/toode\\\/juras-konteineru-plaukti\\\/#primaryimage\"},\"image\":{\"@id\":\"https:\\\/\\\/miil.dev.almic.ee\\\/lv\\\/toode\\\/juras-konteineru-plaukti\\\/#primaryimage\"},\"thumbnailUrl\":\"https:\\\/\\\/miil.dev.almic.ee\\\/wp-content\\\/uploads\\\/2022\\\/05\\\/seest-4.jpg\",\"datePublished\":\"2022-05-18T11:15:56+00:00\",\"dateModified\":\"2024-11-05T10:52:10+00:00\",\"description\":\"J\u016bras konteineru plaukti | Juras konteiner transport | Juras konteiner jauns | Containex jauns | www.miil.lv | +372 57 50 3328 \u2b50\ufe0f\u2b50\ufe0f\u2b50\ufe0f\u2b50\ufe0f\u2b50\",\"breadcrumb\":{\"@id\":\"https:\\\/\\\/miil.dev.almic.ee\\\/lv\\\/toode\\\/juras-konteineru-plaukti\\\/#breadcrumb\"},\"inLanguage\":\"lv-LV\",\"potentialAction\":[{\"@type\":\"ReadAction\",\"target\":[\"https:\\\/\\\/miil.dev.almic.ee\\\/lv\\\/toode\\\/juras-konteineru-plaukti\\\/\"]}]},{\"@type\":\"ImageObject\",\"inLanguage\":\"lv-LV\",\"@id\":\"https:\\\/\\\/miil.dev.almic.ee\\\/lv\\\/toode\\\/juras-konteineru-plaukti\\\/#primaryimage\",\"url\":\"https:\\\/\\\/miil.dev.almic.ee\\\/wp-content\\\/uploads\\\/2022\\\/05\\\/seest-4.jpg\",\"contentUrl\":\"https:\\\/\\\/miil.dev.almic.ee\\\/wp-content\\\/uploads\\\/2022\\\/05\\\/seest-4.jpg\",\"width\":960,\"height\":720},{\"@type\":\"BreadcrumbList\",\"@id\":\"https:\\\/\\\/miil.dev.almic.ee\\\/lv\\\/toode\\\/juras-konteineru-plaukti\\\/#breadcrumb\",\"itemListElement\":[{\"@type\":\"ListItem\",\"position\":1,\"name\":\"Home\",\"item\":\"https:\\\/\\\/miil.dev.almic.ee\\\/lv\\\/\"},{\"@type\":\"ListItem\",\"position\":2,\"name\":\"Veikals\",\"item\":\"https:\\\/\\\/miil.dev.almic.ee\\\/lv\\\/veikals\\\/\"},{\"@type\":\"ListItem\",\"position\":3,\"name\":\"J\u016bras konteineru plaukti &#8220;Einos&#8221;\"}]},{\"@type\":\"WebSite\",\"@id\":\"https:\\\/\\\/miil.dev.almic.ee\\\/#website\",\"url\":\"https:\\\/\\\/miil.dev.almic.ee\\\/\",\"name\":\"Miil O\u00dc\",\"description\":\"Konteinerveod\",\"publisher\":{\"@id\":\"https:\\\/\\\/miil.dev.almic.ee\\\/#organization\"},\"potentialAction\":[{\"@type\":\"SearchAction\",\"target\":{\"@type\":\"EntryPoint\",\"urlTemplate\":\"https:\\\/\\\/miil.dev.almic.ee\\\/?s={search_term_string}\"},\"query-input\":{\"@type\":\"PropertyValueSpecification\",\"valueRequired\":true,\"valueName\":\"search_term_string\"}}],\"inLanguage\":\"lv-LV\"},{\"@type\":\"Organization\",\"@id\":\"https:\\\/\\\/miil.dev.almic.ee\\\/#organization\",\"name\":\"Miil O\u00dc\",\"url\":\"https:\\\/\\\/miil.dev.almic.ee\\\/\",\"logo\":{\"@type\":\"ImageObject\",\"inLanguage\":\"lv-LV\",\"@id\":\"https:\\\/\\\/miil.dev.almic.ee\\\/#\\\/schema\\\/logo\\\/image\\\/\",\"url\":\"https:\\\/\\\/www.miil.ee\\\/wp-content\\\/uploads\\\/2022\\\/02\\\/Miil-logo.svg\",\"contentUrl\":\"https:\\\/\\\/www.miil.ee\\\/wp-content\\\/uploads\\\/2022\\\/02\\\/Miil-logo.svg\",\"width\":\"1024\",\"height\":\"1024\",\"caption\":\"Miil O\u00dc\"},\"image\":{\"@id\":\"https:\\\/\\\/miil.dev.almic.ee\\\/#\\\/schema\\\/logo\\\/image\\\/\"},\"sameAs\":[\"https:\\\/\\\/www.facebook.com\\\/konteinerveod\\\/\",\"https:\\\/\\\/www.instagram.com\\\/ou_miil\\\/\"]}]}<\/script>\n<meta property=\"product:price:amount\" content=\"190.00\" \/>\n<meta property=\"product:price:currency\" content=\"EUR\" \/>\n<meta property=\"og:availability\" content=\"instock\" \/>\n<meta property=\"product:availability\" content=\"instock\" \/>\n<meta property=\"product:retailer_item_id\" content=\"1568112553753\" \/>\n<meta property=\"product:condition\" content=\"new\" \/>\n<!-- \/ Yoast SEO Premium plugin. -->","yoast_head_json":{"title":"J\u016bras konteineru plaukti \"Einos\" - Miil O\u00dc","description":"J\u016bras konteineru plaukti | Juras konteiner transport | Juras konteiner jauns | Containex jauns | www.miil.lv | +372 57 50 3328 \u2b50\ufe0f\u2b50\ufe0f\u2b50\ufe0f\u2b50\ufe0f\u2b50","robots":{"index":"index","follow":"follow","max-snippet":"max-snippet:-1","max-image-preview":"max-image-preview:large","max-video-preview":"max-video-preview:-1"},"canonical":"https:\/\/miil.dev.almic.ee\/lv\/toode\/juras-konteineru-plaukti\/","og_locale":"lv_LV","og_type":"article","og_title":"J\u016bras konteineru plaukti \"Einos\"","og_description":"J\u016bras konteineru plaukti | Juras konteiner transport | Juras konteiner jauns | Containex jauns | www.miil.lv | +372 57 50 3328 \u2b50\ufe0f\u2b50\ufe0f\u2b50\ufe0f\u2b50\ufe0f\u2b50","og_url":"https:\/\/miil.dev.almic.ee\/lv\/toode\/juras-konteineru-plaukti\/","og_site_name":"Miil O\u00dc","article_publisher":"https:\/\/www.facebook.com\/konteinerveod\/","article_modified_time":"2024-11-05T10:52:10+00:00","og_image":[{"width":960,"height":720,"url":"https:\/\/miil.dev.almic.ee\/wp-content\/uploads\/2022\/05\/seest-4.jpg","type":"image\/jpeg"}],"twitter_card":"summary_large_image","twitter_misc":{"Price":"190,00&nbsp;&euro;","Availability":"In stock"},"schema":{"@context":"https:\/\/schema.org","@graph":[{"@type":"WebPage","@id":"https:\/\/miil.dev.almic.ee\/lv\/toode\/juras-konteineru-plaukti\/","url":"https:\/\/miil.dev.almic.ee\/lv\/toode\/juras-konteineru-plaukti\/","name":"J\u016bras konteineru plaukti \"Einos\" - Miil O\u00dc","isPartOf":{"@id":"https:\/\/miil.dev.almic.ee\/#website"},"primaryImageOfPage":{"@id":"https:\/\/miil.dev.almic.ee\/lv\/toode\/juras-konteineru-plaukti\/#primaryimage"},"image":{"@id":"https:\/\/miil.dev.almic.ee\/lv\/toode\/juras-konteineru-plaukti\/#primaryimage"},"thumbnailUrl":"https:\/\/miil.dev.almic.ee\/wp-content\/uploads\/2022\/05\/seest-4.jpg","datePublished":"2022-05-18T11:15:56+00:00","dateModified":"2024-11-05T10:52:10+00:00","description":"J\u016bras konteineru plaukti | Juras konteiner transport | Juras konteiner jauns | Containex jauns | www.miil.lv | +372 57 50 3328 \u2b50\ufe0f\u2b50\ufe0f\u2b50\ufe0f\u2b50\ufe0f\u2b50","breadcrumb":{"@id":"https:\/\/miil.dev.almic.ee\/lv\/toode\/juras-konteineru-plaukti\/#breadcrumb"},"inLanguage":"lv-LV","potentialAction":[{"@type":"ReadAction","target":["https:\/\/miil.dev.almic.ee\/lv\/toode\/juras-konteineru-plaukti\/"]}]},{"@type":"ImageObject","inLanguage":"lv-LV","@id":"https:\/\/miil.dev.almic.ee\/lv\/toode\/juras-konteineru-plaukti\/#primaryimage","url":"https:\/\/miil.dev.almic.ee\/wp-content\/uploads\/2022\/05\/seest-4.jpg","contentUrl":"https:\/\/miil.dev.almic.ee\/wp-content\/uploads\/2022\/05\/seest-4.jpg","width":960,"height":720},{"@type":"BreadcrumbList","@id":"https:\/\/miil.dev.almic.ee\/lv\/toode\/juras-konteineru-plaukti\/#breadcrumb","itemListElement":[{"@type":"ListItem","position":1,"name":"Home","item":"https:\/\/miil.dev.almic.ee\/lv\/"},{"@type":"ListItem","position":2,"name":"Veikals","item":"https:\/\/miil.dev.almic.ee\/lv\/veikals\/"},{"@type":"ListItem","position":3,"name":"J\u016bras konteineru plaukti &#8220;Einos&#8221;"}]},{"@type":"WebSite","@id":"https:\/\/miil.dev.almic.ee\/#website","url":"https:\/\/miil.dev.almic.ee\/","name":"Miil O\u00dc","description":"Konteinerveod","publisher":{"@id":"https:\/\/miil.dev.almic.ee\/#organization"},"potentialAction":[{"@type":"SearchAction","target":{"@type":"EntryPoint","urlTemplate":"https:\/\/miil.dev.almic.ee\/?s={search_term_string}"},"query-input":{"@type":"PropertyValueSpecification","valueRequired":true,"valueName":"search_term_string"}}],"inLanguage":"lv-LV"},{"@type":"Organization","@id":"https:\/\/miil.dev.almic.ee\/#organization","name":"Miil O\u00dc","url":"https:\/\/miil.dev.almic.ee\/","logo":{"@type":"ImageObject","inLanguage":"lv-LV","@id":"https:\/\/miil.dev.almic.ee\/#\/schema\/logo\/image\/","url":"https:\/\/www.miil.ee\/wp-content\/uploads\/2022\/02\/Miil-logo.svg","contentUrl":"https:\/\/www.miil.ee\/wp-content\/uploads\/2022\/02\/Miil-logo.svg","width":"1024","height":"1024","caption":"Miil O\u00dc"},"image":{"@id":"https:\/\/miil.dev.almic.ee\/#\/schema\/logo\/image\/"},"sameAs":["https:\/\/www.facebook.com\/konteinerveod\/","https:\/\/www.instagram.com\/ou_miil\/"]}]},"product_price_amount":"190.00","product_price_currency":"EUR","og_availability":"instock","product_availability":"instock","product_retailer_item_id":"1568112553753","product_condition":"new"},"_links":{"self":[{"href":"https:\/\/miil.dev.almic.ee\/lv\/wp-json\/wp\/v2\/product\/15712","targetHints":{"allow":["GET"]}}],"collection":[{"href":"https:\/\/miil.dev.almic.ee\/lv\/wp-json\/wp\/v2\/product"}],"about":[{"href":"https:\/\/miil.dev.almic.ee\/lv\/wp-json\/wp\/v2\/types\/product"}],"replies":[{"embeddable":true,"href":"https:\/\/miil.dev.almic.ee\/lv\/wp-json\/wp\/v2\/comments?post=15712"}],"wp:featuredmedia":[{"embeddable":true,"href":"https:\/\/miil.dev.almic.ee\/lv\/wp-json\/wp\/v2\/media\/2120"}],"wp:attachment":[{"href":"https:\/\/miil.dev.almic.ee\/lv\/wp-json\/wp\/v2\/media?parent=15712"}],"wp:term":[{"taxonomy":"product_cat","embeddable":true,"href":"https:\/\/miil.dev.almic.ee\/lv\/wp-json\/wp\/v2\/product_cat?post=15712"},{"taxonomy":"product_tag","embeddable":true,"href":"https:\/\/miil.dev.almic.ee\/lv\/wp-json\/wp\/v2\/product_tag?post=15712"}],"curies":[{"name":"wp","href":"https:\/\/api.w.org\/{rel}","templated":true}]}}