{"id":15704,"date":"2022-05-18T14:15:57","date_gmt":"2022-05-18T11:15:57","guid":{"rendered":"https:\/\/www.miil.ee\/toode\/40flat-konteiner-texu8996340\/"},"modified":"2025-03-06T16:39:21","modified_gmt":"2025-03-06T14:39:21","slug":"40fr-konteiners-miiu8996349","status":"publish","type":"product","link":"https:\/\/miil.dev.almic.ee\/lv\/toode\/40fr-konteiners-miiu8996349\/","title":{"rendered":"40&#8217;FLAT konteiners &#8211; MIIU8996349"},"content":{"rendered":"<h1>Lietots 40FR konteiners MIIU8996349.<\/h1>\n<p>40 flat konteiners MIIU8996349 ir \u200b\u200b40 p\u0113du konteiners bez s\u0101nu sien\u0101m.<br \/>\nTas ir labi piem\u0113rots negabar\u012bta s\u016bt\u012bjumu p\u0101rvad\u0101\u0161anai.<\/p>\n<p>Lietots transport\u0113\u0161anas konteiners 40FR MIIU8996349 ir \u200b\u200bku\u0123o\u0161anai der\u012bg\u0101 st\u0101vokl\u012b, ja vien att\u0113l\u0101 vai tekst\u0101 nav nor\u0101d\u012bts cit\u0101di;<\/p>\n<ul>\n<li>J\u016bras konteiners atbilst bild\u0113m.<\/li>\n<li>Konteinera apak\u0161\u0101 ir atveres zariem, lai to var\u0113tu pacelt ar iekr\u0101v\u0113ju vai autoiekr\u0101v\u0113ju.<\/li>\n<li>Konteinera konstrukcijai nav boj\u0101jumu.<\/li>\n<li>P\u0113rciet tagad maks\u0101jiet v\u0113l\u0101k ar Inbank.ee, izmantojot atlaides kodu &#8220;KONTEINER&#8221;.<\/li>\n<li>T\u0101 viet\u0101 v\u0113laties \u012br\u0113t? Sazinieties ar mums info@miil.ee<\/li>\n<\/ul>\n<h2>K\u0101da ir lietota konteinera cena?<\/h2>\n<p>J\u016bras konteinera cena ir atkar\u012bga no daudz\u0101m liet\u0101m, ta\u010du p\u0101rdo\u0161anas cena parasti ir tie\u0161i saist\u012bta ar konteinera st\u0101vokli.<br \/>\nPapildus st\u0101voklim cenu ietekm\u0113 ar\u012b pirkuma cena, konteinera iera\u0161an\u0101s veids termin\u0101l\u012b, konteinera atra\u0161an\u0101s vieta termin\u0101l\u012b un tas, vai konteineram ir biju\u0161i nepiecie\u0161ami papildu izdevumi, piem\u0113ram, \u0101r\u0113j\u0101 mazg\u0101\u0161ana, iek\u0161\u0113j\u0101 t\u012br\u012b\u0161ana vai remonts.<\/p>\n<p>Lab\u0101k\u0101s cenas garantija &#8211; M\u0113s vienm\u0113r sniedzam lab\u0101ko pied\u0101v\u0101jumu l\u012bdzv\u0113rt\u012bgam konteineram.<\/p>\n<h2>40FR konteiners MIIU8996349 \u2013 Transport\u0113\u0161ana un pacel\u0161ana?<\/h2>\n<p>P\u0113c piem\u0113rota konteinera izv\u0113les varam veikt iepako\u0161anu un transport\u0113\u0161anu.<br \/>\nP\u0101rvad\u0101\u0161anai parasti izmantojam\u00a0<a href=\"https:\/\/www.miil.ee\/lv\/pakalpojumi\/celtnis\/\">celtnis<\/a>\u00a0vai\u00a0<a href=\"https:\/\/www.miil.ee\/lv\/pakalpojumi\/sanu-iekraveji-sideloader\/\">s\u0101nu iekr\u0101v\u0113ju.<\/a><br \/>\nM\u0113s izmantojam\u00a0<a href=\"https:\/\/www.miil.ee\/lv\/pakalpojumi\/ram-pasizgazejs\/\">RAM backloader<\/a>, lai aptvertu vissare\u017e\u0123\u012bt\u0101k\u0101s vietas.<\/p>\n<p>P\u0113c t\u0101 ieg\u0101des m\u0113s glab\u0101jam j\u016bsu konteineru m\u016bsu termin\u0101l\u012b bez maksas l\u012bdz se\u0161iem m\u0113ne\u0161iem.<\/p>\n<p>Vienm\u0113r iesp\u0113jams vienoties par ilg\u0101ku laiku.<br \/>\nPiem\u0113ram, ja vieta v\u0113l nav gatava vai pieejama konteinera pieg\u0101dei.<br \/>\nT\u0101d\u0101 gad\u012bjum\u0101 konteinera cena nemain\u012bsies un var\u0113siet b\u016bt dro\u0161s, ka izv\u0113l\u0113to konteineru sa\u0146emsiet norun\u0101taj\u0101 laik\u0101.<\/p>\n<ul>\n<li>Lab\u0101k\u0101s cenas garantija \u2013 m\u0113s vienm\u0113r pied\u0101v\u0101jam konteineram lab\u0101ko pied\u0101v\u0101jumu.<\/li>\n<\/ul>\n<p>Sekojiet mums\u00a0<a href=\"https:\/\/www.facebook.com\/konteinerveod\/\">Facebook<\/a>\u00a0vai\u00a0<a href=\"https:\/\/www.instagram.com\/ou_miil\/\">Instagram<\/a><\/p>\n","protected":false},"excerpt":{"rendered":"<p>Lietots 40FR konteiners ir 40 p\u0113du konteiners bez s\u0101nu sien\u0101m, kas ir ide\u0101li piem\u0113rots negabar\u012bta s\u016bt\u012bjumu p\u0101rvad\u0101\u0161anai. M\u0113s pied\u0101v\u0101jam transport\u0113\u0161anas pakalpojumus un bezmaksas uzglab\u0101\u0161anu l\u012bdz se\u0161iem m\u0113ne\u0161iem, k\u0101 ar\u012b lab\u0101k\u0101s cenas garantiju.<\/p>\n","protected":false},"featured_media":87577,"comment_status":"closed","ping_status":"closed","template":"","meta":{"_acf_changed":false},"product_cat":[332,384,392],"product_tag":[],"class_list":{"0":"post-15704","1":"product","2":"type-product","3":"status-publish","4":"has-post-thumbnail","6":"product_cat-lietoti-konteineri","7":"product_cat-40-12-metri","8":"product_cat-40flat-negabarita","10":"first","11":"instock","12":"shipping-taxable","13":"purchasable","14":"product-type-simple"},"acf":[],"yoast_head":"<!-- This site is optimized with the Yoast SEO Premium plugin v23.9 (Yoast SEO v27.5) - https:\/\/yoast.com\/product\/yoast-seo-premium-wordpress\/ -->\n<title>40FR konteiners - Miil O\u00dc<\/title>\n<meta name=\"description\" content=\"40RF j\u016bras konteiners | Lielgabar\u012bta transports vai OOG transports | lielgabar\u012bta transports | atv\u0113rts konteiners | atv\u0113rta aug\u0161da\u013ca | lielizm\u0113ra\" \/>\n<meta name=\"robots\" content=\"index, follow, max-snippet:-1, max-image-preview:large, max-video-preview:-1\" \/>\n<link rel=\"canonical\" href=\"https:\/\/miil.dev.almic.ee\/lv\/toode\/40fr-konteiners-miiu8996349\/\" \/>\n<meta property=\"og:locale\" content=\"lv_LV\" \/>\n<meta property=\"og:type\" content=\"article\" \/>\n<meta property=\"og:title\" content=\"40&#039;FLAT konteiners - MIIU8996349\" \/>\n<meta property=\"og:description\" content=\"40RF j\u016bras konteiners | Lielgabar\u012bta transports vai OOG transports | lielgabar\u012bta transports | atv\u0113rts konteiners | atv\u0113rta aug\u0161da\u013ca | lielizm\u0113ra\" \/>\n<meta property=\"og:url\" content=\"https:\/\/miil.dev.almic.ee\/lv\/toode\/40fr-konteiners-miiu8996349\/\" \/>\n<meta property=\"og:site_name\" content=\"Miil O\u00dc\" \/>\n<meta property=\"article:publisher\" content=\"https:\/\/www.facebook.com\/konteinerveod\/\" \/>\n<meta property=\"article:modified_time\" content=\"2025-03-06T14:39:21+00:00\" \/>\n<meta property=\"og:image\" content=\"https:\/\/miil.dev.almic.ee\/wp-content\/uploads\/2022\/05\/40-FLAT-RACK-konteiner-1-scaled.jpg\" \/>\n\t<meta property=\"og:image:width\" content=\"1900\" \/>\n\t<meta property=\"og:image:height\" content=\"1431\" \/>\n\t<meta property=\"og:image:type\" content=\"image\/jpeg\" \/>\n<meta name=\"twitter:card\" content=\"summary_large_image\" \/>\n<meta name=\"twitter:label1\" content=\"Price\" \/>\n\t<meta name=\"twitter:data1\" content=\"4890,00&nbsp;&euro;\" \/>\n\t<meta name=\"twitter:label2\" content=\"Availability\" \/>\n\t<meta name=\"twitter:data2\" content=\"In stock\" \/>\n<script type=\"application\/ld+json\" class=\"yoast-schema-graph\">{\"@context\":\"https:\\\/\\\/schema.org\",\"@graph\":[{\"@type\":\"WebPage\",\"@id\":\"https:\\\/\\\/miil.dev.almic.ee\\\/lv\\\/toode\\\/40fr-konteiners-miiu8996349\\\/\",\"url\":\"https:\\\/\\\/miil.dev.almic.ee\\\/lv\\\/toode\\\/40fr-konteiners-miiu8996349\\\/\",\"name\":\"40FR konteiners - Miil O\u00dc\",\"isPartOf\":{\"@id\":\"https:\\\/\\\/miil.dev.almic.ee\\\/#website\"},\"primaryImageOfPage\":{\"@id\":\"https:\\\/\\\/miil.dev.almic.ee\\\/lv\\\/toode\\\/40fr-konteiners-miiu8996349\\\/#primaryimage\"},\"image\":{\"@id\":\"https:\\\/\\\/miil.dev.almic.ee\\\/lv\\\/toode\\\/40fr-konteiners-miiu8996349\\\/#primaryimage\"},\"thumbnailUrl\":\"https:\\\/\\\/miil.dev.almic.ee\\\/wp-content\\\/uploads\\\/2022\\\/05\\\/40-FLAT-RACK-konteiner-1-scaled.jpg\",\"datePublished\":\"2022-05-18T11:15:57+00:00\",\"dateModified\":\"2025-03-06T14:39:21+00:00\",\"description\":\"40RF j\u016bras konteiners | Lielgabar\u012bta transports vai OOG transports | lielgabar\u012bta transports | atv\u0113rts konteiners | atv\u0113rta aug\u0161da\u013ca | lielizm\u0113ra\",\"breadcrumb\":{\"@id\":\"https:\\\/\\\/miil.dev.almic.ee\\\/lv\\\/toode\\\/40fr-konteiners-miiu8996349\\\/#breadcrumb\"},\"inLanguage\":\"lv-LV\",\"potentialAction\":[{\"@type\":\"ReadAction\",\"target\":[\"https:\\\/\\\/miil.dev.almic.ee\\\/lv\\\/toode\\\/40fr-konteiners-miiu8996349\\\/\"]}]},{\"@type\":\"ImageObject\",\"inLanguage\":\"lv-LV\",\"@id\":\"https:\\\/\\\/miil.dev.almic.ee\\\/lv\\\/toode\\\/40fr-konteiners-miiu8996349\\\/#primaryimage\",\"url\":\"https:\\\/\\\/miil.dev.almic.ee\\\/wp-content\\\/uploads\\\/2022\\\/05\\\/40-FLAT-RACK-konteiner-1-scaled.jpg\",\"contentUrl\":\"https:\\\/\\\/miil.dev.almic.ee\\\/wp-content\\\/uploads\\\/2022\\\/05\\\/40-FLAT-RACK-konteiner-1-scaled.jpg\",\"width\":1900,\"height\":1431},{\"@type\":\"BreadcrumbList\",\"@id\":\"https:\\\/\\\/miil.dev.almic.ee\\\/lv\\\/toode\\\/40fr-konteiners-miiu8996349\\\/#breadcrumb\",\"itemListElement\":[{\"@type\":\"ListItem\",\"position\":1,\"name\":\"Home\",\"item\":\"https:\\\/\\\/miil.dev.almic.ee\\\/lv\\\/\"},{\"@type\":\"ListItem\",\"position\":2,\"name\":\"Veikals\",\"item\":\"https:\\\/\\\/miil.dev.almic.ee\\\/lv\\\/veikals\\\/\"},{\"@type\":\"ListItem\",\"position\":3,\"name\":\"40&#8217;FLAT konteiners &#8211; MIIU8996349\"}]},{\"@type\":\"WebSite\",\"@id\":\"https:\\\/\\\/miil.dev.almic.ee\\\/#website\",\"url\":\"https:\\\/\\\/miil.dev.almic.ee\\\/\",\"name\":\"Miil O\u00dc\",\"description\":\"Konteinerveod\",\"publisher\":{\"@id\":\"https:\\\/\\\/miil.dev.almic.ee\\\/#organization\"},\"potentialAction\":[{\"@type\":\"SearchAction\",\"target\":{\"@type\":\"EntryPoint\",\"urlTemplate\":\"https:\\\/\\\/miil.dev.almic.ee\\\/?s={search_term_string}\"},\"query-input\":{\"@type\":\"PropertyValueSpecification\",\"valueRequired\":true,\"valueName\":\"search_term_string\"}}],\"inLanguage\":\"lv-LV\"},{\"@type\":\"Organization\",\"@id\":\"https:\\\/\\\/miil.dev.almic.ee\\\/#organization\",\"name\":\"Miil O\u00dc\",\"url\":\"https:\\\/\\\/miil.dev.almic.ee\\\/\",\"logo\":{\"@type\":\"ImageObject\",\"inLanguage\":\"lv-LV\",\"@id\":\"https:\\\/\\\/miil.dev.almic.ee\\\/#\\\/schema\\\/logo\\\/image\\\/\",\"url\":\"https:\\\/\\\/www.miil.ee\\\/wp-content\\\/uploads\\\/2022\\\/02\\\/Miil-logo.svg\",\"contentUrl\":\"https:\\\/\\\/www.miil.ee\\\/wp-content\\\/uploads\\\/2022\\\/02\\\/Miil-logo.svg\",\"width\":\"1024\",\"height\":\"1024\",\"caption\":\"Miil O\u00dc\"},\"image\":{\"@id\":\"https:\\\/\\\/miil.dev.almic.ee\\\/#\\\/schema\\\/logo\\\/image\\\/\"},\"sameAs\":[\"https:\\\/\\\/www.facebook.com\\\/konteinerveod\\\/\",\"https:\\\/\\\/www.instagram.com\\\/ou_miil\\\/\"]}]}<\/script>\n<meta property=\"product:price:amount\" content=\"4890.00\" \/>\n<meta property=\"product:price:currency\" content=\"EUR\" \/>\n<meta property=\"og:availability\" content=\"instock\" \/>\n<meta property=\"product:availability\" content=\"instock\" \/>\n<meta property=\"product:retailer_item_id\" content=\"MIIU8996349\" \/>\n<meta property=\"product:condition\" content=\"new\" \/>\n<!-- \/ Yoast SEO Premium plugin. -->","yoast_head_json":{"title":"40FR konteiners - Miil O\u00dc","description":"40RF j\u016bras konteiners | Lielgabar\u012bta transports vai OOG transports | lielgabar\u012bta transports | atv\u0113rts konteiners | atv\u0113rta aug\u0161da\u013ca | lielizm\u0113ra","robots":{"index":"index","follow":"follow","max-snippet":"max-snippet:-1","max-image-preview":"max-image-preview:large","max-video-preview":"max-video-preview:-1"},"canonical":"https:\/\/miil.dev.almic.ee\/lv\/toode\/40fr-konteiners-miiu8996349\/","og_locale":"lv_LV","og_type":"article","og_title":"40'FLAT konteiners - MIIU8996349","og_description":"40RF j\u016bras konteiners | Lielgabar\u012bta transports vai OOG transports | lielgabar\u012bta transports | atv\u0113rts konteiners | atv\u0113rta aug\u0161da\u013ca | lielizm\u0113ra","og_url":"https:\/\/miil.dev.almic.ee\/lv\/toode\/40fr-konteiners-miiu8996349\/","og_site_name":"Miil O\u00dc","article_publisher":"https:\/\/www.facebook.com\/konteinerveod\/","article_modified_time":"2025-03-06T14:39:21+00:00","og_image":[{"width":1900,"height":1431,"url":"https:\/\/miil.dev.almic.ee\/wp-content\/uploads\/2022\/05\/40-FLAT-RACK-konteiner-1-scaled.jpg","type":"image\/jpeg"}],"twitter_card":"summary_large_image","twitter_misc":{"Price":"4890,00&nbsp;&euro;","Availability":"In stock"},"schema":{"@context":"https:\/\/schema.org","@graph":[{"@type":"WebPage","@id":"https:\/\/miil.dev.almic.ee\/lv\/toode\/40fr-konteiners-miiu8996349\/","url":"https:\/\/miil.dev.almic.ee\/lv\/toode\/40fr-konteiners-miiu8996349\/","name":"40FR konteiners - Miil O\u00dc","isPartOf":{"@id":"https:\/\/miil.dev.almic.ee\/#website"},"primaryImageOfPage":{"@id":"https:\/\/miil.dev.almic.ee\/lv\/toode\/40fr-konteiners-miiu8996349\/#primaryimage"},"image":{"@id":"https:\/\/miil.dev.almic.ee\/lv\/toode\/40fr-konteiners-miiu8996349\/#primaryimage"},"thumbnailUrl":"https:\/\/miil.dev.almic.ee\/wp-content\/uploads\/2022\/05\/40-FLAT-RACK-konteiner-1-scaled.jpg","datePublished":"2022-05-18T11:15:57+00:00","dateModified":"2025-03-06T14:39:21+00:00","description":"40RF j\u016bras konteiners | Lielgabar\u012bta transports vai OOG transports | lielgabar\u012bta transports | atv\u0113rts konteiners | atv\u0113rta aug\u0161da\u013ca | lielizm\u0113ra","breadcrumb":{"@id":"https:\/\/miil.dev.almic.ee\/lv\/toode\/40fr-konteiners-miiu8996349\/#breadcrumb"},"inLanguage":"lv-LV","potentialAction":[{"@type":"ReadAction","target":["https:\/\/miil.dev.almic.ee\/lv\/toode\/40fr-konteiners-miiu8996349\/"]}]},{"@type":"ImageObject","inLanguage":"lv-LV","@id":"https:\/\/miil.dev.almic.ee\/lv\/toode\/40fr-konteiners-miiu8996349\/#primaryimage","url":"https:\/\/miil.dev.almic.ee\/wp-content\/uploads\/2022\/05\/40-FLAT-RACK-konteiner-1-scaled.jpg","contentUrl":"https:\/\/miil.dev.almic.ee\/wp-content\/uploads\/2022\/05\/40-FLAT-RACK-konteiner-1-scaled.jpg","width":1900,"height":1431},{"@type":"BreadcrumbList","@id":"https:\/\/miil.dev.almic.ee\/lv\/toode\/40fr-konteiners-miiu8996349\/#breadcrumb","itemListElement":[{"@type":"ListItem","position":1,"name":"Home","item":"https:\/\/miil.dev.almic.ee\/lv\/"},{"@type":"ListItem","position":2,"name":"Veikals","item":"https:\/\/miil.dev.almic.ee\/lv\/veikals\/"},{"@type":"ListItem","position":3,"name":"40&#8217;FLAT konteiners &#8211; MIIU8996349"}]},{"@type":"WebSite","@id":"https:\/\/miil.dev.almic.ee\/#website","url":"https:\/\/miil.dev.almic.ee\/","name":"Miil O\u00dc","description":"Konteinerveod","publisher":{"@id":"https:\/\/miil.dev.almic.ee\/#organization"},"potentialAction":[{"@type":"SearchAction","target":{"@type":"EntryPoint","urlTemplate":"https:\/\/miil.dev.almic.ee\/?s={search_term_string}"},"query-input":{"@type":"PropertyValueSpecification","valueRequired":true,"valueName":"search_term_string"}}],"inLanguage":"lv-LV"},{"@type":"Organization","@id":"https:\/\/miil.dev.almic.ee\/#organization","name":"Miil O\u00dc","url":"https:\/\/miil.dev.almic.ee\/","logo":{"@type":"ImageObject","inLanguage":"lv-LV","@id":"https:\/\/miil.dev.almic.ee\/#\/schema\/logo\/image\/","url":"https:\/\/www.miil.ee\/wp-content\/uploads\/2022\/02\/Miil-logo.svg","contentUrl":"https:\/\/www.miil.ee\/wp-content\/uploads\/2022\/02\/Miil-logo.svg","width":"1024","height":"1024","caption":"Miil O\u00dc"},"image":{"@id":"https:\/\/miil.dev.almic.ee\/#\/schema\/logo\/image\/"},"sameAs":["https:\/\/www.facebook.com\/konteinerveod\/","https:\/\/www.instagram.com\/ou_miil\/"]}]},"product_price_amount":"4890.00","product_price_currency":"EUR","og_availability":"instock","product_availability":"instock","product_retailer_item_id":"MIIU8996349","product_condition":"new"},"_links":{"self":[{"href":"https:\/\/miil.dev.almic.ee\/lv\/wp-json\/wp\/v2\/product\/15704","targetHints":{"allow":["GET"]}}],"collection":[{"href":"https:\/\/miil.dev.almic.ee\/lv\/wp-json\/wp\/v2\/product"}],"about":[{"href":"https:\/\/miil.dev.almic.ee\/lv\/wp-json\/wp\/v2\/types\/product"}],"replies":[{"embeddable":true,"href":"https:\/\/miil.dev.almic.ee\/lv\/wp-json\/wp\/v2\/comments?post=15704"}],"wp:featuredmedia":[{"embeddable":true,"href":"https:\/\/miil.dev.almic.ee\/lv\/wp-json\/wp\/v2\/media\/87577"}],"wp:attachment":[{"href":"https:\/\/miil.dev.almic.ee\/lv\/wp-json\/wp\/v2\/media?parent=15704"}],"wp:term":[{"taxonomy":"product_cat","embeddable":true,"href":"https:\/\/miil.dev.almic.ee\/lv\/wp-json\/wp\/v2\/product_cat?post=15704"},{"taxonomy":"product_tag","embeddable":true,"href":"https:\/\/miil.dev.almic.ee\/lv\/wp-json\/wp\/v2\/product_tag?post=15704"}],"curies":[{"name":"wp","href":"https:\/\/api.w.org\/{rel}","templated":true}]}}