{"id":15700,"date":"2022-05-18T14:15:58","date_gmt":"2022-05-18T11:15:58","guid":{"rendered":"https:\/\/www.miil.ee\/toode\/uus-piirdeaed-3500mm-lai-x-2000mm-korge-koos-aluse-ja-klambriga\/"},"modified":"2024-11-05T12:34:56","modified_gmt":"2024-11-05T10:34:56","slug":"pagaidu-zogs-celtniecibas-zogs","status":"publish","type":"product","link":"https:\/\/miil.dev.almic.ee\/lv\/toode\/pagaidu-zogs-celtniecibas-zogs\/","title":{"rendered":"Pagaidu \u017eogs \/ celtniec\u012bbas \u017eogs"},"content":{"rendered":"<h1>\u017dogs<\/h1>\n<p>\u017dogs, kas ilgst!<br \/>\n\u017doga komplekt\u0101 ietilpst \u017eoga panelis, pamatne un skava.<\/p>\n<p>Saliekti aug\u0161\u0113jie st\u016bri, kas nodro\u0161ina, ka \u017eogs nel\u016bzt no metin\u0101\u0161anas.<br \/>\nApak\u0161\u0113jie st\u016bri pastiprin\u0101ti.<br \/>\nStatu un vadu biezums, kas izm\u0113r\u012bts att\u0113los.<\/p>\n<p>*P\u0101rdodot neizmantojam noapa\u013cotus stieples izm\u0113rus.<\/p>\n<h2>Augstas kvalit\u0101tes produkts pras\u012bgam klientam<\/h2>\n<p>Varat b\u016bt p\u0101rliecin\u0101ti, ka, ap\u0146emot savu b\u016bvprojektu, \u0161\u012b \u017eoga izskats b\u016bs reprezentabls, piekl\u0101j\u012bgs un ilgm\u016b\u017e\u012bgs.<br \/>\nProfesion\u0101ls uz\u0146\u0113mums vienm\u0113r uztur savu objektu lab\u0101 st\u0101vokl\u012b, un m\u0113s varam pal\u012bdz\u0113t ar to.<br \/>\nPapildus \u017eogiem varam nodro\u0161in\u0101t ar\u012b konteineru ar uz\u0146\u0113muma logotipiem, kr\u0101sotu klienta v\u0113lam\u0101s kr\u0101s\u0101s vai silt\u0101kam birojam.<br \/>\nM\u016bsu uz\u0146\u0113mums atbilst ISO kvalit\u0101tes pras\u012bb\u0101m un preces vienm\u0113r ir god\u012bgas.<\/p>\n<p>\u0160\u0101du \u017eogu var izmantot ar\u012b k\u0101 p\u0101rvietojamu su\u0146u b\u016bri, rekl\u0101mas nol\u016bkos pievienojot tai baneri vai v\u0101rtus.<\/p>\n<h2>\u017dogs un t\u0101 transports.<\/h2>\n<p>P\u0113c piem\u0113rotas preces izv\u0113les varam izteikt ar\u012b transporta pied\u0101v\u0101jumu.<br \/>\nParasti transport\u0113\u0161anai izmantojam celtni vai s\u0101nu iekr\u0101v\u0113ju.<br \/>\nSare\u017e\u0123\u012bt\u0101kas vietas risin\u0101m ar auto piekabes pal\u012bdz\u012bbu.<br \/>\nJ\u016bs varat bez maksas uzglab\u0101t ieg\u0101d\u0101t\u0101s preces m\u016bsu termin\u0101l\u012b l\u012bdz se\u0161iem m\u0113ne\u0161iem.<br \/>\nVienm\u0113r iesp\u0113jams vienoties par ilg\u0101ku laiku.<br \/>\nTas ir noder\u012bgi, piem\u0113ram, ja atra\u0161an\u0101s vieta v\u0113l nav gatava vai pieejama.<br \/>\n\u0160aj\u0101 gad\u012bjum\u0101 preces cena nemain\u012bsies un var\u0113siet b\u016bt p\u0101rliecin\u0101ti, ka izv\u0113l\u0113t\u0101s preces sa\u0146emsiet norun\u0101taj\u0101 laik\u0101.<\/p>\n<p>Lab\u0101k\u0101s kvalit\u0101tes \u017eogs<br \/>\nRobe\u017eas<br \/>\nBiroja kab\u012bne<br \/>\nKonteineri<br \/>\nTransports<br \/>\nK\u0101pnes<br \/>\nTerases<\/p>\n<p>J\u016bs varat atrast lielu pre\u010du izv\u0113li b\u016bvniec\u012bbai un m\u0101jas pagalmam, mums ir visas reklam\u0113t\u0101s preces vai ar\u012b t\u0101s var pieg\u0101d\u0101t ar \u012bsu pieg\u0101des laiku. Visus produktus var \u0101tri un viegli p\u0101rvietot. Piem\u0113ram, p\u0113rkot konteineru, varam pievienot plauktus, d\u0101rza pane\u013cus, maz\u0101ku konteineru vai ko citu un pieg\u0101d\u0101t visu komplekt\u0101. Osa\u00fching Miil r\u012bc\u012bb\u0101 ir ar\u012b pareizais apr\u012bkojums un augstas kvalit\u0101tes darbasp\u0113ks.<\/p>\n<p>Citus plauktus un aksesu\u0101rus skatiet <a href=\"https:\/\/www.miil.ee\/lv\/merekonteinerid\/papildu-piederumi\/\">\u0161eit!<\/a><\/p>\n<p>Sekojiet mums\u00a0<a href=\"https:\/\/www.facebook.com\/konteinerveod\/\">Facebook<\/a>\u00a0vai\u00a0<a href=\"https:\/\/www.instagram.com\/ou_miil\/\">Instagram.<\/a><\/p>\n","protected":false},"excerpt":{"rendered":"<p>Pagaidu \u017eogs \/ celtniec\u012bbas \u017eogs<br \/>\n3500mm lai x 2000mm<\/p>\n","protected":false},"featured_media":104813,"comment_status":"closed","ping_status":"closed","template":"","meta":{"_acf_changed":false},"product_cat":[336],"product_tag":[],"class_list":{"0":"post-15700","1":"product","2":"type-product","3":"status-publish","4":"has-post-thumbnail","6":"product_cat-papildu-piederumi","8":"first","9":"instock","10":"shipping-taxable","11":"purchasable","12":"product-type-simple"},"acf":[],"yoast_head":"<!-- This site is optimized with the Yoast SEO Premium plugin v23.9 (Yoast SEO v27.5) - https:\/\/yoast.com\/product\/yoast-seo-premium-wordpress\/ -->\n<title>Pagaidu \u017eogs \/ celtniec\u012bbas \u017eogs - Miil O\u00dc<\/title>\n<meta name=\"description\" content=\"Pagaidu \u017eogs | Juras konteiner transport | Juras konteiner jauns | Containex jauns | www.miil.lv | +372 57 50 3328 \u2b50\ufe0f\u2b50\ufe0f\u2b50\ufe0f\u2b50\ufe0f\u2b50\" \/>\n<meta name=\"robots\" content=\"index, follow, max-snippet:-1, max-image-preview:large, max-video-preview:-1\" \/>\n<link rel=\"canonical\" href=\"https:\/\/miil.dev.almic.ee\/lv\/toode\/pagaidu-zogs-celtniecibas-zogs\/\" \/>\n<meta property=\"og:locale\" content=\"lv_LV\" \/>\n<meta property=\"og:type\" content=\"article\" \/>\n<meta property=\"og:title\" content=\"Pagaidu \u017eogs \/ celtniec\u012bbas \u017eogs\" \/>\n<meta property=\"og:description\" content=\"Pagaidu \u017eogs | Juras konteiner transport | Juras konteiner jauns | Containex jauns | www.miil.lv | +372 57 50 3328 \u2b50\ufe0f\u2b50\ufe0f\u2b50\ufe0f\u2b50\ufe0f\u2b50\" \/>\n<meta property=\"og:url\" content=\"https:\/\/miil.dev.almic.ee\/lv\/toode\/pagaidu-zogs-celtniecibas-zogs\/\" \/>\n<meta property=\"og:site_name\" content=\"Miil O\u00dc\" \/>\n<meta property=\"article:publisher\" content=\"https:\/\/www.facebook.com\/konteinerveod\/\" \/>\n<meta property=\"article:modified_time\" content=\"2024-11-05T10:34:56+00:00\" \/>\n<meta property=\"og:image\" content=\"https:\/\/miil.dev.almic.ee\/wp-content\/uploads\/2022\/05\/aed-a3-scaled.jpg\" \/>\n\t<meta property=\"og:image:width\" content=\"1900\" \/>\n\t<meta property=\"og:image:height\" content=\"1425\" \/>\n\t<meta property=\"og:image:type\" content=\"image\/jpeg\" \/>\n<meta name=\"twitter:card\" content=\"summary_large_image\" \/>\n<meta name=\"twitter:label1\" content=\"Price\" \/>\n\t<meta name=\"twitter:data1\" content=\"49,00&nbsp;&euro;\" \/>\n\t<meta name=\"twitter:label2\" content=\"Availability\" \/>\n\t<meta name=\"twitter:data2\" content=\"In stock\" \/>\n<script type=\"application\/ld+json\" class=\"yoast-schema-graph\">{\"@context\":\"https:\\\/\\\/schema.org\",\"@graph\":[{\"@type\":\"WebPage\",\"@id\":\"https:\\\/\\\/miil.dev.almic.ee\\\/lv\\\/toode\\\/pagaidu-zogs-celtniecibas-zogs\\\/\",\"url\":\"https:\\\/\\\/miil.dev.almic.ee\\\/lv\\\/toode\\\/pagaidu-zogs-celtniecibas-zogs\\\/\",\"name\":\"Pagaidu \u017eogs \\\/ celtniec\u012bbas \u017eogs - Miil O\u00dc\",\"isPartOf\":{\"@id\":\"https:\\\/\\\/miil.dev.almic.ee\\\/#website\"},\"primaryImageOfPage\":{\"@id\":\"https:\\\/\\\/miil.dev.almic.ee\\\/lv\\\/toode\\\/pagaidu-zogs-celtniecibas-zogs\\\/#primaryimage\"},\"image\":{\"@id\":\"https:\\\/\\\/miil.dev.almic.ee\\\/lv\\\/toode\\\/pagaidu-zogs-celtniecibas-zogs\\\/#primaryimage\"},\"thumbnailUrl\":\"https:\\\/\\\/miil.dev.almic.ee\\\/wp-content\\\/uploads\\\/2022\\\/05\\\/aed-a3-scaled.jpg\",\"datePublished\":\"2022-05-18T11:15:58+00:00\",\"dateModified\":\"2024-11-05T10:34:56+00:00\",\"description\":\"Pagaidu \u017eogs | Juras konteiner transport | Juras konteiner jauns | Containex jauns | www.miil.lv | +372 57 50 3328 \u2b50\ufe0f\u2b50\ufe0f\u2b50\ufe0f\u2b50\ufe0f\u2b50\",\"breadcrumb\":{\"@id\":\"https:\\\/\\\/miil.dev.almic.ee\\\/lv\\\/toode\\\/pagaidu-zogs-celtniecibas-zogs\\\/#breadcrumb\"},\"inLanguage\":\"lv-LV\",\"potentialAction\":[{\"@type\":\"ReadAction\",\"target\":[\"https:\\\/\\\/miil.dev.almic.ee\\\/lv\\\/toode\\\/pagaidu-zogs-celtniecibas-zogs\\\/\"]}]},{\"@type\":\"ImageObject\",\"inLanguage\":\"lv-LV\",\"@id\":\"https:\\\/\\\/miil.dev.almic.ee\\\/lv\\\/toode\\\/pagaidu-zogs-celtniecibas-zogs\\\/#primaryimage\",\"url\":\"https:\\\/\\\/miil.dev.almic.ee\\\/wp-content\\\/uploads\\\/2022\\\/05\\\/aed-a3-scaled.jpg\",\"contentUrl\":\"https:\\\/\\\/miil.dev.almic.ee\\\/wp-content\\\/uploads\\\/2022\\\/05\\\/aed-a3-scaled.jpg\",\"width\":1900,\"height\":1425},{\"@type\":\"BreadcrumbList\",\"@id\":\"https:\\\/\\\/miil.dev.almic.ee\\\/lv\\\/toode\\\/pagaidu-zogs-celtniecibas-zogs\\\/#breadcrumb\",\"itemListElement\":[{\"@type\":\"ListItem\",\"position\":1,\"name\":\"Home\",\"item\":\"https:\\\/\\\/miil.dev.almic.ee\\\/lv\\\/\"},{\"@type\":\"ListItem\",\"position\":2,\"name\":\"Veikals\",\"item\":\"https:\\\/\\\/miil.dev.almic.ee\\\/lv\\\/veikals\\\/\"},{\"@type\":\"ListItem\",\"position\":3,\"name\":\"Pagaidu \u017eogs \\\/ celtniec\u012bbas \u017eogs\"}]},{\"@type\":\"WebSite\",\"@id\":\"https:\\\/\\\/miil.dev.almic.ee\\\/#website\",\"url\":\"https:\\\/\\\/miil.dev.almic.ee\\\/\",\"name\":\"Miil O\u00dc\",\"description\":\"Konteinerveod\",\"publisher\":{\"@id\":\"https:\\\/\\\/miil.dev.almic.ee\\\/#organization\"},\"potentialAction\":[{\"@type\":\"SearchAction\",\"target\":{\"@type\":\"EntryPoint\",\"urlTemplate\":\"https:\\\/\\\/miil.dev.almic.ee\\\/?s={search_term_string}\"},\"query-input\":{\"@type\":\"PropertyValueSpecification\",\"valueRequired\":true,\"valueName\":\"search_term_string\"}}],\"inLanguage\":\"lv-LV\"},{\"@type\":\"Organization\",\"@id\":\"https:\\\/\\\/miil.dev.almic.ee\\\/#organization\",\"name\":\"Miil O\u00dc\",\"url\":\"https:\\\/\\\/miil.dev.almic.ee\\\/\",\"logo\":{\"@type\":\"ImageObject\",\"inLanguage\":\"lv-LV\",\"@id\":\"https:\\\/\\\/miil.dev.almic.ee\\\/#\\\/schema\\\/logo\\\/image\\\/\",\"url\":\"https:\\\/\\\/www.miil.ee\\\/wp-content\\\/uploads\\\/2022\\\/02\\\/Miil-logo.svg\",\"contentUrl\":\"https:\\\/\\\/www.miil.ee\\\/wp-content\\\/uploads\\\/2022\\\/02\\\/Miil-logo.svg\",\"width\":\"1024\",\"height\":\"1024\",\"caption\":\"Miil O\u00dc\"},\"image\":{\"@id\":\"https:\\\/\\\/miil.dev.almic.ee\\\/#\\\/schema\\\/logo\\\/image\\\/\"},\"sameAs\":[\"https:\\\/\\\/www.facebook.com\\\/konteinerveod\\\/\",\"https:\\\/\\\/www.instagram.com\\\/ou_miil\\\/\"]}]}<\/script>\n<meta property=\"product:price:amount\" content=\"49.00\" \/>\n<meta property=\"product:price:currency\" content=\"EUR\" \/>\n<meta property=\"og:availability\" content=\"instock\" \/>\n<meta property=\"product:availability\" content=\"instock\" \/>\n<meta property=\"product:condition\" content=\"new\" \/>\n<!-- \/ Yoast SEO Premium plugin. -->","yoast_head_json":{"title":"Pagaidu \u017eogs \/ celtniec\u012bbas \u017eogs - Miil O\u00dc","description":"Pagaidu \u017eogs | Juras konteiner transport | Juras konteiner jauns | Containex jauns | www.miil.lv | +372 57 50 3328 \u2b50\ufe0f\u2b50\ufe0f\u2b50\ufe0f\u2b50\ufe0f\u2b50","robots":{"index":"index","follow":"follow","max-snippet":"max-snippet:-1","max-image-preview":"max-image-preview:large","max-video-preview":"max-video-preview:-1"},"canonical":"https:\/\/miil.dev.almic.ee\/lv\/toode\/pagaidu-zogs-celtniecibas-zogs\/","og_locale":"lv_LV","og_type":"article","og_title":"Pagaidu \u017eogs \/ celtniec\u012bbas \u017eogs","og_description":"Pagaidu \u017eogs | Juras konteiner transport | Juras konteiner jauns | Containex jauns | www.miil.lv | +372 57 50 3328 \u2b50\ufe0f\u2b50\ufe0f\u2b50\ufe0f\u2b50\ufe0f\u2b50","og_url":"https:\/\/miil.dev.almic.ee\/lv\/toode\/pagaidu-zogs-celtniecibas-zogs\/","og_site_name":"Miil O\u00dc","article_publisher":"https:\/\/www.facebook.com\/konteinerveod\/","article_modified_time":"2024-11-05T10:34:56+00:00","og_image":[{"width":1900,"height":1425,"url":"https:\/\/miil.dev.almic.ee\/wp-content\/uploads\/2022\/05\/aed-a3-scaled.jpg","type":"image\/jpeg"}],"twitter_card":"summary_large_image","twitter_misc":{"Price":"49,00&nbsp;&euro;","Availability":"In stock"},"schema":{"@context":"https:\/\/schema.org","@graph":[{"@type":"WebPage","@id":"https:\/\/miil.dev.almic.ee\/lv\/toode\/pagaidu-zogs-celtniecibas-zogs\/","url":"https:\/\/miil.dev.almic.ee\/lv\/toode\/pagaidu-zogs-celtniecibas-zogs\/","name":"Pagaidu \u017eogs \/ celtniec\u012bbas \u017eogs - Miil O\u00dc","isPartOf":{"@id":"https:\/\/miil.dev.almic.ee\/#website"},"primaryImageOfPage":{"@id":"https:\/\/miil.dev.almic.ee\/lv\/toode\/pagaidu-zogs-celtniecibas-zogs\/#primaryimage"},"image":{"@id":"https:\/\/miil.dev.almic.ee\/lv\/toode\/pagaidu-zogs-celtniecibas-zogs\/#primaryimage"},"thumbnailUrl":"https:\/\/miil.dev.almic.ee\/wp-content\/uploads\/2022\/05\/aed-a3-scaled.jpg","datePublished":"2022-05-18T11:15:58+00:00","dateModified":"2024-11-05T10:34:56+00:00","description":"Pagaidu \u017eogs | Juras konteiner transport | Juras konteiner jauns | Containex jauns | www.miil.lv | +372 57 50 3328 \u2b50\ufe0f\u2b50\ufe0f\u2b50\ufe0f\u2b50\ufe0f\u2b50","breadcrumb":{"@id":"https:\/\/miil.dev.almic.ee\/lv\/toode\/pagaidu-zogs-celtniecibas-zogs\/#breadcrumb"},"inLanguage":"lv-LV","potentialAction":[{"@type":"ReadAction","target":["https:\/\/miil.dev.almic.ee\/lv\/toode\/pagaidu-zogs-celtniecibas-zogs\/"]}]},{"@type":"ImageObject","inLanguage":"lv-LV","@id":"https:\/\/miil.dev.almic.ee\/lv\/toode\/pagaidu-zogs-celtniecibas-zogs\/#primaryimage","url":"https:\/\/miil.dev.almic.ee\/wp-content\/uploads\/2022\/05\/aed-a3-scaled.jpg","contentUrl":"https:\/\/miil.dev.almic.ee\/wp-content\/uploads\/2022\/05\/aed-a3-scaled.jpg","width":1900,"height":1425},{"@type":"BreadcrumbList","@id":"https:\/\/miil.dev.almic.ee\/lv\/toode\/pagaidu-zogs-celtniecibas-zogs\/#breadcrumb","itemListElement":[{"@type":"ListItem","position":1,"name":"Home","item":"https:\/\/miil.dev.almic.ee\/lv\/"},{"@type":"ListItem","position":2,"name":"Veikals","item":"https:\/\/miil.dev.almic.ee\/lv\/veikals\/"},{"@type":"ListItem","position":3,"name":"Pagaidu \u017eogs \/ celtniec\u012bbas \u017eogs"}]},{"@type":"WebSite","@id":"https:\/\/miil.dev.almic.ee\/#website","url":"https:\/\/miil.dev.almic.ee\/","name":"Miil O\u00dc","description":"Konteinerveod","publisher":{"@id":"https:\/\/miil.dev.almic.ee\/#organization"},"potentialAction":[{"@type":"SearchAction","target":{"@type":"EntryPoint","urlTemplate":"https:\/\/miil.dev.almic.ee\/?s={search_term_string}"},"query-input":{"@type":"PropertyValueSpecification","valueRequired":true,"valueName":"search_term_string"}}],"inLanguage":"lv-LV"},{"@type":"Organization","@id":"https:\/\/miil.dev.almic.ee\/#organization","name":"Miil O\u00dc","url":"https:\/\/miil.dev.almic.ee\/","logo":{"@type":"ImageObject","inLanguage":"lv-LV","@id":"https:\/\/miil.dev.almic.ee\/#\/schema\/logo\/image\/","url":"https:\/\/www.miil.ee\/wp-content\/uploads\/2022\/02\/Miil-logo.svg","contentUrl":"https:\/\/www.miil.ee\/wp-content\/uploads\/2022\/02\/Miil-logo.svg","width":"1024","height":"1024","caption":"Miil O\u00dc"},"image":{"@id":"https:\/\/miil.dev.almic.ee\/#\/schema\/logo\/image\/"},"sameAs":["https:\/\/www.facebook.com\/konteinerveod\/","https:\/\/www.instagram.com\/ou_miil\/"]}]},"product_price_amount":"49.00","product_price_currency":"EUR","og_availability":"instock","product_availability":"instock","product_condition":"new"},"_links":{"self":[{"href":"https:\/\/miil.dev.almic.ee\/lv\/wp-json\/wp\/v2\/product\/15700","targetHints":{"allow":["GET"]}}],"collection":[{"href":"https:\/\/miil.dev.almic.ee\/lv\/wp-json\/wp\/v2\/product"}],"about":[{"href":"https:\/\/miil.dev.almic.ee\/lv\/wp-json\/wp\/v2\/types\/product"}],"replies":[{"embeddable":true,"href":"https:\/\/miil.dev.almic.ee\/lv\/wp-json\/wp\/v2\/comments?post=15700"}],"wp:featuredmedia":[{"embeddable":true,"href":"https:\/\/miil.dev.almic.ee\/lv\/wp-json\/wp\/v2\/media\/104813"}],"wp:attachment":[{"href":"https:\/\/miil.dev.almic.ee\/lv\/wp-json\/wp\/v2\/media?parent=15700"}],"wp:term":[{"taxonomy":"product_cat","embeddable":true,"href":"https:\/\/miil.dev.almic.ee\/lv\/wp-json\/wp\/v2\/product_cat?post=15700"},{"taxonomy":"product_tag","embeddable":true,"href":"https:\/\/miil.dev.almic.ee\/lv\/wp-json\/wp\/v2\/product_tag?post=15700"}],"curies":[{"name":"wp","href":"https:\/\/api.w.org\/{rel}","templated":true}]}}