{"id":15684,"date":"2022-05-18T14:16:05","date_gmt":"2022-05-18T11:16:05","guid":{"rendered":"https:\/\/www.miil.ee\/toode\/rehviriiul-500-sugav-x1800-lai-x2100-korge-1910-valimine-laius-3-tasapinnaga\/"},"modified":"2024-11-05T12:14:50","modified_gmt":"2024-11-05T10:14:50","slug":"riepu-bagaznieks","status":"publish","type":"product","link":"https:\/\/miil.dev.almic.ee\/lv\/toode\/riepu-bagaznieks\/","title":{"rendered":"Riepu bag\u0101\u017enieks"},"content":{"rendered":"<h1>Riepu bag\u0101\u017enieks ar 3 l\u012bme\u0146iem \u2013 ide\u0101ls risin\u0101jums riepu uzglab\u0101\u0161anai<\/h1>\n<p>Riepu plaukts ar 3 l\u012bme\u0146iem! Glab\u0101jiet riepas k\u0101rt\u012bgi un ietaupot vietu, izmantojot m\u016bsu augstas kvalit\u0101tes 3 l\u012bme\u0146u riepu plauktu. \u0160is praktiskais stat\u012bvs ir \u012bpa\u0161i izstr\u0101d\u0101ts dro\u0161ai un sak\u0101rtotai riepu uzglab\u0101\u0161anai, nodro\u0161inot to ilgm\u016b\u017e\u012bbu un aizsardz\u012bbu.<\/p>\n<p>M\u016bsu riepu bag\u0101\u017eniekam ir tr\u012bs l\u012bme\u0146i, kas \u013cauj \u0113rti sak\u0101rtot un atdal\u012bt da\u017e\u0101da izm\u0113ra riepas. Plaukts ir izgatavots no iztur\u012bga materi\u0101la, kas nodro\u0161ina t\u0101 stabilit\u0101ti un iztur\u012bbu ikdienas lieto\u0161anai. T\u0101 izm\u0113rs ir 500 mm dzi\u013c\u0161, 1800 mm plats un 2100 mm augsts (\u0101r\u0113jais platums 1910 mm), pied\u0101v\u0101jot daudz vietas, lai \u0113rti novietotu vair\u0101kas riepas.<\/p>\n<p>Pas\u016bt\u012b\u0161ana ir vienk\u0101r\u0161a un \u0113rta. Apmekl\u0113jiet m\u016bsu vietni MIIL.ee un kategorij\u0101 &#8220;Piederumi&#8221; atlasiet riepu bag\u0101\u017enieku ar 3 l\u012bme\u0146iem. Cena ir tikai \u20ac220,00 + km, kas padara to par lielisku ieguld\u012bjumu riepu uzglab\u0101\u0161anai j\u016bsu gar\u0101\u017e\u0101, darbn\u012bc\u0101 vai tirdzniec\u012bbas telp\u0101.<\/p>\n<p>M\u016bsu klientu apmierin\u0101t\u012bba ir m\u016bsu priorit\u0101te. Riepu bag\u0101\u017enieka kvalit\u0101te, iztur\u012bba un funkcionalit\u0101te ir sa\u0146\u0113musi daudz pozit\u012bvu atsauksmju. M\u016bsu ekspertu komanda vienm\u0113r ir gatava jums pal\u012bdz\u0113t un atbild\u0113t uz visiem j\u016bsu jaut\u0101jumiem un vajadz\u012bb\u0101m.<\/p>\n<p>Pas\u016btiet riepu bag\u0101\u017enieku ar 3 l\u012bme\u0146iem no MIIL.ee vietnes jau \u0161odien un nodro\u0161iniet savu riepu pareizu uzglab\u0101\u0161anu un aizsardz\u012bbu. M\u0113s esam paz\u012bstami ar saviem uzticamajiem un augstas kvalit\u0101tes produktiem un pied\u0101v\u0101jam pla\u0161u j\u016bras konteineru un citu piederumu kl\u0101stu. Apskatiet m\u016bsu pla\u0161o produktu kl\u0101stu un atrodiet sav\u0101m vajadz\u012bb\u0101m lab\u0101ko risin\u0101jumu!<\/p>\n<p>\u0160is produkts ir \u013coti piepras\u012bts, t\u0101p\u0113c nepalaidiet gar\u0101m \u0161o iesp\u0113ju. Glab\u0101jiet riepas k\u0101rt\u012bgi un sak\u0101rtoti, izv\u0113loties m\u016bsu augstas kvalit\u0101tes riepu bag\u0101\u017enieku ar 3 l\u012bme\u0146iem. J\u016bsu riepas nov\u0113rt\u0113 ilg\u0101ku kalpo\u0161anas laiku un efekt\u012bvu aizsardz\u012bbu. Pas\u016btiet \u0161odien un izbaudiet komfortu un kvalit\u0101ti, ko pied\u0101v\u0101 MIIL.ee.<\/p>\n<p>Citus plauktus un aksesu\u0101rus skatiet <a href=\"https:\/\/www.miil.ee\/lv\/merekonteinerid\/papildu-piederumi\/\">\u0161eit!<\/a><\/p>\n<p>Sekojiet mums\u00a0<a href=\"https:\/\/www.facebook.com\/konteinerveod\/\">Facebook<\/a>\u00a0vai\u00a0<a href=\"https:\/\/www.instagram.com\/ou_miil\/\">Instagram.<\/a><\/p>\n","protected":false},"excerpt":{"rendered":"<p>Riepu bag\u0101\u017enieks<br \/>\n500 s\u00fcgav x1800 lai x2100 k\u00f5rge, (1910 v\u00e4limine laius)<\/p>\n","protected":false},"featured_media":2371,"comment_status":"closed","ping_status":"closed","template":"","meta":{"_acf_changed":false},"product_cat":[336],"product_tag":[],"class_list":{"0":"post-15684","1":"product","2":"type-product","3":"status-publish","4":"has-post-thumbnail","6":"product_cat-papildu-piederumi","8":"first","9":"instock","10":"shipping-taxable","11":"purchasable","12":"product-type-simple"},"acf":[],"yoast_head":"<!-- This site is optimized with the Yoast SEO Premium plugin v23.9 (Yoast SEO v27.5) - https:\/\/yoast.com\/product\/yoast-seo-premium-wordpress\/ -->\n<title>Riepu bag\u0101\u017enieks - Miil O\u00dc<\/title>\n<meta name=\"description\" content=\"Riepu bag\u0101\u017enieks | Juras konteiner transport | Juras konteiner jauns | Containex jauns | www.miil.lv | +372 57 50 3328 \u2b50\ufe0f\u2b50\ufe0f\u2b50\ufe0f\u2b50\ufe0f\u2b50\" \/>\n<meta name=\"robots\" content=\"index, follow, max-snippet:-1, max-image-preview:large, max-video-preview:-1\" \/>\n<link rel=\"canonical\" href=\"https:\/\/miil.dev.almic.ee\/lv\/toode\/riepu-bagaznieks\/\" \/>\n<meta property=\"og:locale\" content=\"lv_LV\" \/>\n<meta property=\"og:type\" content=\"article\" \/>\n<meta property=\"og:title\" content=\"Riepu bag\u0101\u017enieks\" \/>\n<meta property=\"og:description\" content=\"Riepu bag\u0101\u017enieks | Juras konteiner transport | Juras konteiner jauns | Containex jauns | www.miil.lv | +372 57 50 3328 \u2b50\ufe0f\u2b50\ufe0f\u2b50\ufe0f\u2b50\ufe0f\u2b50\" \/>\n<meta property=\"og:url\" content=\"https:\/\/miil.dev.almic.ee\/lv\/toode\/riepu-bagaznieks\/\" \/>\n<meta property=\"og:site_name\" content=\"Miil O\u00dc\" \/>\n<meta property=\"article:publisher\" content=\"https:\/\/www.facebook.com\/konteinerveod\/\" \/>\n<meta property=\"article:modified_time\" content=\"2024-11-05T10:14:50+00:00\" \/>\n<meta property=\"og:image\" content=\"https:\/\/miil.dev.almic.ee\/wp-content\/uploads\/2022\/05\/rehviriiul-2-1.jpg\" \/>\n\t<meta property=\"og:image:width\" content=\"719\" \/>\n\t<meta property=\"og:image:height\" content=\"731\" \/>\n\t<meta property=\"og:image:type\" content=\"image\/jpeg\" \/>\n<meta name=\"twitter:card\" content=\"summary_large_image\" \/>\n<meta name=\"twitter:label1\" content=\"Price\" \/>\n\t<meta name=\"twitter:data1\" content=\"220,00&nbsp;&euro;\" \/>\n\t<meta name=\"twitter:label2\" content=\"Availability\" \/>\n\t<meta name=\"twitter:data2\" content=\"In stock\" \/>\n<script type=\"application\/ld+json\" class=\"yoast-schema-graph\">{\"@context\":\"https:\\\/\\\/schema.org\",\"@graph\":[{\"@type\":\"WebPage\",\"@id\":\"https:\\\/\\\/miil.dev.almic.ee\\\/lv\\\/toode\\\/riepu-bagaznieks\\\/\",\"url\":\"https:\\\/\\\/miil.dev.almic.ee\\\/lv\\\/toode\\\/riepu-bagaznieks\\\/\",\"name\":\"Riepu bag\u0101\u017enieks - Miil O\u00dc\",\"isPartOf\":{\"@id\":\"https:\\\/\\\/miil.dev.almic.ee\\\/#website\"},\"primaryImageOfPage\":{\"@id\":\"https:\\\/\\\/miil.dev.almic.ee\\\/lv\\\/toode\\\/riepu-bagaznieks\\\/#primaryimage\"},\"image\":{\"@id\":\"https:\\\/\\\/miil.dev.almic.ee\\\/lv\\\/toode\\\/riepu-bagaznieks\\\/#primaryimage\"},\"thumbnailUrl\":\"https:\\\/\\\/miil.dev.almic.ee\\\/wp-content\\\/uploads\\\/2022\\\/05\\\/rehviriiul-2-1.jpg\",\"datePublished\":\"2022-05-18T11:16:05+00:00\",\"dateModified\":\"2024-11-05T10:14:50+00:00\",\"description\":\"Riepu bag\u0101\u017enieks | Juras konteiner transport | Juras konteiner jauns | Containex jauns | www.miil.lv | +372 57 50 3328 \u2b50\ufe0f\u2b50\ufe0f\u2b50\ufe0f\u2b50\ufe0f\u2b50\",\"breadcrumb\":{\"@id\":\"https:\\\/\\\/miil.dev.almic.ee\\\/lv\\\/toode\\\/riepu-bagaznieks\\\/#breadcrumb\"},\"inLanguage\":\"lv-LV\",\"potentialAction\":[{\"@type\":\"ReadAction\",\"target\":[\"https:\\\/\\\/miil.dev.almic.ee\\\/lv\\\/toode\\\/riepu-bagaznieks\\\/\"]}]},{\"@type\":\"ImageObject\",\"inLanguage\":\"lv-LV\",\"@id\":\"https:\\\/\\\/miil.dev.almic.ee\\\/lv\\\/toode\\\/riepu-bagaznieks\\\/#primaryimage\",\"url\":\"https:\\\/\\\/miil.dev.almic.ee\\\/wp-content\\\/uploads\\\/2022\\\/05\\\/rehviriiul-2-1.jpg\",\"contentUrl\":\"https:\\\/\\\/miil.dev.almic.ee\\\/wp-content\\\/uploads\\\/2022\\\/05\\\/rehviriiul-2-1.jpg\",\"width\":719,\"height\":731},{\"@type\":\"BreadcrumbList\",\"@id\":\"https:\\\/\\\/miil.dev.almic.ee\\\/lv\\\/toode\\\/riepu-bagaznieks\\\/#breadcrumb\",\"itemListElement\":[{\"@type\":\"ListItem\",\"position\":1,\"name\":\"Home\",\"item\":\"https:\\\/\\\/miil.dev.almic.ee\\\/lv\\\/\"},{\"@type\":\"ListItem\",\"position\":2,\"name\":\"Veikals\",\"item\":\"https:\\\/\\\/miil.dev.almic.ee\\\/lv\\\/veikals\\\/\"},{\"@type\":\"ListItem\",\"position\":3,\"name\":\"Riepu bag\u0101\u017enieks\"}]},{\"@type\":\"WebSite\",\"@id\":\"https:\\\/\\\/miil.dev.almic.ee\\\/#website\",\"url\":\"https:\\\/\\\/miil.dev.almic.ee\\\/\",\"name\":\"Miil O\u00dc\",\"description\":\"Konteinerveod\",\"publisher\":{\"@id\":\"https:\\\/\\\/miil.dev.almic.ee\\\/#organization\"},\"potentialAction\":[{\"@type\":\"SearchAction\",\"target\":{\"@type\":\"EntryPoint\",\"urlTemplate\":\"https:\\\/\\\/miil.dev.almic.ee\\\/?s={search_term_string}\"},\"query-input\":{\"@type\":\"PropertyValueSpecification\",\"valueRequired\":true,\"valueName\":\"search_term_string\"}}],\"inLanguage\":\"lv-LV\"},{\"@type\":\"Organization\",\"@id\":\"https:\\\/\\\/miil.dev.almic.ee\\\/#organization\",\"name\":\"Miil O\u00dc\",\"url\":\"https:\\\/\\\/miil.dev.almic.ee\\\/\",\"logo\":{\"@type\":\"ImageObject\",\"inLanguage\":\"lv-LV\",\"@id\":\"https:\\\/\\\/miil.dev.almic.ee\\\/#\\\/schema\\\/logo\\\/image\\\/\",\"url\":\"https:\\\/\\\/www.miil.ee\\\/wp-content\\\/uploads\\\/2022\\\/02\\\/Miil-logo.svg\",\"contentUrl\":\"https:\\\/\\\/www.miil.ee\\\/wp-content\\\/uploads\\\/2022\\\/02\\\/Miil-logo.svg\",\"width\":\"1024\",\"height\":\"1024\",\"caption\":\"Miil O\u00dc\"},\"image\":{\"@id\":\"https:\\\/\\\/miil.dev.almic.ee\\\/#\\\/schema\\\/logo\\\/image\\\/\"},\"sameAs\":[\"https:\\\/\\\/www.facebook.com\\\/konteinerveod\\\/\",\"https:\\\/\\\/www.instagram.com\\\/ou_miil\\\/\"]}]}<\/script>\n<meta property=\"product:price:amount\" content=\"220.00\" \/>\n<meta property=\"product:price:currency\" content=\"EUR\" \/>\n<meta property=\"og:availability\" content=\"instock\" \/>\n<meta property=\"product:availability\" content=\"instock\" \/>\n<meta property=\"product:condition\" content=\"new\" \/>\n<!-- \/ Yoast SEO Premium plugin. -->","yoast_head_json":{"title":"Riepu bag\u0101\u017enieks - Miil O\u00dc","description":"Riepu bag\u0101\u017enieks | Juras konteiner transport | Juras konteiner jauns | Containex jauns | www.miil.lv | +372 57 50 3328 \u2b50\ufe0f\u2b50\ufe0f\u2b50\ufe0f\u2b50\ufe0f\u2b50","robots":{"index":"index","follow":"follow","max-snippet":"max-snippet:-1","max-image-preview":"max-image-preview:large","max-video-preview":"max-video-preview:-1"},"canonical":"https:\/\/miil.dev.almic.ee\/lv\/toode\/riepu-bagaznieks\/","og_locale":"lv_LV","og_type":"article","og_title":"Riepu bag\u0101\u017enieks","og_description":"Riepu bag\u0101\u017enieks | Juras konteiner transport | Juras konteiner jauns | Containex jauns | www.miil.lv | +372 57 50 3328 \u2b50\ufe0f\u2b50\ufe0f\u2b50\ufe0f\u2b50\ufe0f\u2b50","og_url":"https:\/\/miil.dev.almic.ee\/lv\/toode\/riepu-bagaznieks\/","og_site_name":"Miil O\u00dc","article_publisher":"https:\/\/www.facebook.com\/konteinerveod\/","article_modified_time":"2024-11-05T10:14:50+00:00","og_image":[{"width":719,"height":731,"url":"https:\/\/miil.dev.almic.ee\/wp-content\/uploads\/2022\/05\/rehviriiul-2-1.jpg","type":"image\/jpeg"}],"twitter_card":"summary_large_image","twitter_misc":{"Price":"220,00&nbsp;&euro;","Availability":"In stock"},"schema":{"@context":"https:\/\/schema.org","@graph":[{"@type":"WebPage","@id":"https:\/\/miil.dev.almic.ee\/lv\/toode\/riepu-bagaznieks\/","url":"https:\/\/miil.dev.almic.ee\/lv\/toode\/riepu-bagaznieks\/","name":"Riepu bag\u0101\u017enieks - Miil O\u00dc","isPartOf":{"@id":"https:\/\/miil.dev.almic.ee\/#website"},"primaryImageOfPage":{"@id":"https:\/\/miil.dev.almic.ee\/lv\/toode\/riepu-bagaznieks\/#primaryimage"},"image":{"@id":"https:\/\/miil.dev.almic.ee\/lv\/toode\/riepu-bagaznieks\/#primaryimage"},"thumbnailUrl":"https:\/\/miil.dev.almic.ee\/wp-content\/uploads\/2022\/05\/rehviriiul-2-1.jpg","datePublished":"2022-05-18T11:16:05+00:00","dateModified":"2024-11-05T10:14:50+00:00","description":"Riepu bag\u0101\u017enieks | Juras konteiner transport | Juras konteiner jauns | Containex jauns | www.miil.lv | +372 57 50 3328 \u2b50\ufe0f\u2b50\ufe0f\u2b50\ufe0f\u2b50\ufe0f\u2b50","breadcrumb":{"@id":"https:\/\/miil.dev.almic.ee\/lv\/toode\/riepu-bagaznieks\/#breadcrumb"},"inLanguage":"lv-LV","potentialAction":[{"@type":"ReadAction","target":["https:\/\/miil.dev.almic.ee\/lv\/toode\/riepu-bagaznieks\/"]}]},{"@type":"ImageObject","inLanguage":"lv-LV","@id":"https:\/\/miil.dev.almic.ee\/lv\/toode\/riepu-bagaznieks\/#primaryimage","url":"https:\/\/miil.dev.almic.ee\/wp-content\/uploads\/2022\/05\/rehviriiul-2-1.jpg","contentUrl":"https:\/\/miil.dev.almic.ee\/wp-content\/uploads\/2022\/05\/rehviriiul-2-1.jpg","width":719,"height":731},{"@type":"BreadcrumbList","@id":"https:\/\/miil.dev.almic.ee\/lv\/toode\/riepu-bagaznieks\/#breadcrumb","itemListElement":[{"@type":"ListItem","position":1,"name":"Home","item":"https:\/\/miil.dev.almic.ee\/lv\/"},{"@type":"ListItem","position":2,"name":"Veikals","item":"https:\/\/miil.dev.almic.ee\/lv\/veikals\/"},{"@type":"ListItem","position":3,"name":"Riepu bag\u0101\u017enieks"}]},{"@type":"WebSite","@id":"https:\/\/miil.dev.almic.ee\/#website","url":"https:\/\/miil.dev.almic.ee\/","name":"Miil O\u00dc","description":"Konteinerveod","publisher":{"@id":"https:\/\/miil.dev.almic.ee\/#organization"},"potentialAction":[{"@type":"SearchAction","target":{"@type":"EntryPoint","urlTemplate":"https:\/\/miil.dev.almic.ee\/?s={search_term_string}"},"query-input":{"@type":"PropertyValueSpecification","valueRequired":true,"valueName":"search_term_string"}}],"inLanguage":"lv-LV"},{"@type":"Organization","@id":"https:\/\/miil.dev.almic.ee\/#organization","name":"Miil O\u00dc","url":"https:\/\/miil.dev.almic.ee\/","logo":{"@type":"ImageObject","inLanguage":"lv-LV","@id":"https:\/\/miil.dev.almic.ee\/#\/schema\/logo\/image\/","url":"https:\/\/www.miil.ee\/wp-content\/uploads\/2022\/02\/Miil-logo.svg","contentUrl":"https:\/\/www.miil.ee\/wp-content\/uploads\/2022\/02\/Miil-logo.svg","width":"1024","height":"1024","caption":"Miil O\u00dc"},"image":{"@id":"https:\/\/miil.dev.almic.ee\/#\/schema\/logo\/image\/"},"sameAs":["https:\/\/www.facebook.com\/konteinerveod\/","https:\/\/www.instagram.com\/ou_miil\/"]}]},"product_price_amount":"220.00","product_price_currency":"EUR","og_availability":"instock","product_availability":"instock","product_condition":"new"},"_links":{"self":[{"href":"https:\/\/miil.dev.almic.ee\/lv\/wp-json\/wp\/v2\/product\/15684","targetHints":{"allow":["GET"]}}],"collection":[{"href":"https:\/\/miil.dev.almic.ee\/lv\/wp-json\/wp\/v2\/product"}],"about":[{"href":"https:\/\/miil.dev.almic.ee\/lv\/wp-json\/wp\/v2\/types\/product"}],"replies":[{"embeddable":true,"href":"https:\/\/miil.dev.almic.ee\/lv\/wp-json\/wp\/v2\/comments?post=15684"}],"wp:featuredmedia":[{"embeddable":true,"href":"https:\/\/miil.dev.almic.ee\/lv\/wp-json\/wp\/v2\/media\/2371"}],"wp:attachment":[{"href":"https:\/\/miil.dev.almic.ee\/lv\/wp-json\/wp\/v2\/media?parent=15684"}],"wp:term":[{"taxonomy":"product_cat","embeddable":true,"href":"https:\/\/miil.dev.almic.ee\/lv\/wp-json\/wp\/v2\/product_cat?post=15684"},{"taxonomy":"product_tag","embeddable":true,"href":"https:\/\/miil.dev.almic.ee\/lv\/wp-json\/wp\/v2\/product_tag?post=15684"}],"curies":[{"name":"wp","href":"https:\/\/api.w.org\/{rel}","templated":true}]}}