{"id":15668,"date":"2022-05-18T14:16:06","date_gmt":"2022-05-18T11:16:06","guid":{"rendered":"https:\/\/www.miil.ee\/toode\/metallist-tsingitud-tasapinnaga-laud\/"},"modified":"2025-02-03T12:28:48","modified_gmt":"2025-02-03T10:28:48","slug":"metala-galds","status":"publish","type":"product","link":"https:\/\/miil.dev.almic.ee\/lv\/toode\/metala-galds\/","title":{"rendered":"Met\u0101la darba sols"},"content":{"rendered":"<h1>Met\u0101la galds ar cinkotu virsmu &#8211; iztur\u012bga un stil\u012bga m\u0113bele ikvienai telpai<\/h1>\n<p>Met\u0101la galds &#8211; Vai mekl\u0113jat praktisku un iztur\u012bgu m\u0113beli, kas lieliski ieder\u0113tos da\u017e\u0101d\u0101s telp\u0101s? Iepaz\u012bstin\u0101m ar m\u016bsu met\u0101la galdu ar cinkotu virsmu &#8211; augstas kvalit\u0101tes m\u0113bele, kas apvieno iztur\u012bbu, stilu un daudzpus\u012bbu.<\/p>\n<p>M\u016bsu met\u0101la galds ir izgatavots no augstas kvalit\u0101tes cinkota met\u0101la, kas nodro\u0161ina t\u0101 iztur\u012bbu, iztur\u012bbu pret koroziju un ilgu kalpo\u0161anas laiku. Galda virsma ir plakana un iztur\u012bga, nodro\u0161inot \u0113rtu darba virsmu da\u017e\u0101d\u0101m aktivit\u0101t\u0113m. T\u0101 sp\u0113c\u012bg\u0101 met\u0101la konstrukcija nodro\u0161ina stabilit\u0101ti un stabilu pamatu ikdienas lieto\u0161anai.<\/p>\n<p>Met\u0101la cinkota galda daudzpus\u012bba \u013cauj to izmantot da\u017e\u0101d\u0101s telp\u0101s un vid\u0113s. Tas ir lieliski piem\u0113rots m\u0101jas birojam, darbn\u012bcai, gar\u0101\u017eai, studijai vai komerci\u0101lai telpai. Galdam ir stil\u012bgs un m\u016b\u017e\u012bgs dizains, kas pie\u0161\u0137ir telpai modernu un industri\u0101lu izskatu.<\/p>\n<p><strong>M\u0113r\u012bjumi:<\/strong><\/p>\n<ul>\n<li>Augstums 80cm<\/li>\n<li>Virsma 80x150cm<\/li>\n<\/ul>\n<p>Pateicoties t\u0101 praktiskumam, met\u0101la galds ir daudzpus\u012bga m\u0113bele. Tas var b\u016bt ide\u0101ls rakst\u0101mgalds, rado\u0161\u0101 zona, mont\u0101\u017eas virsma, m\u0101c\u012bbu vai iepako\u0161anas galds un daudz kas cits. Turkl\u0101t taj\u0101 ir pietiekami daudz vietas da\u017e\u0101du darba instrumentu, datoru vai dekorat\u012bvu priek\u0161metu novieto\u0161anai.<\/p>\n<p>M\u016bsu met\u0101la cinkotais plakanais galds ir viegli kopjams un t\u012br\u0101ms. Tas saglab\u0101 savu kvalit\u0101ti un izskatu pat ilgsto\u0161as \u200b\u200blieto\u0161anas laik\u0101. Galds ir gatavs lieto\u0161anai uzreiz p\u0113c uzst\u0101d\u012b\u0161anas un ir viegli saliekams saska\u0146\u0101 ar instrukciju.<\/p>\n<p>Pas\u016btiet savu met\u0101la galdu no m\u016bsu vietnes MIIL.ee jau \u0161odien un izveidojiet praktisku un stil\u012bgu darba vai rado\u0161u vidi. Cena ir konkur\u0113tsp\u0113j\u012bga, un kvalit\u0101te ir garant\u0113ta. M\u0113s esam paz\u012bstami ar uzticamiem produktiem un profesion\u0101lu klientu apkalpo\u0161anu.<\/p>\n<p>MIIL.ee &#8211; J\u016bsu uzticamais m\u0113be\u013cu, j\u016bras konteineru un aksesu\u0101ru partneris. Izp\u0113tiet m\u016bsu pla\u0161o produktu kl\u0101stu un atrodiet lab\u0101kos risin\u0101jumus sav\u0101m vajadz\u012bb\u0101m. M\u016bsu komanda vienm\u0113r ir gatava jums pal\u012bdz\u0113t un pied\u0101v\u0101t profesion\u0101lu pal\u012bdz\u012bbu un padomus par pirkumu.<\/p>\n<p>Apskati citus pieejamos piederumus \u0161eit!<\/p>\n<p>Izv\u0113lieties iztur\u012bbu, stilu un daudzpus\u012bbu &#8211; izv\u0113lieties galdu ar met\u0101la cinkotu virsmu m\u016bsu vietn\u0113 MIIL.ee!<\/p>\n<p>Sekojiet mums\u00a0<a href=\"https:\/\/www.facebook.com\/konteinerveod\/\">Facebook<\/a>\u00a0vai\u00a0<a href=\"https:\/\/www.instagram.com\/ou_miil\/\">Instagram<\/a><\/p>\n","protected":false},"excerpt":{"rendered":"<p>Met\u0101la darba sols<\/p>\n","protected":false},"featured_media":86698,"comment_status":"closed","ping_status":"closed","template":"","meta":{"_acf_changed":false},"product_cat":[336],"product_tag":[],"class_list":{"0":"post-15668","1":"product","2":"type-product","3":"status-publish","4":"has-post-thumbnail","6":"product_cat-papildu-piederumi","8":"first","9":"instock","10":"shipping-taxable","11":"purchasable","12":"product-type-simple"},"acf":[],"yoast_head":"<!-- This site is optimized with the Yoast SEO Premium plugin v23.9 (Yoast SEO v27.5) - https:\/\/yoast.com\/product\/yoast-seo-premium-wordpress\/ -->\n<title>Met\u0101la galds - Miil O\u00dc<\/title>\n<meta name=\"description\" content=\"Met\u0101la galds | Juras konteiner transport | Juras konteiner jauns | Containex jauns | Transports un remonts | Elektr\u012bbas darbi un apkure | www.miil.lv\" \/>\n<meta name=\"robots\" content=\"index, follow, max-snippet:-1, max-image-preview:large, max-video-preview:-1\" \/>\n<link rel=\"canonical\" href=\"https:\/\/miil.dev.almic.ee\/lv\/toode\/metala-galds\/\" \/>\n<meta property=\"og:locale\" content=\"lv_LV\" \/>\n<meta property=\"og:type\" content=\"article\" \/>\n<meta property=\"og:title\" content=\"Met\u0101la darba sols\" \/>\n<meta property=\"og:description\" content=\"Met\u0101la galds | Juras konteiner transport | Juras konteiner jauns | Containex jauns | Transports un remonts | Elektr\u012bbas darbi un apkure | www.miil.lv\" \/>\n<meta property=\"og:url\" content=\"https:\/\/miil.dev.almic.ee\/lv\/toode\/metala-galds\/\" \/>\n<meta property=\"og:site_name\" content=\"Miil O\u00dc\" \/>\n<meta property=\"article:publisher\" content=\"https:\/\/www.facebook.com\/konteinerveod\/\" \/>\n<meta property=\"article:modified_time\" content=\"2025-02-03T10:28:48+00:00\" \/>\n<meta property=\"og:image\" content=\"https:\/\/miil.dev.almic.ee\/wp-content\/uploads\/2022\/05\/laud2.jpg\" \/>\n\t<meta property=\"og:image:width\" content=\"960\" \/>\n\t<meta property=\"og:image:height\" content=\"720\" \/>\n\t<meta property=\"og:image:type\" content=\"image\/jpeg\" \/>\n<meta name=\"twitter:card\" content=\"summary_large_image\" \/>\n<meta name=\"twitter:label1\" content=\"Price\" \/>\n\t<meta name=\"twitter:data1\" content=\"390,00&nbsp;&euro;\" \/>\n\t<meta name=\"twitter:label2\" content=\"Availability\" \/>\n\t<meta name=\"twitter:data2\" content=\"In stock\" \/>\n<script type=\"application\/ld+json\" class=\"yoast-schema-graph\">{\"@context\":\"https:\\\/\\\/schema.org\",\"@graph\":[{\"@type\":\"WebPage\",\"@id\":\"https:\\\/\\\/miil.dev.almic.ee\\\/lv\\\/toode\\\/metala-galds\\\/\",\"url\":\"https:\\\/\\\/miil.dev.almic.ee\\\/lv\\\/toode\\\/metala-galds\\\/\",\"name\":\"Met\u0101la galds - Miil O\u00dc\",\"isPartOf\":{\"@id\":\"https:\\\/\\\/miil.dev.almic.ee\\\/#website\"},\"primaryImageOfPage\":{\"@id\":\"https:\\\/\\\/miil.dev.almic.ee\\\/lv\\\/toode\\\/metala-galds\\\/#primaryimage\"},\"image\":{\"@id\":\"https:\\\/\\\/miil.dev.almic.ee\\\/lv\\\/toode\\\/metala-galds\\\/#primaryimage\"},\"thumbnailUrl\":\"https:\\\/\\\/miil.dev.almic.ee\\\/wp-content\\\/uploads\\\/2022\\\/05\\\/laud2.jpg\",\"datePublished\":\"2022-05-18T11:16:06+00:00\",\"dateModified\":\"2025-02-03T10:28:48+00:00\",\"description\":\"Met\u0101la galds | Juras konteiner transport | Juras konteiner jauns | Containex jauns | Transports un remonts | Elektr\u012bbas darbi un apkure | www.miil.lv\",\"breadcrumb\":{\"@id\":\"https:\\\/\\\/miil.dev.almic.ee\\\/lv\\\/toode\\\/metala-galds\\\/#breadcrumb\"},\"inLanguage\":\"lv-LV\",\"potentialAction\":[{\"@type\":\"ReadAction\",\"target\":[\"https:\\\/\\\/miil.dev.almic.ee\\\/lv\\\/toode\\\/metala-galds\\\/\"]}]},{\"@type\":\"ImageObject\",\"inLanguage\":\"lv-LV\",\"@id\":\"https:\\\/\\\/miil.dev.almic.ee\\\/lv\\\/toode\\\/metala-galds\\\/#primaryimage\",\"url\":\"https:\\\/\\\/miil.dev.almic.ee\\\/wp-content\\\/uploads\\\/2022\\\/05\\\/laud2.jpg\",\"contentUrl\":\"https:\\\/\\\/miil.dev.almic.ee\\\/wp-content\\\/uploads\\\/2022\\\/05\\\/laud2.jpg\",\"width\":960,\"height\":720},{\"@type\":\"BreadcrumbList\",\"@id\":\"https:\\\/\\\/miil.dev.almic.ee\\\/lv\\\/toode\\\/metala-galds\\\/#breadcrumb\",\"itemListElement\":[{\"@type\":\"ListItem\",\"position\":1,\"name\":\"Home\",\"item\":\"https:\\\/\\\/miil.dev.almic.ee\\\/lv\\\/\"},{\"@type\":\"ListItem\",\"position\":2,\"name\":\"Veikals\",\"item\":\"https:\\\/\\\/miil.dev.almic.ee\\\/lv\\\/veikals\\\/\"},{\"@type\":\"ListItem\",\"position\":3,\"name\":\"Met\u0101la darba sols\"}]},{\"@type\":\"WebSite\",\"@id\":\"https:\\\/\\\/miil.dev.almic.ee\\\/#website\",\"url\":\"https:\\\/\\\/miil.dev.almic.ee\\\/\",\"name\":\"Miil O\u00dc\",\"description\":\"Konteinerveod\",\"publisher\":{\"@id\":\"https:\\\/\\\/miil.dev.almic.ee\\\/#organization\"},\"potentialAction\":[{\"@type\":\"SearchAction\",\"target\":{\"@type\":\"EntryPoint\",\"urlTemplate\":\"https:\\\/\\\/miil.dev.almic.ee\\\/?s={search_term_string}\"},\"query-input\":{\"@type\":\"PropertyValueSpecification\",\"valueRequired\":true,\"valueName\":\"search_term_string\"}}],\"inLanguage\":\"lv-LV\"},{\"@type\":\"Organization\",\"@id\":\"https:\\\/\\\/miil.dev.almic.ee\\\/#organization\",\"name\":\"Miil O\u00dc\",\"url\":\"https:\\\/\\\/miil.dev.almic.ee\\\/\",\"logo\":{\"@type\":\"ImageObject\",\"inLanguage\":\"lv-LV\",\"@id\":\"https:\\\/\\\/miil.dev.almic.ee\\\/#\\\/schema\\\/logo\\\/image\\\/\",\"url\":\"https:\\\/\\\/www.miil.ee\\\/wp-content\\\/uploads\\\/2022\\\/02\\\/Miil-logo.svg\",\"contentUrl\":\"https:\\\/\\\/www.miil.ee\\\/wp-content\\\/uploads\\\/2022\\\/02\\\/Miil-logo.svg\",\"width\":\"1024\",\"height\":\"1024\",\"caption\":\"Miil O\u00dc\"},\"image\":{\"@id\":\"https:\\\/\\\/miil.dev.almic.ee\\\/#\\\/schema\\\/logo\\\/image\\\/\"},\"sameAs\":[\"https:\\\/\\\/www.facebook.com\\\/konteinerveod\\\/\",\"https:\\\/\\\/www.instagram.com\\\/ou_miil\\\/\"]}]}<\/script>\n<meta property=\"product:price:amount\" content=\"390.00\" \/>\n<meta property=\"product:price:currency\" content=\"EUR\" \/>\n<meta property=\"og:availability\" content=\"instock\" \/>\n<meta property=\"product:availability\" content=\"instock\" \/>\n<meta property=\"product:condition\" content=\"new\" \/>\n<!-- \/ Yoast SEO Premium plugin. -->","yoast_head_json":{"title":"Met\u0101la galds - Miil O\u00dc","description":"Met\u0101la galds | Juras konteiner transport | Juras konteiner jauns | Containex jauns | Transports un remonts | Elektr\u012bbas darbi un apkure | www.miil.lv","robots":{"index":"index","follow":"follow","max-snippet":"max-snippet:-1","max-image-preview":"max-image-preview:large","max-video-preview":"max-video-preview:-1"},"canonical":"https:\/\/miil.dev.almic.ee\/lv\/toode\/metala-galds\/","og_locale":"lv_LV","og_type":"article","og_title":"Met\u0101la darba sols","og_description":"Met\u0101la galds | Juras konteiner transport | Juras konteiner jauns | Containex jauns | Transports un remonts | Elektr\u012bbas darbi un apkure | www.miil.lv","og_url":"https:\/\/miil.dev.almic.ee\/lv\/toode\/metala-galds\/","og_site_name":"Miil O\u00dc","article_publisher":"https:\/\/www.facebook.com\/konteinerveod\/","article_modified_time":"2025-02-03T10:28:48+00:00","og_image":[{"width":960,"height":720,"url":"https:\/\/miil.dev.almic.ee\/wp-content\/uploads\/2022\/05\/laud2.jpg","type":"image\/jpeg"}],"twitter_card":"summary_large_image","twitter_misc":{"Price":"390,00&nbsp;&euro;","Availability":"In stock"},"schema":{"@context":"https:\/\/schema.org","@graph":[{"@type":"WebPage","@id":"https:\/\/miil.dev.almic.ee\/lv\/toode\/metala-galds\/","url":"https:\/\/miil.dev.almic.ee\/lv\/toode\/metala-galds\/","name":"Met\u0101la galds - Miil O\u00dc","isPartOf":{"@id":"https:\/\/miil.dev.almic.ee\/#website"},"primaryImageOfPage":{"@id":"https:\/\/miil.dev.almic.ee\/lv\/toode\/metala-galds\/#primaryimage"},"image":{"@id":"https:\/\/miil.dev.almic.ee\/lv\/toode\/metala-galds\/#primaryimage"},"thumbnailUrl":"https:\/\/miil.dev.almic.ee\/wp-content\/uploads\/2022\/05\/laud2.jpg","datePublished":"2022-05-18T11:16:06+00:00","dateModified":"2025-02-03T10:28:48+00:00","description":"Met\u0101la galds | Juras konteiner transport | Juras konteiner jauns | Containex jauns | Transports un remonts | Elektr\u012bbas darbi un apkure | www.miil.lv","breadcrumb":{"@id":"https:\/\/miil.dev.almic.ee\/lv\/toode\/metala-galds\/#breadcrumb"},"inLanguage":"lv-LV","potentialAction":[{"@type":"ReadAction","target":["https:\/\/miil.dev.almic.ee\/lv\/toode\/metala-galds\/"]}]},{"@type":"ImageObject","inLanguage":"lv-LV","@id":"https:\/\/miil.dev.almic.ee\/lv\/toode\/metala-galds\/#primaryimage","url":"https:\/\/miil.dev.almic.ee\/wp-content\/uploads\/2022\/05\/laud2.jpg","contentUrl":"https:\/\/miil.dev.almic.ee\/wp-content\/uploads\/2022\/05\/laud2.jpg","width":960,"height":720},{"@type":"BreadcrumbList","@id":"https:\/\/miil.dev.almic.ee\/lv\/toode\/metala-galds\/#breadcrumb","itemListElement":[{"@type":"ListItem","position":1,"name":"Home","item":"https:\/\/miil.dev.almic.ee\/lv\/"},{"@type":"ListItem","position":2,"name":"Veikals","item":"https:\/\/miil.dev.almic.ee\/lv\/veikals\/"},{"@type":"ListItem","position":3,"name":"Met\u0101la darba sols"}]},{"@type":"WebSite","@id":"https:\/\/miil.dev.almic.ee\/#website","url":"https:\/\/miil.dev.almic.ee\/","name":"Miil O\u00dc","description":"Konteinerveod","publisher":{"@id":"https:\/\/miil.dev.almic.ee\/#organization"},"potentialAction":[{"@type":"SearchAction","target":{"@type":"EntryPoint","urlTemplate":"https:\/\/miil.dev.almic.ee\/?s={search_term_string}"},"query-input":{"@type":"PropertyValueSpecification","valueRequired":true,"valueName":"search_term_string"}}],"inLanguage":"lv-LV"},{"@type":"Organization","@id":"https:\/\/miil.dev.almic.ee\/#organization","name":"Miil O\u00dc","url":"https:\/\/miil.dev.almic.ee\/","logo":{"@type":"ImageObject","inLanguage":"lv-LV","@id":"https:\/\/miil.dev.almic.ee\/#\/schema\/logo\/image\/","url":"https:\/\/www.miil.ee\/wp-content\/uploads\/2022\/02\/Miil-logo.svg","contentUrl":"https:\/\/www.miil.ee\/wp-content\/uploads\/2022\/02\/Miil-logo.svg","width":"1024","height":"1024","caption":"Miil O\u00dc"},"image":{"@id":"https:\/\/miil.dev.almic.ee\/#\/schema\/logo\/image\/"},"sameAs":["https:\/\/www.facebook.com\/konteinerveod\/","https:\/\/www.instagram.com\/ou_miil\/"]}]},"product_price_amount":"390.00","product_price_currency":"EUR","og_availability":"instock","product_availability":"instock","product_condition":"new"},"_links":{"self":[{"href":"https:\/\/miil.dev.almic.ee\/lv\/wp-json\/wp\/v2\/product\/15668","targetHints":{"allow":["GET"]}}],"collection":[{"href":"https:\/\/miil.dev.almic.ee\/lv\/wp-json\/wp\/v2\/product"}],"about":[{"href":"https:\/\/miil.dev.almic.ee\/lv\/wp-json\/wp\/v2\/types\/product"}],"replies":[{"embeddable":true,"href":"https:\/\/miil.dev.almic.ee\/lv\/wp-json\/wp\/v2\/comments?post=15668"}],"wp:featuredmedia":[{"embeddable":true,"href":"https:\/\/miil.dev.almic.ee\/lv\/wp-json\/wp\/v2\/media\/86698"}],"wp:attachment":[{"href":"https:\/\/miil.dev.almic.ee\/lv\/wp-json\/wp\/v2\/media?parent=15668"}],"wp:term":[{"taxonomy":"product_cat","embeddable":true,"href":"https:\/\/miil.dev.almic.ee\/lv\/wp-json\/wp\/v2\/product_cat?post=15668"},{"taxonomy":"product_tag","embeddable":true,"href":"https:\/\/miil.dev.almic.ee\/lv\/wp-json\/wp\/v2\/product_tag?post=15668"}],"curies":[{"name":"wp","href":"https:\/\/api.w.org\/{rel}","templated":true}]}}