{"id":15660,"date":"2022-05-18T14:16:07","date_gmt":"2022-05-18T11:16:07","guid":{"rendered":"https:\/\/www.miil.ee\/toode\/perfotahvel-koos-vidinatega\/"},"modified":"2024-12-19T09:20:20","modified_gmt":"2024-12-19T07:20:20","slug":"instrumentu-siena","status":"publish","type":"product","link":"https:\/\/miil.dev.almic.ee\/lv\/toode\/instrumentu-siena\/","title":{"rendered":"Instrumentu siena"},"content":{"rendered":"<p>Instrumentu siena ir \u012bpa\u0161a, organiz\u0113ta uzglab\u0101\u0161anas sist\u0113ma, kas bie\u017ei vien p\u0101rbl\u012bv\u0113tu darbvietu p\u0101rv\u0113r\u0161 efekt\u012bv\u0101 un racionaliz\u0113t\u0101 vid\u0113. Tas izmanto vertik\u0101lu telpu, lai uzglab\u0101tu instrumentus un apr\u012bkojumu, nodro\u0161inot tos viegli pieejamus un gl\u012bti sak\u0101rtotus. Instrumentu sienas ir izplat\u012btas darbn\u012bc\u0101s, gar\u0101\u017e\u0101s un amatniec\u012bbas telp\u0101s. Izstr\u0101d\u0101ts profesion\u0101\u013ciem un hobijiem, lai instrumenti b\u016btu sasniedzami, vienlaikus saglab\u0101jot t\u012bru, sak\u0101rtotu telpu.<\/p>\n<h2>Sak\u0101rtojiet savu novietni!<\/h2>\n<p>Instrumentu sienas galvenais m\u0113r\u0137is ir uzlabot organiz\u0101ciju. Kad instrumenti ir piek\u0101rti vai izk\u0101rtoti pie sienas, tie ir vizu\u0101li pieejami. Instrumentu siena \u013cauj viegli atrast nepiecie\u0161amo. T\u0101 viet\u0101, lai raktos pa kast\u0113m vai atvilktn\u0113m, j\u016bs varat \u0101tri noteikt un pa\u0137ert darbam piem\u0113rot\u0101ko instrumentu. \u0160\u012b pieeja ietaupa laiku, samazina neapmierin\u0101t\u012bbu un padara darbvietu efekt\u012bv\u0101ku.<\/p>\n<p>Turkl\u0101t d\u0113lis veicina dro\u0161\u012bbu. Ja instrumenti ir pareizi par\u0101d\u012bti, j\u016bs varat izvair\u012bties no negad\u012bjumiem, ko izraisa juceklis vai nepareizi novietoti priek\u0161meti. Nenovietojot instrumentus uz darbagalda vai gr\u012bdas, j\u016bs ne tikai saglab\u0101jat dro\u0161\u0101ku vidi, bet ar\u012b nov\u0113r\u0161at risku pazaud\u0113t b\u016btisku apr\u012bkojumu.<\/p>\n<h2>Izmanto vietu!<\/h2>\n<p>Telpas izmanto\u0161anas zi\u0146\u0101 instrumentu siena izmanto sienas laukumu, atst\u0101jot darbgaldus un gr\u012bdas br\u012bvas akt\u012bviem darbiem. Tas ir \u012bpa\u0161i v\u0113rt\u012bgi maz\u0101s telp\u0101s, kur ir \u013coti svar\u012bgi maksim\u0101li palielin\u0101t katru pieejam\u0101s zonas collu.<\/p>\n<p>Pl\u0101tnes elast\u012bba noz\u012bm\u0113 ar\u012b to, ka to var viegli piel\u0101got da\u017e\u0101d\u0101m vajadz\u012bb\u0101m. Neatkar\u012bgi no t\u0101, vai organiz\u0113jat rokas vai elektroinstrumentu komplektu, izk\u0101rtojumu var piel\u0101got atbilsto\u0161i j\u016bsu \u012bpa\u0161aj\u0101m pras\u012bb\u0101m. Palielinoties j\u016bsu instrumentu kolekcijai, varat attiec\u012bgi papla\u0161in\u0101t instrumentu sienu, padarot to par piel\u0101gojamu uzglab\u0101\u0161anas risin\u0101jumu.<\/p>\n<p>Kopum\u0101 instrumentu siena pied\u0101v\u0101 efekt\u012bvu veidu, k\u0101 uzglab\u0101t, piek\u013c\u016bt un uztur\u0113t r\u012bkus, vienlaikus uzturot darba vietu k\u0101rt\u012bgu, funkcion\u0101lu un dro\u0161u. Sak\u0101rtojot savus r\u012bkus uz sienas, j\u016bs izveidojat vidi, kur\u0101 visam ir sava vieta, \u013caujot jums koncentr\u0113ties uz veicamajiem uzdevumiem.<\/p>\n<p><strong>P\u0113rciet t\u016bl\u012bt, maks\u0101 v\u0113l\u0101k<\/strong>\u00a0\u2014 pieejama opcija:<\/p>\n<ul>\n<li>Priv\u0101tperson\u0101m, izmantojot m\u016bsu partneri <a href=\"https:\/\/inbank.ee\/laen\/vaikelaen\">Inbank.ee<\/a>, izmantojot atsauces kodu \u201cKONTEINER\u201d<\/li>\n<li>Biznesa klientiem caur m\u016bsu partneri <a href=\"https:\/\/tenor.my.canva.site\/tenor-miil\">Tenor.ee<\/a><\/li>\n<\/ul>\n<p>Sekojiet mums <a href=\"https:\/\/www.facebook.com\/konteinerveod\/\">Facebook<\/a><span> <\/span>vai <a href=\"https:\/\/www.instagram.com\/ou_miil\/\">Instagram.<\/a><\/p>\n","protected":false},"excerpt":{"rendered":"<p>Instrumentu siena<\/p>\n","protected":false},"featured_media":2401,"comment_status":"closed","ping_status":"closed","template":"","meta":{"_acf_changed":false},"product_cat":[336],"product_tag":[],"class_list":{"0":"post-15660","1":"product","2":"type-product","3":"status-publish","4":"has-post-thumbnail","6":"product_cat-papildu-piederumi","8":"first","9":"instock","10":"shipping-taxable","11":"purchasable","12":"product-type-simple"},"acf":[],"yoast_head":"<!-- This site is optimized with the Yoast SEO Premium plugin v23.9 (Yoast SEO v27.5) - https:\/\/yoast.com\/product\/yoast-seo-premium-wordpress\/ -->\n<title>Instrumentu siena - Miil O\u00dc<\/title>\n<meta name=\"description\" content=\"Instrumentu siena | Pegboard | Organiz\u0113ta nojume | Instrumentu uzglab\u0101\u0161ana | Instrumenti pie sienas \ud83d\udee0\ufe0f | Aksesu\u0101ri gar\u0101\u017eai \ud83e\ude9a \ud83d\udd27 \ud83e\ude9b | Nojumes piederumi \ud83e\ude93\" \/>\n<meta name=\"robots\" content=\"index, follow, max-snippet:-1, max-image-preview:large, max-video-preview:-1\" \/>\n<link rel=\"canonical\" href=\"https:\/\/miil.dev.almic.ee\/lv\/toode\/instrumentu-siena\/\" \/>\n<meta property=\"og:locale\" content=\"lv_LV\" \/>\n<meta property=\"og:type\" content=\"article\" \/>\n<meta property=\"og:title\" content=\"Instrumentu siena\" \/>\n<meta property=\"og:description\" content=\"Instrumentu siena | Pegboard | Organiz\u0113ta nojume | Instrumentu uzglab\u0101\u0161ana | Instrumenti pie sienas \ud83d\udee0\ufe0f | Aksesu\u0101ri gar\u0101\u017eai \ud83e\ude9a \ud83d\udd27 \ud83e\ude9b | Nojumes piederumi \ud83e\ude93\" \/>\n<meta property=\"og:url\" content=\"https:\/\/miil.dev.almic.ee\/lv\/toode\/instrumentu-siena\/\" \/>\n<meta property=\"og:site_name\" content=\"Miil O\u00dc\" \/>\n<meta property=\"article:publisher\" content=\"https:\/\/www.facebook.com\/konteinerveod\/\" \/>\n<meta property=\"article:modified_time\" content=\"2024-12-19T07:20:20+00:00\" \/>\n<meta property=\"og:image\" content=\"https:\/\/miil.dev.almic.ee\/wp-content\/uploads\/2022\/05\/prefotahvel.jpg\" \/>\n\t<meta property=\"og:image:width\" content=\"960\" \/>\n\t<meta property=\"og:image:height\" content=\"720\" \/>\n\t<meta property=\"og:image:type\" content=\"image\/jpeg\" \/>\n<meta name=\"twitter:card\" content=\"summary_large_image\" \/>\n<meta name=\"twitter:label1\" content=\"Price\" \/>\n\t<meta name=\"twitter:data1\" content=\"240,00&nbsp;&euro;\" \/>\n\t<meta name=\"twitter:label2\" content=\"Availability\" \/>\n\t<meta name=\"twitter:data2\" content=\"In stock\" \/>\n<script type=\"application\/ld+json\" class=\"yoast-schema-graph\">{\"@context\":\"https:\\\/\\\/schema.org\",\"@graph\":[{\"@type\":\"WebPage\",\"@id\":\"https:\\\/\\\/miil.dev.almic.ee\\\/lv\\\/toode\\\/instrumentu-siena\\\/\",\"url\":\"https:\\\/\\\/miil.dev.almic.ee\\\/lv\\\/toode\\\/instrumentu-siena\\\/\",\"name\":\"Instrumentu siena - Miil O\u00dc\",\"isPartOf\":{\"@id\":\"https:\\\/\\\/miil.dev.almic.ee\\\/#website\"},\"primaryImageOfPage\":{\"@id\":\"https:\\\/\\\/miil.dev.almic.ee\\\/lv\\\/toode\\\/instrumentu-siena\\\/#primaryimage\"},\"image\":{\"@id\":\"https:\\\/\\\/miil.dev.almic.ee\\\/lv\\\/toode\\\/instrumentu-siena\\\/#primaryimage\"},\"thumbnailUrl\":\"https:\\\/\\\/miil.dev.almic.ee\\\/wp-content\\\/uploads\\\/2022\\\/05\\\/prefotahvel.jpg\",\"datePublished\":\"2022-05-18T11:16:07+00:00\",\"dateModified\":\"2024-12-19T07:20:20+00:00\",\"description\":\"Instrumentu siena | Pegboard | Organiz\u0113ta nojume | Instrumentu uzglab\u0101\u0161ana | Instrumenti pie sienas \ud83d\udee0\ufe0f | Aksesu\u0101ri gar\u0101\u017eai \ud83e\ude9a \ud83d\udd27 \ud83e\ude9b | Nojumes piederumi \ud83e\ude93\",\"breadcrumb\":{\"@id\":\"https:\\\/\\\/miil.dev.almic.ee\\\/lv\\\/toode\\\/instrumentu-siena\\\/#breadcrumb\"},\"inLanguage\":\"lv-LV\",\"potentialAction\":[{\"@type\":\"ReadAction\",\"target\":[\"https:\\\/\\\/miil.dev.almic.ee\\\/lv\\\/toode\\\/instrumentu-siena\\\/\"]}]},{\"@type\":\"ImageObject\",\"inLanguage\":\"lv-LV\",\"@id\":\"https:\\\/\\\/miil.dev.almic.ee\\\/lv\\\/toode\\\/instrumentu-siena\\\/#primaryimage\",\"url\":\"https:\\\/\\\/miil.dev.almic.ee\\\/wp-content\\\/uploads\\\/2022\\\/05\\\/prefotahvel.jpg\",\"contentUrl\":\"https:\\\/\\\/miil.dev.almic.ee\\\/wp-content\\\/uploads\\\/2022\\\/05\\\/prefotahvel.jpg\",\"width\":960,\"height\":720},{\"@type\":\"BreadcrumbList\",\"@id\":\"https:\\\/\\\/miil.dev.almic.ee\\\/lv\\\/toode\\\/instrumentu-siena\\\/#breadcrumb\",\"itemListElement\":[{\"@type\":\"ListItem\",\"position\":1,\"name\":\"Home\",\"item\":\"https:\\\/\\\/miil.dev.almic.ee\\\/lv\\\/\"},{\"@type\":\"ListItem\",\"position\":2,\"name\":\"Veikals\",\"item\":\"https:\\\/\\\/miil.dev.almic.ee\\\/lv\\\/veikals\\\/\"},{\"@type\":\"ListItem\",\"position\":3,\"name\":\"Instrumentu siena\"}]},{\"@type\":\"WebSite\",\"@id\":\"https:\\\/\\\/miil.dev.almic.ee\\\/#website\",\"url\":\"https:\\\/\\\/miil.dev.almic.ee\\\/\",\"name\":\"Miil O\u00dc\",\"description\":\"Konteinerveod\",\"publisher\":{\"@id\":\"https:\\\/\\\/miil.dev.almic.ee\\\/#organization\"},\"potentialAction\":[{\"@type\":\"SearchAction\",\"target\":{\"@type\":\"EntryPoint\",\"urlTemplate\":\"https:\\\/\\\/miil.dev.almic.ee\\\/?s={search_term_string}\"},\"query-input\":{\"@type\":\"PropertyValueSpecification\",\"valueRequired\":true,\"valueName\":\"search_term_string\"}}],\"inLanguage\":\"lv-LV\"},{\"@type\":\"Organization\",\"@id\":\"https:\\\/\\\/miil.dev.almic.ee\\\/#organization\",\"name\":\"Miil O\u00dc\",\"url\":\"https:\\\/\\\/miil.dev.almic.ee\\\/\",\"logo\":{\"@type\":\"ImageObject\",\"inLanguage\":\"lv-LV\",\"@id\":\"https:\\\/\\\/miil.dev.almic.ee\\\/#\\\/schema\\\/logo\\\/image\\\/\",\"url\":\"https:\\\/\\\/www.miil.ee\\\/wp-content\\\/uploads\\\/2022\\\/02\\\/Miil-logo.svg\",\"contentUrl\":\"https:\\\/\\\/www.miil.ee\\\/wp-content\\\/uploads\\\/2022\\\/02\\\/Miil-logo.svg\",\"width\":\"1024\",\"height\":\"1024\",\"caption\":\"Miil O\u00dc\"},\"image\":{\"@id\":\"https:\\\/\\\/miil.dev.almic.ee\\\/#\\\/schema\\\/logo\\\/image\\\/\"},\"sameAs\":[\"https:\\\/\\\/www.facebook.com\\\/konteinerveod\\\/\",\"https:\\\/\\\/www.instagram.com\\\/ou_miil\\\/\"]}]}<\/script>\n<meta property=\"product:price:amount\" content=\"240.00\" \/>\n<meta property=\"product:price:currency\" content=\"EUR\" \/>\n<meta property=\"og:availability\" content=\"instock\" \/>\n<meta property=\"product:availability\" content=\"instock\" \/>\n<meta property=\"product:condition\" content=\"new\" \/>\n<!-- \/ Yoast SEO Premium plugin. -->","yoast_head_json":{"title":"Instrumentu siena - Miil O\u00dc","description":"Instrumentu siena | Pegboard | Organiz\u0113ta nojume | Instrumentu uzglab\u0101\u0161ana | Instrumenti pie sienas \ud83d\udee0\ufe0f | Aksesu\u0101ri gar\u0101\u017eai \ud83e\ude9a \ud83d\udd27 \ud83e\ude9b | Nojumes piederumi \ud83e\ude93","robots":{"index":"index","follow":"follow","max-snippet":"max-snippet:-1","max-image-preview":"max-image-preview:large","max-video-preview":"max-video-preview:-1"},"canonical":"https:\/\/miil.dev.almic.ee\/lv\/toode\/instrumentu-siena\/","og_locale":"lv_LV","og_type":"article","og_title":"Instrumentu siena","og_description":"Instrumentu siena | Pegboard | Organiz\u0113ta nojume | Instrumentu uzglab\u0101\u0161ana | Instrumenti pie sienas \ud83d\udee0\ufe0f | Aksesu\u0101ri gar\u0101\u017eai \ud83e\ude9a \ud83d\udd27 \ud83e\ude9b | Nojumes piederumi \ud83e\ude93","og_url":"https:\/\/miil.dev.almic.ee\/lv\/toode\/instrumentu-siena\/","og_site_name":"Miil O\u00dc","article_publisher":"https:\/\/www.facebook.com\/konteinerveod\/","article_modified_time":"2024-12-19T07:20:20+00:00","og_image":[{"width":960,"height":720,"url":"https:\/\/miil.dev.almic.ee\/wp-content\/uploads\/2022\/05\/prefotahvel.jpg","type":"image\/jpeg"}],"twitter_card":"summary_large_image","twitter_misc":{"Price":"240,00&nbsp;&euro;","Availability":"In stock"},"schema":{"@context":"https:\/\/schema.org","@graph":[{"@type":"WebPage","@id":"https:\/\/miil.dev.almic.ee\/lv\/toode\/instrumentu-siena\/","url":"https:\/\/miil.dev.almic.ee\/lv\/toode\/instrumentu-siena\/","name":"Instrumentu siena - Miil O\u00dc","isPartOf":{"@id":"https:\/\/miil.dev.almic.ee\/#website"},"primaryImageOfPage":{"@id":"https:\/\/miil.dev.almic.ee\/lv\/toode\/instrumentu-siena\/#primaryimage"},"image":{"@id":"https:\/\/miil.dev.almic.ee\/lv\/toode\/instrumentu-siena\/#primaryimage"},"thumbnailUrl":"https:\/\/miil.dev.almic.ee\/wp-content\/uploads\/2022\/05\/prefotahvel.jpg","datePublished":"2022-05-18T11:16:07+00:00","dateModified":"2024-12-19T07:20:20+00:00","description":"Instrumentu siena | Pegboard | Organiz\u0113ta nojume | Instrumentu uzglab\u0101\u0161ana | Instrumenti pie sienas \ud83d\udee0\ufe0f | Aksesu\u0101ri gar\u0101\u017eai \ud83e\ude9a \ud83d\udd27 \ud83e\ude9b | Nojumes piederumi \ud83e\ude93","breadcrumb":{"@id":"https:\/\/miil.dev.almic.ee\/lv\/toode\/instrumentu-siena\/#breadcrumb"},"inLanguage":"lv-LV","potentialAction":[{"@type":"ReadAction","target":["https:\/\/miil.dev.almic.ee\/lv\/toode\/instrumentu-siena\/"]}]},{"@type":"ImageObject","inLanguage":"lv-LV","@id":"https:\/\/miil.dev.almic.ee\/lv\/toode\/instrumentu-siena\/#primaryimage","url":"https:\/\/miil.dev.almic.ee\/wp-content\/uploads\/2022\/05\/prefotahvel.jpg","contentUrl":"https:\/\/miil.dev.almic.ee\/wp-content\/uploads\/2022\/05\/prefotahvel.jpg","width":960,"height":720},{"@type":"BreadcrumbList","@id":"https:\/\/miil.dev.almic.ee\/lv\/toode\/instrumentu-siena\/#breadcrumb","itemListElement":[{"@type":"ListItem","position":1,"name":"Home","item":"https:\/\/miil.dev.almic.ee\/lv\/"},{"@type":"ListItem","position":2,"name":"Veikals","item":"https:\/\/miil.dev.almic.ee\/lv\/veikals\/"},{"@type":"ListItem","position":3,"name":"Instrumentu siena"}]},{"@type":"WebSite","@id":"https:\/\/miil.dev.almic.ee\/#website","url":"https:\/\/miil.dev.almic.ee\/","name":"Miil O\u00dc","description":"Konteinerveod","publisher":{"@id":"https:\/\/miil.dev.almic.ee\/#organization"},"potentialAction":[{"@type":"SearchAction","target":{"@type":"EntryPoint","urlTemplate":"https:\/\/miil.dev.almic.ee\/?s={search_term_string}"},"query-input":{"@type":"PropertyValueSpecification","valueRequired":true,"valueName":"search_term_string"}}],"inLanguage":"lv-LV"},{"@type":"Organization","@id":"https:\/\/miil.dev.almic.ee\/#organization","name":"Miil O\u00dc","url":"https:\/\/miil.dev.almic.ee\/","logo":{"@type":"ImageObject","inLanguage":"lv-LV","@id":"https:\/\/miil.dev.almic.ee\/#\/schema\/logo\/image\/","url":"https:\/\/www.miil.ee\/wp-content\/uploads\/2022\/02\/Miil-logo.svg","contentUrl":"https:\/\/www.miil.ee\/wp-content\/uploads\/2022\/02\/Miil-logo.svg","width":"1024","height":"1024","caption":"Miil O\u00dc"},"image":{"@id":"https:\/\/miil.dev.almic.ee\/#\/schema\/logo\/image\/"},"sameAs":["https:\/\/www.facebook.com\/konteinerveod\/","https:\/\/www.instagram.com\/ou_miil\/"]}]},"product_price_amount":"240.00","product_price_currency":"EUR","og_availability":"instock","product_availability":"instock","product_condition":"new"},"_links":{"self":[{"href":"https:\/\/miil.dev.almic.ee\/lv\/wp-json\/wp\/v2\/product\/15660","targetHints":{"allow":["GET"]}}],"collection":[{"href":"https:\/\/miil.dev.almic.ee\/lv\/wp-json\/wp\/v2\/product"}],"about":[{"href":"https:\/\/miil.dev.almic.ee\/lv\/wp-json\/wp\/v2\/types\/product"}],"replies":[{"embeddable":true,"href":"https:\/\/miil.dev.almic.ee\/lv\/wp-json\/wp\/v2\/comments?post=15660"}],"wp:featuredmedia":[{"embeddable":true,"href":"https:\/\/miil.dev.almic.ee\/lv\/wp-json\/wp\/v2\/media\/2401"}],"wp:attachment":[{"href":"https:\/\/miil.dev.almic.ee\/lv\/wp-json\/wp\/v2\/media?parent=15660"}],"wp:term":[{"taxonomy":"product_cat","embeddable":true,"href":"https:\/\/miil.dev.almic.ee\/lv\/wp-json\/wp\/v2\/product_cat?post=15660"},{"taxonomy":"product_tag","embeddable":true,"href":"https:\/\/miil.dev.almic.ee\/lv\/wp-json\/wp\/v2\/product_tag?post=15660"}],"curies":[{"name":"wp","href":"https:\/\/api.w.org\/{rel}","templated":true}]}}