{"id":15580,"date":"2022-05-18T14:18:21","date_gmt":"2022-05-18T11:18:21","guid":{"rendered":"https:\/\/www.miil.ee\/toode\/konteineri-sillauhendused\/"},"modified":"2024-11-05T14:04:07","modified_gmt":"2024-11-05T12:04:07","slug":"konteineru-tiltu-savienojumi","status":"publish","type":"product","link":"https:\/\/miil.dev.almic.ee\/lv\/toode\/konteineru-tiltu-savienojumi\/","title":{"rendered":"Konteineru tiltu savienojumi"},"content":{"rendered":"<h1>Dro\u0161i un efekt\u012bvi konteineru tilta savienojumi konteineru savieno\u0161anai sav\u0101 starp\u0101<\/h1>\n<p>Atkl\u0101jiet m\u016bsu uzticamos un \u0113rtos konteineru tilta savienojumus, kas nodro\u0161ina vienm\u0113r\u012bgu konteineru savienojumu.<\/p>\n<p>Vai jums ir nepiecie\u0161ams uzticams risin\u0101jums konteineru savieno\u0161anai un nostiprin\u0101\u0161anai no gala l\u012bdz galam? Nemekl\u0113jiet t\u0101l\u0101k, jo m\u016bsu augst\u0101k\u0101s kvalit\u0101tes konteineru tilta savienot\u0101ji ir tie\u0161i tas, kas jums nepiecie\u0161ams. Tie ir paredz\u0113ti, lai dro\u0161i savienotu konteinerus vien\u0101 plakn\u0113, nodro\u0161inot \u0113rtu un efekt\u012bvu veidu, k\u0101 savienot konteinerus kop\u0101.<\/p>\n<p>Konteineru lo\u0123istik\u0101 liela noz\u012bme ir konteineru tiltiem, kas \u013cauj izveidot labi organiz\u0113tu un savstarp\u0113ji savienotu konteineru sist\u0113mu. Dro\u0161i savienojot konteinerus vien\u0101 plakn\u0113, \u0161ie tilta savienojumi nodro\u0161ina stabilit\u0101ti gan transport\u0113\u0161anas, gan uzglab\u0101\u0161anas, gan p\u0101rkrau\u0161anas procesos. Tas noz\u012bm\u0113, ka varat dro\u0161i p\u0101rvietot konteinerus k\u0101 vienu vien\u012bbu, samazinot p\u0101rvieto\u0161an\u0101s vai boj\u0101jumu risku.<\/p>\n<p>M\u016bsu tiltu savienot\u0101ji ir izstr\u0101d\u0101ti, \u0146emot v\u0113r\u0101 iztur\u012bbu un lieto\u0161anas \u0113rtumu. Izgatavoti no augstas kvalit\u0101tes materi\u0101liem, tie pied\u0101v\u0101 sp\u0113c\u012bgu un iztur\u012bgu risin\u0101jumu konteineru savieno\u0161anai. Dro\u0161ais blo\u0137\u0113\u0161anas meh\u0101nisms nodro\u0161ina, ka tilta savienojumi stingri turas sav\u0101 viet\u0101 pat dinamiskos apst\u0101k\u013cos vai vibr\u0101cijas apst\u0101k\u013cos. Neatkar\u012bgi no t\u0101, vai t\u0101 ir osta, noliktava vai jebkura cita konteineru iek\u0101rta, m\u016bsu tilta savienojumi nodro\u0161ina uzticamu un bez piep\u016bles konteineru savieno\u0161anas procesu.<\/p>\n<p>Turkl\u0101t m\u016bsu konteineru tilta savienojumu dizains \u013cauj veikt \u0101tru un bez piep\u016bles uzst\u0101d\u012b\u0161anu. Izmantojot lietot\u0101jam draudz\u012bgas funkcijas, j\u016bs varat viegli savienot un atvienot tilta savienojumus p\u0113c vajadz\u012bbas, ietaupot v\u0113rt\u012bgo laiku un p\u016bles. \u0160\u012b elast\u012bba \u013cauj piel\u0101goties main\u012bgaj\u0101m konteineru konfigur\u0101cij\u0101m un attiec\u012bgi optimiz\u0113t savas darb\u012bbas.<\/p>\n<p>Rezum\u0113jot, ja jums ir nepiecie\u0161ams dro\u0161s un efekt\u012bvs konteineru savienojums, m\u016bsu konteineru tilta savienojumi ir ide\u0101la izv\u0113le. To uzsvars uz stabilit\u0101ti, iztur\u012bbu un lieto\u0161anas \u0113rtumu pied\u0101v\u0101 uzticamu risin\u0101jumu konteineru savieno\u0161anai vien\u0101 plakn\u0113. Izbaudiet netrauc\u0113tu konteineru lo\u0123istiku un lab\u0101ku dro\u0161\u012bbu, izv\u0113loties m\u016bsu augstas kvalit\u0101tes konteineru tilta savienot\u0101jus.<\/p>\n<p>Optimiz\u0113jiet konteineru savstarp\u0113jo savienojumu ar konteineru tilta savienojumiem &#8211; stabilit\u0101te un komforts kop\u0101.<\/p>\n<p>Citus plauktus un aksesu\u0101rus skatiet <a href=\"https:\/\/www.miil.ee\/lv\/merekonteinerid\/papildu-piederumi\/\">\u0161eit!<\/a><\/p>\n<p>Sekojiet mums\u00a0<a href=\"https:\/\/www.facebook.com\/konteinerveod\/\">Facebook<\/a>\u00a0vai\u00a0<a href=\"https:\/\/www.instagram.com\/ou_miil\/\">Instagram.<\/a><\/p>\n","protected":false},"excerpt":{"rendered":"<p>Konteineru tiltu savienojumi<\/p>\n","protected":false},"featured_media":3073,"comment_status":"closed","ping_status":"closed","template":"","meta":{"_acf_changed":false},"product_cat":[336],"product_tag":[],"class_list":{"0":"post-15580","1":"product","2":"type-product","3":"status-publish","4":"has-post-thumbnail","6":"product_cat-papildu-piederumi","8":"first","9":"instock","10":"shipping-taxable","11":"purchasable","12":"product-type-simple"},"acf":[],"yoast_head":"<!-- This site is optimized with the Yoast SEO Premium plugin v23.9 (Yoast SEO v27.5) - https:\/\/yoast.com\/product\/yoast-seo-premium-wordpress\/ -->\n<title>Konteineru tiltu savienojumi - Miil O\u00dc<\/title>\n<meta name=\"description\" content=\"Konteineru tiltu savienojumi | Juras konteiner transport | Juras konteiner jauns | Containex jauns | www.miil.lv | +372 57 50 3328 \u2b50\ufe0f\u2b50\ufe0f\u2b50\ufe0f\u2b50\ufe0f\u2b50\" \/>\n<meta name=\"robots\" content=\"index, follow, max-snippet:-1, max-image-preview:large, max-video-preview:-1\" \/>\n<link rel=\"canonical\" href=\"https:\/\/miil.dev.almic.ee\/lv\/toode\/konteineru-tiltu-savienojumi\/\" \/>\n<meta property=\"og:locale\" content=\"lv_LV\" \/>\n<meta property=\"og:type\" content=\"article\" \/>\n<meta property=\"og:title\" content=\"Konteineru tiltu savienojumi\" \/>\n<meta property=\"og:description\" content=\"Konteineru tiltu savienojumi | Juras konteiner transport | Juras konteiner jauns | Containex jauns | www.miil.lv | +372 57 50 3328 \u2b50\ufe0f\u2b50\ufe0f\u2b50\ufe0f\u2b50\ufe0f\u2b50\" \/>\n<meta property=\"og:url\" content=\"https:\/\/miil.dev.almic.ee\/lv\/toode\/konteineru-tiltu-savienojumi\/\" \/>\n<meta property=\"og:site_name\" content=\"Miil O\u00dc\" \/>\n<meta property=\"article:publisher\" content=\"https:\/\/www.facebook.com\/konteinerveod\/\" \/>\n<meta property=\"article:modified_time\" content=\"2024-11-05T12:04:07+00:00\" \/>\n<meta property=\"og:image\" content=\"https:\/\/miil.dev.almic.ee\/wp-content\/uploads\/2022\/05\/IMG_20210617_090937-scaled-1-scaled.jpg\" \/>\n\t<meta property=\"og:image:width\" content=\"1900\" \/>\n\t<meta property=\"og:image:height\" content=\"855\" \/>\n\t<meta property=\"og:image:type\" content=\"image\/jpeg\" \/>\n<meta name=\"twitter:card\" content=\"summary_large_image\" \/>\n<meta name=\"twitter:label1\" content=\"Price\" \/>\n\t<meta name=\"twitter:data1\" content=\"35,00&nbsp;&euro;\" \/>\n\t<meta name=\"twitter:label2\" content=\"Availability\" \/>\n\t<meta name=\"twitter:data2\" content=\"In stock\" \/>\n<script type=\"application\/ld+json\" class=\"yoast-schema-graph\">{\"@context\":\"https:\\\/\\\/schema.org\",\"@graph\":[{\"@type\":\"WebPage\",\"@id\":\"https:\\\/\\\/miil.dev.almic.ee\\\/lv\\\/toode\\\/konteineru-tiltu-savienojumi\\\/\",\"url\":\"https:\\\/\\\/miil.dev.almic.ee\\\/lv\\\/toode\\\/konteineru-tiltu-savienojumi\\\/\",\"name\":\"Konteineru tiltu savienojumi - Miil O\u00dc\",\"isPartOf\":{\"@id\":\"https:\\\/\\\/miil.dev.almic.ee\\\/#website\"},\"primaryImageOfPage\":{\"@id\":\"https:\\\/\\\/miil.dev.almic.ee\\\/lv\\\/toode\\\/konteineru-tiltu-savienojumi\\\/#primaryimage\"},\"image\":{\"@id\":\"https:\\\/\\\/miil.dev.almic.ee\\\/lv\\\/toode\\\/konteineru-tiltu-savienojumi\\\/#primaryimage\"},\"thumbnailUrl\":\"https:\\\/\\\/miil.dev.almic.ee\\\/wp-content\\\/uploads\\\/2022\\\/05\\\/IMG_20210617_090937-scaled-1-scaled.jpg\",\"datePublished\":\"2022-05-18T11:18:21+00:00\",\"dateModified\":\"2024-11-05T12:04:07+00:00\",\"description\":\"Konteineru tiltu savienojumi | Juras konteiner transport | Juras konteiner jauns | Containex jauns | www.miil.lv | +372 57 50 3328 \u2b50\ufe0f\u2b50\ufe0f\u2b50\ufe0f\u2b50\ufe0f\u2b50\",\"breadcrumb\":{\"@id\":\"https:\\\/\\\/miil.dev.almic.ee\\\/lv\\\/toode\\\/konteineru-tiltu-savienojumi\\\/#breadcrumb\"},\"inLanguage\":\"lv-LV\",\"potentialAction\":[{\"@type\":\"ReadAction\",\"target\":[\"https:\\\/\\\/miil.dev.almic.ee\\\/lv\\\/toode\\\/konteineru-tiltu-savienojumi\\\/\"]}]},{\"@type\":\"ImageObject\",\"inLanguage\":\"lv-LV\",\"@id\":\"https:\\\/\\\/miil.dev.almic.ee\\\/lv\\\/toode\\\/konteineru-tiltu-savienojumi\\\/#primaryimage\",\"url\":\"https:\\\/\\\/miil.dev.almic.ee\\\/wp-content\\\/uploads\\\/2022\\\/05\\\/IMG_20210617_090937-scaled-1-scaled.jpg\",\"contentUrl\":\"https:\\\/\\\/miil.dev.almic.ee\\\/wp-content\\\/uploads\\\/2022\\\/05\\\/IMG_20210617_090937-scaled-1-scaled.jpg\",\"width\":1900,\"height\":855},{\"@type\":\"BreadcrumbList\",\"@id\":\"https:\\\/\\\/miil.dev.almic.ee\\\/lv\\\/toode\\\/konteineru-tiltu-savienojumi\\\/#breadcrumb\",\"itemListElement\":[{\"@type\":\"ListItem\",\"position\":1,\"name\":\"Home\",\"item\":\"https:\\\/\\\/miil.dev.almic.ee\\\/lv\\\/\"},{\"@type\":\"ListItem\",\"position\":2,\"name\":\"Veikals\",\"item\":\"https:\\\/\\\/miil.dev.almic.ee\\\/lv\\\/veikals\\\/\"},{\"@type\":\"ListItem\",\"position\":3,\"name\":\"Konteineru tiltu savienojumi\"}]},{\"@type\":\"WebSite\",\"@id\":\"https:\\\/\\\/miil.dev.almic.ee\\\/#website\",\"url\":\"https:\\\/\\\/miil.dev.almic.ee\\\/\",\"name\":\"Miil O\u00dc\",\"description\":\"Konteinerveod\",\"publisher\":{\"@id\":\"https:\\\/\\\/miil.dev.almic.ee\\\/#organization\"},\"potentialAction\":[{\"@type\":\"SearchAction\",\"target\":{\"@type\":\"EntryPoint\",\"urlTemplate\":\"https:\\\/\\\/miil.dev.almic.ee\\\/?s={search_term_string}\"},\"query-input\":{\"@type\":\"PropertyValueSpecification\",\"valueRequired\":true,\"valueName\":\"search_term_string\"}}],\"inLanguage\":\"lv-LV\"},{\"@type\":\"Organization\",\"@id\":\"https:\\\/\\\/miil.dev.almic.ee\\\/#organization\",\"name\":\"Miil O\u00dc\",\"url\":\"https:\\\/\\\/miil.dev.almic.ee\\\/\",\"logo\":{\"@type\":\"ImageObject\",\"inLanguage\":\"lv-LV\",\"@id\":\"https:\\\/\\\/miil.dev.almic.ee\\\/#\\\/schema\\\/logo\\\/image\\\/\",\"url\":\"https:\\\/\\\/www.miil.ee\\\/wp-content\\\/uploads\\\/2022\\\/02\\\/Miil-logo.svg\",\"contentUrl\":\"https:\\\/\\\/www.miil.ee\\\/wp-content\\\/uploads\\\/2022\\\/02\\\/Miil-logo.svg\",\"width\":\"1024\",\"height\":\"1024\",\"caption\":\"Miil O\u00dc\"},\"image\":{\"@id\":\"https:\\\/\\\/miil.dev.almic.ee\\\/#\\\/schema\\\/logo\\\/image\\\/\"},\"sameAs\":[\"https:\\\/\\\/www.facebook.com\\\/konteinerveod\\\/\",\"https:\\\/\\\/www.instagram.com\\\/ou_miil\\\/\"]}]}<\/script>\n<meta property=\"product:price:amount\" content=\"35.00\" \/>\n<meta property=\"product:price:currency\" content=\"EUR\" \/>\n<meta property=\"og:availability\" content=\"instock\" \/>\n<meta property=\"product:availability\" content=\"instock\" \/>\n<meta property=\"product:condition\" content=\"new\" \/>\n<!-- \/ Yoast SEO Premium plugin. -->","yoast_head_json":{"title":"Konteineru tiltu savienojumi - Miil O\u00dc","description":"Konteineru tiltu savienojumi | Juras konteiner transport | Juras konteiner jauns | Containex jauns | www.miil.lv | +372 57 50 3328 \u2b50\ufe0f\u2b50\ufe0f\u2b50\ufe0f\u2b50\ufe0f\u2b50","robots":{"index":"index","follow":"follow","max-snippet":"max-snippet:-1","max-image-preview":"max-image-preview:large","max-video-preview":"max-video-preview:-1"},"canonical":"https:\/\/miil.dev.almic.ee\/lv\/toode\/konteineru-tiltu-savienojumi\/","og_locale":"lv_LV","og_type":"article","og_title":"Konteineru tiltu savienojumi","og_description":"Konteineru tiltu savienojumi | Juras konteiner transport | Juras konteiner jauns | Containex jauns | www.miil.lv | +372 57 50 3328 \u2b50\ufe0f\u2b50\ufe0f\u2b50\ufe0f\u2b50\ufe0f\u2b50","og_url":"https:\/\/miil.dev.almic.ee\/lv\/toode\/konteineru-tiltu-savienojumi\/","og_site_name":"Miil O\u00dc","article_publisher":"https:\/\/www.facebook.com\/konteinerveod\/","article_modified_time":"2024-11-05T12:04:07+00:00","og_image":[{"width":1900,"height":855,"url":"https:\/\/miil.dev.almic.ee\/wp-content\/uploads\/2022\/05\/IMG_20210617_090937-scaled-1-scaled.jpg","type":"image\/jpeg"}],"twitter_card":"summary_large_image","twitter_misc":{"Price":"35,00&nbsp;&euro;","Availability":"In stock"},"schema":{"@context":"https:\/\/schema.org","@graph":[{"@type":"WebPage","@id":"https:\/\/miil.dev.almic.ee\/lv\/toode\/konteineru-tiltu-savienojumi\/","url":"https:\/\/miil.dev.almic.ee\/lv\/toode\/konteineru-tiltu-savienojumi\/","name":"Konteineru tiltu savienojumi - Miil O\u00dc","isPartOf":{"@id":"https:\/\/miil.dev.almic.ee\/#website"},"primaryImageOfPage":{"@id":"https:\/\/miil.dev.almic.ee\/lv\/toode\/konteineru-tiltu-savienojumi\/#primaryimage"},"image":{"@id":"https:\/\/miil.dev.almic.ee\/lv\/toode\/konteineru-tiltu-savienojumi\/#primaryimage"},"thumbnailUrl":"https:\/\/miil.dev.almic.ee\/wp-content\/uploads\/2022\/05\/IMG_20210617_090937-scaled-1-scaled.jpg","datePublished":"2022-05-18T11:18:21+00:00","dateModified":"2024-11-05T12:04:07+00:00","description":"Konteineru tiltu savienojumi | Juras konteiner transport | Juras konteiner jauns | Containex jauns | www.miil.lv | +372 57 50 3328 \u2b50\ufe0f\u2b50\ufe0f\u2b50\ufe0f\u2b50\ufe0f\u2b50","breadcrumb":{"@id":"https:\/\/miil.dev.almic.ee\/lv\/toode\/konteineru-tiltu-savienojumi\/#breadcrumb"},"inLanguage":"lv-LV","potentialAction":[{"@type":"ReadAction","target":["https:\/\/miil.dev.almic.ee\/lv\/toode\/konteineru-tiltu-savienojumi\/"]}]},{"@type":"ImageObject","inLanguage":"lv-LV","@id":"https:\/\/miil.dev.almic.ee\/lv\/toode\/konteineru-tiltu-savienojumi\/#primaryimage","url":"https:\/\/miil.dev.almic.ee\/wp-content\/uploads\/2022\/05\/IMG_20210617_090937-scaled-1-scaled.jpg","contentUrl":"https:\/\/miil.dev.almic.ee\/wp-content\/uploads\/2022\/05\/IMG_20210617_090937-scaled-1-scaled.jpg","width":1900,"height":855},{"@type":"BreadcrumbList","@id":"https:\/\/miil.dev.almic.ee\/lv\/toode\/konteineru-tiltu-savienojumi\/#breadcrumb","itemListElement":[{"@type":"ListItem","position":1,"name":"Home","item":"https:\/\/miil.dev.almic.ee\/lv\/"},{"@type":"ListItem","position":2,"name":"Veikals","item":"https:\/\/miil.dev.almic.ee\/lv\/veikals\/"},{"@type":"ListItem","position":3,"name":"Konteineru tiltu savienojumi"}]},{"@type":"WebSite","@id":"https:\/\/miil.dev.almic.ee\/#website","url":"https:\/\/miil.dev.almic.ee\/","name":"Miil O\u00dc","description":"Konteinerveod","publisher":{"@id":"https:\/\/miil.dev.almic.ee\/#organization"},"potentialAction":[{"@type":"SearchAction","target":{"@type":"EntryPoint","urlTemplate":"https:\/\/miil.dev.almic.ee\/?s={search_term_string}"},"query-input":{"@type":"PropertyValueSpecification","valueRequired":true,"valueName":"search_term_string"}}],"inLanguage":"lv-LV"},{"@type":"Organization","@id":"https:\/\/miil.dev.almic.ee\/#organization","name":"Miil O\u00dc","url":"https:\/\/miil.dev.almic.ee\/","logo":{"@type":"ImageObject","inLanguage":"lv-LV","@id":"https:\/\/miil.dev.almic.ee\/#\/schema\/logo\/image\/","url":"https:\/\/www.miil.ee\/wp-content\/uploads\/2022\/02\/Miil-logo.svg","contentUrl":"https:\/\/www.miil.ee\/wp-content\/uploads\/2022\/02\/Miil-logo.svg","width":"1024","height":"1024","caption":"Miil O\u00dc"},"image":{"@id":"https:\/\/miil.dev.almic.ee\/#\/schema\/logo\/image\/"},"sameAs":["https:\/\/www.facebook.com\/konteinerveod\/","https:\/\/www.instagram.com\/ou_miil\/"]}]},"product_price_amount":"35.00","product_price_currency":"EUR","og_availability":"instock","product_availability":"instock","product_condition":"new"},"_links":{"self":[{"href":"https:\/\/miil.dev.almic.ee\/lv\/wp-json\/wp\/v2\/product\/15580","targetHints":{"allow":["GET"]}}],"collection":[{"href":"https:\/\/miil.dev.almic.ee\/lv\/wp-json\/wp\/v2\/product"}],"about":[{"href":"https:\/\/miil.dev.almic.ee\/lv\/wp-json\/wp\/v2\/types\/product"}],"replies":[{"embeddable":true,"href":"https:\/\/miil.dev.almic.ee\/lv\/wp-json\/wp\/v2\/comments?post=15580"}],"wp:featuredmedia":[{"embeddable":true,"href":"https:\/\/miil.dev.almic.ee\/lv\/wp-json\/wp\/v2\/media\/3073"}],"wp:attachment":[{"href":"https:\/\/miil.dev.almic.ee\/lv\/wp-json\/wp\/v2\/media?parent=15580"}],"wp:term":[{"taxonomy":"product_cat","embeddable":true,"href":"https:\/\/miil.dev.almic.ee\/lv\/wp-json\/wp\/v2\/product_cat?post=15580"},{"taxonomy":"product_tag","embeddable":true,"href":"https:\/\/miil.dev.almic.ee\/lv\/wp-json\/wp\/v2\/product_tag?post=15580"}],"curies":[{"name":"wp","href":"https:\/\/api.w.org\/{rel}","templated":true}]}}