{"id":15576,"date":"2022-05-18T14:18:21","date_gmt":"2022-05-18T11:18:21","guid":{"rendered":"https:\/\/www.miil.ee\/toode\/konteineri-nurgalukud\/"},"modified":"2024-11-05T14:15:51","modified_gmt":"2024-11-05T12:15:51","slug":"konteineru-stura-sledzenes","status":"publish","type":"product","link":"https:\/\/miil.dev.almic.ee\/lv\/toode\/konteineru-stura-sledzenes\/","title":{"rendered":"Konteineru st\u016bra sl\u0113dzenes"},"content":{"rendered":"<h1>Sp\u0113c\u012bgas un dro\u0161as pieg\u0101des konteineru st\u016bra sl\u0113dzenes \u2013 dro\u0161ai konteineru sl\u0101\u0146o\u0161anai<\/h1>\n<p>Iztur\u012bgas un uzticamas s\u016bt\u012bjumu konteineru st\u016bra sl\u0113dzenes, kas \u013cauj dro\u0161i savienot un nosl\u0101\u0146ot divus konteinerus vienu virs otra.<\/p>\n<p>Vai mekl\u0113jat uzticamu risin\u0101jumu divu konteineru dro\u0161ai nosl\u0101\u0146o\u0161anai? M\u016bsu konteinera st\u016bra sl\u0113dzenes ir tie\u0161i tas, kas jums nepiecie\u0161ams. \u0160ie sp\u0113c\u012bgie blo\u0137\u0113\u0161anas meh\u0101nismi nodro\u0161ina dro\u0161u un dro\u0161u savienojumu. Tas \u013caus jums stabili sakraut un nostiprin\u0101t divus konteinerus vienu virs otra.<\/p>\n<p>\u0160\u012bs st\u016bra sl\u0113dzenes sp\u0113l\u0113 noz\u012bm\u012bgu lomu konteineru lo\u0123istik\u0101, \u013caujot maksim\u0101li izmantot telpu un efekt\u012bvi izmantot konteineru vertik\u0101lo telpu. M\u016bsu st\u016bra sl\u0113dzenes ir \u012bpa\u0161i izstr\u0101d\u0101tas un izgatavotas no iztur\u012bgiem materi\u0101liem, lai nodro\u0161in\u0101tu to iztur\u012bbu un iztur\u012bbu. \u0160ie blo\u0137\u0113\u0161anas meh\u0101nismi nodro\u0161ina stabilu un dro\u0161u savienojumu, kas var iztur\u0113t visa veida spriegumus un dinamiskus apst\u0101k\u013cus.<\/p>\n<h2>K\u0101 uzst\u0101d\u012bt?<\/h2>\n<p>Konteinera st\u016bra sl\u0113dzenes ir viegli uzst\u0101d\u012bt un lietot. To dizains \u013cauj \u0101tri un \u0113rti aizsl\u0113gt un atv\u0113rt, padarot konteineru savieno\u0161anas procesu vienk\u0101r\u0161u un efekt\u012bvu. J\u016bs varat \u0101tri un vienk\u0101r\u0161i nostiprin\u0101t un atbr\u012bvot st\u016bra sl\u0113dzenes atbilsto\u0161i sav\u0101m vajadz\u012bb\u0101m, ietaupot laiku un p\u016bles. Neatkar\u012bgi no t\u0101, vai tas atrodas ost\u0101s, noliktav\u0101s vai b\u016bvlaukumos, m\u016bsu sl\u0113dzenes pal\u012bdz optimiz\u0113t konteineru izmanto\u0161anu un uzglab\u0101\u0161anu, vienlaikus nodro\u0161inot to dro\u0161\u012bbu.<\/p>\n<p>Dro\u0161\u012bba ir svar\u012bga m\u016bsu konteineru st\u016bra sl\u0113dze\u0146u funkcija. \u0160ie blo\u0137\u0113\u0161anas meh\u0101nismi nodro\u0161ina dro\u0161u un uzticamu savienojumu, samazinot risku, ka sl\u0101\u0146veida konteineri var atbr\u012bvoties vai p\u0101rvietoties. J\u016bs varat izmantot konteinerus ar mier\u012bgu sirdi, zinot, ka tie ir cie\u0161i savienoti un ka visas v\u0113rtslietas ir dro\u0161i noglab\u0101tas.<\/p>\n<p>Kopum\u0101, ja v\u0113laties nodro\u0161in\u0101t divu konteineru dro\u0161u savienojumu un sl\u0101\u0146o\u0161anu, m\u016bsu konteinera st\u016bra sl\u0113dzenes ir lab\u0101k\u0101 izv\u0113le. To iztur\u012bba, lieto\u0161anas vienk\u0101r\u0161\u012bba un dro\u0161\u012bba nodro\u0161ina vienm\u0113r\u012bgu konteineru lo\u0123istiku un sniedz jums sirdsmieru, zinot, ka j\u016bsu konteineri ir dro\u0161i savienoti viens ar otru.<\/p>\n<p>Citus plauktus un aksesu\u0101rus skatiet <a href=\"https:\/\/www.miil.ee\/lv\/merekonteinerid\/papildu-piederumi\/\">\u0161eit!<\/a><\/p>\n<p>Sekojiet mums\u00a0<a href=\"https:\/\/www.facebook.com\/konteinerveod\/\">Facebook<\/a>\u00a0vai\u00a0<a href=\"https:\/\/www.instagram.com\/ou_miil\/\">Instagram.<\/a><\/p>\n","protected":false},"excerpt":{"rendered":"<p>Konteineru st\u016bra sl\u0113dzenes<\/p>\n","protected":false},"featured_media":3011,"comment_status":"closed","ping_status":"closed","template":"","meta":{"_acf_changed":false},"product_cat":[336],"product_tag":[],"class_list":{"0":"post-15576","1":"product","2":"type-product","3":"status-publish","4":"has-post-thumbnail","6":"product_cat-papildu-piederumi","8":"first","9":"instock","10":"shipping-taxable","11":"purchasable","12":"product-type-simple"},"acf":[],"yoast_head":"<!-- This site is optimized with the Yoast SEO Premium plugin v23.9 (Yoast SEO v27.5) - https:\/\/yoast.com\/product\/yoast-seo-premium-wordpress\/ -->\n<title>Konteineru st\u016bra sl\u0113dzenes - Miil O\u00dc<\/title>\n<meta name=\"description\" content=\"Konteineru st\u016bra sl\u0113dzenes | Juras konteiner transport | Juras konteiner jauns | Containex jauns | www.miil.lv | +372 57 50 3328 \u2b50\ufe0f\u2b50\ufe0f\u2b50\ufe0f\u2b50\ufe0f\u2b50\" \/>\n<meta name=\"robots\" content=\"index, follow, max-snippet:-1, max-image-preview:large, max-video-preview:-1\" \/>\n<link rel=\"canonical\" href=\"https:\/\/miil.dev.almic.ee\/lv\/toode\/konteineru-stura-sledzenes\/\" \/>\n<meta property=\"og:locale\" content=\"lv_LV\" \/>\n<meta property=\"og:type\" content=\"article\" \/>\n<meta property=\"og:title\" content=\"Konteineru st\u016bra sl\u0113dzenes\" \/>\n<meta property=\"og:description\" content=\"Konteineru st\u016bra sl\u0113dzenes | Juras konteiner transport | Juras konteiner jauns | Containex jauns | www.miil.lv | +372 57 50 3328 \u2b50\ufe0f\u2b50\ufe0f\u2b50\ufe0f\u2b50\ufe0f\u2b50\" \/>\n<meta property=\"og:url\" content=\"https:\/\/miil.dev.almic.ee\/lv\/toode\/konteineru-stura-sledzenes\/\" \/>\n<meta property=\"og:site_name\" content=\"Miil O\u00dc\" \/>\n<meta property=\"article:publisher\" content=\"https:\/\/www.facebook.com\/konteinerveod\/\" \/>\n<meta property=\"article:modified_time\" content=\"2024-11-05T12:15:51+00:00\" \/>\n<meta property=\"og:image\" content=\"https:\/\/miil.dev.almic.ee\/wp-content\/uploads\/2022\/05\/IMG_20210617_090932-scaled-1-scaled.jpg\" \/>\n\t<meta property=\"og:image:width\" content=\"1900\" \/>\n\t<meta property=\"og:image:height\" content=\"855\" \/>\n\t<meta property=\"og:image:type\" content=\"image\/jpeg\" \/>\n<meta name=\"twitter:card\" content=\"summary_large_image\" \/>\n<meta name=\"twitter:label1\" content=\"Price\" \/>\n\t<meta name=\"twitter:data1\" content=\"45,00&nbsp;&euro;\" \/>\n\t<meta name=\"twitter:label2\" content=\"Availability\" \/>\n\t<meta name=\"twitter:data2\" content=\"In stock\" \/>\n<script type=\"application\/ld+json\" class=\"yoast-schema-graph\">{\"@context\":\"https:\\\/\\\/schema.org\",\"@graph\":[{\"@type\":\"WebPage\",\"@id\":\"https:\\\/\\\/miil.dev.almic.ee\\\/lv\\\/toode\\\/konteineru-stura-sledzenes\\\/\",\"url\":\"https:\\\/\\\/miil.dev.almic.ee\\\/lv\\\/toode\\\/konteineru-stura-sledzenes\\\/\",\"name\":\"Konteineru st\u016bra sl\u0113dzenes - Miil O\u00dc\",\"isPartOf\":{\"@id\":\"https:\\\/\\\/miil.dev.almic.ee\\\/#website\"},\"primaryImageOfPage\":{\"@id\":\"https:\\\/\\\/miil.dev.almic.ee\\\/lv\\\/toode\\\/konteineru-stura-sledzenes\\\/#primaryimage\"},\"image\":{\"@id\":\"https:\\\/\\\/miil.dev.almic.ee\\\/lv\\\/toode\\\/konteineru-stura-sledzenes\\\/#primaryimage\"},\"thumbnailUrl\":\"https:\\\/\\\/miil.dev.almic.ee\\\/wp-content\\\/uploads\\\/2022\\\/05\\\/IMG_20210617_090932-scaled-1-scaled.jpg\",\"datePublished\":\"2022-05-18T11:18:21+00:00\",\"dateModified\":\"2024-11-05T12:15:51+00:00\",\"description\":\"Konteineru st\u016bra sl\u0113dzenes | Juras konteiner transport | Juras konteiner jauns | Containex jauns | www.miil.lv | +372 57 50 3328 \u2b50\ufe0f\u2b50\ufe0f\u2b50\ufe0f\u2b50\ufe0f\u2b50\",\"breadcrumb\":{\"@id\":\"https:\\\/\\\/miil.dev.almic.ee\\\/lv\\\/toode\\\/konteineru-stura-sledzenes\\\/#breadcrumb\"},\"inLanguage\":\"lv-LV\",\"potentialAction\":[{\"@type\":\"ReadAction\",\"target\":[\"https:\\\/\\\/miil.dev.almic.ee\\\/lv\\\/toode\\\/konteineru-stura-sledzenes\\\/\"]}]},{\"@type\":\"ImageObject\",\"inLanguage\":\"lv-LV\",\"@id\":\"https:\\\/\\\/miil.dev.almic.ee\\\/lv\\\/toode\\\/konteineru-stura-sledzenes\\\/#primaryimage\",\"url\":\"https:\\\/\\\/miil.dev.almic.ee\\\/wp-content\\\/uploads\\\/2022\\\/05\\\/IMG_20210617_090932-scaled-1-scaled.jpg\",\"contentUrl\":\"https:\\\/\\\/miil.dev.almic.ee\\\/wp-content\\\/uploads\\\/2022\\\/05\\\/IMG_20210617_090932-scaled-1-scaled.jpg\",\"width\":1900,\"height\":855},{\"@type\":\"BreadcrumbList\",\"@id\":\"https:\\\/\\\/miil.dev.almic.ee\\\/lv\\\/toode\\\/konteineru-stura-sledzenes\\\/#breadcrumb\",\"itemListElement\":[{\"@type\":\"ListItem\",\"position\":1,\"name\":\"Home\",\"item\":\"https:\\\/\\\/miil.dev.almic.ee\\\/lv\\\/\"},{\"@type\":\"ListItem\",\"position\":2,\"name\":\"Veikals\",\"item\":\"https:\\\/\\\/miil.dev.almic.ee\\\/lv\\\/veikals\\\/\"},{\"@type\":\"ListItem\",\"position\":3,\"name\":\"Konteineru st\u016bra sl\u0113dzenes\"}]},{\"@type\":\"WebSite\",\"@id\":\"https:\\\/\\\/miil.dev.almic.ee\\\/#website\",\"url\":\"https:\\\/\\\/miil.dev.almic.ee\\\/\",\"name\":\"Miil O\u00dc\",\"description\":\"Konteinerveod\",\"publisher\":{\"@id\":\"https:\\\/\\\/miil.dev.almic.ee\\\/#organization\"},\"potentialAction\":[{\"@type\":\"SearchAction\",\"target\":{\"@type\":\"EntryPoint\",\"urlTemplate\":\"https:\\\/\\\/miil.dev.almic.ee\\\/?s={search_term_string}\"},\"query-input\":{\"@type\":\"PropertyValueSpecification\",\"valueRequired\":true,\"valueName\":\"search_term_string\"}}],\"inLanguage\":\"lv-LV\"},{\"@type\":\"Organization\",\"@id\":\"https:\\\/\\\/miil.dev.almic.ee\\\/#organization\",\"name\":\"Miil O\u00dc\",\"url\":\"https:\\\/\\\/miil.dev.almic.ee\\\/\",\"logo\":{\"@type\":\"ImageObject\",\"inLanguage\":\"lv-LV\",\"@id\":\"https:\\\/\\\/miil.dev.almic.ee\\\/#\\\/schema\\\/logo\\\/image\\\/\",\"url\":\"https:\\\/\\\/www.miil.ee\\\/wp-content\\\/uploads\\\/2022\\\/02\\\/Miil-logo.svg\",\"contentUrl\":\"https:\\\/\\\/www.miil.ee\\\/wp-content\\\/uploads\\\/2022\\\/02\\\/Miil-logo.svg\",\"width\":\"1024\",\"height\":\"1024\",\"caption\":\"Miil O\u00dc\"},\"image\":{\"@id\":\"https:\\\/\\\/miil.dev.almic.ee\\\/#\\\/schema\\\/logo\\\/image\\\/\"},\"sameAs\":[\"https:\\\/\\\/www.facebook.com\\\/konteinerveod\\\/\",\"https:\\\/\\\/www.instagram.com\\\/ou_miil\\\/\"]}]}<\/script>\n<meta property=\"product:price:amount\" content=\"45.00\" \/>\n<meta property=\"product:price:currency\" content=\"EUR\" \/>\n<meta property=\"og:availability\" content=\"instock\" \/>\n<meta property=\"product:availability\" content=\"instock\" \/>\n<meta property=\"product:condition\" content=\"new\" \/>\n<!-- \/ Yoast SEO Premium plugin. -->","yoast_head_json":{"title":"Konteineru st\u016bra sl\u0113dzenes - Miil O\u00dc","description":"Konteineru st\u016bra sl\u0113dzenes | Juras konteiner transport | Juras konteiner jauns | Containex jauns | www.miil.lv | +372 57 50 3328 \u2b50\ufe0f\u2b50\ufe0f\u2b50\ufe0f\u2b50\ufe0f\u2b50","robots":{"index":"index","follow":"follow","max-snippet":"max-snippet:-1","max-image-preview":"max-image-preview:large","max-video-preview":"max-video-preview:-1"},"canonical":"https:\/\/miil.dev.almic.ee\/lv\/toode\/konteineru-stura-sledzenes\/","og_locale":"lv_LV","og_type":"article","og_title":"Konteineru st\u016bra sl\u0113dzenes","og_description":"Konteineru st\u016bra sl\u0113dzenes | Juras konteiner transport | Juras konteiner jauns | Containex jauns | www.miil.lv | +372 57 50 3328 \u2b50\ufe0f\u2b50\ufe0f\u2b50\ufe0f\u2b50\ufe0f\u2b50","og_url":"https:\/\/miil.dev.almic.ee\/lv\/toode\/konteineru-stura-sledzenes\/","og_site_name":"Miil O\u00dc","article_publisher":"https:\/\/www.facebook.com\/konteinerveod\/","article_modified_time":"2024-11-05T12:15:51+00:00","og_image":[{"width":1900,"height":855,"url":"https:\/\/miil.dev.almic.ee\/wp-content\/uploads\/2022\/05\/IMG_20210617_090932-scaled-1-scaled.jpg","type":"image\/jpeg"}],"twitter_card":"summary_large_image","twitter_misc":{"Price":"45,00&nbsp;&euro;","Availability":"In stock"},"schema":{"@context":"https:\/\/schema.org","@graph":[{"@type":"WebPage","@id":"https:\/\/miil.dev.almic.ee\/lv\/toode\/konteineru-stura-sledzenes\/","url":"https:\/\/miil.dev.almic.ee\/lv\/toode\/konteineru-stura-sledzenes\/","name":"Konteineru st\u016bra sl\u0113dzenes - Miil O\u00dc","isPartOf":{"@id":"https:\/\/miil.dev.almic.ee\/#website"},"primaryImageOfPage":{"@id":"https:\/\/miil.dev.almic.ee\/lv\/toode\/konteineru-stura-sledzenes\/#primaryimage"},"image":{"@id":"https:\/\/miil.dev.almic.ee\/lv\/toode\/konteineru-stura-sledzenes\/#primaryimage"},"thumbnailUrl":"https:\/\/miil.dev.almic.ee\/wp-content\/uploads\/2022\/05\/IMG_20210617_090932-scaled-1-scaled.jpg","datePublished":"2022-05-18T11:18:21+00:00","dateModified":"2024-11-05T12:15:51+00:00","description":"Konteineru st\u016bra sl\u0113dzenes | Juras konteiner transport | Juras konteiner jauns | Containex jauns | www.miil.lv | +372 57 50 3328 \u2b50\ufe0f\u2b50\ufe0f\u2b50\ufe0f\u2b50\ufe0f\u2b50","breadcrumb":{"@id":"https:\/\/miil.dev.almic.ee\/lv\/toode\/konteineru-stura-sledzenes\/#breadcrumb"},"inLanguage":"lv-LV","potentialAction":[{"@type":"ReadAction","target":["https:\/\/miil.dev.almic.ee\/lv\/toode\/konteineru-stura-sledzenes\/"]}]},{"@type":"ImageObject","inLanguage":"lv-LV","@id":"https:\/\/miil.dev.almic.ee\/lv\/toode\/konteineru-stura-sledzenes\/#primaryimage","url":"https:\/\/miil.dev.almic.ee\/wp-content\/uploads\/2022\/05\/IMG_20210617_090932-scaled-1-scaled.jpg","contentUrl":"https:\/\/miil.dev.almic.ee\/wp-content\/uploads\/2022\/05\/IMG_20210617_090932-scaled-1-scaled.jpg","width":1900,"height":855},{"@type":"BreadcrumbList","@id":"https:\/\/miil.dev.almic.ee\/lv\/toode\/konteineru-stura-sledzenes\/#breadcrumb","itemListElement":[{"@type":"ListItem","position":1,"name":"Home","item":"https:\/\/miil.dev.almic.ee\/lv\/"},{"@type":"ListItem","position":2,"name":"Veikals","item":"https:\/\/miil.dev.almic.ee\/lv\/veikals\/"},{"@type":"ListItem","position":3,"name":"Konteineru st\u016bra sl\u0113dzenes"}]},{"@type":"WebSite","@id":"https:\/\/miil.dev.almic.ee\/#website","url":"https:\/\/miil.dev.almic.ee\/","name":"Miil O\u00dc","description":"Konteinerveod","publisher":{"@id":"https:\/\/miil.dev.almic.ee\/#organization"},"potentialAction":[{"@type":"SearchAction","target":{"@type":"EntryPoint","urlTemplate":"https:\/\/miil.dev.almic.ee\/?s={search_term_string}"},"query-input":{"@type":"PropertyValueSpecification","valueRequired":true,"valueName":"search_term_string"}}],"inLanguage":"lv-LV"},{"@type":"Organization","@id":"https:\/\/miil.dev.almic.ee\/#organization","name":"Miil O\u00dc","url":"https:\/\/miil.dev.almic.ee\/","logo":{"@type":"ImageObject","inLanguage":"lv-LV","@id":"https:\/\/miil.dev.almic.ee\/#\/schema\/logo\/image\/","url":"https:\/\/www.miil.ee\/wp-content\/uploads\/2022\/02\/Miil-logo.svg","contentUrl":"https:\/\/www.miil.ee\/wp-content\/uploads\/2022\/02\/Miil-logo.svg","width":"1024","height":"1024","caption":"Miil O\u00dc"},"image":{"@id":"https:\/\/miil.dev.almic.ee\/#\/schema\/logo\/image\/"},"sameAs":["https:\/\/www.facebook.com\/konteinerveod\/","https:\/\/www.instagram.com\/ou_miil\/"]}]},"product_price_amount":"45.00","product_price_currency":"EUR","og_availability":"instock","product_availability":"instock","product_condition":"new"},"_links":{"self":[{"href":"https:\/\/miil.dev.almic.ee\/lv\/wp-json\/wp\/v2\/product\/15576","targetHints":{"allow":["GET"]}}],"collection":[{"href":"https:\/\/miil.dev.almic.ee\/lv\/wp-json\/wp\/v2\/product"}],"about":[{"href":"https:\/\/miil.dev.almic.ee\/lv\/wp-json\/wp\/v2\/types\/product"}],"replies":[{"embeddable":true,"href":"https:\/\/miil.dev.almic.ee\/lv\/wp-json\/wp\/v2\/comments?post=15576"}],"wp:featuredmedia":[{"embeddable":true,"href":"https:\/\/miil.dev.almic.ee\/lv\/wp-json\/wp\/v2\/media\/3011"}],"wp:attachment":[{"href":"https:\/\/miil.dev.almic.ee\/lv\/wp-json\/wp\/v2\/media?parent=15576"}],"wp:term":[{"taxonomy":"product_cat","embeddable":true,"href":"https:\/\/miil.dev.almic.ee\/lv\/wp-json\/wp\/v2\/product_cat?post=15576"},{"taxonomy":"product_tag","embeddable":true,"href":"https:\/\/miil.dev.almic.ee\/lv\/wp-json\/wp\/v2\/product_tag?post=15576"}],"curies":[{"name":"wp","href":"https:\/\/api.w.org\/{rel}","templated":true}]}}