{"id":15572,"date":"2022-05-18T14:18:51","date_gmt":"2022-05-18T11:18:51","guid":{"rendered":"https:\/\/www.miil.ee\/toode\/kummitallad-150x200x30mm\/"},"modified":"2024-11-05T10:48:15","modified_gmt":"2024-11-05T08:48:15","slug":"gumijas-zoles-juras-konteineram-150x200x30mm","status":"publish","type":"product","link":"https:\/\/miil.dev.almic.ee\/lv\/toode\/gumijas-zoles-juras-konteineram-150x200x30mm\/","title":{"rendered":"Gumijas zoles j\u016bras konteineram"},"content":{"rendered":"<h1>Gumijas zoles zem j\u016bras konteinera st\u016briem &#8211; Aizsarg\u0101jiet savu j\u016bras konteineru un virsmu<\/h1>\n<p>St\u016bra gumijas zoles j\u016bras konteineriem ir svar\u012bgs aksesu\u0101rs, kas pal\u012bdz aizsarg\u0101t j\u016bsu j\u016bras konteineru un virsmu, uz kuras tas tiek novietots. \u0160\u012bs iztur\u012bg\u0101s gumijas zoles ir \u012bpa\u0161i izstr\u0101d\u0101tas, lai nodro\u0161in\u0101tu aizsardz\u012bbu un samazin\u0101tu berzi un boj\u0101jumus starp j\u016bras konteineru un pamatni.<\/p>\n<p>\u0160is izstr\u0101d\u0101jums ir izgatavots no iztur\u012bgas melnas gumijas, un t\u0101 izm\u0113ri ir 150x200x30mm. Tie prec\u012bzi iederas zem j\u016bras konteinera st\u016briem, nodro\u0161inot dro\u0161u un stabilu uzst\u0101d\u012b\u0161anu. Gumijas zoles samazina troksni un vibr\u0101ciju, kas var rasties j\u016bras konteinera un pamatnes saskares viet\u0101s.<\/p>\n<p>Papildus aizsargfunkcijai \u0161ie izstr\u0101d\u0101jumi nodro\u0161ina ar\u012b virsmu, kas pal\u012bdz nov\u0113rst sl\u012bd\u0113\u0161anu un nodro\u0161ina dro\u0161u darba vidi. Tie ir viegli uzst\u0101d\u0101mi un iztur\u012bgi pret da\u017e\u0101diem laikapst\u0101k\u013ciem un vides ietekmi.<\/p>\n<p>Interneta veikal\u0101 MIIL.ee var atrast kvalitat\u012bvas gumijas zoles j\u016bras konteinera st\u016briem. M\u016bsu produkti atbilst augstiem standartiem un pied\u0101v\u0101 uzticamu aizsardz\u012bbu un iztur\u012bbu. Izv\u0113lieties pareizos produktus no m\u016bsu pla\u0161\u0101 kl\u0101sta un nodro\u0161iniet vislab\u0101ko aizsardz\u012bbu savam j\u016bras konteineram un paletei.<\/p>\n<p>Ieguldiet kvalitat\u012bv\u0101s zol\u0113s zem sava j\u016bras konteinera st\u016briem un pagariniet j\u016bras konteinera kalpo\u0161anas laiku, vienlaikus saglab\u0101jot virsmas t\u012bras un aizsarg\u0101tas. Papildus pied\u0101v\u0101jam konkur\u0113tsp\u0113j\u012bgas cenas un \u0101tru pieg\u0101des \u0101trumu, lai J\u016bs var\u0113tu \u0101tri un \u0113rti sa\u0146emt savus produktus.<\/p>\n<p>Izv\u0113lieties m\u016bsu gumijas zoles j\u016bras konteinera st\u016briem un nodro\u0161iniet sp\u0113c\u012bgu aizsardz\u012bbu un dro\u0161u darba vidi. M\u016bsu komanda ir gatava jums pal\u012bdz\u0113t un pied\u0101v\u0101t profesion\u0101lus padomus un atbalstu. Iepaz\u012bstieties ar m\u016bsu produktu kl\u0101stu MIIL.ee vietn\u0113 un izv\u0113lieties lab\u0101k\u0101s gumijas zoles j\u016bras konteinera st\u016briem atbilsto\u0161i sav\u0101m vajadz\u012bb\u0101m un v\u0113lm\u0113m.<\/p>\n<p>Citus aksesu\u0101rus skatiet <a href=\"https:\/\/www.miil.ee\/lv\/merekonteinerid\/papildu-piederumi\/\">\u0161eit!<\/a><\/p>\n<p>Sekojiet mums\u00a0<a href=\"https:\/\/www.facebook.com\/konteinerveod\/\">Facebook<\/a>\u00a0vai\u00a0<a href=\"https:\/\/www.instagram.com\/ou_miil\/\">Instagram<\/a><\/p>\n","protected":false},"excerpt":{"rendered":"<p>Gumijas zoles j\u016bras konteineram<\/p>\n","protected":false},"featured_media":3139,"comment_status":"closed","ping_status":"closed","template":"","meta":{"_acf_changed":false},"product_cat":[336],"product_tag":[],"class_list":{"0":"post-15572","1":"product","2":"type-product","3":"status-publish","4":"has-post-thumbnail","6":"product_cat-papildu-piederumi","8":"first","9":"instock","10":"shipping-taxable","11":"purchasable","12":"product-type-simple"},"acf":[],"yoast_head":"<!-- This site is optimized with the Yoast SEO Premium plugin v23.9 (Yoast SEO v27.5) - https:\/\/yoast.com\/product\/yoast-seo-premium-wordpress\/ -->\n<title>Gumijas zoles j\u016bras konteineram - Miil O\u00dc<\/title>\n<meta name=\"description\" content=\"Gumijas zoles j\u016bras konteineram | Juras konteiner transport | Juras konteiner jauns | Containex jauns | Transports un remonts | Elektr\u012bbas darbi un apkure\" \/>\n<meta name=\"robots\" content=\"index, follow, max-snippet:-1, max-image-preview:large, max-video-preview:-1\" \/>\n<link rel=\"canonical\" href=\"https:\/\/miil.dev.almic.ee\/lv\/toode\/gumijas-zoles-juras-konteineram-150x200x30mm\/\" \/>\n<meta property=\"og:locale\" content=\"lv_LV\" \/>\n<meta property=\"og:type\" content=\"article\" \/>\n<meta property=\"og:title\" content=\"Gumijas zoles j\u016bras konteineram\" \/>\n<meta property=\"og:description\" content=\"Gumijas zoles j\u016bras konteineram | Juras konteiner transport | Juras konteiner jauns | Containex jauns | Transports un remonts | Elektr\u012bbas darbi un apkure\" \/>\n<meta property=\"og:url\" content=\"https:\/\/miil.dev.almic.ee\/lv\/toode\/gumijas-zoles-juras-konteineram-150x200x30mm\/\" \/>\n<meta property=\"og:site_name\" content=\"Miil O\u00dc\" \/>\n<meta property=\"article:publisher\" content=\"https:\/\/www.facebook.com\/konteinerveod\/\" \/>\n<meta property=\"article:modified_time\" content=\"2024-11-05T08:48:15+00:00\" \/>\n<meta property=\"og:image\" content=\"https:\/\/miil.dev.almic.ee\/wp-content\/uploads\/2022\/05\/IMG_20210617_091119-scaled-1-scaled.jpg\" \/>\n\t<meta property=\"og:image:width\" content=\"1900\" \/>\n\t<meta property=\"og:image:height\" content=\"855\" \/>\n\t<meta property=\"og:image:type\" content=\"image\/jpeg\" \/>\n<meta name=\"twitter:card\" content=\"summary_large_image\" \/>\n<meta name=\"twitter:label1\" content=\"Price\" \/>\n\t<meta name=\"twitter:data1\" content=\"15,00&nbsp;&euro;\" \/>\n\t<meta name=\"twitter:label2\" content=\"Availability\" \/>\n\t<meta name=\"twitter:data2\" content=\"In stock\" \/>\n<script type=\"application\/ld+json\" class=\"yoast-schema-graph\">{\"@context\":\"https:\\\/\\\/schema.org\",\"@graph\":[{\"@type\":\"WebPage\",\"@id\":\"https:\\\/\\\/miil.dev.almic.ee\\\/lv\\\/toode\\\/gumijas-zoles-juras-konteineram-150x200x30mm\\\/\",\"url\":\"https:\\\/\\\/miil.dev.almic.ee\\\/lv\\\/toode\\\/gumijas-zoles-juras-konteineram-150x200x30mm\\\/\",\"name\":\"Gumijas zoles j\u016bras konteineram - Miil O\u00dc\",\"isPartOf\":{\"@id\":\"https:\\\/\\\/miil.dev.almic.ee\\\/#website\"},\"primaryImageOfPage\":{\"@id\":\"https:\\\/\\\/miil.dev.almic.ee\\\/lv\\\/toode\\\/gumijas-zoles-juras-konteineram-150x200x30mm\\\/#primaryimage\"},\"image\":{\"@id\":\"https:\\\/\\\/miil.dev.almic.ee\\\/lv\\\/toode\\\/gumijas-zoles-juras-konteineram-150x200x30mm\\\/#primaryimage\"},\"thumbnailUrl\":\"https:\\\/\\\/miil.dev.almic.ee\\\/wp-content\\\/uploads\\\/2022\\\/05\\\/IMG_20210617_091119-scaled-1-scaled.jpg\",\"datePublished\":\"2022-05-18T11:18:51+00:00\",\"dateModified\":\"2024-11-05T08:48:15+00:00\",\"description\":\"Gumijas zoles j\u016bras konteineram | Juras konteiner transport | Juras konteiner jauns | Containex jauns | Transports un remonts | Elektr\u012bbas darbi un apkure\",\"breadcrumb\":{\"@id\":\"https:\\\/\\\/miil.dev.almic.ee\\\/lv\\\/toode\\\/gumijas-zoles-juras-konteineram-150x200x30mm\\\/#breadcrumb\"},\"inLanguage\":\"lv-LV\",\"potentialAction\":[{\"@type\":\"ReadAction\",\"target\":[\"https:\\\/\\\/miil.dev.almic.ee\\\/lv\\\/toode\\\/gumijas-zoles-juras-konteineram-150x200x30mm\\\/\"]}]},{\"@type\":\"ImageObject\",\"inLanguage\":\"lv-LV\",\"@id\":\"https:\\\/\\\/miil.dev.almic.ee\\\/lv\\\/toode\\\/gumijas-zoles-juras-konteineram-150x200x30mm\\\/#primaryimage\",\"url\":\"https:\\\/\\\/miil.dev.almic.ee\\\/wp-content\\\/uploads\\\/2022\\\/05\\\/IMG_20210617_091119-scaled-1-scaled.jpg\",\"contentUrl\":\"https:\\\/\\\/miil.dev.almic.ee\\\/wp-content\\\/uploads\\\/2022\\\/05\\\/IMG_20210617_091119-scaled-1-scaled.jpg\",\"width\":1900,\"height\":855},{\"@type\":\"BreadcrumbList\",\"@id\":\"https:\\\/\\\/miil.dev.almic.ee\\\/lv\\\/toode\\\/gumijas-zoles-juras-konteineram-150x200x30mm\\\/#breadcrumb\",\"itemListElement\":[{\"@type\":\"ListItem\",\"position\":1,\"name\":\"Home\",\"item\":\"https:\\\/\\\/miil.dev.almic.ee\\\/lv\\\/\"},{\"@type\":\"ListItem\",\"position\":2,\"name\":\"Veikals\",\"item\":\"https:\\\/\\\/miil.dev.almic.ee\\\/lv\\\/veikals\\\/\"},{\"@type\":\"ListItem\",\"position\":3,\"name\":\"Gumijas zoles j\u016bras konteineram\"}]},{\"@type\":\"WebSite\",\"@id\":\"https:\\\/\\\/miil.dev.almic.ee\\\/#website\",\"url\":\"https:\\\/\\\/miil.dev.almic.ee\\\/\",\"name\":\"Miil O\u00dc\",\"description\":\"Konteinerveod\",\"publisher\":{\"@id\":\"https:\\\/\\\/miil.dev.almic.ee\\\/#organization\"},\"potentialAction\":[{\"@type\":\"SearchAction\",\"target\":{\"@type\":\"EntryPoint\",\"urlTemplate\":\"https:\\\/\\\/miil.dev.almic.ee\\\/?s={search_term_string}\"},\"query-input\":{\"@type\":\"PropertyValueSpecification\",\"valueRequired\":true,\"valueName\":\"search_term_string\"}}],\"inLanguage\":\"lv-LV\"},{\"@type\":\"Organization\",\"@id\":\"https:\\\/\\\/miil.dev.almic.ee\\\/#organization\",\"name\":\"Miil O\u00dc\",\"url\":\"https:\\\/\\\/miil.dev.almic.ee\\\/\",\"logo\":{\"@type\":\"ImageObject\",\"inLanguage\":\"lv-LV\",\"@id\":\"https:\\\/\\\/miil.dev.almic.ee\\\/#\\\/schema\\\/logo\\\/image\\\/\",\"url\":\"https:\\\/\\\/www.miil.ee\\\/wp-content\\\/uploads\\\/2022\\\/02\\\/Miil-logo.svg\",\"contentUrl\":\"https:\\\/\\\/www.miil.ee\\\/wp-content\\\/uploads\\\/2022\\\/02\\\/Miil-logo.svg\",\"width\":\"1024\",\"height\":\"1024\",\"caption\":\"Miil O\u00dc\"},\"image\":{\"@id\":\"https:\\\/\\\/miil.dev.almic.ee\\\/#\\\/schema\\\/logo\\\/image\\\/\"},\"sameAs\":[\"https:\\\/\\\/www.facebook.com\\\/konteinerveod\\\/\",\"https:\\\/\\\/www.instagram.com\\\/ou_miil\\\/\"]}]}<\/script>\n<meta property=\"product:price:amount\" content=\"15.00\" \/>\n<meta property=\"product:price:currency\" content=\"EUR\" \/>\n<meta property=\"og:availability\" content=\"instock\" \/>\n<meta property=\"product:availability\" content=\"instock\" \/>\n<meta property=\"product:condition\" content=\"new\" \/>\n<!-- \/ Yoast SEO Premium plugin. -->","yoast_head_json":{"title":"Gumijas zoles j\u016bras konteineram - Miil O\u00dc","description":"Gumijas zoles j\u016bras konteineram | Juras konteiner transport | Juras konteiner jauns | Containex jauns | Transports un remonts | Elektr\u012bbas darbi un apkure","robots":{"index":"index","follow":"follow","max-snippet":"max-snippet:-1","max-image-preview":"max-image-preview:large","max-video-preview":"max-video-preview:-1"},"canonical":"https:\/\/miil.dev.almic.ee\/lv\/toode\/gumijas-zoles-juras-konteineram-150x200x30mm\/","og_locale":"lv_LV","og_type":"article","og_title":"Gumijas zoles j\u016bras konteineram","og_description":"Gumijas zoles j\u016bras konteineram | Juras konteiner transport | Juras konteiner jauns | Containex jauns | Transports un remonts | Elektr\u012bbas darbi un apkure","og_url":"https:\/\/miil.dev.almic.ee\/lv\/toode\/gumijas-zoles-juras-konteineram-150x200x30mm\/","og_site_name":"Miil O\u00dc","article_publisher":"https:\/\/www.facebook.com\/konteinerveod\/","article_modified_time":"2024-11-05T08:48:15+00:00","og_image":[{"width":1900,"height":855,"url":"https:\/\/miil.dev.almic.ee\/wp-content\/uploads\/2022\/05\/IMG_20210617_091119-scaled-1-scaled.jpg","type":"image\/jpeg"}],"twitter_card":"summary_large_image","twitter_misc":{"Price":"15,00&nbsp;&euro;","Availability":"In stock"},"schema":{"@context":"https:\/\/schema.org","@graph":[{"@type":"WebPage","@id":"https:\/\/miil.dev.almic.ee\/lv\/toode\/gumijas-zoles-juras-konteineram-150x200x30mm\/","url":"https:\/\/miil.dev.almic.ee\/lv\/toode\/gumijas-zoles-juras-konteineram-150x200x30mm\/","name":"Gumijas zoles j\u016bras konteineram - Miil O\u00dc","isPartOf":{"@id":"https:\/\/miil.dev.almic.ee\/#website"},"primaryImageOfPage":{"@id":"https:\/\/miil.dev.almic.ee\/lv\/toode\/gumijas-zoles-juras-konteineram-150x200x30mm\/#primaryimage"},"image":{"@id":"https:\/\/miil.dev.almic.ee\/lv\/toode\/gumijas-zoles-juras-konteineram-150x200x30mm\/#primaryimage"},"thumbnailUrl":"https:\/\/miil.dev.almic.ee\/wp-content\/uploads\/2022\/05\/IMG_20210617_091119-scaled-1-scaled.jpg","datePublished":"2022-05-18T11:18:51+00:00","dateModified":"2024-11-05T08:48:15+00:00","description":"Gumijas zoles j\u016bras konteineram | Juras konteiner transport | Juras konteiner jauns | Containex jauns | Transports un remonts | Elektr\u012bbas darbi un apkure","breadcrumb":{"@id":"https:\/\/miil.dev.almic.ee\/lv\/toode\/gumijas-zoles-juras-konteineram-150x200x30mm\/#breadcrumb"},"inLanguage":"lv-LV","potentialAction":[{"@type":"ReadAction","target":["https:\/\/miil.dev.almic.ee\/lv\/toode\/gumijas-zoles-juras-konteineram-150x200x30mm\/"]}]},{"@type":"ImageObject","inLanguage":"lv-LV","@id":"https:\/\/miil.dev.almic.ee\/lv\/toode\/gumijas-zoles-juras-konteineram-150x200x30mm\/#primaryimage","url":"https:\/\/miil.dev.almic.ee\/wp-content\/uploads\/2022\/05\/IMG_20210617_091119-scaled-1-scaled.jpg","contentUrl":"https:\/\/miil.dev.almic.ee\/wp-content\/uploads\/2022\/05\/IMG_20210617_091119-scaled-1-scaled.jpg","width":1900,"height":855},{"@type":"BreadcrumbList","@id":"https:\/\/miil.dev.almic.ee\/lv\/toode\/gumijas-zoles-juras-konteineram-150x200x30mm\/#breadcrumb","itemListElement":[{"@type":"ListItem","position":1,"name":"Home","item":"https:\/\/miil.dev.almic.ee\/lv\/"},{"@type":"ListItem","position":2,"name":"Veikals","item":"https:\/\/miil.dev.almic.ee\/lv\/veikals\/"},{"@type":"ListItem","position":3,"name":"Gumijas zoles j\u016bras konteineram"}]},{"@type":"WebSite","@id":"https:\/\/miil.dev.almic.ee\/#website","url":"https:\/\/miil.dev.almic.ee\/","name":"Miil O\u00dc","description":"Konteinerveod","publisher":{"@id":"https:\/\/miil.dev.almic.ee\/#organization"},"potentialAction":[{"@type":"SearchAction","target":{"@type":"EntryPoint","urlTemplate":"https:\/\/miil.dev.almic.ee\/?s={search_term_string}"},"query-input":{"@type":"PropertyValueSpecification","valueRequired":true,"valueName":"search_term_string"}}],"inLanguage":"lv-LV"},{"@type":"Organization","@id":"https:\/\/miil.dev.almic.ee\/#organization","name":"Miil O\u00dc","url":"https:\/\/miil.dev.almic.ee\/","logo":{"@type":"ImageObject","inLanguage":"lv-LV","@id":"https:\/\/miil.dev.almic.ee\/#\/schema\/logo\/image\/","url":"https:\/\/www.miil.ee\/wp-content\/uploads\/2022\/02\/Miil-logo.svg","contentUrl":"https:\/\/www.miil.ee\/wp-content\/uploads\/2022\/02\/Miil-logo.svg","width":"1024","height":"1024","caption":"Miil O\u00dc"},"image":{"@id":"https:\/\/miil.dev.almic.ee\/#\/schema\/logo\/image\/"},"sameAs":["https:\/\/www.facebook.com\/konteinerveod\/","https:\/\/www.instagram.com\/ou_miil\/"]}]},"product_price_amount":"15.00","product_price_currency":"EUR","og_availability":"instock","product_availability":"instock","product_condition":"new"},"_links":{"self":[{"href":"https:\/\/miil.dev.almic.ee\/lv\/wp-json\/wp\/v2\/product\/15572","targetHints":{"allow":["GET"]}}],"collection":[{"href":"https:\/\/miil.dev.almic.ee\/lv\/wp-json\/wp\/v2\/product"}],"about":[{"href":"https:\/\/miil.dev.almic.ee\/lv\/wp-json\/wp\/v2\/types\/product"}],"replies":[{"embeddable":true,"href":"https:\/\/miil.dev.almic.ee\/lv\/wp-json\/wp\/v2\/comments?post=15572"}],"wp:featuredmedia":[{"embeddable":true,"href":"https:\/\/miil.dev.almic.ee\/lv\/wp-json\/wp\/v2\/media\/3139"}],"wp:attachment":[{"href":"https:\/\/miil.dev.almic.ee\/lv\/wp-json\/wp\/v2\/media?parent=15572"}],"wp:term":[{"taxonomy":"product_cat","embeddable":true,"href":"https:\/\/miil.dev.almic.ee\/lv\/wp-json\/wp\/v2\/product_cat?post=15572"},{"taxonomy":"product_tag","embeddable":true,"href":"https:\/\/miil.dev.almic.ee\/lv\/wp-json\/wp\/v2\/product_tag?post=15572"}],"curies":[{"name":"wp","href":"https:\/\/api.w.org\/{rel}","templated":true}]}}