{"id":15548,"date":"2022-05-18T14:19:15","date_gmt":"2022-05-18T11:19:15","guid":{"rendered":"https:\/\/www.miil.ee\/toode\/konteineri-uks-uus\/"},"modified":"2024-11-05T10:25:54","modified_gmt":"2024-11-05T08:25:54","slug":"juras-konteinera-durvis","status":"publish","type":"product","link":"https:\/\/miil.dev.almic.ee\/lv\/toode\/juras-konteinera-durvis\/","title":{"rendered":"J\u016bras konteinera durvis"},"content":{"rendered":"<h1>Kvalitat\u012bvas konteineru durvis &#8211; JAUNUMI<\/h1>\n<p>Atkl\u0101jiet iztur\u012bgas un dro\u0161as konteineru durvis, kas nodro\u0161ina \u0113rtu piek\u013cuvi.<\/p>\n<p>Vai mekl\u0113jat uzticamu un iztur\u012bgu risin\u0101jumu, lai optimiz\u0113tu piek\u013cuvi konteineriem? Nemekl\u0113jiet t\u0101l\u0101k, jo m\u016bsu augstas kvalit\u0101tes konteineru durvis ir izstr\u0101d\u0101tas, \u0146emot v\u0113r\u0101 dro\u0161\u012bbu, komfortu un iztur\u012bbu, pied\u0101v\u0101jot optim\u0101lu aizsardz\u012bbu un vieglu piek\u013cuvi j\u016bsu v\u0113rt\u012bgajiem \u012bpa\u0161umiem.<\/p>\n<p>Apstr\u0101d\u0101jot konteinerus, dro\u0161\u012bba ir \u013coti svar\u012bga, un m\u016bsu konteineru durvis \u0161aj\u0101 zi\u0146\u0101 ir izcilas. Sp\u0113c\u012bgu materi\u0101lu izmanto\u0161ana un uzlabotas blo\u0137\u0113\u0161anas sist\u0113mas nodro\u0161ina efekt\u012bvu nesankcion\u0113tas piek\u013cuves nov\u0113r\u0161anu. Sp\u0113c\u012bg\u0101 konstrukcija un pastiprin\u0101t\u0101s e\u0146\u0123es pie\u0161\u0137ir papildu dro\u0161\u012bbas sl\u0101ni, sniedzot p\u0101rliec\u012bbu, ka j\u016bsu konteineri ir labi aizsarg\u0101ti.<\/p>\n<p>Papildus augstajai dro\u0161\u012bbai m\u016bsu durvis pied\u0101v\u0101 v\u0113l nebiju\u0161u komfortu. Gluds un uzticams atv\u0113r\u0161anas un aizv\u0113r\u0161anas meh\u0101nisms nodro\u0161ina \u0113rtu piek\u013cuvi konteineriem. Durvis ir veidotas t\u0101, lai t\u0101s iztur\u0113tu bie\u017eu lieto\u0161anu un saglab\u0101tu savu funkcionalit\u0101ti laika gait\u0101. Neatkar\u012bgi no t\u0101, vai t\u0101 ir osta ar \u0101tru satiksmi, noliktava vai cita vieta, kur tiek uzglab\u0101ti konteineri \u2013 m\u016bsu konteineru durvis nodro\u0161ina vienm\u0113r\u012bgu un efekt\u012bvu darba pl\u016bsmu.<\/p>\n<p>Turkl\u0101t m\u016bsu konteineru durvis var piel\u0101got atbilsto\u0161i j\u016bsu \u012bpa\u0161aj\u0101m vajadz\u012bb\u0101m. M\u0113s pied\u0101v\u0101jam da\u017e\u0101dus izm\u0113rus un konfigur\u0101cijas, lai piel\u0101gotos da\u017e\u0101da veida konteineriem, tostarp standarta, augsta kuba un dzes\u0113\u0161anas konteineriem. Turkl\u0101t j\u016bs varat izv\u0113l\u0113ties starp da\u017e\u0101d\u0101m apdari un kr\u0101s\u0101m, kas atbilst j\u016bsu z\u012bmolam vai est\u0113tiskaj\u0101m v\u0113lm\u0113m. M\u016bsu ekspertu komanda vienm\u0113r ir gatava pal\u012bdz\u0113t jums atrast ide\u0101lu konteineru durvju risin\u0101jumu, kas atbilst j\u016bsu vajadz\u012bb\u0101m.<\/p>\n<p>Invest\u0113jot konteineru durv\u012bs, j\u016bs ne tikai uzlabojat konteineru dro\u0161\u012bbu un pieejam\u012bbu, bet ar\u012b veicina to ilgm\u016b\u017e\u012bbu. To konstrukcij\u0101 izmantotie iztur\u012bgie materi\u0101li nodro\u0161ina iztur\u012bbu pret skarbiem laikapst\u0101k\u013ciem, koroziju un nodilumu. Tas noz\u012bm\u0113, ka j\u016bsu durvis turpin\u0101s uzticami darboties pat sare\u017e\u0123\u012btos apst\u0101k\u013cos, samazinot uztur\u0113\u0161anas izmaksas un d\u012bkst\u0101ves.<\/p>\n<p>Rezum\u0113jot, ja v\u0113laties nodro\u0161in\u0101t savu konteineru piek\u013cuves punktu dro\u0161\u012bbu un optimiz\u0101ciju, m\u016bsu augstas kvalit\u0101tes konteineru durvis ir ide\u0101la izv\u0113le. Vi\u0146u fokuss uz dro\u0161\u012bbu, \u0113rt\u012bbas, iztur\u012bbu un piel\u0101gojam\u012bbu nodro\u0161ina uzticamu risin\u0101jumu j\u016bsu konteineru p\u0101rvald\u012bbas vajadz\u012bb\u0101m. Invest\u0113jiet m\u016bsu augstas kvalit\u0101tes konteineru durv\u012bs un izbaudiet sirdsmieru un vienm\u0113r\u012bgu darb\u012bbu.<\/p>\n<p>Izv\u0113lieties konteinera durvis, kas nodro\u0161ina sp\u0113c\u012bgu dro\u0161\u012bbu un vieglu piek\u013cuvi j\u016bsu konteineriem.<\/p>\n<h2>J\u016bras konteinera durvis<\/h2>\n<p>J\u016bras konteinera durvis &#8211; augstas kvalit\u0101tes un sp\u0113c\u012bgas!<br \/>\nDurvis ir piem\u0113rotas k\u0101 interjera elements vai da\u017e\u0101diem konteineriem.<br \/>\nKonteineru durvis ir jaunas un pieejamas da\u017e\u0101d\u0101s kr\u0101s\u0101s.<br \/>\nP\u0101rdodam komplekt\u0101 ar uzl\u012bm\u0113m, sait\u0113m un z\u012bmogiem.<br \/>\nDurvis ir iz\u0146emtas ar e\u0146\u0123\u0113m un nav boj\u0101tas.<\/p>\n<p>Uz vietas mums ir da\u017e\u0101di aksesu\u0101ri j\u016bras konteineriem un termokonteineriem.<\/p>\n<h2>Preces katrai v\u0113lmei!<\/h2>\n<p>Pie mums var atrast ar\u012b da\u017e\u0101dus plauktus, \u017eogus, biroja kaj\u012btes, j\u016bras konteinerus un \u0101ra tualetes.<br \/>\nPl\u0101k\u0161\u0146u plaukts ir ide\u0101li piem\u0113rots papildu vietas rad\u012b\u0161anai gar\u0101\u017e\u0101, darba kabinet\u0101 vai pagrab\u0101.<br \/>\nRiepu bag\u0101\u017enieks ir piem\u0113rots riepu uzglab\u0101\u0161anai gan profesion\u0101\u013ciem, gan lieto\u0161anai m\u0101j\u0101s.<br \/>\nVis\u0101m pie mums ieg\u0101d\u0101taj\u0101m prec\u0113m vai pagaidu b\u016bvei apk\u0101rt var apvilkt \u017eogu.<br \/>\nProduktu izv\u0113le \u0161eit.<\/p>\n<p>Sekojiet mums\u00a0<a href=\"https:\/\/www.facebook.com\/konteinerveod\/\">Facebook<\/a>\u00a0vai\u00a0<a href=\"https:\/\/www.instagram.com\/ou_miil\/\">Instagram<\/a><\/p>\n","protected":false},"excerpt":{"rendered":"<p>j\u016bras konteinera durvis<\/p>\n","protected":false},"featured_media":3189,"comment_status":"closed","ping_status":"closed","template":"","meta":{"_acf_changed":false},"product_cat":[336],"product_tag":[],"class_list":{"0":"post-15548","1":"product","2":"type-product","3":"status-publish","4":"has-post-thumbnail","6":"product_cat-papildu-piederumi","8":"first","9":"instock","10":"shipping-taxable","11":"product-type-simple"},"acf":[],"yoast_head":"<!-- This site is optimized with the Yoast SEO Premium plugin v23.9 (Yoast SEO v27.5) - https:\/\/yoast.com\/product\/yoast-seo-premium-wordpress\/ -->\n<title>J\u016bras konteinera durvis - Miil O\u00dc<\/title>\n<meta name=\"description\" content=\"J\u016bras konteinera durvis | Kravas konteineru remonts | J\u016bras konteineru tirdzniec\u012bba un noma | Konteineru transport\u0113\u0161ana un uzglab\u0101\u0161ana | \u2b50\ufe0f\u2b50\ufe0f\u2b50\ufe0f\u2b50\ufe0f\u2b50\" \/>\n<meta name=\"robots\" content=\"index, follow, max-snippet:-1, max-image-preview:large, max-video-preview:-1\" \/>\n<link rel=\"canonical\" href=\"https:\/\/miil.dev.almic.ee\/lv\/toode\/juras-konteinera-durvis\/\" \/>\n<meta property=\"og:locale\" content=\"lv_LV\" \/>\n<meta property=\"og:type\" content=\"article\" \/>\n<meta property=\"og:title\" content=\"J\u016bras konteinera durvis\" \/>\n<meta property=\"og:description\" content=\"J\u016bras konteinera durvis | Kravas konteineru remonts | J\u016bras konteineru tirdzniec\u012bba un noma | Konteineru transport\u0113\u0161ana un uzglab\u0101\u0161ana | \u2b50\ufe0f\u2b50\ufe0f\u2b50\ufe0f\u2b50\ufe0f\u2b50\" \/>\n<meta property=\"og:url\" content=\"https:\/\/miil.dev.almic.ee\/lv\/toode\/juras-konteinera-durvis\/\" \/>\n<meta property=\"og:site_name\" content=\"Miil O\u00dc\" \/>\n<meta property=\"article:publisher\" content=\"https:\/\/www.facebook.com\/konteinerveod\/\" \/>\n<meta property=\"article:modified_time\" content=\"2024-11-05T08:25:54+00:00\" \/>\n<meta property=\"og:image\" content=\"https:\/\/miil.dev.almic.ee\/wp-content\/uploads\/2022\/05\/203946360_827953381489496_3406675701835951382_n.jpg\" \/>\n\t<meta property=\"og:image:width\" content=\"720\" \/>\n\t<meta property=\"og:image:height\" content=\"960\" \/>\n\t<meta property=\"og:image:type\" content=\"image\/jpeg\" \/>\n<meta name=\"twitter:card\" content=\"summary_large_image\" \/>\n<meta name=\"twitter:label1\" content=\"Price\" \/>\n\t<meta name=\"twitter:data1\" content=\"\" \/>\n\t<meta name=\"twitter:label2\" content=\"Availability\" \/>\n\t<meta name=\"twitter:data2\" content=\"In stock\" \/>\n<script type=\"application\/ld+json\" class=\"yoast-schema-graph\">{\"@context\":\"https:\\\/\\\/schema.org\",\"@graph\":[{\"@type\":\"WebPage\",\"@id\":\"https:\\\/\\\/miil.dev.almic.ee\\\/lv\\\/toode\\\/juras-konteinera-durvis\\\/\",\"url\":\"https:\\\/\\\/miil.dev.almic.ee\\\/lv\\\/toode\\\/juras-konteinera-durvis\\\/\",\"name\":\"J\u016bras konteinera durvis - Miil O\u00dc\",\"isPartOf\":{\"@id\":\"https:\\\/\\\/miil.dev.almic.ee\\\/#website\"},\"primaryImageOfPage\":{\"@id\":\"https:\\\/\\\/miil.dev.almic.ee\\\/lv\\\/toode\\\/juras-konteinera-durvis\\\/#primaryimage\"},\"image\":{\"@id\":\"https:\\\/\\\/miil.dev.almic.ee\\\/lv\\\/toode\\\/juras-konteinera-durvis\\\/#primaryimage\"},\"thumbnailUrl\":\"https:\\\/\\\/miil.dev.almic.ee\\\/wp-content\\\/uploads\\\/2022\\\/05\\\/203946360_827953381489496_3406675701835951382_n.jpg\",\"datePublished\":\"2022-05-18T11:19:15+00:00\",\"dateModified\":\"2024-11-05T08:25:54+00:00\",\"description\":\"J\u016bras konteinera durvis | Kravas konteineru remonts | J\u016bras konteineru tirdzniec\u012bba un noma | Konteineru transport\u0113\u0161ana un uzglab\u0101\u0161ana | \u2b50\ufe0f\u2b50\ufe0f\u2b50\ufe0f\u2b50\ufe0f\u2b50\",\"breadcrumb\":{\"@id\":\"https:\\\/\\\/miil.dev.almic.ee\\\/lv\\\/toode\\\/juras-konteinera-durvis\\\/#breadcrumb\"},\"inLanguage\":\"lv-LV\",\"potentialAction\":[{\"@type\":\"ReadAction\",\"target\":[\"https:\\\/\\\/miil.dev.almic.ee\\\/lv\\\/toode\\\/juras-konteinera-durvis\\\/\"]}]},{\"@type\":\"ImageObject\",\"inLanguage\":\"lv-LV\",\"@id\":\"https:\\\/\\\/miil.dev.almic.ee\\\/lv\\\/toode\\\/juras-konteinera-durvis\\\/#primaryimage\",\"url\":\"https:\\\/\\\/miil.dev.almic.ee\\\/wp-content\\\/uploads\\\/2022\\\/05\\\/203946360_827953381489496_3406675701835951382_n.jpg\",\"contentUrl\":\"https:\\\/\\\/miil.dev.almic.ee\\\/wp-content\\\/uploads\\\/2022\\\/05\\\/203946360_827953381489496_3406675701835951382_n.jpg\",\"width\":720,\"height\":960,\"caption\":\"konteineriuksed\"},{\"@type\":\"BreadcrumbList\",\"@id\":\"https:\\\/\\\/miil.dev.almic.ee\\\/lv\\\/toode\\\/juras-konteinera-durvis\\\/#breadcrumb\",\"itemListElement\":[{\"@type\":\"ListItem\",\"position\":1,\"name\":\"Home\",\"item\":\"https:\\\/\\\/miil.dev.almic.ee\\\/lv\\\/\"},{\"@type\":\"ListItem\",\"position\":2,\"name\":\"Veikals\",\"item\":\"https:\\\/\\\/miil.dev.almic.ee\\\/lv\\\/veikals\\\/\"},{\"@type\":\"ListItem\",\"position\":3,\"name\":\"J\u016bras konteinera durvis\"}]},{\"@type\":\"WebSite\",\"@id\":\"https:\\\/\\\/miil.dev.almic.ee\\\/#website\",\"url\":\"https:\\\/\\\/miil.dev.almic.ee\\\/\",\"name\":\"Miil O\u00dc\",\"description\":\"Konteinerveod\",\"publisher\":{\"@id\":\"https:\\\/\\\/miil.dev.almic.ee\\\/#organization\"},\"potentialAction\":[{\"@type\":\"SearchAction\",\"target\":{\"@type\":\"EntryPoint\",\"urlTemplate\":\"https:\\\/\\\/miil.dev.almic.ee\\\/?s={search_term_string}\"},\"query-input\":{\"@type\":\"PropertyValueSpecification\",\"valueRequired\":true,\"valueName\":\"search_term_string\"}}],\"inLanguage\":\"lv-LV\"},{\"@type\":\"Organization\",\"@id\":\"https:\\\/\\\/miil.dev.almic.ee\\\/#organization\",\"name\":\"Miil O\u00dc\",\"url\":\"https:\\\/\\\/miil.dev.almic.ee\\\/\",\"logo\":{\"@type\":\"ImageObject\",\"inLanguage\":\"lv-LV\",\"@id\":\"https:\\\/\\\/miil.dev.almic.ee\\\/#\\\/schema\\\/logo\\\/image\\\/\",\"url\":\"https:\\\/\\\/www.miil.ee\\\/wp-content\\\/uploads\\\/2022\\\/02\\\/Miil-logo.svg\",\"contentUrl\":\"https:\\\/\\\/www.miil.ee\\\/wp-content\\\/uploads\\\/2022\\\/02\\\/Miil-logo.svg\",\"width\":\"1024\",\"height\":\"1024\",\"caption\":\"Miil O\u00dc\"},\"image\":{\"@id\":\"https:\\\/\\\/miil.dev.almic.ee\\\/#\\\/schema\\\/logo\\\/image\\\/\"},\"sameAs\":[\"https:\\\/\\\/www.facebook.com\\\/konteinerveod\\\/\",\"https:\\\/\\\/www.instagram.com\\\/ou_miil\\\/\"]}]}<\/script>\n<meta property=\"product:price:amount\" content=\"0.00\" \/>\n<meta property=\"product:price:currency\" content=\"EUR\" \/>\n<meta property=\"og:availability\" content=\"instock\" \/>\n<meta property=\"product:availability\" content=\"instock\" \/>\n<meta property=\"product:condition\" content=\"new\" \/>\n<!-- \/ Yoast SEO Premium plugin. -->","yoast_head_json":{"title":"J\u016bras konteinera durvis - Miil O\u00dc","description":"J\u016bras konteinera durvis | Kravas konteineru remonts | J\u016bras konteineru tirdzniec\u012bba un noma | Konteineru transport\u0113\u0161ana un uzglab\u0101\u0161ana | \u2b50\ufe0f\u2b50\ufe0f\u2b50\ufe0f\u2b50\ufe0f\u2b50","robots":{"index":"index","follow":"follow","max-snippet":"max-snippet:-1","max-image-preview":"max-image-preview:large","max-video-preview":"max-video-preview:-1"},"canonical":"https:\/\/miil.dev.almic.ee\/lv\/toode\/juras-konteinera-durvis\/","og_locale":"lv_LV","og_type":"article","og_title":"J\u016bras konteinera durvis","og_description":"J\u016bras konteinera durvis | Kravas konteineru remonts | J\u016bras konteineru tirdzniec\u012bba un noma | Konteineru transport\u0113\u0161ana un uzglab\u0101\u0161ana | \u2b50\ufe0f\u2b50\ufe0f\u2b50\ufe0f\u2b50\ufe0f\u2b50","og_url":"https:\/\/miil.dev.almic.ee\/lv\/toode\/juras-konteinera-durvis\/","og_site_name":"Miil O\u00dc","article_publisher":"https:\/\/www.facebook.com\/konteinerveod\/","article_modified_time":"2024-11-05T08:25:54+00:00","og_image":[{"width":720,"height":960,"url":"https:\/\/miil.dev.almic.ee\/wp-content\/uploads\/2022\/05\/203946360_827953381489496_3406675701835951382_n.jpg","type":"image\/jpeg"}],"twitter_card":"summary_large_image","twitter_misc":{"Price":"","Availability":"In stock"},"schema":{"@context":"https:\/\/schema.org","@graph":[{"@type":"WebPage","@id":"https:\/\/miil.dev.almic.ee\/lv\/toode\/juras-konteinera-durvis\/","url":"https:\/\/miil.dev.almic.ee\/lv\/toode\/juras-konteinera-durvis\/","name":"J\u016bras konteinera durvis - Miil O\u00dc","isPartOf":{"@id":"https:\/\/miil.dev.almic.ee\/#website"},"primaryImageOfPage":{"@id":"https:\/\/miil.dev.almic.ee\/lv\/toode\/juras-konteinera-durvis\/#primaryimage"},"image":{"@id":"https:\/\/miil.dev.almic.ee\/lv\/toode\/juras-konteinera-durvis\/#primaryimage"},"thumbnailUrl":"https:\/\/miil.dev.almic.ee\/wp-content\/uploads\/2022\/05\/203946360_827953381489496_3406675701835951382_n.jpg","datePublished":"2022-05-18T11:19:15+00:00","dateModified":"2024-11-05T08:25:54+00:00","description":"J\u016bras konteinera durvis | Kravas konteineru remonts | J\u016bras konteineru tirdzniec\u012bba un noma | Konteineru transport\u0113\u0161ana un uzglab\u0101\u0161ana | \u2b50\ufe0f\u2b50\ufe0f\u2b50\ufe0f\u2b50\ufe0f\u2b50","breadcrumb":{"@id":"https:\/\/miil.dev.almic.ee\/lv\/toode\/juras-konteinera-durvis\/#breadcrumb"},"inLanguage":"lv-LV","potentialAction":[{"@type":"ReadAction","target":["https:\/\/miil.dev.almic.ee\/lv\/toode\/juras-konteinera-durvis\/"]}]},{"@type":"ImageObject","inLanguage":"lv-LV","@id":"https:\/\/miil.dev.almic.ee\/lv\/toode\/juras-konteinera-durvis\/#primaryimage","url":"https:\/\/miil.dev.almic.ee\/wp-content\/uploads\/2022\/05\/203946360_827953381489496_3406675701835951382_n.jpg","contentUrl":"https:\/\/miil.dev.almic.ee\/wp-content\/uploads\/2022\/05\/203946360_827953381489496_3406675701835951382_n.jpg","width":720,"height":960,"caption":"konteineriuksed"},{"@type":"BreadcrumbList","@id":"https:\/\/miil.dev.almic.ee\/lv\/toode\/juras-konteinera-durvis\/#breadcrumb","itemListElement":[{"@type":"ListItem","position":1,"name":"Home","item":"https:\/\/miil.dev.almic.ee\/lv\/"},{"@type":"ListItem","position":2,"name":"Veikals","item":"https:\/\/miil.dev.almic.ee\/lv\/veikals\/"},{"@type":"ListItem","position":3,"name":"J\u016bras konteinera durvis"}]},{"@type":"WebSite","@id":"https:\/\/miil.dev.almic.ee\/#website","url":"https:\/\/miil.dev.almic.ee\/","name":"Miil O\u00dc","description":"Konteinerveod","publisher":{"@id":"https:\/\/miil.dev.almic.ee\/#organization"},"potentialAction":[{"@type":"SearchAction","target":{"@type":"EntryPoint","urlTemplate":"https:\/\/miil.dev.almic.ee\/?s={search_term_string}"},"query-input":{"@type":"PropertyValueSpecification","valueRequired":true,"valueName":"search_term_string"}}],"inLanguage":"lv-LV"},{"@type":"Organization","@id":"https:\/\/miil.dev.almic.ee\/#organization","name":"Miil O\u00dc","url":"https:\/\/miil.dev.almic.ee\/","logo":{"@type":"ImageObject","inLanguage":"lv-LV","@id":"https:\/\/miil.dev.almic.ee\/#\/schema\/logo\/image\/","url":"https:\/\/www.miil.ee\/wp-content\/uploads\/2022\/02\/Miil-logo.svg","contentUrl":"https:\/\/www.miil.ee\/wp-content\/uploads\/2022\/02\/Miil-logo.svg","width":"1024","height":"1024","caption":"Miil O\u00dc"},"image":{"@id":"https:\/\/miil.dev.almic.ee\/#\/schema\/logo\/image\/"},"sameAs":["https:\/\/www.facebook.com\/konteinerveod\/","https:\/\/www.instagram.com\/ou_miil\/"]}]},"product_price_amount":"0.00","product_price_currency":"EUR","og_availability":"instock","product_availability":"instock","product_condition":"new"},"_links":{"self":[{"href":"https:\/\/miil.dev.almic.ee\/lv\/wp-json\/wp\/v2\/product\/15548","targetHints":{"allow":["GET"]}}],"collection":[{"href":"https:\/\/miil.dev.almic.ee\/lv\/wp-json\/wp\/v2\/product"}],"about":[{"href":"https:\/\/miil.dev.almic.ee\/lv\/wp-json\/wp\/v2\/types\/product"}],"replies":[{"embeddable":true,"href":"https:\/\/miil.dev.almic.ee\/lv\/wp-json\/wp\/v2\/comments?post=15548"}],"wp:featuredmedia":[{"embeddable":true,"href":"https:\/\/miil.dev.almic.ee\/lv\/wp-json\/wp\/v2\/media\/3189"}],"wp:attachment":[{"href":"https:\/\/miil.dev.almic.ee\/lv\/wp-json\/wp\/v2\/media?parent=15548"}],"wp:term":[{"taxonomy":"product_cat","embeddable":true,"href":"https:\/\/miil.dev.almic.ee\/lv\/wp-json\/wp\/v2\/product_cat?post=15548"},{"taxonomy":"product_tag","embeddable":true,"href":"https:\/\/miil.dev.almic.ee\/lv\/wp-json\/wp\/v2\/product_tag?post=15548"}],"curies":[{"name":"wp","href":"https:\/\/api.w.org\/{rel}","templated":true}]}}