{"id":15512,"date":"2022-05-18T14:20:51","date_gmt":"2022-05-18T11:20:51","guid":{"rendered":"https:\/\/www.miil.ee\/toode\/10dc-ref-kulmik-tellimisel-tarneaeg-14-paeva\/"},"modified":"2025-02-05T09:32:46","modified_gmt":"2025-02-05T07:32:46","slug":"10dc-ref-refrizeratora-konteiners","status":"publish","type":"product","link":"https:\/\/miil.dev.almic.ee\/lv\/toode\/10dc-ref-refrizeratora-konteiners\/","title":{"rendered":"10DC REF refri\u017eeratora konteiners &#8211; pieg\u0101des laiks 2\/3 ned\u0113\u013cas"},"content":{"rendered":"<h1>Augstas kvalit\u0101tes 10DC REF ledusskapis &#8211; \u0101trs un efekt\u012bvs. Pieg\u0101des laiks 2\/3 ned\u0113\u013cas.<\/h1>\n<p>10DC REF refri\u017eeratora konteiners &#8211; Ja mekl\u0113jat uzticamu un efekt\u012bvu ledusskapja risin\u0101jumu, 10DC RE ir ide\u0101la izv\u0113le. \u0160\u012b sald\u0113tava ir augstas kvalit\u0101tes un atbilst augstiem standartiem, nodro\u0161inot dro\u0161u un optim\u0101lu p\u0101rtikas uzglab\u0101\u0161anu.<\/p>\n<p>\u012apa\u0161i \u0101trais pieg\u0101des laiks \u2013 tikai 2\/3 ned\u0113\u013cas \u2013 \u013cauj \u0101tri ieg\u016bt \u0161o v\u0113rt\u012bgo ier\u012bci savam biznesam. Neatkar\u012bgi no t\u0101, vai jums ir nepiecie\u0161ams sald\u0113tava restor\u0101n\u0101, p\u0101rtikas mazumtirdzniec\u012bb\u0101 vai cit\u0101 sektor\u0101, 10DC REF ledusskapis atbilst j\u016bsu vajadz\u012bb\u0101m.<\/p>\n<p>Miil O\u00dc saprot, cik svar\u012bgi ir saglab\u0101t p\u0101rtikas svaigumu un kvalit\u0101ti. T\u0101p\u0113c dotais ledusskapis ir apr\u012bkots ar augst\u0101k\u0101 l\u012bme\u0146a tehnolo\u0123iju, kas nodro\u0161ina stabilu temperat\u016bru un optim\u0101lu mitruma l\u012bmeni. Tas nodro\u0161ina, ka j\u016bsu produkti ilg\u0101k saglab\u0101 savu gar\u0161u, tekst\u016bru un svaigumu.<\/p>\n<p>10DC REF ledusskapis ir daudzpus\u012bga ier\u012bce, kas pied\u0101v\u0101 izcilu pla\u0161umu un organizatoriskas iesp\u0113jas. Tam ir regul\u0113jami plaukti un atvilktnes, kas \u013cauj piel\u0101got ledusskapja interjeru atbilsto\u0161i sav\u0101m vajadz\u012bb\u0101m. Turkl\u0101t tas ir energoefekt\u012bvs, kas pal\u012bdz ietaup\u012bt ener\u0123ijas izmaksas.<\/p>\n<p>Miil O\u00dc ir paz\u012bstama ar saviem augstas kvalit\u0101tes produktiem un uzticamu servisu. M\u016bsu komanda ir gatava jums pal\u012bdz\u0113t izv\u0113l\u0113ties ledusskapi un sniegt profesion\u0101lus padomus, k\u0101 ar\u012b atbalstu visa procesa laik\u0101. M\u016bsu pieredze un zin\u0101\u0161anas nodro\u0161ina vislab\u0101ko iesp\u0113jamo risin\u0101jumu atbilsto\u0161i sav\u0101m vajadz\u012bb\u0101m.<\/p>\n<p>Invest\u0113jiet augstas kvalit\u0101tes un uzticam\u0101 10DC REF ledusskap\u012b no Miil O\u00dc. Apmekl\u0113jiet m\u016bsu vietni Miil.ee, lai ieg\u016btu s\u012bk\u0101ku inform\u0101ciju par \u0161\u012b ledusskapja specifik\u0101cij\u0101m, funkcij\u0101m un cen\u0101m.<\/p>\n<p>Uzticieties Miil O\u00dc 10DC REF ledusskapja kvalit\u0101tei un \u0101trajam pieg\u0101des laikam.<\/p>\n<h2>10DC REF refri\u017eeratora konteiners &#8211; Transport\u0113\u0161ana un pacel\u0161ana?<\/h2>\n<p>P\u0113c piem\u0113rota konteinera izv\u0113les varam veikt iepako\u0161anu un transport\u0113\u0161anu.<br \/>\nP\u0101rvad\u0101\u0161anai parasti izmantojam<span>\u00a0<\/span><a href=\"https:\/\/www.miil.ee\/lv\/pakalpojumi\/celtnis\/\">celtnis<\/a><span>\u00a0<\/span>vai<span>\u00a0<\/span><a href=\"https:\/\/www.miil.ee\/lv\/pakalpojumi\/sanu-iekraveji-sideloader\/\">s\u0101nu iekr\u0101v\u0113ju.<\/a><br \/>\nM\u0113s izmantojam<span>\u00a0<\/span><a href=\"https:\/\/www.miil.ee\/lv\/pakalpojumi\/ram-pasizgazejs\/\">RAM backloader<\/a>, lai aptvertu vissare\u017e\u0123\u012bt\u0101k\u0101s vietas.<br \/>\nP\u0113c t\u0101 ieg\u0101des m\u0113s glab\u0101jam j\u016bsu konteineru m\u016bsu termin\u0101l\u012b bez maksas l\u012bdz se\u0161iem m\u0113ne\u0161iem.<br \/>\nVienm\u0113r iesp\u0113jams vienoties par ilg\u0101ku laiku.<br \/>\nPiem\u0113ram, ja vieta v\u0113l nav gatava vai pieejama konteinera pieg\u0101dei.<br \/>\nT\u0101d\u0101 gad\u012bjum\u0101 konteinera cena nemain\u012bsies un var\u0113siet b\u016bt dro\u0161s, ka izv\u0113l\u0113to konteineru sa\u0146emsiet norun\u0101taj\u0101 laik\u0101.<\/p>\n<h2>M\u016bsu tehnolo\u0123ijas ir modernas, un m\u016bsu vad\u012bt\u0101ji ir augsti apm\u0101c\u012bti.<\/h2>\n<ul>\n<li>J\u016bras konteineru tirdzniec\u012bba<\/li>\n<li>J\u016bras konteineru noma<\/li>\n<li>J\u016bras konteineru atg\u016b\u0161ana<\/li>\n<li>J\u016bras konteineru remonts<\/li>\n<li>J\u016bras konteineru uzglab\u0101\u0161ana<\/li>\n<li>Apkures bateriju tirdzniec\u012bba<\/li>\n<li>Sild\u012bt\u0101ju noma<\/li>\n<li>Mini m\u0101ju p\u0101rdo\u0161ana<\/li>\n<li>Iz\u012br\u0113 mini m\u0101jas<\/li>\n<li>Transports<\/li>\n<li>Depo serviss<\/li>\n<\/ul>\n<p>&nbsp;<\/p>\n<p>Lab\u0101k\u0101s cenas garantija \u2013 m\u0113s vienm\u0113r pied\u0101v\u0101jam konteineram lab\u0101ko pied\u0101v\u0101jumu.<\/p>\n<p>Sekojiet mums\u00a0<a href=\"https:\/\/www.facebook.com\/konteinerveod\/\">Facebook<\/a>\u00a0vai\u00a0<a href=\"https:\/\/www.instagram.com\/ou_miil\/\">Instagram.<\/a><\/p>\n<p>&nbsp;<\/p>\n","protected":false},"excerpt":{"rendered":"<p>10DC REF refri\u017eeratora konteiners ir augstas kvalit\u0101tes un efekt\u012bvs risin\u0101jums p\u0101rtikas uzglab\u0101\u0161anai. Tam ir lieliska ietilp\u012bba, energoefektivit\u0101te un m\u016bsdien\u012bga tehnolo\u0123ija, kas nodro\u0161ina stabilu temperat\u016bru un optim\u0101lu mitruma l\u012bmeni. Pieg\u0101des laiks ir tikai 2-3 ned\u0113\u013cas, un Miil O\u00dc nodro\u0161ina profesion\u0101lu atbalstu visa procesa laik\u0101. \u0160is daudzpus\u012bgais ledusskapis ir ide\u0101ls restor\u0101niem un p\u0101rtikas mazumtirdzniec\u012bbai.<\/p>\n","protected":false},"featured_media":3657,"comment_status":"closed","ping_status":"closed","template":"","meta":{"_acf_changed":false},"product_cat":[332,360],"product_tag":[],"class_list":{"0":"post-15512","1":"product","2":"type-product","3":"status-publish","4":"has-post-thumbnail","6":"product_cat-lietoti-konteineri","7":"product_cat-10-3-metri","9":"first","10":"instock","11":"shipping-taxable","12":"purchasable","13":"product-type-simple"},"acf":[],"yoast_head":"<!-- This site is optimized with the Yoast SEO Premium plugin v23.9 (Yoast SEO v27.5) - https:\/\/yoast.com\/product\/yoast-seo-premium-wordpress\/ -->\n<title>10DC REF refri\u017eeratora konteiners - Miil O\u00dc<\/title>\n<meta name=\"description\" content=\"10DC REF refri\u017eeratora konteiners | j\u016bras konteiners | uzglab\u0101\u0161anas konteiners | atdzes\u0113ts konteiners ar rull\u012b\u0161u durv\u012bm | refri\u017eeratoru konteineru p\u0101rdo\u0161ana\" \/>\n<meta name=\"robots\" content=\"index, follow, max-snippet:-1, max-image-preview:large, max-video-preview:-1\" \/>\n<link rel=\"canonical\" href=\"https:\/\/miil.dev.almic.ee\/lv\/toode\/10dc-ref-refrizeratora-konteiners\/\" \/>\n<meta property=\"og:locale\" content=\"lv_LV\" \/>\n<meta property=\"og:type\" content=\"article\" \/>\n<meta property=\"og:title\" content=\"10DC REF refri\u017eeratora konteiners - pieg\u0101des laiks 2\/3 ned\u0113\u013cas\" \/>\n<meta property=\"og:description\" content=\"10DC REF refri\u017eeratora konteiners | j\u016bras konteiners | uzglab\u0101\u0161anas konteiners | atdzes\u0113ts konteiners ar rull\u012b\u0161u durv\u012bm | refri\u017eeratoru konteineru p\u0101rdo\u0161ana\" \/>\n<meta property=\"og:url\" content=\"https:\/\/miil.dev.almic.ee\/lv\/toode\/10dc-ref-refrizeratora-konteiners\/\" \/>\n<meta property=\"og:site_name\" content=\"Miil O\u00dc\" \/>\n<meta property=\"article:publisher\" content=\"https:\/\/www.facebook.com\/konteinerveod\/\" \/>\n<meta property=\"article:modified_time\" content=\"2025-02-05T07:32:46+00:00\" \/>\n<meta property=\"og:image\" content=\"https:\/\/miil.dev.almic.ee\/wp-content\/uploads\/2022\/05\/MIIU9128161.jpg\" \/>\n\t<meta property=\"og:image:width\" content=\"960\" \/>\n\t<meta property=\"og:image:height\" content=\"720\" \/>\n\t<meta property=\"og:image:type\" content=\"image\/jpeg\" \/>\n<meta name=\"twitter:card\" content=\"summary_large_image\" \/>\n<meta name=\"twitter:label1\" content=\"Price\" \/>\n\t<meta name=\"twitter:data1\" content=\"7500,00&nbsp;&euro;\" \/>\n\t<meta name=\"twitter:label2\" content=\"Availability\" \/>\n\t<meta name=\"twitter:data2\" content=\"In stock\" \/>\n<script type=\"application\/ld+json\" class=\"yoast-schema-graph\">{\"@context\":\"https:\\\/\\\/schema.org\",\"@graph\":[{\"@type\":\"WebPage\",\"@id\":\"https:\\\/\\\/miil.dev.almic.ee\\\/lv\\\/toode\\\/10dc-ref-refrizeratora-konteiners\\\/\",\"url\":\"https:\\\/\\\/miil.dev.almic.ee\\\/lv\\\/toode\\\/10dc-ref-refrizeratora-konteiners\\\/\",\"name\":\"10DC REF refri\u017eeratora konteiners - Miil O\u00dc\",\"isPartOf\":{\"@id\":\"https:\\\/\\\/miil.dev.almic.ee\\\/#website\"},\"primaryImageOfPage\":{\"@id\":\"https:\\\/\\\/miil.dev.almic.ee\\\/lv\\\/toode\\\/10dc-ref-refrizeratora-konteiners\\\/#primaryimage\"},\"image\":{\"@id\":\"https:\\\/\\\/miil.dev.almic.ee\\\/lv\\\/toode\\\/10dc-ref-refrizeratora-konteiners\\\/#primaryimage\"},\"thumbnailUrl\":\"https:\\\/\\\/miil.dev.almic.ee\\\/wp-content\\\/uploads\\\/2022\\\/05\\\/MIIU9128161.jpg\",\"datePublished\":\"2022-05-18T11:20:51+00:00\",\"dateModified\":\"2025-02-05T07:32:46+00:00\",\"description\":\"10DC REF refri\u017eeratora konteiners | j\u016bras konteiners | uzglab\u0101\u0161anas konteiners | atdzes\u0113ts konteiners ar rull\u012b\u0161u durv\u012bm | refri\u017eeratoru konteineru p\u0101rdo\u0161ana\",\"breadcrumb\":{\"@id\":\"https:\\\/\\\/miil.dev.almic.ee\\\/lv\\\/toode\\\/10dc-ref-refrizeratora-konteiners\\\/#breadcrumb\"},\"inLanguage\":\"lv-LV\",\"potentialAction\":[{\"@type\":\"ReadAction\",\"target\":[\"https:\\\/\\\/miil.dev.almic.ee\\\/lv\\\/toode\\\/10dc-ref-refrizeratora-konteiners\\\/\"]}]},{\"@type\":\"ImageObject\",\"inLanguage\":\"lv-LV\",\"@id\":\"https:\\\/\\\/miil.dev.almic.ee\\\/lv\\\/toode\\\/10dc-ref-refrizeratora-konteiners\\\/#primaryimage\",\"url\":\"https:\\\/\\\/miil.dev.almic.ee\\\/wp-content\\\/uploads\\\/2022\\\/05\\\/MIIU9128161.jpg\",\"contentUrl\":\"https:\\\/\\\/miil.dev.almic.ee\\\/wp-content\\\/uploads\\\/2022\\\/05\\\/MIIU9128161.jpg\",\"width\":960,\"height\":720},{\"@type\":\"BreadcrumbList\",\"@id\":\"https:\\\/\\\/miil.dev.almic.ee\\\/lv\\\/toode\\\/10dc-ref-refrizeratora-konteiners\\\/#breadcrumb\",\"itemListElement\":[{\"@type\":\"ListItem\",\"position\":1,\"name\":\"Home\",\"item\":\"https:\\\/\\\/miil.dev.almic.ee\\\/lv\\\/\"},{\"@type\":\"ListItem\",\"position\":2,\"name\":\"Veikals\",\"item\":\"https:\\\/\\\/miil.dev.almic.ee\\\/lv\\\/veikals\\\/\"},{\"@type\":\"ListItem\",\"position\":3,\"name\":\"10DC REF refri\u017eeratora konteiners &#8211; pieg\u0101des laiks 2\\\/3 ned\u0113\u013cas\"}]},{\"@type\":\"WebSite\",\"@id\":\"https:\\\/\\\/miil.dev.almic.ee\\\/#website\",\"url\":\"https:\\\/\\\/miil.dev.almic.ee\\\/\",\"name\":\"Miil O\u00dc\",\"description\":\"Konteinerveod\",\"publisher\":{\"@id\":\"https:\\\/\\\/miil.dev.almic.ee\\\/#organization\"},\"potentialAction\":[{\"@type\":\"SearchAction\",\"target\":{\"@type\":\"EntryPoint\",\"urlTemplate\":\"https:\\\/\\\/miil.dev.almic.ee\\\/?s={search_term_string}\"},\"query-input\":{\"@type\":\"PropertyValueSpecification\",\"valueRequired\":true,\"valueName\":\"search_term_string\"}}],\"inLanguage\":\"lv-LV\"},{\"@type\":\"Organization\",\"@id\":\"https:\\\/\\\/miil.dev.almic.ee\\\/#organization\",\"name\":\"Miil O\u00dc\",\"url\":\"https:\\\/\\\/miil.dev.almic.ee\\\/\",\"logo\":{\"@type\":\"ImageObject\",\"inLanguage\":\"lv-LV\",\"@id\":\"https:\\\/\\\/miil.dev.almic.ee\\\/#\\\/schema\\\/logo\\\/image\\\/\",\"url\":\"https:\\\/\\\/www.miil.ee\\\/wp-content\\\/uploads\\\/2022\\\/02\\\/Miil-logo.svg\",\"contentUrl\":\"https:\\\/\\\/www.miil.ee\\\/wp-content\\\/uploads\\\/2022\\\/02\\\/Miil-logo.svg\",\"width\":\"1024\",\"height\":\"1024\",\"caption\":\"Miil O\u00dc\"},\"image\":{\"@id\":\"https:\\\/\\\/miil.dev.almic.ee\\\/#\\\/schema\\\/logo\\\/image\\\/\"},\"sameAs\":[\"https:\\\/\\\/www.facebook.com\\\/konteinerveod\\\/\",\"https:\\\/\\\/www.instagram.com\\\/ou_miil\\\/\"]}]}<\/script>\n<meta property=\"product:price:amount\" content=\"7500.00\" \/>\n<meta property=\"product:price:currency\" content=\"EUR\" \/>\n<meta property=\"og:availability\" content=\"instock\" \/>\n<meta property=\"product:availability\" content=\"instock\" \/>\n<meta property=\"product:condition\" content=\"new\" \/>\n<!-- \/ Yoast SEO Premium plugin. -->","yoast_head_json":{"title":"10DC REF refri\u017eeratora konteiners - Miil O\u00dc","description":"10DC REF refri\u017eeratora konteiners | j\u016bras konteiners | uzglab\u0101\u0161anas konteiners | atdzes\u0113ts konteiners ar rull\u012b\u0161u durv\u012bm | refri\u017eeratoru konteineru p\u0101rdo\u0161ana","robots":{"index":"index","follow":"follow","max-snippet":"max-snippet:-1","max-image-preview":"max-image-preview:large","max-video-preview":"max-video-preview:-1"},"canonical":"https:\/\/miil.dev.almic.ee\/lv\/toode\/10dc-ref-refrizeratora-konteiners\/","og_locale":"lv_LV","og_type":"article","og_title":"10DC REF refri\u017eeratora konteiners - pieg\u0101des laiks 2\/3 ned\u0113\u013cas","og_description":"10DC REF refri\u017eeratora konteiners | j\u016bras konteiners | uzglab\u0101\u0161anas konteiners | atdzes\u0113ts konteiners ar rull\u012b\u0161u durv\u012bm | refri\u017eeratoru konteineru p\u0101rdo\u0161ana","og_url":"https:\/\/miil.dev.almic.ee\/lv\/toode\/10dc-ref-refrizeratora-konteiners\/","og_site_name":"Miil O\u00dc","article_publisher":"https:\/\/www.facebook.com\/konteinerveod\/","article_modified_time":"2025-02-05T07:32:46+00:00","og_image":[{"width":960,"height":720,"url":"https:\/\/miil.dev.almic.ee\/wp-content\/uploads\/2022\/05\/MIIU9128161.jpg","type":"image\/jpeg"}],"twitter_card":"summary_large_image","twitter_misc":{"Price":"7500,00&nbsp;&euro;","Availability":"In stock"},"schema":{"@context":"https:\/\/schema.org","@graph":[{"@type":"WebPage","@id":"https:\/\/miil.dev.almic.ee\/lv\/toode\/10dc-ref-refrizeratora-konteiners\/","url":"https:\/\/miil.dev.almic.ee\/lv\/toode\/10dc-ref-refrizeratora-konteiners\/","name":"10DC REF refri\u017eeratora konteiners - Miil O\u00dc","isPartOf":{"@id":"https:\/\/miil.dev.almic.ee\/#website"},"primaryImageOfPage":{"@id":"https:\/\/miil.dev.almic.ee\/lv\/toode\/10dc-ref-refrizeratora-konteiners\/#primaryimage"},"image":{"@id":"https:\/\/miil.dev.almic.ee\/lv\/toode\/10dc-ref-refrizeratora-konteiners\/#primaryimage"},"thumbnailUrl":"https:\/\/miil.dev.almic.ee\/wp-content\/uploads\/2022\/05\/MIIU9128161.jpg","datePublished":"2022-05-18T11:20:51+00:00","dateModified":"2025-02-05T07:32:46+00:00","description":"10DC REF refri\u017eeratora konteiners | j\u016bras konteiners | uzglab\u0101\u0161anas konteiners | atdzes\u0113ts konteiners ar rull\u012b\u0161u durv\u012bm | refri\u017eeratoru konteineru p\u0101rdo\u0161ana","breadcrumb":{"@id":"https:\/\/miil.dev.almic.ee\/lv\/toode\/10dc-ref-refrizeratora-konteiners\/#breadcrumb"},"inLanguage":"lv-LV","potentialAction":[{"@type":"ReadAction","target":["https:\/\/miil.dev.almic.ee\/lv\/toode\/10dc-ref-refrizeratora-konteiners\/"]}]},{"@type":"ImageObject","inLanguage":"lv-LV","@id":"https:\/\/miil.dev.almic.ee\/lv\/toode\/10dc-ref-refrizeratora-konteiners\/#primaryimage","url":"https:\/\/miil.dev.almic.ee\/wp-content\/uploads\/2022\/05\/MIIU9128161.jpg","contentUrl":"https:\/\/miil.dev.almic.ee\/wp-content\/uploads\/2022\/05\/MIIU9128161.jpg","width":960,"height":720},{"@type":"BreadcrumbList","@id":"https:\/\/miil.dev.almic.ee\/lv\/toode\/10dc-ref-refrizeratora-konteiners\/#breadcrumb","itemListElement":[{"@type":"ListItem","position":1,"name":"Home","item":"https:\/\/miil.dev.almic.ee\/lv\/"},{"@type":"ListItem","position":2,"name":"Veikals","item":"https:\/\/miil.dev.almic.ee\/lv\/veikals\/"},{"@type":"ListItem","position":3,"name":"10DC REF refri\u017eeratora konteiners &#8211; pieg\u0101des laiks 2\/3 ned\u0113\u013cas"}]},{"@type":"WebSite","@id":"https:\/\/miil.dev.almic.ee\/#website","url":"https:\/\/miil.dev.almic.ee\/","name":"Miil O\u00dc","description":"Konteinerveod","publisher":{"@id":"https:\/\/miil.dev.almic.ee\/#organization"},"potentialAction":[{"@type":"SearchAction","target":{"@type":"EntryPoint","urlTemplate":"https:\/\/miil.dev.almic.ee\/?s={search_term_string}"},"query-input":{"@type":"PropertyValueSpecification","valueRequired":true,"valueName":"search_term_string"}}],"inLanguage":"lv-LV"},{"@type":"Organization","@id":"https:\/\/miil.dev.almic.ee\/#organization","name":"Miil O\u00dc","url":"https:\/\/miil.dev.almic.ee\/","logo":{"@type":"ImageObject","inLanguage":"lv-LV","@id":"https:\/\/miil.dev.almic.ee\/#\/schema\/logo\/image\/","url":"https:\/\/www.miil.ee\/wp-content\/uploads\/2022\/02\/Miil-logo.svg","contentUrl":"https:\/\/www.miil.ee\/wp-content\/uploads\/2022\/02\/Miil-logo.svg","width":"1024","height":"1024","caption":"Miil O\u00dc"},"image":{"@id":"https:\/\/miil.dev.almic.ee\/#\/schema\/logo\/image\/"},"sameAs":["https:\/\/www.facebook.com\/konteinerveod\/","https:\/\/www.instagram.com\/ou_miil\/"]}]},"product_price_amount":"7500.00","product_price_currency":"EUR","og_availability":"instock","product_availability":"instock","product_condition":"new"},"_links":{"self":[{"href":"https:\/\/miil.dev.almic.ee\/lv\/wp-json\/wp\/v2\/product\/15512","targetHints":{"allow":["GET"]}}],"collection":[{"href":"https:\/\/miil.dev.almic.ee\/lv\/wp-json\/wp\/v2\/product"}],"about":[{"href":"https:\/\/miil.dev.almic.ee\/lv\/wp-json\/wp\/v2\/types\/product"}],"replies":[{"embeddable":true,"href":"https:\/\/miil.dev.almic.ee\/lv\/wp-json\/wp\/v2\/comments?post=15512"}],"wp:featuredmedia":[{"embeddable":true,"href":"https:\/\/miil.dev.almic.ee\/lv\/wp-json\/wp\/v2\/media\/3657"}],"wp:attachment":[{"href":"https:\/\/miil.dev.almic.ee\/lv\/wp-json\/wp\/v2\/media?parent=15512"}],"wp:term":[{"taxonomy":"product_cat","embeddable":true,"href":"https:\/\/miil.dev.almic.ee\/lv\/wp-json\/wp\/v2\/product_cat?post=15512"},{"taxonomy":"product_tag","embeddable":true,"href":"https:\/\/miil.dev.almic.ee\/lv\/wp-json\/wp\/v2\/product_tag?post=15512"}],"curies":[{"name":"wp","href":"https:\/\/api.w.org\/{rel}","templated":true}]}}