{"id":15440,"date":"2022-05-18T14:23:33","date_gmt":"2022-05-18T11:23:33","guid":{"rendered":"https:\/\/www.miil.ee\/toode\/10dc-uus-laokonteiner-miiu062133280-lisaohutus-lukukaitse-elevandiluu-ral1015\/"},"modified":"2025-02-28T15:23:34","modified_gmt":"2025-02-28T13:23:34","slug":"10dc-uus-laokonteiner-miiu7178891","status":"publish","type":"product","link":"https:\/\/miil.dev.almic.ee\/lv\/toode\/10dc-uus-laokonteiner-miiu7178891\/","title":{"rendered":"10DC J\u016bras konteiners &#8211; MIIU7178891"},"content":{"rendered":"<h1>Jauns j\u016bras konteiners MIIU7178891.<\/h1>\n<p>Jauns j\u016bras konteiners MIIU7178891 ir jauns un reprezentat\u012bvs risin\u0101jums m\u0101jas pagalmam vai komercplat\u012bb\u0101m.<br \/>\nVisi konteineri tiek ra\u017eoti \u0100zij\u0101.<\/p>\n<ul>\n<li>Garantija laikapst\u0101k\u013cu iztur\u012bbai 50 gadi.<\/li>\n<li>Att\u0113li atbilst reklam\u0113tajam konteineram.<\/li>\n<li>Noliktavas konteineram kop\u0101 ir divas saites, kas ir augst\u0101kas par j\u016bras konteineru sait\u0113m.<\/li>\n<li>Sl\u0113dzenes aizsargs atrodas divu durvju vid\u016b.<\/li>\n<li>Papildu ventil\u0101cija s\u0101nos.<\/li>\n<li>Inbank.ee un atlai\u017eu kods \u201cKONTEINER\u201d sekos.<\/li>\n<li>P\u0113c vieno\u0161an\u0101s iesp\u0113jama j\u016bras konteineru noma.<\/li>\n<li>Lab\u0101k\u0101s cenas garantija!<\/li>\n<\/ul>\n<p>Vienm\u0113r sniedzam lab\u0101ko pied\u0101v\u0101jumu l\u012bdzv\u0113rt\u012bgam konteineram vai biroja kab\u012bne.<\/p>\n<h2>K\u0101 tiek apr\u0113\u0137in\u0101ta konteinera cena?<\/h2>\n<p>J\u016bras konteinera cena ir atkar\u012bga no daudz\u0101m liet\u0101m, ta\u010du p\u0101rdo\u0161anas cena parasti ir saist\u012bta ar konteinera st\u0101vokli.<br \/>\nCenu ietekm\u0113 ar\u012b konteinera ieg\u0101des izmaksas, konteinera pien\u0101k\u0161anas ce\u013c\u0161 uz termin\u0101li, konteinera atra\u0161an\u0101s vieta termin\u0101l\u012b un tas, vai konteineram nav beigu\u0161\u0101s papildu izmaksas, piem\u0113ram, starpt\u012br\u012b\u0161ana, iek\u0161\u0113j\u0101 t\u012br\u012b\u0161ana vai atjauno\u0161ana.<\/p>\n<p>Lai lab\u0101k apkalpotu m\u016bsu klientus, m\u016bsu tirdzniec\u012bbas punkti atrodas vis\u0101 Igaunij\u0101. Konteinera cena \u0101rpus galvaspils\u0113tas ir atkar\u012bga ar\u012b no t\u0101, k\u0101 tas transport\u0113ts starp termin\u0101liem.<\/p>\n<h2>Jauns j\u016bras konteiners MIIU7178891 \u2013 transport\u0113\u0161ana un pacel\u0161ana?<\/h2>\n<p>P\u0113c piem\u0113rota konteinera izv\u0113les varam veikt iepako\u0161anu un transport\u0113\u0161anu.<br \/>\nP\u0101rvad\u0101\u0161anai parasti izmantojam\u00a0<a href=\"https:\/\/www.miil.ee\/lv\/pakalpojumi\/celtnis\/\">celtnis<\/a>\u00a0vai\u00a0<a href=\"https:\/\/www.miil.ee\/lv\/pakalpojumi\/sanu-iekraveji-sideloader\/\">s\u0101nu iekr\u0101v\u0113ju.<\/a><br \/>\nM\u0113s izmantojam\u00a0<a href=\"https:\/\/www.miil.ee\/lv\/pakalpojumi\/ram-pasizgazejs\/\">RAM backloader<\/a>, lai aptvertu vissare\u017e\u0123\u012bt\u0101k\u0101s vietas.<\/p>\n<p>P\u0113c t\u0101 ieg\u0101des m\u0113s glab\u0101jam j\u016bsu konteineru m\u016bsu termin\u0101l\u012b bez maksas l\u012bdz se\u0161iem m\u0113ne\u0161iem.<\/p>\n<p>Vienm\u0113r iesp\u0113jams vienoties par ilg\u0101ku laiku.<br \/>\nPiem\u0113ram, ja vieta v\u0113l nav gatava vai pieejama konteinera pieg\u0101dei.<br \/>\nT\u0101d\u0101 gad\u012bjum\u0101 konteinera cena nemain\u012bsies un var\u0113siet b\u016bt dro\u0161s, ka izv\u0113l\u0113to konteineru sa\u0146emsiet norun\u0101taj\u0101 laik\u0101.<\/p>\n<ul>\n<li>Lab\u0101k\u0101s cenas garantija \u2013 m\u0113s vienm\u0113r pied\u0101v\u0101jam konteineram lab\u0101ko pied\u0101v\u0101jumu.<\/li>\n<\/ul>\n<p>Sekojiet mums\u00a0<a href=\"https:\/\/www.facebook.com\/konteinerveod\/\">Facebook<\/a>\u00a0vai\u00a0<a href=\"https:\/\/www.instagram.com\/ou_miil\/\">Instagram.<\/a><\/p>\n","protected":false},"excerpt":{"rendered":"<p>Jauns j\u016bras konteiners pied\u0101v\u0101 iztur\u012bgu un saskan\u012bgu risin\u0101jumu m\u0101jas pagalmam vai komercplat\u012bb\u0101m ar 50 gadu laikapst\u0101k\u013cu iztur\u012bbas garantiju. M\u0113s nodro\u0161in\u0101m lab\u0101ko cenas garantiju, k\u0101 ar\u012b pied\u0101v\u0101jam transport\u0113\u0161anas un uzglab\u0101\u0161anas pakalpojumus, un nodro\u0161in\u0101m iesp\u0113ju ieg\u0101d\u0101ties ar &#8220;nop\u0113rc tagad, maks\u0101 v\u0113l\u0101k&#8221; nosac\u012bjumiem.<\/p>\n","protected":false},"featured_media":562,"comment_status":"closed","ping_status":"closed","template":"","meta":{"_acf_changed":false},"product_cat":[356,448],"product_tag":[],"class_list":{"0":"post-15440","1":"product","2":"type-product","3":"status-publish","4":"has-post-thumbnail","6":"product_cat-jauni-konteineri","7":"product_cat-10dc-juras-konteiners","9":"first","10":"instock","11":"shipping-taxable","12":"purchasable","13":"product-type-simple"},"acf":[],"yoast_head":"<!-- This site is optimized with the Yoast SEO Premium plugin v23.9 (Yoast SEO v27.5) - https:\/\/yoast.com\/product\/yoast-seo-premium-wordpress\/ -->\n<title>Jauns j\u016bras konteiners MIIU7178891 - Miil O\u00dc<\/title>\n<meta name=\"description\" content=\"Jauns j\u016bras konteiners MIIU7178891 | Juras konteiner transport | Juras konteiner jauns | Containex jauns | www.miil.lv | +372 57 50 3328\" \/>\n<meta name=\"robots\" content=\"index, follow, max-snippet:-1, max-image-preview:large, max-video-preview:-1\" \/>\n<link rel=\"canonical\" href=\"https:\/\/miil.dev.almic.ee\/lv\/toode\/10dc-uus-laokonteiner-miiu7178891\/\" \/>\n<meta property=\"og:locale\" content=\"lv_LV\" \/>\n<meta property=\"og:type\" content=\"article\" \/>\n<meta property=\"og:title\" content=\"10DC J\u016bras konteiners - MIIU7178891\" \/>\n<meta property=\"og:description\" content=\"Jauns j\u016bras konteiners MIIU7178891 | Juras konteiner transport | Juras konteiner jauns | Containex jauns | www.miil.lv | +372 57 50 3328\" \/>\n<meta property=\"og:url\" content=\"https:\/\/miil.dev.almic.ee\/lv\/toode\/10dc-uus-laokonteiner-miiu7178891\/\" \/>\n<meta property=\"og:site_name\" content=\"Miil O\u00dc\" \/>\n<meta property=\"article:publisher\" content=\"https:\/\/www.facebook.com\/konteinerveod\/\" \/>\n<meta property=\"article:modified_time\" content=\"2025-02-28T13:23:34+00:00\" \/>\n<meta property=\"og:image\" content=\"https:\/\/miil.dev.almic.ee\/wp-content\/uploads\/2022\/04\/merekomnteiner-konteinerladu-laokonteiner-2-1.jpg\" \/>\n\t<meta property=\"og:image:width\" content=\"960\" \/>\n\t<meta property=\"og:image:height\" content=\"720\" \/>\n\t<meta property=\"og:image:type\" content=\"image\/jpeg\" \/>\n<meta name=\"twitter:card\" content=\"summary_large_image\" \/>\n<meta name=\"twitter:label1\" content=\"Price\" \/>\n\t<meta name=\"twitter:data1\" content=\"2990,00&nbsp;&euro;\" \/>\n\t<meta name=\"twitter:label2\" content=\"Availability\" \/>\n\t<meta name=\"twitter:data2\" content=\"In stock\" \/>\n<script type=\"application\/ld+json\" class=\"yoast-schema-graph\">{\"@context\":\"https:\\\/\\\/schema.org\",\"@graph\":[{\"@type\":\"WebPage\",\"@id\":\"https:\\\/\\\/miil.dev.almic.ee\\\/lv\\\/toode\\\/10dc-uus-laokonteiner-miiu7178891\\\/\",\"url\":\"https:\\\/\\\/miil.dev.almic.ee\\\/lv\\\/toode\\\/10dc-uus-laokonteiner-miiu7178891\\\/\",\"name\":\"Jauns j\u016bras konteiners MIIU7178891 - Miil O\u00dc\",\"isPartOf\":{\"@id\":\"https:\\\/\\\/miil.dev.almic.ee\\\/#website\"},\"primaryImageOfPage\":{\"@id\":\"https:\\\/\\\/miil.dev.almic.ee\\\/lv\\\/toode\\\/10dc-uus-laokonteiner-miiu7178891\\\/#primaryimage\"},\"image\":{\"@id\":\"https:\\\/\\\/miil.dev.almic.ee\\\/lv\\\/toode\\\/10dc-uus-laokonteiner-miiu7178891\\\/#primaryimage\"},\"thumbnailUrl\":\"https:\\\/\\\/miil.dev.almic.ee\\\/wp-content\\\/uploads\\\/2022\\\/04\\\/merekomnteiner-konteinerladu-laokonteiner-2-1.jpg\",\"datePublished\":\"2022-05-18T11:23:33+00:00\",\"dateModified\":\"2025-02-28T13:23:34+00:00\",\"description\":\"Jauns j\u016bras konteiners MIIU7178891 | Juras konteiner transport | Juras konteiner jauns | Containex jauns | www.miil.lv | +372 57 50 3328\",\"breadcrumb\":{\"@id\":\"https:\\\/\\\/miil.dev.almic.ee\\\/lv\\\/toode\\\/10dc-uus-laokonteiner-miiu7178891\\\/#breadcrumb\"},\"inLanguage\":\"lv-LV\",\"potentialAction\":[{\"@type\":\"ReadAction\",\"target\":[\"https:\\\/\\\/miil.dev.almic.ee\\\/lv\\\/toode\\\/10dc-uus-laokonteiner-miiu7178891\\\/\"]}]},{\"@type\":\"ImageObject\",\"inLanguage\":\"lv-LV\",\"@id\":\"https:\\\/\\\/miil.dev.almic.ee\\\/lv\\\/toode\\\/10dc-uus-laokonteiner-miiu7178891\\\/#primaryimage\",\"url\":\"https:\\\/\\\/miil.dev.almic.ee\\\/wp-content\\\/uploads\\\/2022\\\/04\\\/merekomnteiner-konteinerladu-laokonteiner-2-1.jpg\",\"contentUrl\":\"https:\\\/\\\/miil.dev.almic.ee\\\/wp-content\\\/uploads\\\/2022\\\/04\\\/merekomnteiner-konteinerladu-laokonteiner-2-1.jpg\",\"width\":960,\"height\":720},{\"@type\":\"BreadcrumbList\",\"@id\":\"https:\\\/\\\/miil.dev.almic.ee\\\/lv\\\/toode\\\/10dc-uus-laokonteiner-miiu7178891\\\/#breadcrumb\",\"itemListElement\":[{\"@type\":\"ListItem\",\"position\":1,\"name\":\"Home\",\"item\":\"https:\\\/\\\/miil.dev.almic.ee\\\/lv\\\/\"},{\"@type\":\"ListItem\",\"position\":2,\"name\":\"Veikals\",\"item\":\"https:\\\/\\\/miil.dev.almic.ee\\\/lv\\\/veikals\\\/\"},{\"@type\":\"ListItem\",\"position\":3,\"name\":\"10DC J\u016bras konteiners &#8211; MIIU7178891\"}]},{\"@type\":\"WebSite\",\"@id\":\"https:\\\/\\\/miil.dev.almic.ee\\\/#website\",\"url\":\"https:\\\/\\\/miil.dev.almic.ee\\\/\",\"name\":\"Miil O\u00dc\",\"description\":\"Konteinerveod\",\"publisher\":{\"@id\":\"https:\\\/\\\/miil.dev.almic.ee\\\/#organization\"},\"potentialAction\":[{\"@type\":\"SearchAction\",\"target\":{\"@type\":\"EntryPoint\",\"urlTemplate\":\"https:\\\/\\\/miil.dev.almic.ee\\\/?s={search_term_string}\"},\"query-input\":{\"@type\":\"PropertyValueSpecification\",\"valueRequired\":true,\"valueName\":\"search_term_string\"}}],\"inLanguage\":\"lv-LV\"},{\"@type\":\"Organization\",\"@id\":\"https:\\\/\\\/miil.dev.almic.ee\\\/#organization\",\"name\":\"Miil O\u00dc\",\"url\":\"https:\\\/\\\/miil.dev.almic.ee\\\/\",\"logo\":{\"@type\":\"ImageObject\",\"inLanguage\":\"lv-LV\",\"@id\":\"https:\\\/\\\/miil.dev.almic.ee\\\/#\\\/schema\\\/logo\\\/image\\\/\",\"url\":\"https:\\\/\\\/www.miil.ee\\\/wp-content\\\/uploads\\\/2022\\\/02\\\/Miil-logo.svg\",\"contentUrl\":\"https:\\\/\\\/www.miil.ee\\\/wp-content\\\/uploads\\\/2022\\\/02\\\/Miil-logo.svg\",\"width\":\"1024\",\"height\":\"1024\",\"caption\":\"Miil O\u00dc\"},\"image\":{\"@id\":\"https:\\\/\\\/miil.dev.almic.ee\\\/#\\\/schema\\\/logo\\\/image\\\/\"},\"sameAs\":[\"https:\\\/\\\/www.facebook.com\\\/konteinerveod\\\/\",\"https:\\\/\\\/www.instagram.com\\\/ou_miil\\\/\"]}]}<\/script>\n<meta property=\"product:price:amount\" content=\"2990.00\" \/>\n<meta property=\"product:price:currency\" content=\"EUR\" \/>\n<meta property=\"og:availability\" content=\"instock\" \/>\n<meta property=\"product:availability\" content=\"instock\" \/>\n<meta property=\"product:retailer_item_id\" content=\"MIIU7178891\" \/>\n<meta property=\"product:condition\" content=\"new\" \/>\n<!-- \/ Yoast SEO Premium plugin. -->","yoast_head_json":{"title":"Jauns j\u016bras konteiners MIIU7178891 - Miil O\u00dc","description":"Jauns j\u016bras konteiners MIIU7178891 | Juras konteiner transport | Juras konteiner jauns | Containex jauns | www.miil.lv | +372 57 50 3328","robots":{"index":"index","follow":"follow","max-snippet":"max-snippet:-1","max-image-preview":"max-image-preview:large","max-video-preview":"max-video-preview:-1"},"canonical":"https:\/\/miil.dev.almic.ee\/lv\/toode\/10dc-uus-laokonteiner-miiu7178891\/","og_locale":"lv_LV","og_type":"article","og_title":"10DC J\u016bras konteiners - MIIU7178891","og_description":"Jauns j\u016bras konteiners MIIU7178891 | Juras konteiner transport | Juras konteiner jauns | Containex jauns | www.miil.lv | +372 57 50 3328","og_url":"https:\/\/miil.dev.almic.ee\/lv\/toode\/10dc-uus-laokonteiner-miiu7178891\/","og_site_name":"Miil O\u00dc","article_publisher":"https:\/\/www.facebook.com\/konteinerveod\/","article_modified_time":"2025-02-28T13:23:34+00:00","og_image":[{"width":960,"height":720,"url":"https:\/\/miil.dev.almic.ee\/wp-content\/uploads\/2022\/04\/merekomnteiner-konteinerladu-laokonteiner-2-1.jpg","type":"image\/jpeg"}],"twitter_card":"summary_large_image","twitter_misc":{"Price":"2990,00&nbsp;&euro;","Availability":"In stock"},"schema":{"@context":"https:\/\/schema.org","@graph":[{"@type":"WebPage","@id":"https:\/\/miil.dev.almic.ee\/lv\/toode\/10dc-uus-laokonteiner-miiu7178891\/","url":"https:\/\/miil.dev.almic.ee\/lv\/toode\/10dc-uus-laokonteiner-miiu7178891\/","name":"Jauns j\u016bras konteiners MIIU7178891 - Miil O\u00dc","isPartOf":{"@id":"https:\/\/miil.dev.almic.ee\/#website"},"primaryImageOfPage":{"@id":"https:\/\/miil.dev.almic.ee\/lv\/toode\/10dc-uus-laokonteiner-miiu7178891\/#primaryimage"},"image":{"@id":"https:\/\/miil.dev.almic.ee\/lv\/toode\/10dc-uus-laokonteiner-miiu7178891\/#primaryimage"},"thumbnailUrl":"https:\/\/miil.dev.almic.ee\/wp-content\/uploads\/2022\/04\/merekomnteiner-konteinerladu-laokonteiner-2-1.jpg","datePublished":"2022-05-18T11:23:33+00:00","dateModified":"2025-02-28T13:23:34+00:00","description":"Jauns j\u016bras konteiners MIIU7178891 | Juras konteiner transport | Juras konteiner jauns | Containex jauns | www.miil.lv | +372 57 50 3328","breadcrumb":{"@id":"https:\/\/miil.dev.almic.ee\/lv\/toode\/10dc-uus-laokonteiner-miiu7178891\/#breadcrumb"},"inLanguage":"lv-LV","potentialAction":[{"@type":"ReadAction","target":["https:\/\/miil.dev.almic.ee\/lv\/toode\/10dc-uus-laokonteiner-miiu7178891\/"]}]},{"@type":"ImageObject","inLanguage":"lv-LV","@id":"https:\/\/miil.dev.almic.ee\/lv\/toode\/10dc-uus-laokonteiner-miiu7178891\/#primaryimage","url":"https:\/\/miil.dev.almic.ee\/wp-content\/uploads\/2022\/04\/merekomnteiner-konteinerladu-laokonteiner-2-1.jpg","contentUrl":"https:\/\/miil.dev.almic.ee\/wp-content\/uploads\/2022\/04\/merekomnteiner-konteinerladu-laokonteiner-2-1.jpg","width":960,"height":720},{"@type":"BreadcrumbList","@id":"https:\/\/miil.dev.almic.ee\/lv\/toode\/10dc-uus-laokonteiner-miiu7178891\/#breadcrumb","itemListElement":[{"@type":"ListItem","position":1,"name":"Home","item":"https:\/\/miil.dev.almic.ee\/lv\/"},{"@type":"ListItem","position":2,"name":"Veikals","item":"https:\/\/miil.dev.almic.ee\/lv\/veikals\/"},{"@type":"ListItem","position":3,"name":"10DC J\u016bras konteiners &#8211; MIIU7178891"}]},{"@type":"WebSite","@id":"https:\/\/miil.dev.almic.ee\/#website","url":"https:\/\/miil.dev.almic.ee\/","name":"Miil O\u00dc","description":"Konteinerveod","publisher":{"@id":"https:\/\/miil.dev.almic.ee\/#organization"},"potentialAction":[{"@type":"SearchAction","target":{"@type":"EntryPoint","urlTemplate":"https:\/\/miil.dev.almic.ee\/?s={search_term_string}"},"query-input":{"@type":"PropertyValueSpecification","valueRequired":true,"valueName":"search_term_string"}}],"inLanguage":"lv-LV"},{"@type":"Organization","@id":"https:\/\/miil.dev.almic.ee\/#organization","name":"Miil O\u00dc","url":"https:\/\/miil.dev.almic.ee\/","logo":{"@type":"ImageObject","inLanguage":"lv-LV","@id":"https:\/\/miil.dev.almic.ee\/#\/schema\/logo\/image\/","url":"https:\/\/www.miil.ee\/wp-content\/uploads\/2022\/02\/Miil-logo.svg","contentUrl":"https:\/\/www.miil.ee\/wp-content\/uploads\/2022\/02\/Miil-logo.svg","width":"1024","height":"1024","caption":"Miil O\u00dc"},"image":{"@id":"https:\/\/miil.dev.almic.ee\/#\/schema\/logo\/image\/"},"sameAs":["https:\/\/www.facebook.com\/konteinerveod\/","https:\/\/www.instagram.com\/ou_miil\/"]}]},"product_price_amount":"2990.00","product_price_currency":"EUR","og_availability":"instock","product_availability":"instock","product_retailer_item_id":"MIIU7178891","product_condition":"new"},"_links":{"self":[{"href":"https:\/\/miil.dev.almic.ee\/lv\/wp-json\/wp\/v2\/product\/15440","targetHints":{"allow":["GET"]}}],"collection":[{"href":"https:\/\/miil.dev.almic.ee\/lv\/wp-json\/wp\/v2\/product"}],"about":[{"href":"https:\/\/miil.dev.almic.ee\/lv\/wp-json\/wp\/v2\/types\/product"}],"replies":[{"embeddable":true,"href":"https:\/\/miil.dev.almic.ee\/lv\/wp-json\/wp\/v2\/comments?post=15440"}],"wp:featuredmedia":[{"embeddable":true,"href":"https:\/\/miil.dev.almic.ee\/lv\/wp-json\/wp\/v2\/media\/562"}],"wp:attachment":[{"href":"https:\/\/miil.dev.almic.ee\/lv\/wp-json\/wp\/v2\/media?parent=15440"}],"wp:term":[{"taxonomy":"product_cat","embeddable":true,"href":"https:\/\/miil.dev.almic.ee\/lv\/wp-json\/wp\/v2\/product_cat?post=15440"},{"taxonomy":"product_tag","embeddable":true,"href":"https:\/\/miil.dev.almic.ee\/lv\/wp-json\/wp\/v2\/product_tag?post=15440"}],"curies":[{"name":"wp","href":"https:\/\/api.w.org\/{rel}","templated":true}]}}