{"id":15428,"date":"2022-05-18T14:24:53","date_gmt":"2022-05-18T11:24:53","guid":{"rendered":"https:\/\/www.miil.ee\/toode\/tsinkplekk-konteiner-pikkus-sugavus-5000-laius-2200-korgus-2200-tellimisel\/"},"modified":"2025-02-28T15:12:52","modified_gmt":"2025-02-28T13:12:52","slug":"instrumentu-konteiners-5m-cinkots","status":"publish","type":"product","link":"https:\/\/miil.dev.almic.ee\/lv\/toode\/instrumentu-konteiners-5m-cinkots\/","title":{"rendered":"modul\u0101rais konteiners 5m cinkots"},"content":{"rendered":"<h1>Instrumentu konteiners.<\/h1>\n<p>Sl\u0113dzamais instrumentu konteiners ir ide\u0101li piem\u0113rots pagalma piederumu, z\u0101les p\u013c\u0101v\u0113ju un instrumentu glab\u0101\u0161anai d\u0101rza st\u016br\u012b. Labi der malkai, ziemas riep\u0101m un cit\u0101m b\u016btisk\u0101m liet\u0101m.<br \/>\nTurkl\u0101t instrumentu novietn\u0113 iesp\u0113jams novietot iztur\u012bgus standarta vai riepu plauktus, met\u0101la skapjus un ar\u012b darbagaldu ar instrumentiem.<br \/>\nVair\u0101k par papildu iesp\u0113j\u0101m skatiet <a href=\"https:\/\/www.miil.ee\/lv\/merekonteinerid\/papildu-piederumi\/\">\u0161eit!<\/a><\/p>\n<h2>Instrumentu konteiners k\u0101 velosip\u0113du st\u0101vvieta?<\/h2>\n<p>Instrumentu konteiners ir laba alternat\u012bva velonovietnei pie daudzdz\u012bvok\u013cu m\u0101jas.<\/p>\n<p>Kvalit\u0101tei ir noz\u012bme!<\/p>\n<ul>\n<li>Pilna koka gr\u012bda 35mm<\/li>\n<li>Antikondens\u0101cijas p\u0101rkl\u0101jums uz griestiem.<\/li>\n<li>No \u0101rpuses sl\u0113dzams ar piekaramo atsl\u0113gu.<\/li>\n<li>Cinkots r\u0101mis<\/li>\n<li>R\u0101mja st\u016bri 2mm<\/li>\n<li>Sienu biezums 0,75mm<\/li>\n<li>Da\u017e\u0101di garumi.<\/li>\n<li>Svars pie 5 metriem apm. 830 kg<\/li>\n<\/ul>\n<p>Garums\/dzi\u013cums 5000mm, platums 2200mm, augstums 2200mm &#8211; 11 M2<\/p>\n<h2>Iz\u012br\u0113t vai pirkt portat\u012bvo kab\u012bni?<\/h2>\n<p>Labv\u0113l\u012bg\u0101s cenas d\u0113\u013c ir v\u0113rts apsv\u0113rt kaj\u012btes ieg\u0101di, nevis \u012br\u0113\u0161anu.<br \/>\nKab\u012bnes kalpo gadiem ilgi, un sild\u012bt\u0101jiem ar CE mar\u0137\u0113jumu ir stabils otrreiz\u0113jais tirgus.<br \/>\nVisas m\u016bsu \u012br\u0113jam\u0101s kaj\u012btes ir reprezentat\u012bvas, t\u012bras un kvalitat\u012bvas.<\/p>\n<p>Neiznom\u0101jam kaj\u012btes, ja klients neatbilst kred\u012btpras\u012bb\u0101m vai nav piem\u0113rota paredz\u0113t\u0101 izmanto\u0161ana.<br \/>\nPiem\u0113ram, m\u0113s neiz\u012br\u0113jam kaj\u012btes dz\u012bvniekiem, sm\u0113\u0137\u0113tav\u0101m vai net\u012bro pre\u010du uzglab\u0101\u0161anai, \u0161\u0101du piepras\u012bjumu gad\u012bjum\u0101 varam p\u0101rdot kaj\u012btes uz labiem nosac\u012bjumiem.<\/p>\n<p>Jebkur\u0101 gad\u012bjum\u0101 m\u0113s atrodam tie\u0161i klientam piem\u0113rot\u0101ko risin\u0101jumu un, balstoties uz iepriek\u0161\u0113jo pieredzi, varam sniegt ieteikumus, k\u0101 salikt J\u016bsu vajadz\u012bb\u0101m atbilsto\u0161u kab\u012bni.<\/p>\n<h2>P\u0101rn\u0113s\u0101jam\u0101s kab\u012bnes transport\u0113\u0161ana<\/h2>\n<p>Nomas gad\u012bjum\u0101 visas kaj\u012btes tiks p\u0101rvietotas tikai ar m\u016bsu transportu.<br \/>\nMums ir nepiecie\u0161amais apr\u012bkojums, s\u0101kot ar konteineru sl\u0113dzen\u0113m un beidzot ar pareizu cel\u0161anas apr\u012bkojumu.<\/p>\n<p>T\u0101d\u0101 gad\u012bjum\u0101 m\u0113s varam uz\u0146emties pilnu atbild\u012bbu par jebk\u0101diem boj\u0101jumiem, kas radu\u0161ies transport\u0113\u0161anas laik\u0101.<br \/>\nViss no vienas vietas, kaj\u012b\u0161u noma par labiem noteikumiem un kvalitat\u012bvi.<\/p>\n<p>P\u0101rvad\u0101\u0161anai parasti izmantojam\u00a0<a href=\"https:\/\/www.miil.ee\/lv\/pakalpojumi\/celtnis\/\">celtnis<\/a>\u00a0vai\u00a0<a href=\"https:\/\/www.miil.ee\/lv\/pakalpojumi\/sanu-iekraveji-sideloader\/\">s\u0101nu iekr\u0101v\u0113ju.<\/a><br \/>\nM\u0113s izmantojam\u00a0<a href=\"https:\/\/www.miil.ee\/lv\/pakalpojumi\/ram-pasizgazejs\/\">RAM backloader<\/a>, lai aptvertu vissare\u017e\u0123\u012bt\u0101k\u0101s vietas.<\/p>\n<p>Lab\u0101k\u0101 cena un augst\u0101k\u0101s kvalit\u0101tes konteiners tirg\u016b.<\/p>\n<p>Sekojiet mums\u00a0<a href=\"https:\/\/www.facebook.com\/konteinerveod\/\">Facebook<\/a>\u00a0vai\u00a0<a href=\"https:\/\/www.instagram.com\/ou_miil\/\">Instagram.<\/a><\/p>\n","protected":false},"excerpt":{"rendered":"<p>Instrumentu konteiners ir lielisks risin\u0101jums d\u0101rza un citu priek\u0161metu glab\u0101\u0161anai, pied\u0101v\u0101jot iztur\u012bbu un daudzveid\u012bgas novietnes iesp\u0113jas. P\u0101rvad\u0101\u0161ana tiek veikta ar speci\u0101lu apr\u012bkojumu, nodro\u0161inot kvalitat\u012bvu un dro\u0161u transport\u0113\u0161anu.<\/p>\n","protected":false},"featured_media":4315,"comment_status":"closed","ping_status":"closed","template":"","meta":{"_acf_changed":false},"product_cat":[356,352,429],"product_tag":[],"class_list":{"0":"post-15428","1":"product","2":"type-product","3":"status-publish","4":"has-post-thumbnail","6":"product_cat-jauni-konteineri","7":"product_cat-cinkota-skarda-konteineri","8":"product_cat-5-metri-garuma","10":"first","11":"instock","12":"sale","13":"shipping-taxable","14":"purchasable","15":"product-type-simple"},"acf":[],"yoast_head":"<!-- This site is optimized with the Yoast SEO Premium plugin v23.9 (Yoast SEO v27.5) - https:\/\/yoast.com\/product\/yoast-seo-premium-wordpress\/ -->\n<title>modul\u0101rais konteiners 5m cinkots - Miil O\u00dc<\/title>\n<meta name=\"description\" content=\"Instrumentu konteiners | D\u0101rza nojume | Uzglab\u0101\u0161ana | Konteineru tirdzniec\u012bba | Sild\u012bt\u0101ju tirdzniec\u012bba | Sl\u0113dzamais instrumentu konteiners\" \/>\n<meta name=\"robots\" content=\"index, follow, max-snippet:-1, max-image-preview:large, max-video-preview:-1\" \/>\n<link rel=\"canonical\" href=\"https:\/\/miil.dev.almic.ee\/lv\/toode\/instrumentu-konteiners-5m-cinkots\/\" \/>\n<meta property=\"og:locale\" content=\"lv_LV\" \/>\n<meta property=\"og:type\" content=\"article\" \/>\n<meta property=\"og:title\" content=\"modul\u0101rais konteiners 5m cinkots\" \/>\n<meta property=\"og:description\" content=\"Instrumentu konteiners | D\u0101rza nojume | Uzglab\u0101\u0161ana | Konteineru tirdzniec\u012bba | Sild\u012bt\u0101ju tirdzniec\u012bba | Sl\u0113dzamais instrumentu konteiners\" \/>\n<meta property=\"og:url\" content=\"https:\/\/miil.dev.almic.ee\/lv\/toode\/instrumentu-konteiners-5m-cinkots\/\" \/>\n<meta property=\"og:site_name\" content=\"Miil O\u00dc\" \/>\n<meta property=\"article:publisher\" content=\"https:\/\/www.facebook.com\/konteinerveod\/\" \/>\n<meta property=\"article:modified_time\" content=\"2025-02-28T13:12:52+00:00\" \/>\n<meta property=\"og:image\" content=\"https:\/\/miil.dev.almic.ee\/wp-content\/uploads\/2022\/05\/tsink-plekk-konteiner-laokonteiner-kuur-miniladu-8.jpg\" \/>\n\t<meta property=\"og:image:width\" content=\"960\" \/>\n\t<meta property=\"og:image:height\" content=\"720\" \/>\n\t<meta property=\"og:image:type\" content=\"image\/jpeg\" \/>\n<meta name=\"twitter:card\" content=\"summary_large_image\" \/>\n<meta name=\"twitter:label1\" content=\"Price\" \/>\n\t<meta name=\"twitter:data1\" content=\"2490,00&nbsp;&euro;\" \/>\n\t<meta name=\"twitter:label2\" content=\"Availability\" \/>\n\t<meta name=\"twitter:data2\" content=\"In stock\" \/>\n<script type=\"application\/ld+json\" class=\"yoast-schema-graph\">{\"@context\":\"https:\\\/\\\/schema.org\",\"@graph\":[{\"@type\":\"WebPage\",\"@id\":\"https:\\\/\\\/miil.dev.almic.ee\\\/lv\\\/toode\\\/instrumentu-konteiners-5m-cinkots\\\/\",\"url\":\"https:\\\/\\\/miil.dev.almic.ee\\\/lv\\\/toode\\\/instrumentu-konteiners-5m-cinkots\\\/\",\"name\":\"modul\u0101rais konteiners 5m cinkots - Miil O\u00dc\",\"isPartOf\":{\"@id\":\"https:\\\/\\\/miil.dev.almic.ee\\\/#website\"},\"primaryImageOfPage\":{\"@id\":\"https:\\\/\\\/miil.dev.almic.ee\\\/lv\\\/toode\\\/instrumentu-konteiners-5m-cinkots\\\/#primaryimage\"},\"image\":{\"@id\":\"https:\\\/\\\/miil.dev.almic.ee\\\/lv\\\/toode\\\/instrumentu-konteiners-5m-cinkots\\\/#primaryimage\"},\"thumbnailUrl\":\"https:\\\/\\\/miil.dev.almic.ee\\\/wp-content\\\/uploads\\\/2022\\\/05\\\/tsink-plekk-konteiner-laokonteiner-kuur-miniladu-8.jpg\",\"datePublished\":\"2022-05-18T11:24:53+00:00\",\"dateModified\":\"2025-02-28T13:12:52+00:00\",\"description\":\"Instrumentu konteiners | D\u0101rza nojume | Uzglab\u0101\u0161ana | Konteineru tirdzniec\u012bba | Sild\u012bt\u0101ju tirdzniec\u012bba | Sl\u0113dzamais instrumentu konteiners\",\"breadcrumb\":{\"@id\":\"https:\\\/\\\/miil.dev.almic.ee\\\/lv\\\/toode\\\/instrumentu-konteiners-5m-cinkots\\\/#breadcrumb\"},\"inLanguage\":\"lv-LV\",\"potentialAction\":[{\"@type\":\"ReadAction\",\"target\":[\"https:\\\/\\\/miil.dev.almic.ee\\\/lv\\\/toode\\\/instrumentu-konteiners-5m-cinkots\\\/\"]}]},{\"@type\":\"ImageObject\",\"inLanguage\":\"lv-LV\",\"@id\":\"https:\\\/\\\/miil.dev.almic.ee\\\/lv\\\/toode\\\/instrumentu-konteiners-5m-cinkots\\\/#primaryimage\",\"url\":\"https:\\\/\\\/miil.dev.almic.ee\\\/wp-content\\\/uploads\\\/2022\\\/05\\\/tsink-plekk-konteiner-laokonteiner-kuur-miniladu-8.jpg\",\"contentUrl\":\"https:\\\/\\\/miil.dev.almic.ee\\\/wp-content\\\/uploads\\\/2022\\\/05\\\/tsink-plekk-konteiner-laokonteiner-kuur-miniladu-8.jpg\",\"width\":960,\"height\":720},{\"@type\":\"BreadcrumbList\",\"@id\":\"https:\\\/\\\/miil.dev.almic.ee\\\/lv\\\/toode\\\/instrumentu-konteiners-5m-cinkots\\\/#breadcrumb\",\"itemListElement\":[{\"@type\":\"ListItem\",\"position\":1,\"name\":\"Home\",\"item\":\"https:\\\/\\\/miil.dev.almic.ee\\\/lv\\\/\"},{\"@type\":\"ListItem\",\"position\":2,\"name\":\"Veikals\",\"item\":\"https:\\\/\\\/miil.dev.almic.ee\\\/lv\\\/veikals\\\/\"},{\"@type\":\"ListItem\",\"position\":3,\"name\":\"modul\u0101rais konteiners 5m cinkots\"}]},{\"@type\":\"WebSite\",\"@id\":\"https:\\\/\\\/miil.dev.almic.ee\\\/#website\",\"url\":\"https:\\\/\\\/miil.dev.almic.ee\\\/\",\"name\":\"Miil O\u00dc\",\"description\":\"Konteinerveod\",\"publisher\":{\"@id\":\"https:\\\/\\\/miil.dev.almic.ee\\\/#organization\"},\"potentialAction\":[{\"@type\":\"SearchAction\",\"target\":{\"@type\":\"EntryPoint\",\"urlTemplate\":\"https:\\\/\\\/miil.dev.almic.ee\\\/?s={search_term_string}\"},\"query-input\":{\"@type\":\"PropertyValueSpecification\",\"valueRequired\":true,\"valueName\":\"search_term_string\"}}],\"inLanguage\":\"lv-LV\"},{\"@type\":\"Organization\",\"@id\":\"https:\\\/\\\/miil.dev.almic.ee\\\/#organization\",\"name\":\"Miil O\u00dc\",\"url\":\"https:\\\/\\\/miil.dev.almic.ee\\\/\",\"logo\":{\"@type\":\"ImageObject\",\"inLanguage\":\"lv-LV\",\"@id\":\"https:\\\/\\\/miil.dev.almic.ee\\\/#\\\/schema\\\/logo\\\/image\\\/\",\"url\":\"https:\\\/\\\/www.miil.ee\\\/wp-content\\\/uploads\\\/2022\\\/02\\\/Miil-logo.svg\",\"contentUrl\":\"https:\\\/\\\/www.miil.ee\\\/wp-content\\\/uploads\\\/2022\\\/02\\\/Miil-logo.svg\",\"width\":\"1024\",\"height\":\"1024\",\"caption\":\"Miil O\u00dc\"},\"image\":{\"@id\":\"https:\\\/\\\/miil.dev.almic.ee\\\/#\\\/schema\\\/logo\\\/image\\\/\"},\"sameAs\":[\"https:\\\/\\\/www.facebook.com\\\/konteinerveod\\\/\",\"https:\\\/\\\/www.instagram.com\\\/ou_miil\\\/\"]}]}<\/script>\n<meta property=\"product:price:amount\" content=\"2490.00\" \/>\n<meta property=\"product:price:currency\" content=\"EUR\" \/>\n<meta property=\"og:availability\" content=\"instock\" \/>\n<meta property=\"product:availability\" content=\"instock\" \/>\n<meta property=\"product:condition\" content=\"new\" \/>\n<!-- \/ Yoast SEO Premium plugin. -->","yoast_head_json":{"title":"modul\u0101rais konteiners 5m cinkots - Miil O\u00dc","description":"Instrumentu konteiners | D\u0101rza nojume | Uzglab\u0101\u0161ana | Konteineru tirdzniec\u012bba | Sild\u012bt\u0101ju tirdzniec\u012bba | Sl\u0113dzamais instrumentu konteiners","robots":{"index":"index","follow":"follow","max-snippet":"max-snippet:-1","max-image-preview":"max-image-preview:large","max-video-preview":"max-video-preview:-1"},"canonical":"https:\/\/miil.dev.almic.ee\/lv\/toode\/instrumentu-konteiners-5m-cinkots\/","og_locale":"lv_LV","og_type":"article","og_title":"modul\u0101rais konteiners 5m cinkots","og_description":"Instrumentu konteiners | D\u0101rza nojume | Uzglab\u0101\u0161ana | Konteineru tirdzniec\u012bba | Sild\u012bt\u0101ju tirdzniec\u012bba | Sl\u0113dzamais instrumentu konteiners","og_url":"https:\/\/miil.dev.almic.ee\/lv\/toode\/instrumentu-konteiners-5m-cinkots\/","og_site_name":"Miil O\u00dc","article_publisher":"https:\/\/www.facebook.com\/konteinerveod\/","article_modified_time":"2025-02-28T13:12:52+00:00","og_image":[{"width":960,"height":720,"url":"https:\/\/miil.dev.almic.ee\/wp-content\/uploads\/2022\/05\/tsink-plekk-konteiner-laokonteiner-kuur-miniladu-8.jpg","type":"image\/jpeg"}],"twitter_card":"summary_large_image","twitter_misc":{"Price":"2490,00&nbsp;&euro;","Availability":"In stock"},"schema":{"@context":"https:\/\/schema.org","@graph":[{"@type":"WebPage","@id":"https:\/\/miil.dev.almic.ee\/lv\/toode\/instrumentu-konteiners-5m-cinkots\/","url":"https:\/\/miil.dev.almic.ee\/lv\/toode\/instrumentu-konteiners-5m-cinkots\/","name":"modul\u0101rais konteiners 5m cinkots - Miil O\u00dc","isPartOf":{"@id":"https:\/\/miil.dev.almic.ee\/#website"},"primaryImageOfPage":{"@id":"https:\/\/miil.dev.almic.ee\/lv\/toode\/instrumentu-konteiners-5m-cinkots\/#primaryimage"},"image":{"@id":"https:\/\/miil.dev.almic.ee\/lv\/toode\/instrumentu-konteiners-5m-cinkots\/#primaryimage"},"thumbnailUrl":"https:\/\/miil.dev.almic.ee\/wp-content\/uploads\/2022\/05\/tsink-plekk-konteiner-laokonteiner-kuur-miniladu-8.jpg","datePublished":"2022-05-18T11:24:53+00:00","dateModified":"2025-02-28T13:12:52+00:00","description":"Instrumentu konteiners | D\u0101rza nojume | Uzglab\u0101\u0161ana | Konteineru tirdzniec\u012bba | Sild\u012bt\u0101ju tirdzniec\u012bba | Sl\u0113dzamais instrumentu konteiners","breadcrumb":{"@id":"https:\/\/miil.dev.almic.ee\/lv\/toode\/instrumentu-konteiners-5m-cinkots\/#breadcrumb"},"inLanguage":"lv-LV","potentialAction":[{"@type":"ReadAction","target":["https:\/\/miil.dev.almic.ee\/lv\/toode\/instrumentu-konteiners-5m-cinkots\/"]}]},{"@type":"ImageObject","inLanguage":"lv-LV","@id":"https:\/\/miil.dev.almic.ee\/lv\/toode\/instrumentu-konteiners-5m-cinkots\/#primaryimage","url":"https:\/\/miil.dev.almic.ee\/wp-content\/uploads\/2022\/05\/tsink-plekk-konteiner-laokonteiner-kuur-miniladu-8.jpg","contentUrl":"https:\/\/miil.dev.almic.ee\/wp-content\/uploads\/2022\/05\/tsink-plekk-konteiner-laokonteiner-kuur-miniladu-8.jpg","width":960,"height":720},{"@type":"BreadcrumbList","@id":"https:\/\/miil.dev.almic.ee\/lv\/toode\/instrumentu-konteiners-5m-cinkots\/#breadcrumb","itemListElement":[{"@type":"ListItem","position":1,"name":"Home","item":"https:\/\/miil.dev.almic.ee\/lv\/"},{"@type":"ListItem","position":2,"name":"Veikals","item":"https:\/\/miil.dev.almic.ee\/lv\/veikals\/"},{"@type":"ListItem","position":3,"name":"modul\u0101rais konteiners 5m cinkots"}]},{"@type":"WebSite","@id":"https:\/\/miil.dev.almic.ee\/#website","url":"https:\/\/miil.dev.almic.ee\/","name":"Miil O\u00dc","description":"Konteinerveod","publisher":{"@id":"https:\/\/miil.dev.almic.ee\/#organization"},"potentialAction":[{"@type":"SearchAction","target":{"@type":"EntryPoint","urlTemplate":"https:\/\/miil.dev.almic.ee\/?s={search_term_string}"},"query-input":{"@type":"PropertyValueSpecification","valueRequired":true,"valueName":"search_term_string"}}],"inLanguage":"lv-LV"},{"@type":"Organization","@id":"https:\/\/miil.dev.almic.ee\/#organization","name":"Miil O\u00dc","url":"https:\/\/miil.dev.almic.ee\/","logo":{"@type":"ImageObject","inLanguage":"lv-LV","@id":"https:\/\/miil.dev.almic.ee\/#\/schema\/logo\/image\/","url":"https:\/\/www.miil.ee\/wp-content\/uploads\/2022\/02\/Miil-logo.svg","contentUrl":"https:\/\/www.miil.ee\/wp-content\/uploads\/2022\/02\/Miil-logo.svg","width":"1024","height":"1024","caption":"Miil O\u00dc"},"image":{"@id":"https:\/\/miil.dev.almic.ee\/#\/schema\/logo\/image\/"},"sameAs":["https:\/\/www.facebook.com\/konteinerveod\/","https:\/\/www.instagram.com\/ou_miil\/"]}]},"product_price_amount":"2490.00","product_price_currency":"EUR","og_availability":"instock","product_availability":"instock","product_condition":"new"},"_links":{"self":[{"href":"https:\/\/miil.dev.almic.ee\/lv\/wp-json\/wp\/v2\/product\/15428","targetHints":{"allow":["GET"]}}],"collection":[{"href":"https:\/\/miil.dev.almic.ee\/lv\/wp-json\/wp\/v2\/product"}],"about":[{"href":"https:\/\/miil.dev.almic.ee\/lv\/wp-json\/wp\/v2\/types\/product"}],"replies":[{"embeddable":true,"href":"https:\/\/miil.dev.almic.ee\/lv\/wp-json\/wp\/v2\/comments?post=15428"}],"wp:featuredmedia":[{"embeddable":true,"href":"https:\/\/miil.dev.almic.ee\/lv\/wp-json\/wp\/v2\/media\/4315"}],"wp:attachment":[{"href":"https:\/\/miil.dev.almic.ee\/lv\/wp-json\/wp\/v2\/media?parent=15428"}],"wp:term":[{"taxonomy":"product_cat","embeddable":true,"href":"https:\/\/miil.dev.almic.ee\/lv\/wp-json\/wp\/v2\/product_cat?post=15428"},{"taxonomy":"product_tag","embeddable":true,"href":"https:\/\/miil.dev.almic.ee\/lv\/wp-json\/wp\/v2\/product_tag?post=15428"}],"curies":[{"name":"wp","href":"https:\/\/api.w.org\/{rel}","templated":true}]}}