{"id":15300,"date":"2022-05-18T14:36:32","date_gmt":"2022-05-18T11:36:32","guid":{"rendered":"https:\/\/www.miil.ee\/toode\/20osdd-uus-laokonteiner-fcbu8712665-lisaohutus-lukukaitse-kulje-ustega-eraldi-ruumid-sinine-ral5013\/"},"modified":"2024-11-01T17:57:14","modified_gmt":"2024-11-01T15:57:14","slug":"20osdd-uus-laokonteiner-fcbu8712665","status":"publish","type":"product","link":"https:\/\/miil.dev.almic.ee\/lv\/toode\/20osdd-uus-laokonteiner-fcbu8712665\/","title":{"rendered":"20OSDD J\u016bras konteiners FCBU8712665"},"content":{"rendered":"<p>J\u016bras konteineru durvju uzst\u0101d\u012b\u0161ana<\/p>\n<p>J\u016bras konteineru durvju uzst\u0101d\u012b\u0161ana p\u0113c klienta piepras\u012bjuma.<br \/>\nPie mums var dab\u016bt jaunu j\u016bras konteineru, k\u0101 ar\u012b visas durvis un varam t\u0101s uzst\u0101d\u012bt p\u0113c v\u0113l\u0113\u0161an\u0101s.<br \/>\nDurvis tiek uzst\u0101d\u012btas, piem\u0113ram, noliktavas telp\u0101m, uz speci\u0101liem konteineriem vai ja telp\u0101 ir ier\u012bces, kur\u0101m nepiecie\u0161ama piek\u013cuve no noteiktas vietas.<br \/>\nJ\u016bras konteinerus var p\u0101rveidot da\u017e\u0101dos veidos, un zemes izmanto\u0161anai nav nepiecie\u0161ama CSC sertifik\u0101cija. Tas ir nepiecie\u0161ams tikai j\u016bras transportam.<br \/>\nJa ir v\u0113lme p\u0113c rekonstrukcijas konteineru p\u0101rvietot pa j\u016bru, gandr\u012bz vienm\u0113r l\u0113t\u0101k ir izgatavot konteineru tie\u0161i r\u016bpn\u012bc\u0101, jo konteinera atk\u0101rtota sertifik\u0101cija izmaks\u0101 \u013coti d\u0101rgi.<\/p>\n<p>Konteineru durvju uzst\u0101d\u012b\u0161ana, J\u016bras konteineru p\u0101rb\u016bve un remonts<\/p>\n<p>Papildus konteineru durvju uzst\u0101d\u012b\u0161anai pied\u0101v\u0101jam ar\u012b j\u016bras konteineru remonta vai p\u0101rb\u016bves pakalpojumus.<br \/>\nJ\u016bras konteineram iesp\u0113jams piemetin\u0101t, piem\u0113ram, logus, ailes, ventil\u0101cijas atveres, ier\u012b\u010du savieno\u0161anai nepiecie\u0161am\u0101s ejas vai ko citu.<br \/>\nKonteineru iek\u0161pus\u0113 esam uzb\u016bv\u0113ju\u0161i ar\u012b instrumentu skapjus.<br \/>\nTurkl\u0101t j\u016bs varat izol\u0113t konteinera iek\u0161pusi, vai ar\u012b varat pievienot koka vai akmens apdari.<\/p>\n<p>J\u016bras konteineru durvju uzst\u0101d\u012b\u0161ana vai gatavs risin\u0101jums?<\/p>\n<p>Risin\u0101jums ir atkar\u012bgs no lieto\u0161anas m\u0113r\u0137a un no t\u0101, cik ilgs laiks nepiecie\u0161ams projekta pabeig\u0161anai.<br \/>\nPiem\u0113ram, uzglab\u0101\u0161anas konteineru gad\u012bjum\u0101 alternat\u012bva ir maz\u0101ki mini konteineri, kas bie\u017ei vien ir v\u0113lam\u0101s uzglab\u0101\u0161anas telpu izm\u0113ra.<br \/>\nNoliktav\u0101 ir pieejami gatavie konteineri un ir pla\u0161a kr\u0101su izv\u0113le. Turkl\u0101t standarta uzglab\u0101\u0161anas konteineru v\u0113l\u0101k var viegli p\u0101rvietot vai p\u0101rdot otrreiz\u0113j\u0101 tirg\u016b.<br \/>\nK\u0101 \u012bpa\u0161s risin\u0101jums b\u016bv\u0113ts konteiners ir gr\u016bt\u0101k tirgojams. Liel\u0101ka 40HC+ konteinera gad\u012bjum\u0101 ar\u012b transport\u0113\u0161ana ir apgr\u016btin\u0101ta.<\/p>\n<p>J\u016bras konteineru izol\u0101cija<br \/>\nJ\u016bras konteineru p\u0101rveido\u0161ana<br \/>\nJ\u016bras konteineru p\u0101rb\u016bve<br \/>\nJ\u016bras konteineru tirdzniec\u012bba<br \/>\nBiroja kaj\u012b\u0161u p\u0101rdo\u0161ana<\/p>\n<p>P\u0101rvad\u0101\u0161anai parasti izmantojam\u00a0<a href=\"https:\/\/www.miil.ee\/lv\/pakalpojumi\/celtnis\/\">celtnis<\/a>\u00a0vai\u00a0<a href=\"https:\/\/www.miil.ee\/lv\/pakalpojumi\/sanu-iekraveji-sideloader\/\">s\u0101nu iekr\u0101v\u0113ju.<\/a><br \/>\nM\u0113s izmantojam\u00a0<a href=\"https:\/\/www.miil.ee\/lv\/pakalpojumi\/ram-pasizgazejs\/\">RAM backloader<\/a>, lai aptvertu vissare\u017e\u0123\u012bt\u0101k\u0101s vietas.<\/p>\n<p><a href=\"http:\/\/Sekojiet mums\u00a0Facebook\u00a0vai\u00a0Instagram.\">Sekojiet mums Facebook vai Instagram.<\/a><\/p>\n<p>Pas\u016bti tagad vai jaut\u0101 vair\u0101k <a href=\"mailto:info@miil.ee\">info@miil.ee<\/a><\/p>\n","protected":false},"excerpt":{"rendered":"<p>J\u016bras konteineru durvju uzst\u0101d\u012b\u0161ana J\u016bras konteineru durvju uzst\u0101d\u012b\u0161ana p\u0113c klienta piepras\u012bjuma. Pie mums var dab\u016bt jaunu j\u016bras konteineru, k\u0101 ar\u012b visas durvis un varam t\u0101s uzst\u0101d\u012bt p\u0113c v\u0113l\u0113\u0161an\u0101s. Durvis tiek uzst\u0101d\u012btas, piem\u0113ram, noliktavas telp\u0101m, uz speci\u0101liem konteineriem vai ja telp\u0101 ir ier\u012bces, kur\u0101m nepiecie\u0161ama piek\u013cuve no noteiktas vietas. J\u016bras konteinerus var p\u0101rveidot da\u017e\u0101dos veidos, un&#8230;<\/p>\n","protected":false},"featured_media":6787,"comment_status":"closed","ping_status":"closed","template":"","meta":{"_acf_changed":false},"product_cat":[348],"product_tag":[],"class_list":{"0":"post-15300","1":"product","2":"type-product","3":"status-publish","4":"has-post-thumbnail","6":"product_cat-tehnika","8":"first","9":"instock","10":"shipping-taxable","11":"purchasable","12":"product-type-simple"},"acf":[],"yoast_head":"<!-- This site is optimized with the Yoast SEO Premium plugin v23.9 (Yoast SEO v27.5) - https:\/\/yoast.com\/product\/yoast-seo-premium-wordpress\/ -->\n<title>20OSDD J\u016bras konteiners FCBU8712665 - Miil O\u00dc<\/title>\n<meta name=\"description\" content=\"konteinera durvju uzst\u0101d\u012b\u0161ana | Konteineru tirdzniec\u012bba | Sild\u012bt\u0101ju tirdzniec\u012bba | Silto ap\u0123\u0113rbu noma | J\u016bras konteineru remonts | J\u016bras konteineru noma\" \/>\n<meta name=\"robots\" content=\"index, follow, max-snippet:-1, max-image-preview:large, max-video-preview:-1\" \/>\n<link rel=\"canonical\" href=\"https:\/\/miil.dev.almic.ee\/lv\/toode\/20osdd-uus-laokonteiner-fcbu8712665\/\" \/>\n<meta property=\"og:locale\" content=\"lv_LV\" \/>\n<meta property=\"og:type\" content=\"article\" \/>\n<meta property=\"og:title\" content=\"20OSDD J\u016bras konteiners FCBU8712665\" \/>\n<meta property=\"og:description\" content=\"konteinera durvju uzst\u0101d\u012b\u0161ana | Konteineru tirdzniec\u012bba | Sild\u012bt\u0101ju tirdzniec\u012bba | Silto ap\u0123\u0113rbu noma | J\u016bras konteineru remonts | J\u016bras konteineru noma\" \/>\n<meta property=\"og:url\" content=\"https:\/\/miil.dev.almic.ee\/lv\/toode\/20osdd-uus-laokonteiner-fcbu8712665\/\" \/>\n<meta property=\"og:site_name\" content=\"Miil O\u00dc\" \/>\n<meta property=\"article:publisher\" content=\"https:\/\/www.facebook.com\/konteinerveod\/\" \/>\n<meta property=\"article:modified_time\" content=\"2024-11-01T15:57:14+00:00\" \/>\n<meta property=\"og:image\" content=\"https:\/\/miil.dev.almic.ee\/wp-content\/uploads\/2022\/05\/merekonteiner-laokonteiner-muuk-rent-miniladu-kuur-aiamaja-hoone-kasutusluba-6-3-2.jpg\" \/>\n\t<meta property=\"og:image:width\" content=\"960\" \/>\n\t<meta property=\"og:image:height\" content=\"720\" \/>\n\t<meta property=\"og:image:type\" content=\"image\/jpeg\" \/>\n<meta name=\"twitter:card\" content=\"summary_large_image\" \/>\n<meta name=\"twitter:label1\" content=\"Price\" \/>\n\t<meta name=\"twitter:data1\" content=\"5740,00&nbsp;&euro;\" \/>\n\t<meta name=\"twitter:label2\" content=\"Availability\" \/>\n\t<meta name=\"twitter:data2\" content=\"In stock\" \/>\n<script type=\"application\/ld+json\" class=\"yoast-schema-graph\">{\"@context\":\"https:\\\/\\\/schema.org\",\"@graph\":[{\"@type\":\"WebPage\",\"@id\":\"https:\\\/\\\/miil.dev.almic.ee\\\/lv\\\/toode\\\/20osdd-uus-laokonteiner-fcbu8712665\\\/\",\"url\":\"https:\\\/\\\/miil.dev.almic.ee\\\/lv\\\/toode\\\/20osdd-uus-laokonteiner-fcbu8712665\\\/\",\"name\":\"20OSDD J\u016bras konteiners FCBU8712665 - Miil O\u00dc\",\"isPartOf\":{\"@id\":\"https:\\\/\\\/miil.dev.almic.ee\\\/#website\"},\"primaryImageOfPage\":{\"@id\":\"https:\\\/\\\/miil.dev.almic.ee\\\/lv\\\/toode\\\/20osdd-uus-laokonteiner-fcbu8712665\\\/#primaryimage\"},\"image\":{\"@id\":\"https:\\\/\\\/miil.dev.almic.ee\\\/lv\\\/toode\\\/20osdd-uus-laokonteiner-fcbu8712665\\\/#primaryimage\"},\"thumbnailUrl\":\"https:\\\/\\\/miil.dev.almic.ee\\\/wp-content\\\/uploads\\\/2022\\\/05\\\/merekonteiner-laokonteiner-muuk-rent-miniladu-kuur-aiamaja-hoone-kasutusluba-6-3-2.jpg\",\"datePublished\":\"2022-05-18T11:36:32+00:00\",\"dateModified\":\"2024-11-01T15:57:14+00:00\",\"description\":\"konteinera durvju uzst\u0101d\u012b\u0161ana | Konteineru tirdzniec\u012bba | Sild\u012bt\u0101ju tirdzniec\u012bba | Silto ap\u0123\u0113rbu noma | J\u016bras konteineru remonts | J\u016bras konteineru noma\",\"breadcrumb\":{\"@id\":\"https:\\\/\\\/miil.dev.almic.ee\\\/lv\\\/toode\\\/20osdd-uus-laokonteiner-fcbu8712665\\\/#breadcrumb\"},\"inLanguage\":\"lv-LV\",\"potentialAction\":[{\"@type\":\"ReadAction\",\"target\":[\"https:\\\/\\\/miil.dev.almic.ee\\\/lv\\\/toode\\\/20osdd-uus-laokonteiner-fcbu8712665\\\/\"]}]},{\"@type\":\"ImageObject\",\"inLanguage\":\"lv-LV\",\"@id\":\"https:\\\/\\\/miil.dev.almic.ee\\\/lv\\\/toode\\\/20osdd-uus-laokonteiner-fcbu8712665\\\/#primaryimage\",\"url\":\"https:\\\/\\\/miil.dev.almic.ee\\\/wp-content\\\/uploads\\\/2022\\\/05\\\/merekonteiner-laokonteiner-muuk-rent-miniladu-kuur-aiamaja-hoone-kasutusluba-6-3-2.jpg\",\"contentUrl\":\"https:\\\/\\\/miil.dev.almic.ee\\\/wp-content\\\/uploads\\\/2022\\\/05\\\/merekonteiner-laokonteiner-muuk-rent-miniladu-kuur-aiamaja-hoone-kasutusluba-6-3-2.jpg\",\"width\":960,\"height\":720,\"caption\":\"Merekonteineri uste paigaldus\"},{\"@type\":\"BreadcrumbList\",\"@id\":\"https:\\\/\\\/miil.dev.almic.ee\\\/lv\\\/toode\\\/20osdd-uus-laokonteiner-fcbu8712665\\\/#breadcrumb\",\"itemListElement\":[{\"@type\":\"ListItem\",\"position\":1,\"name\":\"Home\",\"item\":\"https:\\\/\\\/miil.dev.almic.ee\\\/lv\\\/\"},{\"@type\":\"ListItem\",\"position\":2,\"name\":\"Veikals\",\"item\":\"https:\\\/\\\/miil.dev.almic.ee\\\/lv\\\/veikals\\\/\"},{\"@type\":\"ListItem\",\"position\":3,\"name\":\"20OSDD J\u016bras konteiners FCBU8712665\"}]},{\"@type\":\"WebSite\",\"@id\":\"https:\\\/\\\/miil.dev.almic.ee\\\/#website\",\"url\":\"https:\\\/\\\/miil.dev.almic.ee\\\/\",\"name\":\"Miil O\u00dc\",\"description\":\"Konteinerveod\",\"publisher\":{\"@id\":\"https:\\\/\\\/miil.dev.almic.ee\\\/#organization\"},\"potentialAction\":[{\"@type\":\"SearchAction\",\"target\":{\"@type\":\"EntryPoint\",\"urlTemplate\":\"https:\\\/\\\/miil.dev.almic.ee\\\/?s={search_term_string}\"},\"query-input\":{\"@type\":\"PropertyValueSpecification\",\"valueRequired\":true,\"valueName\":\"search_term_string\"}}],\"inLanguage\":\"lv-LV\"},{\"@type\":\"Organization\",\"@id\":\"https:\\\/\\\/miil.dev.almic.ee\\\/#organization\",\"name\":\"Miil O\u00dc\",\"url\":\"https:\\\/\\\/miil.dev.almic.ee\\\/\",\"logo\":{\"@type\":\"ImageObject\",\"inLanguage\":\"lv-LV\",\"@id\":\"https:\\\/\\\/miil.dev.almic.ee\\\/#\\\/schema\\\/logo\\\/image\\\/\",\"url\":\"https:\\\/\\\/www.miil.ee\\\/wp-content\\\/uploads\\\/2022\\\/02\\\/Miil-logo.svg\",\"contentUrl\":\"https:\\\/\\\/www.miil.ee\\\/wp-content\\\/uploads\\\/2022\\\/02\\\/Miil-logo.svg\",\"width\":\"1024\",\"height\":\"1024\",\"caption\":\"Miil O\u00dc\"},\"image\":{\"@id\":\"https:\\\/\\\/miil.dev.almic.ee\\\/#\\\/schema\\\/logo\\\/image\\\/\"},\"sameAs\":[\"https:\\\/\\\/www.facebook.com\\\/konteinerveod\\\/\",\"https:\\\/\\\/www.instagram.com\\\/ou_miil\\\/\"]}]}<\/script>\n<meta property=\"product:price:amount\" content=\"5740.00\" \/>\n<meta property=\"product:price:currency\" content=\"EUR\" \/>\n<meta property=\"og:availability\" content=\"instock\" \/>\n<meta property=\"product:availability\" content=\"instock\" \/>\n<meta property=\"product:condition\" content=\"new\" \/>\n<!-- \/ Yoast SEO Premium plugin. -->","yoast_head_json":{"title":"20OSDD J\u016bras konteiners FCBU8712665 - Miil O\u00dc","description":"konteinera durvju uzst\u0101d\u012b\u0161ana | Konteineru tirdzniec\u012bba | Sild\u012bt\u0101ju tirdzniec\u012bba | Silto ap\u0123\u0113rbu noma | J\u016bras konteineru remonts | J\u016bras konteineru noma","robots":{"index":"index","follow":"follow","max-snippet":"max-snippet:-1","max-image-preview":"max-image-preview:large","max-video-preview":"max-video-preview:-1"},"canonical":"https:\/\/miil.dev.almic.ee\/lv\/toode\/20osdd-uus-laokonteiner-fcbu8712665\/","og_locale":"lv_LV","og_type":"article","og_title":"20OSDD J\u016bras konteiners FCBU8712665","og_description":"konteinera durvju uzst\u0101d\u012b\u0161ana | Konteineru tirdzniec\u012bba | Sild\u012bt\u0101ju tirdzniec\u012bba | Silto ap\u0123\u0113rbu noma | J\u016bras konteineru remonts | J\u016bras konteineru noma","og_url":"https:\/\/miil.dev.almic.ee\/lv\/toode\/20osdd-uus-laokonteiner-fcbu8712665\/","og_site_name":"Miil O\u00dc","article_publisher":"https:\/\/www.facebook.com\/konteinerveod\/","article_modified_time":"2024-11-01T15:57:14+00:00","og_image":[{"width":960,"height":720,"url":"https:\/\/miil.dev.almic.ee\/wp-content\/uploads\/2022\/05\/merekonteiner-laokonteiner-muuk-rent-miniladu-kuur-aiamaja-hoone-kasutusluba-6-3-2.jpg","type":"image\/jpeg"}],"twitter_card":"summary_large_image","twitter_misc":{"Price":"5740,00&nbsp;&euro;","Availability":"In stock"},"schema":{"@context":"https:\/\/schema.org","@graph":[{"@type":"WebPage","@id":"https:\/\/miil.dev.almic.ee\/lv\/toode\/20osdd-uus-laokonteiner-fcbu8712665\/","url":"https:\/\/miil.dev.almic.ee\/lv\/toode\/20osdd-uus-laokonteiner-fcbu8712665\/","name":"20OSDD J\u016bras konteiners FCBU8712665 - Miil O\u00dc","isPartOf":{"@id":"https:\/\/miil.dev.almic.ee\/#website"},"primaryImageOfPage":{"@id":"https:\/\/miil.dev.almic.ee\/lv\/toode\/20osdd-uus-laokonteiner-fcbu8712665\/#primaryimage"},"image":{"@id":"https:\/\/miil.dev.almic.ee\/lv\/toode\/20osdd-uus-laokonteiner-fcbu8712665\/#primaryimage"},"thumbnailUrl":"https:\/\/miil.dev.almic.ee\/wp-content\/uploads\/2022\/05\/merekonteiner-laokonteiner-muuk-rent-miniladu-kuur-aiamaja-hoone-kasutusluba-6-3-2.jpg","datePublished":"2022-05-18T11:36:32+00:00","dateModified":"2024-11-01T15:57:14+00:00","description":"konteinera durvju uzst\u0101d\u012b\u0161ana | Konteineru tirdzniec\u012bba | Sild\u012bt\u0101ju tirdzniec\u012bba | Silto ap\u0123\u0113rbu noma | J\u016bras konteineru remonts | J\u016bras konteineru noma","breadcrumb":{"@id":"https:\/\/miil.dev.almic.ee\/lv\/toode\/20osdd-uus-laokonteiner-fcbu8712665\/#breadcrumb"},"inLanguage":"lv-LV","potentialAction":[{"@type":"ReadAction","target":["https:\/\/miil.dev.almic.ee\/lv\/toode\/20osdd-uus-laokonteiner-fcbu8712665\/"]}]},{"@type":"ImageObject","inLanguage":"lv-LV","@id":"https:\/\/miil.dev.almic.ee\/lv\/toode\/20osdd-uus-laokonteiner-fcbu8712665\/#primaryimage","url":"https:\/\/miil.dev.almic.ee\/wp-content\/uploads\/2022\/05\/merekonteiner-laokonteiner-muuk-rent-miniladu-kuur-aiamaja-hoone-kasutusluba-6-3-2.jpg","contentUrl":"https:\/\/miil.dev.almic.ee\/wp-content\/uploads\/2022\/05\/merekonteiner-laokonteiner-muuk-rent-miniladu-kuur-aiamaja-hoone-kasutusluba-6-3-2.jpg","width":960,"height":720,"caption":"Merekonteineri uste paigaldus"},{"@type":"BreadcrumbList","@id":"https:\/\/miil.dev.almic.ee\/lv\/toode\/20osdd-uus-laokonteiner-fcbu8712665\/#breadcrumb","itemListElement":[{"@type":"ListItem","position":1,"name":"Home","item":"https:\/\/miil.dev.almic.ee\/lv\/"},{"@type":"ListItem","position":2,"name":"Veikals","item":"https:\/\/miil.dev.almic.ee\/lv\/veikals\/"},{"@type":"ListItem","position":3,"name":"20OSDD J\u016bras konteiners FCBU8712665"}]},{"@type":"WebSite","@id":"https:\/\/miil.dev.almic.ee\/#website","url":"https:\/\/miil.dev.almic.ee\/","name":"Miil O\u00dc","description":"Konteinerveod","publisher":{"@id":"https:\/\/miil.dev.almic.ee\/#organization"},"potentialAction":[{"@type":"SearchAction","target":{"@type":"EntryPoint","urlTemplate":"https:\/\/miil.dev.almic.ee\/?s={search_term_string}"},"query-input":{"@type":"PropertyValueSpecification","valueRequired":true,"valueName":"search_term_string"}}],"inLanguage":"lv-LV"},{"@type":"Organization","@id":"https:\/\/miil.dev.almic.ee\/#organization","name":"Miil O\u00dc","url":"https:\/\/miil.dev.almic.ee\/","logo":{"@type":"ImageObject","inLanguage":"lv-LV","@id":"https:\/\/miil.dev.almic.ee\/#\/schema\/logo\/image\/","url":"https:\/\/www.miil.ee\/wp-content\/uploads\/2022\/02\/Miil-logo.svg","contentUrl":"https:\/\/www.miil.ee\/wp-content\/uploads\/2022\/02\/Miil-logo.svg","width":"1024","height":"1024","caption":"Miil O\u00dc"},"image":{"@id":"https:\/\/miil.dev.almic.ee\/#\/schema\/logo\/image\/"},"sameAs":["https:\/\/www.facebook.com\/konteinerveod\/","https:\/\/www.instagram.com\/ou_miil\/"]}]},"product_price_amount":"5740.00","product_price_currency":"EUR","og_availability":"instock","product_availability":"instock","product_condition":"new"},"_links":{"self":[{"href":"https:\/\/miil.dev.almic.ee\/lv\/wp-json\/wp\/v2\/product\/15300","targetHints":{"allow":["GET"]}}],"collection":[{"href":"https:\/\/miil.dev.almic.ee\/lv\/wp-json\/wp\/v2\/product"}],"about":[{"href":"https:\/\/miil.dev.almic.ee\/lv\/wp-json\/wp\/v2\/types\/product"}],"replies":[{"embeddable":true,"href":"https:\/\/miil.dev.almic.ee\/lv\/wp-json\/wp\/v2\/comments?post=15300"}],"wp:featuredmedia":[{"embeddable":true,"href":"https:\/\/miil.dev.almic.ee\/lv\/wp-json\/wp\/v2\/media\/6787"}],"wp:attachment":[{"href":"https:\/\/miil.dev.almic.ee\/lv\/wp-json\/wp\/v2\/media?parent=15300"}],"wp:term":[{"taxonomy":"product_cat","embeddable":true,"href":"https:\/\/miil.dev.almic.ee\/lv\/wp-json\/wp\/v2\/product_cat?post=15300"},{"taxonomy":"product_tag","embeddable":true,"href":"https:\/\/miil.dev.almic.ee\/lv\/wp-json\/wp\/v2\/product_tag?post=15300"}],"curies":[{"name":"wp","href":"https:\/\/api.w.org\/{rel}","templated":true}]}}