{"id":15292,"date":"2022-05-18T14:37:27","date_gmt":"2022-05-18T11:37:27","guid":{"rendered":"https:\/\/www.miil.ee\/toode\/tostuki-ramp-konteineri-laadimiseks-1520-x-2000-ja-kaal-ca-180kg-broneeritud-uus-saabumas\/"},"modified":"2024-11-01T17:27:37","modified_gmt":"2024-11-01T15:27:37","slug":"rampa-uz-konteineru","status":"publish","type":"product","link":"https:\/\/miil.dev.almic.ee\/lv\/toode\/rampa-uz-konteineru\/","title":{"rendered":"Rampa uz konteineru &#8220;Raidu&#8221;"},"content":{"rendered":"<h1>Iekrau\u0161anas rampa konteineru \/ iekr\u0101v\u0113ja rampai<\/h1>\n<p>Lekrau\u0161anas rampa\/iekr\u0101v\u0113ja rampa ir piem\u0113rota konteinera priek\u0161\u0101, kad konteiners atrodas uz zemes.<br \/>\nRampu var viegli p\u0101rvietot ar iekr\u0101v\u0113ju. \u0160im nol\u016bkam rampai ir aizveramas atveres, kas paredz\u0113tas iekr\u0101v\u0113ja zariem.<br \/>\nProdukts ir augstas kvalit\u0101tes. Tas sver aptuveni 180 kg un ir kr\u0101sots da\u017e\u0101dos to\u0146os.<br \/>\nUz vietas vienm\u0113r ir pieejama vismaz viena konteineru iekrau\u0161anas rampa.<br \/>\nIesp\u0113ja pas\u016bt\u012bt preces sev vispiem\u0113rot\u0101kaj\u0101 kr\u0101s\u0101 un daudzum\u0101.<\/p>\n<p>Pie mums var atrast ar\u012b viegl\u0101kas rampas gad\u012bjumiem, kad konteiner\u0101 nav j\u0101iebrauc ar iekr\u0101v\u0113ju, bet, piem\u0113ram, ar automa\u0161\u012bnu vai z\u0101les p\u013c\u0101v\u0113ju.<br \/>\nViegl\u0101kas rampas var p\u0101rvietot manu\u0101li, un p\u0113c lieto\u0161anas t\u0101s var uzglab\u0101t ar maz vietas.<\/p>\n<h2>Kam un kam \u0161is produkts ir paredz\u0113ts?<\/h2>\n<p>Prece ir piem\u0113rota visiem klientiem, kuri v\u0113las \u0113rti un dro\u0161i iek\u013c\u016bt konteiner\u0101. Ide\u0101ls risin\u0101jums, ja v\u0113laties iek\u013c\u016bt konteiner\u0101 ar iekr\u0101v\u0113ju vai rati\u0146iem.<br \/>\nAlternat\u012bva iesp\u0113ja b\u016btu manu\u0101li iztuk\u0161ot konteineru, kas noz\u012bm\u0113 vair\u0101k laika.<br \/>\nLaiks vienm\u0113r ir ierobe\u017eots, un liel\u0101k\u0101 da\u013ca no mums tik un t\u0101 steidzas.<br \/>\nM\u016bsu piekabe ar s\u0101nu iekr\u0101v\u0113ju var pacelt konteineru zem\u0113, un konteineru var \u0101tri iekraut ar rampas pal\u012bdz\u012bbu.<br \/>\nRampa ir lielisks pal\u012bgs fas\u0113to pre\u010du iekrau\u0161an\u0101!<\/p>\n<h2>Iekrau\u0161anas rampa konteineru \/ iekr\u0101v\u0113ja rampai \u2014 vai kas cits?<\/h2>\n<p>Noliktav\u0101 parasti ir 3-5 da\u017e\u0101di produkti. Kr\u0101sas main\u0101s un past\u0101v\u012bgi main\u0101s.<br \/>\nPied\u0101v\u0101jam saviem klientiem ar\u012b transportu ar s\u0101niekr\u0101v\u0113ju, kas izkrauj blakus transportl\u012bdzeklim eso\u0161o konteineru.<br \/>\nIekrau\u0161ana ir daudz vienk\u0101r\u0161\u0101ka un dro\u0161\u0101ka ar iekr\u0101v\u0113ju, ja konteiners atrodas uz zemes.<br \/>\nTurkl\u0101t uz vietas nav nepiecie\u0161ama rampa vai lifts.<\/p>\n<p>Pie mums var ieg\u0101d\u0101ties ar\u012b rampai piem\u0113rotu j\u016bras konteineru vai biroja kab\u012bni. Mums ir ar\u012b plaukti un rakst\u0101mgalds, kas ietilpst konteiner\u0101 \ud83d\ude09<br \/>\nJa jums ir nepiecie\u0161ams kaut kas saist\u012bts ar konteineru, dro\u0161i rakstiet un m\u0113s cent\u012bsimies atrast lab\u0101kos risin\u0101jumus.<\/p>\n<p>J\u016bras konteineru rampa<br \/>\nJ\u016bras konteineru sl\u0113dzenes<br \/>\nJ\u016bras konteineru plaukti<\/p>\n<p>P\u0101rvad\u0101\u0161anai parasti izmantojam\u00a0<a href=\"https:\/\/www.miil.ee\/lv\/pakalpojumi\/celtnis\/\">celtnis<\/a>\u00a0vai\u00a0<a href=\"https:\/\/www.miil.ee\/lv\/pakalpojumi\/sanu-iekraveji-sideloader\/\">s\u0101nu iekr\u0101v\u0113ju.<\/a><br \/>\nM\u0113s izmantojam\u00a0<a href=\"https:\/\/www.miil.ee\/lv\/pakalpojumi\/ram-pasizgazejs\/\">RAM backloader<\/a>, lai aptvertu vissare\u017e\u0123\u012bt\u0101k\u0101s vietas.<\/p>\n<p>Sekojiet mums\u00a0<a href=\"https:\/\/www.facebook.com\/konteinerveod\/\">Facebook<\/a>\u00a0vai\u00a0<a href=\"https:\/\/www.instagram.com\/ou_miil\/\">Instagram<\/a><\/p>\n","protected":false},"excerpt":{"rendered":"<p>Iekrau\u0161anas rampa konteineru \/ iekr\u0101v\u0113ja rampai Lekrau\u0161anas rampa\/iekr\u0101v\u0113ja rampa ir piem\u0113rota konteinera priek\u0161\u0101, kad konteiners atrodas uz zemes. Rampu var viegli p\u0101rvietot ar iekr\u0101v\u0113ju. \u0160im nol\u016bkam rampai ir aizveramas atveres, kas paredz\u0113tas iekr\u0101v\u0113ja zariem. Produkts ir augstas kvalit\u0101tes. Tas sver aptuveni 180 kg un ir kr\u0101sots da\u017e\u0101dos to\u0146os. Uz vietas vienm\u0113r ir pieejama vismaz viena&#8230;<\/p>\n","protected":false},"featured_media":12527,"comment_status":"closed","ping_status":"closed","template":"","meta":{"_acf_changed":false},"product_cat":[336],"product_tag":[],"class_list":{"0":"post-15292","1":"product","2":"type-product","3":"status-publish","4":"has-post-thumbnail","6":"product_cat-papildu-piederumi","8":"first","9":"instock","10":"shipping-taxable","11":"purchasable","12":"product-type-simple"},"acf":[],"yoast_head":"<!-- This site is optimized with the Yoast SEO Premium plugin v23.9 (Yoast SEO v27.5) - https:\/\/yoast.com\/product\/yoast-seo-premium-wordpress\/ -->\n<title>Rampa uz konteineru &quot;Raidu&quot; - Miil O\u00dc<\/title>\n<meta name=\"description\" content=\"Iekrau\u0161anas rampa konteineru \/ iekr\u0101v\u0113ja rampai | iekr\u0101v\u0113ja rampa konteineram | piebraucamais ce\u013c\u0161 | rampa | iekrau\u0161anas rampas \u2b50\ufe0f\u2b50\ufe0f\u2b50\ufe0f\u2b50\ufe0f\u2b50\" \/>\n<meta name=\"robots\" content=\"index, follow, max-snippet:-1, max-image-preview:large, max-video-preview:-1\" \/>\n<link rel=\"canonical\" href=\"https:\/\/miil.dev.almic.ee\/lv\/toode\/rampa-uz-konteineru\/\" \/>\n<meta property=\"og:locale\" content=\"lv_LV\" \/>\n<meta property=\"og:type\" content=\"article\" \/>\n<meta property=\"og:title\" content=\"Rampa uz konteineru &quot;Raidu&quot;\" \/>\n<meta property=\"og:description\" content=\"Iekrau\u0161anas rampa konteineru \/ iekr\u0101v\u0113ja rampai | iekr\u0101v\u0113ja rampa konteineram | piebraucamais ce\u013c\u0161 | rampa | iekrau\u0161anas rampas \u2b50\ufe0f\u2b50\ufe0f\u2b50\ufe0f\u2b50\ufe0f\u2b50\" \/>\n<meta property=\"og:url\" content=\"https:\/\/miil.dev.almic.ee\/lv\/toode\/rampa-uz-konteineru\/\" \/>\n<meta property=\"og:site_name\" content=\"Miil O\u00dc\" \/>\n<meta property=\"article:publisher\" content=\"https:\/\/www.facebook.com\/konteinerveod\/\" \/>\n<meta property=\"article:modified_time\" content=\"2024-11-01T15:27:37+00:00\" \/>\n<meta property=\"og:image\" content=\"https:\/\/miil.dev.almic.ee\/wp-content\/uploads\/2022\/05\/ramp-hall.jpg\" \/>\n\t<meta property=\"og:image:width\" content=\"1728\" \/>\n\t<meta property=\"og:image:height\" content=\"1296\" \/>\n\t<meta property=\"og:image:type\" content=\"image\/jpeg\" \/>\n<meta name=\"twitter:card\" content=\"summary_large_image\" \/>\n<meta name=\"twitter:label1\" content=\"Price\" \/>\n\t<meta name=\"twitter:data1\" content=\"1450,00&nbsp;&euro;\" \/>\n\t<meta name=\"twitter:label2\" content=\"Availability\" \/>\n\t<meta name=\"twitter:data2\" content=\"In stock\" \/>\n<script type=\"application\/ld+json\" class=\"yoast-schema-graph\">{\"@context\":\"https:\\\/\\\/schema.org\",\"@graph\":[{\"@type\":\"WebPage\",\"@id\":\"https:\\\/\\\/miil.dev.almic.ee\\\/lv\\\/toode\\\/rampa-uz-konteineru\\\/\",\"url\":\"https:\\\/\\\/miil.dev.almic.ee\\\/lv\\\/toode\\\/rampa-uz-konteineru\\\/\",\"name\":\"Rampa uz konteineru \\\"Raidu\\\" - Miil O\u00dc\",\"isPartOf\":{\"@id\":\"https:\\\/\\\/miil.dev.almic.ee\\\/#website\"},\"primaryImageOfPage\":{\"@id\":\"https:\\\/\\\/miil.dev.almic.ee\\\/lv\\\/toode\\\/rampa-uz-konteineru\\\/#primaryimage\"},\"image\":{\"@id\":\"https:\\\/\\\/miil.dev.almic.ee\\\/lv\\\/toode\\\/rampa-uz-konteineru\\\/#primaryimage\"},\"thumbnailUrl\":\"https:\\\/\\\/miil.dev.almic.ee\\\/wp-content\\\/uploads\\\/2022\\\/05\\\/ramp-hall.jpg\",\"datePublished\":\"2022-05-18T11:37:27+00:00\",\"dateModified\":\"2024-11-01T15:27:37+00:00\",\"description\":\"Iekrau\u0161anas rampa konteineru \\\/ iekr\u0101v\u0113ja rampai | iekr\u0101v\u0113ja rampa konteineram | piebraucamais ce\u013c\u0161 | rampa | iekrau\u0161anas rampas \u2b50\ufe0f\u2b50\ufe0f\u2b50\ufe0f\u2b50\ufe0f\u2b50\",\"breadcrumb\":{\"@id\":\"https:\\\/\\\/miil.dev.almic.ee\\\/lv\\\/toode\\\/rampa-uz-konteineru\\\/#breadcrumb\"},\"inLanguage\":\"lv-LV\",\"potentialAction\":[{\"@type\":\"ReadAction\",\"target\":[\"https:\\\/\\\/miil.dev.almic.ee\\\/lv\\\/toode\\\/rampa-uz-konteineru\\\/\"]}]},{\"@type\":\"ImageObject\",\"inLanguage\":\"lv-LV\",\"@id\":\"https:\\\/\\\/miil.dev.almic.ee\\\/lv\\\/toode\\\/rampa-uz-konteineru\\\/#primaryimage\",\"url\":\"https:\\\/\\\/miil.dev.almic.ee\\\/wp-content\\\/uploads\\\/2022\\\/05\\\/ramp-hall.jpg\",\"contentUrl\":\"https:\\\/\\\/miil.dev.almic.ee\\\/wp-content\\\/uploads\\\/2022\\\/05\\\/ramp-hall.jpg\",\"width\":1728,\"height\":1296,\"caption\":\"Laadimis ramp \\\/ t\u00f5stuki ramp\"},{\"@type\":\"BreadcrumbList\",\"@id\":\"https:\\\/\\\/miil.dev.almic.ee\\\/lv\\\/toode\\\/rampa-uz-konteineru\\\/#breadcrumb\",\"itemListElement\":[{\"@type\":\"ListItem\",\"position\":1,\"name\":\"Home\",\"item\":\"https:\\\/\\\/miil.dev.almic.ee\\\/lv\\\/\"},{\"@type\":\"ListItem\",\"position\":2,\"name\":\"Veikals\",\"item\":\"https:\\\/\\\/miil.dev.almic.ee\\\/lv\\\/veikals\\\/\"},{\"@type\":\"ListItem\",\"position\":3,\"name\":\"Rampa uz konteineru &#8220;Raidu&#8221;\"}]},{\"@type\":\"WebSite\",\"@id\":\"https:\\\/\\\/miil.dev.almic.ee\\\/#website\",\"url\":\"https:\\\/\\\/miil.dev.almic.ee\\\/\",\"name\":\"Miil O\u00dc\",\"description\":\"Konteinerveod\",\"publisher\":{\"@id\":\"https:\\\/\\\/miil.dev.almic.ee\\\/#organization\"},\"potentialAction\":[{\"@type\":\"SearchAction\",\"target\":{\"@type\":\"EntryPoint\",\"urlTemplate\":\"https:\\\/\\\/miil.dev.almic.ee\\\/?s={search_term_string}\"},\"query-input\":{\"@type\":\"PropertyValueSpecification\",\"valueRequired\":true,\"valueName\":\"search_term_string\"}}],\"inLanguage\":\"lv-LV\"},{\"@type\":\"Organization\",\"@id\":\"https:\\\/\\\/miil.dev.almic.ee\\\/#organization\",\"name\":\"Miil O\u00dc\",\"url\":\"https:\\\/\\\/miil.dev.almic.ee\\\/\",\"logo\":{\"@type\":\"ImageObject\",\"inLanguage\":\"lv-LV\",\"@id\":\"https:\\\/\\\/miil.dev.almic.ee\\\/#\\\/schema\\\/logo\\\/image\\\/\",\"url\":\"https:\\\/\\\/www.miil.ee\\\/wp-content\\\/uploads\\\/2022\\\/02\\\/Miil-logo.svg\",\"contentUrl\":\"https:\\\/\\\/www.miil.ee\\\/wp-content\\\/uploads\\\/2022\\\/02\\\/Miil-logo.svg\",\"width\":\"1024\",\"height\":\"1024\",\"caption\":\"Miil O\u00dc\"},\"image\":{\"@id\":\"https:\\\/\\\/miil.dev.almic.ee\\\/#\\\/schema\\\/logo\\\/image\\\/\"},\"sameAs\":[\"https:\\\/\\\/www.facebook.com\\\/konteinerveod\\\/\",\"https:\\\/\\\/www.instagram.com\\\/ou_miil\\\/\"]}]}<\/script>\n<meta property=\"product:price:amount\" content=\"1450.00\" \/>\n<meta property=\"product:price:currency\" content=\"EUR\" \/>\n<meta property=\"og:availability\" content=\"instock\" \/>\n<meta property=\"product:availability\" content=\"instock\" \/>\n<meta property=\"product:condition\" content=\"new\" \/>\n<!-- \/ Yoast SEO Premium plugin. -->","yoast_head_json":{"title":"Rampa uz konteineru \"Raidu\" - Miil O\u00dc","description":"Iekrau\u0161anas rampa konteineru \/ iekr\u0101v\u0113ja rampai | iekr\u0101v\u0113ja rampa konteineram | piebraucamais ce\u013c\u0161 | rampa | iekrau\u0161anas rampas \u2b50\ufe0f\u2b50\ufe0f\u2b50\ufe0f\u2b50\ufe0f\u2b50","robots":{"index":"index","follow":"follow","max-snippet":"max-snippet:-1","max-image-preview":"max-image-preview:large","max-video-preview":"max-video-preview:-1"},"canonical":"https:\/\/miil.dev.almic.ee\/lv\/toode\/rampa-uz-konteineru\/","og_locale":"lv_LV","og_type":"article","og_title":"Rampa uz konteineru \"Raidu\"","og_description":"Iekrau\u0161anas rampa konteineru \/ iekr\u0101v\u0113ja rampai | iekr\u0101v\u0113ja rampa konteineram | piebraucamais ce\u013c\u0161 | rampa | iekrau\u0161anas rampas \u2b50\ufe0f\u2b50\ufe0f\u2b50\ufe0f\u2b50\ufe0f\u2b50","og_url":"https:\/\/miil.dev.almic.ee\/lv\/toode\/rampa-uz-konteineru\/","og_site_name":"Miil O\u00dc","article_publisher":"https:\/\/www.facebook.com\/konteinerveod\/","article_modified_time":"2024-11-01T15:27:37+00:00","og_image":[{"width":1728,"height":1296,"url":"https:\/\/miil.dev.almic.ee\/wp-content\/uploads\/2022\/05\/ramp-hall.jpg","type":"image\/jpeg"}],"twitter_card":"summary_large_image","twitter_misc":{"Price":"1450,00&nbsp;&euro;","Availability":"In stock"},"schema":{"@context":"https:\/\/schema.org","@graph":[{"@type":"WebPage","@id":"https:\/\/miil.dev.almic.ee\/lv\/toode\/rampa-uz-konteineru\/","url":"https:\/\/miil.dev.almic.ee\/lv\/toode\/rampa-uz-konteineru\/","name":"Rampa uz konteineru \"Raidu\" - Miil O\u00dc","isPartOf":{"@id":"https:\/\/miil.dev.almic.ee\/#website"},"primaryImageOfPage":{"@id":"https:\/\/miil.dev.almic.ee\/lv\/toode\/rampa-uz-konteineru\/#primaryimage"},"image":{"@id":"https:\/\/miil.dev.almic.ee\/lv\/toode\/rampa-uz-konteineru\/#primaryimage"},"thumbnailUrl":"https:\/\/miil.dev.almic.ee\/wp-content\/uploads\/2022\/05\/ramp-hall.jpg","datePublished":"2022-05-18T11:37:27+00:00","dateModified":"2024-11-01T15:27:37+00:00","description":"Iekrau\u0161anas rampa konteineru \/ iekr\u0101v\u0113ja rampai | iekr\u0101v\u0113ja rampa konteineram | piebraucamais ce\u013c\u0161 | rampa | iekrau\u0161anas rampas \u2b50\ufe0f\u2b50\ufe0f\u2b50\ufe0f\u2b50\ufe0f\u2b50","breadcrumb":{"@id":"https:\/\/miil.dev.almic.ee\/lv\/toode\/rampa-uz-konteineru\/#breadcrumb"},"inLanguage":"lv-LV","potentialAction":[{"@type":"ReadAction","target":["https:\/\/miil.dev.almic.ee\/lv\/toode\/rampa-uz-konteineru\/"]}]},{"@type":"ImageObject","inLanguage":"lv-LV","@id":"https:\/\/miil.dev.almic.ee\/lv\/toode\/rampa-uz-konteineru\/#primaryimage","url":"https:\/\/miil.dev.almic.ee\/wp-content\/uploads\/2022\/05\/ramp-hall.jpg","contentUrl":"https:\/\/miil.dev.almic.ee\/wp-content\/uploads\/2022\/05\/ramp-hall.jpg","width":1728,"height":1296,"caption":"Laadimis ramp \/ t\u00f5stuki ramp"},{"@type":"BreadcrumbList","@id":"https:\/\/miil.dev.almic.ee\/lv\/toode\/rampa-uz-konteineru\/#breadcrumb","itemListElement":[{"@type":"ListItem","position":1,"name":"Home","item":"https:\/\/miil.dev.almic.ee\/lv\/"},{"@type":"ListItem","position":2,"name":"Veikals","item":"https:\/\/miil.dev.almic.ee\/lv\/veikals\/"},{"@type":"ListItem","position":3,"name":"Rampa uz konteineru &#8220;Raidu&#8221;"}]},{"@type":"WebSite","@id":"https:\/\/miil.dev.almic.ee\/#website","url":"https:\/\/miil.dev.almic.ee\/","name":"Miil O\u00dc","description":"Konteinerveod","publisher":{"@id":"https:\/\/miil.dev.almic.ee\/#organization"},"potentialAction":[{"@type":"SearchAction","target":{"@type":"EntryPoint","urlTemplate":"https:\/\/miil.dev.almic.ee\/?s={search_term_string}"},"query-input":{"@type":"PropertyValueSpecification","valueRequired":true,"valueName":"search_term_string"}}],"inLanguage":"lv-LV"},{"@type":"Organization","@id":"https:\/\/miil.dev.almic.ee\/#organization","name":"Miil O\u00dc","url":"https:\/\/miil.dev.almic.ee\/","logo":{"@type":"ImageObject","inLanguage":"lv-LV","@id":"https:\/\/miil.dev.almic.ee\/#\/schema\/logo\/image\/","url":"https:\/\/www.miil.ee\/wp-content\/uploads\/2022\/02\/Miil-logo.svg","contentUrl":"https:\/\/www.miil.ee\/wp-content\/uploads\/2022\/02\/Miil-logo.svg","width":"1024","height":"1024","caption":"Miil O\u00dc"},"image":{"@id":"https:\/\/miil.dev.almic.ee\/#\/schema\/logo\/image\/"},"sameAs":["https:\/\/www.facebook.com\/konteinerveod\/","https:\/\/www.instagram.com\/ou_miil\/"]}]},"product_price_amount":"1450.00","product_price_currency":"EUR","og_availability":"instock","product_availability":"instock","product_condition":"new"},"_links":{"self":[{"href":"https:\/\/miil.dev.almic.ee\/lv\/wp-json\/wp\/v2\/product\/15292","targetHints":{"allow":["GET"]}}],"collection":[{"href":"https:\/\/miil.dev.almic.ee\/lv\/wp-json\/wp\/v2\/product"}],"about":[{"href":"https:\/\/miil.dev.almic.ee\/lv\/wp-json\/wp\/v2\/types\/product"}],"replies":[{"embeddable":true,"href":"https:\/\/miil.dev.almic.ee\/lv\/wp-json\/wp\/v2\/comments?post=15292"}],"wp:featuredmedia":[{"embeddable":true,"href":"https:\/\/miil.dev.almic.ee\/lv\/wp-json\/wp\/v2\/media\/12527"}],"wp:attachment":[{"href":"https:\/\/miil.dev.almic.ee\/lv\/wp-json\/wp\/v2\/media?parent=15292"}],"wp:term":[{"taxonomy":"product_cat","embeddable":true,"href":"https:\/\/miil.dev.almic.ee\/lv\/wp-json\/wp\/v2\/product_cat?post=15292"},{"taxonomy":"product_tag","embeddable":true,"href":"https:\/\/miil.dev.almic.ee\/lv\/wp-json\/wp\/v2\/product_tag?post=15292"}],"curies":[{"name":"wp","href":"https:\/\/api.w.org\/{rel}","templated":true}]}}