{"id":15252,"date":"2022-05-25T17:50:05","date_gmt":"2022-05-25T14:50:05","guid":{"rendered":"https:\/\/www.miil.ee\/toode\/rendikonteiner-102\/"},"modified":"2024-12-02T10:13:43","modified_gmt":"2024-12-02T08:13:43","slug":"konteineru-noma-nr102","status":"publish","type":"product","link":"https:\/\/miil.dev.almic.ee\/lv\/toode\/konteineru-noma-nr102\/","title":{"rendered":"Konteineru noma nr102 &#8211; TARTU"},"content":{"rendered":"<h1>J\u016bras konteineru tirdzniec\u012bba un noma Tartu.<\/h1>\n<p>Konteineru noma nr102 &#8211; TARTU<br \/>\nAdrese &#8211; T\u00e4he 114C, Tartu.<br \/>\nIznom\u0101jam un p\u0101rdodam ar\u012b biroja kaj\u012btes.<br \/>\nKonteinerus var apskat\u012bt un aptaust\u012bt m\u016bsu Tartu termin\u0101l\u012b.<br \/>\nNB transports! iepriek\u0161\u0113jo probl\u0113mu d\u0113\u013c m\u0113s patst\u0101v\u012bgi nelai\u017eam klienta smago tehniku \u200b\u200buz Tartu termin\u0101\u013ca vietu.<br \/>\nLai pied\u0101v\u0101tu konteinerus par lab\u0101ko cenu, m\u016bsu Tartu biroj\u0101 nav personas, kas iekrautu konteinerus j\u016bsu automa\u0161\u012bn\u0101.<br \/>\nM\u0113s veicam kvalitat\u012bvu pieg\u0101di tikai ar m\u016bsu pa\u0161u celtni.<\/p>\n<p>*P\u0113rkot konteineru no m\u016bsu Tallinas termin\u0101\u013ca, preces var iz\u0146emt ar savu auto.<\/p>\n<h2>Lietots j\u016bras konteiners.<\/h2>\n<ul>\n<li>Lietotie j\u016bras konteineri ir ku\u0123ojam\u0101 st\u0101vokl\u012b, ja vien nav nor\u0101d\u012bts cit\u0101di;<\/li>\n<li>Konteinera durvis var atv\u0113rt un aizv\u0113rt ar cilv\u0113ka sp\u0113ku.<\/li>\n<li>Konteinera griesti ir neskarti un nav \u016bdens nopl\u016bdes.<\/li>\n<li>Konteinera apak\u0161da\u013ca ir neskarta un to var izmantot ar iekr\u0101v\u0113ju vai rokas iekr\u0101v\u0113ju.<\/li>\n<li>Konteinera konstrukcijas boj\u0101jumu nav.<\/li>\n<li>J\u016bras konteiners atbilst bild\u0113m.<\/li>\n<li>Rezult\u0101t\u0101 Inbank.ee un atlai\u017eu kods &#8220;KONTEINER&#8221;.<\/li>\n<li>J\u016bras konteineru noma: 50 + km\/m\u0113n<\/li>\n<li>Lab\u0101k\u0101s cenas garantija!<br \/>\nVienm\u0113r sniedzam lab\u0101ko pied\u0101v\u0101jumu l\u012bdzv\u0113rt\u012bgam konteineram vai biroja kab\u012bne.<\/li>\n<\/ul>\n<h2>Transports un substr\u0101ts?<\/h2>\n<p>Konteiners nav nepiecie\u0161ams pamats, un to var uzst\u0101d\u012bt ar\u012b uz z\u0101liena.<br \/>\nUzst\u0101d\u012b\u0161anas laik\u0101 ieteicams, lai konteinera \u010detri st\u016bri b\u016btu vien\u0101d\u0101 augstum\u0101.<br \/>\nKonteiners balst\u0101s tikai uz st\u016briem, konteinera vid\u016b nav nepiecie\u0161ami balsti, pat ar 30 tonn\u0101m kravas.<br \/>\nSt\u016bru atbalstam var izmantot akme\u0146us, fibo, \u016bdensiztur\u012bgu sapl\u0101ksni, gumijas zoles un taml\u012bdz\u012bgi.<\/p>\n<p>Biroja kaj\u012b\u0161u p\u0101rdo\u0161ana<br \/>\nBiroja kaj\u012b\u0161u noma<br \/>\nJ\u016bras konteineru tirdzniec\u012bba<br \/>\nJ\u016bras konteineru noma<\/p>\n<h2>J\u016bras Konteineru noma nr102 &#8211; TARTU Dro\u0161s un \u0113rts risin\u0101jums j\u016bsu prec\u0113m<\/h2>\n<p>Ja j\u016bs mekl\u0113jat uzticamu j\u016bras konteineru nomai, m\u0113s pied\u0101v\u0101jam jums lab\u0101ko risin\u0101jumu. Pied\u0101v\u0101jam Jums m\u016bsu j\u016bras konteineru nomas numuru 102, kas atbilst J\u016bsu vajadz\u012bb\u0101m un nodro\u0161ina dro\u0161u un \u0113rtu pre\u010du uzglab\u0101\u0161anu vai transport\u0113\u0161anu.<\/p>\n<p>J\u016bras konteineru noma Nr. 102 ir pieejams m\u016bsu vietn\u0113 MIIL.ee. M\u0113s specializ\u0113jamies augstas kvalit\u0101tes kravas konteineru p\u0101rdo\u0161an\u0101 un nom\u0101 un pied\u0101v\u0101jam da\u017e\u0101dus izm\u0113rus un veidus atbilsto\u0161i j\u016bsu vajadz\u012bb\u0101m.<\/p>\n<p>\u0160\u012b konkr\u0113t\u0101 j\u016bras konteineru noma #102 ir apr\u012bkota ar vis\u0101m nepiecie\u0161amaj\u0101m funkcij\u0101m, lai nodro\u0161in\u0101tu J\u016bsu pre\u010du dro\u0161\u012bbu un komfortu. Neatkar\u012bgi no t\u0101, vai tas ir paredz\u0113ts pre\u010du uzglab\u0101\u0161anai, sagatavo\u0161anai transport\u0113\u0161anai vai citiem m\u0113r\u0137iem, m\u016bsu j\u016bras konteineri atbilst visaugst\u0101kajiem standartiem.<\/p>\n<p>J\u016bras konteineru noma Nr.102 ir sl\u0113dzams, nodro\u0161inot papildus dro\u0161\u012bbu un aizsardz\u012bbu J\u016bsu prec\u0113m. T\u0101pat \u0161is konteiners ir ietilp\u012bgs, taj\u0101 var ietilpt liels pre\u010du daudzums. Vai tie b\u016btu b\u016bvmateri\u0101li, m\u0113beles, sadz\u012bves preces vai citi priek\u0161meti, varat b\u016bt p\u0101rliecin\u0101ti, ka tie ir aizsarg\u0101ti un labi kopti.<\/p>\n<p>M\u016bsu nomas cenas ir konkur\u0113tsp\u0113j\u012bgas un elast\u012bgas, \u013caujot jums izv\u0113l\u0113ties pareizo nomas periodu, kas atbilst j\u016bsu vajadz\u012bb\u0101m. Papildus pied\u0101v\u0101jam kvalitat\u012bvu klientu apkalpo\u0161anu, kas nodro\u0161ina raitu nomas procesu un J\u016bsu apmierin\u0101t\u012bbu.<\/p>\n<p>MIIL.ee ir j\u016bsu uzticamais partneris j\u016bras konteineru nom\u0101. Izp\u0113tiet m\u016bsu pla\u0161o izv\u0113li vietn\u0113 un atrodiet tie\u0161i to, kas jums nepiecie\u0161ams. M\u016bsu komanda vienm\u0113r ir gatava pied\u0101v\u0101t Jums profesion\u0101lu pal\u012bdz\u012bbu un padomu, lai atrastu lab\u0101ko risin\u0101jumu J\u016bsu kravu p\u0101rvad\u0101jumu vajadz\u012bb\u0101m.<\/p>\n<p>Sazinieties ar mums jau \u0161odien un rezerv\u0113jiet j\u016bras konteineru nomu #102. M\u0113s esam gatavi sniegt jums vislab\u0101ko servisu un kvalitat\u012bvus j\u016bras konteinerus, kas atbilst j\u016bsu v\u0113lm\u0113m.<\/p>\n<p>M\u0113s parasti p\u0101rvad\u0101\u0161anai izmantojam autokr\u0101v\u0113ju ar celtni vai s\u0101nu iekr\u0101v\u0113ju.<br \/>\nM\u0113s izmantojam RAM backloader, lai aptvertu vissare\u017e\u0123\u012bt\u0101k\u0101s vietas.<\/p>\n<p>Sekojiet mums <a href=\"https:\/\/www.facebook.com\/konteinerveod\/\">Facebook<\/a> vai <a href=\"https:\/\/www.instagram.com\/ou_miil\/\">Instagram.<\/a><\/p>\n","protected":false},"excerpt":{"rendered":"<p>J\u016bras konteineru tirdzniec\u012bba un noma Tartu. Konteineru noma nr102 &#8211; TARTU Adrese &#8211; T\u00e4he 114C, Tartu. Iznom\u0101jam un p\u0101rdodam ar\u012b biroja kaj\u012btes. Konteinerus var apskat\u012bt un aptaust\u012bt m\u016bsu Tartu termin\u0101l\u012b. NB transports! iepriek\u0161\u0113jo probl\u0113mu d\u0113\u013c m\u0113s patst\u0101v\u012bgi nelai\u017eam klienta smago tehniku \u200b\u200buz Tartu termin\u0101\u013ca vietu. Lai pied\u0101v\u0101tu konteinerus par lab\u0101ko cenu, m\u016bsu Tartu biroj\u0101 nav&#8230;<\/p>\n","protected":false},"featured_media":8103,"comment_status":"open","ping_status":"closed","template":"","meta":{"_acf_changed":false},"product_cat":[340],"product_tag":[],"class_list":{"0":"post-15252","1":"product","2":"type-product","3":"status-publish","4":"has-post-thumbnail","6":"product_cat-konteineri-nomai","8":"first","9":"instock","10":"shipping-taxable","11":"purchasable","12":"product-type-simple"},"acf":[],"yoast_head":"<!-- This site is optimized with the Yoast SEO Premium plugin v23.9 (Yoast SEO v27.5) - https:\/\/yoast.com\/product\/yoast-seo-premium-wordpress\/ -->\n<title>Konteineru noma nr102 - TARTU - Miil O\u00dc<\/title>\n<meta name=\"description\" content=\"Konteineru noma nr102 - TARTU | Juras konteiners izp\u0101rdo\u0161ana | Juras konteiners \u012br\u0113t | tiek p\u0101rdota biroja kab\u012bne | Juras konteiners transport |\" \/>\n<meta name=\"robots\" content=\"index, follow, max-snippet:-1, max-image-preview:large, max-video-preview:-1\" \/>\n<link rel=\"canonical\" href=\"https:\/\/miil.dev.almic.ee\/lv\/toode\/konteineru-noma-nr102\/\" \/>\n<meta property=\"og:locale\" content=\"lv_LV\" \/>\n<meta property=\"og:type\" content=\"article\" \/>\n<meta property=\"og:title\" content=\"Konteineru noma nr102 - TARTU\" \/>\n<meta property=\"og:description\" content=\"Konteineru noma nr102 - TARTU | Juras konteiners izp\u0101rdo\u0161ana | Juras konteiners \u012br\u0113t | tiek p\u0101rdota biroja kab\u012bne | Juras konteiners transport |\" \/>\n<meta property=\"og:url\" content=\"https:\/\/miil.dev.almic.ee\/lv\/toode\/konteineru-noma-nr102\/\" \/>\n<meta property=\"og:site_name\" content=\"Miil O\u00dc\" \/>\n<meta property=\"article:publisher\" content=\"https:\/\/www.facebook.com\/konteinerveod\/\" \/>\n<meta property=\"article:modified_time\" content=\"2024-12-02T08:13:43+00:00\" \/>\n<meta property=\"og:image\" content=\"https:\/\/miil.dev.almic.ee\/wp-content\/uploads\/2022\/05\/Miil-konteinerladu-rendikonteiner-merekonteineri-rent-2.jpg\" \/>\n\t<meta property=\"og:image:width\" content=\"1728\" \/>\n\t<meta property=\"og:image:height\" content=\"1296\" \/>\n\t<meta property=\"og:image:type\" content=\"image\/jpeg\" \/>\n<meta name=\"twitter:card\" content=\"summary_large_image\" \/>\n<meta name=\"twitter:label1\" content=\"Price\" \/>\n\t<meta name=\"twitter:data1\" content=\"90,00&nbsp;&euro;\" \/>\n\t<meta name=\"twitter:label2\" content=\"Availability\" \/>\n\t<meta name=\"twitter:data2\" content=\"In stock\" \/>\n<script type=\"application\/ld+json\" class=\"yoast-schema-graph\">{\"@context\":\"https:\\\/\\\/schema.org\",\"@graph\":[{\"@type\":\"WebPage\",\"@id\":\"https:\\\/\\\/miil.dev.almic.ee\\\/lv\\\/toode\\\/konteineru-noma-nr102\\\/\",\"url\":\"https:\\\/\\\/miil.dev.almic.ee\\\/lv\\\/toode\\\/konteineru-noma-nr102\\\/\",\"name\":\"Konteineru noma nr102 - TARTU - Miil O\u00dc\",\"isPartOf\":{\"@id\":\"https:\\\/\\\/miil.dev.almic.ee\\\/#website\"},\"primaryImageOfPage\":{\"@id\":\"https:\\\/\\\/miil.dev.almic.ee\\\/lv\\\/toode\\\/konteineru-noma-nr102\\\/#primaryimage\"},\"image\":{\"@id\":\"https:\\\/\\\/miil.dev.almic.ee\\\/lv\\\/toode\\\/konteineru-noma-nr102\\\/#primaryimage\"},\"thumbnailUrl\":\"https:\\\/\\\/miil.dev.almic.ee\\\/wp-content\\\/uploads\\\/2022\\\/05\\\/Miil-konteinerladu-rendikonteiner-merekonteineri-rent-2.jpg\",\"datePublished\":\"2022-05-25T14:50:05+00:00\",\"dateModified\":\"2024-12-02T08:13:43+00:00\",\"description\":\"Konteineru noma nr102 - TARTU | Juras konteiners izp\u0101rdo\u0161ana | Juras konteiners \u012br\u0113t | tiek p\u0101rdota biroja kab\u012bne | Juras konteiners transport |\",\"breadcrumb\":{\"@id\":\"https:\\\/\\\/miil.dev.almic.ee\\\/lv\\\/toode\\\/konteineru-noma-nr102\\\/#breadcrumb\"},\"inLanguage\":\"lv-LV\",\"potentialAction\":[{\"@type\":\"ReadAction\",\"target\":[\"https:\\\/\\\/miil.dev.almic.ee\\\/lv\\\/toode\\\/konteineru-noma-nr102\\\/\"]}]},{\"@type\":\"ImageObject\",\"inLanguage\":\"lv-LV\",\"@id\":\"https:\\\/\\\/miil.dev.almic.ee\\\/lv\\\/toode\\\/konteineru-noma-nr102\\\/#primaryimage\",\"url\":\"https:\\\/\\\/miil.dev.almic.ee\\\/wp-content\\\/uploads\\\/2022\\\/05\\\/Miil-konteinerladu-rendikonteiner-merekonteineri-rent-2.jpg\",\"contentUrl\":\"https:\\\/\\\/miil.dev.almic.ee\\\/wp-content\\\/uploads\\\/2022\\\/05\\\/Miil-konteinerladu-rendikonteiner-merekonteineri-rent-2.jpg\",\"width\":1728,\"height\":1296,\"caption\":\"Merekonteiner rent nr 102\"},{\"@type\":\"BreadcrumbList\",\"@id\":\"https:\\\/\\\/miil.dev.almic.ee\\\/lv\\\/toode\\\/konteineru-noma-nr102\\\/#breadcrumb\",\"itemListElement\":[{\"@type\":\"ListItem\",\"position\":1,\"name\":\"Home\",\"item\":\"https:\\\/\\\/miil.dev.almic.ee\\\/lv\\\/\"},{\"@type\":\"ListItem\",\"position\":2,\"name\":\"Veikals\",\"item\":\"https:\\\/\\\/miil.dev.almic.ee\\\/lv\\\/veikals\\\/\"},{\"@type\":\"ListItem\",\"position\":3,\"name\":\"Konteineru noma nr102 &#8211; TARTU\"}]},{\"@type\":\"WebSite\",\"@id\":\"https:\\\/\\\/miil.dev.almic.ee\\\/#website\",\"url\":\"https:\\\/\\\/miil.dev.almic.ee\\\/\",\"name\":\"Miil O\u00dc\",\"description\":\"Konteinerveod\",\"publisher\":{\"@id\":\"https:\\\/\\\/miil.dev.almic.ee\\\/#organization\"},\"potentialAction\":[{\"@type\":\"SearchAction\",\"target\":{\"@type\":\"EntryPoint\",\"urlTemplate\":\"https:\\\/\\\/miil.dev.almic.ee\\\/?s={search_term_string}\"},\"query-input\":{\"@type\":\"PropertyValueSpecification\",\"valueRequired\":true,\"valueName\":\"search_term_string\"}}],\"inLanguage\":\"lv-LV\"},{\"@type\":\"Organization\",\"@id\":\"https:\\\/\\\/miil.dev.almic.ee\\\/#organization\",\"name\":\"Miil O\u00dc\",\"url\":\"https:\\\/\\\/miil.dev.almic.ee\\\/\",\"logo\":{\"@type\":\"ImageObject\",\"inLanguage\":\"lv-LV\",\"@id\":\"https:\\\/\\\/miil.dev.almic.ee\\\/#\\\/schema\\\/logo\\\/image\\\/\",\"url\":\"https:\\\/\\\/www.miil.ee\\\/wp-content\\\/uploads\\\/2022\\\/02\\\/Miil-logo.svg\",\"contentUrl\":\"https:\\\/\\\/www.miil.ee\\\/wp-content\\\/uploads\\\/2022\\\/02\\\/Miil-logo.svg\",\"width\":\"1024\",\"height\":\"1024\",\"caption\":\"Miil O\u00dc\"},\"image\":{\"@id\":\"https:\\\/\\\/miil.dev.almic.ee\\\/#\\\/schema\\\/logo\\\/image\\\/\"},\"sameAs\":[\"https:\\\/\\\/www.facebook.com\\\/konteinerveod\\\/\",\"https:\\\/\\\/www.instagram.com\\\/ou_miil\\\/\"]}]}<\/script>\n<meta property=\"product:price:amount\" content=\"90.00\" \/>\n<meta property=\"product:price:currency\" content=\"EUR\" \/>\n<meta property=\"og:availability\" content=\"instock\" \/>\n<meta property=\"product:availability\" content=\"instock\" \/>\n<meta property=\"product:condition\" content=\"new\" \/>\n<!-- \/ Yoast SEO Premium plugin. -->","yoast_head_json":{"title":"Konteineru noma nr102 - TARTU - Miil O\u00dc","description":"Konteineru noma nr102 - TARTU | Juras konteiners izp\u0101rdo\u0161ana | Juras konteiners \u012br\u0113t | tiek p\u0101rdota biroja kab\u012bne | Juras konteiners transport |","robots":{"index":"index","follow":"follow","max-snippet":"max-snippet:-1","max-image-preview":"max-image-preview:large","max-video-preview":"max-video-preview:-1"},"canonical":"https:\/\/miil.dev.almic.ee\/lv\/toode\/konteineru-noma-nr102\/","og_locale":"lv_LV","og_type":"article","og_title":"Konteineru noma nr102 - TARTU","og_description":"Konteineru noma nr102 - TARTU | Juras konteiners izp\u0101rdo\u0161ana | Juras konteiners \u012br\u0113t | tiek p\u0101rdota biroja kab\u012bne | Juras konteiners transport |","og_url":"https:\/\/miil.dev.almic.ee\/lv\/toode\/konteineru-noma-nr102\/","og_site_name":"Miil O\u00dc","article_publisher":"https:\/\/www.facebook.com\/konteinerveod\/","article_modified_time":"2024-12-02T08:13:43+00:00","og_image":[{"width":1728,"height":1296,"url":"https:\/\/miil.dev.almic.ee\/wp-content\/uploads\/2022\/05\/Miil-konteinerladu-rendikonteiner-merekonteineri-rent-2.jpg","type":"image\/jpeg"}],"twitter_card":"summary_large_image","twitter_misc":{"Price":"90,00&nbsp;&euro;","Availability":"In stock"},"schema":{"@context":"https:\/\/schema.org","@graph":[{"@type":"WebPage","@id":"https:\/\/miil.dev.almic.ee\/lv\/toode\/konteineru-noma-nr102\/","url":"https:\/\/miil.dev.almic.ee\/lv\/toode\/konteineru-noma-nr102\/","name":"Konteineru noma nr102 - TARTU - Miil O\u00dc","isPartOf":{"@id":"https:\/\/miil.dev.almic.ee\/#website"},"primaryImageOfPage":{"@id":"https:\/\/miil.dev.almic.ee\/lv\/toode\/konteineru-noma-nr102\/#primaryimage"},"image":{"@id":"https:\/\/miil.dev.almic.ee\/lv\/toode\/konteineru-noma-nr102\/#primaryimage"},"thumbnailUrl":"https:\/\/miil.dev.almic.ee\/wp-content\/uploads\/2022\/05\/Miil-konteinerladu-rendikonteiner-merekonteineri-rent-2.jpg","datePublished":"2022-05-25T14:50:05+00:00","dateModified":"2024-12-02T08:13:43+00:00","description":"Konteineru noma nr102 - TARTU | Juras konteiners izp\u0101rdo\u0161ana | Juras konteiners \u012br\u0113t | tiek p\u0101rdota biroja kab\u012bne | Juras konteiners transport |","breadcrumb":{"@id":"https:\/\/miil.dev.almic.ee\/lv\/toode\/konteineru-noma-nr102\/#breadcrumb"},"inLanguage":"lv-LV","potentialAction":[{"@type":"ReadAction","target":["https:\/\/miil.dev.almic.ee\/lv\/toode\/konteineru-noma-nr102\/"]}]},{"@type":"ImageObject","inLanguage":"lv-LV","@id":"https:\/\/miil.dev.almic.ee\/lv\/toode\/konteineru-noma-nr102\/#primaryimage","url":"https:\/\/miil.dev.almic.ee\/wp-content\/uploads\/2022\/05\/Miil-konteinerladu-rendikonteiner-merekonteineri-rent-2.jpg","contentUrl":"https:\/\/miil.dev.almic.ee\/wp-content\/uploads\/2022\/05\/Miil-konteinerladu-rendikonteiner-merekonteineri-rent-2.jpg","width":1728,"height":1296,"caption":"Merekonteiner rent nr 102"},{"@type":"BreadcrumbList","@id":"https:\/\/miil.dev.almic.ee\/lv\/toode\/konteineru-noma-nr102\/#breadcrumb","itemListElement":[{"@type":"ListItem","position":1,"name":"Home","item":"https:\/\/miil.dev.almic.ee\/lv\/"},{"@type":"ListItem","position":2,"name":"Veikals","item":"https:\/\/miil.dev.almic.ee\/lv\/veikals\/"},{"@type":"ListItem","position":3,"name":"Konteineru noma nr102 &#8211; TARTU"}]},{"@type":"WebSite","@id":"https:\/\/miil.dev.almic.ee\/#website","url":"https:\/\/miil.dev.almic.ee\/","name":"Miil O\u00dc","description":"Konteinerveod","publisher":{"@id":"https:\/\/miil.dev.almic.ee\/#organization"},"potentialAction":[{"@type":"SearchAction","target":{"@type":"EntryPoint","urlTemplate":"https:\/\/miil.dev.almic.ee\/?s={search_term_string}"},"query-input":{"@type":"PropertyValueSpecification","valueRequired":true,"valueName":"search_term_string"}}],"inLanguage":"lv-LV"},{"@type":"Organization","@id":"https:\/\/miil.dev.almic.ee\/#organization","name":"Miil O\u00dc","url":"https:\/\/miil.dev.almic.ee\/","logo":{"@type":"ImageObject","inLanguage":"lv-LV","@id":"https:\/\/miil.dev.almic.ee\/#\/schema\/logo\/image\/","url":"https:\/\/www.miil.ee\/wp-content\/uploads\/2022\/02\/Miil-logo.svg","contentUrl":"https:\/\/www.miil.ee\/wp-content\/uploads\/2022\/02\/Miil-logo.svg","width":"1024","height":"1024","caption":"Miil O\u00dc"},"image":{"@id":"https:\/\/miil.dev.almic.ee\/#\/schema\/logo\/image\/"},"sameAs":["https:\/\/www.facebook.com\/konteinerveod\/","https:\/\/www.instagram.com\/ou_miil\/"]}]},"product_price_amount":"90.00","product_price_currency":"EUR","og_availability":"instock","product_availability":"instock","product_condition":"new"},"_links":{"self":[{"href":"https:\/\/miil.dev.almic.ee\/lv\/wp-json\/wp\/v2\/product\/15252","targetHints":{"allow":["GET"]}}],"collection":[{"href":"https:\/\/miil.dev.almic.ee\/lv\/wp-json\/wp\/v2\/product"}],"about":[{"href":"https:\/\/miil.dev.almic.ee\/lv\/wp-json\/wp\/v2\/types\/product"}],"replies":[{"embeddable":true,"href":"https:\/\/miil.dev.almic.ee\/lv\/wp-json\/wp\/v2\/comments?post=15252"}],"wp:featuredmedia":[{"embeddable":true,"href":"https:\/\/miil.dev.almic.ee\/lv\/wp-json\/wp\/v2\/media\/8103"}],"wp:attachment":[{"href":"https:\/\/miil.dev.almic.ee\/lv\/wp-json\/wp\/v2\/media?parent=15252"}],"wp:term":[{"taxonomy":"product_cat","embeddable":true,"href":"https:\/\/miil.dev.almic.ee\/lv\/wp-json\/wp\/v2\/product_cat?post=15252"},{"taxonomy":"product_tag","embeddable":true,"href":"https:\/\/miil.dev.almic.ee\/lv\/wp-json\/wp\/v2\/product_tag?post=15252"}],"curies":[{"name":"wp","href":"https:\/\/api.w.org\/{rel}","templated":true}]}}