{"id":15144,"date":"2022-06-22T09:02:25","date_gmt":"2022-06-22T06:02:25","guid":{"rendered":"https:\/\/www.miil.ee\/toode\/40ref-tk-magnum-plus-kulmikkonteiner-40-25\/"},"modified":"2025-02-28T12:58:47","modified_gmt":"2025-02-28T10:58:47","slug":"40ref-tk-magnum-plus-kulmikkonteiner","status":"publish","type":"product","link":"https:\/\/miil.dev.almic.ee\/lv\/toode\/40ref-tk-magnum-plus-kulmikkonteiner\/","title":{"rendered":"40REF TK Magnum Plus -40\/+25"},"content":{"rendered":"<h1>40REF TK Magnum Plus<\/h1>\n<p>40REF TK Magnum Plus ir uzticams un efekt\u012bvs sald\u0113tavas konteiners. \u0160is 2023. gada modelis ir apr\u012bkots ar vis\u0101m svar\u012bgaj\u0101m funkcij\u0101m, kas nodro\u0161ina optim\u0101lu j\u016bsu pre\u010du uzglab\u0101\u0161anu temperat\u016bras kontrol\u0113.<\/p>\n<p>Tas ir 12 metrus gar\u0161 refri\u017eeratorkonteiners, kas pied\u0101v\u0101 vietu un elast\u012bbu j\u016bsu kravas vajadz\u012bb\u0101m. T\u0101 balt\u0101 kr\u0101sa nodro\u0161ina gludu un profesion\u0101lu izskatu \u0101rpus\u0113, lieliski iek\u013caujoties da\u017e\u0101d\u0101s lo\u0123istikas vid\u0113s.<\/p>\n<p>Viena no galvenaj\u0101m \u012bpa\u0161\u012bb\u0101m, kas at\u0161\u0137ir 40REF TK Magnum Plus, ir t\u0101 komforts un lieto\u0161anas vienk\u0101r\u0161\u012bba. Viegli atveram\u0101s durvis \u013cauj \u0113rti piek\u013c\u016bt sav\u0101m prec\u0113m, un blo\u0137\u0113\u0161anas meh\u0101nisms nodro\u0161ina to dro\u0161\u012bbu transport\u0113\u0161anas laik\u0101. Turkl\u0101t konteiners ir apr\u012bkots ar PVC aizkaru, kas pal\u012bdz kontrol\u0113t gaisa pl\u016bsmu, saglab\u0101jot optim\u0101lu temperat\u016bru.<\/p>\n<p>Magnum Plus plakan\u0101 gr\u012bda \u013cauj \u0113rti uzglab\u0101t preces, vienlaikus sniedzot iesp\u0113ju maksim\u0101li izmantot telpu. Tas ir \u012bpa\u0161i svar\u012bgi, ja nepiecie\u0161ams transport\u0113t vai uzglab\u0101t lielgabar\u012bta vai smagas lietas.<\/p>\n<p>Sald\u0113\u0161anas un dzes\u0113\u0161anas sist\u0113mas nodro\u0161ina piln\u012bgu izol\u0101ciju un \u013cauj uztur\u0113t v\u0113lamo temperat\u016bru. Turkl\u0101t konteiner\u0101 ir ar\u012b apgaismojums, kas nodro\u0161ina skaidr\u012bbu un redzam\u012bbu ar\u012b tad, ja apk\u0101rt\u0113j\u0101 vid\u0113 nav pietiekami daudz apgaismojuma.<\/p>\n<p>Dro\u0161\u012bbas durvis pied\u0101v\u0101 papildu aizsardz\u012bbu un dro\u0161\u012bbu, nodro\u0161inot, ka j\u016bsu preces ir aizsarg\u0101tas pret z\u0101dz\u012bb\u0101m un nesankcion\u0113tu piek\u013cuvi.<\/p>\n<p>40REF TK Magnum Plus ir izstr\u0101d\u0101ts, lai atbilstu augstiem standartiem, nodro\u0161inot uzticamu un kvalitat\u012bvu risin\u0101jumu temperat\u016brai jut\u012bgu pre\u010du transport\u0113\u0161anai un uzglab\u0101\u0161anai.<\/p>\n<p>Rezum\u0113jot, ja jums ir nepiecie\u0161ams ide\u0101ls sald\u0113tavas konteiners, kas nodro\u0161ina dro\u0161u un optim\u0101lu j\u016bsu pre\u010du uzglab\u0101\u0161anu, izv\u0113lieties 40REF TK Magnum Plus. Ar saviem izm\u0113riem, balto kr\u0101su, signaliz\u0101ciju, gludu gr\u012bdu, izol\u0101ciju, sl\u0113dzam\u0101m durv\u012bm, PVC aizkaru, dro\u0161\u012bbas durv\u012bm un apgaismojumu t\u0101 ir ide\u0101la izv\u0113le j\u016bsu lo\u0123istikas vajadz\u012bb\u0101m.<\/p>\n<h2>40REF TK Magnum Plus &#8211; Transport\u0113\u0161ana un pacel\u0161ana?<\/h2>\n<p>P\u0113c piem\u0113rota konteinera izv\u0113les varam veikt iepako\u0161anu un transport\u0113\u0161anu.<br \/>\nP\u0101rvad\u0101\u0161anai parasti izmantojam<span>\u00a0<\/span><a href=\"https:\/\/www.miil.ee\/lv\/pakalpojumi\/celtnis\/\">celtnis<\/a><span>\u00a0<\/span>vai<span>\u00a0<\/span><a href=\"https:\/\/www.miil.ee\/lv\/pakalpojumi\/sanu-iekraveji-sideloader\/\">s\u0101nu iekr\u0101v\u0113ju.<\/a><br \/>\nM\u0113s izmantojam<span>\u00a0<\/span><a href=\"https:\/\/www.miil.ee\/lv\/pakalpojumi\/ram-pasizgazejs\/\">RAM backloader<\/a>, lai aptvertu vissare\u017e\u0123\u012bt\u0101k\u0101s vietas.<br \/>\nP\u0113c t\u0101 ieg\u0101des m\u0113s glab\u0101jam j\u016bsu konteineru m\u016bsu termin\u0101l\u012b bez maksas l\u012bdz se\u0161iem m\u0113ne\u0161iem.<br \/>\nVienm\u0113r iesp\u0113jams vienoties par ilg\u0101ku laiku.<br \/>\nPiem\u0113ram, ja vieta v\u0113l nav gatava vai pieejama konteinera pieg\u0101dei.<br \/>\nT\u0101d\u0101 gad\u012bjum\u0101 konteinera cena nemain\u012bsies un var\u0113siet b\u016bt dro\u0161s, ka izv\u0113l\u0113to konteineru sa\u0146emsiet norun\u0101taj\u0101 laik\u0101.<\/p>\n<h2>M\u016bsu tehnolo\u0123ijas ir modernas, un m\u016bsu vad\u012bt\u0101ji ir augsti apm\u0101c\u012bti.<\/h2>\n<p>*J\u016bras konteineru tirdzniec\u012bba<br \/>\n*J\u016bras konteineru noma<br \/>\n*J\u016bras konteineru atg\u016b\u0161ana<br \/>\n*J\u016bras konteineru remonts<br \/>\n*J\u016bras konteineru uzglab\u0101\u0161ana<br \/>\n*Apkures bateriju tirdzniec\u012bba<br \/>\n*Sild\u012bt\u0101ju noma<br \/>\n*Mini m\u0101ju p\u0101rdo\u0161ana<br \/>\n*Iz\u012br\u0113 mini m\u0101jas<br \/>\n*Transports<br \/>\n*Depo serviss<\/p>\n<ul>\n<li>Lab\u0101k\u0101s cenas garantija \u2013 m\u0113s vienm\u0113r pied\u0101v\u0101jam konteineram lab\u0101ko pied\u0101v\u0101jumu.<\/li>\n<\/ul>\n<p>Sekojiet mums\u00a0<a href=\"https:\/\/www.facebook.com\/konteinerveod\/\">Facebook<\/a>\u00a0vai\u00a0<a href=\"https:\/\/www.instagram.com\/ou_miil\/\">Instagram.<\/a><\/p>\n","protected":false},"excerpt":{"rendered":"<p>40REF TK Magnum Plus ir 12 metrus gar\u0161 uzticams sald\u0113tavas konteiners, kas nodro\u0161ina optim\u0101lu temperat\u016bras kontroli un dro\u0161u pre\u010du uzglab\u0101\u0161anu. Tas ir apr\u012bkots ar gludu gr\u012bdu, izol\u0101ciju, PVC aizkaru, dro\u0161\u012bbas durv\u012bm un apgaismojumu, padarot to ide\u0101lu risin\u0101jumu temperat\u016brai jut\u012bgiem kravu p\u0101rvad\u0101jumiem un uzglab\u0101\u0161anai.<\/p>\n","protected":false},"featured_media":10067,"comment_status":"closed","ping_status":"closed","template":"","meta":{"_acf_changed":false},"product_cat":[356,480,484,488],"product_tag":[],"class_list":{"0":"post-15144","1":"product","2":"type-product","3":"status-publish","4":"has-post-thumbnail","6":"product_cat-jauni-konteineri","7":"product_cat-40-12-metri-lv","8":"product_cat-40-hc-augstais-lv","9":"product_cat-40-ref-ledusskapis-lv","11":"first","12":"instock","13":"shipping-taxable","14":"purchasable","15":"product-type-simple"},"acf":[],"yoast_head":"<!-- This site is optimized with the Yoast SEO Premium plugin v23.9 (Yoast SEO v27.5) - https:\/\/yoast.com\/product\/yoast-seo-premium-wordpress\/ -->\n<title>40REF TK Magnum Plus -40\/+25 - Miil O\u00dc<\/title>\n<meta name=\"description\" content=\"40REF TK Magnum | Refri\u017eerators | j\u016bras konteiners | uzglab\u0101\u0161anas konteiners | atdzes\u0113ts konteiners ar rull\u012b\u0161u durv\u012bm | refri\u017eeratoru konteineru p\u0101rdo\u0161ana\" \/>\n<meta name=\"robots\" content=\"index, follow, max-snippet:-1, max-image-preview:large, max-video-preview:-1\" \/>\n<link rel=\"canonical\" href=\"https:\/\/miil.dev.almic.ee\/lv\/toode\/40ref-tk-magnum-plus-kulmikkonteiner\/\" \/>\n<meta property=\"og:locale\" content=\"lv_LV\" \/>\n<meta property=\"og:type\" content=\"article\" \/>\n<meta property=\"og:title\" content=\"40REF TK Magnum Plus -40\/+25\" \/>\n<meta property=\"og:description\" content=\"40REF TK Magnum | Refri\u017eerators | j\u016bras konteiners | uzglab\u0101\u0161anas konteiners | atdzes\u0113ts konteiners ar rull\u012b\u0161u durv\u012bm | refri\u017eeratoru konteineru p\u0101rdo\u0161ana\" \/>\n<meta property=\"og:url\" content=\"https:\/\/miil.dev.almic.ee\/lv\/toode\/40ref-tk-magnum-plus-kulmikkonteiner\/\" \/>\n<meta property=\"og:site_name\" content=\"Miil O\u00dc\" \/>\n<meta property=\"article:publisher\" content=\"https:\/\/www.facebook.com\/konteinerveod\/\" \/>\n<meta property=\"article:modified_time\" content=\"2025-02-28T10:58:47+00:00\" \/>\n<meta property=\"og:image\" content=\"https:\/\/miil.dev.almic.ee\/wp-content\/uploads\/2022\/06\/kulmik-konteiner-ref-konteiner-merekonteiner-freezer-container-40-20-8.jpg\" \/>\n\t<meta property=\"og:image:width\" content=\"1728\" \/>\n\t<meta property=\"og:image:height\" content=\"1296\" \/>\n\t<meta property=\"og:image:type\" content=\"image\/jpeg\" \/>\n<meta name=\"twitter:card\" content=\"summary_large_image\" \/>\n<meta name=\"twitter:label1\" content=\"Price\" \/>\n\t<meta name=\"twitter:data1\" content=\"25480,00&nbsp;&euro;\" \/>\n\t<meta name=\"twitter:label2\" content=\"Availability\" \/>\n\t<meta name=\"twitter:data2\" content=\"In stock\" \/>\n<script type=\"application\/ld+json\" class=\"yoast-schema-graph\">{\"@context\":\"https:\\\/\\\/schema.org\",\"@graph\":[{\"@type\":\"WebPage\",\"@id\":\"https:\\\/\\\/miil.dev.almic.ee\\\/lv\\\/toode\\\/40ref-tk-magnum-plus-kulmikkonteiner\\\/\",\"url\":\"https:\\\/\\\/miil.dev.almic.ee\\\/lv\\\/toode\\\/40ref-tk-magnum-plus-kulmikkonteiner\\\/\",\"name\":\"40REF TK Magnum Plus -40\\\/+25 - Miil O\u00dc\",\"isPartOf\":{\"@id\":\"https:\\\/\\\/miil.dev.almic.ee\\\/#website\"},\"primaryImageOfPage\":{\"@id\":\"https:\\\/\\\/miil.dev.almic.ee\\\/lv\\\/toode\\\/40ref-tk-magnum-plus-kulmikkonteiner\\\/#primaryimage\"},\"image\":{\"@id\":\"https:\\\/\\\/miil.dev.almic.ee\\\/lv\\\/toode\\\/40ref-tk-magnum-plus-kulmikkonteiner\\\/#primaryimage\"},\"thumbnailUrl\":\"https:\\\/\\\/miil.dev.almic.ee\\\/wp-content\\\/uploads\\\/2022\\\/06\\\/kulmik-konteiner-ref-konteiner-merekonteiner-freezer-container-40-20-8.jpg\",\"datePublished\":\"2022-06-22T06:02:25+00:00\",\"dateModified\":\"2025-02-28T10:58:47+00:00\",\"description\":\"40REF TK Magnum | Refri\u017eerators | j\u016bras konteiners | uzglab\u0101\u0161anas konteiners | atdzes\u0113ts konteiners ar rull\u012b\u0161u durv\u012bm | refri\u017eeratoru konteineru p\u0101rdo\u0161ana\",\"breadcrumb\":{\"@id\":\"https:\\\/\\\/miil.dev.almic.ee\\\/lv\\\/toode\\\/40ref-tk-magnum-plus-kulmikkonteiner\\\/#breadcrumb\"},\"inLanguage\":\"lv-LV\",\"potentialAction\":[{\"@type\":\"ReadAction\",\"target\":[\"https:\\\/\\\/miil.dev.almic.ee\\\/lv\\\/toode\\\/40ref-tk-magnum-plus-kulmikkonteiner\\\/\"]}]},{\"@type\":\"ImageObject\",\"inLanguage\":\"lv-LV\",\"@id\":\"https:\\\/\\\/miil.dev.almic.ee\\\/lv\\\/toode\\\/40ref-tk-magnum-plus-kulmikkonteiner\\\/#primaryimage\",\"url\":\"https:\\\/\\\/miil.dev.almic.ee\\\/wp-content\\\/uploads\\\/2022\\\/06\\\/kulmik-konteiner-ref-konteiner-merekonteiner-freezer-container-40-20-8.jpg\",\"contentUrl\":\"https:\\\/\\\/miil.dev.almic.ee\\\/wp-content\\\/uploads\\\/2022\\\/06\\\/kulmik-konteiner-ref-konteiner-merekonteiner-freezer-container-40-20-8.jpg\",\"width\":1728,\"height\":1296},{\"@type\":\"BreadcrumbList\",\"@id\":\"https:\\\/\\\/miil.dev.almic.ee\\\/lv\\\/toode\\\/40ref-tk-magnum-plus-kulmikkonteiner\\\/#breadcrumb\",\"itemListElement\":[{\"@type\":\"ListItem\",\"position\":1,\"name\":\"Home\",\"item\":\"https:\\\/\\\/miil.dev.almic.ee\\\/lv\\\/\"},{\"@type\":\"ListItem\",\"position\":2,\"name\":\"Veikals\",\"item\":\"https:\\\/\\\/miil.dev.almic.ee\\\/lv\\\/veikals\\\/\"},{\"@type\":\"ListItem\",\"position\":3,\"name\":\"40REF TK Magnum Plus -40\\\/+25\"}]},{\"@type\":\"WebSite\",\"@id\":\"https:\\\/\\\/miil.dev.almic.ee\\\/#website\",\"url\":\"https:\\\/\\\/miil.dev.almic.ee\\\/\",\"name\":\"Miil O\u00dc\",\"description\":\"Konteinerveod\",\"publisher\":{\"@id\":\"https:\\\/\\\/miil.dev.almic.ee\\\/#organization\"},\"potentialAction\":[{\"@type\":\"SearchAction\",\"target\":{\"@type\":\"EntryPoint\",\"urlTemplate\":\"https:\\\/\\\/miil.dev.almic.ee\\\/?s={search_term_string}\"},\"query-input\":{\"@type\":\"PropertyValueSpecification\",\"valueRequired\":true,\"valueName\":\"search_term_string\"}}],\"inLanguage\":\"lv-LV\"},{\"@type\":\"Organization\",\"@id\":\"https:\\\/\\\/miil.dev.almic.ee\\\/#organization\",\"name\":\"Miil O\u00dc\",\"url\":\"https:\\\/\\\/miil.dev.almic.ee\\\/\",\"logo\":{\"@type\":\"ImageObject\",\"inLanguage\":\"lv-LV\",\"@id\":\"https:\\\/\\\/miil.dev.almic.ee\\\/#\\\/schema\\\/logo\\\/image\\\/\",\"url\":\"https:\\\/\\\/www.miil.ee\\\/wp-content\\\/uploads\\\/2022\\\/02\\\/Miil-logo.svg\",\"contentUrl\":\"https:\\\/\\\/www.miil.ee\\\/wp-content\\\/uploads\\\/2022\\\/02\\\/Miil-logo.svg\",\"width\":\"1024\",\"height\":\"1024\",\"caption\":\"Miil O\u00dc\"},\"image\":{\"@id\":\"https:\\\/\\\/miil.dev.almic.ee\\\/#\\\/schema\\\/logo\\\/image\\\/\"},\"sameAs\":[\"https:\\\/\\\/www.facebook.com\\\/konteinerveod\\\/\",\"https:\\\/\\\/www.instagram.com\\\/ou_miil\\\/\"]}]}<\/script>\n<meta property=\"product:price:amount\" content=\"25480.00\" \/>\n<meta property=\"product:price:currency\" content=\"EUR\" \/>\n<meta property=\"og:availability\" content=\"instock\" \/>\n<meta property=\"product:availability\" content=\"instock\" \/>\n<meta property=\"product:condition\" content=\"new\" \/>\n<!-- \/ Yoast SEO Premium plugin. -->","yoast_head_json":{"title":"40REF TK Magnum Plus -40\/+25 - Miil O\u00dc","description":"40REF TK Magnum | Refri\u017eerators | j\u016bras konteiners | uzglab\u0101\u0161anas konteiners | atdzes\u0113ts konteiners ar rull\u012b\u0161u durv\u012bm | refri\u017eeratoru konteineru p\u0101rdo\u0161ana","robots":{"index":"index","follow":"follow","max-snippet":"max-snippet:-1","max-image-preview":"max-image-preview:large","max-video-preview":"max-video-preview:-1"},"canonical":"https:\/\/miil.dev.almic.ee\/lv\/toode\/40ref-tk-magnum-plus-kulmikkonteiner\/","og_locale":"lv_LV","og_type":"article","og_title":"40REF TK Magnum Plus -40\/+25","og_description":"40REF TK Magnum | Refri\u017eerators | j\u016bras konteiners | uzglab\u0101\u0161anas konteiners | atdzes\u0113ts konteiners ar rull\u012b\u0161u durv\u012bm | refri\u017eeratoru konteineru p\u0101rdo\u0161ana","og_url":"https:\/\/miil.dev.almic.ee\/lv\/toode\/40ref-tk-magnum-plus-kulmikkonteiner\/","og_site_name":"Miil O\u00dc","article_publisher":"https:\/\/www.facebook.com\/konteinerveod\/","article_modified_time":"2025-02-28T10:58:47+00:00","og_image":[{"width":1728,"height":1296,"url":"https:\/\/miil.dev.almic.ee\/wp-content\/uploads\/2022\/06\/kulmik-konteiner-ref-konteiner-merekonteiner-freezer-container-40-20-8.jpg","type":"image\/jpeg"}],"twitter_card":"summary_large_image","twitter_misc":{"Price":"25480,00&nbsp;&euro;","Availability":"In stock"},"schema":{"@context":"https:\/\/schema.org","@graph":[{"@type":"WebPage","@id":"https:\/\/miil.dev.almic.ee\/lv\/toode\/40ref-tk-magnum-plus-kulmikkonteiner\/","url":"https:\/\/miil.dev.almic.ee\/lv\/toode\/40ref-tk-magnum-plus-kulmikkonteiner\/","name":"40REF TK Magnum Plus -40\/+25 - Miil O\u00dc","isPartOf":{"@id":"https:\/\/miil.dev.almic.ee\/#website"},"primaryImageOfPage":{"@id":"https:\/\/miil.dev.almic.ee\/lv\/toode\/40ref-tk-magnum-plus-kulmikkonteiner\/#primaryimage"},"image":{"@id":"https:\/\/miil.dev.almic.ee\/lv\/toode\/40ref-tk-magnum-plus-kulmikkonteiner\/#primaryimage"},"thumbnailUrl":"https:\/\/miil.dev.almic.ee\/wp-content\/uploads\/2022\/06\/kulmik-konteiner-ref-konteiner-merekonteiner-freezer-container-40-20-8.jpg","datePublished":"2022-06-22T06:02:25+00:00","dateModified":"2025-02-28T10:58:47+00:00","description":"40REF TK Magnum | Refri\u017eerators | j\u016bras konteiners | uzglab\u0101\u0161anas konteiners | atdzes\u0113ts konteiners ar rull\u012b\u0161u durv\u012bm | refri\u017eeratoru konteineru p\u0101rdo\u0161ana","breadcrumb":{"@id":"https:\/\/miil.dev.almic.ee\/lv\/toode\/40ref-tk-magnum-plus-kulmikkonteiner\/#breadcrumb"},"inLanguage":"lv-LV","potentialAction":[{"@type":"ReadAction","target":["https:\/\/miil.dev.almic.ee\/lv\/toode\/40ref-tk-magnum-plus-kulmikkonteiner\/"]}]},{"@type":"ImageObject","inLanguage":"lv-LV","@id":"https:\/\/miil.dev.almic.ee\/lv\/toode\/40ref-tk-magnum-plus-kulmikkonteiner\/#primaryimage","url":"https:\/\/miil.dev.almic.ee\/wp-content\/uploads\/2022\/06\/kulmik-konteiner-ref-konteiner-merekonteiner-freezer-container-40-20-8.jpg","contentUrl":"https:\/\/miil.dev.almic.ee\/wp-content\/uploads\/2022\/06\/kulmik-konteiner-ref-konteiner-merekonteiner-freezer-container-40-20-8.jpg","width":1728,"height":1296},{"@type":"BreadcrumbList","@id":"https:\/\/miil.dev.almic.ee\/lv\/toode\/40ref-tk-magnum-plus-kulmikkonteiner\/#breadcrumb","itemListElement":[{"@type":"ListItem","position":1,"name":"Home","item":"https:\/\/miil.dev.almic.ee\/lv\/"},{"@type":"ListItem","position":2,"name":"Veikals","item":"https:\/\/miil.dev.almic.ee\/lv\/veikals\/"},{"@type":"ListItem","position":3,"name":"40REF TK Magnum Plus -40\/+25"}]},{"@type":"WebSite","@id":"https:\/\/miil.dev.almic.ee\/#website","url":"https:\/\/miil.dev.almic.ee\/","name":"Miil O\u00dc","description":"Konteinerveod","publisher":{"@id":"https:\/\/miil.dev.almic.ee\/#organization"},"potentialAction":[{"@type":"SearchAction","target":{"@type":"EntryPoint","urlTemplate":"https:\/\/miil.dev.almic.ee\/?s={search_term_string}"},"query-input":{"@type":"PropertyValueSpecification","valueRequired":true,"valueName":"search_term_string"}}],"inLanguage":"lv-LV"},{"@type":"Organization","@id":"https:\/\/miil.dev.almic.ee\/#organization","name":"Miil O\u00dc","url":"https:\/\/miil.dev.almic.ee\/","logo":{"@type":"ImageObject","inLanguage":"lv-LV","@id":"https:\/\/miil.dev.almic.ee\/#\/schema\/logo\/image\/","url":"https:\/\/www.miil.ee\/wp-content\/uploads\/2022\/02\/Miil-logo.svg","contentUrl":"https:\/\/www.miil.ee\/wp-content\/uploads\/2022\/02\/Miil-logo.svg","width":"1024","height":"1024","caption":"Miil O\u00dc"},"image":{"@id":"https:\/\/miil.dev.almic.ee\/#\/schema\/logo\/image\/"},"sameAs":["https:\/\/www.facebook.com\/konteinerveod\/","https:\/\/www.instagram.com\/ou_miil\/"]}]},"product_price_amount":"25480.00","product_price_currency":"EUR","og_availability":"instock","product_availability":"instock","product_condition":"new"},"_links":{"self":[{"href":"https:\/\/miil.dev.almic.ee\/lv\/wp-json\/wp\/v2\/product\/15144","targetHints":{"allow":["GET"]}}],"collection":[{"href":"https:\/\/miil.dev.almic.ee\/lv\/wp-json\/wp\/v2\/product"}],"about":[{"href":"https:\/\/miil.dev.almic.ee\/lv\/wp-json\/wp\/v2\/types\/product"}],"replies":[{"embeddable":true,"href":"https:\/\/miil.dev.almic.ee\/lv\/wp-json\/wp\/v2\/comments?post=15144"}],"wp:featuredmedia":[{"embeddable":true,"href":"https:\/\/miil.dev.almic.ee\/lv\/wp-json\/wp\/v2\/media\/10067"}],"wp:attachment":[{"href":"https:\/\/miil.dev.almic.ee\/lv\/wp-json\/wp\/v2\/media?parent=15144"}],"wp:term":[{"taxonomy":"product_cat","embeddable":true,"href":"https:\/\/miil.dev.almic.ee\/lv\/wp-json\/wp\/v2\/product_cat?post=15144"},{"taxonomy":"product_tag","embeddable":true,"href":"https:\/\/miil.dev.almic.ee\/lv\/wp-json\/wp\/v2\/product_tag?post=15144"}],"curies":[{"name":"wp","href":"https:\/\/api.w.org\/{rel}","templated":true}]}}