{"id":14936,"date":"2022-08-09T12:05:09","date_gmt":"2022-08-09T09:05:09","guid":{"rendered":"https:\/\/www.miil.ee\/toode\/valikaimla-soojustatud-1200x1400\/"},"modified":"2024-11-12T16:56:56","modified_gmt":"2024-11-12T14:56:56","slug":"valikaimla-soojustatud-1200x1400","status":"publish","type":"product","link":"https:\/\/miil.dev.almic.ee\/lv\/toode\/valikaimla-soojustatud-1200x1400\/","title":{"rendered":"V\u00e4lik\u00e4imla soojustatud 1200&#215;1400"},"content":{"rendered":"<h1>\u0100ra tualete &#8211; siltin\u0101ta 1,68 m2<\/h1>\n<p>\u0100ra tualet\u0113 ar sl\u0113dzam\u0101m durv\u012bm ir karst\u0101 \u016bdens boileris, tualete, izlietne un radiators. Turkl\u0101t WC ir dr\u0113bju pakaramais, elektr\u012bbas panelis un atbilsto\u0161s apgaismojums.<br \/>\n\u0100ra tualete ir viegli p\u0101rvietojama, pateicoties \u012bpa\u0161iem caurumiem, kas paredz\u0113ti iekr\u0101v\u0113ja vai iekr\u0101v\u0113ja zariem.<\/p>\n<h2>Koted\u017ea un mini m\u0101ja<\/h2>\n<p>Siltin\u0101t\u0101 kab\u012bne vairs nav tikai pagaidu \u0113ka b\u016bvlaukum\u0101, m\u016bsdien\u012bgas augstas kvalit\u0101tes kab\u012bnes ar skr\u016bvju savienojumiem ir lieliski piem\u0113rotas vasarn\u012bcai vai komercplat\u012bb\u0101m.<br \/>\nGatavai mini m\u0101ji\u0146ai nav nepiecie\u0161ami ne pamati, ne celtnieks \u2013 pas\u016bti un izbaudi?<br \/>\nUzst\u0101d\u012b\u0161ana aiz\u0146em maz\u0101k nek\u0101 30 min\u016btes, un m\u0101ja var p\u0101rdot gatavu risin\u0101jumu, kas noz\u012bm\u0113, ka to var pieg\u0101d\u0101t taj\u0101 pa\u0161\u0101 dien\u0101.<br \/>\nJa v\u0113laties izv\u0113l\u0113ties loga vai durvju atra\u0161an\u0101s vietu, tas pras\u012bs nedaudz vair\u0101k laika.<br \/>\nPapildus siltin\u0101\u0161anai, ja nepiecie\u0161ams, izb\u016bv\u0113jam starpsienas, uzst\u0101d\u0101m ru\u013c\u013cdurvis, metin\u0101m vai projekt\u0113jam Jums piem\u0113rotu rekl\u0101mas konteineru.<br \/>\nKab\u012bne ar ru\u013c\u013cdurv\u012bm atverama manu\u0101li, par papildus samaksu varam uzst\u0101d\u012bt motora vad\u012bbu no pults, koda vai lietotnes.<\/p>\n<h2>\u0100ra tualete &#8211;\u00a0Containex Basic pirkt vai \u012br\u0113t?<\/h2>\n<p>Papildus tirdzniec\u012bbai m\u0113s ar\u012b nom\u0101jam kaj\u012btes.<br \/>\nContainex Basic ir ide\u0101ls variants, ja jums ir nepiecie\u0161ama kaj\u012bte \u012bslaic\u012bgai izmanto\u0161anai celtniec\u012bb\u0101 vai ar\u012b k\u0101 sezonas koted\u017ea, birojs vai tirdzniec\u012bbas vieta.<br \/>\nKaj\u012b\u0161u noma ir garant\u0113ta un katram klientam varam atrast piem\u0113rotu risin\u0101jumu.<br \/>\nPie mums var \u012br\u0113t ar\u012b panor\u0101mas logus, koka m\u0101jas vai parast\u0101s silt\u0101s m\u0101jas un mini m\u0101jas.<br \/>\nM\u0113s pieg\u0101d\u0101jam sild\u012bt\u0101ju un uzst\u0101d\u0101m to p\u0113c klienta v\u0113lm\u0113m.<br \/>\nPied\u0101v\u0101jam pla\u0161as sadarb\u012bbas iesp\u0113jas, piem\u0113ram, nesezonas uzglab\u0101\u0161anai da\u017e\u0101d\u0101s pils\u0113t\u0101s. P\u0113rc tagad, maks\u0101 v\u0113l\u0101k, izmantojot Inbank.ee ar atlaides kodu &#8220;Konteiner&#8221;.<br \/>\nJa jums ir nepiecie\u0161ams viena, divst\u0101vu vai vair\u0101ku st\u0101vu risin\u0101jums, j\u016bs esat non\u0101cis \u012bstaj\u0101 viet\u0101!<br \/>\nNeviens projekts mums nav par lielu vai mazu, dro\u0161i jaut\u0101jiet un m\u0113s sadarb\u012bb\u0101 atrad\u012bsim lab\u0101ko risin\u0101jumu.<\/p>\n<p>Parasti transport\u0113\u0161anai izmantojam celtni vai s\u0101nu iekr\u0101v\u0113ju.<br \/>\nSare\u017e\u0123\u012bt\u0101kas vietas risin\u0101m ar auto piekabes pal\u012bdz\u012bbu.<\/p>\n<p>Sekojiet mums\u00a0<a href=\"https:\/\/www.facebook.com\/konteinerveod\/\">Facebook<\/a>\u00a0vai\u00a0<a href=\"https:\/\/www.instagram.com\/ou_miil\/\">Instagram<\/a><\/p>\n","protected":false},"excerpt":{"rendered":"<p>\u0100ra tualete &#8211; siltin\u0101ta 1,68 m2 \u0100ra tualet\u0113 ar sl\u0113dzam\u0101m durv\u012bm ir karst\u0101 \u016bdens boileris, tualete, izlietne un radiators. Turkl\u0101t WC ir dr\u0113bju pakaramais, elektr\u012bbas panelis un atbilsto\u0161s apgaismojums. \u0100ra tualete ir viegli p\u0101rvietojama, pateicoties \u012bpa\u0161iem caurumiem, kas paredz\u0113ti iekr\u0101v\u0113ja vai iekr\u0101v\u0113ja zariem. Koted\u017ea un mini m\u0101ja Siltin\u0101t\u0101 kab\u012bne vairs nav tikai pagaidu \u0113ka b\u016bvlaukum\u0101,&#8230;<\/p>\n","protected":false},"featured_media":24233,"comment_status":"closed","ping_status":"closed","template":"","meta":{"_acf_changed":false},"product_cat":[344,412],"product_tag":[],"class_list":{"0":"post-14936","1":"product","2":"type-product","3":"status-publish","4":"has-post-thumbnail","6":"product_cat-vagonini","7":"product_cat-ara-tualetes","9":"first","10":"instock","11":"sale","12":"shipping-taxable","13":"purchasable","14":"product-type-simple"},"acf":[],"yoast_head":"<!-- This site is optimized with the Yoast SEO Premium plugin v23.9 (Yoast SEO v27.5) - https:\/\/yoast.com\/product\/yoast-seo-premium-wordpress\/ -->\n<title>V\u00e4lik\u00e4imla soojustatud 1200x1400 - Miil O\u00dc<\/title>\n<meta name=\"description\" content=\"\u0100ra tualete | Juras konteiner transport | Juras konteiner jauns | Containex jauns | Transports un remonts | Elektr\u012bbas darbi un apkure | www.miil.lv\" \/>\n<meta name=\"robots\" content=\"index, follow, max-snippet:-1, max-image-preview:large, max-video-preview:-1\" \/>\n<link rel=\"canonical\" href=\"https:\/\/miil.dev.almic.ee\/lv\/toode\/valikaimla-soojustatud-1200x1400\/\" \/>\n<meta property=\"og:locale\" content=\"lv_LV\" \/>\n<meta property=\"og:type\" content=\"article\" \/>\n<meta property=\"og:title\" content=\"V\u00e4lik\u00e4imla soojustatud 1200x1400\" \/>\n<meta property=\"og:description\" content=\"\u0100ra tualete | Juras konteiner transport | Juras konteiner jauns | Containex jauns | Transports un remonts | Elektr\u012bbas darbi un apkure | www.miil.lv\" \/>\n<meta property=\"og:url\" content=\"https:\/\/miil.dev.almic.ee\/lv\/toode\/valikaimla-soojustatud-1200x1400\/\" \/>\n<meta property=\"og:site_name\" content=\"Miil O\u00dc\" \/>\n<meta property=\"article:publisher\" content=\"https:\/\/www.facebook.com\/konteinerveod\/\" \/>\n<meta property=\"article:modified_time\" content=\"2024-11-12T14:56:56+00:00\" \/>\n<meta property=\"og:image\" content=\"https:\/\/miil.dev.almic.ee\/wp-content\/uploads\/2022\/11\/10-2.jpg\" \/>\n\t<meta property=\"og:image:width\" content=\"1296\" \/>\n\t<meta property=\"og:image:height\" content=\"1728\" \/>\n\t<meta property=\"og:image:type\" content=\"image\/jpeg\" \/>\n<meta name=\"twitter:card\" content=\"summary_large_image\" \/>\n<meta name=\"twitter:label1\" content=\"Price\" \/>\n\t<meta name=\"twitter:data1\" content=\"3250,00&nbsp;&euro;\" \/>\n\t<meta name=\"twitter:label2\" content=\"Availability\" \/>\n\t<meta name=\"twitter:data2\" content=\"In stock\" \/>\n<script type=\"application\/ld+json\" class=\"yoast-schema-graph\">{\"@context\":\"https:\\\/\\\/schema.org\",\"@graph\":[{\"@type\":\"WebPage\",\"@id\":\"https:\\\/\\\/miil.dev.almic.ee\\\/lv\\\/toode\\\/valikaimla-soojustatud-1200x1400\\\/\",\"url\":\"https:\\\/\\\/miil.dev.almic.ee\\\/lv\\\/toode\\\/valikaimla-soojustatud-1200x1400\\\/\",\"name\":\"V\u00e4lik\u00e4imla soojustatud 1200x1400 - Miil O\u00dc\",\"isPartOf\":{\"@id\":\"https:\\\/\\\/miil.dev.almic.ee\\\/#website\"},\"primaryImageOfPage\":{\"@id\":\"https:\\\/\\\/miil.dev.almic.ee\\\/lv\\\/toode\\\/valikaimla-soojustatud-1200x1400\\\/#primaryimage\"},\"image\":{\"@id\":\"https:\\\/\\\/miil.dev.almic.ee\\\/lv\\\/toode\\\/valikaimla-soojustatud-1200x1400\\\/#primaryimage\"},\"thumbnailUrl\":\"https:\\\/\\\/miil.dev.almic.ee\\\/wp-content\\\/uploads\\\/2022\\\/11\\\/10-2.jpg\",\"datePublished\":\"2022-08-09T09:05:09+00:00\",\"dateModified\":\"2024-11-12T14:56:56+00:00\",\"description\":\"\u0100ra tualete | Juras konteiner transport | Juras konteiner jauns | Containex jauns | Transports un remonts | Elektr\u012bbas darbi un apkure | www.miil.lv\",\"breadcrumb\":{\"@id\":\"https:\\\/\\\/miil.dev.almic.ee\\\/lv\\\/toode\\\/valikaimla-soojustatud-1200x1400\\\/#breadcrumb\"},\"inLanguage\":\"lv-LV\",\"potentialAction\":[{\"@type\":\"ReadAction\",\"target\":[\"https:\\\/\\\/miil.dev.almic.ee\\\/lv\\\/toode\\\/valikaimla-soojustatud-1200x1400\\\/\"]}]},{\"@type\":\"ImageObject\",\"inLanguage\":\"lv-LV\",\"@id\":\"https:\\\/\\\/miil.dev.almic.ee\\\/lv\\\/toode\\\/valikaimla-soojustatud-1200x1400\\\/#primaryimage\",\"url\":\"https:\\\/\\\/miil.dev.almic.ee\\\/wp-content\\\/uploads\\\/2022\\\/11\\\/10-2.jpg\",\"contentUrl\":\"https:\\\/\\\/miil.dev.almic.ee\\\/wp-content\\\/uploads\\\/2022\\\/11\\\/10-2.jpg\",\"width\":1296,\"height\":1728},{\"@type\":\"BreadcrumbList\",\"@id\":\"https:\\\/\\\/miil.dev.almic.ee\\\/lv\\\/toode\\\/valikaimla-soojustatud-1200x1400\\\/#breadcrumb\",\"itemListElement\":[{\"@type\":\"ListItem\",\"position\":1,\"name\":\"Home\",\"item\":\"https:\\\/\\\/miil.dev.almic.ee\\\/lv\\\/\"},{\"@type\":\"ListItem\",\"position\":2,\"name\":\"Veikals\",\"item\":\"https:\\\/\\\/miil.dev.almic.ee\\\/lv\\\/veikals\\\/\"},{\"@type\":\"ListItem\",\"position\":3,\"name\":\"V\u00e4lik\u00e4imla soojustatud 1200&#215;1400\"}]},{\"@type\":\"WebSite\",\"@id\":\"https:\\\/\\\/miil.dev.almic.ee\\\/#website\",\"url\":\"https:\\\/\\\/miil.dev.almic.ee\\\/\",\"name\":\"Miil O\u00dc\",\"description\":\"Konteinerveod\",\"publisher\":{\"@id\":\"https:\\\/\\\/miil.dev.almic.ee\\\/#organization\"},\"potentialAction\":[{\"@type\":\"SearchAction\",\"target\":{\"@type\":\"EntryPoint\",\"urlTemplate\":\"https:\\\/\\\/miil.dev.almic.ee\\\/?s={search_term_string}\"},\"query-input\":{\"@type\":\"PropertyValueSpecification\",\"valueRequired\":true,\"valueName\":\"search_term_string\"}}],\"inLanguage\":\"lv-LV\"},{\"@type\":\"Organization\",\"@id\":\"https:\\\/\\\/miil.dev.almic.ee\\\/#organization\",\"name\":\"Miil O\u00dc\",\"url\":\"https:\\\/\\\/miil.dev.almic.ee\\\/\",\"logo\":{\"@type\":\"ImageObject\",\"inLanguage\":\"lv-LV\",\"@id\":\"https:\\\/\\\/miil.dev.almic.ee\\\/#\\\/schema\\\/logo\\\/image\\\/\",\"url\":\"https:\\\/\\\/www.miil.ee\\\/wp-content\\\/uploads\\\/2022\\\/02\\\/Miil-logo.svg\",\"contentUrl\":\"https:\\\/\\\/www.miil.ee\\\/wp-content\\\/uploads\\\/2022\\\/02\\\/Miil-logo.svg\",\"width\":\"1024\",\"height\":\"1024\",\"caption\":\"Miil O\u00dc\"},\"image\":{\"@id\":\"https:\\\/\\\/miil.dev.almic.ee\\\/#\\\/schema\\\/logo\\\/image\\\/\"},\"sameAs\":[\"https:\\\/\\\/www.facebook.com\\\/konteinerveod\\\/\",\"https:\\\/\\\/www.instagram.com\\\/ou_miil\\\/\"]}]}<\/script>\n<meta property=\"product:price:amount\" content=\"3250.00\" \/>\n<meta property=\"product:price:currency\" content=\"EUR\" \/>\n<meta property=\"og:availability\" content=\"instock\" \/>\n<meta property=\"product:availability\" content=\"instock\" \/>\n<meta property=\"product:condition\" content=\"new\" \/>\n<!-- \/ Yoast SEO Premium plugin. -->","yoast_head_json":{"title":"V\u00e4lik\u00e4imla soojustatud 1200x1400 - Miil O\u00dc","description":"\u0100ra tualete | Juras konteiner transport | Juras konteiner jauns | Containex jauns | Transports un remonts | Elektr\u012bbas darbi un apkure | www.miil.lv","robots":{"index":"index","follow":"follow","max-snippet":"max-snippet:-1","max-image-preview":"max-image-preview:large","max-video-preview":"max-video-preview:-1"},"canonical":"https:\/\/miil.dev.almic.ee\/lv\/toode\/valikaimla-soojustatud-1200x1400\/","og_locale":"lv_LV","og_type":"article","og_title":"V\u00e4lik\u00e4imla soojustatud 1200x1400","og_description":"\u0100ra tualete | Juras konteiner transport | Juras konteiner jauns | Containex jauns | Transports un remonts | Elektr\u012bbas darbi un apkure | www.miil.lv","og_url":"https:\/\/miil.dev.almic.ee\/lv\/toode\/valikaimla-soojustatud-1200x1400\/","og_site_name":"Miil O\u00dc","article_publisher":"https:\/\/www.facebook.com\/konteinerveod\/","article_modified_time":"2024-11-12T14:56:56+00:00","og_image":[{"width":1296,"height":1728,"url":"https:\/\/miil.dev.almic.ee\/wp-content\/uploads\/2022\/11\/10-2.jpg","type":"image\/jpeg"}],"twitter_card":"summary_large_image","twitter_misc":{"Price":"3250,00&nbsp;&euro;","Availability":"In stock"},"schema":{"@context":"https:\/\/schema.org","@graph":[{"@type":"WebPage","@id":"https:\/\/miil.dev.almic.ee\/lv\/toode\/valikaimla-soojustatud-1200x1400\/","url":"https:\/\/miil.dev.almic.ee\/lv\/toode\/valikaimla-soojustatud-1200x1400\/","name":"V\u00e4lik\u00e4imla soojustatud 1200x1400 - Miil O\u00dc","isPartOf":{"@id":"https:\/\/miil.dev.almic.ee\/#website"},"primaryImageOfPage":{"@id":"https:\/\/miil.dev.almic.ee\/lv\/toode\/valikaimla-soojustatud-1200x1400\/#primaryimage"},"image":{"@id":"https:\/\/miil.dev.almic.ee\/lv\/toode\/valikaimla-soojustatud-1200x1400\/#primaryimage"},"thumbnailUrl":"https:\/\/miil.dev.almic.ee\/wp-content\/uploads\/2022\/11\/10-2.jpg","datePublished":"2022-08-09T09:05:09+00:00","dateModified":"2024-11-12T14:56:56+00:00","description":"\u0100ra tualete | Juras konteiner transport | Juras konteiner jauns | Containex jauns | Transports un remonts | Elektr\u012bbas darbi un apkure | www.miil.lv","breadcrumb":{"@id":"https:\/\/miil.dev.almic.ee\/lv\/toode\/valikaimla-soojustatud-1200x1400\/#breadcrumb"},"inLanguage":"lv-LV","potentialAction":[{"@type":"ReadAction","target":["https:\/\/miil.dev.almic.ee\/lv\/toode\/valikaimla-soojustatud-1200x1400\/"]}]},{"@type":"ImageObject","inLanguage":"lv-LV","@id":"https:\/\/miil.dev.almic.ee\/lv\/toode\/valikaimla-soojustatud-1200x1400\/#primaryimage","url":"https:\/\/miil.dev.almic.ee\/wp-content\/uploads\/2022\/11\/10-2.jpg","contentUrl":"https:\/\/miil.dev.almic.ee\/wp-content\/uploads\/2022\/11\/10-2.jpg","width":1296,"height":1728},{"@type":"BreadcrumbList","@id":"https:\/\/miil.dev.almic.ee\/lv\/toode\/valikaimla-soojustatud-1200x1400\/#breadcrumb","itemListElement":[{"@type":"ListItem","position":1,"name":"Home","item":"https:\/\/miil.dev.almic.ee\/lv\/"},{"@type":"ListItem","position":2,"name":"Veikals","item":"https:\/\/miil.dev.almic.ee\/lv\/veikals\/"},{"@type":"ListItem","position":3,"name":"V\u00e4lik\u00e4imla soojustatud 1200&#215;1400"}]},{"@type":"WebSite","@id":"https:\/\/miil.dev.almic.ee\/#website","url":"https:\/\/miil.dev.almic.ee\/","name":"Miil O\u00dc","description":"Konteinerveod","publisher":{"@id":"https:\/\/miil.dev.almic.ee\/#organization"},"potentialAction":[{"@type":"SearchAction","target":{"@type":"EntryPoint","urlTemplate":"https:\/\/miil.dev.almic.ee\/?s={search_term_string}"},"query-input":{"@type":"PropertyValueSpecification","valueRequired":true,"valueName":"search_term_string"}}],"inLanguage":"lv-LV"},{"@type":"Organization","@id":"https:\/\/miil.dev.almic.ee\/#organization","name":"Miil O\u00dc","url":"https:\/\/miil.dev.almic.ee\/","logo":{"@type":"ImageObject","inLanguage":"lv-LV","@id":"https:\/\/miil.dev.almic.ee\/#\/schema\/logo\/image\/","url":"https:\/\/www.miil.ee\/wp-content\/uploads\/2022\/02\/Miil-logo.svg","contentUrl":"https:\/\/www.miil.ee\/wp-content\/uploads\/2022\/02\/Miil-logo.svg","width":"1024","height":"1024","caption":"Miil O\u00dc"},"image":{"@id":"https:\/\/miil.dev.almic.ee\/#\/schema\/logo\/image\/"},"sameAs":["https:\/\/www.facebook.com\/konteinerveod\/","https:\/\/www.instagram.com\/ou_miil\/"]}]},"product_price_amount":"3250.00","product_price_currency":"EUR","og_availability":"instock","product_availability":"instock","product_condition":"new"},"_links":{"self":[{"href":"https:\/\/miil.dev.almic.ee\/lv\/wp-json\/wp\/v2\/product\/14936","targetHints":{"allow":["GET"]}}],"collection":[{"href":"https:\/\/miil.dev.almic.ee\/lv\/wp-json\/wp\/v2\/product"}],"about":[{"href":"https:\/\/miil.dev.almic.ee\/lv\/wp-json\/wp\/v2\/types\/product"}],"replies":[{"embeddable":true,"href":"https:\/\/miil.dev.almic.ee\/lv\/wp-json\/wp\/v2\/comments?post=14936"}],"wp:featuredmedia":[{"embeddable":true,"href":"https:\/\/miil.dev.almic.ee\/lv\/wp-json\/wp\/v2\/media\/24233"}],"wp:attachment":[{"href":"https:\/\/miil.dev.almic.ee\/lv\/wp-json\/wp\/v2\/media?parent=14936"}],"wp:term":[{"taxonomy":"product_cat","embeddable":true,"href":"https:\/\/miil.dev.almic.ee\/lv\/wp-json\/wp\/v2\/product_cat?post=14936"},{"taxonomy":"product_tag","embeddable":true,"href":"https:\/\/miil.dev.almic.ee\/lv\/wp-json\/wp\/v2\/product_tag?post=14936"}],"curies":[{"name":"wp","href":"https:\/\/api.w.org\/{rel}","templated":true}]}}