{"id":14913,"date":"2022-08-11T21:38:22","date_gmt":"2022-08-11T18:38:22","guid":{"rendered":"https:\/\/www.miil.ee\/toode\/konteinerladu-keilas\/"},"modified":"2025-01-27T11:22:22","modified_gmt":"2025-01-27T09:22:22","slug":"mini-noliktava-keila","status":"publish","type":"product","link":"https:\/\/miil.dev.almic.ee\/lv\/toode\/mini-noliktava-keila\/","title":{"rendered":"Konteineru noma KEILA"},"content":{"rendered":"<h1>Konteineru noliktava &#8211; mini noliktava &#8211; KEILA<\/h1>\n<p>Konteineru noliktava &#8211; mini noliktava &#8211; KEILA<br \/>\nKeil\u0101 atrodamies Paldiski mnt 35.<br \/>\nCena 90.- +pvn\/m\u0113n un par to ieg\u016bsi jaunu 14m2 uzglab\u0101\u0161anas kasti.<br \/>\nKonteineru noliktava ir lab\u0101k\u0101 mini noliktava.<br \/>\nBrauciet ar auto l\u012bdz sava konteinera durv\u012bm, nav vajadz\u012bbas nekur nest lietas.<br \/>\nVisi m\u016bsu objektos nom\u0101jamie konteineri ir jauni un v\u0113din\u0101mi.<br \/>\nMini noliktava, kas atrodas norobe\u017eotaj\u0101 teritorij\u0101 aiz Bauhof, ir \u0101trs un \u0113rts veids, k\u0101 uzglab\u0101t lietas.<\/p>\n<h2>Konteineru noliktava &#8211; mini noliktava &#8211; KEILA uz vienu m\u0113nesi vai trim gadiem?<\/h2>\n<p>Iz\u012br\u0113jiet mini noliktavu tie\u0161i tik ilgi, cik nepiecie\u0161ams.<br \/>\nM\u0113s nepiespie\u017eam klientus prec\u0113ties ar konteineru, j\u016bs jebkur\u0101 laik\u0101 varat pagarin\u0101t vai lauzt nomas l\u012bgumu.<br \/>\nDaudzi m\u016bsu klienti konteinerus izmanto jau gadiem, nepiecie\u0161am\u012bbas gad\u012bjum\u0101 varam atrast papildus plauktus vai p\u0101rv\u0101k\u0161an\u0101s servisu.<\/p>\n<p>Katram jaunam uzglab\u0101\u0161anas konteineram ir:<\/p>\n<ul>\n<li>Sl\u0113dze\u0146u aizsardz\u012bba<\/li>\n<li>Papildu ventil\u0101cija<\/li>\n<li>Viegli atveramas durvis<\/li>\n<li>Iesp\u0113jama noliktavas plaukti<\/li>\n<li>Papildu nov\u0113ro\u0161anas iesp\u0113ja<\/li>\n<\/ul>\n<p>Mini noliktava nav apsild\u0101ma, bet ir sausa un v\u0113din\u0101ma.<br \/>\nLieliski piem\u0113rots m\u0113be\u013cu, transportl\u012bdzek\u013cu, instrumentu, piekabju vai jebkura cita uzglab\u0101\u0161anai.<br \/>\nTiek glab\u0101tas ar\u012b jaunas m\u0113beles, un, pateicoties jaunajai noliktavai, tiek garant\u0113ta klienta pre\u010du saglab\u0101\u0161ana.<br \/>\nP\u0101rdodot jaunu uzglab\u0101\u0161anas konteineru, dodam laikapst\u0101k\u013ciem iztur\u012bgu garantiju vismaz 50 gadus.<br \/>\nVietn\u0113s eso\u0161\u0101s mini noliktavas ir diezgan jaunas vai tikai da\u017eus gadus vecas.<\/p>\n<h2>Mini noliktava klienta pagalm\u0101?<\/h2>\n<p>Ja v\u0113laties \u012br\u0113t m\u016bsu mobilo lietoto 6 metru konteineru mini noliktavu, parasti transport\u0113\u0161anai izmantojam celtni vai s\u0101nu iekr\u0101v\u0113ju.<br \/>\nSare\u017e\u0123\u012bt\u0101kas vietas risin\u0101m ar auto piekabes pal\u012bdz\u012bbu.<br \/>\nKlienta teritorij\u0101 m\u016bsu 6 metru lietot\u0101 j\u016bras konteinera cena ir 50.- +pvn\/m\u0113n un 12 metru j\u016bras konteinera cena 99.- +pvn\/m\u0113n.<\/p>\n<p>Konteiners uzglab\u0101\u0161anai nav nepiecie\u0161ams pamats. M\u0113s pat varam uzst\u0101d\u012bt lietotu konteineru virs galdu kaudzes vai uz z\u0101liena.<br \/>\nPas\u016bt\u012bt\u0101ja teritorij\u0101 konteiners tiek izmantots, piem\u0113ram, k\u0101 papildus saus\u0101 telpa, malkas z\u0101\u0123\u0113\u0161anai, materi\u0101la uzglab\u0101\u0161anai vai telpu apr\u012bkojuma uzglab\u0101\u0161anai b\u016bvniec\u012bbas laik\u0101.<\/p>\n<p>Konteineru noliktava tiek iznom\u0101ta ar\u012b sezon\u0101li, piem\u0113ram, k\u0101 papildus veikals veikalam vai hobija transportl\u012bdzek\u013ca uzglab\u0101\u0161anai ziemas sezon\u0101.<br \/>\nKonteiners ir \u0101tr\u0101kais un pieejam\u0101kais veids, k\u0101 \u0113rti uzglab\u0101t preces. Konteinera gr\u012bda var notur\u0113t l\u012bdz 30 tonn\u0101m pre\u010du, un t\u0101du daudzumu sadz\u012bves lieto\u0161an\u0101 ir gr\u016bti atrast. Automa\u0161\u012bna, piem\u0113ram, sver tikai aptuveni 2 tonnas.<\/p>\n<p>L\u012bgumu var pagarin\u0101t vai lauzt jebkur\u0101 laik\u0101.<\/p>\n<p>Sekojiet mums <a href=\"https:\/\/www.facebook.com\/konteinerveod\/\">Facebook<\/a> vai <a href=\"https:\/\/www.instagram.com\/ou_miil\/\">Instagram.<\/a><\/p>\n","protected":false},"excerpt":{"rendered":"<p>M\u016bsu konteineru noliktava, kas atrodas Keil\u0101 Igaunij\u0101, ir labs risin\u0101jums papildu uzglab\u0101\u0161anas viet\u0101m. Dro\u0161s risin\u0101jums videonov\u0113ro\u0161anas kameru nov\u0113ro\u0161an\u0101, ko ieskauj \u017eogs. Der visa veida prec\u0113m \u2013 sezonas prec\u0113m, prec\u0113m J\u016bsu uz\u0146\u0113mumam, m\u0113bel\u0113m vai jebkam citam.<\/p>\n","protected":false},"featured_media":13681,"comment_status":"open","ping_status":"closed","template":"","meta":{"_acf_changed":false},"product_cat":[340,1040],"product_tag":[],"class_list":{"0":"post-14913","1":"product","2":"type-product","3":"status-publish","4":"has-post-thumbnail","6":"product_cat-konteineri-nomai","7":"product_cat-mini-noliktavas","9":"first","10":"instock","11":"shipping-taxable","12":"purchasable","13":"product-type-simple"},"acf":[],"yoast_head":"<!-- This site is optimized with the Yoast SEO Premium plugin v23.9 (Yoast SEO v27.5) - https:\/\/yoast.com\/product\/yoast-seo-premium-wordpress\/ -->\n<title>mini noliktava - KEILA - Miil O\u00dc<\/title>\n<meta name=\"description\" content=\"mini noliktava - KEILA | Juras konteiners izp\u0101rdo\u0161ana | Juras konteiners \u012br\u0113t | tiek p\u0101rdota biroja kab\u012bne | Juras konteiners transport |\" \/>\n<meta name=\"robots\" content=\"index, follow, max-snippet:-1, max-image-preview:large, max-video-preview:-1\" \/>\n<link rel=\"canonical\" href=\"https:\/\/miil.dev.almic.ee\/lv\/toode\/mini-noliktava-keila\/\" \/>\n<meta property=\"og:locale\" content=\"lv_LV\" \/>\n<meta property=\"og:type\" content=\"article\" \/>\n<meta property=\"og:title\" content=\"Konteineru noma KEILA\" \/>\n<meta property=\"og:description\" content=\"mini noliktava - KEILA | Juras konteiners izp\u0101rdo\u0161ana | Juras konteiners \u012br\u0113t | tiek p\u0101rdota biroja kab\u012bne | Juras konteiners transport |\" \/>\n<meta property=\"og:url\" content=\"https:\/\/miil.dev.almic.ee\/lv\/toode\/mini-noliktava-keila\/\" \/>\n<meta property=\"og:site_name\" content=\"Miil O\u00dc\" \/>\n<meta property=\"article:publisher\" content=\"https:\/\/www.facebook.com\/konteinerveod\/\" \/>\n<meta property=\"article:modified_time\" content=\"2025-01-27T09:22:22+00:00\" \/>\n<meta property=\"og:image\" content=\"https:\/\/miil.dev.almic.ee\/wp-content\/uploads\/2022\/08\/156837844_440040913937687_1468269197405434615_n-scaled.jpg\" \/>\n\t<meta property=\"og:image:width\" content=\"1900\" \/>\n\t<meta property=\"og:image:height\" content=\"1425\" \/>\n\t<meta property=\"og:image:type\" content=\"image\/jpeg\" \/>\n<meta name=\"twitter:card\" content=\"summary_large_image\" \/>\n<meta name=\"twitter:label1\" content=\"Price\" \/>\n\t<meta name=\"twitter:data1\" content=\"90,00&nbsp;&euro;\" \/>\n\t<meta name=\"twitter:label2\" content=\"Availability\" \/>\n\t<meta name=\"twitter:data2\" content=\"In stock\" \/>\n<script type=\"application\/ld+json\" class=\"yoast-schema-graph\">{\"@context\":\"https:\\\/\\\/schema.org\",\"@graph\":[{\"@type\":\"WebPage\",\"@id\":\"https:\\\/\\\/miil.dev.almic.ee\\\/lv\\\/toode\\\/mini-noliktava-keila\\\/\",\"url\":\"https:\\\/\\\/miil.dev.almic.ee\\\/lv\\\/toode\\\/mini-noliktava-keila\\\/\",\"name\":\"mini noliktava - KEILA - Miil O\u00dc\",\"isPartOf\":{\"@id\":\"https:\\\/\\\/miil.dev.almic.ee\\\/#website\"},\"primaryImageOfPage\":{\"@id\":\"https:\\\/\\\/miil.dev.almic.ee\\\/lv\\\/toode\\\/mini-noliktava-keila\\\/#primaryimage\"},\"image\":{\"@id\":\"https:\\\/\\\/miil.dev.almic.ee\\\/lv\\\/toode\\\/mini-noliktava-keila\\\/#primaryimage\"},\"thumbnailUrl\":\"https:\\\/\\\/miil.dev.almic.ee\\\/wp-content\\\/uploads\\\/2022\\\/08\\\/156837844_440040913937687_1468269197405434615_n-scaled.jpg\",\"datePublished\":\"2022-08-11T18:38:22+00:00\",\"dateModified\":\"2025-01-27T09:22:22+00:00\",\"description\":\"mini noliktava - KEILA | Juras konteiners izp\u0101rdo\u0161ana | Juras konteiners \u012br\u0113t | tiek p\u0101rdota biroja kab\u012bne | Juras konteiners transport |\",\"breadcrumb\":{\"@id\":\"https:\\\/\\\/miil.dev.almic.ee\\\/lv\\\/toode\\\/mini-noliktava-keila\\\/#breadcrumb\"},\"inLanguage\":\"lv-LV\",\"potentialAction\":[{\"@type\":\"ReadAction\",\"target\":[\"https:\\\/\\\/miil.dev.almic.ee\\\/lv\\\/toode\\\/mini-noliktava-keila\\\/\"]}]},{\"@type\":\"ImageObject\",\"inLanguage\":\"lv-LV\",\"@id\":\"https:\\\/\\\/miil.dev.almic.ee\\\/lv\\\/toode\\\/mini-noliktava-keila\\\/#primaryimage\",\"url\":\"https:\\\/\\\/miil.dev.almic.ee\\\/wp-content\\\/uploads\\\/2022\\\/08\\\/156837844_440040913937687_1468269197405434615_n-scaled.jpg\",\"contentUrl\":\"https:\\\/\\\/miil.dev.almic.ee\\\/wp-content\\\/uploads\\\/2022\\\/08\\\/156837844_440040913937687_1468269197405434615_n-scaled.jpg\",\"width\":1900,\"height\":1425,\"caption\":\"Konteinerladu - miniladu - nutiladu - KEILA\"},{\"@type\":\"BreadcrumbList\",\"@id\":\"https:\\\/\\\/miil.dev.almic.ee\\\/lv\\\/toode\\\/mini-noliktava-keila\\\/#breadcrumb\",\"itemListElement\":[{\"@type\":\"ListItem\",\"position\":1,\"name\":\"Home\",\"item\":\"https:\\\/\\\/miil.dev.almic.ee\\\/lv\\\/\"},{\"@type\":\"ListItem\",\"position\":2,\"name\":\"Veikals\",\"item\":\"https:\\\/\\\/miil.dev.almic.ee\\\/lv\\\/veikals\\\/\"},{\"@type\":\"ListItem\",\"position\":3,\"name\":\"Konteineru noma KEILA\"}]},{\"@type\":\"WebSite\",\"@id\":\"https:\\\/\\\/miil.dev.almic.ee\\\/#website\",\"url\":\"https:\\\/\\\/miil.dev.almic.ee\\\/\",\"name\":\"Miil O\u00dc\",\"description\":\"Konteinerveod\",\"publisher\":{\"@id\":\"https:\\\/\\\/miil.dev.almic.ee\\\/#organization\"},\"potentialAction\":[{\"@type\":\"SearchAction\",\"target\":{\"@type\":\"EntryPoint\",\"urlTemplate\":\"https:\\\/\\\/miil.dev.almic.ee\\\/?s={search_term_string}\"},\"query-input\":{\"@type\":\"PropertyValueSpecification\",\"valueRequired\":true,\"valueName\":\"search_term_string\"}}],\"inLanguage\":\"lv-LV\"},{\"@type\":\"Organization\",\"@id\":\"https:\\\/\\\/miil.dev.almic.ee\\\/#organization\",\"name\":\"Miil O\u00dc\",\"url\":\"https:\\\/\\\/miil.dev.almic.ee\\\/\",\"logo\":{\"@type\":\"ImageObject\",\"inLanguage\":\"lv-LV\",\"@id\":\"https:\\\/\\\/miil.dev.almic.ee\\\/#\\\/schema\\\/logo\\\/image\\\/\",\"url\":\"https:\\\/\\\/www.miil.ee\\\/wp-content\\\/uploads\\\/2022\\\/02\\\/Miil-logo.svg\",\"contentUrl\":\"https:\\\/\\\/www.miil.ee\\\/wp-content\\\/uploads\\\/2022\\\/02\\\/Miil-logo.svg\",\"width\":\"1024\",\"height\":\"1024\",\"caption\":\"Miil O\u00dc\"},\"image\":{\"@id\":\"https:\\\/\\\/miil.dev.almic.ee\\\/#\\\/schema\\\/logo\\\/image\\\/\"},\"sameAs\":[\"https:\\\/\\\/www.facebook.com\\\/konteinerveod\\\/\",\"https:\\\/\\\/www.instagram.com\\\/ou_miil\\\/\"]}]}<\/script>\n<meta property=\"product:price:amount\" content=\"90.00\" \/>\n<meta property=\"product:price:currency\" content=\"EUR\" \/>\n<meta property=\"og:availability\" content=\"instock\" \/>\n<meta property=\"product:availability\" content=\"instock\" \/>\n<meta property=\"product:condition\" content=\"new\" \/>\n<!-- \/ Yoast SEO Premium plugin. -->","yoast_head_json":{"title":"mini noliktava - KEILA - Miil O\u00dc","description":"mini noliktava - KEILA | Juras konteiners izp\u0101rdo\u0161ana | Juras konteiners \u012br\u0113t | tiek p\u0101rdota biroja kab\u012bne | Juras konteiners transport |","robots":{"index":"index","follow":"follow","max-snippet":"max-snippet:-1","max-image-preview":"max-image-preview:large","max-video-preview":"max-video-preview:-1"},"canonical":"https:\/\/miil.dev.almic.ee\/lv\/toode\/mini-noliktava-keila\/","og_locale":"lv_LV","og_type":"article","og_title":"Konteineru noma KEILA","og_description":"mini noliktava - KEILA | Juras konteiners izp\u0101rdo\u0161ana | Juras konteiners \u012br\u0113t | tiek p\u0101rdota biroja kab\u012bne | Juras konteiners transport |","og_url":"https:\/\/miil.dev.almic.ee\/lv\/toode\/mini-noliktava-keila\/","og_site_name":"Miil O\u00dc","article_publisher":"https:\/\/www.facebook.com\/konteinerveod\/","article_modified_time":"2025-01-27T09:22:22+00:00","og_image":[{"width":1900,"height":1425,"url":"https:\/\/miil.dev.almic.ee\/wp-content\/uploads\/2022\/08\/156837844_440040913937687_1468269197405434615_n-scaled.jpg","type":"image\/jpeg"}],"twitter_card":"summary_large_image","twitter_misc":{"Price":"90,00&nbsp;&euro;","Availability":"In stock"},"schema":{"@context":"https:\/\/schema.org","@graph":[{"@type":"WebPage","@id":"https:\/\/miil.dev.almic.ee\/lv\/toode\/mini-noliktava-keila\/","url":"https:\/\/miil.dev.almic.ee\/lv\/toode\/mini-noliktava-keila\/","name":"mini noliktava - KEILA - Miil O\u00dc","isPartOf":{"@id":"https:\/\/miil.dev.almic.ee\/#website"},"primaryImageOfPage":{"@id":"https:\/\/miil.dev.almic.ee\/lv\/toode\/mini-noliktava-keila\/#primaryimage"},"image":{"@id":"https:\/\/miil.dev.almic.ee\/lv\/toode\/mini-noliktava-keila\/#primaryimage"},"thumbnailUrl":"https:\/\/miil.dev.almic.ee\/wp-content\/uploads\/2022\/08\/156837844_440040913937687_1468269197405434615_n-scaled.jpg","datePublished":"2022-08-11T18:38:22+00:00","dateModified":"2025-01-27T09:22:22+00:00","description":"mini noliktava - KEILA | Juras konteiners izp\u0101rdo\u0161ana | Juras konteiners \u012br\u0113t | tiek p\u0101rdota biroja kab\u012bne | Juras konteiners transport |","breadcrumb":{"@id":"https:\/\/miil.dev.almic.ee\/lv\/toode\/mini-noliktava-keila\/#breadcrumb"},"inLanguage":"lv-LV","potentialAction":[{"@type":"ReadAction","target":["https:\/\/miil.dev.almic.ee\/lv\/toode\/mini-noliktava-keila\/"]}]},{"@type":"ImageObject","inLanguage":"lv-LV","@id":"https:\/\/miil.dev.almic.ee\/lv\/toode\/mini-noliktava-keila\/#primaryimage","url":"https:\/\/miil.dev.almic.ee\/wp-content\/uploads\/2022\/08\/156837844_440040913937687_1468269197405434615_n-scaled.jpg","contentUrl":"https:\/\/miil.dev.almic.ee\/wp-content\/uploads\/2022\/08\/156837844_440040913937687_1468269197405434615_n-scaled.jpg","width":1900,"height":1425,"caption":"Konteinerladu - miniladu - nutiladu - KEILA"},{"@type":"BreadcrumbList","@id":"https:\/\/miil.dev.almic.ee\/lv\/toode\/mini-noliktava-keila\/#breadcrumb","itemListElement":[{"@type":"ListItem","position":1,"name":"Home","item":"https:\/\/miil.dev.almic.ee\/lv\/"},{"@type":"ListItem","position":2,"name":"Veikals","item":"https:\/\/miil.dev.almic.ee\/lv\/veikals\/"},{"@type":"ListItem","position":3,"name":"Konteineru noma KEILA"}]},{"@type":"WebSite","@id":"https:\/\/miil.dev.almic.ee\/#website","url":"https:\/\/miil.dev.almic.ee\/","name":"Miil O\u00dc","description":"Konteinerveod","publisher":{"@id":"https:\/\/miil.dev.almic.ee\/#organization"},"potentialAction":[{"@type":"SearchAction","target":{"@type":"EntryPoint","urlTemplate":"https:\/\/miil.dev.almic.ee\/?s={search_term_string}"},"query-input":{"@type":"PropertyValueSpecification","valueRequired":true,"valueName":"search_term_string"}}],"inLanguage":"lv-LV"},{"@type":"Organization","@id":"https:\/\/miil.dev.almic.ee\/#organization","name":"Miil O\u00dc","url":"https:\/\/miil.dev.almic.ee\/","logo":{"@type":"ImageObject","inLanguage":"lv-LV","@id":"https:\/\/miil.dev.almic.ee\/#\/schema\/logo\/image\/","url":"https:\/\/www.miil.ee\/wp-content\/uploads\/2022\/02\/Miil-logo.svg","contentUrl":"https:\/\/www.miil.ee\/wp-content\/uploads\/2022\/02\/Miil-logo.svg","width":"1024","height":"1024","caption":"Miil O\u00dc"},"image":{"@id":"https:\/\/miil.dev.almic.ee\/#\/schema\/logo\/image\/"},"sameAs":["https:\/\/www.facebook.com\/konteinerveod\/","https:\/\/www.instagram.com\/ou_miil\/"]}]},"product_price_amount":"90.00","product_price_currency":"EUR","og_availability":"instock","product_availability":"instock","product_condition":"new"},"_links":{"self":[{"href":"https:\/\/miil.dev.almic.ee\/lv\/wp-json\/wp\/v2\/product\/14913","targetHints":{"allow":["GET"]}}],"collection":[{"href":"https:\/\/miil.dev.almic.ee\/lv\/wp-json\/wp\/v2\/product"}],"about":[{"href":"https:\/\/miil.dev.almic.ee\/lv\/wp-json\/wp\/v2\/types\/product"}],"replies":[{"embeddable":true,"href":"https:\/\/miil.dev.almic.ee\/lv\/wp-json\/wp\/v2\/comments?post=14913"}],"wp:featuredmedia":[{"embeddable":true,"href":"https:\/\/miil.dev.almic.ee\/lv\/wp-json\/wp\/v2\/media\/13681"}],"wp:attachment":[{"href":"https:\/\/miil.dev.almic.ee\/lv\/wp-json\/wp\/v2\/media?parent=14913"}],"wp:term":[{"taxonomy":"product_cat","embeddable":true,"href":"https:\/\/miil.dev.almic.ee\/lv\/wp-json\/wp\/v2\/product_cat?post=14913"},{"taxonomy":"product_tag","embeddable":true,"href":"https:\/\/miil.dev.almic.ee\/lv\/wp-json\/wp\/v2\/product_tag?post=14913"}],"curies":[{"name":"wp","href":"https:\/\/api.w.org\/{rel}","templated":true}]}}