{"id":14910,"date":"2022-08-11T21:43:54","date_gmt":"2022-08-11T18:43:54","guid":{"rendered":"https:\/\/www.miil.ee\/toode\/konteinerladu-parnus\/"},"modified":"2025-01-22T16:29:23","modified_gmt":"2025-01-22T14:29:23","slug":"mini-noliktava-parnu","status":"publish","type":"product","link":"https:\/\/miil.dev.almic.ee\/lv\/toode\/mini-noliktava-parnu\/","title":{"rendered":"Konteineru noma P\u00c4RNU &#8211; Keskuse 2"},"content":{"rendered":"<h1>Mini Warehouse P\u00e4rnu &#8211; Dro\u0161s un \u0113rts uzglab\u0101\u0161anas risin\u0101jums<\/h1>\n<p>Mini noliktava P\u00e4rnu Keskuse 2 pied\u0101v\u0101 ide\u0101lu telpas risin\u0101jumu, ja jums ir nepiecie\u0161ama dro\u0161a un \u0113rta vieta pre\u010du un akt\u012bvu uzglab\u0101\u0161anai. \u0160\u012b 6 metru konteineru noliktava ir apr\u012bkota ar vis\u0101m nepiecie\u0161amaj\u0101m funkcij\u0101m, lai nodro\u0161in\u0101tu j\u016bsu pre\u010du aizsardz\u012bbu un vieglu piek\u013cuvi.<\/p>\n<p>M\u016bsu mini noliktava ir apr\u012bkota ar augstas kvalit\u0101tes materi\u0101liem, kas nodro\u0161ina iztur\u012bbu un uzticam\u012bbu. Noliktava ir pla\u0161a, nodro\u0161inot pietiekami daudz vietas da\u017e\u0101d\u0101m prec\u0113m un akt\u012bviem. Durvis ir viegli atveramas, kas nodro\u0161ina \u0113rtu iek\u0101p\u0161anu un izk\u0101p\u0161anu.<\/p>\n<p>Turkl\u0101t \u0161ai mini noliktavai ir papildu ventil\u0101cijas sist\u0113ma, kas nodro\u0161ina labu ventil\u0101ciju un gaisa cirkul\u0101ciju, saglab\u0101jot j\u016bsu uzglab\u0101t\u0101s lietas svaigas. Papildus tam ir sl\u0113dzenes aizsargs un sl\u0113dzamas durvis papildu dro\u0161\u012bbai un j\u016bsu \u012bpa\u0161uma aizsardz\u012bbai.<\/p>\n<p>M\u016bsu mini noliktava atrodas \u0113rt\u0101 viet\u0101 Saugas rajon\u0101, pied\u0101v\u0101jot \u0113rtu piek\u013c\u016b\u0161anu un \u0101trus transporta savienojumus. Cena ir tikai \u20ac90 +pvn\/m\u0113n, padarot to par pie\u0146emamu iesp\u0113ju j\u016bsu uzglab\u0101\u0161anas vajadz\u012bb\u0101m.<br \/>\nIlg\u0101ks periods no \u20ac79 +pvn\/m\u0113n.<\/p>\n<p>Mini Warehouse P\u00e4rnu ir uzticams un profesion\u0101ls risin\u0101jums j\u016bsu uzglab\u0101\u0161anas vajadz\u012bb\u0101m. M\u0113s esam paz\u012bstami ar m\u016bsu augstas kvalit\u0101tes un iztur\u012bgajiem konteineriem un pied\u0101v\u0101jam konkur\u0113tsp\u0113j\u012bgas cenas un elast\u012bgus nomas noteikumus.<\/p>\n<p>Turkl\u0101t m\u0113s pied\u0101v\u0101jam ar\u012b papildu pakalpojumus, lai padar\u012btu j\u016bsu pieredzi v\u0113l lab\u0101ku. M\u016bsu profesion\u0101l\u0101 komanda ir gatava jums pal\u012bdz\u0113t pl\u0101not j\u016bsu noliktavu un ieteikt lab\u0101kos risin\u0101jumus. Papildus pied\u0101v\u0101jam ar\u012b transporta pakalpojumu, kas \u013cauj \u0113rti un \u0113rti nog\u0101d\u0101t savas preces konteineru noliktav\u0101. M\u0113s lepojamies ar savu uz klientu orient\u0113to pieeju un esam ap\u0146\u0113mu\u0161ies nodro\u0161in\u0101t j\u016bsu gandar\u012bjumu.<\/p>\n<p>Izv\u0113lieties Nutiladu P\u00e4rnu un uzticiet savas uzglab\u0101\u0161anas vajadz\u012bbas mums. Sazinieties ar mums jau \u0161odien un uzziniet, k\u0101 m\u0113s varam jums pal\u012bdz\u0113t!<\/p>\n<h2>Mini noliktava P\u00e4rnu &#8211; klienta teritorij\u0101.<\/h2>\n<ul>\n<li>Par \u013coti labu cenu J\u016bs varat atrast mini noliktavu tie\u0161i sav\u0101 pagalm\u0101.<\/li>\n<li>Iznom\u0101jam konteineru, atvedam pie klienta un uzst\u0101d\u0101m &#8211; Mini Noliktava tie\u0161i J\u016bsu pagalm\u0101.<\/li>\n<li>Tvertnei nav nepiecie\u0161ams pamats vai \u013coti sp\u0113c\u012bga virsma. Var br\u012bvi uzst\u0101d\u012bt uz z\u0101liena.<\/li>\n<li>Konteiners ir dro\u0161s, iztur\u012bgs pret laikapst\u0101k\u013ciem, stiprs un kvalitat\u012bvs.<\/li>\n<li>Varat b\u016bt p\u0101rliecin\u0101ti, ka katrai vajadz\u012bbai atrad\u012bsiet elast\u012bgus nomas nosac\u012bjumus un piekl\u0101j\u012bgas mini noliktavas.<\/li>\n<\/ul>\n<p><span>K\u00e4yt\u00e4mme kuljetukseen\u00a0<\/span><a href=\"https:\/\/www.miil.ee\/fi\/palvelut\/nosturi\/\">nosturia<\/a><span>\u00a0tai\u00a0<\/span><a href=\"https:\/\/www.miil.ee\/fi\/palvelut\/sideloader\/\">sideloader.<\/a><br \/>\n<span>Monimutkaisempi kuljetus on mahdollista <\/span><a href=\"https:\/\/www.miil.ee\/fi\/palvelut\/ram-kippauslaite\/\">RAM per\u00e4vaunulla<\/a><span>.<\/span><\/p>\n<p>Sekojiet mums <a href=\"https:\/\/www.facebook.com\/konteinerveod\/\">Facebook<\/a> vai <a href=\"https:\/\/www.instagram.com\/ou_miil\/\">Instagram.<\/a><\/p>\n","protected":false},"excerpt":{"rendered":"<p>Mini noliktava P\u00e4rnu atrodas Keskuse 2, Sauga. \u0100trs un \u0113rts risin\u0101jums pre\u010du uzglab\u0101\u0161anai. Uzglab\u0101jiet savus kr\u0101jumus, ziemas riepas vai jebko citu, kas jums var\u0113tu b\u016bt nepiecie\u0161ams. Mini noliktava ir norobe\u017eota ar \u017eogu un diennakts videonov\u0113ro\u0161ana.<\/p>\n","protected":false},"featured_media":13702,"comment_status":"open","ping_status":"closed","template":"","meta":{"_acf_changed":false},"product_cat":[340,1040],"product_tag":[],"class_list":{"0":"post-14910","1":"product","2":"type-product","3":"status-publish","4":"has-post-thumbnail","6":"product_cat-konteineri-nomai","7":"product_cat-mini-noliktavas","9":"first","10":"instock","11":"shipping-taxable","12":"purchasable","13":"product-type-simple"},"acf":[],"yoast_head":"<!-- This site is optimized with the Yoast SEO Premium plugin v23.9 (Yoast SEO v27.5) - https:\/\/yoast.com\/product\/yoast-seo-premium-wordpress\/ -->\n<title>Mini noliktava P\u00e4rnu - Miil O\u00dc<\/title>\n<meta name=\"description\" content=\"Mini noliktava P\u00e4rnu | Juras konteiners izp\u0101rdo\u0161ana | Juras konteiners \u012br\u0113t | tiek p\u0101rdota biroja kab\u012bne | Juras konteiners transport |\" \/>\n<meta name=\"robots\" content=\"index, follow, max-snippet:-1, max-image-preview:large, max-video-preview:-1\" \/>\n<link rel=\"canonical\" href=\"https:\/\/miil.dev.almic.ee\/lv\/toode\/mini-noliktava-parnu\/\" \/>\n<meta property=\"og:locale\" content=\"lv_LV\" \/>\n<meta property=\"og:type\" content=\"article\" \/>\n<meta property=\"og:title\" content=\"Konteineru noma P\u00c4RNU - Keskuse 2\" \/>\n<meta property=\"og:description\" content=\"Mini noliktava P\u00e4rnu | Juras konteiners izp\u0101rdo\u0161ana | Juras konteiners \u012br\u0113t | tiek p\u0101rdota biroja kab\u012bne | Juras konteiners transport |\" \/>\n<meta property=\"og:url\" content=\"https:\/\/miil.dev.almic.ee\/lv\/toode\/mini-noliktava-parnu\/\" \/>\n<meta property=\"og:site_name\" content=\"Miil O\u00dc\" \/>\n<meta property=\"article:publisher\" content=\"https:\/\/www.facebook.com\/konteinerveod\/\" \/>\n<meta property=\"article:modified_time\" content=\"2025-01-22T14:29:23+00:00\" \/>\n<meta property=\"og:image\" content=\"https:\/\/miil.dev.almic.ee\/wp-content\/uploads\/2022\/08\/konteinerladu-3.jpg\" \/>\n\t<meta property=\"og:image:width\" content=\"864\" \/>\n\t<meta property=\"og:image:height\" content=\"648\" \/>\n\t<meta property=\"og:image:type\" content=\"image\/jpeg\" \/>\n<meta name=\"twitter:card\" content=\"summary_large_image\" \/>\n<meta name=\"twitter:label1\" content=\"Price\" \/>\n\t<meta name=\"twitter:data1\" content=\"90,00&nbsp;&euro;\" \/>\n\t<meta name=\"twitter:label2\" content=\"Availability\" \/>\n\t<meta name=\"twitter:data2\" content=\"In stock\" \/>\n<script type=\"application\/ld+json\" class=\"yoast-schema-graph\">{\"@context\":\"https:\\\/\\\/schema.org\",\"@graph\":[{\"@type\":\"WebPage\",\"@id\":\"https:\\\/\\\/miil.dev.almic.ee\\\/lv\\\/toode\\\/mini-noliktava-parnu\\\/\",\"url\":\"https:\\\/\\\/miil.dev.almic.ee\\\/lv\\\/toode\\\/mini-noliktava-parnu\\\/\",\"name\":\"Mini noliktava P\u00e4rnu - Miil O\u00dc\",\"isPartOf\":{\"@id\":\"https:\\\/\\\/miil.dev.almic.ee\\\/#website\"},\"primaryImageOfPage\":{\"@id\":\"https:\\\/\\\/miil.dev.almic.ee\\\/lv\\\/toode\\\/mini-noliktava-parnu\\\/#primaryimage\"},\"image\":{\"@id\":\"https:\\\/\\\/miil.dev.almic.ee\\\/lv\\\/toode\\\/mini-noliktava-parnu\\\/#primaryimage\"},\"thumbnailUrl\":\"https:\\\/\\\/miil.dev.almic.ee\\\/wp-content\\\/uploads\\\/2022\\\/08\\\/konteinerladu-3.jpg\",\"datePublished\":\"2022-08-11T18:43:54+00:00\",\"dateModified\":\"2025-01-22T14:29:23+00:00\",\"description\":\"Mini noliktava P\u00e4rnu | Juras konteiners izp\u0101rdo\u0161ana | Juras konteiners \u012br\u0113t | tiek p\u0101rdota biroja kab\u012bne | Juras konteiners transport |\",\"breadcrumb\":{\"@id\":\"https:\\\/\\\/miil.dev.almic.ee\\\/lv\\\/toode\\\/mini-noliktava-parnu\\\/#breadcrumb\"},\"inLanguage\":\"lv-LV\",\"potentialAction\":[{\"@type\":\"ReadAction\",\"target\":[\"https:\\\/\\\/miil.dev.almic.ee\\\/lv\\\/toode\\\/mini-noliktava-parnu\\\/\"]}]},{\"@type\":\"ImageObject\",\"inLanguage\":\"lv-LV\",\"@id\":\"https:\\\/\\\/miil.dev.almic.ee\\\/lv\\\/toode\\\/mini-noliktava-parnu\\\/#primaryimage\",\"url\":\"https:\\\/\\\/miil.dev.almic.ee\\\/wp-content\\\/uploads\\\/2022\\\/08\\\/konteinerladu-3.jpg\",\"contentUrl\":\"https:\\\/\\\/miil.dev.almic.ee\\\/wp-content\\\/uploads\\\/2022\\\/08\\\/konteinerladu-3.jpg\",\"width\":864,\"height\":648,\"caption\":\"Miniladu P\u00e4rnu\"},{\"@type\":\"BreadcrumbList\",\"@id\":\"https:\\\/\\\/miil.dev.almic.ee\\\/lv\\\/toode\\\/mini-noliktava-parnu\\\/#breadcrumb\",\"itemListElement\":[{\"@type\":\"ListItem\",\"position\":1,\"name\":\"Home\",\"item\":\"https:\\\/\\\/miil.dev.almic.ee\\\/lv\\\/\"},{\"@type\":\"ListItem\",\"position\":2,\"name\":\"Veikals\",\"item\":\"https:\\\/\\\/miil.dev.almic.ee\\\/lv\\\/veikals\\\/\"},{\"@type\":\"ListItem\",\"position\":3,\"name\":\"Konteineru noma P\u00c4RNU &#8211; Keskuse 2\"}]},{\"@type\":\"WebSite\",\"@id\":\"https:\\\/\\\/miil.dev.almic.ee\\\/#website\",\"url\":\"https:\\\/\\\/miil.dev.almic.ee\\\/\",\"name\":\"Miil O\u00dc\",\"description\":\"Konteinerveod\",\"publisher\":{\"@id\":\"https:\\\/\\\/miil.dev.almic.ee\\\/#organization\"},\"potentialAction\":[{\"@type\":\"SearchAction\",\"target\":{\"@type\":\"EntryPoint\",\"urlTemplate\":\"https:\\\/\\\/miil.dev.almic.ee\\\/?s={search_term_string}\"},\"query-input\":{\"@type\":\"PropertyValueSpecification\",\"valueRequired\":true,\"valueName\":\"search_term_string\"}}],\"inLanguage\":\"lv-LV\"},{\"@type\":\"Organization\",\"@id\":\"https:\\\/\\\/miil.dev.almic.ee\\\/#organization\",\"name\":\"Miil O\u00dc\",\"url\":\"https:\\\/\\\/miil.dev.almic.ee\\\/\",\"logo\":{\"@type\":\"ImageObject\",\"inLanguage\":\"lv-LV\",\"@id\":\"https:\\\/\\\/miil.dev.almic.ee\\\/#\\\/schema\\\/logo\\\/image\\\/\",\"url\":\"https:\\\/\\\/www.miil.ee\\\/wp-content\\\/uploads\\\/2022\\\/02\\\/Miil-logo.svg\",\"contentUrl\":\"https:\\\/\\\/www.miil.ee\\\/wp-content\\\/uploads\\\/2022\\\/02\\\/Miil-logo.svg\",\"width\":\"1024\",\"height\":\"1024\",\"caption\":\"Miil O\u00dc\"},\"image\":{\"@id\":\"https:\\\/\\\/miil.dev.almic.ee\\\/#\\\/schema\\\/logo\\\/image\\\/\"},\"sameAs\":[\"https:\\\/\\\/www.facebook.com\\\/konteinerveod\\\/\",\"https:\\\/\\\/www.instagram.com\\\/ou_miil\\\/\"]}]}<\/script>\n<meta property=\"product:price:amount\" content=\"90.00\" \/>\n<meta property=\"product:price:currency\" content=\"EUR\" \/>\n<meta property=\"og:availability\" content=\"instock\" \/>\n<meta property=\"product:availability\" content=\"instock\" \/>\n<meta property=\"product:condition\" content=\"new\" \/>\n<!-- \/ Yoast SEO Premium plugin. -->","yoast_head_json":{"title":"Mini noliktava P\u00e4rnu - Miil O\u00dc","description":"Mini noliktava P\u00e4rnu | Juras konteiners izp\u0101rdo\u0161ana | Juras konteiners \u012br\u0113t | tiek p\u0101rdota biroja kab\u012bne | Juras konteiners transport |","robots":{"index":"index","follow":"follow","max-snippet":"max-snippet:-1","max-image-preview":"max-image-preview:large","max-video-preview":"max-video-preview:-1"},"canonical":"https:\/\/miil.dev.almic.ee\/lv\/toode\/mini-noliktava-parnu\/","og_locale":"lv_LV","og_type":"article","og_title":"Konteineru noma P\u00c4RNU - Keskuse 2","og_description":"Mini noliktava P\u00e4rnu | Juras konteiners izp\u0101rdo\u0161ana | Juras konteiners \u012br\u0113t | tiek p\u0101rdota biroja kab\u012bne | Juras konteiners transport |","og_url":"https:\/\/miil.dev.almic.ee\/lv\/toode\/mini-noliktava-parnu\/","og_site_name":"Miil O\u00dc","article_publisher":"https:\/\/www.facebook.com\/konteinerveod\/","article_modified_time":"2025-01-22T14:29:23+00:00","og_image":[{"width":864,"height":648,"url":"https:\/\/miil.dev.almic.ee\/wp-content\/uploads\/2022\/08\/konteinerladu-3.jpg","type":"image\/jpeg"}],"twitter_card":"summary_large_image","twitter_misc":{"Price":"90,00&nbsp;&euro;","Availability":"In stock"},"schema":{"@context":"https:\/\/schema.org","@graph":[{"@type":"WebPage","@id":"https:\/\/miil.dev.almic.ee\/lv\/toode\/mini-noliktava-parnu\/","url":"https:\/\/miil.dev.almic.ee\/lv\/toode\/mini-noliktava-parnu\/","name":"Mini noliktava P\u00e4rnu - Miil O\u00dc","isPartOf":{"@id":"https:\/\/miil.dev.almic.ee\/#website"},"primaryImageOfPage":{"@id":"https:\/\/miil.dev.almic.ee\/lv\/toode\/mini-noliktava-parnu\/#primaryimage"},"image":{"@id":"https:\/\/miil.dev.almic.ee\/lv\/toode\/mini-noliktava-parnu\/#primaryimage"},"thumbnailUrl":"https:\/\/miil.dev.almic.ee\/wp-content\/uploads\/2022\/08\/konteinerladu-3.jpg","datePublished":"2022-08-11T18:43:54+00:00","dateModified":"2025-01-22T14:29:23+00:00","description":"Mini noliktava P\u00e4rnu | Juras konteiners izp\u0101rdo\u0161ana | Juras konteiners \u012br\u0113t | tiek p\u0101rdota biroja kab\u012bne | Juras konteiners transport |","breadcrumb":{"@id":"https:\/\/miil.dev.almic.ee\/lv\/toode\/mini-noliktava-parnu\/#breadcrumb"},"inLanguage":"lv-LV","potentialAction":[{"@type":"ReadAction","target":["https:\/\/miil.dev.almic.ee\/lv\/toode\/mini-noliktava-parnu\/"]}]},{"@type":"ImageObject","inLanguage":"lv-LV","@id":"https:\/\/miil.dev.almic.ee\/lv\/toode\/mini-noliktava-parnu\/#primaryimage","url":"https:\/\/miil.dev.almic.ee\/wp-content\/uploads\/2022\/08\/konteinerladu-3.jpg","contentUrl":"https:\/\/miil.dev.almic.ee\/wp-content\/uploads\/2022\/08\/konteinerladu-3.jpg","width":864,"height":648,"caption":"Miniladu P\u00e4rnu"},{"@type":"BreadcrumbList","@id":"https:\/\/miil.dev.almic.ee\/lv\/toode\/mini-noliktava-parnu\/#breadcrumb","itemListElement":[{"@type":"ListItem","position":1,"name":"Home","item":"https:\/\/miil.dev.almic.ee\/lv\/"},{"@type":"ListItem","position":2,"name":"Veikals","item":"https:\/\/miil.dev.almic.ee\/lv\/veikals\/"},{"@type":"ListItem","position":3,"name":"Konteineru noma P\u00c4RNU &#8211; Keskuse 2"}]},{"@type":"WebSite","@id":"https:\/\/miil.dev.almic.ee\/#website","url":"https:\/\/miil.dev.almic.ee\/","name":"Miil O\u00dc","description":"Konteinerveod","publisher":{"@id":"https:\/\/miil.dev.almic.ee\/#organization"},"potentialAction":[{"@type":"SearchAction","target":{"@type":"EntryPoint","urlTemplate":"https:\/\/miil.dev.almic.ee\/?s={search_term_string}"},"query-input":{"@type":"PropertyValueSpecification","valueRequired":true,"valueName":"search_term_string"}}],"inLanguage":"lv-LV"},{"@type":"Organization","@id":"https:\/\/miil.dev.almic.ee\/#organization","name":"Miil O\u00dc","url":"https:\/\/miil.dev.almic.ee\/","logo":{"@type":"ImageObject","inLanguage":"lv-LV","@id":"https:\/\/miil.dev.almic.ee\/#\/schema\/logo\/image\/","url":"https:\/\/www.miil.ee\/wp-content\/uploads\/2022\/02\/Miil-logo.svg","contentUrl":"https:\/\/www.miil.ee\/wp-content\/uploads\/2022\/02\/Miil-logo.svg","width":"1024","height":"1024","caption":"Miil O\u00dc"},"image":{"@id":"https:\/\/miil.dev.almic.ee\/#\/schema\/logo\/image\/"},"sameAs":["https:\/\/www.facebook.com\/konteinerveod\/","https:\/\/www.instagram.com\/ou_miil\/"]}]},"product_price_amount":"90.00","product_price_currency":"EUR","og_availability":"instock","product_availability":"instock","product_condition":"new"},"_links":{"self":[{"href":"https:\/\/miil.dev.almic.ee\/lv\/wp-json\/wp\/v2\/product\/14910","targetHints":{"allow":["GET"]}}],"collection":[{"href":"https:\/\/miil.dev.almic.ee\/lv\/wp-json\/wp\/v2\/product"}],"about":[{"href":"https:\/\/miil.dev.almic.ee\/lv\/wp-json\/wp\/v2\/types\/product"}],"replies":[{"embeddable":true,"href":"https:\/\/miil.dev.almic.ee\/lv\/wp-json\/wp\/v2\/comments?post=14910"}],"wp:featuredmedia":[{"embeddable":true,"href":"https:\/\/miil.dev.almic.ee\/lv\/wp-json\/wp\/v2\/media\/13702"}],"wp:attachment":[{"href":"https:\/\/miil.dev.almic.ee\/lv\/wp-json\/wp\/v2\/media?parent=14910"}],"wp:term":[{"taxonomy":"product_cat","embeddable":true,"href":"https:\/\/miil.dev.almic.ee\/lv\/wp-json\/wp\/v2\/product_cat?post=14910"},{"taxonomy":"product_tag","embeddable":true,"href":"https:\/\/miil.dev.almic.ee\/lv\/wp-json\/wp\/v2\/product_tag?post=14910"}],"curies":[{"name":"wp","href":"https:\/\/api.w.org\/{rel}","templated":true}]}}