{"id":14897,"date":"2022-08-11T22:02:42","date_gmt":"2022-08-11T19:02:42","guid":{"rendered":"https:\/\/www.miil.ee\/toode\/konteinerladu-kurna\/"},"modified":"2025-01-22T17:28:17","modified_gmt":"2025-01-22T15:28:17","slug":"mini-noliktava","status":"publish","type":"product","link":"https:\/\/miil.dev.almic.ee\/lv\/toode\/mini-noliktava\/","title":{"rendered":"Konteineru noliktava KURNA"},"content":{"rendered":"<h1>Mini noliktava Kurn\u0101<\/h1>\n<p>Mini noliktavas noliktava Kurn\u0101 atrodas tie\u0161\u0101 Ikea tuvum\u0101 un lielisk\u0101 lo\u0123istikas viet\u0101.<br \/>\nAdrese: 17 \u0141ellek\u00f6\u00f6 tee, Kurna.<br \/>\n\u0160\u012b vieta atrodas da\u017eu min\u016b\u0161u att\u0101lum\u0101 no Tallinas lidostas un Juri centra.<br \/>\nAtra\u0161an\u0101s vieta pie galven\u0101 ce\u013ca \u013cauj \u0101tri sasniegt da\u017e\u0101das Harjumaa vietas.<br \/>\nNeliel\u0101 noliktav\u0101 varat uzglab\u0101t visu, s\u0101kot no m\u0113bel\u0113m un beidzot ar transportl\u012bdzek\u013ciem un cit\u0101m prec\u0113m.<br \/>\nM\u016bsu noliktavas ir jaunas, dro\u0161as, viegli pieejamas un \u0113rti lietojamas.<\/p>\n<p>Lai konteineru b\u016btu viegl\u0101k atv\u0113rt, tie ir b\u016bv\u0113ti ar viegli atveramu sist\u0113mu.<br \/>\nKonteinera durvju centr\u0101 dro\u0161\u012bbas paaugstin\u0101\u0161anai ir sl\u0113dzenes aizsardz\u012bba, teritorija ir videonov\u0113rota un pieejama 24\/7.<\/p>\n<p>J\u016bs ieg\u0101d\u0101j\u0101ties jaunas m\u0113beles un nav kur glab\u0101t vec\u0101s?<br \/>\nGlab\u0101jiet to konteinera pa\u0161glab\u0101\u0161an\u0101 un izmantojiet to, kad rodas nepiecie\u0161am\u012bba.<br \/>\nJa nepiecie\u0161ams, j\u016bs varat ar\u012b glab\u0101t savu automa\u0161\u012bnu ziemas laik\u0101 noliktav\u0101.<\/p>\n<p>M\u016bsu mini noliktav\u0101s nav nek\u0101du papildu izmaksu un sl\u0113ptu maksu.<br \/>\nSniega izve\u0161ana, apgaismojums, v\u0101rtu atv\u0113r\u0161ana no telefona, videonov\u0113ro\u0161ana un viss p\u0101r\u0113jais jau iek\u013cauts cen\u0101.<br \/>\nL\u012bgumu var pagarin\u0101t un lauzt jebkur\u0101 laik\u0101.<\/p>\n<p>M\u0113s esam elast\u012bga neliela noliktava un pie mums J\u016bs varat atrast gan p\u0101rvietojam\u0101s preces, gan at\u013cauju konteinerus sev piem\u0113rot\u0101 viet\u0101.<br \/>\nJa v\u0113laties uzglab\u0101t preces augst\u0101 kvalit\u0101t\u0113 par sapr\u0101t\u012bgu cenu, neliela noliktava noteikti noder\u0113s.<br \/>\nMums ir da\u017eas maz\u0101kas b\u016bdi\u0146as, bet vid\u0113jais noliktavas izm\u0113rs ir aptuveni 14m2, taj\u0101 var ievietot gan automa\u0161\u012bnas, gan m\u0113beles.<\/p>\n<h2>Konteiners vai biroja kab\u012bne?<\/h2>\n<p>Papildus noliktav\u0101m pie mums var atrast ar\u012b biroja kaj\u012btes, \u0101ra tualetes, konteinerus, nojumes, transportu un daudz ko citu.<br \/>\nSiltin\u0101ta biroja kab\u012bne ir piem\u0113rota pagaidu dz\u012bvo\u0161anai, papildu telpai celtniec\u012bbai vai pat koted\u017eai.<br \/>\nVaram apdarin\u0101t kab\u012bni p\u0113c klienta v\u0113lm\u0113m un transport\u0113t uz v\u0113lamo vietu.<br \/>\nM\u0113s iznom\u0101jam konteineru klienta teritorij\u0101 ar vislab\u0101kajiem nosac\u012bjumiem, un preces, k\u0101 vienm\u0113r, ir kvalitat\u012bvas un k\u0101rt\u012bgas.<\/p>\n<h2>Mini noliktava Kurna vai neliela noliktava klienta teritorij\u0101.<\/h2>\n<p>J\u016bs varat atrast nelielu noliktavu sav\u0101 pagalm\u0101 par \u013coti labu cenu.<\/p>\n<ul>\n<li>Iznom\u0101jam konteineru, atvedam pie klienta un uzst\u0101d\u0101m &#8211; Maz\u0101 noliktava tie\u0161i J\u016bsu pagalm\u0101.<\/li>\n<li>Tvertnei nav nepiecie\u0161ams pamats vai \u013coti sp\u0113c\u012bga virsma. Var br\u012bvi uzst\u0101d\u012bt uz z\u0101liena.<\/li>\n<li>Konteiners ir dro\u0161s, iztur\u012bgs pret laikapst\u0101k\u013ciem, stiprs un kvalitat\u012bvs.<\/li>\n<li>Varat b\u016bt p\u0101rliecin\u0101ti, ka katrai vajadz\u012bbai atrad\u012bsiet elast\u012bgus nomas nosac\u012bjumus un piekl\u0101j\u012bgas mini noliktavas.<\/li>\n<li>Sniedzam pakalpojumus vis\u0101 Igaunij\u0101.<\/li>\n<\/ul>\n<p>P\u0101rvad\u0101\u0161anai parasti izmantojam <a href=\"https:\/\/www.miil.ee\/lv\/pakalpojumi\/celtnis\/\">celtnis<\/a> vai <a href=\"https:\/\/www.miil.ee\/lv\/pakalpojumi\/sanu-iekraveji-sideloader\/\">s\u0101nu iekr\u0101v\u0113ju.<\/a><br \/>\nM\u0113s izmantojam <a href=\"https:\/\/www.miil.ee\/lv\/pakalpojumi\/ram-pasizgazejs\/\">RAM backloader<\/a>, lai aptvertu vissare\u017e\u0123\u012bt\u0101k\u0101s vietas.<\/p>\n<p>Sekojiet mums <a href=\"https:\/\/www.facebook.com\/konteinerveod\/\">Facebook<\/a> vai <a href=\"https:\/\/www.instagram.com\/ou_miil\/\">Instagram.<\/a><\/p>\n","protected":false},"excerpt":{"rendered":"<p>Pa\u0161noliktava Kurna atrodas \u00d5llek\u00f6\u00f6gi tee 17, Kurna. \u0100trs un \u0113rts risin\u0101jums pre\u010du uzglab\u0101\u0161anai. Uzglab\u0101jiet savus kr\u0101jumus, ziemas riepas vai jebko citu, kas jums var\u0113tu b\u016bt nepiecie\u0161ams. Mini noliktava ir norobe\u017eota ar \u017eogu un diennakts videonov\u0113ro\u0161ana.<\/p>\n","protected":false},"featured_media":75051,"comment_status":"open","ping_status":"closed","template":"","meta":{"_acf_changed":false},"product_cat":[340,1040],"product_tag":[],"class_list":{"0":"post-14897","1":"product","2":"type-product","3":"status-publish","4":"has-post-thumbnail","6":"product_cat-konteineri-nomai","7":"product_cat-mini-noliktavas","9":"first","10":"instock","11":"shipping-taxable","12":"purchasable","13":"product-type-simple"},"acf":[],"yoast_head":"<!-- This site is optimized with the Yoast SEO Premium plugin v23.9 (Yoast SEO v27.5) - https:\/\/yoast.com\/product\/yoast-seo-premium-wordpress\/ -->\n<title>Mini noliktava - Miil O\u00dc<\/title>\n<meta name=\"description\" content=\"Mini noliktava | Juras konteiners izp\u0101rdo\u0161ana | Juras konteiners \u012br\u0113t | tiek p\u0101rdota biroja kab\u012bne | Juras konteiners transport |\" \/>\n<meta name=\"robots\" content=\"index, follow, max-snippet:-1, max-image-preview:large, max-video-preview:-1\" \/>\n<link rel=\"canonical\" href=\"https:\/\/miil.dev.almic.ee\/lv\/toode\/mini-noliktava\/\" \/>\n<meta property=\"og:locale\" content=\"lv_LV\" \/>\n<meta property=\"og:type\" content=\"article\" \/>\n<meta property=\"og:title\" content=\"Konteineru noliktava KURNA\" \/>\n<meta property=\"og:description\" content=\"Mini noliktava | Juras konteiners izp\u0101rdo\u0161ana | Juras konteiners \u012br\u0113t | tiek p\u0101rdota biroja kab\u012bne | Juras konteiners transport |\" \/>\n<meta property=\"og:url\" content=\"https:\/\/miil.dev.almic.ee\/lv\/toode\/mini-noliktava\/\" \/>\n<meta property=\"og:site_name\" content=\"Miil O\u00dc\" \/>\n<meta property=\"article:publisher\" content=\"https:\/\/www.facebook.com\/konteinerveod\/\" \/>\n<meta property=\"article:modified_time\" content=\"2025-01-22T15:28:17+00:00\" \/>\n<meta property=\"og:image\" content=\"https:\/\/miil.dev.almic.ee\/wp-content\/uploads\/2022\/08\/kurna-6-uus-scaled.jpg\" \/>\n\t<meta property=\"og:image:width\" content=\"1900\" \/>\n\t<meta property=\"og:image:height\" content=\"1425\" \/>\n\t<meta property=\"og:image:type\" content=\"image\/jpeg\" \/>\n<meta name=\"twitter:card\" content=\"summary_large_image\" \/>\n<meta name=\"twitter:label1\" content=\"Price\" \/>\n\t<meta name=\"twitter:data1\" content=\"90,00&nbsp;&euro;\" \/>\n\t<meta name=\"twitter:label2\" content=\"Availability\" \/>\n\t<meta name=\"twitter:data2\" content=\"In stock\" \/>\n<script type=\"application\/ld+json\" class=\"yoast-schema-graph\">{\"@context\":\"https:\\\/\\\/schema.org\",\"@graph\":[{\"@type\":\"WebPage\",\"@id\":\"https:\\\/\\\/miil.dev.almic.ee\\\/lv\\\/toode\\\/mini-noliktava\\\/\",\"url\":\"https:\\\/\\\/miil.dev.almic.ee\\\/lv\\\/toode\\\/mini-noliktava\\\/\",\"name\":\"Mini noliktava - Miil O\u00dc\",\"isPartOf\":{\"@id\":\"https:\\\/\\\/miil.dev.almic.ee\\\/#website\"},\"primaryImageOfPage\":{\"@id\":\"https:\\\/\\\/miil.dev.almic.ee\\\/lv\\\/toode\\\/mini-noliktava\\\/#primaryimage\"},\"image\":{\"@id\":\"https:\\\/\\\/miil.dev.almic.ee\\\/lv\\\/toode\\\/mini-noliktava\\\/#primaryimage\"},\"thumbnailUrl\":\"https:\\\/\\\/miil.dev.almic.ee\\\/wp-content\\\/uploads\\\/2022\\\/08\\\/kurna-6-uus-scaled.jpg\",\"datePublished\":\"2022-08-11T19:02:42+00:00\",\"dateModified\":\"2025-01-22T15:28:17+00:00\",\"description\":\"Mini noliktava | Juras konteiners izp\u0101rdo\u0161ana | Juras konteiners \u012br\u0113t | tiek p\u0101rdota biroja kab\u012bne | Juras konteiners transport |\",\"breadcrumb\":{\"@id\":\"https:\\\/\\\/miil.dev.almic.ee\\\/lv\\\/toode\\\/mini-noliktava\\\/#breadcrumb\"},\"inLanguage\":\"lv-LV\",\"potentialAction\":[{\"@type\":\"ReadAction\",\"target\":[\"https:\\\/\\\/miil.dev.almic.ee\\\/lv\\\/toode\\\/mini-noliktava\\\/\"]}]},{\"@type\":\"ImageObject\",\"inLanguage\":\"lv-LV\",\"@id\":\"https:\\\/\\\/miil.dev.almic.ee\\\/lv\\\/toode\\\/mini-noliktava\\\/#primaryimage\",\"url\":\"https:\\\/\\\/miil.dev.almic.ee\\\/wp-content\\\/uploads\\\/2022\\\/08\\\/kurna-6-uus-scaled.jpg\",\"contentUrl\":\"https:\\\/\\\/miil.dev.almic.ee\\\/wp-content\\\/uploads\\\/2022\\\/08\\\/kurna-6-uus-scaled.jpg\",\"width\":1900,\"height\":1425},{\"@type\":\"BreadcrumbList\",\"@id\":\"https:\\\/\\\/miil.dev.almic.ee\\\/lv\\\/toode\\\/mini-noliktava\\\/#breadcrumb\",\"itemListElement\":[{\"@type\":\"ListItem\",\"position\":1,\"name\":\"Home\",\"item\":\"https:\\\/\\\/miil.dev.almic.ee\\\/lv\\\/\"},{\"@type\":\"ListItem\",\"position\":2,\"name\":\"Veikals\",\"item\":\"https:\\\/\\\/miil.dev.almic.ee\\\/lv\\\/veikals\\\/\"},{\"@type\":\"ListItem\",\"position\":3,\"name\":\"Konteineru noliktava KURNA\"}]},{\"@type\":\"WebSite\",\"@id\":\"https:\\\/\\\/miil.dev.almic.ee\\\/#website\",\"url\":\"https:\\\/\\\/miil.dev.almic.ee\\\/\",\"name\":\"Miil O\u00dc\",\"description\":\"Konteinerveod\",\"publisher\":{\"@id\":\"https:\\\/\\\/miil.dev.almic.ee\\\/#organization\"},\"potentialAction\":[{\"@type\":\"SearchAction\",\"target\":{\"@type\":\"EntryPoint\",\"urlTemplate\":\"https:\\\/\\\/miil.dev.almic.ee\\\/?s={search_term_string}\"},\"query-input\":{\"@type\":\"PropertyValueSpecification\",\"valueRequired\":true,\"valueName\":\"search_term_string\"}}],\"inLanguage\":\"lv-LV\"},{\"@type\":\"Organization\",\"@id\":\"https:\\\/\\\/miil.dev.almic.ee\\\/#organization\",\"name\":\"Miil O\u00dc\",\"url\":\"https:\\\/\\\/miil.dev.almic.ee\\\/\",\"logo\":{\"@type\":\"ImageObject\",\"inLanguage\":\"lv-LV\",\"@id\":\"https:\\\/\\\/miil.dev.almic.ee\\\/#\\\/schema\\\/logo\\\/image\\\/\",\"url\":\"https:\\\/\\\/www.miil.ee\\\/wp-content\\\/uploads\\\/2022\\\/02\\\/Miil-logo.svg\",\"contentUrl\":\"https:\\\/\\\/www.miil.ee\\\/wp-content\\\/uploads\\\/2022\\\/02\\\/Miil-logo.svg\",\"width\":\"1024\",\"height\":\"1024\",\"caption\":\"Miil O\u00dc\"},\"image\":{\"@id\":\"https:\\\/\\\/miil.dev.almic.ee\\\/#\\\/schema\\\/logo\\\/image\\\/\"},\"sameAs\":[\"https:\\\/\\\/www.facebook.com\\\/konteinerveod\\\/\",\"https:\\\/\\\/www.instagram.com\\\/ou_miil\\\/\"]}]}<\/script>\n<meta property=\"product:price:amount\" content=\"90.00\" \/>\n<meta property=\"product:price:currency\" content=\"EUR\" \/>\n<meta property=\"og:availability\" content=\"instock\" \/>\n<meta property=\"product:availability\" content=\"instock\" \/>\n<meta property=\"product:condition\" content=\"new\" \/>\n<!-- \/ Yoast SEO Premium plugin. -->","yoast_head_json":{"title":"Mini noliktava - Miil O\u00dc","description":"Mini noliktava | Juras konteiners izp\u0101rdo\u0161ana | Juras konteiners \u012br\u0113t | tiek p\u0101rdota biroja kab\u012bne | Juras konteiners transport |","robots":{"index":"index","follow":"follow","max-snippet":"max-snippet:-1","max-image-preview":"max-image-preview:large","max-video-preview":"max-video-preview:-1"},"canonical":"https:\/\/miil.dev.almic.ee\/lv\/toode\/mini-noliktava\/","og_locale":"lv_LV","og_type":"article","og_title":"Konteineru noliktava KURNA","og_description":"Mini noliktava | Juras konteiners izp\u0101rdo\u0161ana | Juras konteiners \u012br\u0113t | tiek p\u0101rdota biroja kab\u012bne | Juras konteiners transport |","og_url":"https:\/\/miil.dev.almic.ee\/lv\/toode\/mini-noliktava\/","og_site_name":"Miil O\u00dc","article_publisher":"https:\/\/www.facebook.com\/konteinerveod\/","article_modified_time":"2025-01-22T15:28:17+00:00","og_image":[{"width":1900,"height":1425,"url":"https:\/\/miil.dev.almic.ee\/wp-content\/uploads\/2022\/08\/kurna-6-uus-scaled.jpg","type":"image\/jpeg"}],"twitter_card":"summary_large_image","twitter_misc":{"Price":"90,00&nbsp;&euro;","Availability":"In stock"},"schema":{"@context":"https:\/\/schema.org","@graph":[{"@type":"WebPage","@id":"https:\/\/miil.dev.almic.ee\/lv\/toode\/mini-noliktava\/","url":"https:\/\/miil.dev.almic.ee\/lv\/toode\/mini-noliktava\/","name":"Mini noliktava - Miil O\u00dc","isPartOf":{"@id":"https:\/\/miil.dev.almic.ee\/#website"},"primaryImageOfPage":{"@id":"https:\/\/miil.dev.almic.ee\/lv\/toode\/mini-noliktava\/#primaryimage"},"image":{"@id":"https:\/\/miil.dev.almic.ee\/lv\/toode\/mini-noliktava\/#primaryimage"},"thumbnailUrl":"https:\/\/miil.dev.almic.ee\/wp-content\/uploads\/2022\/08\/kurna-6-uus-scaled.jpg","datePublished":"2022-08-11T19:02:42+00:00","dateModified":"2025-01-22T15:28:17+00:00","description":"Mini noliktava | Juras konteiners izp\u0101rdo\u0161ana | Juras konteiners \u012br\u0113t | tiek p\u0101rdota biroja kab\u012bne | Juras konteiners transport |","breadcrumb":{"@id":"https:\/\/miil.dev.almic.ee\/lv\/toode\/mini-noliktava\/#breadcrumb"},"inLanguage":"lv-LV","potentialAction":[{"@type":"ReadAction","target":["https:\/\/miil.dev.almic.ee\/lv\/toode\/mini-noliktava\/"]}]},{"@type":"ImageObject","inLanguage":"lv-LV","@id":"https:\/\/miil.dev.almic.ee\/lv\/toode\/mini-noliktava\/#primaryimage","url":"https:\/\/miil.dev.almic.ee\/wp-content\/uploads\/2022\/08\/kurna-6-uus-scaled.jpg","contentUrl":"https:\/\/miil.dev.almic.ee\/wp-content\/uploads\/2022\/08\/kurna-6-uus-scaled.jpg","width":1900,"height":1425},{"@type":"BreadcrumbList","@id":"https:\/\/miil.dev.almic.ee\/lv\/toode\/mini-noliktava\/#breadcrumb","itemListElement":[{"@type":"ListItem","position":1,"name":"Home","item":"https:\/\/miil.dev.almic.ee\/lv\/"},{"@type":"ListItem","position":2,"name":"Veikals","item":"https:\/\/miil.dev.almic.ee\/lv\/veikals\/"},{"@type":"ListItem","position":3,"name":"Konteineru noliktava KURNA"}]},{"@type":"WebSite","@id":"https:\/\/miil.dev.almic.ee\/#website","url":"https:\/\/miil.dev.almic.ee\/","name":"Miil O\u00dc","description":"Konteinerveod","publisher":{"@id":"https:\/\/miil.dev.almic.ee\/#organization"},"potentialAction":[{"@type":"SearchAction","target":{"@type":"EntryPoint","urlTemplate":"https:\/\/miil.dev.almic.ee\/?s={search_term_string}"},"query-input":{"@type":"PropertyValueSpecification","valueRequired":true,"valueName":"search_term_string"}}],"inLanguage":"lv-LV"},{"@type":"Organization","@id":"https:\/\/miil.dev.almic.ee\/#organization","name":"Miil O\u00dc","url":"https:\/\/miil.dev.almic.ee\/","logo":{"@type":"ImageObject","inLanguage":"lv-LV","@id":"https:\/\/miil.dev.almic.ee\/#\/schema\/logo\/image\/","url":"https:\/\/www.miil.ee\/wp-content\/uploads\/2022\/02\/Miil-logo.svg","contentUrl":"https:\/\/www.miil.ee\/wp-content\/uploads\/2022\/02\/Miil-logo.svg","width":"1024","height":"1024","caption":"Miil O\u00dc"},"image":{"@id":"https:\/\/miil.dev.almic.ee\/#\/schema\/logo\/image\/"},"sameAs":["https:\/\/www.facebook.com\/konteinerveod\/","https:\/\/www.instagram.com\/ou_miil\/"]}]},"product_price_amount":"90.00","product_price_currency":"EUR","og_availability":"instock","product_availability":"instock","product_condition":"new"},"_links":{"self":[{"href":"https:\/\/miil.dev.almic.ee\/lv\/wp-json\/wp\/v2\/product\/14897","targetHints":{"allow":["GET"]}}],"collection":[{"href":"https:\/\/miil.dev.almic.ee\/lv\/wp-json\/wp\/v2\/product"}],"about":[{"href":"https:\/\/miil.dev.almic.ee\/lv\/wp-json\/wp\/v2\/types\/product"}],"replies":[{"embeddable":true,"href":"https:\/\/miil.dev.almic.ee\/lv\/wp-json\/wp\/v2\/comments?post=14897"}],"wp:featuredmedia":[{"embeddable":true,"href":"https:\/\/miil.dev.almic.ee\/lv\/wp-json\/wp\/v2\/media\/75051"}],"wp:attachment":[{"href":"https:\/\/miil.dev.almic.ee\/lv\/wp-json\/wp\/v2\/media?parent=14897"}],"wp:term":[{"taxonomy":"product_cat","embeddable":true,"href":"https:\/\/miil.dev.almic.ee\/lv\/wp-json\/wp\/v2\/product_cat?post=14897"},{"taxonomy":"product_tag","embeddable":true,"href":"https:\/\/miil.dev.almic.ee\/lv\/wp-json\/wp\/v2\/product_tag?post=14897"}],"curies":[{"name":"wp","href":"https:\/\/api.w.org\/{rel}","templated":true}]}}