{"id":108639,"date":"2025-07-29T15:39:04","date_gmt":"2025-07-29T12:39:06","guid":{"rendered":"https:\/\/www.miil.ee\/?post_type=product&#038;p=108639"},"modified":"2025-07-29T15:55:13","modified_gmt":"2025-07-29T12:55:13","slug":"containex-standard-premium-ar-rullo-durvim-miiu7312","status":"publish","type":"product","link":"https:\/\/miil.dev.almic.ee\/lv\/toode\/containex-standard-premium-ar-rullo-durvim-miiu7312\/","title":{"rendered":"Containex Standard Premium ar rullo durv\u012bm &#8211; MIIU7312"},"content":{"rendered":"<h1><strong>Containex Standard Premium ar rullo durv\u012bm &#8211; MIIU1350 \u2013 Tehniskais apraksts:<\/strong><\/h1>\n<p><strong>Containex Standard Premium siltin\u0101jums:<\/strong><\/p>\n<ul>\n<li>Sienas \u2013 60 mm PU putas<\/li>\n<li>Jumts \u2013 100 mm miner\u0101lvate<\/li>\n<li>Gr\u012bda \u2013 100 mm miner\u0101lvate<\/li>\n<\/ul>\n<p><strong>Containex Standard Premium izm\u0113ri:<\/strong><\/p>\n<ul>\n<li>\u0100r\u0113jie izm\u0113ri: 2,435 m (platums) x 6,055 m (garums) x 2,591 m (augstums)<\/li>\n<li>Iek\u0161\u0113jie izm\u0113ri: 2,24 m (platums) x 5,86 m (garums) x 2,34 m (augstums)<\/li>\n<li>Svars: apm. 2000 kg<\/li>\n<\/ul>\n<p><strong>\u0100r\u0113jais kr\u0101sojums un papildapr\u012bkojums:<\/strong><\/p>\n<ul>\n<li>\u0100r\u0113j\u0101 kr\u0101sa gai\u0161i pel\u0113ka RAL7035<\/li>\n<li>\u0100r\u0113jai apdarei izmantots cinkots sk\u0101rds<\/li>\n<li>Divi logi<\/li>\n<li>Dro\u0161\u012bbas \u017eal\u016bzijas<\/li>\n<li>Viena met\u0101la durvis<\/li>\n<li>Jumts no valc\u0113ta cinka sk\u0101rda<\/li>\n<li>Iek\u0161sienas \u2013 viegli t\u012br\u0101mas, kr\u0101sotas met\u0101la pl\u0101ksnes<\/li>\n<li>Viena LED gaisma<\/li>\n<li>Radiators<\/li>\n<li>Kontaktligzdas zem abiem logiem + atsevi\u0161\u0137\u0101 panel\u012b<\/li>\n<li>\u0100r\u0113jais elektr\u012bbas piesl\u0113gums 32A spraudnis jumta mal\u0101 \u2013 iesp\u0113ja turpin\u0101t izmantot \u0101r\u0113jo str\u0101vu vai pievienot citu moduli<\/li>\n<\/ul>\n<p>M\u0101ja sast\u0101v no modu\u013ciem \u2013 piecas sekcijas garaj\u0101 pus\u0113 un divas \u012bsaj\u0101 pus\u0113.<br \/>\nLogu un durvju izvietojumu var br\u012bvi izv\u0113l\u0113ties \u2013 att\u0113l\u0101 ir redzams paraugs.<br \/>\nVienm\u0113r ir pieejams viens paraugs uz vietas, un ja logu\/durvju izvietojums nav b\u016btisks, to var ieg\u0101d\u0101ties uzreiz.<br \/>\nJauns modulis parasti tiek komplekt\u0113ts da\u017eas dienas p\u0113c r\u0113\u0137ina apmaksas.<\/p>\n<p><strong>Modu\u013cu m\u0101ju p\u0101rdo\u0161ana un noma.<\/strong><br \/>\nContainex Standard Premium ir p\u0101rliecino\u0161s l\u012bderis sav\u0101 klas\u0113.<br \/>\nJaunajiem Containex mode\u013ciem sienu siltin\u0101\u0161anai tiek izmantoti sendvi\u010dpane\u013ci, nevis vate.<br \/>\nSendvi\u010dpane\u013ca siltumnotur\u012bba ir aptuveni divreiz lab\u0101ka nek\u0101 t\u0101da pa\u0161a biezuma vatei.<br \/>\nM\u016bsu p\u0101rdotajiem modu\u013ciem ir ar\u012b CE mar\u0137\u0113jums, kas apliecina atbilst\u012bbu Eiropas standartiem un dro\u0161\u012bbu lieto\u0161an\u0101.<br \/>\nPiem\u0113ram, elektroinstal\u0101cija atbilst norm\u0101m un siltumnotur\u012bba ir piem\u0113rota Igaunijas klimatam.<\/p>\n<p>CE mar\u0137\u0113jums ir svar\u012bgs ar\u012b apdro\u0161in\u0101\u0161anai, \u012bpa\u0161i, ja m\u0101ji\u0146a tiek uzst\u0101d\u012bta blakus citai \u0113kai vai iek\u0161telp\u0101s.<\/p>\n<p>Containex Standard Premium pieejams gai\u0161i pel\u0113k\u0101 (RAL7035) un tum\u0161i pel\u0113k\u0101 (RAL7016) kr\u0101s\u0101.<\/p>\n<h2><strong>Containex Standard Premium ar rullo durv\u012bm &#8211; MIIU7312 &#8211; Vasarn\u012bca un mini m\u0101ja<\/strong><\/h2>\n<p>\u0160\u0101da veida modulis vairs nav tikai pagaidu b\u016bve b\u016bvlaukum\u0101 \u2013 m\u016bsdien\u012bgas, kvalitat\u012bvas skr\u016bv\u0113jamas konstrukcijas ir lieliski piem\u0113rotas k\u0101 vasarn\u012bcas vai komerctelpas.<br \/>\nGatava mini m\u0101ja neprasa pamatus vai b\u016bvniekus \u2013 pas\u016bti un baudi!<br \/>\nUzst\u0101d\u012b\u0161ana aiz\u0146em maz\u0101k nek\u0101 30 min\u016btes un \u0113ku iesp\u0113jams ieg\u0101d\u0101ties k\u0101 gatavu risin\u0101jumu \u2013 sa\u0146em jau taj\u0101 pa\u0161\u0101 dien\u0101.<br \/>\nJa v\u0113lies izv\u0113l\u0113ties logu vai durvju atra\u0161an\u0101s vietu, tas aiz\u0146ems l\u012bdz ned\u0113\u013cai.<br \/>\nPapilddarbi, piem\u0113ram, jumta darbi vai lieli logi, pras\u012bs apm\u0113ram \u010detras ned\u0113\u013cas.<\/p>\n<h2><strong>Containex Standard Premium ar rullo durv\u012bm \u2013 pirkt vai \u012br\u0113t?<\/strong><\/h2>\n<p>Papildus p\u0101rdo\u0161anai pied\u0101v\u0101jam ar\u012b \u012bri.<br \/>\n\u0160is risin\u0101jums ir ide\u0101ls, ja m\u0101ji\u0146u nepiecie\u0161ams izmantot \u012bstermi\u0146\u0101 \u2013 b\u016bvniec\u012bb\u0101, k\u0101 sezon\u0101lu vasarn\u012bcu, biroju vai tirdzniec\u012bbas punktu.<br \/>\nModu\u013cu noma ir elast\u012bga, un m\u0113s atrodam piem\u0113rot\u0101ko risin\u0101jumu katram klientam.<br \/>\nPied\u0101v\u0101jam ar\u012b nomai modu\u013cus ar panor\u0101mas logiem, koka ap\u0161uvumu vai standarta mini m\u0101jas.<br \/>\nPieg\u0101d\u0101jam un uzst\u0101d\u0101m saska\u0146\u0101 ar klienta v\u0113lm\u0113m.<br \/>\nPied\u0101v\u0101jam pla\u0161as sadarb\u012bbas iesp\u0113jas, piem\u0113ram, sezonas \u0101rpuslaika uzglab\u0101\u0161anai da\u017e\u0101d\u0101s pils\u0113t\u0101s, k\u0101 ar\u012b nomaksas iesp\u0113jas ar Inbank.ee starpniec\u012bbu.<br \/>\nJa nepiecie\u0161ams vienas, divu vai vair\u0101ku st\u0101vu risin\u0101jums \u2013 j\u016bs esat \u012bstaj\u0101 viet\u0101!<br \/>\nNeviena iecere nav par lielu vai mazu \u2013 dro\u0161i jaut\u0101jiet, un kop\u012bgi atrad\u012bsim lab\u0101ko risin\u0101jumu.<\/p>\n<p><span>P\u0101rvad\u0101\u0161anai parasti izmantojam\u00a0<\/span><a href=\"https:\/\/www.miil.ee\/lv\/pakalpojumi\/celtnis\/\">celtnis<\/a><span>\u00a0vai\u00a0<\/span><a href=\"https:\/\/www.miil.ee\/lv\/pakalpojumi\/sanu-iekraveji-sideloader\/\">s\u0101nu iekr\u0101v\u0113ju.<\/a><br \/>\n<span>M\u0113s izmantojam\u00a0<\/span><a href=\"https:\/\/www.miil.ee\/lv\/pakalpojumi\/ram-pasizgazejs\/\">RAM backloader<\/a><span>, lai aptvertu vissare\u017e\u0123\u012bt\u0101k\u0101s vietas.<\/span><\/p>\n<p><span>Sekojiet mums\u00a0<\/span><a href=\"https:\/\/www.facebook.com\/konteinerveod\/\">Facebook<\/a><span>\u00a0vai\u00a0<\/span><a href=\"https:\/\/www.instagram.com\/ou_miil\/\">Instagram.<\/a><\/p>\n","protected":false},"excerpt":{"rendered":"<p>Containex Standard Premium ir labi siltin\u0101ts un apr\u012bkots modul\u0101rs risin\u0101jums ar CE mar\u0137\u0113jumu, kas nodro\u0161ina atbilst\u012bbu Eiropas dro\u0161\u012bbas un kvalit\u0101tes standartiem. To var ieg\u0101d\u0101ties vai iznom\u0101t k\u0101 vasarn\u012bcu, biroju vai tirdzniec\u012bbas telpu, un tas ir viegli uzst\u0101d\u0101ms bez pamatiem.<\/p>\n","protected":false},"featured_media":108649,"comment_status":"closed","ping_status":"closed","template":"","meta":{"_acf_changed":false},"product_cat":[344,408],"product_tag":[],"class_list":{"0":"post-108639","1":"product","2":"type-product","3":"status-publish","4":"has-post-thumbnail","6":"product_cat-vagonini","7":"product_cat-jauni-vagonini","9":"first","10":"instock","11":"shipping-taxable","12":"purchasable","13":"product-type-simple"},"acf":[],"yoast_head":"<!-- This site is optimized with the Yoast SEO Premium plugin v23.9 (Yoast SEO v27.5) - https:\/\/yoast.com\/product\/yoast-seo-premium-wordpress\/ -->\n<title>Containex Standard Premium ar rullo durv\u012bm - Miil O\u00dc<\/title>\n<meta name=\"description\" content=\"Containex Standard Premium ar rullo durv\u012bm - MIIU7312 | Mini m\u0101jas un koted\u017eas | Kaj\u012b\u0161u noma un p\u0101rdo\u0161ana | Transports un remonts\" \/>\n<meta name=\"robots\" content=\"index, follow, max-snippet:-1, max-image-preview:large, max-video-preview:-1\" \/>\n<link rel=\"canonical\" href=\"https:\/\/miil.dev.almic.ee\/lv\/toode\/containex-standard-premium-ar-rullo-durvim-miiu7312\/\" \/>\n<meta property=\"og:locale\" content=\"lv_LV\" \/>\n<meta property=\"og:type\" content=\"article\" \/>\n<meta property=\"og:title\" content=\"Containex Standard Premium ar rullo durv\u012bm - MIIU7312\" \/>\n<meta property=\"og:description\" content=\"Containex Standard Premium ar rullo durv\u012bm - MIIU7312 | Mini m\u0101jas un koted\u017eas | Kaj\u012b\u0161u noma un p\u0101rdo\u0161ana | Transports un remonts\" \/>\n<meta property=\"og:url\" content=\"https:\/\/miil.dev.almic.ee\/lv\/toode\/containex-standard-premium-ar-rullo-durvim-miiu7312\/\" \/>\n<meta property=\"og:site_name\" content=\"Miil O\u00dc\" \/>\n<meta property=\"article:publisher\" content=\"https:\/\/www.facebook.com\/konteinerveod\/\" \/>\n<meta property=\"article:modified_time\" content=\"2025-07-29T12:55:13+00:00\" \/>\n<meta property=\"og:image\" content=\"https:\/\/miil.dev.almic.ee\/wp-content\/uploads\/2025\/07\/Containex-Standard-Tostuksega-2-scaled.jpg\" \/>\n\t<meta property=\"og:image:width\" content=\"1900\" \/>\n\t<meta property=\"og:image:height\" content=\"1425\" \/>\n\t<meta property=\"og:image:type\" content=\"image\/jpeg\" \/>\n<meta name=\"twitter:card\" content=\"summary_large_image\" \/>\n<meta name=\"twitter:label1\" content=\"Price\" \/>\n\t<meta name=\"twitter:data1\" content=\"8490,00&nbsp;&euro;\" \/>\n\t<meta name=\"twitter:label2\" content=\"Availability\" \/>\n\t<meta name=\"twitter:data2\" content=\"In stock\" \/>\n<script type=\"application\/ld+json\" class=\"yoast-schema-graph\">{\"@context\":\"https:\\\/\\\/schema.org\",\"@graph\":[{\"@type\":\"WebPage\",\"@id\":\"https:\\\/\\\/miil.dev.almic.ee\\\/lv\\\/toode\\\/containex-standard-premium-ar-rullo-durvim-miiu7312\\\/\",\"url\":\"https:\\\/\\\/miil.dev.almic.ee\\\/lv\\\/toode\\\/containex-standard-premium-ar-rullo-durvim-miiu7312\\\/\",\"name\":\"Containex Standard Premium ar rullo durv\u012bm - Miil O\u00dc\",\"isPartOf\":{\"@id\":\"https:\\\/\\\/miil.dev.almic.ee\\\/#website\"},\"primaryImageOfPage\":{\"@id\":\"https:\\\/\\\/miil.dev.almic.ee\\\/lv\\\/toode\\\/containex-standard-premium-ar-rullo-durvim-miiu7312\\\/#primaryimage\"},\"image\":{\"@id\":\"https:\\\/\\\/miil.dev.almic.ee\\\/lv\\\/toode\\\/containex-standard-premium-ar-rullo-durvim-miiu7312\\\/#primaryimage\"},\"thumbnailUrl\":\"https:\\\/\\\/miil.dev.almic.ee\\\/wp-content\\\/uploads\\\/2025\\\/07\\\/Containex-Standard-Tostuksega-2-scaled.jpg\",\"datePublished\":\"2025-07-29T12:39:06+00:00\",\"dateModified\":\"2025-07-29T12:55:13+00:00\",\"description\":\"Containex Standard Premium ar rullo durv\u012bm - MIIU7312 | Mini m\u0101jas un koted\u017eas | Kaj\u012b\u0161u noma un p\u0101rdo\u0161ana | Transports un remonts\",\"breadcrumb\":{\"@id\":\"https:\\\/\\\/miil.dev.almic.ee\\\/lv\\\/toode\\\/containex-standard-premium-ar-rullo-durvim-miiu7312\\\/#breadcrumb\"},\"inLanguage\":\"lv-LV\",\"potentialAction\":[{\"@type\":\"ReadAction\",\"target\":[\"https:\\\/\\\/miil.dev.almic.ee\\\/lv\\\/toode\\\/containex-standard-premium-ar-rullo-durvim-miiu7312\\\/\"]}]},{\"@type\":\"ImageObject\",\"inLanguage\":\"lv-LV\",\"@id\":\"https:\\\/\\\/miil.dev.almic.ee\\\/lv\\\/toode\\\/containex-standard-premium-ar-rullo-durvim-miiu7312\\\/#primaryimage\",\"url\":\"https:\\\/\\\/miil.dev.almic.ee\\\/wp-content\\\/uploads\\\/2025\\\/07\\\/Containex-Standard-Tostuksega-2-scaled.jpg\",\"contentUrl\":\"https:\\\/\\\/miil.dev.almic.ee\\\/wp-content\\\/uploads\\\/2025\\\/07\\\/Containex-Standard-Tostuksega-2-scaled.jpg\",\"width\":1900,\"height\":1425},{\"@type\":\"BreadcrumbList\",\"@id\":\"https:\\\/\\\/miil.dev.almic.ee\\\/lv\\\/toode\\\/containex-standard-premium-ar-rullo-durvim-miiu7312\\\/#breadcrumb\",\"itemListElement\":[{\"@type\":\"ListItem\",\"position\":1,\"name\":\"Home\",\"item\":\"https:\\\/\\\/miil.dev.almic.ee\\\/lv\\\/\"},{\"@type\":\"ListItem\",\"position\":2,\"name\":\"Veikals\",\"item\":\"https:\\\/\\\/miil.dev.almic.ee\\\/lv\\\/veikals\\\/\"},{\"@type\":\"ListItem\",\"position\":3,\"name\":\"Containex Standard Premium ar rullo durv\u012bm &#8211; MIIU7312\"}]},{\"@type\":\"WebSite\",\"@id\":\"https:\\\/\\\/miil.dev.almic.ee\\\/#website\",\"url\":\"https:\\\/\\\/miil.dev.almic.ee\\\/\",\"name\":\"Miil O\u00dc\",\"description\":\"Konteinerveod\",\"publisher\":{\"@id\":\"https:\\\/\\\/miil.dev.almic.ee\\\/#organization\"},\"potentialAction\":[{\"@type\":\"SearchAction\",\"target\":{\"@type\":\"EntryPoint\",\"urlTemplate\":\"https:\\\/\\\/miil.dev.almic.ee\\\/?s={search_term_string}\"},\"query-input\":{\"@type\":\"PropertyValueSpecification\",\"valueRequired\":true,\"valueName\":\"search_term_string\"}}],\"inLanguage\":\"lv-LV\"},{\"@type\":\"Organization\",\"@id\":\"https:\\\/\\\/miil.dev.almic.ee\\\/#organization\",\"name\":\"Miil O\u00dc\",\"url\":\"https:\\\/\\\/miil.dev.almic.ee\\\/\",\"logo\":{\"@type\":\"ImageObject\",\"inLanguage\":\"lv-LV\",\"@id\":\"https:\\\/\\\/miil.dev.almic.ee\\\/#\\\/schema\\\/logo\\\/image\\\/\",\"url\":\"https:\\\/\\\/www.miil.ee\\\/wp-content\\\/uploads\\\/2022\\\/02\\\/Miil-logo.svg\",\"contentUrl\":\"https:\\\/\\\/www.miil.ee\\\/wp-content\\\/uploads\\\/2022\\\/02\\\/Miil-logo.svg\",\"width\":\"1024\",\"height\":\"1024\",\"caption\":\"Miil O\u00dc\"},\"image\":{\"@id\":\"https:\\\/\\\/miil.dev.almic.ee\\\/#\\\/schema\\\/logo\\\/image\\\/\"},\"sameAs\":[\"https:\\\/\\\/www.facebook.com\\\/konteinerveod\\\/\",\"https:\\\/\\\/www.instagram.com\\\/ou_miil\\\/\"]}]}<\/script>\n<meta property=\"product:price:amount\" content=\"8490.00\" \/>\n<meta property=\"product:price:currency\" content=\"EUR\" \/>\n<meta property=\"og:availability\" content=\"instock\" \/>\n<meta property=\"product:availability\" content=\"instock\" \/>\n<meta property=\"product:retailer_item_id\" content=\"MIIU7312\" \/>\n<meta property=\"product:condition\" content=\"new\" \/>\n<!-- \/ Yoast SEO Premium plugin. -->","yoast_head_json":{"title":"Containex Standard Premium ar rullo durv\u012bm - Miil O\u00dc","description":"Containex Standard Premium ar rullo durv\u012bm - MIIU7312 | Mini m\u0101jas un koted\u017eas | Kaj\u012b\u0161u noma un p\u0101rdo\u0161ana | Transports un remonts","robots":{"index":"index","follow":"follow","max-snippet":"max-snippet:-1","max-image-preview":"max-image-preview:large","max-video-preview":"max-video-preview:-1"},"canonical":"https:\/\/miil.dev.almic.ee\/lv\/toode\/containex-standard-premium-ar-rullo-durvim-miiu7312\/","og_locale":"lv_LV","og_type":"article","og_title":"Containex Standard Premium ar rullo durv\u012bm - MIIU7312","og_description":"Containex Standard Premium ar rullo durv\u012bm - MIIU7312 | Mini m\u0101jas un koted\u017eas | Kaj\u012b\u0161u noma un p\u0101rdo\u0161ana | Transports un remonts","og_url":"https:\/\/miil.dev.almic.ee\/lv\/toode\/containex-standard-premium-ar-rullo-durvim-miiu7312\/","og_site_name":"Miil O\u00dc","article_publisher":"https:\/\/www.facebook.com\/konteinerveod\/","article_modified_time":"2025-07-29T12:55:13+00:00","og_image":[{"width":1900,"height":1425,"url":"https:\/\/miil.dev.almic.ee\/wp-content\/uploads\/2025\/07\/Containex-Standard-Tostuksega-2-scaled.jpg","type":"image\/jpeg"}],"twitter_card":"summary_large_image","twitter_misc":{"Price":"8490,00&nbsp;&euro;","Availability":"In stock"},"schema":{"@context":"https:\/\/schema.org","@graph":[{"@type":"WebPage","@id":"https:\/\/miil.dev.almic.ee\/lv\/toode\/containex-standard-premium-ar-rullo-durvim-miiu7312\/","url":"https:\/\/miil.dev.almic.ee\/lv\/toode\/containex-standard-premium-ar-rullo-durvim-miiu7312\/","name":"Containex Standard Premium ar rullo durv\u012bm - Miil O\u00dc","isPartOf":{"@id":"https:\/\/miil.dev.almic.ee\/#website"},"primaryImageOfPage":{"@id":"https:\/\/miil.dev.almic.ee\/lv\/toode\/containex-standard-premium-ar-rullo-durvim-miiu7312\/#primaryimage"},"image":{"@id":"https:\/\/miil.dev.almic.ee\/lv\/toode\/containex-standard-premium-ar-rullo-durvim-miiu7312\/#primaryimage"},"thumbnailUrl":"https:\/\/miil.dev.almic.ee\/wp-content\/uploads\/2025\/07\/Containex-Standard-Tostuksega-2-scaled.jpg","datePublished":"2025-07-29T12:39:06+00:00","dateModified":"2025-07-29T12:55:13+00:00","description":"Containex Standard Premium ar rullo durv\u012bm - MIIU7312 | Mini m\u0101jas un koted\u017eas | Kaj\u012b\u0161u noma un p\u0101rdo\u0161ana | Transports un remonts","breadcrumb":{"@id":"https:\/\/miil.dev.almic.ee\/lv\/toode\/containex-standard-premium-ar-rullo-durvim-miiu7312\/#breadcrumb"},"inLanguage":"lv-LV","potentialAction":[{"@type":"ReadAction","target":["https:\/\/miil.dev.almic.ee\/lv\/toode\/containex-standard-premium-ar-rullo-durvim-miiu7312\/"]}]},{"@type":"ImageObject","inLanguage":"lv-LV","@id":"https:\/\/miil.dev.almic.ee\/lv\/toode\/containex-standard-premium-ar-rullo-durvim-miiu7312\/#primaryimage","url":"https:\/\/miil.dev.almic.ee\/wp-content\/uploads\/2025\/07\/Containex-Standard-Tostuksega-2-scaled.jpg","contentUrl":"https:\/\/miil.dev.almic.ee\/wp-content\/uploads\/2025\/07\/Containex-Standard-Tostuksega-2-scaled.jpg","width":1900,"height":1425},{"@type":"BreadcrumbList","@id":"https:\/\/miil.dev.almic.ee\/lv\/toode\/containex-standard-premium-ar-rullo-durvim-miiu7312\/#breadcrumb","itemListElement":[{"@type":"ListItem","position":1,"name":"Home","item":"https:\/\/miil.dev.almic.ee\/lv\/"},{"@type":"ListItem","position":2,"name":"Veikals","item":"https:\/\/miil.dev.almic.ee\/lv\/veikals\/"},{"@type":"ListItem","position":3,"name":"Containex Standard Premium ar rullo durv\u012bm &#8211; MIIU7312"}]},{"@type":"WebSite","@id":"https:\/\/miil.dev.almic.ee\/#website","url":"https:\/\/miil.dev.almic.ee\/","name":"Miil O\u00dc","description":"Konteinerveod","publisher":{"@id":"https:\/\/miil.dev.almic.ee\/#organization"},"potentialAction":[{"@type":"SearchAction","target":{"@type":"EntryPoint","urlTemplate":"https:\/\/miil.dev.almic.ee\/?s={search_term_string}"},"query-input":{"@type":"PropertyValueSpecification","valueRequired":true,"valueName":"search_term_string"}}],"inLanguage":"lv-LV"},{"@type":"Organization","@id":"https:\/\/miil.dev.almic.ee\/#organization","name":"Miil O\u00dc","url":"https:\/\/miil.dev.almic.ee\/","logo":{"@type":"ImageObject","inLanguage":"lv-LV","@id":"https:\/\/miil.dev.almic.ee\/#\/schema\/logo\/image\/","url":"https:\/\/www.miil.ee\/wp-content\/uploads\/2022\/02\/Miil-logo.svg","contentUrl":"https:\/\/www.miil.ee\/wp-content\/uploads\/2022\/02\/Miil-logo.svg","width":"1024","height":"1024","caption":"Miil O\u00dc"},"image":{"@id":"https:\/\/miil.dev.almic.ee\/#\/schema\/logo\/image\/"},"sameAs":["https:\/\/www.facebook.com\/konteinerveod\/","https:\/\/www.instagram.com\/ou_miil\/"]}]},"product_price_amount":"8490.00","product_price_currency":"EUR","og_availability":"instock","product_availability":"instock","product_retailer_item_id":"MIIU7312","product_condition":"new"},"_links":{"self":[{"href":"https:\/\/miil.dev.almic.ee\/lv\/wp-json\/wp\/v2\/product\/108639","targetHints":{"allow":["GET"]}}],"collection":[{"href":"https:\/\/miil.dev.almic.ee\/lv\/wp-json\/wp\/v2\/product"}],"about":[{"href":"https:\/\/miil.dev.almic.ee\/lv\/wp-json\/wp\/v2\/types\/product"}],"replies":[{"embeddable":true,"href":"https:\/\/miil.dev.almic.ee\/lv\/wp-json\/wp\/v2\/comments?post=108639"}],"wp:featuredmedia":[{"embeddable":true,"href":"https:\/\/miil.dev.almic.ee\/lv\/wp-json\/wp\/v2\/media\/108649"}],"wp:attachment":[{"href":"https:\/\/miil.dev.almic.ee\/lv\/wp-json\/wp\/v2\/media?parent=108639"}],"wp:term":[{"taxonomy":"product_cat","embeddable":true,"href":"https:\/\/miil.dev.almic.ee\/lv\/wp-json\/wp\/v2\/product_cat?post=108639"},{"taxonomy":"product_tag","embeddable":true,"href":"https:\/\/miil.dev.almic.ee\/lv\/wp-json\/wp\/v2\/product_tag?post=108639"}],"curies":[{"name":"wp","href":"https:\/\/api.w.org\/{rel}","templated":true}]}}