{"id":108337,"date":"2025-07-28T16:32:20","date_gmt":"2025-07-28T13:32:21","guid":{"rendered":"https:\/\/www.miil.ee\/?post_type=product&#038;p=108337"},"modified":"2025-07-28T16:40:51","modified_gmt":"2025-07-28T13:40:51","slug":"konteinera-sansienas-nonemsana","status":"publish","type":"product","link":"https:\/\/miil.dev.almic.ee\/lv\/toode\/konteinera-sansienas-nonemsana\/","title":{"rendered":"J\u016bras konteinera modifik\u0101cija \u2013 S\u0101nsienas no\u0146em\u0161ana"},"content":{"rendered":"<h1><strong>Konteinera modifik\u0101cija: Konteinera s\u0101nsienas no\u0146em\u0161ana<\/strong><\/h1>\n<p>S\u0101nsienas no\u0146em\u0161ana no j\u016bras konteinera ir izplat\u012bta modifik\u0101cija, kas p\u0101rveido to par konteineru ar s\u0101nu piek\u013cuvi. \u0160\u0101das izmai\u0146as nodro\u0161ina viegl\u0101ku piek\u013cuvi krav\u0101m un ir ide\u0101li piem\u0113rotas lielu vai nestandarta formas priek\u0161metu uzglab\u0101\u0161anai vai izst\u0101dei. Process ietver vienas gar\u0101s s\u0101nsienas izgrie\u0161anu un konstrukcijas nostiprin\u0101\u0161anu, lai saglab\u0101tu stabilit\u0101ti. Ir \u013coti svar\u012bgi, lai darbu veiktu profesion\u0101\u013ci, nodro\u0161inot dro\u0161\u012bbu un atbilst\u012bbu konstrukcijas standartiem.<\/p>\n<p class=\"\" data-start=\"0\" data-end=\"89\">Past\u0101stiet mums par sav\u0101m v\u0113lm\u0113m un pieprasiet pied\u0101v\u0101jumu! \u00a0<strong data-start=\"71\" data-end=\"87\"><a rel=\"noopener\" data-start=\"73\" data-end=\"85\">Info@miil.ee<\/a><\/strong><\/p>\n<p class=\"\" data-start=\"91\" data-end=\"201\">Apskatiet citus ar konteineru p\u0101rveido\u0161anu saist\u012btos pakalpojumus, ko m\u0113s pied\u0101v\u0101jam<strong data-start=\"94\" data-end=\"193\"><a class=\"\" href=\"#\" rel=\"noopener\" data-start=\"181\" data-end=\"191\">\u0161eit!<\/a><\/strong><\/p>\n<p data-start=\"91\" data-end=\"201\">Seko mums\u00a0<a href=\"https:\/\/www.facebook.com\/konteinerveod\/\">Facebook<\/a><span> vai<\/span>\u00a0<a href=\"https:\/\/www.instagram.com\/ou_miil\/\">Instagram<\/a><\/p>\n","protected":false},"excerpt":{"rendered":"<p>S\u0101nsienas no\u0146em\u0161ana no j\u016bras konteinera padara to viegl\u0101k pieejamu un piem\u0113rotu lielgabar\u012bta vai nestandarta kravu uzglab\u0101\u0161anai. Modifik\u0101ciju j\u0101veic profesion\u0101\u013ciem, lai saglab\u0101tu konstrukcijas dro\u0161\u012bbu un stabilit\u0101ti.<\/p>\n","protected":false},"featured_media":108342,"comment_status":"open","ping_status":"closed","template":"","meta":{"_acf_changed":false},"product_cat":[348],"product_tag":[],"class_list":{"0":"post-108337","1":"product","2":"type-product","3":"status-publish","4":"has-post-thumbnail","6":"product_cat-tehnika","8":"first","9":"instock","10":"shipping-taxable","11":"product-type-simple"},"acf":[],"yoast_head":"<!-- This site is optimized with the Yoast SEO Premium plugin v23.9 (Yoast SEO v27.5) - https:\/\/yoast.com\/product\/yoast-seo-premium-wordpress\/ -->\n<title>Konteinera s\u0101nsienas no\u0146em\u0161ana - Miil O\u00dc<\/title>\n<meta name=\"description\" content=\"Konteinera s\u0101nsienas no\u0146em\u0161ana | Konteinera modifik\u0101cija | Piel\u0101gots j\u016bras konteiners | J\u016bras konteineru tirdzniec\u012bba | \ufe0f\" \/>\n<meta name=\"robots\" content=\"index, follow, max-snippet:-1, max-image-preview:large, max-video-preview:-1\" \/>\n<link rel=\"canonical\" href=\"https:\/\/miil.dev.almic.ee\/lv\/toode\/konteinera-sansienas-nonemsana\/\" \/>\n<meta property=\"og:locale\" content=\"lv_LV\" \/>\n<meta property=\"og:type\" content=\"article\" \/>\n<meta property=\"og:title\" content=\"J\u016bras konteinera modifik\u0101cija \u2013 S\u0101nsienas no\u0146em\u0161ana\" \/>\n<meta property=\"og:description\" content=\"Konteinera s\u0101nsienas no\u0146em\u0161ana | Konteinera modifik\u0101cija | Piel\u0101gots j\u016bras konteiners | J\u016bras konteineru tirdzniec\u012bba | \ufe0f\" \/>\n<meta property=\"og:url\" content=\"https:\/\/miil.dev.almic.ee\/lv\/toode\/konteinera-sansienas-nonemsana\/\" \/>\n<meta property=\"og:site_name\" content=\"Miil O\u00dc\" \/>\n<meta property=\"article:publisher\" content=\"https:\/\/www.facebook.com\/konteinerveod\/\" \/>\n<meta property=\"article:modified_time\" content=\"2025-07-28T13:40:51+00:00\" \/>\n<meta property=\"og:image\" content=\"https:\/\/miil.dev.almic.ee\/wp-content\/uploads\/2025\/07\/Merekonteinerite-seina-eemaldamine-1-scaled.jpg\" \/>\n\t<meta property=\"og:image:width\" content=\"1900\" \/>\n\t<meta property=\"og:image:height\" content=\"1425\" \/>\n\t<meta property=\"og:image:type\" content=\"image\/jpeg\" \/>\n<meta name=\"twitter:card\" content=\"summary_large_image\" \/>\n<meta name=\"twitter:label1\" content=\"Price\" \/>\n\t<meta name=\"twitter:data1\" content=\"\" \/>\n\t<meta name=\"twitter:label2\" content=\"Availability\" \/>\n\t<meta name=\"twitter:data2\" content=\"In stock\" \/>\n<script type=\"application\/ld+json\" class=\"yoast-schema-graph\">{\"@context\":\"https:\\\/\\\/schema.org\",\"@graph\":[{\"@type\":\"WebPage\",\"@id\":\"https:\\\/\\\/miil.dev.almic.ee\\\/lv\\\/toode\\\/konteinera-sansienas-nonemsana\\\/\",\"url\":\"https:\\\/\\\/miil.dev.almic.ee\\\/lv\\\/toode\\\/konteinera-sansienas-nonemsana\\\/\",\"name\":\"Konteinera s\u0101nsienas no\u0146em\u0161ana - Miil O\u00dc\",\"isPartOf\":{\"@id\":\"https:\\\/\\\/miil.dev.almic.ee\\\/#website\"},\"primaryImageOfPage\":{\"@id\":\"https:\\\/\\\/miil.dev.almic.ee\\\/lv\\\/toode\\\/konteinera-sansienas-nonemsana\\\/#primaryimage\"},\"image\":{\"@id\":\"https:\\\/\\\/miil.dev.almic.ee\\\/lv\\\/toode\\\/konteinera-sansienas-nonemsana\\\/#primaryimage\"},\"thumbnailUrl\":\"https:\\\/\\\/miil.dev.almic.ee\\\/wp-content\\\/uploads\\\/2025\\\/07\\\/Merekonteinerite-seina-eemaldamine-1-scaled.jpg\",\"datePublished\":\"2025-07-28T13:32:21+00:00\",\"dateModified\":\"2025-07-28T13:40:51+00:00\",\"description\":\"Konteinera s\u0101nsienas no\u0146em\u0161ana | Konteinera modifik\u0101cija | Piel\u0101gots j\u016bras konteiners | J\u016bras konteineru tirdzniec\u012bba | \ufe0f\",\"breadcrumb\":{\"@id\":\"https:\\\/\\\/miil.dev.almic.ee\\\/lv\\\/toode\\\/konteinera-sansienas-nonemsana\\\/#breadcrumb\"},\"inLanguage\":\"lv-LV\",\"potentialAction\":[{\"@type\":\"ReadAction\",\"target\":[\"https:\\\/\\\/miil.dev.almic.ee\\\/lv\\\/toode\\\/konteinera-sansienas-nonemsana\\\/\"]}]},{\"@type\":\"ImageObject\",\"inLanguage\":\"lv-LV\",\"@id\":\"https:\\\/\\\/miil.dev.almic.ee\\\/lv\\\/toode\\\/konteinera-sansienas-nonemsana\\\/#primaryimage\",\"url\":\"https:\\\/\\\/miil.dev.almic.ee\\\/wp-content\\\/uploads\\\/2025\\\/07\\\/Merekonteinerite-seina-eemaldamine-1-scaled.jpg\",\"contentUrl\":\"https:\\\/\\\/miil.dev.almic.ee\\\/wp-content\\\/uploads\\\/2025\\\/07\\\/Merekonteinerite-seina-eemaldamine-1-scaled.jpg\",\"width\":1900,\"height\":1425},{\"@type\":\"BreadcrumbList\",\"@id\":\"https:\\\/\\\/miil.dev.almic.ee\\\/lv\\\/toode\\\/konteinera-sansienas-nonemsana\\\/#breadcrumb\",\"itemListElement\":[{\"@type\":\"ListItem\",\"position\":1,\"name\":\"Home\",\"item\":\"https:\\\/\\\/miil.dev.almic.ee\\\/lv\\\/\"},{\"@type\":\"ListItem\",\"position\":2,\"name\":\"Veikals\",\"item\":\"https:\\\/\\\/miil.dev.almic.ee\\\/lv\\\/veikals\\\/\"},{\"@type\":\"ListItem\",\"position\":3,\"name\":\"J\u016bras konteinera modifik\u0101cija \u2013 S\u0101nsienas no\u0146em\u0161ana\"}]},{\"@type\":\"WebSite\",\"@id\":\"https:\\\/\\\/miil.dev.almic.ee\\\/#website\",\"url\":\"https:\\\/\\\/miil.dev.almic.ee\\\/\",\"name\":\"Miil O\u00dc\",\"description\":\"Konteinerveod\",\"publisher\":{\"@id\":\"https:\\\/\\\/miil.dev.almic.ee\\\/#organization\"},\"potentialAction\":[{\"@type\":\"SearchAction\",\"target\":{\"@type\":\"EntryPoint\",\"urlTemplate\":\"https:\\\/\\\/miil.dev.almic.ee\\\/?s={search_term_string}\"},\"query-input\":{\"@type\":\"PropertyValueSpecification\",\"valueRequired\":true,\"valueName\":\"search_term_string\"}}],\"inLanguage\":\"lv-LV\"},{\"@type\":\"Organization\",\"@id\":\"https:\\\/\\\/miil.dev.almic.ee\\\/#organization\",\"name\":\"Miil O\u00dc\",\"url\":\"https:\\\/\\\/miil.dev.almic.ee\\\/\",\"logo\":{\"@type\":\"ImageObject\",\"inLanguage\":\"lv-LV\",\"@id\":\"https:\\\/\\\/miil.dev.almic.ee\\\/#\\\/schema\\\/logo\\\/image\\\/\",\"url\":\"https:\\\/\\\/www.miil.ee\\\/wp-content\\\/uploads\\\/2022\\\/02\\\/Miil-logo.svg\",\"contentUrl\":\"https:\\\/\\\/www.miil.ee\\\/wp-content\\\/uploads\\\/2022\\\/02\\\/Miil-logo.svg\",\"width\":\"1024\",\"height\":\"1024\",\"caption\":\"Miil O\u00dc\"},\"image\":{\"@id\":\"https:\\\/\\\/miil.dev.almic.ee\\\/#\\\/schema\\\/logo\\\/image\\\/\"},\"sameAs\":[\"https:\\\/\\\/www.facebook.com\\\/konteinerveod\\\/\",\"https:\\\/\\\/www.instagram.com\\\/ou_miil\\\/\"]}]}<\/script>\n<meta property=\"product:price:amount\" content=\"0.00\" \/>\n<meta property=\"product:price:currency\" content=\"EUR\" \/>\n<meta property=\"og:availability\" content=\"instock\" \/>\n<meta property=\"product:availability\" content=\"instock\" \/>\n<meta property=\"product:retailer_item_id\" content=\"MIIU2271057-1-1\" \/>\n<meta property=\"product:condition\" content=\"new\" \/>\n<!-- \/ Yoast SEO Premium plugin. -->","yoast_head_json":{"title":"Konteinera s\u0101nsienas no\u0146em\u0161ana - Miil O\u00dc","description":"Konteinera s\u0101nsienas no\u0146em\u0161ana | Konteinera modifik\u0101cija | Piel\u0101gots j\u016bras konteiners | J\u016bras konteineru tirdzniec\u012bba | \ufe0f","robots":{"index":"index","follow":"follow","max-snippet":"max-snippet:-1","max-image-preview":"max-image-preview:large","max-video-preview":"max-video-preview:-1"},"canonical":"https:\/\/miil.dev.almic.ee\/lv\/toode\/konteinera-sansienas-nonemsana\/","og_locale":"lv_LV","og_type":"article","og_title":"J\u016bras konteinera modifik\u0101cija \u2013 S\u0101nsienas no\u0146em\u0161ana","og_description":"Konteinera s\u0101nsienas no\u0146em\u0161ana | Konteinera modifik\u0101cija | Piel\u0101gots j\u016bras konteiners | J\u016bras konteineru tirdzniec\u012bba | \ufe0f","og_url":"https:\/\/miil.dev.almic.ee\/lv\/toode\/konteinera-sansienas-nonemsana\/","og_site_name":"Miil O\u00dc","article_publisher":"https:\/\/www.facebook.com\/konteinerveod\/","article_modified_time":"2025-07-28T13:40:51+00:00","og_image":[{"width":1900,"height":1425,"url":"https:\/\/miil.dev.almic.ee\/wp-content\/uploads\/2025\/07\/Merekonteinerite-seina-eemaldamine-1-scaled.jpg","type":"image\/jpeg"}],"twitter_card":"summary_large_image","twitter_misc":{"Price":"","Availability":"In stock"},"schema":{"@context":"https:\/\/schema.org","@graph":[{"@type":"WebPage","@id":"https:\/\/miil.dev.almic.ee\/lv\/toode\/konteinera-sansienas-nonemsana\/","url":"https:\/\/miil.dev.almic.ee\/lv\/toode\/konteinera-sansienas-nonemsana\/","name":"Konteinera s\u0101nsienas no\u0146em\u0161ana - Miil O\u00dc","isPartOf":{"@id":"https:\/\/miil.dev.almic.ee\/#website"},"primaryImageOfPage":{"@id":"https:\/\/miil.dev.almic.ee\/lv\/toode\/konteinera-sansienas-nonemsana\/#primaryimage"},"image":{"@id":"https:\/\/miil.dev.almic.ee\/lv\/toode\/konteinera-sansienas-nonemsana\/#primaryimage"},"thumbnailUrl":"https:\/\/miil.dev.almic.ee\/wp-content\/uploads\/2025\/07\/Merekonteinerite-seina-eemaldamine-1-scaled.jpg","datePublished":"2025-07-28T13:32:21+00:00","dateModified":"2025-07-28T13:40:51+00:00","description":"Konteinera s\u0101nsienas no\u0146em\u0161ana | Konteinera modifik\u0101cija | Piel\u0101gots j\u016bras konteiners | J\u016bras konteineru tirdzniec\u012bba | \ufe0f","breadcrumb":{"@id":"https:\/\/miil.dev.almic.ee\/lv\/toode\/konteinera-sansienas-nonemsana\/#breadcrumb"},"inLanguage":"lv-LV","potentialAction":[{"@type":"ReadAction","target":["https:\/\/miil.dev.almic.ee\/lv\/toode\/konteinera-sansienas-nonemsana\/"]}]},{"@type":"ImageObject","inLanguage":"lv-LV","@id":"https:\/\/miil.dev.almic.ee\/lv\/toode\/konteinera-sansienas-nonemsana\/#primaryimage","url":"https:\/\/miil.dev.almic.ee\/wp-content\/uploads\/2025\/07\/Merekonteinerite-seina-eemaldamine-1-scaled.jpg","contentUrl":"https:\/\/miil.dev.almic.ee\/wp-content\/uploads\/2025\/07\/Merekonteinerite-seina-eemaldamine-1-scaled.jpg","width":1900,"height":1425},{"@type":"BreadcrumbList","@id":"https:\/\/miil.dev.almic.ee\/lv\/toode\/konteinera-sansienas-nonemsana\/#breadcrumb","itemListElement":[{"@type":"ListItem","position":1,"name":"Home","item":"https:\/\/miil.dev.almic.ee\/lv\/"},{"@type":"ListItem","position":2,"name":"Veikals","item":"https:\/\/miil.dev.almic.ee\/lv\/veikals\/"},{"@type":"ListItem","position":3,"name":"J\u016bras konteinera modifik\u0101cija \u2013 S\u0101nsienas no\u0146em\u0161ana"}]},{"@type":"WebSite","@id":"https:\/\/miil.dev.almic.ee\/#website","url":"https:\/\/miil.dev.almic.ee\/","name":"Miil O\u00dc","description":"Konteinerveod","publisher":{"@id":"https:\/\/miil.dev.almic.ee\/#organization"},"potentialAction":[{"@type":"SearchAction","target":{"@type":"EntryPoint","urlTemplate":"https:\/\/miil.dev.almic.ee\/?s={search_term_string}"},"query-input":{"@type":"PropertyValueSpecification","valueRequired":true,"valueName":"search_term_string"}}],"inLanguage":"lv-LV"},{"@type":"Organization","@id":"https:\/\/miil.dev.almic.ee\/#organization","name":"Miil O\u00dc","url":"https:\/\/miil.dev.almic.ee\/","logo":{"@type":"ImageObject","inLanguage":"lv-LV","@id":"https:\/\/miil.dev.almic.ee\/#\/schema\/logo\/image\/","url":"https:\/\/www.miil.ee\/wp-content\/uploads\/2022\/02\/Miil-logo.svg","contentUrl":"https:\/\/www.miil.ee\/wp-content\/uploads\/2022\/02\/Miil-logo.svg","width":"1024","height":"1024","caption":"Miil O\u00dc"},"image":{"@id":"https:\/\/miil.dev.almic.ee\/#\/schema\/logo\/image\/"},"sameAs":["https:\/\/www.facebook.com\/konteinerveod\/","https:\/\/www.instagram.com\/ou_miil\/"]}]},"product_price_amount":"0.00","product_price_currency":"EUR","og_availability":"instock","product_availability":"instock","product_retailer_item_id":"MIIU2271057-1-1","product_condition":"new"},"_links":{"self":[{"href":"https:\/\/miil.dev.almic.ee\/lv\/wp-json\/wp\/v2\/product\/108337","targetHints":{"allow":["GET"]}}],"collection":[{"href":"https:\/\/miil.dev.almic.ee\/lv\/wp-json\/wp\/v2\/product"}],"about":[{"href":"https:\/\/miil.dev.almic.ee\/lv\/wp-json\/wp\/v2\/types\/product"}],"replies":[{"embeddable":true,"href":"https:\/\/miil.dev.almic.ee\/lv\/wp-json\/wp\/v2\/comments?post=108337"}],"wp:featuredmedia":[{"embeddable":true,"href":"https:\/\/miil.dev.almic.ee\/lv\/wp-json\/wp\/v2\/media\/108342"}],"wp:attachment":[{"href":"https:\/\/miil.dev.almic.ee\/lv\/wp-json\/wp\/v2\/media?parent=108337"}],"wp:term":[{"taxonomy":"product_cat","embeddable":true,"href":"https:\/\/miil.dev.almic.ee\/lv\/wp-json\/wp\/v2\/product_cat?post=108337"},{"taxonomy":"product_tag","embeddable":true,"href":"https:\/\/miil.dev.almic.ee\/lv\/wp-json\/wp\/v2\/product_tag?post=108337"}],"curies":[{"name":"wp","href":"https:\/\/api.w.org\/{rel}","templated":true}]}}