{"id":107930,"date":"2025-07-23T09:15:19","date_gmt":"2025-07-23T06:15:20","guid":{"rendered":"https:\/\/www.miil.ee\/?post_type=product&#038;p=107930"},"modified":"2025-07-23T09:22:41","modified_gmt":"2025-07-23T06:22:41","slug":"20dc-juras-konteiners-miiu0301888-muhu","status":"publish","type":"product","link":"https:\/\/miil.dev.almic.ee\/lv\/toode\/20dc-juras-konteiners-miiu0301888-muhu\/","title":{"rendered":"20DC Juras konteiners MIIU0301888 &#8211; MUHU"},"content":{"rendered":"<h1>P\u0101rdodu j\u016bras konteinerus Saaremaa MIIU0301888.<br \/>\nPapildus iznom\u0101jam un p\u0101rdodam biroja kaj\u012btes.<\/h1>\n<p>P\u0101rdodu j\u016bras konteinerus Saaremaa MIIU0301888 \u2013 Konteinerus var apskat\u012bt Muhu, Piirinurga depo no pirmdienas l\u012bdz piektdienai 8-18.<br \/>\nNepieg\u0101d\u0101jam konteinerus vai biroja kaj\u012btes klienta auto no Saaremaa depo, labpr\u0101t to dar\u012bsim no galven\u0101 termin\u0101\u013ca Valtsi 1, Lagedi P-P 8-18.<br \/>\nPapildus j\u016bras konteineriem m\u0113s p\u0101rdodam un iznom\u0101jam biroja kaj\u012btes, uzb\u016bv\u0113jam piem\u0113rotu mini m\u0101ju vai koted\u017eu un transport\u0113jam preces l\u012bdz galam\u0113r\u0137im.<\/p>\n<p>J\u016bras konteineram nav nepiecie\u0161ams pamats, un, piem\u0113ram, jauni j\u016bras konteineri ir piem\u0113roti katram Saaremaa pagalmam.<br \/>\nBiroja kaj\u012btes ir lieliski piem\u0113rotas papildu telpai priv\u0101tpersonai vai uz\u0146\u0113mumam. Containex Office kab\u012bne tiek atbalst\u012bta no se\u0161iem punktiem, j\u016bras konteiners no \u010detriem punktiem.<\/p>\n<p>Jaunajiem j\u016bras konteineriem ir viegli atveramas durvis, papildus ventil\u0101cija, sl\u0113dzenes aizsardz\u012bba un liela kr\u0101su izv\u0113le.<br \/>\nLietoti j\u016bras konteineri labi pilda savu m\u0113r\u0137i, bet p\u0113c izskata ir da\u017e\u0101di iespiedumi un skr\u0101p\u0113jumi.<\/p>\n<h2>P\u0101rdodu j\u016bras konteinerus Saaremaa MIIU0301888 un transportu uz objektu.<\/h2>\n<p>Lietotie j\u016bras konteineri ir ku\u0123o\u0161anai der\u012bg\u0101 st\u0101vokl\u012b, ja vien nav nor\u0101d\u012bts cit\u0101di;<\/p>\n<ul>\n<li>Konteinera durvis var atv\u0113rt un aizv\u0113rt ar cilv\u0113ka sp\u0113ku.<\/li>\n<li>Konteinera griesti ir neskarti un nav \u016bdens nopl\u016bdes.<\/li>\n<li>Konteinera apak\u0161da\u013ca ir neskarta un to var izmantot ar iekr\u0101v\u0113ju vai rokas iekr\u0101v\u0113ju.<\/li>\n<li>Tvertnei nav struktur\u0101lu boj\u0101jumu.<\/li>\n<li>J\u016bras konteiners atbilst bild\u0113m.<\/li>\n<li>Rezult\u0101t\u0101 Inbank.ee un atlai\u017eu kods \u201cKONTEINER\u201d.<\/li>\n<li>J\u016bras konteineru noma 6 metri: 50.- +pvn\/m\u0113n<\/li>\n<li>J\u016bras konteineru noma 12 metri: 99.- +pvn\/m\u0113n<\/li>\n<\/ul>\n<h2>K\u0101da ir lietota konteinera cena?<\/h2>\n<p>J\u016bras konteinera cena ir atkar\u012bga no daudz\u0101m liet\u0101m, ta\u010du p\u0101rdo\u0161anas cena parasti ir tie\u0161i saist\u012bta ar konteinera st\u0101vokli.<br \/>\nCenu papildus st\u0101voklim ietekm\u0113 ar\u012b pirkuma cena, konteinera iera\u0161an\u0101s veids termin\u0101l\u012b, konteinera atra\u0161an\u0101s vieta termin\u0101l\u012b un tas, vai konteineram ir biju\u0161i nepiecie\u0161ami papildu izdevumi, piem\u0113ram, \u0101r\u0113j\u0101 mazg\u0101\u0161ana, iek\u0161\u0113j\u0101 t\u012br\u012b\u0161ana vai remontdarbi.<\/p>\n<p>Lai lab\u0101k apkalpotu m\u016bsu klientus, m\u016bsu tirdzniec\u012bbas vietas atrodas vis\u0101s liel\u0101kaj\u0101s pils\u0113t\u0101s. Konteinera cena \u0101rpus galvaspils\u0113tas savuk\u0101rt ir atkar\u012bga no t\u0101, k\u0101 konteiners p\u0101rvietojas starp abiem termin\u0101\u013ciem.<\/p>\n<h2>P\u0101rdodu j\u016bras konteinerus Saaremaa MIIU0301888 \u2013 Transports un pacel\u0161ana?<\/h2>\n<p>P\u0113c piem\u0113rota konteinera izv\u0113les varam veikt iepako\u0161anu un transport\u0113\u0161anu.<br \/>\nP\u0101rvad\u0101\u0161anai parasti izmantojam\u00a0<a href=\"https:\/\/www.miil.ee\/lv\/pakalpojumi\/celtnis\/\">celtnis<\/a>\u00a0vai\u00a0<a href=\"https:\/\/www.miil.ee\/lv\/pakalpojumi\/sanu-iekraveji-sideloader\/\">s\u0101nu iekr\u0101v\u0113ju.<\/a><br \/>\nM\u0113s izmantojam\u00a0<a href=\"https:\/\/www.miil.ee\/lv\/pakalpojumi\/ram-pasizgazejs\/\">RAM backloader<\/a>, lai aptvertu vissare\u017e\u0123\u012bt\u0101k\u0101s vietas.<br \/>\nP\u0113c t\u0101 ieg\u0101des m\u0113s glab\u0101jam j\u016bsu konteineru m\u016bsu termin\u0101l\u012b bez maksas l\u012bdz se\u0161iem m\u0113ne\u0161iem.<br \/>\nVienm\u0113r iesp\u0113jams vienoties par ilg\u0101ku laiku.<br \/>\nPiem\u0113ram, ja vieta v\u0113l nav gatava vai pieejama konteinera pieg\u0101dei.<br \/>\nT\u0101d\u0101 gad\u012bjum\u0101 konteinera cena nemain\u012bsies un var\u0113siet b\u016bt dro\u0161s, ka izv\u0113l\u0113to konteineru sa\u0146emsiet norun\u0101taj\u0101 laik\u0101.<\/p>\n<ul>\n<li>Lab\u0101k\u0101s cenas garantija \u2013 m\u0113s vienm\u0113r pied\u0101v\u0101jam konteineram lab\u0101ko pied\u0101v\u0101jumu.<\/li>\n<\/ul>\n<p>Sekojiet mums\u00a0<a href=\"https:\/\/www.facebook.com\/konteinerveod\/\">Facebook<\/a>\u00a0vai\u00a0<a href=\"https:\/\/www.instagram.com\/ou_miil\/\">Instagram.<\/a><\/p>\n","protected":false},"excerpt":{"rendered":"<p>P\u0101rdodam un iznom\u0101jam j\u016bras konteinerus un biroja kaj\u012btes Saarema\u0101, un konteinerus var apskat\u012bt Muhu, Piirinurga depo. Pied\u0101v\u0101jam ar\u012b bezmaksas uzglab\u0101\u0161anu l\u012bdz se\u0161iem m\u0113ne\u0161iem, k\u0101 ar\u012b pieg\u0101di un pacel\u0161anu ar da\u017e\u0101diem transporta l\u012bdzek\u013ciem.<\/p>\n","protected":false},"featured_media":107935,"comment_status":"closed","ping_status":"closed","template":"","meta":{"_acf_changed":false},"product_cat":[332,364,368],"product_tag":[906],"class_list":{"0":"post-107930","1":"product","2":"type-product","3":"status-publish","4":"has-post-thumbnail","6":"product_cat-lietoti-konteineri","7":"product_cat-20-6-metri","8":"product_cat-20dc-standard-lv","9":"product_tag-v-lv","11":"first","12":"instock","13":"shipping-taxable","14":"purchasable","15":"product-type-simple"},"acf":[],"yoast_head":"<!-- This site is optimized with the Yoast SEO Premium plugin v23.9 (Yoast SEO v27.5) - https:\/\/yoast.com\/product\/yoast-seo-premium-wordpress\/ -->\n<title>P\u0101rdodu j\u016bras konteinerus Saaremaa MIIU0301888 - Miil O\u00dc<\/title>\n<meta name=\"description\" content=\"P\u0101rdodu j\u016bras konteinerus Saaremaa MIIU0301888, Juras konteiners, Containex moduls, transports, Depot service Riga - Tallinn\" \/>\n<meta name=\"robots\" content=\"index, follow, max-snippet:-1, max-image-preview:large, max-video-preview:-1\" \/>\n<link rel=\"canonical\" href=\"https:\/\/miil.dev.almic.ee\/lv\/toode\/20dc-juras-konteiners-miiu0301888-muhu\/\" \/>\n<meta property=\"og:locale\" content=\"lv_LV\" \/>\n<meta property=\"og:type\" content=\"article\" \/>\n<meta property=\"og:title\" content=\"20DC Juras konteiners MIIU0301888 - MUHU\" \/>\n<meta property=\"og:description\" content=\"P\u0101rdodu j\u016bras konteinerus Saaremaa MIIU0301888, Juras konteiners, Containex moduls, transports, Depot service Riga - Tallinn\" \/>\n<meta property=\"og:url\" content=\"https:\/\/miil.dev.almic.ee\/lv\/toode\/20dc-juras-konteiners-miiu0301888-muhu\/\" \/>\n<meta property=\"og:site_name\" content=\"Miil O\u00dc\" \/>\n<meta property=\"article:publisher\" content=\"https:\/\/www.facebook.com\/konteinerveod\/\" \/>\n<meta property=\"article:modified_time\" content=\"2025-07-23T06:22:41+00:00\" \/>\n<meta property=\"og:image\" content=\"https:\/\/miil.dev.almic.ee\/wp-content\/uploads\/2025\/07\/20DC-Merekonteiner-MIIU0301888-TALLINN-1-scaled.jpg\" \/>\n\t<meta property=\"og:image:width\" content=\"1900\" \/>\n\t<meta property=\"og:image:height\" content=\"1425\" \/>\n\t<meta property=\"og:image:type\" content=\"image\/jpeg\" \/>\n<meta name=\"twitter:card\" content=\"summary_large_image\" \/>\n<meta name=\"twitter:label1\" content=\"Price\" \/>\n\t<meta name=\"twitter:data1\" content=\"1990,00&nbsp;&euro;\" \/>\n\t<meta name=\"twitter:label2\" content=\"Availability\" \/>\n\t<meta name=\"twitter:data2\" content=\"In stock\" \/>\n<script type=\"application\/ld+json\" class=\"yoast-schema-graph\">{\"@context\":\"https:\\\/\\\/schema.org\",\"@graph\":[{\"@type\":\"WebPage\",\"@id\":\"https:\\\/\\\/miil.dev.almic.ee\\\/lv\\\/toode\\\/20dc-juras-konteiners-miiu0301888-muhu\\\/\",\"url\":\"https:\\\/\\\/miil.dev.almic.ee\\\/lv\\\/toode\\\/20dc-juras-konteiners-miiu0301888-muhu\\\/\",\"name\":\"P\u0101rdodu j\u016bras konteinerus Saaremaa MIIU0301888 - Miil O\u00dc\",\"isPartOf\":{\"@id\":\"https:\\\/\\\/miil.dev.almic.ee\\\/#website\"},\"primaryImageOfPage\":{\"@id\":\"https:\\\/\\\/miil.dev.almic.ee\\\/lv\\\/toode\\\/20dc-juras-konteiners-miiu0301888-muhu\\\/#primaryimage\"},\"image\":{\"@id\":\"https:\\\/\\\/miil.dev.almic.ee\\\/lv\\\/toode\\\/20dc-juras-konteiners-miiu0301888-muhu\\\/#primaryimage\"},\"thumbnailUrl\":\"https:\\\/\\\/miil.dev.almic.ee\\\/wp-content\\\/uploads\\\/2025\\\/07\\\/20DC-Merekonteiner-MIIU0301888-TALLINN-1-scaled.jpg\",\"datePublished\":\"2025-07-23T06:15:20+00:00\",\"dateModified\":\"2025-07-23T06:22:41+00:00\",\"description\":\"P\u0101rdodu j\u016bras konteinerus Saaremaa MIIU0301888, Juras konteiners, Containex moduls, transports, Depot service Riga - Tallinn\",\"breadcrumb\":{\"@id\":\"https:\\\/\\\/miil.dev.almic.ee\\\/lv\\\/toode\\\/20dc-juras-konteiners-miiu0301888-muhu\\\/#breadcrumb\"},\"inLanguage\":\"lv-LV\",\"potentialAction\":[{\"@type\":\"ReadAction\",\"target\":[\"https:\\\/\\\/miil.dev.almic.ee\\\/lv\\\/toode\\\/20dc-juras-konteiners-miiu0301888-muhu\\\/\"]}]},{\"@type\":\"ImageObject\",\"inLanguage\":\"lv-LV\",\"@id\":\"https:\\\/\\\/miil.dev.almic.ee\\\/lv\\\/toode\\\/20dc-juras-konteiners-miiu0301888-muhu\\\/#primaryimage\",\"url\":\"https:\\\/\\\/miil.dev.almic.ee\\\/wp-content\\\/uploads\\\/2025\\\/07\\\/20DC-Merekonteiner-MIIU0301888-TALLINN-1-scaled.jpg\",\"contentUrl\":\"https:\\\/\\\/miil.dev.almic.ee\\\/wp-content\\\/uploads\\\/2025\\\/07\\\/20DC-Merekonteiner-MIIU0301888-TALLINN-1-scaled.jpg\",\"width\":1900,\"height\":1425},{\"@type\":\"BreadcrumbList\",\"@id\":\"https:\\\/\\\/miil.dev.almic.ee\\\/lv\\\/toode\\\/20dc-juras-konteiners-miiu0301888-muhu\\\/#breadcrumb\",\"itemListElement\":[{\"@type\":\"ListItem\",\"position\":1,\"name\":\"Home\",\"item\":\"https:\\\/\\\/miil.dev.almic.ee\\\/lv\\\/\"},{\"@type\":\"ListItem\",\"position\":2,\"name\":\"Veikals\",\"item\":\"https:\\\/\\\/miil.dev.almic.ee\\\/lv\\\/veikals\\\/\"},{\"@type\":\"ListItem\",\"position\":3,\"name\":\"20DC Juras konteiners MIIU0301888 &#8211; MUHU\"}]},{\"@type\":\"WebSite\",\"@id\":\"https:\\\/\\\/miil.dev.almic.ee\\\/#website\",\"url\":\"https:\\\/\\\/miil.dev.almic.ee\\\/\",\"name\":\"Miil O\u00dc\",\"description\":\"Konteinerveod\",\"publisher\":{\"@id\":\"https:\\\/\\\/miil.dev.almic.ee\\\/#organization\"},\"potentialAction\":[{\"@type\":\"SearchAction\",\"target\":{\"@type\":\"EntryPoint\",\"urlTemplate\":\"https:\\\/\\\/miil.dev.almic.ee\\\/?s={search_term_string}\"},\"query-input\":{\"@type\":\"PropertyValueSpecification\",\"valueRequired\":true,\"valueName\":\"search_term_string\"}}],\"inLanguage\":\"lv-LV\"},{\"@type\":\"Organization\",\"@id\":\"https:\\\/\\\/miil.dev.almic.ee\\\/#organization\",\"name\":\"Miil O\u00dc\",\"url\":\"https:\\\/\\\/miil.dev.almic.ee\\\/\",\"logo\":{\"@type\":\"ImageObject\",\"inLanguage\":\"lv-LV\",\"@id\":\"https:\\\/\\\/miil.dev.almic.ee\\\/#\\\/schema\\\/logo\\\/image\\\/\",\"url\":\"https:\\\/\\\/www.miil.ee\\\/wp-content\\\/uploads\\\/2022\\\/02\\\/Miil-logo.svg\",\"contentUrl\":\"https:\\\/\\\/www.miil.ee\\\/wp-content\\\/uploads\\\/2022\\\/02\\\/Miil-logo.svg\",\"width\":\"1024\",\"height\":\"1024\",\"caption\":\"Miil O\u00dc\"},\"image\":{\"@id\":\"https:\\\/\\\/miil.dev.almic.ee\\\/#\\\/schema\\\/logo\\\/image\\\/\"},\"sameAs\":[\"https:\\\/\\\/www.facebook.com\\\/konteinerveod\\\/\",\"https:\\\/\\\/www.instagram.com\\\/ou_miil\\\/\"]}]}<\/script>\n<meta property=\"product:price:amount\" content=\"1990.00\" \/>\n<meta property=\"product:price:currency\" content=\"EUR\" \/>\n<meta property=\"og:availability\" content=\"instock\" \/>\n<meta property=\"product:availability\" content=\"instock\" \/>\n<meta property=\"product:retailer_item_id\" content=\"MIIU0301888\" \/>\n<meta property=\"product:condition\" content=\"new\" \/>\n<!-- \/ Yoast SEO Premium plugin. -->","yoast_head_json":{"title":"P\u0101rdodu j\u016bras konteinerus Saaremaa MIIU0301888 - Miil O\u00dc","description":"P\u0101rdodu j\u016bras konteinerus Saaremaa MIIU0301888, Juras konteiners, Containex moduls, transports, Depot service Riga - Tallinn","robots":{"index":"index","follow":"follow","max-snippet":"max-snippet:-1","max-image-preview":"max-image-preview:large","max-video-preview":"max-video-preview:-1"},"canonical":"https:\/\/miil.dev.almic.ee\/lv\/toode\/20dc-juras-konteiners-miiu0301888-muhu\/","og_locale":"lv_LV","og_type":"article","og_title":"20DC Juras konteiners MIIU0301888 - MUHU","og_description":"P\u0101rdodu j\u016bras konteinerus Saaremaa MIIU0301888, Juras konteiners, Containex moduls, transports, Depot service Riga - Tallinn","og_url":"https:\/\/miil.dev.almic.ee\/lv\/toode\/20dc-juras-konteiners-miiu0301888-muhu\/","og_site_name":"Miil O\u00dc","article_publisher":"https:\/\/www.facebook.com\/konteinerveod\/","article_modified_time":"2025-07-23T06:22:41+00:00","og_image":[{"width":1900,"height":1425,"url":"https:\/\/miil.dev.almic.ee\/wp-content\/uploads\/2025\/07\/20DC-Merekonteiner-MIIU0301888-TALLINN-1-scaled.jpg","type":"image\/jpeg"}],"twitter_card":"summary_large_image","twitter_misc":{"Price":"1990,00&nbsp;&euro;","Availability":"In stock"},"schema":{"@context":"https:\/\/schema.org","@graph":[{"@type":"WebPage","@id":"https:\/\/miil.dev.almic.ee\/lv\/toode\/20dc-juras-konteiners-miiu0301888-muhu\/","url":"https:\/\/miil.dev.almic.ee\/lv\/toode\/20dc-juras-konteiners-miiu0301888-muhu\/","name":"P\u0101rdodu j\u016bras konteinerus Saaremaa MIIU0301888 - Miil O\u00dc","isPartOf":{"@id":"https:\/\/miil.dev.almic.ee\/#website"},"primaryImageOfPage":{"@id":"https:\/\/miil.dev.almic.ee\/lv\/toode\/20dc-juras-konteiners-miiu0301888-muhu\/#primaryimage"},"image":{"@id":"https:\/\/miil.dev.almic.ee\/lv\/toode\/20dc-juras-konteiners-miiu0301888-muhu\/#primaryimage"},"thumbnailUrl":"https:\/\/miil.dev.almic.ee\/wp-content\/uploads\/2025\/07\/20DC-Merekonteiner-MIIU0301888-TALLINN-1-scaled.jpg","datePublished":"2025-07-23T06:15:20+00:00","dateModified":"2025-07-23T06:22:41+00:00","description":"P\u0101rdodu j\u016bras konteinerus Saaremaa MIIU0301888, Juras konteiners, Containex moduls, transports, Depot service Riga - Tallinn","breadcrumb":{"@id":"https:\/\/miil.dev.almic.ee\/lv\/toode\/20dc-juras-konteiners-miiu0301888-muhu\/#breadcrumb"},"inLanguage":"lv-LV","potentialAction":[{"@type":"ReadAction","target":["https:\/\/miil.dev.almic.ee\/lv\/toode\/20dc-juras-konteiners-miiu0301888-muhu\/"]}]},{"@type":"ImageObject","inLanguage":"lv-LV","@id":"https:\/\/miil.dev.almic.ee\/lv\/toode\/20dc-juras-konteiners-miiu0301888-muhu\/#primaryimage","url":"https:\/\/miil.dev.almic.ee\/wp-content\/uploads\/2025\/07\/20DC-Merekonteiner-MIIU0301888-TALLINN-1-scaled.jpg","contentUrl":"https:\/\/miil.dev.almic.ee\/wp-content\/uploads\/2025\/07\/20DC-Merekonteiner-MIIU0301888-TALLINN-1-scaled.jpg","width":1900,"height":1425},{"@type":"BreadcrumbList","@id":"https:\/\/miil.dev.almic.ee\/lv\/toode\/20dc-juras-konteiners-miiu0301888-muhu\/#breadcrumb","itemListElement":[{"@type":"ListItem","position":1,"name":"Home","item":"https:\/\/miil.dev.almic.ee\/lv\/"},{"@type":"ListItem","position":2,"name":"Veikals","item":"https:\/\/miil.dev.almic.ee\/lv\/veikals\/"},{"@type":"ListItem","position":3,"name":"20DC Juras konteiners MIIU0301888 &#8211; MUHU"}]},{"@type":"WebSite","@id":"https:\/\/miil.dev.almic.ee\/#website","url":"https:\/\/miil.dev.almic.ee\/","name":"Miil O\u00dc","description":"Konteinerveod","publisher":{"@id":"https:\/\/miil.dev.almic.ee\/#organization"},"potentialAction":[{"@type":"SearchAction","target":{"@type":"EntryPoint","urlTemplate":"https:\/\/miil.dev.almic.ee\/?s={search_term_string}"},"query-input":{"@type":"PropertyValueSpecification","valueRequired":true,"valueName":"search_term_string"}}],"inLanguage":"lv-LV"},{"@type":"Organization","@id":"https:\/\/miil.dev.almic.ee\/#organization","name":"Miil O\u00dc","url":"https:\/\/miil.dev.almic.ee\/","logo":{"@type":"ImageObject","inLanguage":"lv-LV","@id":"https:\/\/miil.dev.almic.ee\/#\/schema\/logo\/image\/","url":"https:\/\/www.miil.ee\/wp-content\/uploads\/2022\/02\/Miil-logo.svg","contentUrl":"https:\/\/www.miil.ee\/wp-content\/uploads\/2022\/02\/Miil-logo.svg","width":"1024","height":"1024","caption":"Miil O\u00dc"},"image":{"@id":"https:\/\/miil.dev.almic.ee\/#\/schema\/logo\/image\/"},"sameAs":["https:\/\/www.facebook.com\/konteinerveod\/","https:\/\/www.instagram.com\/ou_miil\/"]}]},"product_price_amount":"1990.00","product_price_currency":"EUR","og_availability":"instock","product_availability":"instock","product_retailer_item_id":"MIIU0301888","product_condition":"new"},"_links":{"self":[{"href":"https:\/\/miil.dev.almic.ee\/lv\/wp-json\/wp\/v2\/product\/107930","targetHints":{"allow":["GET"]}}],"collection":[{"href":"https:\/\/miil.dev.almic.ee\/lv\/wp-json\/wp\/v2\/product"}],"about":[{"href":"https:\/\/miil.dev.almic.ee\/lv\/wp-json\/wp\/v2\/types\/product"}],"replies":[{"embeddable":true,"href":"https:\/\/miil.dev.almic.ee\/lv\/wp-json\/wp\/v2\/comments?post=107930"}],"wp:featuredmedia":[{"embeddable":true,"href":"https:\/\/miil.dev.almic.ee\/lv\/wp-json\/wp\/v2\/media\/107935"}],"wp:attachment":[{"href":"https:\/\/miil.dev.almic.ee\/lv\/wp-json\/wp\/v2\/media?parent=107930"}],"wp:term":[{"taxonomy":"product_cat","embeddable":true,"href":"https:\/\/miil.dev.almic.ee\/lv\/wp-json\/wp\/v2\/product_cat?post=107930"},{"taxonomy":"product_tag","embeddable":true,"href":"https:\/\/miil.dev.almic.ee\/lv\/wp-json\/wp\/v2\/product_tag?post=107930"}],"curies":[{"name":"wp","href":"https:\/\/api.w.org\/{rel}","templated":true}]}}