{"id":106022,"date":"2025-07-04T11:38:41","date_gmt":"2025-07-04T08:38:42","guid":{"rendered":"https:\/\/www.miil.ee\/?post_type=product&#038;p=106022"},"modified":"2025-07-07T12:51:20","modified_gmt":"2025-07-07T09:51:20","slug":"containex-standard-double-gaisi-peleks","status":"publish","type":"product","link":"https:\/\/miil.dev.almic.ee\/lv\/toode\/containex-standard-double-gaisi-peleks\/","title":{"rendered":"Containex Standard Double (gai\u0161i pel\u0113ks)"},"content":{"rendered":"<h1>Modu\u013cu tirdzniec\u012bbas birojs &#8211; Mini m\u0101ja un modu\u013cu m\u0101ja<\/h1>\n<p>Modu\u013cu tirdzniec\u012bbas birojs &#8211; M\u0113s b\u016bv\u0113jam Mini m\u0101ju un modu\u013cu m\u0101ju p\u0113c klienta piepras\u012bjuma.<br \/>\nCena attiecas uz att\u0113l\u0101 redzamo risin\u0101jumu.<br \/>\nM\u0113s varam pied\u0101v\u0101t \u012bpa\u0161us risin\u0101jumus un t\u0101 izmaksas ir atkar\u012bgas no ekstr\u0101m, klienta v\u0113lm\u0113m, atra\u0161an\u0101s vietas un apdares.<br \/>\nM\u016bsu mini m\u0101ju ir viegli transport\u0113t, un m\u0101jai nav nepiecie\u0161ams pamats.<\/p>\n<p>Var izmantot, piem\u0113ram, celtniec\u012bb\u0101, pagalm\u0101, gadatirgos vai izst\u0101d\u0113s.<br \/>\nContainex Standard ir kvalitat\u012bva un reprezentat\u012bva kaj\u012bte k\u0101 pagaidu vai past\u0101v\u012bga \u0113ka.<br \/>\nM\u0113s varam savienot modu\u013cus kop\u0101, veidojot liel\u0101kas telpas.<\/p>\n<p>\u0160o Mini m\u0101ju un modu\u013cu m\u0101ju var uzst\u0101d\u012bt kop\u0101 ar da\u017e\u0101da veida kaj\u012bt\u0113m no viena ra\u017eot\u0101ja.<br \/>\nP\u0113c piepras\u012bjuma uzst\u0101d\u0101m AC s\u016bkni, izb\u016bv\u0113jam sanit\u0101ro mezglu vai jebkuru citu klientam nepiecie\u0161amo risin\u0101jumu.<br \/>\nVaram pied\u0101v\u0101t da\u017e\u0101das kr\u0101sas, k\u0101pnes, sanit\u0101ros risin\u0101jumus un veidus, k\u0101 savienot kab\u012bnes modu\u013cus kop\u0101.<br \/>\nMini m\u0101ja ir \u0101tr\u0101kais un l\u0113t\u0101kais kvalit\u0101tes risin\u0101jums sav\u0101 cenu diapazon\u0101.<\/p>\n<ul>\n<li>\u010cetri logi.<\/li>\n<li>Divas durvis.<\/li>\n<li>\u010cetri lukturi.<\/li>\n<li>Standarta augstums.<\/li>\n<li>divi radiatori\n<p>Specifik\u0101cija<br \/>\n&#8211; \u0100r\u0113jais augstums 2591 mm<br \/>\n&#8211; Iek\u0161\u0113jais augstums 2340 mm<br \/>\nR\u0101mja kr\u0101sa RAL7035 gai\u0161i pel\u0113ka<br \/>\nPane\u013ca kr\u0101sa RAL7035 gai\u0161i pel\u0113ka<\/p>\n<p>Izol\u0101cija<br \/>\n&#8211; Sienu izol\u0101cija PU 60 mm<br \/>\n&#8211; Jumta izol\u0101cija miner\u0101lvate 100 mm<br \/>\n&#8211; Gr\u012bdas izol\u0101cija miner\u0101lvate 100 mm<\/p>\n<p>Pane\u013ci<br \/>\n4 logu pane\u013ci<br \/>\nLogu var piln\u012bb\u0101 atv\u0113rt vai atv\u0113rt ventil\u0101cijas poz\u012bcij\u0101.<br \/>\nAugstums no zemes 870 mm + dro\u0161\u012bbas aizkari.<\/p>\n<p>\u0100rdurvis<br \/>\natveras uz \u0101ru.<br \/>\nDurvju platums: 875 mm.<br \/>\nDurvju atv\u0113ruma platums: 811 mm.<br \/>\nDurvju atv\u0113ruma augstums: 2065 mm.<\/p>\n<p>Piederumi<br \/>\n6x 2 kontaktdak\u0161as.<br \/>\n2 gaismas sl\u0113d\u017ei.<br \/>\n2x elektriskais panelis.<br \/>\n2x radiators<\/li>\n<\/ul>\n<h2>Modu\u013cu tirdzniec\u012bbas birojs &#8211; Minim\u0101jas un modu\u013cu m\u0101jas \u012bre vai pirk\u0161ana?<\/h2>\n<p>Labv\u0113l\u012bg\u0101s cenas d\u0113\u013c ir v\u0113rts apsv\u0113rt m\u0101jas \u012br\u0113\u0161anu, nevis pirk\u0161anu.<br \/>\nM\u016bsu mini m\u0101ja un modu\u013cu m\u0101jas kalpos gadiem ilgi. Kaj\u012bt\u0113m ar CE mar\u0137\u0113jumu ir ar\u012b stabils otrreiz\u0113jais tirgus.<br \/>\nVisi m\u016bsu p\u0101rdotie un nom\u0101tie sild\u012bt\u0101ji ir reprezentabli, t\u012bri un augst\u0101k\u0101s klases.<br \/>\nJebkur\u0101 gad\u012bjum\u0101 m\u0113s atrodam tie\u0161i klientam piem\u0113rot\u0101ko risin\u0101jumu. Balstoties uz daudzu gadu pieredzi, varam sniegt pamat\u012bgu ieteikumu, k\u0101 salikt salonu tie\u0161i t\u0101, lai tas atbilstu J\u016bsu vajadz\u012bb\u0101m.<\/p>\n<p>Mini m\u0101ja un modu\u013cu m\u0101ja tiek transport\u0113ta ar celt\u0146a ma\u0161\u012bnu, un taj\u0101 var ievietot l\u012bdz diviem modu\u013ciem.<br \/>\nMums ir nepiecie\u0161amais apr\u012bkojums, s\u0101kot ar konteineru sl\u0113dzen\u0113m un beidzot ar pareizu pacel\u0161anas apr\u012bkojumu.<\/p>\n<p>Viss no vienas vietas, kaj\u012b\u0161u noma uz labiem nosac\u012bjumiem ar augstu kvalit\u0101ti.<\/p>\n<p>P\u0101rvad\u0101\u0161anai parasti izmantojam <a href=\"https:\/\/www.miil.ee\/lv\/pakalpojumi\/celtnis\/\">celtnis<\/a> vai <a href=\"https:\/\/www.miil.ee\/lv\/pakalpojumi\/sanu-iekraveji-sideloader\/\">s\u0101nu iekr\u0101v\u0113ju.<\/a><br \/>\nM\u0113s izmantojam <a href=\"https:\/\/www.miil.ee\/lv\/pakalpojumi\/ram-pasizgazejs\/\">RAM backloader<\/a>, lai aptvertu vissare\u017e\u0123\u012bt\u0101k\u0101s vietas.<\/p>\n<p>Sekojiet mums <a href=\"https:\/\/www.facebook.com\/konteinerveod\/\">Facebook<\/a> vai <a href=\"https:\/\/www.instagram.com\/ou_miil\/\">Instagram.<\/a><\/p>\n","protected":false},"excerpt":{"rendered":"<p>Modu\u013cu tirdzniec\u012bbas birojs | P\u0101rn\u0113s\u0101jamas kaj\u012btes p\u0113c pas\u016bt\u012bjuma | Mini m\u0101jas un koted\u017eas | Kaj\u012b\u0161u noma un p\u0101rdo\u0161ana | Transports un remonts |<\/p>\n","protected":false},"featured_media":106166,"comment_status":"closed","ping_status":"closed","template":"","meta":{"_acf_changed":false},"product_cat":[344,408],"product_tag":[],"class_list":{"0":"post-106022","1":"product","2":"type-product","3":"status-publish","4":"has-post-thumbnail","6":"product_cat-vagonini","7":"product_cat-jauni-vagonini","9":"first","10":"instock","11":"shipping-taxable","12":"purchasable","13":"product-type-simple"},"acf":[],"yoast_head":"<!-- This site is optimized with the Yoast SEO Premium plugin v23.9 (Yoast SEO v27.5) - https:\/\/yoast.com\/product\/yoast-seo-premium-wordpress\/ -->\n<title>Modu\u013cu tirdzniec\u012bbas birojs - Miil O\u00dc<\/title>\n<meta name=\"description\" content=\"Modu\u013cu tirdzniec\u012bbas birojs | P\u0101rn\u0113s\u0101jamas kaj\u012btes p\u0113c pas\u016bt\u012bjuma | Mini m\u0101jas un koted\u017eas | Kaj\u012b\u0161u noma un p\u0101rdo\u0161ana | Transports un remonts |\" \/>\n<meta name=\"robots\" content=\"index, follow, max-snippet:-1, max-image-preview:large, max-video-preview:-1\" \/>\n<link rel=\"canonical\" href=\"https:\/\/miil.dev.almic.ee\/lv\/toode\/containex-standard-double-gaisi-peleks\/\" \/>\n<meta property=\"og:locale\" content=\"lv_LV\" \/>\n<meta property=\"og:type\" content=\"article\" \/>\n<meta property=\"og:title\" content=\"Containex Standard Double (gai\u0161i pel\u0113ks)\" \/>\n<meta property=\"og:description\" content=\"Modu\u013cu tirdzniec\u012bbas birojs | P\u0101rn\u0113s\u0101jamas kaj\u012btes p\u0113c pas\u016bt\u012bjuma | Mini m\u0101jas un koted\u017eas | Kaj\u012b\u0161u noma un p\u0101rdo\u0161ana | Transports un remonts |\" \/>\n<meta property=\"og:url\" content=\"https:\/\/miil.dev.almic.ee\/lv\/toode\/containex-standard-double-gaisi-peleks\/\" \/>\n<meta property=\"og:site_name\" content=\"Miil O\u00dc\" \/>\n<meta property=\"article:publisher\" content=\"https:\/\/www.facebook.com\/konteinerveod\/\" \/>\n<meta property=\"article:modified_time\" content=\"2025-07-07T09:51:20+00:00\" \/>\n<meta property=\"og:image\" content=\"https:\/\/miil.dev.almic.ee\/wp-content\/uploads\/2025\/07\/Containex-Standard-Double-hele-1.jpeg\" \/>\n\t<meta property=\"og:image:width\" content=\"1600\" \/>\n\t<meta property=\"og:image:height\" content=\"1200\" \/>\n\t<meta property=\"og:image:type\" content=\"image\/jpeg\" \/>\n<meta name=\"twitter:card\" content=\"summary_large_image\" \/>\n<meta name=\"twitter:label1\" content=\"Price\" \/>\n\t<meta name=\"twitter:data1\" content=\"13530,00&nbsp;&euro;\" \/>\n\t<meta name=\"twitter:label2\" content=\"Availability\" \/>\n\t<meta name=\"twitter:data2\" content=\"In stock\" \/>\n<script type=\"application\/ld+json\" class=\"yoast-schema-graph\">{\"@context\":\"https:\\\/\\\/schema.org\",\"@graph\":[{\"@type\":\"WebPage\",\"@id\":\"https:\\\/\\\/miil.dev.almic.ee\\\/lv\\\/toode\\\/containex-standard-double-gaisi-peleks\\\/\",\"url\":\"https:\\\/\\\/miil.dev.almic.ee\\\/lv\\\/toode\\\/containex-standard-double-gaisi-peleks\\\/\",\"name\":\"Modu\u013cu tirdzniec\u012bbas birojs - Miil O\u00dc\",\"isPartOf\":{\"@id\":\"https:\\\/\\\/miil.dev.almic.ee\\\/#website\"},\"primaryImageOfPage\":{\"@id\":\"https:\\\/\\\/miil.dev.almic.ee\\\/lv\\\/toode\\\/containex-standard-double-gaisi-peleks\\\/#primaryimage\"},\"image\":{\"@id\":\"https:\\\/\\\/miil.dev.almic.ee\\\/lv\\\/toode\\\/containex-standard-double-gaisi-peleks\\\/#primaryimage\"},\"thumbnailUrl\":\"https:\\\/\\\/miil.dev.almic.ee\\\/wp-content\\\/uploads\\\/2025\\\/07\\\/Containex-Standard-Double-hele-1.jpeg\",\"datePublished\":\"2025-07-04T08:38:42+00:00\",\"dateModified\":\"2025-07-07T09:51:20+00:00\",\"description\":\"Modu\u013cu tirdzniec\u012bbas birojs | P\u0101rn\u0113s\u0101jamas kaj\u012btes p\u0113c pas\u016bt\u012bjuma | Mini m\u0101jas un koted\u017eas | Kaj\u012b\u0161u noma un p\u0101rdo\u0161ana | Transports un remonts |\",\"breadcrumb\":{\"@id\":\"https:\\\/\\\/miil.dev.almic.ee\\\/lv\\\/toode\\\/containex-standard-double-gaisi-peleks\\\/#breadcrumb\"},\"inLanguage\":\"lv-LV\",\"potentialAction\":[{\"@type\":\"ReadAction\",\"target\":[\"https:\\\/\\\/miil.dev.almic.ee\\\/lv\\\/toode\\\/containex-standard-double-gaisi-peleks\\\/\"]}]},{\"@type\":\"ImageObject\",\"inLanguage\":\"lv-LV\",\"@id\":\"https:\\\/\\\/miil.dev.almic.ee\\\/lv\\\/toode\\\/containex-standard-double-gaisi-peleks\\\/#primaryimage\",\"url\":\"https:\\\/\\\/miil.dev.almic.ee\\\/wp-content\\\/uploads\\\/2025\\\/07\\\/Containex-Standard-Double-hele-1.jpeg\",\"contentUrl\":\"https:\\\/\\\/miil.dev.almic.ee\\\/wp-content\\\/uploads\\\/2025\\\/07\\\/Containex-Standard-Double-hele-1.jpeg\",\"width\":1600,\"height\":1200},{\"@type\":\"BreadcrumbList\",\"@id\":\"https:\\\/\\\/miil.dev.almic.ee\\\/lv\\\/toode\\\/containex-standard-double-gaisi-peleks\\\/#breadcrumb\",\"itemListElement\":[{\"@type\":\"ListItem\",\"position\":1,\"name\":\"Home\",\"item\":\"https:\\\/\\\/miil.dev.almic.ee\\\/lv\\\/\"},{\"@type\":\"ListItem\",\"position\":2,\"name\":\"Veikals\",\"item\":\"https:\\\/\\\/miil.dev.almic.ee\\\/lv\\\/veikals\\\/\"},{\"@type\":\"ListItem\",\"position\":3,\"name\":\"Containex Standard Double (gai\u0161i pel\u0113ks)\"}]},{\"@type\":\"WebSite\",\"@id\":\"https:\\\/\\\/miil.dev.almic.ee\\\/#website\",\"url\":\"https:\\\/\\\/miil.dev.almic.ee\\\/\",\"name\":\"Miil O\u00dc\",\"description\":\"Konteinerveod\",\"publisher\":{\"@id\":\"https:\\\/\\\/miil.dev.almic.ee\\\/#organization\"},\"potentialAction\":[{\"@type\":\"SearchAction\",\"target\":{\"@type\":\"EntryPoint\",\"urlTemplate\":\"https:\\\/\\\/miil.dev.almic.ee\\\/?s={search_term_string}\"},\"query-input\":{\"@type\":\"PropertyValueSpecification\",\"valueRequired\":true,\"valueName\":\"search_term_string\"}}],\"inLanguage\":\"lv-LV\"},{\"@type\":\"Organization\",\"@id\":\"https:\\\/\\\/miil.dev.almic.ee\\\/#organization\",\"name\":\"Miil O\u00dc\",\"url\":\"https:\\\/\\\/miil.dev.almic.ee\\\/\",\"logo\":{\"@type\":\"ImageObject\",\"inLanguage\":\"lv-LV\",\"@id\":\"https:\\\/\\\/miil.dev.almic.ee\\\/#\\\/schema\\\/logo\\\/image\\\/\",\"url\":\"https:\\\/\\\/www.miil.ee\\\/wp-content\\\/uploads\\\/2022\\\/02\\\/Miil-logo.svg\",\"contentUrl\":\"https:\\\/\\\/www.miil.ee\\\/wp-content\\\/uploads\\\/2022\\\/02\\\/Miil-logo.svg\",\"width\":\"1024\",\"height\":\"1024\",\"caption\":\"Miil O\u00dc\"},\"image\":{\"@id\":\"https:\\\/\\\/miil.dev.almic.ee\\\/#\\\/schema\\\/logo\\\/image\\\/\"},\"sameAs\":[\"https:\\\/\\\/www.facebook.com\\\/konteinerveod\\\/\",\"https:\\\/\\\/www.instagram.com\\\/ou_miil\\\/\"]}]}<\/script>\n<meta property=\"product:price:amount\" content=\"13530.00\" \/>\n<meta property=\"product:price:currency\" content=\"EUR\" \/>\n<meta property=\"og:availability\" content=\"instock\" \/>\n<meta property=\"product:availability\" content=\"instock\" \/>\n<meta property=\"product:retailer_item_id\" content=\"182526565\" \/>\n<meta property=\"product:condition\" content=\"new\" \/>\n<!-- \/ Yoast SEO Premium plugin. -->","yoast_head_json":{"title":"Modu\u013cu tirdzniec\u012bbas birojs - Miil O\u00dc","description":"Modu\u013cu tirdzniec\u012bbas birojs | P\u0101rn\u0113s\u0101jamas kaj\u012btes p\u0113c pas\u016bt\u012bjuma | Mini m\u0101jas un koted\u017eas | Kaj\u012b\u0161u noma un p\u0101rdo\u0161ana | Transports un remonts |","robots":{"index":"index","follow":"follow","max-snippet":"max-snippet:-1","max-image-preview":"max-image-preview:large","max-video-preview":"max-video-preview:-1"},"canonical":"https:\/\/miil.dev.almic.ee\/lv\/toode\/containex-standard-double-gaisi-peleks\/","og_locale":"lv_LV","og_type":"article","og_title":"Containex Standard Double (gai\u0161i pel\u0113ks)","og_description":"Modu\u013cu tirdzniec\u012bbas birojs | P\u0101rn\u0113s\u0101jamas kaj\u012btes p\u0113c pas\u016bt\u012bjuma | Mini m\u0101jas un koted\u017eas | Kaj\u012b\u0161u noma un p\u0101rdo\u0161ana | Transports un remonts |","og_url":"https:\/\/miil.dev.almic.ee\/lv\/toode\/containex-standard-double-gaisi-peleks\/","og_site_name":"Miil O\u00dc","article_publisher":"https:\/\/www.facebook.com\/konteinerveod\/","article_modified_time":"2025-07-07T09:51:20+00:00","og_image":[{"width":1600,"height":1200,"url":"https:\/\/miil.dev.almic.ee\/wp-content\/uploads\/2025\/07\/Containex-Standard-Double-hele-1.jpeg","type":"image\/jpeg"}],"twitter_card":"summary_large_image","twitter_misc":{"Price":"13530,00&nbsp;&euro;","Availability":"In stock"},"schema":{"@context":"https:\/\/schema.org","@graph":[{"@type":"WebPage","@id":"https:\/\/miil.dev.almic.ee\/lv\/toode\/containex-standard-double-gaisi-peleks\/","url":"https:\/\/miil.dev.almic.ee\/lv\/toode\/containex-standard-double-gaisi-peleks\/","name":"Modu\u013cu tirdzniec\u012bbas birojs - Miil O\u00dc","isPartOf":{"@id":"https:\/\/miil.dev.almic.ee\/#website"},"primaryImageOfPage":{"@id":"https:\/\/miil.dev.almic.ee\/lv\/toode\/containex-standard-double-gaisi-peleks\/#primaryimage"},"image":{"@id":"https:\/\/miil.dev.almic.ee\/lv\/toode\/containex-standard-double-gaisi-peleks\/#primaryimage"},"thumbnailUrl":"https:\/\/miil.dev.almic.ee\/wp-content\/uploads\/2025\/07\/Containex-Standard-Double-hele-1.jpeg","datePublished":"2025-07-04T08:38:42+00:00","dateModified":"2025-07-07T09:51:20+00:00","description":"Modu\u013cu tirdzniec\u012bbas birojs | P\u0101rn\u0113s\u0101jamas kaj\u012btes p\u0113c pas\u016bt\u012bjuma | Mini m\u0101jas un koted\u017eas | Kaj\u012b\u0161u noma un p\u0101rdo\u0161ana | Transports un remonts |","breadcrumb":{"@id":"https:\/\/miil.dev.almic.ee\/lv\/toode\/containex-standard-double-gaisi-peleks\/#breadcrumb"},"inLanguage":"lv-LV","potentialAction":[{"@type":"ReadAction","target":["https:\/\/miil.dev.almic.ee\/lv\/toode\/containex-standard-double-gaisi-peleks\/"]}]},{"@type":"ImageObject","inLanguage":"lv-LV","@id":"https:\/\/miil.dev.almic.ee\/lv\/toode\/containex-standard-double-gaisi-peleks\/#primaryimage","url":"https:\/\/miil.dev.almic.ee\/wp-content\/uploads\/2025\/07\/Containex-Standard-Double-hele-1.jpeg","contentUrl":"https:\/\/miil.dev.almic.ee\/wp-content\/uploads\/2025\/07\/Containex-Standard-Double-hele-1.jpeg","width":1600,"height":1200},{"@type":"BreadcrumbList","@id":"https:\/\/miil.dev.almic.ee\/lv\/toode\/containex-standard-double-gaisi-peleks\/#breadcrumb","itemListElement":[{"@type":"ListItem","position":1,"name":"Home","item":"https:\/\/miil.dev.almic.ee\/lv\/"},{"@type":"ListItem","position":2,"name":"Veikals","item":"https:\/\/miil.dev.almic.ee\/lv\/veikals\/"},{"@type":"ListItem","position":3,"name":"Containex Standard Double (gai\u0161i pel\u0113ks)"}]},{"@type":"WebSite","@id":"https:\/\/miil.dev.almic.ee\/#website","url":"https:\/\/miil.dev.almic.ee\/","name":"Miil O\u00dc","description":"Konteinerveod","publisher":{"@id":"https:\/\/miil.dev.almic.ee\/#organization"},"potentialAction":[{"@type":"SearchAction","target":{"@type":"EntryPoint","urlTemplate":"https:\/\/miil.dev.almic.ee\/?s={search_term_string}"},"query-input":{"@type":"PropertyValueSpecification","valueRequired":true,"valueName":"search_term_string"}}],"inLanguage":"lv-LV"},{"@type":"Organization","@id":"https:\/\/miil.dev.almic.ee\/#organization","name":"Miil O\u00dc","url":"https:\/\/miil.dev.almic.ee\/","logo":{"@type":"ImageObject","inLanguage":"lv-LV","@id":"https:\/\/miil.dev.almic.ee\/#\/schema\/logo\/image\/","url":"https:\/\/www.miil.ee\/wp-content\/uploads\/2022\/02\/Miil-logo.svg","contentUrl":"https:\/\/www.miil.ee\/wp-content\/uploads\/2022\/02\/Miil-logo.svg","width":"1024","height":"1024","caption":"Miil O\u00dc"},"image":{"@id":"https:\/\/miil.dev.almic.ee\/#\/schema\/logo\/image\/"},"sameAs":["https:\/\/www.facebook.com\/konteinerveod\/","https:\/\/www.instagram.com\/ou_miil\/"]}]},"product_price_amount":"13530.00","product_price_currency":"EUR","og_availability":"instock","product_availability":"instock","product_retailer_item_id":"182526565","product_condition":"new"},"_links":{"self":[{"href":"https:\/\/miil.dev.almic.ee\/lv\/wp-json\/wp\/v2\/product\/106022","targetHints":{"allow":["GET"]}}],"collection":[{"href":"https:\/\/miil.dev.almic.ee\/lv\/wp-json\/wp\/v2\/product"}],"about":[{"href":"https:\/\/miil.dev.almic.ee\/lv\/wp-json\/wp\/v2\/types\/product"}],"replies":[{"embeddable":true,"href":"https:\/\/miil.dev.almic.ee\/lv\/wp-json\/wp\/v2\/comments?post=106022"}],"wp:featuredmedia":[{"embeddable":true,"href":"https:\/\/miil.dev.almic.ee\/lv\/wp-json\/wp\/v2\/media\/106166"}],"wp:attachment":[{"href":"https:\/\/miil.dev.almic.ee\/lv\/wp-json\/wp\/v2\/media?parent=106022"}],"wp:term":[{"taxonomy":"product_cat","embeddable":true,"href":"https:\/\/miil.dev.almic.ee\/lv\/wp-json\/wp\/v2\/product_cat?post=106022"},{"taxonomy":"product_tag","embeddable":true,"href":"https:\/\/miil.dev.almic.ee\/lv\/wp-json\/wp\/v2\/product_tag?post=106022"}],"curies":[{"name":"wp","href":"https:\/\/api.w.org\/{rel}","templated":true}]}}