{"id":105723,"date":"2025-07-03T15:46:36","date_gmt":"2025-07-03T12:46:36","guid":{"rendered":"https:\/\/www.miil.ee\/?post_type=product&#038;p=105723"},"modified":"2025-07-03T15:57:04","modified_gmt":"2025-07-03T12:57:04","slug":"biroja-kabines-containex-basic-152224672-bojats","status":"publish","type":"product","link":"https:\/\/miil.dev.almic.ee\/lv\/toode\/biroja-kabines-containex-basic-152224672-bojats\/","title":{"rendered":"Biroja kab\u012bnes Containex Basic 152224672 (boj\u0101ts)"},"content":{"rendered":"<h1>Biroja kab\u012bnes Containex Basic 152224672<\/h1>\n<p>* Viens logs<br \/>\n*Vienas durvis<br \/>\n*Viena gaisma<br \/>\n* Standarta augstums<\/p>\n<p><strong>Specifik\u0101cija<br \/>\n<\/strong>\u0100r\u0113jais augstums 2591mm<br \/>\n\u0100r\u0113jais platums 2435mm<br \/>\n\u0100r\u0113jais garums 6055mm<\/p>\n<p>Iek\u0161\u0113jais augstums 2340mm<br \/>\nIek\u0161\u0113jais platums 2240mm<br \/>\nIek\u0161\u0113jais garums 5860mm<\/p>\n<p>R\u0101mja kr\u0101sa balta RAL9002<br \/>\nPane\u013ca kr\u0101sa gai\u0161i pel\u0113ka RAL7035<\/p>\n<p><strong>Apkure<\/strong><br \/>\n&#8211; Sienu izol\u0101cija PU putas 45mm<br \/>\n&#8211; Jumta izol\u0101cijas miner\u0101lvate 100mm<br \/>\n&#8211; Gr\u012bdas izol\u0101cijas PU pl\u0101ksnes 60mm<\/p>\n<p><strong>Elektr\u012bbas piesl\u0113gums<\/strong><br \/>\n230V\/32A\/3-pin<\/p>\n<p><strong>Pane\u013ci<\/strong><br \/>\n1 loga panelis,<br \/>\nLogu var atv\u0113rt piln\u012bb\u0101 vai atv\u0113rt ventil\u0101cijas st\u0101vokl\u012b.<br \/>\nAugstums no zemes 870mm<\/p>\n<p><strong>1 priek\u0161\u0113j\u0101s durvis<\/strong><br \/>\natveras uz \u0101ru.<br \/>\nDurvju platums: 875 mm<br \/>\nDurvju atv\u0113r\u0161anas platums: 811mm<br \/>\nDurvju atv\u0113r\u0161anas augstums: 2065mm<\/p>\n<p><strong>1 Elektriskais panelis<\/strong><br \/>\n2 gab spraud\u0146i<br \/>\n1gab gaismas sl\u0113dzis<br \/>\nElektriskais panelis<\/p>\n<h2>Biroja kab\u012bnes Containex Basic 152224672 &#8211; Transport\u0113\u0161ana un pacel\u0161ana?<\/h2>\n<p>P\u0113c piem\u0113rota konteinera izv\u0113les varam veikt iepako\u0161anu un transport\u0113\u0161anu.<br \/>\nP\u0101rvad\u0101\u0161anai parasti izmantojam<span>\u00a0<\/span><a href=\"https:\/\/www.miil.ee\/lv\/pakalpojumi\/celtnis\/\">celtnis<\/a><span>\u00a0<\/span>vai<span>\u00a0<\/span><a href=\"https:\/\/www.miil.ee\/lv\/pakalpojumi\/sanu-iekraveji-sideloader\/\">s\u0101nu iekr\u0101v\u0113ju.<\/a><br \/>\nM\u0113s izmantojam<span>\u00a0<\/span><a href=\"https:\/\/www.miil.ee\/lv\/pakalpojumi\/ram-pasizgazejs\/\">RAM backloader<\/a>, lai aptvertu vissare\u017e\u0123\u012bt\u0101k\u0101s vietas.<br \/>\nP\u0113c t\u0101 ieg\u0101des m\u0113s glab\u0101jam j\u016bsu konteineru m\u016bsu termin\u0101l\u012b bez maksas l\u012bdz se\u0161iem m\u0113ne\u0161iem.<br \/>\nVienm\u0113r iesp\u0113jams vienoties par ilg\u0101ku laiku.<br \/>\nPiem\u0113ram, ja vieta v\u0113l nav gatava vai pieejama konteinera pieg\u0101dei.<br \/>\nT\u0101d\u0101 gad\u012bjum\u0101 konteinera cena nemain\u012bsies un var\u0113siet b\u016bt dro\u0161s, ka izv\u0113l\u0113to konteineru sa\u0146emsiet norun\u0101taj\u0101 laik\u0101.<\/p>\n<h2>M\u016bsu tehnolo\u0123ijas ir modernas, un m\u016bsu vad\u012bt\u0101ji ir augsti apm\u0101c\u012bti.<\/h2>\n<p>*J\u016bras konteineru tirdzniec\u012bba<br \/>\n*J\u016bras konteineru noma<br \/>\n*J\u016bras konteineru atg\u016b\u0161ana<br \/>\n*J\u016bras konteineru remonts<br \/>\n*J\u016bras konteineru uzglab\u0101\u0161ana<br \/>\n*Apkures bateriju tirdzniec\u012bba<br \/>\n*Sild\u012bt\u0101ju noma<br \/>\n*Mini m\u0101ju p\u0101rdo\u0161ana<br \/>\n*Iz\u012br\u0113 mini m\u0101jas<br \/>\n*Transports<br \/>\n*Depo serviss<\/p>\n<ul>\n<li>Lab\u0101k\u0101s cenas garantija \u2013 m\u0113s vienm\u0113r pied\u0101v\u0101jam konteineram lab\u0101ko pied\u0101v\u0101jumu.<\/li>\n<\/ul>\n<p>Sekojiet mums\u00a0<a href=\"https:\/\/www.facebook.com\/konteinerveod\/\">Facebook<\/a>\u00a0vai\u00a0<a href=\"https:\/\/www.instagram.com\/ou_miil\/\">Instagram.<\/a><\/p>\n","protected":false},"excerpt":{"rendered":"<p>Biroja kab\u012bnes Containex Basic 152224672 * Viens logs *Vienas durvis *Viena gaisma * Standarta augstums Specifik\u0101cija \u0100r\u0113jais augstums 2591mm \u0100r\u0113jais platums 2435mm \u0100r\u0113jais garums 6055mm Iek\u0161\u0113jais augstums 2340mm Iek\u0161\u0113jais platums 2240mm Iek\u0161\u0113jais garums 5860mm R\u0101mja kr\u0101sa balta RAL9002 Pane\u013ca kr\u0101sa gai\u0161i pel\u0113ka RAL7035 Apkure &#8211; Sienu izol\u0101cija PU putas 45mm &#8211; Jumta izol\u0101cijas miner\u0101lvate 100mm&#8230;<\/p>\n","protected":false},"featured_media":105729,"comment_status":"closed","ping_status":"closed","template":"","meta":{"_acf_changed":false},"product_cat":[344],"product_tag":[],"class_list":{"0":"post-105723","1":"product","2":"type-product","3":"status-publish","4":"has-post-thumbnail","6":"product_cat-vagonini","8":"first","9":"outofstock","10":"shipping-taxable","11":"purchasable","12":"product-type-simple"},"acf":[],"yoast_head":"<!-- This site is optimized with the Yoast SEO Premium plugin v23.9 (Yoast SEO v27.5) - https:\/\/yoast.com\/product\/yoast-seo-premium-wordpress\/ -->\n<title>Biroja kab\u012bnes Containex Basic 152224672 (boj\u0101ts) - Miil O\u00dc<\/title>\n<meta name=\"description\" content=\"Biroja kab\u012bnes Containex Basic 152224672 | Mini m\u0101jas un koted\u017eas | Kaj\u012b\u0161u noma un p\u0101rdo\u0161ana | Transports un remonts | Elektr\u012bbas darbi un apkure\" \/>\n<meta name=\"robots\" content=\"index, follow, max-snippet:-1, max-image-preview:large, max-video-preview:-1\" \/>\n<link rel=\"canonical\" href=\"https:\/\/miil.dev.almic.ee\/lv\/toode\/biroja-kabines-containex-basic-152224672-bojats\/\" \/>\n<meta property=\"og:locale\" content=\"lv_LV\" \/>\n<meta property=\"og:type\" content=\"article\" \/>\n<meta property=\"og:title\" content=\"Biroja kab\u012bnes Containex Basic 152224672 (boj\u0101ts)\" \/>\n<meta property=\"og:description\" content=\"Biroja kab\u012bnes Containex Basic 152224672 | Mini m\u0101jas un koted\u017eas | Kaj\u012b\u0161u noma un p\u0101rdo\u0161ana | Transports un remonts | Elektr\u012bbas darbi un apkure\" \/>\n<meta property=\"og:url\" content=\"https:\/\/miil.dev.almic.ee\/lv\/toode\/biroja-kabines-containex-basic-152224672-bojats\/\" \/>\n<meta property=\"og:site_name\" content=\"Miil O\u00dc\" \/>\n<meta property=\"article:publisher\" content=\"https:\/\/www.facebook.com\/konteinerveod\/\" \/>\n<meta property=\"article:modified_time\" content=\"2025-07-03T12:57:04+00:00\" \/>\n<meta property=\"og:image\" content=\"https:\/\/miil.dev.almic.ee\/wp-content\/uploads\/2025\/07\/Containex-Basic-kahjustatud-1-scaled.jpg\" \/>\n\t<meta property=\"og:image:width\" content=\"1900\" \/>\n\t<meta property=\"og:image:height\" content=\"1425\" \/>\n\t<meta property=\"og:image:type\" content=\"image\/jpeg\" \/>\n<meta name=\"twitter:card\" content=\"summary_large_image\" \/>\n<meta name=\"twitter:label1\" content=\"Price\" \/>\n\t<meta name=\"twitter:data1\" content=\"3990,00&nbsp;&euro;\" \/>\n\t<meta name=\"twitter:label2\" content=\"Availability\" \/>\n\t<meta name=\"twitter:data2\" content=\"Out of stock\" \/>\n<script type=\"application\/ld+json\" class=\"yoast-schema-graph\">{\"@context\":\"https:\\\/\\\/schema.org\",\"@graph\":[{\"@type\":\"WebPage\",\"@id\":\"https:\\\/\\\/miil.dev.almic.ee\\\/lv\\\/toode\\\/biroja-kabines-containex-basic-152224672-bojats\\\/\",\"url\":\"https:\\\/\\\/miil.dev.almic.ee\\\/lv\\\/toode\\\/biroja-kabines-containex-basic-152224672-bojats\\\/\",\"name\":\"Biroja kab\u012bnes Containex Basic 152224672 (boj\u0101ts) - Miil O\u00dc\",\"isPartOf\":{\"@id\":\"https:\\\/\\\/miil.dev.almic.ee\\\/#website\"},\"primaryImageOfPage\":{\"@id\":\"https:\\\/\\\/miil.dev.almic.ee\\\/lv\\\/toode\\\/biroja-kabines-containex-basic-152224672-bojats\\\/#primaryimage\"},\"image\":{\"@id\":\"https:\\\/\\\/miil.dev.almic.ee\\\/lv\\\/toode\\\/biroja-kabines-containex-basic-152224672-bojats\\\/#primaryimage\"},\"thumbnailUrl\":\"https:\\\/\\\/miil.dev.almic.ee\\\/wp-content\\\/uploads\\\/2025\\\/07\\\/Containex-Basic-kahjustatud-1-scaled.jpg\",\"datePublished\":\"2025-07-03T12:46:36+00:00\",\"dateModified\":\"2025-07-03T12:57:04+00:00\",\"description\":\"Biroja kab\u012bnes Containex Basic 152224672 | Mini m\u0101jas un koted\u017eas | Kaj\u012b\u0161u noma un p\u0101rdo\u0161ana | Transports un remonts | Elektr\u012bbas darbi un apkure\",\"breadcrumb\":{\"@id\":\"https:\\\/\\\/miil.dev.almic.ee\\\/lv\\\/toode\\\/biroja-kabines-containex-basic-152224672-bojats\\\/#breadcrumb\"},\"inLanguage\":\"lv-LV\",\"potentialAction\":[{\"@type\":\"ReadAction\",\"target\":[\"https:\\\/\\\/miil.dev.almic.ee\\\/lv\\\/toode\\\/biroja-kabines-containex-basic-152224672-bojats\\\/\"]}]},{\"@type\":\"ImageObject\",\"inLanguage\":\"lv-LV\",\"@id\":\"https:\\\/\\\/miil.dev.almic.ee\\\/lv\\\/toode\\\/biroja-kabines-containex-basic-152224672-bojats\\\/#primaryimage\",\"url\":\"https:\\\/\\\/miil.dev.almic.ee\\\/wp-content\\\/uploads\\\/2025\\\/07\\\/Containex-Basic-kahjustatud-1-scaled.jpg\",\"contentUrl\":\"https:\\\/\\\/miil.dev.almic.ee\\\/wp-content\\\/uploads\\\/2025\\\/07\\\/Containex-Basic-kahjustatud-1-scaled.jpg\",\"width\":1900,\"height\":1425},{\"@type\":\"BreadcrumbList\",\"@id\":\"https:\\\/\\\/miil.dev.almic.ee\\\/lv\\\/toode\\\/biroja-kabines-containex-basic-152224672-bojats\\\/#breadcrumb\",\"itemListElement\":[{\"@type\":\"ListItem\",\"position\":1,\"name\":\"Home\",\"item\":\"https:\\\/\\\/miil.dev.almic.ee\\\/lv\\\/\"},{\"@type\":\"ListItem\",\"position\":2,\"name\":\"Veikals\",\"item\":\"https:\\\/\\\/miil.dev.almic.ee\\\/lv\\\/veikals\\\/\"},{\"@type\":\"ListItem\",\"position\":3,\"name\":\"Biroja kab\u012bnes Containex Basic 152224672 (boj\u0101ts)\"}]},{\"@type\":\"WebSite\",\"@id\":\"https:\\\/\\\/miil.dev.almic.ee\\\/#website\",\"url\":\"https:\\\/\\\/miil.dev.almic.ee\\\/\",\"name\":\"Miil O\u00dc\",\"description\":\"Konteinerveod\",\"publisher\":{\"@id\":\"https:\\\/\\\/miil.dev.almic.ee\\\/#organization\"},\"potentialAction\":[{\"@type\":\"SearchAction\",\"target\":{\"@type\":\"EntryPoint\",\"urlTemplate\":\"https:\\\/\\\/miil.dev.almic.ee\\\/?s={search_term_string}\"},\"query-input\":{\"@type\":\"PropertyValueSpecification\",\"valueRequired\":true,\"valueName\":\"search_term_string\"}}],\"inLanguage\":\"lv-LV\"},{\"@type\":\"Organization\",\"@id\":\"https:\\\/\\\/miil.dev.almic.ee\\\/#organization\",\"name\":\"Miil O\u00dc\",\"url\":\"https:\\\/\\\/miil.dev.almic.ee\\\/\",\"logo\":{\"@type\":\"ImageObject\",\"inLanguage\":\"lv-LV\",\"@id\":\"https:\\\/\\\/miil.dev.almic.ee\\\/#\\\/schema\\\/logo\\\/image\\\/\",\"url\":\"https:\\\/\\\/www.miil.ee\\\/wp-content\\\/uploads\\\/2022\\\/02\\\/Miil-logo.svg\",\"contentUrl\":\"https:\\\/\\\/www.miil.ee\\\/wp-content\\\/uploads\\\/2022\\\/02\\\/Miil-logo.svg\",\"width\":\"1024\",\"height\":\"1024\",\"caption\":\"Miil O\u00dc\"},\"image\":{\"@id\":\"https:\\\/\\\/miil.dev.almic.ee\\\/#\\\/schema\\\/logo\\\/image\\\/\"},\"sameAs\":[\"https:\\\/\\\/www.facebook.com\\\/konteinerveod\\\/\",\"https:\\\/\\\/www.instagram.com\\\/ou_miil\\\/\"]}]}<\/script>\n<meta property=\"product:price:amount\" content=\"3990.00\" \/>\n<meta property=\"product:price:currency\" content=\"EUR\" \/>\n<meta property=\"og:availability\" content=\"out of stock\" \/>\n<meta property=\"product:availability\" content=\"out of stock\" \/>\n<meta property=\"product:retailer_item_id\" content=\"152224672\" \/>\n<meta property=\"product:condition\" content=\"new\" \/>\n<!-- \/ Yoast SEO Premium plugin. -->","yoast_head_json":{"title":"Biroja kab\u012bnes Containex Basic 152224672 (boj\u0101ts) - Miil O\u00dc","description":"Biroja kab\u012bnes Containex Basic 152224672 | Mini m\u0101jas un koted\u017eas | Kaj\u012b\u0161u noma un p\u0101rdo\u0161ana | Transports un remonts | Elektr\u012bbas darbi un apkure","robots":{"index":"index","follow":"follow","max-snippet":"max-snippet:-1","max-image-preview":"max-image-preview:large","max-video-preview":"max-video-preview:-1"},"canonical":"https:\/\/miil.dev.almic.ee\/lv\/toode\/biroja-kabines-containex-basic-152224672-bojats\/","og_locale":"lv_LV","og_type":"article","og_title":"Biroja kab\u012bnes Containex Basic 152224672 (boj\u0101ts)","og_description":"Biroja kab\u012bnes Containex Basic 152224672 | Mini m\u0101jas un koted\u017eas | Kaj\u012b\u0161u noma un p\u0101rdo\u0161ana | Transports un remonts | Elektr\u012bbas darbi un apkure","og_url":"https:\/\/miil.dev.almic.ee\/lv\/toode\/biroja-kabines-containex-basic-152224672-bojats\/","og_site_name":"Miil O\u00dc","article_publisher":"https:\/\/www.facebook.com\/konteinerveod\/","article_modified_time":"2025-07-03T12:57:04+00:00","og_image":[{"width":1900,"height":1425,"url":"https:\/\/miil.dev.almic.ee\/wp-content\/uploads\/2025\/07\/Containex-Basic-kahjustatud-1-scaled.jpg","type":"image\/jpeg"}],"twitter_card":"summary_large_image","twitter_misc":{"Price":"3990,00&nbsp;&euro;","Availability":"Out of stock"},"schema":{"@context":"https:\/\/schema.org","@graph":[{"@type":"WebPage","@id":"https:\/\/miil.dev.almic.ee\/lv\/toode\/biroja-kabines-containex-basic-152224672-bojats\/","url":"https:\/\/miil.dev.almic.ee\/lv\/toode\/biroja-kabines-containex-basic-152224672-bojats\/","name":"Biroja kab\u012bnes Containex Basic 152224672 (boj\u0101ts) - Miil O\u00dc","isPartOf":{"@id":"https:\/\/miil.dev.almic.ee\/#website"},"primaryImageOfPage":{"@id":"https:\/\/miil.dev.almic.ee\/lv\/toode\/biroja-kabines-containex-basic-152224672-bojats\/#primaryimage"},"image":{"@id":"https:\/\/miil.dev.almic.ee\/lv\/toode\/biroja-kabines-containex-basic-152224672-bojats\/#primaryimage"},"thumbnailUrl":"https:\/\/miil.dev.almic.ee\/wp-content\/uploads\/2025\/07\/Containex-Basic-kahjustatud-1-scaled.jpg","datePublished":"2025-07-03T12:46:36+00:00","dateModified":"2025-07-03T12:57:04+00:00","description":"Biroja kab\u012bnes Containex Basic 152224672 | Mini m\u0101jas un koted\u017eas | Kaj\u012b\u0161u noma un p\u0101rdo\u0161ana | Transports un remonts | Elektr\u012bbas darbi un apkure","breadcrumb":{"@id":"https:\/\/miil.dev.almic.ee\/lv\/toode\/biroja-kabines-containex-basic-152224672-bojats\/#breadcrumb"},"inLanguage":"lv-LV","potentialAction":[{"@type":"ReadAction","target":["https:\/\/miil.dev.almic.ee\/lv\/toode\/biroja-kabines-containex-basic-152224672-bojats\/"]}]},{"@type":"ImageObject","inLanguage":"lv-LV","@id":"https:\/\/miil.dev.almic.ee\/lv\/toode\/biroja-kabines-containex-basic-152224672-bojats\/#primaryimage","url":"https:\/\/miil.dev.almic.ee\/wp-content\/uploads\/2025\/07\/Containex-Basic-kahjustatud-1-scaled.jpg","contentUrl":"https:\/\/miil.dev.almic.ee\/wp-content\/uploads\/2025\/07\/Containex-Basic-kahjustatud-1-scaled.jpg","width":1900,"height":1425},{"@type":"BreadcrumbList","@id":"https:\/\/miil.dev.almic.ee\/lv\/toode\/biroja-kabines-containex-basic-152224672-bojats\/#breadcrumb","itemListElement":[{"@type":"ListItem","position":1,"name":"Home","item":"https:\/\/miil.dev.almic.ee\/lv\/"},{"@type":"ListItem","position":2,"name":"Veikals","item":"https:\/\/miil.dev.almic.ee\/lv\/veikals\/"},{"@type":"ListItem","position":3,"name":"Biroja kab\u012bnes Containex Basic 152224672 (boj\u0101ts)"}]},{"@type":"WebSite","@id":"https:\/\/miil.dev.almic.ee\/#website","url":"https:\/\/miil.dev.almic.ee\/","name":"Miil O\u00dc","description":"Konteinerveod","publisher":{"@id":"https:\/\/miil.dev.almic.ee\/#organization"},"potentialAction":[{"@type":"SearchAction","target":{"@type":"EntryPoint","urlTemplate":"https:\/\/miil.dev.almic.ee\/?s={search_term_string}"},"query-input":{"@type":"PropertyValueSpecification","valueRequired":true,"valueName":"search_term_string"}}],"inLanguage":"lv-LV"},{"@type":"Organization","@id":"https:\/\/miil.dev.almic.ee\/#organization","name":"Miil O\u00dc","url":"https:\/\/miil.dev.almic.ee\/","logo":{"@type":"ImageObject","inLanguage":"lv-LV","@id":"https:\/\/miil.dev.almic.ee\/#\/schema\/logo\/image\/","url":"https:\/\/www.miil.ee\/wp-content\/uploads\/2022\/02\/Miil-logo.svg","contentUrl":"https:\/\/www.miil.ee\/wp-content\/uploads\/2022\/02\/Miil-logo.svg","width":"1024","height":"1024","caption":"Miil O\u00dc"},"image":{"@id":"https:\/\/miil.dev.almic.ee\/#\/schema\/logo\/image\/"},"sameAs":["https:\/\/www.facebook.com\/konteinerveod\/","https:\/\/www.instagram.com\/ou_miil\/"]}]},"product_price_amount":"3990.00","product_price_currency":"EUR","og_availability":"out of stock","product_availability":"out of stock","product_retailer_item_id":"152224672","product_condition":"new"},"_links":{"self":[{"href":"https:\/\/miil.dev.almic.ee\/lv\/wp-json\/wp\/v2\/product\/105723","targetHints":{"allow":["GET"]}}],"collection":[{"href":"https:\/\/miil.dev.almic.ee\/lv\/wp-json\/wp\/v2\/product"}],"about":[{"href":"https:\/\/miil.dev.almic.ee\/lv\/wp-json\/wp\/v2\/types\/product"}],"replies":[{"embeddable":true,"href":"https:\/\/miil.dev.almic.ee\/lv\/wp-json\/wp\/v2\/comments?post=105723"}],"wp:featuredmedia":[{"embeddable":true,"href":"https:\/\/miil.dev.almic.ee\/lv\/wp-json\/wp\/v2\/media\/105729"}],"wp:attachment":[{"href":"https:\/\/miil.dev.almic.ee\/lv\/wp-json\/wp\/v2\/media?parent=105723"}],"wp:term":[{"taxonomy":"product_cat","embeddable":true,"href":"https:\/\/miil.dev.almic.ee\/lv\/wp-json\/wp\/v2\/product_cat?post=105723"},{"taxonomy":"product_tag","embeddable":true,"href":"https:\/\/miil.dev.almic.ee\/lv\/wp-json\/wp\/v2\/product_tag?post=105723"}],"curies":[{"name":"wp","href":"https:\/\/api.w.org\/{rel}","templated":true}]}}