{"id":105511,"date":"2025-07-02T16:28:01","date_gmt":"2025-07-02T13:28:02","guid":{"rendered":"https:\/\/www.miil.ee\/?post_type=product&#038;p=105511"},"modified":"2025-07-02T16:46:17","modified_gmt":"2025-07-02T13:46:17","slug":"mafi-treileris","status":"publish","type":"product","link":"https:\/\/miil.dev.almic.ee\/lv\/toode\/mafi-treileris\/","title":{"rendered":"MAFI treileris"},"content":{"rendered":"<h1 data-start=\"0\" data-end=\"18\"><strong data-start=\"0\" data-end=\"18\">MAFI treileris<\/strong><\/h1>\n<p data-start=\"20\" data-end=\"502\">MAFI treileris, zin\u0101ms ar\u012b k\u0101 rullpiekabe, ir smags, bezdzin\u0113ja platformas tipa piekabe, ko galvenok\u0101rt izmanto ost\u0101s un r\u016bpniecisk\u0101 vid\u0113 lielgabar\u012bta vai smagu kravu p\u0101rvad\u0101\u0161anai. T\u0101 ir paredz\u0113ta vilk\u0161anai ar termin\u0101la vilc\u0113jiem vai st\u016bm\u0113jiem, un ir b\u016btiska apr\u012bkojuma vien\u012bba, lai p\u0101rvietotu nestandarta vai statiskas kravas, kuras nevar transport\u0113t parastajos konteineros. \u0160ie treileri parasti ir 6 l\u012bdz 19 metrus gari, un tiem ir iztur\u012bgs t\u0113rauda r\u0101mis ar koka vai met\u0101la kl\u0101ju.<\/p>\n<p data-start=\"504\" data-end=\"946\">\u0160os treilerus pla\u0161i izmanto <strong data-start=\"532\" data-end=\"540\">RoRo<\/strong> (Roll-on\/Roll-off) oper\u0101cij\u0101s, kur krava tiek uzrull\u0113ta uz ku\u0123a. Tie ir \u012bpa\u0161i noder\u012bgi termin\u0101\u013cos, kas apstr\u0101d\u0101 iek\u0101rtas, t\u0113raudu, projektu kravas vai citu nekonteineriz\u0113tu kravu. Krava tiek uzkrauta ar celt\u0146iem vai iekr\u0101v\u0113jiem, nostiprin\u0101ta ar siksn\u0101m vai \u0137\u0113d\u0113m un p\u0101rvietota ostas teritorij\u0101. Liel\u0101k\u0101 da\u013ca MAFI treileru ir paredz\u0113ti izmanto\u0161anai tikai termin\u0101l\u0101 un netiek lietoti uz publiskajiem ce\u013ciem.<\/p>\n<p data-start=\"948\" data-end=\"1326\">MAFI treileri var p\u0101rvad\u0101t kravas, kuru svars ir no 40 l\u012bdz vair\u0101k nek\u0101 120 tonn\u0101m. Tos var ar\u012b piel\u0101got ar da\u017e\u0101diem papildapr\u012bkojumiem, piem\u0113ram, spoles gultn\u0113m, balstiem, fiksatoriem un da\u017e\u0101diem kl\u0101ja materi\u0101liem, lai atbilstu konkr\u0113t\u0101m vajadz\u012bb\u0101m. Daudzas ostas \u0161os treilerus iznom\u0101 p\u0113c vajadz\u012bbas, un, ja krava netiek izkrauta laikus, var tikt piem\u0113rota <strong data-start=\"1306\" data-end=\"1319\">demurrage<\/strong> maksa.<\/p>\n<p data-start=\"1328\" data-end=\"1481\">Kopum\u0101 MAFI treileri ir b\u016btisks lo\u0123istikas r\u012bks ostu darb\u012bb\u0101, nodro\u0161inot dro\u0161u un efekt\u012bvu veidu, k\u0101 apstr\u0101d\u0101t lielgabar\u012bta vai nekonteineriz\u0113tas kravas.<\/p>\n<p>Sekojiet mums <a href=\"https:\/\/www.facebook.com\/merekonteiner\">Facebook<\/a> vai <a href=\"https:\/\/www.instagram.com\/ou_miil\/\">Instagram.<\/a><\/p>\n","protected":false},"excerpt":{"rendered":"<p>MAFI treileris MAFI treileris, zin\u0101ms ar\u012b k\u0101 rullpiekabe, ir smags, bezdzin\u0113ja platformas tipa piekabe, ko galvenok\u0101rt izmanto ost\u0101s un r\u016bpniecisk\u0101 vid\u0113 lielgabar\u012bta vai smagu kravu p\u0101rvad\u0101\u0161anai. T\u0101 ir paredz\u0113ta vilk\u0161anai ar termin\u0101la vilc\u0113jiem vai st\u016bm\u0113jiem, un ir b\u016btiska apr\u012bkojuma vien\u012bba, lai p\u0101rvietotu nestandarta vai statiskas kravas, kuras nevar transport\u0113t parastajos konteineros. \u0160ie treileri parasti ir&#8230;<\/p>\n","protected":false},"featured_media":105517,"comment_status":"closed","ping_status":"closed","template":"","meta":{"_acf_changed":false},"product_cat":[336],"product_tag":[],"class_list":{"0":"post-105511","1":"product","2":"type-product","3":"status-publish","4":"has-post-thumbnail","6":"product_cat-papildu-piederumi","8":"first","9":"instock","10":"shipping-taxable","11":"purchasable","12":"product-type-simple"},"acf":[],"yoast_head":"<!-- This site is optimized with the Yoast SEO Premium plugin v23.9 (Yoast SEO v27.5) - https:\/\/yoast.com\/product\/yoast-seo-premium-wordpress\/ -->\n<title>MAFI treileris - Miil O\u00dc<\/title>\n<meta name=\"description\" content=\"MAFI piekabe, Smag\u0101s tehnikas p\u0101rvad\u0101jumi, MAFI treileris, J\u016bras konteineru piederumi, Rullpiekabe, RoRo, Lielgabar\u012bta krava, Transport\u0113\u0161anas platforma,\" \/>\n<meta name=\"robots\" content=\"index, follow, max-snippet:-1, max-image-preview:large, max-video-preview:-1\" \/>\n<link rel=\"canonical\" href=\"https:\/\/miil.dev.almic.ee\/lv\/toode\/mafi-treileris\/\" \/>\n<meta property=\"og:locale\" content=\"lv_LV\" \/>\n<meta property=\"og:type\" content=\"article\" \/>\n<meta property=\"og:title\" content=\"MAFI treileris\" \/>\n<meta property=\"og:description\" content=\"MAFI piekabe, Smag\u0101s tehnikas p\u0101rvad\u0101jumi, MAFI treileris, J\u016bras konteineru piederumi, Rullpiekabe, RoRo, Lielgabar\u012bta krava, Transport\u0113\u0161anas platforma,\" \/>\n<meta property=\"og:url\" content=\"https:\/\/miil.dev.almic.ee\/lv\/toode\/mafi-treileris\/\" \/>\n<meta property=\"og:site_name\" content=\"Miil O\u00dc\" \/>\n<meta property=\"article:publisher\" content=\"https:\/\/www.facebook.com\/konteinerveod\/\" \/>\n<meta property=\"article:modified_time\" content=\"2025-07-02T13:46:17+00:00\" \/>\n<meta property=\"og:image\" content=\"https:\/\/miil.dev.almic.ee\/wp-content\/uploads\/2025\/07\/MAFI-treiler-0-scaled.jpg\" \/>\n\t<meta property=\"og:image:width\" content=\"1900\" \/>\n\t<meta property=\"og:image:height\" content=\"1425\" \/>\n\t<meta property=\"og:image:type\" content=\"image\/jpeg\" \/>\n<meta name=\"twitter:card\" content=\"summary_large_image\" \/>\n<meta name=\"twitter:label1\" content=\"Price\" \/>\n\t<meta name=\"twitter:data1\" content=\"2490,00&nbsp;&euro;\" \/>\n\t<meta name=\"twitter:label2\" content=\"Availability\" \/>\n\t<meta name=\"twitter:data2\" content=\"In stock\" \/>\n<script type=\"application\/ld+json\" class=\"yoast-schema-graph\">{\"@context\":\"https:\\\/\\\/schema.org\",\"@graph\":[{\"@type\":\"WebPage\",\"@id\":\"https:\\\/\\\/miil.dev.almic.ee\\\/lv\\\/toode\\\/mafi-treileris\\\/\",\"url\":\"https:\\\/\\\/miil.dev.almic.ee\\\/lv\\\/toode\\\/mafi-treileris\\\/\",\"name\":\"MAFI treileris - Miil O\u00dc\",\"isPartOf\":{\"@id\":\"https:\\\/\\\/miil.dev.almic.ee\\\/#website\"},\"primaryImageOfPage\":{\"@id\":\"https:\\\/\\\/miil.dev.almic.ee\\\/lv\\\/toode\\\/mafi-treileris\\\/#primaryimage\"},\"image\":{\"@id\":\"https:\\\/\\\/miil.dev.almic.ee\\\/lv\\\/toode\\\/mafi-treileris\\\/#primaryimage\"},\"thumbnailUrl\":\"https:\\\/\\\/miil.dev.almic.ee\\\/wp-content\\\/uploads\\\/2025\\\/07\\\/MAFI-treiler-0-scaled.jpg\",\"datePublished\":\"2025-07-02T13:28:02+00:00\",\"dateModified\":\"2025-07-02T13:46:17+00:00\",\"description\":\"MAFI piekabe, Smag\u0101s tehnikas p\u0101rvad\u0101jumi, MAFI treileris, J\u016bras konteineru piederumi, Rullpiekabe, RoRo, Lielgabar\u012bta krava, Transport\u0113\u0161anas platforma,\",\"breadcrumb\":{\"@id\":\"https:\\\/\\\/miil.dev.almic.ee\\\/lv\\\/toode\\\/mafi-treileris\\\/#breadcrumb\"},\"inLanguage\":\"lv-LV\",\"potentialAction\":[{\"@type\":\"ReadAction\",\"target\":[\"https:\\\/\\\/miil.dev.almic.ee\\\/lv\\\/toode\\\/mafi-treileris\\\/\"]}]},{\"@type\":\"ImageObject\",\"inLanguage\":\"lv-LV\",\"@id\":\"https:\\\/\\\/miil.dev.almic.ee\\\/lv\\\/toode\\\/mafi-treileris\\\/#primaryimage\",\"url\":\"https:\\\/\\\/miil.dev.almic.ee\\\/wp-content\\\/uploads\\\/2025\\\/07\\\/MAFI-treiler-0-scaled.jpg\",\"contentUrl\":\"https:\\\/\\\/miil.dev.almic.ee\\\/wp-content\\\/uploads\\\/2025\\\/07\\\/MAFI-treiler-0-scaled.jpg\",\"width\":1900,\"height\":1425},{\"@type\":\"BreadcrumbList\",\"@id\":\"https:\\\/\\\/miil.dev.almic.ee\\\/lv\\\/toode\\\/mafi-treileris\\\/#breadcrumb\",\"itemListElement\":[{\"@type\":\"ListItem\",\"position\":1,\"name\":\"Home\",\"item\":\"https:\\\/\\\/miil.dev.almic.ee\\\/lv\\\/\"},{\"@type\":\"ListItem\",\"position\":2,\"name\":\"Veikals\",\"item\":\"https:\\\/\\\/miil.dev.almic.ee\\\/lv\\\/veikals\\\/\"},{\"@type\":\"ListItem\",\"position\":3,\"name\":\"MAFI treileris\"}]},{\"@type\":\"WebSite\",\"@id\":\"https:\\\/\\\/miil.dev.almic.ee\\\/#website\",\"url\":\"https:\\\/\\\/miil.dev.almic.ee\\\/\",\"name\":\"Miil O\u00dc\",\"description\":\"Konteinerveod\",\"publisher\":{\"@id\":\"https:\\\/\\\/miil.dev.almic.ee\\\/#organization\"},\"potentialAction\":[{\"@type\":\"SearchAction\",\"target\":{\"@type\":\"EntryPoint\",\"urlTemplate\":\"https:\\\/\\\/miil.dev.almic.ee\\\/?s={search_term_string}\"},\"query-input\":{\"@type\":\"PropertyValueSpecification\",\"valueRequired\":true,\"valueName\":\"search_term_string\"}}],\"inLanguage\":\"lv-LV\"},{\"@type\":\"Organization\",\"@id\":\"https:\\\/\\\/miil.dev.almic.ee\\\/#organization\",\"name\":\"Miil O\u00dc\",\"url\":\"https:\\\/\\\/miil.dev.almic.ee\\\/\",\"logo\":{\"@type\":\"ImageObject\",\"inLanguage\":\"lv-LV\",\"@id\":\"https:\\\/\\\/miil.dev.almic.ee\\\/#\\\/schema\\\/logo\\\/image\\\/\",\"url\":\"https:\\\/\\\/www.miil.ee\\\/wp-content\\\/uploads\\\/2022\\\/02\\\/Miil-logo.svg\",\"contentUrl\":\"https:\\\/\\\/www.miil.ee\\\/wp-content\\\/uploads\\\/2022\\\/02\\\/Miil-logo.svg\",\"width\":\"1024\",\"height\":\"1024\",\"caption\":\"Miil O\u00dc\"},\"image\":{\"@id\":\"https:\\\/\\\/miil.dev.almic.ee\\\/#\\\/schema\\\/logo\\\/image\\\/\"},\"sameAs\":[\"https:\\\/\\\/www.facebook.com\\\/konteinerveod\\\/\",\"https:\\\/\\\/www.instagram.com\\\/ou_miil\\\/\"]}]}<\/script>\n<meta property=\"product:price:amount\" content=\"2490.00\" \/>\n<meta property=\"product:price:currency\" content=\"EUR\" \/>\n<meta property=\"og:availability\" content=\"instock\" \/>\n<meta property=\"product:availability\" content=\"instock\" \/>\n<meta property=\"product:retailer_item_id\" content=\"1568112553753-1-1-2-1\" \/>\n<meta property=\"product:condition\" content=\"new\" \/>\n<!-- \/ Yoast SEO Premium plugin. -->","yoast_head_json":{"title":"MAFI treileris - Miil O\u00dc","description":"MAFI piekabe, Smag\u0101s tehnikas p\u0101rvad\u0101jumi, MAFI treileris, J\u016bras konteineru piederumi, Rullpiekabe, RoRo, Lielgabar\u012bta krava, Transport\u0113\u0161anas platforma,","robots":{"index":"index","follow":"follow","max-snippet":"max-snippet:-1","max-image-preview":"max-image-preview:large","max-video-preview":"max-video-preview:-1"},"canonical":"https:\/\/miil.dev.almic.ee\/lv\/toode\/mafi-treileris\/","og_locale":"lv_LV","og_type":"article","og_title":"MAFI treileris","og_description":"MAFI piekabe, Smag\u0101s tehnikas p\u0101rvad\u0101jumi, MAFI treileris, J\u016bras konteineru piederumi, Rullpiekabe, RoRo, Lielgabar\u012bta krava, Transport\u0113\u0161anas platforma,","og_url":"https:\/\/miil.dev.almic.ee\/lv\/toode\/mafi-treileris\/","og_site_name":"Miil O\u00dc","article_publisher":"https:\/\/www.facebook.com\/konteinerveod\/","article_modified_time":"2025-07-02T13:46:17+00:00","og_image":[{"width":1900,"height":1425,"url":"https:\/\/miil.dev.almic.ee\/wp-content\/uploads\/2025\/07\/MAFI-treiler-0-scaled.jpg","type":"image\/jpeg"}],"twitter_card":"summary_large_image","twitter_misc":{"Price":"2490,00&nbsp;&euro;","Availability":"In stock"},"schema":{"@context":"https:\/\/schema.org","@graph":[{"@type":"WebPage","@id":"https:\/\/miil.dev.almic.ee\/lv\/toode\/mafi-treileris\/","url":"https:\/\/miil.dev.almic.ee\/lv\/toode\/mafi-treileris\/","name":"MAFI treileris - Miil O\u00dc","isPartOf":{"@id":"https:\/\/miil.dev.almic.ee\/#website"},"primaryImageOfPage":{"@id":"https:\/\/miil.dev.almic.ee\/lv\/toode\/mafi-treileris\/#primaryimage"},"image":{"@id":"https:\/\/miil.dev.almic.ee\/lv\/toode\/mafi-treileris\/#primaryimage"},"thumbnailUrl":"https:\/\/miil.dev.almic.ee\/wp-content\/uploads\/2025\/07\/MAFI-treiler-0-scaled.jpg","datePublished":"2025-07-02T13:28:02+00:00","dateModified":"2025-07-02T13:46:17+00:00","description":"MAFI piekabe, Smag\u0101s tehnikas p\u0101rvad\u0101jumi, MAFI treileris, J\u016bras konteineru piederumi, Rullpiekabe, RoRo, Lielgabar\u012bta krava, Transport\u0113\u0161anas platforma,","breadcrumb":{"@id":"https:\/\/miil.dev.almic.ee\/lv\/toode\/mafi-treileris\/#breadcrumb"},"inLanguage":"lv-LV","potentialAction":[{"@type":"ReadAction","target":["https:\/\/miil.dev.almic.ee\/lv\/toode\/mafi-treileris\/"]}]},{"@type":"ImageObject","inLanguage":"lv-LV","@id":"https:\/\/miil.dev.almic.ee\/lv\/toode\/mafi-treileris\/#primaryimage","url":"https:\/\/miil.dev.almic.ee\/wp-content\/uploads\/2025\/07\/MAFI-treiler-0-scaled.jpg","contentUrl":"https:\/\/miil.dev.almic.ee\/wp-content\/uploads\/2025\/07\/MAFI-treiler-0-scaled.jpg","width":1900,"height":1425},{"@type":"BreadcrumbList","@id":"https:\/\/miil.dev.almic.ee\/lv\/toode\/mafi-treileris\/#breadcrumb","itemListElement":[{"@type":"ListItem","position":1,"name":"Home","item":"https:\/\/miil.dev.almic.ee\/lv\/"},{"@type":"ListItem","position":2,"name":"Veikals","item":"https:\/\/miil.dev.almic.ee\/lv\/veikals\/"},{"@type":"ListItem","position":3,"name":"MAFI treileris"}]},{"@type":"WebSite","@id":"https:\/\/miil.dev.almic.ee\/#website","url":"https:\/\/miil.dev.almic.ee\/","name":"Miil O\u00dc","description":"Konteinerveod","publisher":{"@id":"https:\/\/miil.dev.almic.ee\/#organization"},"potentialAction":[{"@type":"SearchAction","target":{"@type":"EntryPoint","urlTemplate":"https:\/\/miil.dev.almic.ee\/?s={search_term_string}"},"query-input":{"@type":"PropertyValueSpecification","valueRequired":true,"valueName":"search_term_string"}}],"inLanguage":"lv-LV"},{"@type":"Organization","@id":"https:\/\/miil.dev.almic.ee\/#organization","name":"Miil O\u00dc","url":"https:\/\/miil.dev.almic.ee\/","logo":{"@type":"ImageObject","inLanguage":"lv-LV","@id":"https:\/\/miil.dev.almic.ee\/#\/schema\/logo\/image\/","url":"https:\/\/www.miil.ee\/wp-content\/uploads\/2022\/02\/Miil-logo.svg","contentUrl":"https:\/\/www.miil.ee\/wp-content\/uploads\/2022\/02\/Miil-logo.svg","width":"1024","height":"1024","caption":"Miil O\u00dc"},"image":{"@id":"https:\/\/miil.dev.almic.ee\/#\/schema\/logo\/image\/"},"sameAs":["https:\/\/www.facebook.com\/konteinerveod\/","https:\/\/www.instagram.com\/ou_miil\/"]}]},"product_price_amount":"2490.00","product_price_currency":"EUR","og_availability":"instock","product_availability":"instock","product_retailer_item_id":"1568112553753-1-1-2-1","product_condition":"new"},"_links":{"self":[{"href":"https:\/\/miil.dev.almic.ee\/lv\/wp-json\/wp\/v2\/product\/105511","targetHints":{"allow":["GET"]}}],"collection":[{"href":"https:\/\/miil.dev.almic.ee\/lv\/wp-json\/wp\/v2\/product"}],"about":[{"href":"https:\/\/miil.dev.almic.ee\/lv\/wp-json\/wp\/v2\/types\/product"}],"replies":[{"embeddable":true,"href":"https:\/\/miil.dev.almic.ee\/lv\/wp-json\/wp\/v2\/comments?post=105511"}],"wp:featuredmedia":[{"embeddable":true,"href":"https:\/\/miil.dev.almic.ee\/lv\/wp-json\/wp\/v2\/media\/105517"}],"wp:attachment":[{"href":"https:\/\/miil.dev.almic.ee\/lv\/wp-json\/wp\/v2\/media?parent=105511"}],"wp:term":[{"taxonomy":"product_cat","embeddable":true,"href":"https:\/\/miil.dev.almic.ee\/lv\/wp-json\/wp\/v2\/product_cat?post=105511"},{"taxonomy":"product_tag","embeddable":true,"href":"https:\/\/miil.dev.almic.ee\/lv\/wp-json\/wp\/v2\/product_tag?post=105511"}],"curies":[{"name":"wp","href":"https:\/\/api.w.org\/{rel}","templated":true}]}}