{"id":103058,"date":"2025-06-13T10:49:37","date_gmt":"2025-06-13T07:49:37","guid":{"rendered":"https:\/\/www.miil.ee\/toode\/ara-tualete-ar-izoletu-dusu-1200x2400\/"},"modified":"2025-06-13T12:44:01","modified_gmt":"2025-06-13T09:44:01","slug":"ara-tualete-ar-izoletu-dusu-1200x2400","status":"publish","type":"product","link":"https:\/\/miil.dev.almic.ee\/lv\/toode\/ara-tualete-ar-izoletu-dusu-1200x2400\/","title":{"rendered":"\u0100ra tualete ar izol\u0113tu du\u0161u 1200&#215;2400"},"content":{"rendered":"<h1>\u0100ra tualete izol\u0113ta + du\u0161a 2,88 m2<\/h1>\n<p>\u0100ra tualete izol\u0113ta + du\u0161a &#8211; \u0100ra tualete ar sl\u0113dzam\u0101m durv\u012bm un atsevi\u0161\u0137u mazg\u0101\u0161an\u0101s telpu ir apr\u012bkota ar karst\u0101 \u016bdens boileri, tualeti, mazg\u0101\u0161an\u0101s iesp\u0113j\u0101m un radiatoru. Turkl\u0101t tualetei ir plaukts, elektr\u012bbas sadales skapis un atbilsto\u0161s apgaismojums.<\/p>\n<p>\u012apa\u0161as atveres, kas paredz\u0113tas iekr\u0101v\u0113ja \u0137ep\u0101m, atvieglo \u0101ra tualetes p\u0101rvieto\u0161anu.<\/p>\n<h2>\u0100ra tualete izol\u0113ta + du\u0161a &#8211; Transport\u0113\u0161ana un uzst\u0101d\u012b\u0161ana?<\/h2>\n<p>P\u0113c piem\u0113rota konteinera izv\u0113les varam veikt iepako\u0161anu un transport\u0113\u0161anu.<br \/>\nP\u0101rvad\u0101\u0161anai parasti izmantojam\u00a0<a href=\"https:\/\/www.miil.ee\/lv\/pakalpojumi\/celtnis\/\">celtnis<\/a>\u00a0vai\u00a0<a href=\"https:\/\/www.miil.ee\/lv\/pakalpojumi\/sanu-iekraveji-sideloader\/\">s\u0101nu iekr\u0101v\u0113ju.<\/a><br \/>\nM\u0113s izmantojam\u00a0<a href=\"https:\/\/www.miil.ee\/lv\/pakalpojumi\/ram-pasizgazejs\/\">RAM backloader<\/a>, lai aptvertu vissare\u017e\u0123\u012bt\u0101k\u0101s vietas.<br \/>\nP\u0113c t\u0101 ieg\u0101des m\u0113s glab\u0101jam j\u016bsu konteineru m\u016bsu termin\u0101l\u012b bez maksas l\u012bdz se\u0161iem m\u0113ne\u0161iem.<br \/>\nVienm\u0113r iesp\u0113jams vienoties par ilg\u0101ku laiku.<br \/>\nPiem\u0113ram, ja vieta v\u0113l nav gatava vai pieejama konteinera pieg\u0101dei.<br \/>\nT\u0101d\u0101 gad\u012bjum\u0101 konteinera cena nemain\u012bsies un var\u0113siet b\u016bt dro\u0161s, ka izv\u0113l\u0113to konteineru sa\u0146emsiet norun\u0101taj\u0101 laik\u0101.<\/p>\n<ul>\n<li>Lab\u0101k\u0101s cenas garantija \u2013 m\u0113s vienm\u0113r pied\u0101v\u0101jam konteineram lab\u0101ko pied\u0101v\u0101jumu.<\/li>\n<\/ul>\n<p>Pieejama opcija \u201cP\u0113rc tagad, maks\u0101 v\u0113l\u0101k\u201d:<\/p>\n<ul>\n<li>Mazumtirdzniec\u012bbas klientiem caur m\u016bsu partneri <a href=\"https:\/\/inbank.ee\/laen\/vaikelaen\">Inbank.ee<\/a>, izmantojot atsauces kodu \u201cKONTEINER\u201d.<\/li>\n<li>Uz\u0146\u0113muma klientiem caur m\u016bsu partneri <a href=\"https:\/\/tenor.my.canva.site\/tenor-miil\">Tenor.ee<\/a><\/li>\n<\/ul>\n<h2>Vasarn\u012bca un mini m\u0101ja<\/h2>\n<p>Siltumn\u012bca vairs nav tikai pagaidu \u0113ka b\u016bvlaukum\u0101, modernas, augstas kvalit\u0101tes siltumn\u012bcas ar skr\u016bvju savienojumiem ir lieliski piem\u0113rotas vasarn\u012bcai vai komerctelp\u0101m.<\/p>\n<p>Gatavai mini m\u0101jai nav nepiecie\u0161ami pamati vai celtnieks \u2013 pas\u016btiet un izbaudiet? Uzst\u0101d\u012b\u0161ana aiz\u0146em maz\u0101k nek\u0101 30 min\u016btes, un m\u0113s varam p\u0101rdot m\u0101ju k\u0101 gatavu risin\u0101jumu, kas noz\u012bm\u0113, ka to var sa\u0146emt taj\u0101 pa\u0161\u0101 dien\u0101.<\/p>\n<p>Ja v\u0113laties izv\u0113l\u0113ties loga vai durvju atra\u0161an\u0101s vietu, tas aiz\u0146ems ne vair\u0101k k\u0101 ned\u0113\u013cu.<\/p>\n<p>Papildu darbi, piem\u0113ram, latojumu uzst\u0101d\u012b\u0161ana un lieli logi, aiz\u0146ems aptuveni \u010detras ned\u0113\u013cas.<\/p>\n<h2>\u0100ra tualete ar izol\u0113tu du\u0161u \u2013 pirkt vai \u012br\u0113t?<\/h2>\n<p>Papildus p\u0101rdo\u0161anai m\u0113s iznom\u0101jam siltumn\u012bcas.<br \/>\n&gt;\u0160is risin\u0101jums ir ide\u0101li piem\u0113rots, ja silta m\u0101ja nepiecie\u0161ama \u012bslaic\u012bgai lieto\u0161anai b\u016bvniec\u012bbas laik\u0101 vai k\u0101p\u0113c gan ne k\u0101 sezon\u0101la vasarn\u012bca, birojs vai tirdzniec\u012bbas vieta.<\/p>\n<p>Silt\u0101s m\u0101jas noma ir elast\u012bga, un m\u0113s varam atrast piem\u0113rotu risin\u0101jumu katram klientam.<\/p>\n<p>Varam iznom\u0101t ar\u012b siltas m\u0101jas ar panor\u0101mas logiem, ar d\u0113\u013ciem vai parast\u0101s silt\u0101s m\u0101jas un mini m\u0101jas.<br \/>\nM\u0113s pieg\u0101d\u0101jam un uzst\u0101d\u0101m silto m\u0101ju atbilsto\u0161i klienta v\u0113lm\u0113m.<\/p>\n<p>Pied\u0101v\u0101jam pla\u0161as sadarb\u012bbas iesp\u0113jas, piem\u0113ram, \u0101rpus sezonas uzglab\u0101\u0161anai da\u017e\u0101d\u0101s pils\u0113t\u0101s un maks\u0101jumu veik\u0161anai pa da\u013c\u0101m, izmantojot Inbank.ee.<\/p>\n<p>Ja jums nepiecie\u0161ams viena, divu vai vair\u0101ku st\u0101vu risin\u0101jums, esat non\u0101cis \u012bstaj\u0101 viet\u0101!<br \/>\nNeviens projekts mums nav p\u0101r\u0101k liels vai mazs, dro\u0161i jaut\u0101jiet, un m\u0113s kop\u0101 atrad\u012bsim lab\u0101ko risin\u0101jumu.<\/p>\n<p><span>Sekojiet mums\u00a0<\/span><a href=\"https:\/\/www.facebook.com\/konteinerveod\/\">Facebook<\/a><span>\u00a0vai\u00a0<\/span><a href=\"https:\/\/www.instagram.com\/ou_miil\/\">Instagram.<\/a><\/p>\n","protected":false},"excerpt":{"rendered":"<p>\u0100ra tualete izol\u0113ta + du\u0161a 2,88 m2 \u0100ra tualete izol\u0113ta + du\u0161a &#8211; \u0100ra tualete ar sl\u0113dzam\u0101m durv\u012bm un atsevi\u0161\u0137u mazg\u0101\u0161an\u0101s telpu ir apr\u012bkota ar karst\u0101 \u016bdens boileri, tualeti, mazg\u0101\u0161an\u0101s iesp\u0113j\u0101m un radiatoru. Turkl\u0101t tualetei ir plaukts, elektr\u012bbas sadales skapis un atbilsto\u0161s apgaismojums. \u012apa\u0161as atveres, kas paredz\u0113tas iekr\u0101v\u0113ja \u0137ep\u0101m, atvieglo \u0101ra tualetes p\u0101rvieto\u0161anu. \u0100ra tualete&#8230;<\/p>\n","protected":false},"featured_media":102965,"comment_status":"closed","ping_status":"closed","template":"","meta":{"_acf_changed":false},"product_cat":[344,412],"product_tag":[],"class_list":{"0":"post-103058","1":"product","2":"type-product","3":"status-publish","4":"has-post-thumbnail","6":"product_cat-vagonini","7":"product_cat-ara-tualetes","9":"first","10":"instock","11":"shipping-taxable","12":"purchasable","13":"product-type-simple"},"acf":[],"yoast_head":"<!-- This site is optimized with the Yoast SEO Premium plugin v23.9 (Yoast SEO v27.5) - https:\/\/yoast.com\/product\/yoast-seo-premium-wordpress\/ -->\n<title>\u0100ra tualete izol\u0113ta + du\u0161a - Miil O\u00dc<\/title>\n<meta name=\"description\" content=\"\u0100ra tualete izol\u0113ta + du\u0161a | p\u0101rvietojama tualete | Pagaidu tualete | Tualete | Siltin\u0101tas tualetes p\u0101rdo\u0161an\u0101 | Siltin\u0101tas kab\u012bnes nomai |\" \/>\n<meta name=\"robots\" content=\"index, follow, max-snippet:-1, max-image-preview:large, max-video-preview:-1\" \/>\n<link rel=\"canonical\" href=\"https:\/\/miil.dev.almic.ee\/lv\/toode\/ara-tualete-ar-izoletu-dusu-1200x2400\/\" \/>\n<meta property=\"og:locale\" content=\"lv_LV\" \/>\n<meta property=\"og:type\" content=\"article\" \/>\n<meta property=\"og:title\" content=\"\u0100ra tualete ar izol\u0113tu du\u0161u 1200x2400\" \/>\n<meta property=\"og:description\" content=\"\u0100ra tualete izol\u0113ta + du\u0161a | p\u0101rvietojama tualete | Pagaidu tualete | Tualete | Siltin\u0101tas tualetes p\u0101rdo\u0161an\u0101 | Siltin\u0101tas kab\u012bnes nomai |\" \/>\n<meta property=\"og:url\" content=\"https:\/\/miil.dev.almic.ee\/lv\/toode\/ara-tualete-ar-izoletu-dusu-1200x2400\/\" \/>\n<meta property=\"og:site_name\" content=\"Miil O\u00dc\" \/>\n<meta property=\"article:publisher\" content=\"https:\/\/www.facebook.com\/konteinerveod\/\" \/>\n<meta property=\"article:modified_time\" content=\"2025-06-13T09:44:01+00:00\" \/>\n<meta property=\"og:image\" content=\"https:\/\/miil.dev.almic.ee\/wp-content\/uploads\/2025\/06\/Valikaimla-soojustatud-kahene-1200x2400-2-scaled.jpg\" \/>\n\t<meta property=\"og:image:width\" content=\"1900\" \/>\n\t<meta property=\"og:image:height\" content=\"1425\" \/>\n\t<meta property=\"og:image:type\" content=\"image\/jpeg\" \/>\n<meta name=\"twitter:card\" content=\"summary_large_image\" \/>\n<meta name=\"twitter:label1\" content=\"Price\" \/>\n\t<meta name=\"twitter:data1\" content=\"4950,00&nbsp;&euro;\" \/>\n\t<meta name=\"twitter:label2\" content=\"Availability\" \/>\n\t<meta name=\"twitter:data2\" content=\"In stock\" \/>\n<script type=\"application\/ld+json\" class=\"yoast-schema-graph\">{\"@context\":\"https:\\\/\\\/schema.org\",\"@graph\":[{\"@type\":\"WebPage\",\"@id\":\"https:\\\/\\\/miil.dev.almic.ee\\\/lv\\\/toode\\\/ara-tualete-ar-izoletu-dusu-1200x2400\\\/\",\"url\":\"https:\\\/\\\/miil.dev.almic.ee\\\/lv\\\/toode\\\/ara-tualete-ar-izoletu-dusu-1200x2400\\\/\",\"name\":\"\u0100ra tualete izol\u0113ta + du\u0161a - Miil O\u00dc\",\"isPartOf\":{\"@id\":\"https:\\\/\\\/miil.dev.almic.ee\\\/#website\"},\"primaryImageOfPage\":{\"@id\":\"https:\\\/\\\/miil.dev.almic.ee\\\/lv\\\/toode\\\/ara-tualete-ar-izoletu-dusu-1200x2400\\\/#primaryimage\"},\"image\":{\"@id\":\"https:\\\/\\\/miil.dev.almic.ee\\\/lv\\\/toode\\\/ara-tualete-ar-izoletu-dusu-1200x2400\\\/#primaryimage\"},\"thumbnailUrl\":\"https:\\\/\\\/miil.dev.almic.ee\\\/wp-content\\\/uploads\\\/2025\\\/06\\\/Valikaimla-soojustatud-kahene-1200x2400-2-scaled.jpg\",\"datePublished\":\"2025-06-13T07:49:37+00:00\",\"dateModified\":\"2025-06-13T09:44:01+00:00\",\"description\":\"\u0100ra tualete izol\u0113ta + du\u0161a | p\u0101rvietojama tualete | Pagaidu tualete | Tualete | Siltin\u0101tas tualetes p\u0101rdo\u0161an\u0101 | Siltin\u0101tas kab\u012bnes nomai |\",\"breadcrumb\":{\"@id\":\"https:\\\/\\\/miil.dev.almic.ee\\\/lv\\\/toode\\\/ara-tualete-ar-izoletu-dusu-1200x2400\\\/#breadcrumb\"},\"inLanguage\":\"lv-LV\",\"potentialAction\":[{\"@type\":\"ReadAction\",\"target\":[\"https:\\\/\\\/miil.dev.almic.ee\\\/lv\\\/toode\\\/ara-tualete-ar-izoletu-dusu-1200x2400\\\/\"]}]},{\"@type\":\"ImageObject\",\"inLanguage\":\"lv-LV\",\"@id\":\"https:\\\/\\\/miil.dev.almic.ee\\\/lv\\\/toode\\\/ara-tualete-ar-izoletu-dusu-1200x2400\\\/#primaryimage\",\"url\":\"https:\\\/\\\/miil.dev.almic.ee\\\/wp-content\\\/uploads\\\/2025\\\/06\\\/Valikaimla-soojustatud-kahene-1200x2400-2-scaled.jpg\",\"contentUrl\":\"https:\\\/\\\/miil.dev.almic.ee\\\/wp-content\\\/uploads\\\/2025\\\/06\\\/Valikaimla-soojustatud-kahene-1200x2400-2-scaled.jpg\",\"width\":1900,\"height\":1425},{\"@type\":\"BreadcrumbList\",\"@id\":\"https:\\\/\\\/miil.dev.almic.ee\\\/lv\\\/toode\\\/ara-tualete-ar-izoletu-dusu-1200x2400\\\/#breadcrumb\",\"itemListElement\":[{\"@type\":\"ListItem\",\"position\":1,\"name\":\"Home\",\"item\":\"https:\\\/\\\/miil.dev.almic.ee\\\/lv\\\/\"},{\"@type\":\"ListItem\",\"position\":2,\"name\":\"Veikals\",\"item\":\"https:\\\/\\\/miil.dev.almic.ee\\\/lv\\\/veikals\\\/\"},{\"@type\":\"ListItem\",\"position\":3,\"name\":\"\u0100ra tualete ar izol\u0113tu du\u0161u 1200&#215;2400\"}]},{\"@type\":\"WebSite\",\"@id\":\"https:\\\/\\\/miil.dev.almic.ee\\\/#website\",\"url\":\"https:\\\/\\\/miil.dev.almic.ee\\\/\",\"name\":\"Miil O\u00dc\",\"description\":\"Konteinerveod\",\"publisher\":{\"@id\":\"https:\\\/\\\/miil.dev.almic.ee\\\/#organization\"},\"potentialAction\":[{\"@type\":\"SearchAction\",\"target\":{\"@type\":\"EntryPoint\",\"urlTemplate\":\"https:\\\/\\\/miil.dev.almic.ee\\\/?s={search_term_string}\"},\"query-input\":{\"@type\":\"PropertyValueSpecification\",\"valueRequired\":true,\"valueName\":\"search_term_string\"}}],\"inLanguage\":\"lv-LV\"},{\"@type\":\"Organization\",\"@id\":\"https:\\\/\\\/miil.dev.almic.ee\\\/#organization\",\"name\":\"Miil O\u00dc\",\"url\":\"https:\\\/\\\/miil.dev.almic.ee\\\/\",\"logo\":{\"@type\":\"ImageObject\",\"inLanguage\":\"lv-LV\",\"@id\":\"https:\\\/\\\/miil.dev.almic.ee\\\/#\\\/schema\\\/logo\\\/image\\\/\",\"url\":\"https:\\\/\\\/www.miil.ee\\\/wp-content\\\/uploads\\\/2022\\\/02\\\/Miil-logo.svg\",\"contentUrl\":\"https:\\\/\\\/www.miil.ee\\\/wp-content\\\/uploads\\\/2022\\\/02\\\/Miil-logo.svg\",\"width\":\"1024\",\"height\":\"1024\",\"caption\":\"Miil O\u00dc\"},\"image\":{\"@id\":\"https:\\\/\\\/miil.dev.almic.ee\\\/#\\\/schema\\\/logo\\\/image\\\/\"},\"sameAs\":[\"https:\\\/\\\/www.facebook.com\\\/konteinerveod\\\/\",\"https:\\\/\\\/www.instagram.com\\\/ou_miil\\\/\"]}]}<\/script>\n<meta property=\"product:price:amount\" content=\"4950.00\" \/>\n<meta property=\"product:price:currency\" content=\"EUR\" \/>\n<meta property=\"og:availability\" content=\"instock\" \/>\n<meta property=\"product:availability\" content=\"instock\" \/>\n<meta property=\"product:condition\" content=\"new\" \/>\n<!-- \/ Yoast SEO Premium plugin. -->","yoast_head_json":{"title":"\u0100ra tualete izol\u0113ta + du\u0161a - Miil O\u00dc","description":"\u0100ra tualete izol\u0113ta + du\u0161a | p\u0101rvietojama tualete | Pagaidu tualete | Tualete | Siltin\u0101tas tualetes p\u0101rdo\u0161an\u0101 | Siltin\u0101tas kab\u012bnes nomai |","robots":{"index":"index","follow":"follow","max-snippet":"max-snippet:-1","max-image-preview":"max-image-preview:large","max-video-preview":"max-video-preview:-1"},"canonical":"https:\/\/miil.dev.almic.ee\/lv\/toode\/ara-tualete-ar-izoletu-dusu-1200x2400\/","og_locale":"lv_LV","og_type":"article","og_title":"\u0100ra tualete ar izol\u0113tu du\u0161u 1200x2400","og_description":"\u0100ra tualete izol\u0113ta + du\u0161a | p\u0101rvietojama tualete | Pagaidu tualete | Tualete | Siltin\u0101tas tualetes p\u0101rdo\u0161an\u0101 | Siltin\u0101tas kab\u012bnes nomai |","og_url":"https:\/\/miil.dev.almic.ee\/lv\/toode\/ara-tualete-ar-izoletu-dusu-1200x2400\/","og_site_name":"Miil O\u00dc","article_publisher":"https:\/\/www.facebook.com\/konteinerveod\/","article_modified_time":"2025-06-13T09:44:01+00:00","og_image":[{"width":1900,"height":1425,"url":"https:\/\/miil.dev.almic.ee\/wp-content\/uploads\/2025\/06\/Valikaimla-soojustatud-kahene-1200x2400-2-scaled.jpg","type":"image\/jpeg"}],"twitter_card":"summary_large_image","twitter_misc":{"Price":"4950,00&nbsp;&euro;","Availability":"In stock"},"schema":{"@context":"https:\/\/schema.org","@graph":[{"@type":"WebPage","@id":"https:\/\/miil.dev.almic.ee\/lv\/toode\/ara-tualete-ar-izoletu-dusu-1200x2400\/","url":"https:\/\/miil.dev.almic.ee\/lv\/toode\/ara-tualete-ar-izoletu-dusu-1200x2400\/","name":"\u0100ra tualete izol\u0113ta + du\u0161a - Miil O\u00dc","isPartOf":{"@id":"https:\/\/miil.dev.almic.ee\/#website"},"primaryImageOfPage":{"@id":"https:\/\/miil.dev.almic.ee\/lv\/toode\/ara-tualete-ar-izoletu-dusu-1200x2400\/#primaryimage"},"image":{"@id":"https:\/\/miil.dev.almic.ee\/lv\/toode\/ara-tualete-ar-izoletu-dusu-1200x2400\/#primaryimage"},"thumbnailUrl":"https:\/\/miil.dev.almic.ee\/wp-content\/uploads\/2025\/06\/Valikaimla-soojustatud-kahene-1200x2400-2-scaled.jpg","datePublished":"2025-06-13T07:49:37+00:00","dateModified":"2025-06-13T09:44:01+00:00","description":"\u0100ra tualete izol\u0113ta + du\u0161a | p\u0101rvietojama tualete | Pagaidu tualete | Tualete | Siltin\u0101tas tualetes p\u0101rdo\u0161an\u0101 | Siltin\u0101tas kab\u012bnes nomai |","breadcrumb":{"@id":"https:\/\/miil.dev.almic.ee\/lv\/toode\/ara-tualete-ar-izoletu-dusu-1200x2400\/#breadcrumb"},"inLanguage":"lv-LV","potentialAction":[{"@type":"ReadAction","target":["https:\/\/miil.dev.almic.ee\/lv\/toode\/ara-tualete-ar-izoletu-dusu-1200x2400\/"]}]},{"@type":"ImageObject","inLanguage":"lv-LV","@id":"https:\/\/miil.dev.almic.ee\/lv\/toode\/ara-tualete-ar-izoletu-dusu-1200x2400\/#primaryimage","url":"https:\/\/miil.dev.almic.ee\/wp-content\/uploads\/2025\/06\/Valikaimla-soojustatud-kahene-1200x2400-2-scaled.jpg","contentUrl":"https:\/\/miil.dev.almic.ee\/wp-content\/uploads\/2025\/06\/Valikaimla-soojustatud-kahene-1200x2400-2-scaled.jpg","width":1900,"height":1425},{"@type":"BreadcrumbList","@id":"https:\/\/miil.dev.almic.ee\/lv\/toode\/ara-tualete-ar-izoletu-dusu-1200x2400\/#breadcrumb","itemListElement":[{"@type":"ListItem","position":1,"name":"Home","item":"https:\/\/miil.dev.almic.ee\/lv\/"},{"@type":"ListItem","position":2,"name":"Veikals","item":"https:\/\/miil.dev.almic.ee\/lv\/veikals\/"},{"@type":"ListItem","position":3,"name":"\u0100ra tualete ar izol\u0113tu du\u0161u 1200&#215;2400"}]},{"@type":"WebSite","@id":"https:\/\/miil.dev.almic.ee\/#website","url":"https:\/\/miil.dev.almic.ee\/","name":"Miil O\u00dc","description":"Konteinerveod","publisher":{"@id":"https:\/\/miil.dev.almic.ee\/#organization"},"potentialAction":[{"@type":"SearchAction","target":{"@type":"EntryPoint","urlTemplate":"https:\/\/miil.dev.almic.ee\/?s={search_term_string}"},"query-input":{"@type":"PropertyValueSpecification","valueRequired":true,"valueName":"search_term_string"}}],"inLanguage":"lv-LV"},{"@type":"Organization","@id":"https:\/\/miil.dev.almic.ee\/#organization","name":"Miil O\u00dc","url":"https:\/\/miil.dev.almic.ee\/","logo":{"@type":"ImageObject","inLanguage":"lv-LV","@id":"https:\/\/miil.dev.almic.ee\/#\/schema\/logo\/image\/","url":"https:\/\/www.miil.ee\/wp-content\/uploads\/2022\/02\/Miil-logo.svg","contentUrl":"https:\/\/www.miil.ee\/wp-content\/uploads\/2022\/02\/Miil-logo.svg","width":"1024","height":"1024","caption":"Miil O\u00dc"},"image":{"@id":"https:\/\/miil.dev.almic.ee\/#\/schema\/logo\/image\/"},"sameAs":["https:\/\/www.facebook.com\/konteinerveod\/","https:\/\/www.instagram.com\/ou_miil\/"]}]},"product_price_amount":"4950.00","product_price_currency":"EUR","og_availability":"instock","product_availability":"instock","product_condition":"new"},"_links":{"self":[{"href":"https:\/\/miil.dev.almic.ee\/lv\/wp-json\/wp\/v2\/product\/103058","targetHints":{"allow":["GET"]}}],"collection":[{"href":"https:\/\/miil.dev.almic.ee\/lv\/wp-json\/wp\/v2\/product"}],"about":[{"href":"https:\/\/miil.dev.almic.ee\/lv\/wp-json\/wp\/v2\/types\/product"}],"replies":[{"embeddable":true,"href":"https:\/\/miil.dev.almic.ee\/lv\/wp-json\/wp\/v2\/comments?post=103058"}],"wp:featuredmedia":[{"embeddable":true,"href":"https:\/\/miil.dev.almic.ee\/lv\/wp-json\/wp\/v2\/media\/102965"}],"wp:attachment":[{"href":"https:\/\/miil.dev.almic.ee\/lv\/wp-json\/wp\/v2\/media?parent=103058"}],"wp:term":[{"taxonomy":"product_cat","embeddable":true,"href":"https:\/\/miil.dev.almic.ee\/lv\/wp-json\/wp\/v2\/product_cat?post=103058"},{"taxonomy":"product_tag","embeddable":true,"href":"https:\/\/miil.dev.almic.ee\/lv\/wp-json\/wp\/v2\/product_tag?post=103058"}],"curies":[{"name":"wp","href":"https:\/\/api.w.org\/{rel}","templated":true}]}}