{"id":102495,"date":"2025-06-11T17:18:15","date_gmt":"2025-06-11T14:18:16","guid":{"rendered":"https:\/\/www.miil.ee\/?post_type=product&#038;p=102495"},"modified":"2025-06-11T17:34:56","modified_gmt":"2025-06-11T14:34:56","slug":"konteinera-riteni-ar-vilksanas-stieni","status":"publish","type":"product","link":"https:\/\/miil.dev.almic.ee\/lv\/toode\/konteinera-riteni-ar-vilksanas-stieni\/","title":{"rendered":"Konteinera rite\u0146i ar vilk\u0161anas stieni"},"content":{"rendered":"<p>Konteinera rite\u0146i ar vilk\u0161anas stieni ir izstr\u0101d\u0101ti, lai uzlabotu mobilit\u0101ti, padarot konteinera vilk\u0161anu un manevr\u0113\u0161anu vienk\u0101r\u0161\u0101ku. Vilk\u0161anas stienis, kas tiek piestiprin\u0101ts konteinera priek\u0161pus\u0113, \u013cauj to vilkt ar transportl\u012bdzekli vai traktoru. Rite\u0146i ir iztur\u012bgi un uzst\u0101d\u012bti katr\u0101 konteinera st\u016br\u012b, nodro\u0161inot stabilit\u0101ti un vienm\u0113r\u012bgu kust\u012bbu. Konteinera rite\u0146u noma ir ide\u0101li piem\u0113rota konteineru p\u0101rvieto\u0161anai noliktav\u0101s, ost\u0101s vai kravas laukumos, pied\u0101v\u0101jot liel\u0101ku elast\u012bbu un vienk\u0101r\u0161u lieto\u0161anu bez celt\u0146iem vai iekr\u0101v\u0113jiem.<\/p>\n<p>Paceliet konteineru ar domkratu, celtni vai iekr\u0101v\u0113ju un piestipriniet rite\u0146us ar skav\u0101m. P\u0113c nostiprin\u0101\u0161anas konteiners ir gatavs vieglai p\u0101rvieto\u0161anai.<\/p>\n<p>Maksim\u0101l\u0101 slodze ir 2,2 tonnas uz vienu riteni.<\/p>\n<p>Konteinera rite\u0146i ar vilk\u0161anas stieni \u2013 komplekt\u0101 ietilpst:<\/p>\n<ul>\n<li>2 fiks\u0113ti rite\u0146i<\/li>\n<li>2 groz\u0101mie rite\u0146i<\/li>\n<li>4 blo\u0137\u0113jo\u0161as skavas rite\u0146u piestiprin\u0101\u0161anai pie konteinera<\/li>\n<li>Ritenis vilk\u0161anas stienim<\/li>\n<li>Vilk\u0161anas stienis ar vilk\u0161anas apli (vajadz\u012bbas gad\u012bjum\u0101 iesp\u0113jams nomain\u012bt vilk\u0161anas uzgali)<\/li>\n<\/ul>\n<p>Pieprasiet pied\u0101v\u0101jumu: <a href=\"mailto:info@miil.ee\">info@miil.ee<\/a><\/p>\n<p>Sekojiet mums <a href=\"https:\/\/www.facebook.com\/konteinerveod\/\">Facebook<\/a> vai <a href=\"https:\/\/www.instagram.com\/ou_miil\/\">Instagram<\/a><\/p>\n","protected":false},"excerpt":{"rendered":"<p>Konteinera rite\u0146i ar vilk\u0161anas stieni padara konteineru p\u0101rvieto\u0161anu vienk\u0101r\u0161u un \u0113rtu, nodro\u0161inot stabilit\u0101ti un vieglu manevr\u0113\u0161anu bez nepiecie\u0161am\u012bbas p\u0113c celt\u0146iem vai iekr\u0101v\u0113jiem. Komplekt\u0101 ietilpst visi nepiecie\u0161amie elementi, kas piem\u0113roti izmanto\u0161anai noliktav\u0101s, ost\u0101s vai kravas laukumos.<\/p>\n","protected":false},"featured_media":102500,"comment_status":"open","ping_status":"closed","template":"","meta":{"_acf_changed":false},"product_cat":[336],"product_tag":[],"class_list":{"0":"post-102495","1":"product","2":"type-product","3":"status-publish","4":"has-post-thumbnail","6":"product_cat-papildu-piederumi","8":"first","9":"instock","10":"shipping-taxable","11":"product-type-simple"},"acf":[],"yoast_head":"<!-- This site is optimized with the Yoast SEO Premium plugin v23.9 (Yoast SEO v27.5) - https:\/\/yoast.com\/product\/yoast-seo-premium-wordpress\/ -->\n<title>Konteinera rite\u0146i ar vilk\u0161anas stieni - Miil O\u00dc<\/title>\n<meta name=\"description\" content=\"Konteinera rite\u0146i ar vilk\u0161anas stieni | Sl\u0113dzami konteineru rite\u0146i | J\u016bras konteinera p\u0101rvieto\u0161ana | Konteineru piederumi | Konteineru p\u0101rvad\u0101jumi | \ufe0f\" \/>\n<meta name=\"robots\" content=\"index, follow, max-snippet:-1, max-image-preview:large, max-video-preview:-1\" \/>\n<link rel=\"canonical\" href=\"https:\/\/miil.dev.almic.ee\/lv\/toode\/konteinera-riteni-ar-vilksanas-stieni\/\" \/>\n<meta property=\"og:locale\" content=\"lv_LV\" \/>\n<meta property=\"og:type\" content=\"article\" \/>\n<meta property=\"og:title\" content=\"Konteinera rite\u0146i ar vilk\u0161anas stieni\" \/>\n<meta property=\"og:description\" content=\"Konteinera rite\u0146i ar vilk\u0161anas stieni | Sl\u0113dzami konteineru rite\u0146i | J\u016bras konteinera p\u0101rvieto\u0161ana | Konteineru piederumi | Konteineru p\u0101rvad\u0101jumi | \ufe0f\" \/>\n<meta property=\"og:url\" content=\"https:\/\/miil.dev.almic.ee\/lv\/toode\/konteinera-riteni-ar-vilksanas-stieni\/\" \/>\n<meta property=\"og:site_name\" content=\"Miil O\u00dc\" \/>\n<meta property=\"article:publisher\" content=\"https:\/\/www.facebook.com\/konteinerveod\/\" \/>\n<meta property=\"article:modified_time\" content=\"2025-06-11T14:34:56+00:00\" \/>\n<meta property=\"og:image\" content=\"https:\/\/miil.dev.almic.ee\/wp-content\/uploads\/2025\/06\/Konteineri-rattad-koos-tiisliga.png\" \/>\n\t<meta property=\"og:image:width\" content=\"1222\" \/>\n\t<meta property=\"og:image:height\" content=\"942\" \/>\n\t<meta property=\"og:image:type\" content=\"image\/png\" \/>\n<meta name=\"twitter:card\" content=\"summary_large_image\" \/>\n<meta name=\"twitter:label1\" content=\"Price\" \/>\n\t<meta name=\"twitter:data1\" content=\"\" \/>\n\t<meta name=\"twitter:label2\" content=\"Availability\" \/>\n\t<meta name=\"twitter:data2\" content=\"In stock\" \/>\n<script type=\"application\/ld+json\" class=\"yoast-schema-graph\">{\"@context\":\"https:\\\/\\\/schema.org\",\"@graph\":[{\"@type\":\"WebPage\",\"@id\":\"https:\\\/\\\/miil.dev.almic.ee\\\/lv\\\/toode\\\/konteinera-riteni-ar-vilksanas-stieni\\\/\",\"url\":\"https:\\\/\\\/miil.dev.almic.ee\\\/lv\\\/toode\\\/konteinera-riteni-ar-vilksanas-stieni\\\/\",\"name\":\"Konteinera rite\u0146i ar vilk\u0161anas stieni - Miil O\u00dc\",\"isPartOf\":{\"@id\":\"https:\\\/\\\/miil.dev.almic.ee\\\/#website\"},\"primaryImageOfPage\":{\"@id\":\"https:\\\/\\\/miil.dev.almic.ee\\\/lv\\\/toode\\\/konteinera-riteni-ar-vilksanas-stieni\\\/#primaryimage\"},\"image\":{\"@id\":\"https:\\\/\\\/miil.dev.almic.ee\\\/lv\\\/toode\\\/konteinera-riteni-ar-vilksanas-stieni\\\/#primaryimage\"},\"thumbnailUrl\":\"https:\\\/\\\/miil.dev.almic.ee\\\/wp-content\\\/uploads\\\/2025\\\/06\\\/Konteineri-rattad-koos-tiisliga.png\",\"datePublished\":\"2025-06-11T14:18:16+00:00\",\"dateModified\":\"2025-06-11T14:34:56+00:00\",\"description\":\"Konteinera rite\u0146i ar vilk\u0161anas stieni | Sl\u0113dzami konteineru rite\u0146i | J\u016bras konteinera p\u0101rvieto\u0161ana | Konteineru piederumi | Konteineru p\u0101rvad\u0101jumi | \ufe0f\",\"breadcrumb\":{\"@id\":\"https:\\\/\\\/miil.dev.almic.ee\\\/lv\\\/toode\\\/konteinera-riteni-ar-vilksanas-stieni\\\/#breadcrumb\"},\"inLanguage\":\"lv-LV\",\"potentialAction\":[{\"@type\":\"ReadAction\",\"target\":[\"https:\\\/\\\/miil.dev.almic.ee\\\/lv\\\/toode\\\/konteinera-riteni-ar-vilksanas-stieni\\\/\"]}]},{\"@type\":\"ImageObject\",\"inLanguage\":\"lv-LV\",\"@id\":\"https:\\\/\\\/miil.dev.almic.ee\\\/lv\\\/toode\\\/konteinera-riteni-ar-vilksanas-stieni\\\/#primaryimage\",\"url\":\"https:\\\/\\\/miil.dev.almic.ee\\\/wp-content\\\/uploads\\\/2025\\\/06\\\/Konteineri-rattad-koos-tiisliga.png\",\"contentUrl\":\"https:\\\/\\\/miil.dev.almic.ee\\\/wp-content\\\/uploads\\\/2025\\\/06\\\/Konteineri-rattad-koos-tiisliga.png\",\"width\":1222,\"height\":942},{\"@type\":\"BreadcrumbList\",\"@id\":\"https:\\\/\\\/miil.dev.almic.ee\\\/lv\\\/toode\\\/konteinera-riteni-ar-vilksanas-stieni\\\/#breadcrumb\",\"itemListElement\":[{\"@type\":\"ListItem\",\"position\":1,\"name\":\"Home\",\"item\":\"https:\\\/\\\/miil.dev.almic.ee\\\/lv\\\/\"},{\"@type\":\"ListItem\",\"position\":2,\"name\":\"Veikals\",\"item\":\"https:\\\/\\\/miil.dev.almic.ee\\\/lv\\\/veikals\\\/\"},{\"@type\":\"ListItem\",\"position\":3,\"name\":\"Konteinera rite\u0146i ar vilk\u0161anas stieni\"}]},{\"@type\":\"WebSite\",\"@id\":\"https:\\\/\\\/miil.dev.almic.ee\\\/#website\",\"url\":\"https:\\\/\\\/miil.dev.almic.ee\\\/\",\"name\":\"Miil O\u00dc\",\"description\":\"Konteinerveod\",\"publisher\":{\"@id\":\"https:\\\/\\\/miil.dev.almic.ee\\\/#organization\"},\"potentialAction\":[{\"@type\":\"SearchAction\",\"target\":{\"@type\":\"EntryPoint\",\"urlTemplate\":\"https:\\\/\\\/miil.dev.almic.ee\\\/?s={search_term_string}\"},\"query-input\":{\"@type\":\"PropertyValueSpecification\",\"valueRequired\":true,\"valueName\":\"search_term_string\"}}],\"inLanguage\":\"lv-LV\"},{\"@type\":\"Organization\",\"@id\":\"https:\\\/\\\/miil.dev.almic.ee\\\/#organization\",\"name\":\"Miil O\u00dc\",\"url\":\"https:\\\/\\\/miil.dev.almic.ee\\\/\",\"logo\":{\"@type\":\"ImageObject\",\"inLanguage\":\"lv-LV\",\"@id\":\"https:\\\/\\\/miil.dev.almic.ee\\\/#\\\/schema\\\/logo\\\/image\\\/\",\"url\":\"https:\\\/\\\/www.miil.ee\\\/wp-content\\\/uploads\\\/2022\\\/02\\\/Miil-logo.svg\",\"contentUrl\":\"https:\\\/\\\/www.miil.ee\\\/wp-content\\\/uploads\\\/2022\\\/02\\\/Miil-logo.svg\",\"width\":\"1024\",\"height\":\"1024\",\"caption\":\"Miil O\u00dc\"},\"image\":{\"@id\":\"https:\\\/\\\/miil.dev.almic.ee\\\/#\\\/schema\\\/logo\\\/image\\\/\"},\"sameAs\":[\"https:\\\/\\\/www.facebook.com\\\/konteinerveod\\\/\",\"https:\\\/\\\/www.instagram.com\\\/ou_miil\\\/\"]}]}<\/script>\n<meta property=\"product:price:amount\" content=\"0.00\" \/>\n<meta property=\"product:price:currency\" content=\"EUR\" \/>\n<meta property=\"og:availability\" content=\"instock\" \/>\n<meta property=\"product:availability\" content=\"instock\" \/>\n<meta property=\"product:retailer_item_id\" content=\"MIIU3602200-2\" \/>\n<meta property=\"product:condition\" content=\"new\" \/>\n<!-- \/ Yoast SEO Premium plugin. -->","yoast_head_json":{"title":"Konteinera rite\u0146i ar vilk\u0161anas stieni - Miil O\u00dc","description":"Konteinera rite\u0146i ar vilk\u0161anas stieni | Sl\u0113dzami konteineru rite\u0146i | J\u016bras konteinera p\u0101rvieto\u0161ana | Konteineru piederumi | Konteineru p\u0101rvad\u0101jumi | \ufe0f","robots":{"index":"index","follow":"follow","max-snippet":"max-snippet:-1","max-image-preview":"max-image-preview:large","max-video-preview":"max-video-preview:-1"},"canonical":"https:\/\/miil.dev.almic.ee\/lv\/toode\/konteinera-riteni-ar-vilksanas-stieni\/","og_locale":"lv_LV","og_type":"article","og_title":"Konteinera rite\u0146i ar vilk\u0161anas stieni","og_description":"Konteinera rite\u0146i ar vilk\u0161anas stieni | Sl\u0113dzami konteineru rite\u0146i | J\u016bras konteinera p\u0101rvieto\u0161ana | Konteineru piederumi | Konteineru p\u0101rvad\u0101jumi | \ufe0f","og_url":"https:\/\/miil.dev.almic.ee\/lv\/toode\/konteinera-riteni-ar-vilksanas-stieni\/","og_site_name":"Miil O\u00dc","article_publisher":"https:\/\/www.facebook.com\/konteinerveod\/","article_modified_time":"2025-06-11T14:34:56+00:00","og_image":[{"width":1222,"height":942,"url":"https:\/\/miil.dev.almic.ee\/wp-content\/uploads\/2025\/06\/Konteineri-rattad-koos-tiisliga.png","type":"image\/png"}],"twitter_card":"summary_large_image","twitter_misc":{"Price":"","Availability":"In stock"},"schema":{"@context":"https:\/\/schema.org","@graph":[{"@type":"WebPage","@id":"https:\/\/miil.dev.almic.ee\/lv\/toode\/konteinera-riteni-ar-vilksanas-stieni\/","url":"https:\/\/miil.dev.almic.ee\/lv\/toode\/konteinera-riteni-ar-vilksanas-stieni\/","name":"Konteinera rite\u0146i ar vilk\u0161anas stieni - Miil O\u00dc","isPartOf":{"@id":"https:\/\/miil.dev.almic.ee\/#website"},"primaryImageOfPage":{"@id":"https:\/\/miil.dev.almic.ee\/lv\/toode\/konteinera-riteni-ar-vilksanas-stieni\/#primaryimage"},"image":{"@id":"https:\/\/miil.dev.almic.ee\/lv\/toode\/konteinera-riteni-ar-vilksanas-stieni\/#primaryimage"},"thumbnailUrl":"https:\/\/miil.dev.almic.ee\/wp-content\/uploads\/2025\/06\/Konteineri-rattad-koos-tiisliga.png","datePublished":"2025-06-11T14:18:16+00:00","dateModified":"2025-06-11T14:34:56+00:00","description":"Konteinera rite\u0146i ar vilk\u0161anas stieni | Sl\u0113dzami konteineru rite\u0146i | J\u016bras konteinera p\u0101rvieto\u0161ana | Konteineru piederumi | Konteineru p\u0101rvad\u0101jumi | \ufe0f","breadcrumb":{"@id":"https:\/\/miil.dev.almic.ee\/lv\/toode\/konteinera-riteni-ar-vilksanas-stieni\/#breadcrumb"},"inLanguage":"lv-LV","potentialAction":[{"@type":"ReadAction","target":["https:\/\/miil.dev.almic.ee\/lv\/toode\/konteinera-riteni-ar-vilksanas-stieni\/"]}]},{"@type":"ImageObject","inLanguage":"lv-LV","@id":"https:\/\/miil.dev.almic.ee\/lv\/toode\/konteinera-riteni-ar-vilksanas-stieni\/#primaryimage","url":"https:\/\/miil.dev.almic.ee\/wp-content\/uploads\/2025\/06\/Konteineri-rattad-koos-tiisliga.png","contentUrl":"https:\/\/miil.dev.almic.ee\/wp-content\/uploads\/2025\/06\/Konteineri-rattad-koos-tiisliga.png","width":1222,"height":942},{"@type":"BreadcrumbList","@id":"https:\/\/miil.dev.almic.ee\/lv\/toode\/konteinera-riteni-ar-vilksanas-stieni\/#breadcrumb","itemListElement":[{"@type":"ListItem","position":1,"name":"Home","item":"https:\/\/miil.dev.almic.ee\/lv\/"},{"@type":"ListItem","position":2,"name":"Veikals","item":"https:\/\/miil.dev.almic.ee\/lv\/veikals\/"},{"@type":"ListItem","position":3,"name":"Konteinera rite\u0146i ar vilk\u0161anas stieni"}]},{"@type":"WebSite","@id":"https:\/\/miil.dev.almic.ee\/#website","url":"https:\/\/miil.dev.almic.ee\/","name":"Miil O\u00dc","description":"Konteinerveod","publisher":{"@id":"https:\/\/miil.dev.almic.ee\/#organization"},"potentialAction":[{"@type":"SearchAction","target":{"@type":"EntryPoint","urlTemplate":"https:\/\/miil.dev.almic.ee\/?s={search_term_string}"},"query-input":{"@type":"PropertyValueSpecification","valueRequired":true,"valueName":"search_term_string"}}],"inLanguage":"lv-LV"},{"@type":"Organization","@id":"https:\/\/miil.dev.almic.ee\/#organization","name":"Miil O\u00dc","url":"https:\/\/miil.dev.almic.ee\/","logo":{"@type":"ImageObject","inLanguage":"lv-LV","@id":"https:\/\/miil.dev.almic.ee\/#\/schema\/logo\/image\/","url":"https:\/\/www.miil.ee\/wp-content\/uploads\/2022\/02\/Miil-logo.svg","contentUrl":"https:\/\/www.miil.ee\/wp-content\/uploads\/2022\/02\/Miil-logo.svg","width":"1024","height":"1024","caption":"Miil O\u00dc"},"image":{"@id":"https:\/\/miil.dev.almic.ee\/#\/schema\/logo\/image\/"},"sameAs":["https:\/\/www.facebook.com\/konteinerveod\/","https:\/\/www.instagram.com\/ou_miil\/"]}]},"product_price_amount":"0.00","product_price_currency":"EUR","og_availability":"instock","product_availability":"instock","product_retailer_item_id":"MIIU3602200-2","product_condition":"new"},"_links":{"self":[{"href":"https:\/\/miil.dev.almic.ee\/lv\/wp-json\/wp\/v2\/product\/102495","targetHints":{"allow":["GET"]}}],"collection":[{"href":"https:\/\/miil.dev.almic.ee\/lv\/wp-json\/wp\/v2\/product"}],"about":[{"href":"https:\/\/miil.dev.almic.ee\/lv\/wp-json\/wp\/v2\/types\/product"}],"replies":[{"embeddable":true,"href":"https:\/\/miil.dev.almic.ee\/lv\/wp-json\/wp\/v2\/comments?post=102495"}],"wp:featuredmedia":[{"embeddable":true,"href":"https:\/\/miil.dev.almic.ee\/lv\/wp-json\/wp\/v2\/media\/102500"}],"wp:attachment":[{"href":"https:\/\/miil.dev.almic.ee\/lv\/wp-json\/wp\/v2\/media?parent=102495"}],"wp:term":[{"taxonomy":"product_cat","embeddable":true,"href":"https:\/\/miil.dev.almic.ee\/lv\/wp-json\/wp\/v2\/product_cat?post=102495"},{"taxonomy":"product_tag","embeddable":true,"href":"https:\/\/miil.dev.almic.ee\/lv\/wp-json\/wp\/v2\/product_tag?post=102495"}],"curies":[{"name":"wp","href":"https:\/\/api.w.org\/{rel}","templated":true}]}}