{"id":101464,"date":"2025-05-29T11:15:15","date_gmt":"2025-05-29T08:15:17","guid":{"rendered":"https:\/\/www.miil.ee\/?post_type=product&#038;p=101464"},"modified":"2025-05-29T11:26:52","modified_gmt":"2025-05-29T08:26:52","slug":"40hcos-juras-konteiners-miiu5900214","status":"publish","type":"product","link":"https:\/\/miil.dev.almic.ee\/lv\/toode\/40hcos-juras-konteiners-miiu5900214\/","title":{"rendered":"40HCOS J\u016bras konteiners MIIU5900214 (p\u0113c pas\u016bt\u012bjuma)"},"content":{"rendered":"<h2>Open s\u0101nu j\u016bras konteiners \u201cvienvirziena\u201d MIIU5900214<\/h2>\n<p>Augsta Kuba Atv\u0113rta S\u0101nu J\u016bras Konteiners. \u0160is ir diezgan rets 40HCOS j\u016bras konteiners, kas piln\u012bb\u0101 atverams no vienas puses, augsta kuba variants.<br \/>\nTas ir tum\u0161i za\u013c\u0101 RAL7016 kr\u0101s\u0101.<br \/>\nVisi konteineri tiek ra\u017eoti \u0100zij\u0101.<br \/>\nUz m\u016bsu termin\u0101li tiek p\u0101rvietoti jauni konteineri ar vienvirziena krav\u0101m, lai izvair\u012btos no transport\u0113\u0161anas izmaks\u0101m, kas pret\u0113j\u0101 gad\u012bjum\u0101 tiktu pieskait\u012btas konteinera cenai.<\/p>\n<ul>\n<li>Laikapst\u0101k\u013cu iztur\u012bbas garantija 50 gadi.<\/li>\n<li>Bildes atbilst reklam\u0113tajam konteineram.<\/li>\n<li>Tvertnei var b\u016bt nelieli kosm\u0113tiski defekti, kas radu\u0161ies transport\u0113\u0161anas laik\u0101.<\/li>\n<li>J\u016bras konteineram kopum\u0101 ir \u010detras saites, un to var uzst\u0101d\u012bt ar 3+ sl\u0113dzen\u0113m.<\/li>\n<li>Uzglab\u0101\u0161anas konteineram kopum\u0101 ir tr\u012bs saites uz durv\u012bm, kas atrodas augst\u0101k par j\u016bras konteinera atsait\u0113m.<\/li>\n<li>Divu durvju vid\u016b ir sl\u0113dzenes aizsargs.<\/li>\n<li>Papildus ventil\u0101cija s\u0101nos.<\/li>\n<li>P\u0113c vieno\u0161an\u0101s iesp\u0113jama j\u016bras konteineru noma.<\/li>\n<li>Lab\u0101k\u0101s cenas garantija!<\/li>\n<\/ul>\n<p>Ir pieejama opcija <strong>P\u0113rciet t\u016bl\u012bt, maks\u0101 v\u0113l\u0101k<\/strong>:<br \/>\nPriv\u0101tperson\u0101m, izmantojot m\u016bsu partneri\u00a0<a href=\"https:\/\/inbank.ee\/laen\/vaikelaen\">Inbank.ee<\/a>, izmantojot atsauces kodu\u00a0\u201cKONTEINER\u201d.<br \/>\nBiznesa klientiem ar m\u016bsu partnera <a href=\"https:\/\/tenor.my.canva.site\/tenor-miil\">Tenor.ee<\/a> starpniec\u012bbu<\/p>\n<h2>Open s\u0101nu j\u016bras konteiners \u201cvienvirziena\u201d MIIU5900214<\/h2>\n<p><a href=\"https:\/\/www.tiktok.com\/@merekonteiner\/video\/7385505214930963744\">VIDEO<\/a> par \u0161\u0101da veida konteineriem.<br \/>\n\u201cVienvirziena\u201d s\u0101niski atverams j\u016bras konteiners ir jauns un reprezentat\u012bvs risin\u0101jums m\u0101jas pagalmam vai komercplat\u012bb\u0101m.<br \/>\nVisi konteineri tiek ra\u017eoti \u0100zij\u0101.<br \/>\n\u0160is konteiners atveras vis\u0101 pus\u0113 + vien\u0101 gal\u0101.<br \/>\nUz m\u016bsu termin\u0101li p\u0101rvietojas jauni konteineri ar vienvirziena prec\u0113m, lai izvair\u012btos no transport\u0113\u0161anas izmaks\u0101m, kas cit\u0101di tiktu pieskait\u012btas konteinera cenai.<br \/>\nNo \u0161ejienes c\u0113lies ang\u013cu nosaukums \u201cvienvirziena konteiners\u201d.<\/p>\n<h2>K\u0101 tiek apr\u0113\u0137in\u0101ta konteinera cena?<\/h2>\n<p>J\u016bras konteinera cena ir atkar\u012bga no daudz\u0101m liet\u0101m, ta\u010du p\u0101rdo\u0161anas cena parasti ir saist\u012bta ar konteinera st\u0101vokli.<br \/>\nCenu ietekm\u0113 ar\u012b konteinera ieg\u0101des izmaksas, konteinera pien\u0101k\u0161anas ce\u013c\u0161 uz termin\u0101li, konteinera atra\u0161an\u0101s vieta termin\u0101l\u012b un tas, vai konteineram nav beigu\u0161\u0101s papildu izmaksas, piem\u0113ram, starpt\u012br\u012b\u0161ana, iek\u0161\u0113j\u0101 t\u012br\u012b\u0161ana vai atjauno\u0161ana.<\/p>\n<p>Lai lab\u0101k apkalpotu m\u016bsu klientus, m\u016bsu tirdzniec\u012bbas punkti atrodas vis\u0101 Igaunij\u0101. Konteinera cena \u0101rpus galvaspils\u0113tas ir atkar\u012bga ar\u012b no t\u0101, k\u0101 tas transport\u0113ts starp termin\u0101liem.<\/p>\n<h2>Open s\u0101nu j\u016bras konteiners \u201cvienvirziena\u201d MIIU5900214 \u2013 transport\u0113\u0161ana un pacel\u0161ana?<\/h2>\n<p>P\u0113c piem\u0113rota konteinera izv\u0113les varam veikt iepako\u0161anu un transport\u0113\u0161anu.<br \/>\nP\u0101rvad\u0101\u0161anai parasti izmantojam\u00a0<a href=\"https:\/\/www.miil.ee\/lv\/pakalpojumi\/celtnis\/\">celtnis<\/a>\u00a0vai\u00a0<a href=\"https:\/\/www.miil.ee\/lv\/pakalpojumi\/sanu-iekraveji-sideloader\/\">s\u0101nu iekr\u0101v\u0113ju.<\/a><br \/>\nM\u0113s izmantojam\u00a0<a href=\"https:\/\/www.miil.ee\/lv\/pakalpojumi\/ram-pasizgazejs\/\">RAM backloader<\/a>, lai aptvertu vissare\u017e\u0123\u012bt\u0101k\u0101s vietas.<\/p>\n<p>P\u0113c t\u0101 ieg\u0101des m\u0113s glab\u0101jam j\u016bsu konteineru m\u016bsu termin\u0101l\u012b bez maksas l\u012bdz se\u0161iem m\u0113ne\u0161iem.<\/p>\n<p>Vienm\u0113r iesp\u0113jams vienoties par ilg\u0101ku laiku.<br \/>\nPiem\u0113ram, ja vieta v\u0113l nav gatava vai pieejama konteinera pieg\u0101dei.<br \/>\nT\u0101d\u0101 gad\u012bjum\u0101 konteinera cena nemain\u012bsies un var\u0113siet b\u016bt dro\u0161s, ka izv\u0113l\u0113to konteineru sa\u0146emsiet norun\u0101taj\u0101 laik\u0101.<\/p>\n<ul>\n<li>Lab\u0101k\u0101s cenas garantija \u2013 m\u0113s vienm\u0113r pied\u0101v\u0101jam konteineram lab\u0101ko pied\u0101v\u0101jumu.<\/li>\n<\/ul>\n<p>Sekojiet mums\u00a0<a href=\"https:\/\/www.facebook.com\/konteinerveod\/\">Facebook<\/a>\u00a0vai\u00a0<a href=\"https:\/\/www.instagram.com\/ou_miil\/\">Instagram.<\/a><\/p>\n","protected":false},"excerpt":{"rendered":"<p>Open s\u0101nu j\u016bras konteiners \u201cvienvirziena\u201d ir augsta kuba konteiners, kas piln\u012bb\u0101 atverams no vienas puses, pied\u0101v\u0101jot ide\u0101lu risin\u0101jumu m\u0101jas vai komerci\u0101laj\u0101m vajadz\u012bb\u0101m. Konteineru cena tiek apr\u0113\u0137in\u0101ta, \u0146emot v\u0113r\u0101 t\u0101 st\u0101vokli un papildus izmaksas, un to var pieg\u0101d\u0101t un uzglab\u0101t bez maksas l\u012bdz se\u0161iem m\u0113ne\u0161iem.<\/p>\n","protected":false},"featured_media":101468,"comment_status":"closed","ping_status":"closed","template":"","meta":{"_acf_changed":false},"product_cat":[356,480,484],"product_tag":[],"class_list":{"0":"post-101464","1":"product","2":"type-product","3":"status-publish","4":"has-post-thumbnail","6":"product_cat-jauni-konteineri","7":"product_cat-40-12-metri-lv","8":"product_cat-40-hc-augstais-lv","10":"first","11":"instock","12":"shipping-taxable","13":"purchasable","14":"product-type-simple"},"acf":[],"yoast_head":"<!-- This site is optimized with the Yoast SEO Premium plugin v23.9 (Yoast SEO v27.5) - https:\/\/yoast.com\/product\/yoast-seo-premium-wordpress\/ -->\n<title>Open s\u0101nu j\u016bras konteiners \u201cvienvirziena\u201d MIIU5900214 - Miil O\u00dc<\/title>\n<meta name=\"description\" content=\"Open s\u0101nu j\u016bras konteiners \u201cvienvirziena\u201d MIIU5900214 | 40 atv\u0113rta puse | 40 atv\u0113rta s\u0101nu tvertne | s\u0101nos atverams j\u016bras konteiners | piln\u012bb\u0101 atverams\" \/>\n<meta name=\"robots\" content=\"index, follow, max-snippet:-1, max-image-preview:large, max-video-preview:-1\" \/>\n<link rel=\"canonical\" href=\"https:\/\/miil.dev.almic.ee\/lv\/toode\/40hcos-juras-konteiners-miiu5900214\/\" \/>\n<meta property=\"og:locale\" content=\"lv_LV\" \/>\n<meta property=\"og:type\" content=\"article\" \/>\n<meta property=\"og:title\" content=\"40HCOS J\u016bras konteiners MIIU5900214 (p\u0113c pas\u016bt\u012bjuma)\" \/>\n<meta property=\"og:description\" content=\"Open s\u0101nu j\u016bras konteiners \u201cvienvirziena\u201d MIIU5900214 | 40 atv\u0113rta puse | 40 atv\u0113rta s\u0101nu tvertne | s\u0101nos atverams j\u016bras konteiners | piln\u012bb\u0101 atverams\" \/>\n<meta property=\"og:url\" content=\"https:\/\/miil.dev.almic.ee\/lv\/toode\/40hcos-juras-konteiners-miiu5900214\/\" \/>\n<meta property=\"og:site_name\" content=\"Miil O\u00dc\" \/>\n<meta property=\"article:publisher\" content=\"https:\/\/www.facebook.com\/konteinerveod\/\" \/>\n<meta property=\"article:modified_time\" content=\"2025-05-29T08:26:52+00:00\" \/>\n<meta property=\"og:image\" content=\"https:\/\/miil.dev.almic.ee\/wp-content\/uploads\/2025\/05\/40HCOS-Merekonteiner-MIIU5900214-TALLINN-0-scaled.jpg\" \/>\n\t<meta property=\"og:image:width\" content=\"1900\" \/>\n\t<meta property=\"og:image:height\" content=\"1425\" \/>\n\t<meta property=\"og:image:type\" content=\"image\/jpeg\" \/>\n<meta name=\"twitter:card\" content=\"summary_large_image\" \/>\n<meta name=\"twitter:label1\" content=\"Price\" \/>\n\t<meta name=\"twitter:data1\" content=\"8290,00&nbsp;&euro;\" \/>\n\t<meta name=\"twitter:label2\" content=\"Availability\" \/>\n\t<meta name=\"twitter:data2\" content=\"In stock\" \/>\n<script type=\"application\/ld+json\" class=\"yoast-schema-graph\">{\"@context\":\"https:\\\/\\\/schema.org\",\"@graph\":[{\"@type\":\"WebPage\",\"@id\":\"https:\\\/\\\/miil.dev.almic.ee\\\/lv\\\/toode\\\/40hcos-juras-konteiners-miiu5900214\\\/\",\"url\":\"https:\\\/\\\/miil.dev.almic.ee\\\/lv\\\/toode\\\/40hcos-juras-konteiners-miiu5900214\\\/\",\"name\":\"Open s\u0101nu j\u016bras konteiners \u201cvienvirziena\u201d MIIU5900214 - Miil O\u00dc\",\"isPartOf\":{\"@id\":\"https:\\\/\\\/miil.dev.almic.ee\\\/#website\"},\"primaryImageOfPage\":{\"@id\":\"https:\\\/\\\/miil.dev.almic.ee\\\/lv\\\/toode\\\/40hcos-juras-konteiners-miiu5900214\\\/#primaryimage\"},\"image\":{\"@id\":\"https:\\\/\\\/miil.dev.almic.ee\\\/lv\\\/toode\\\/40hcos-juras-konteiners-miiu5900214\\\/#primaryimage\"},\"thumbnailUrl\":\"https:\\\/\\\/miil.dev.almic.ee\\\/wp-content\\\/uploads\\\/2025\\\/05\\\/40HCOS-Merekonteiner-MIIU5900214-TALLINN-0-scaled.jpg\",\"datePublished\":\"2025-05-29T08:15:17+00:00\",\"dateModified\":\"2025-05-29T08:26:52+00:00\",\"description\":\"Open s\u0101nu j\u016bras konteiners \u201cvienvirziena\u201d MIIU5900214 | 40 atv\u0113rta puse | 40 atv\u0113rta s\u0101nu tvertne | s\u0101nos atverams j\u016bras konteiners | piln\u012bb\u0101 atverams\",\"breadcrumb\":{\"@id\":\"https:\\\/\\\/miil.dev.almic.ee\\\/lv\\\/toode\\\/40hcos-juras-konteiners-miiu5900214\\\/#breadcrumb\"},\"inLanguage\":\"lv-LV\",\"potentialAction\":[{\"@type\":\"ReadAction\",\"target\":[\"https:\\\/\\\/miil.dev.almic.ee\\\/lv\\\/toode\\\/40hcos-juras-konteiners-miiu5900214\\\/\"]}]},{\"@type\":\"ImageObject\",\"inLanguage\":\"lv-LV\",\"@id\":\"https:\\\/\\\/miil.dev.almic.ee\\\/lv\\\/toode\\\/40hcos-juras-konteiners-miiu5900214\\\/#primaryimage\",\"url\":\"https:\\\/\\\/miil.dev.almic.ee\\\/wp-content\\\/uploads\\\/2025\\\/05\\\/40HCOS-Merekonteiner-MIIU5900214-TALLINN-0-scaled.jpg\",\"contentUrl\":\"https:\\\/\\\/miil.dev.almic.ee\\\/wp-content\\\/uploads\\\/2025\\\/05\\\/40HCOS-Merekonteiner-MIIU5900214-TALLINN-0-scaled.jpg\",\"width\":1900,\"height\":1425},{\"@type\":\"BreadcrumbList\",\"@id\":\"https:\\\/\\\/miil.dev.almic.ee\\\/lv\\\/toode\\\/40hcos-juras-konteiners-miiu5900214\\\/#breadcrumb\",\"itemListElement\":[{\"@type\":\"ListItem\",\"position\":1,\"name\":\"Home\",\"item\":\"https:\\\/\\\/miil.dev.almic.ee\\\/lv\\\/\"},{\"@type\":\"ListItem\",\"position\":2,\"name\":\"Veikals\",\"item\":\"https:\\\/\\\/miil.dev.almic.ee\\\/lv\\\/veikals\\\/\"},{\"@type\":\"ListItem\",\"position\":3,\"name\":\"40HCOS J\u016bras konteiners MIIU5900214 (p\u0113c pas\u016bt\u012bjuma)\"}]},{\"@type\":\"WebSite\",\"@id\":\"https:\\\/\\\/miil.dev.almic.ee\\\/#website\",\"url\":\"https:\\\/\\\/miil.dev.almic.ee\\\/\",\"name\":\"Miil O\u00dc\",\"description\":\"Konteinerveod\",\"publisher\":{\"@id\":\"https:\\\/\\\/miil.dev.almic.ee\\\/#organization\"},\"potentialAction\":[{\"@type\":\"SearchAction\",\"target\":{\"@type\":\"EntryPoint\",\"urlTemplate\":\"https:\\\/\\\/miil.dev.almic.ee\\\/?s={search_term_string}\"},\"query-input\":{\"@type\":\"PropertyValueSpecification\",\"valueRequired\":true,\"valueName\":\"search_term_string\"}}],\"inLanguage\":\"lv-LV\"},{\"@type\":\"Organization\",\"@id\":\"https:\\\/\\\/miil.dev.almic.ee\\\/#organization\",\"name\":\"Miil O\u00dc\",\"url\":\"https:\\\/\\\/miil.dev.almic.ee\\\/\",\"logo\":{\"@type\":\"ImageObject\",\"inLanguage\":\"lv-LV\",\"@id\":\"https:\\\/\\\/miil.dev.almic.ee\\\/#\\\/schema\\\/logo\\\/image\\\/\",\"url\":\"https:\\\/\\\/www.miil.ee\\\/wp-content\\\/uploads\\\/2022\\\/02\\\/Miil-logo.svg\",\"contentUrl\":\"https:\\\/\\\/www.miil.ee\\\/wp-content\\\/uploads\\\/2022\\\/02\\\/Miil-logo.svg\",\"width\":\"1024\",\"height\":\"1024\",\"caption\":\"Miil O\u00dc\"},\"image\":{\"@id\":\"https:\\\/\\\/miil.dev.almic.ee\\\/#\\\/schema\\\/logo\\\/image\\\/\"},\"sameAs\":[\"https:\\\/\\\/www.facebook.com\\\/konteinerveod\\\/\",\"https:\\\/\\\/www.instagram.com\\\/ou_miil\\\/\"]}]}<\/script>\n<meta property=\"product:price:amount\" content=\"8290.00\" \/>\n<meta property=\"product:price:currency\" content=\"EUR\" \/>\n<meta property=\"og:availability\" content=\"instock\" \/>\n<meta property=\"product:availability\" content=\"instock\" \/>\n<meta property=\"product:retailer_item_id\" content=\"MIIU5900214\" \/>\n<meta property=\"product:condition\" content=\"new\" \/>\n<!-- \/ Yoast SEO Premium plugin. -->","yoast_head_json":{"title":"Open s\u0101nu j\u016bras konteiners \u201cvienvirziena\u201d MIIU5900214 - Miil O\u00dc","description":"Open s\u0101nu j\u016bras konteiners \u201cvienvirziena\u201d MIIU5900214 | 40 atv\u0113rta puse | 40 atv\u0113rta s\u0101nu tvertne | s\u0101nos atverams j\u016bras konteiners | piln\u012bb\u0101 atverams","robots":{"index":"index","follow":"follow","max-snippet":"max-snippet:-1","max-image-preview":"max-image-preview:large","max-video-preview":"max-video-preview:-1"},"canonical":"https:\/\/miil.dev.almic.ee\/lv\/toode\/40hcos-juras-konteiners-miiu5900214\/","og_locale":"lv_LV","og_type":"article","og_title":"40HCOS J\u016bras konteiners MIIU5900214 (p\u0113c pas\u016bt\u012bjuma)","og_description":"Open s\u0101nu j\u016bras konteiners \u201cvienvirziena\u201d MIIU5900214 | 40 atv\u0113rta puse | 40 atv\u0113rta s\u0101nu tvertne | s\u0101nos atverams j\u016bras konteiners | piln\u012bb\u0101 atverams","og_url":"https:\/\/miil.dev.almic.ee\/lv\/toode\/40hcos-juras-konteiners-miiu5900214\/","og_site_name":"Miil O\u00dc","article_publisher":"https:\/\/www.facebook.com\/konteinerveod\/","article_modified_time":"2025-05-29T08:26:52+00:00","og_image":[{"width":1900,"height":1425,"url":"https:\/\/miil.dev.almic.ee\/wp-content\/uploads\/2025\/05\/40HCOS-Merekonteiner-MIIU5900214-TALLINN-0-scaled.jpg","type":"image\/jpeg"}],"twitter_card":"summary_large_image","twitter_misc":{"Price":"8290,00&nbsp;&euro;","Availability":"In stock"},"schema":{"@context":"https:\/\/schema.org","@graph":[{"@type":"WebPage","@id":"https:\/\/miil.dev.almic.ee\/lv\/toode\/40hcos-juras-konteiners-miiu5900214\/","url":"https:\/\/miil.dev.almic.ee\/lv\/toode\/40hcos-juras-konteiners-miiu5900214\/","name":"Open s\u0101nu j\u016bras konteiners \u201cvienvirziena\u201d MIIU5900214 - Miil O\u00dc","isPartOf":{"@id":"https:\/\/miil.dev.almic.ee\/#website"},"primaryImageOfPage":{"@id":"https:\/\/miil.dev.almic.ee\/lv\/toode\/40hcos-juras-konteiners-miiu5900214\/#primaryimage"},"image":{"@id":"https:\/\/miil.dev.almic.ee\/lv\/toode\/40hcos-juras-konteiners-miiu5900214\/#primaryimage"},"thumbnailUrl":"https:\/\/miil.dev.almic.ee\/wp-content\/uploads\/2025\/05\/40HCOS-Merekonteiner-MIIU5900214-TALLINN-0-scaled.jpg","datePublished":"2025-05-29T08:15:17+00:00","dateModified":"2025-05-29T08:26:52+00:00","description":"Open s\u0101nu j\u016bras konteiners \u201cvienvirziena\u201d MIIU5900214 | 40 atv\u0113rta puse | 40 atv\u0113rta s\u0101nu tvertne | s\u0101nos atverams j\u016bras konteiners | piln\u012bb\u0101 atverams","breadcrumb":{"@id":"https:\/\/miil.dev.almic.ee\/lv\/toode\/40hcos-juras-konteiners-miiu5900214\/#breadcrumb"},"inLanguage":"lv-LV","potentialAction":[{"@type":"ReadAction","target":["https:\/\/miil.dev.almic.ee\/lv\/toode\/40hcos-juras-konteiners-miiu5900214\/"]}]},{"@type":"ImageObject","inLanguage":"lv-LV","@id":"https:\/\/miil.dev.almic.ee\/lv\/toode\/40hcos-juras-konteiners-miiu5900214\/#primaryimage","url":"https:\/\/miil.dev.almic.ee\/wp-content\/uploads\/2025\/05\/40HCOS-Merekonteiner-MIIU5900214-TALLINN-0-scaled.jpg","contentUrl":"https:\/\/miil.dev.almic.ee\/wp-content\/uploads\/2025\/05\/40HCOS-Merekonteiner-MIIU5900214-TALLINN-0-scaled.jpg","width":1900,"height":1425},{"@type":"BreadcrumbList","@id":"https:\/\/miil.dev.almic.ee\/lv\/toode\/40hcos-juras-konteiners-miiu5900214\/#breadcrumb","itemListElement":[{"@type":"ListItem","position":1,"name":"Home","item":"https:\/\/miil.dev.almic.ee\/lv\/"},{"@type":"ListItem","position":2,"name":"Veikals","item":"https:\/\/miil.dev.almic.ee\/lv\/veikals\/"},{"@type":"ListItem","position":3,"name":"40HCOS J\u016bras konteiners MIIU5900214 (p\u0113c pas\u016bt\u012bjuma)"}]},{"@type":"WebSite","@id":"https:\/\/miil.dev.almic.ee\/#website","url":"https:\/\/miil.dev.almic.ee\/","name":"Miil O\u00dc","description":"Konteinerveod","publisher":{"@id":"https:\/\/miil.dev.almic.ee\/#organization"},"potentialAction":[{"@type":"SearchAction","target":{"@type":"EntryPoint","urlTemplate":"https:\/\/miil.dev.almic.ee\/?s={search_term_string}"},"query-input":{"@type":"PropertyValueSpecification","valueRequired":true,"valueName":"search_term_string"}}],"inLanguage":"lv-LV"},{"@type":"Organization","@id":"https:\/\/miil.dev.almic.ee\/#organization","name":"Miil O\u00dc","url":"https:\/\/miil.dev.almic.ee\/","logo":{"@type":"ImageObject","inLanguage":"lv-LV","@id":"https:\/\/miil.dev.almic.ee\/#\/schema\/logo\/image\/","url":"https:\/\/www.miil.ee\/wp-content\/uploads\/2022\/02\/Miil-logo.svg","contentUrl":"https:\/\/www.miil.ee\/wp-content\/uploads\/2022\/02\/Miil-logo.svg","width":"1024","height":"1024","caption":"Miil O\u00dc"},"image":{"@id":"https:\/\/miil.dev.almic.ee\/#\/schema\/logo\/image\/"},"sameAs":["https:\/\/www.facebook.com\/konteinerveod\/","https:\/\/www.instagram.com\/ou_miil\/"]}]},"product_price_amount":"8290.00","product_price_currency":"EUR","og_availability":"instock","product_availability":"instock","product_retailer_item_id":"MIIU5900214","product_condition":"new"},"_links":{"self":[{"href":"https:\/\/miil.dev.almic.ee\/lv\/wp-json\/wp\/v2\/product\/101464","targetHints":{"allow":["GET"]}}],"collection":[{"href":"https:\/\/miil.dev.almic.ee\/lv\/wp-json\/wp\/v2\/product"}],"about":[{"href":"https:\/\/miil.dev.almic.ee\/lv\/wp-json\/wp\/v2\/types\/product"}],"replies":[{"embeddable":true,"href":"https:\/\/miil.dev.almic.ee\/lv\/wp-json\/wp\/v2\/comments?post=101464"}],"wp:featuredmedia":[{"embeddable":true,"href":"https:\/\/miil.dev.almic.ee\/lv\/wp-json\/wp\/v2\/media\/101468"}],"wp:attachment":[{"href":"https:\/\/miil.dev.almic.ee\/lv\/wp-json\/wp\/v2\/media?parent=101464"}],"wp:term":[{"taxonomy":"product_cat","embeddable":true,"href":"https:\/\/miil.dev.almic.ee\/lv\/wp-json\/wp\/v2\/product_cat?post=101464"},{"taxonomy":"product_tag","embeddable":true,"href":"https:\/\/miil.dev.almic.ee\/lv\/wp-json\/wp\/v2\/product_tag?post=101464"}],"curies":[{"name":"wp","href":"https:\/\/api.w.org\/{rel}","templated":true}]}}