{"id":87999,"date":"2025-02-19T10:07:18","date_gmt":"2025-02-19T08:07:18","guid":{"rendered":"https:\/\/www.miil.ee\/pakalpojumi\/sutisanas-konteineru-noma\/"},"modified":"2025-02-19T10:13:22","modified_gmt":"2025-02-19T08:13:22","slug":"piegades-konteineru-noma","status":"publish","type":"page","link":"https:\/\/miil.dev.almic.ee\/lv\/pakalpojumi\/piegades-konteineru-noma\/","title":{"rendered":"Pieg\u0101des konteineru noma"},"content":{"rendered":"<section class=\"l-section wpb_row height_medium\"><div class=\"l-section-h i-cf\"><div class=\"g-cols vc_row via_flex valign_top type_default stacking_default\"><div class=\"vc_col-sm-8 wpb_column vc_column_container\"><div class=\"vc_column-inner\"><div class=\"wpb_wrapper\"><div class=\"wpb_text_column\"><div class=\"wpb_wrapper\"><h1>Pieg\u0101des konteineru noma<\/h1>\n<p>Nos\u016bt\u012b\u0161anas konteinera noma var b\u016bt lieliska iesp\u0113ja tiem, kam nepiecie\u0161ama papildu uzglab\u0101\u0161anas vieta, to nep\u0113rkot tie\u0161i. \u0160\u012b opcija nodro\u0161ina elast\u012bbu, \u013caujot piek\u013c\u016bt dro\u0161ai, laikapst\u0101k\u013ciem iztur\u012bgai kr\u0101tuvei uz noteiktu laika periodu, neatkar\u012bgi no t\u0101, vai t\u0101s ir da\u017eas ned\u0113\u013cas, m\u0113ne\u0161i vai ilg\u0101k. Pieg\u0101des konteineru noma ir ide\u0101li piem\u0113rota cilv\u0113kiem, kuriem nepiecie\u0161ama pagaidu uzglab\u0101\u0161anas vieta p\u0101rv\u0101k\u0161an\u0101s, m\u0101jas remontam vai uz\u0146\u0113mumam, kur\u0101 j\u0101uzglab\u0101 liekie kr\u0101jumi.<\/p>\n<p>Viena no galvenaj\u0101m p\u0101rvad\u0101\u0161anas konteinera nomas priek\u0161roc\u012bb\u0101m ir zem\u0101kas s\u0101kotn\u0113j\u0101s izmaksas, sal\u012bdzinot ar jauna vai lietota konteinera ieg\u0101di. J\u016bs izvair\u0101ties no lieliem s\u0101kotn\u0113jiem ieguld\u012bjumiem un maks\u0101jat par konteineru tikai taj\u0101 period\u0101, kas jums patie\u0161\u0101m ir nepiecie\u0161ams. Tas padara to par bud\u017eetam draudz\u012bg\u0101ku risin\u0101jumu \u012bstermi\u0146a vajadz\u012bb\u0101m. Turkl\u0101t, t\u0101 k\u0101 m\u0113s nodro\u0161in\u0101m konteinera pieg\u0101di, tas ietaupa j\u016bsu laiku un probl\u0113mas.<\/p>\n<p>\u013boti \u0113rti ir ar\u012b p\u0101rvad\u0101\u0161anas konteineri. M\u0113s pied\u0101v\u0101jam elast\u012bgas iesp\u0113jas, kas \u013cauj piel\u0101got nomas ilgumu, mainoties j\u016bsu vajadz\u012bb\u0101m. Piem\u0113ram, ja j\u016bsu projekta vai kr\u0101tuves vajadz\u012bbas aiz\u0146em ilg\u0101ku laiku, nek\u0101 paredz\u0113ts, bie\u017ei vien varat bez probl\u0113m\u0101m pagarin\u0101t nomas periodu. Turkl\u0101t, nom\u0101jot p\u0101rvad\u0101\u0161anas konteineru, j\u016bs varat piek\u013c\u016bt da\u017e\u0101diem izm\u0113riem, nodro\u0161inot, ka varat atrast konteineru, kas atbilst j\u016bsu \u012bpa\u0161aj\u0101m vajadz\u012bb\u0101m.<\/p>\n<p>V\u0113l viena nomas priek\u0161roc\u012bba ir t\u0101, ka konteiners ir lab\u0101 st\u0101vokl\u012b, it \u012bpa\u0161i, ja tas ir jaun\u0101ks modelis. M\u0113s r\u016bp\u012bgi uzturam savus nomas konteinerus, nodro\u0161inot, ka tie ir t\u012bri, dro\u0161i un gatavi lieto\u0161anai, kad tie ir nepiecie\u0161ami. Pieg\u0101de un sav\u0101k\u0161ana parasti ir iek\u013cauta nomas l\u012bgum\u0101, t\u0101p\u0113c jums nav j\u0101uztraucas par transport\u0113\u0161anu. Pietiek ar to, ka transport\u0113\u0161anas izmaksas tiks pievienotas j\u016bsu pirmajam r\u0113\u0137inam.<\/p>\n<p>Parasti m\u0113s pied\u0101v\u0101jam konteineru nomu vismaz uz se\u0161iem m\u0113ne\u0161iem, ta\u010du ir iesp\u0113jami ar\u012b \u012bstermi\u0146a l\u012bgumi. Diem\u017e\u0113l \u0161\u0101dos gad\u012bjumos izmaksas, visticam\u0101k, b\u016bs nedaudz augst\u0101kas.<\/p>\n<p>Ja papildu uzglab\u0101\u0161anas telpa ir nepiecie\u0161ama tikai \u012bslaic\u012bgi \u2013 piem\u0113ram, veicot m\u0101jok\u013ca renov\u0101ciju, kad uz\u0146\u0113muma invent\u0101rs ir p\u0101rpild\u012bts vai kad tas ir nepiecie\u0161ams sezonas vajadz\u012bb\u0101m \u2013 \u012bre pied\u0101v\u0101 elast\u012bbu un \u0113rt\u012bbas bez ilgtermi\u0146a finansi\u0101l\u0101m saist\u012bb\u0101m. Turkl\u0101t, ja j\u016bsu uzglab\u0101\u0161anas vajadz\u012bbas n\u0101kotn\u0113 main\u012bsies, varat vienk\u0101r\u0161i atgriezt konteineru vai apmain\u012bt to pret cita izm\u0113ra.<\/p>\n<p>Rakstiet mums par savu nomas piepras\u012bjumu uz <a href=\"mailto:info@miil.ee\">info@miil.ee<\/a> vai apskatiet izv\u0113li m\u016bsu <a href=\"https:\/\/www.miil.ee\/lv\/e-veikals\/\">e-veikal\u0101.<\/a><\/p>\n<\/div><\/div><div class=\"wpb_text_column\"><div class=\"wpb_wrapper\"><h2>Ledusskapja konteineru noma<\/h2>\n<p>Iznom\u0101jam da\u017e\u0101du izm\u0113ru j\u016bras konteineru ledusskapjus.<br \/>\nMums noliktav\u0101 ir ledusskapji ar ledusskapja durv\u012bm, ledusskapji ar parastaj\u0101m durv\u012bm, refri\u017eeratorkonteineri un daudz kas cits.<br \/>\nPieejams 10 p\u0113du, 20 p\u0113du, 40 p\u0113du konteineros ar da\u017e\u0101du apr\u012bkojumu.<\/p>\n<h2>Pieg\u0101des konteineru noma &#8211; Transports un uzst\u0101d\u012b\u0161ana?<\/h2>\n<p>P\u0113c piem\u0113rota konteinera izv\u0113les varam izteikt pied\u0101v\u0101jumu ar\u012b par transportu.<br \/>\n<span>P\u0101rvad\u0101\u0161anai parasti izmantojam\u00a0<\/span><a href=\"https:\/\/www.miil.ee\/lv\/pakalpojumi\/celtnis\/\">celtnis<\/a><span>\u00a0vai\u00a0<\/span><a href=\"https:\/\/www.miil.ee\/lv\/pakalpojumi\/sanu-iekraveji-sideloader\/\">s\u0101nu iekr\u0101v\u0113ju.<\/a><br \/>\n<span>M\u0113s izmantojam\u00a0<\/span><a href=\"https:\/\/www.miil.ee\/lv\/pakalpojumi\/ram-pasizgazejs\/\">RAM backloader<\/a><span>, lai aptvertu vissare\u017e\u0123\u012bt\u0101k\u0101s vietas.<\/span><\/p>\n<p>P\u0113rkot konteineru, varat to uzglab\u0101t m\u016bsu termin\u0101l\u012b l\u012bdz se\u0161iem m\u0113ne\u0161iem bez maksas.<\/p>\n<p>Vienm\u0113r iesp\u0113jams vienoties par ilg\u0101ku laiku.<br \/>\nTas ir noder\u012bgi, piem\u0113ram, ja atra\u0161an\u0101s vieta v\u0113l nav gatava vai pieejama.<br \/>\nT\u0101d\u0101 gad\u012bjum\u0101 konteinera cena nemain\u012bsies un var\u0113siet b\u016bt dro\u0161s, ka izv\u0113l\u0113to konteineru sa\u0146emsiet norun\u0101taj\u0101 laik\u0101.<\/p>\n<p>&nbsp;<\/p>\n<p><span>Sekojiet mums\u00a0<\/span><a href=\"https:\/\/www.facebook.com\/konteinerveod\/\">Facebook<\/a><span>\u00a0vai\u00a0<\/span><a href=\"https:\/\/www.instagram.com\/ou_miil\/\">Instagram.<\/a><\/p>\n<\/div><\/div><\/div><\/div><\/div><div class=\"vc_col-sm-4 wpb_column vc_column_container\"><div class=\"vc_column-inner\"><div class=\"wpb_wrapper\"><div class=\"w-gallery fit_cover type_grid ratio_1x1 count_0\" style=\"--columns:1;--items-gap:10px;\"><div class=\"w-gallery-no-results\">No results found.<\/div><\/div><\/div><\/div><\/div><\/div><\/div><\/section><section class=\"l-section wpb_row faq height_medium\"><div class=\"l-section-h i-cf\"><div class=\"g-cols vc_row via_flex valign_top type_default stacking_default\"><div class=\"vc_col-sm-12 wpb_column vc_column_container\"><div class=\"vc_column-inner\"><div class=\"wpb_wrapper\"><\/div><\/div><\/div><\/div><\/div><\/section>\n","protected":false},"excerpt":{"rendered":"Pieg\u0101des konteineru noma Nos\u016bt\u012b\u0161anas konteinera noma var b\u016bt lieliska iesp\u0113ja tiem, kam nepiecie\u0161ama papildu uzglab\u0101\u0161anas vieta, to nep\u0113rkot tie\u0161i. \u0160\u012b opcija nodro\u0161ina elast\u012bbu, \u013caujot piek\u013c\u016bt dro\u0161ai, laikapst\u0101k\u013ciem iztur\u012bgai kr\u0101tuvei uz noteiktu laika periodu, neatkar\u012bgi no t\u0101, vai t\u0101s ir da\u017eas ned\u0113\u013cas, m\u0113ne\u0161i vai ilg\u0101k. Pieg\u0101des konteineru noma ir ide\u0101li piem\u0113rota cilv\u0113kiem, kuriem nepiecie\u0161ama pagaidu uzglab\u0101\u0161anas...","protected":false},"author":3,"featured_media":0,"parent":1589,"menu_order":2,"comment_status":"closed","ping_status":"closed","template":"","meta":{"_acf_changed":false,"footnotes":""},"class_list":["post-87999","page","type-page","status-publish","hentry"],"acf":[],"yoast_head":"<!-- This site is optimized with the Yoast SEO Premium plugin v23.9 (Yoast SEO v27.5) - https:\/\/yoast.com\/product\/yoast-seo-premium-wordpress\/ -->\n<title>Pieg\u0101des konteineru noma<\/title>\n<meta name=\"description\" content=\"Pieg\u0101des konteineru noma | Kravu konteineru noma | Konteineru noma | Refri\u017eeratoru konteineru noma | Miil.ee \u2b50\ufe0f\u2b50\ufe0f\u2b50\ufe0f\u2b50\ufe0f\u2b50\ufe0f\" \/>\n<meta name=\"robots\" content=\"index, follow, max-snippet:-1, max-image-preview:large, max-video-preview:-1\" \/>\n<link rel=\"canonical\" href=\"https:\/\/miil.dev.almic.ee\/lv\/pakalpojumi\/piegades-konteineru-noma\/\" \/>\n<meta property=\"og:locale\" content=\"lv_LV\" \/>\n<meta property=\"og:type\" content=\"article\" \/>\n<meta property=\"og:title\" content=\"Pieg\u0101des konteineru noma\" \/>\n<meta property=\"og:description\" content=\"Pieg\u0101des konteineru noma | Kravu konteineru noma | Konteineru noma | Refri\u017eeratoru konteineru noma | Miil.ee \u2b50\ufe0f\u2b50\ufe0f\u2b50\ufe0f\u2b50\ufe0f\u2b50\ufe0f\" \/>\n<meta property=\"og:url\" content=\"https:\/\/miil.dev.almic.ee\/lv\/pakalpojumi\/piegades-konteineru-noma\/\" \/>\n<meta property=\"og:site_name\" content=\"Miil O\u00dc\" \/>\n<meta property=\"article:publisher\" content=\"https:\/\/www.facebook.com\/konteinerveod\/\" \/>\n<meta property=\"article:modified_time\" content=\"2025-02-19T08:13:22+00:00\" \/>\n<meta name=\"twitter:card\" content=\"summary_large_image\" \/>\n<meta name=\"twitter:label1\" content=\"Est. reading time\" \/>\n\t<meta name=\"twitter:data1\" content=\"3 minutes\" \/>\n<script type=\"application\/ld+json\" class=\"yoast-schema-graph\">{\"@context\":\"https:\\\/\\\/schema.org\",\"@graph\":[{\"@type\":\"WebPage\",\"@id\":\"https:\\\/\\\/miil.dev.almic.ee\\\/lv\\\/pakalpojumi\\\/piegades-konteineru-noma\\\/\",\"url\":\"https:\\\/\\\/miil.dev.almic.ee\\\/lv\\\/pakalpojumi\\\/piegades-konteineru-noma\\\/\",\"name\":\"Pieg\u0101des konteineru noma\",\"isPartOf\":{\"@id\":\"https:\\\/\\\/miil.dev.almic.ee\\\/#website\"},\"datePublished\":\"2025-02-19T08:07:18+00:00\",\"dateModified\":\"2025-02-19T08:13:22+00:00\",\"description\":\"Pieg\u0101des konteineru noma | Kravu konteineru noma | Konteineru noma | Refri\u017eeratoru konteineru noma | Miil.ee \u2b50\ufe0f\u2b50\ufe0f\u2b50\ufe0f\u2b50\ufe0f\u2b50\ufe0f\",\"breadcrumb\":{\"@id\":\"https:\\\/\\\/miil.dev.almic.ee\\\/lv\\\/pakalpojumi\\\/piegades-konteineru-noma\\\/#breadcrumb\"},\"inLanguage\":\"lv-LV\",\"potentialAction\":[{\"@type\":\"ReadAction\",\"target\":[\"https:\\\/\\\/miil.dev.almic.ee\\\/lv\\\/pakalpojumi\\\/piegades-konteineru-noma\\\/\"]}]},{\"@type\":\"BreadcrumbList\",\"@id\":\"https:\\\/\\\/miil.dev.almic.ee\\\/lv\\\/pakalpojumi\\\/piegades-konteineru-noma\\\/#breadcrumb\",\"itemListElement\":[{\"@type\":\"ListItem\",\"position\":1,\"name\":\"Home\",\"item\":\"https:\\\/\\\/miil.dev.almic.ee\\\/lv\\\/\"},{\"@type\":\"ListItem\",\"position\":2,\"name\":\"Pakalpojumi\",\"item\":\"https:\\\/\\\/miil.dev.almic.ee\\\/lv\\\/pakalpojumi\\\/\"},{\"@type\":\"ListItem\",\"position\":3,\"name\":\"Pieg\u0101des konteineru noma\"}]},{\"@type\":\"WebSite\",\"@id\":\"https:\\\/\\\/miil.dev.almic.ee\\\/#website\",\"url\":\"https:\\\/\\\/miil.dev.almic.ee\\\/\",\"name\":\"Miil O\u00dc\",\"description\":\"Konteinerveod\",\"publisher\":{\"@id\":\"https:\\\/\\\/miil.dev.almic.ee\\\/#organization\"},\"potentialAction\":[{\"@type\":\"SearchAction\",\"target\":{\"@type\":\"EntryPoint\",\"urlTemplate\":\"https:\\\/\\\/miil.dev.almic.ee\\\/?s={search_term_string}\"},\"query-input\":{\"@type\":\"PropertyValueSpecification\",\"valueRequired\":true,\"valueName\":\"search_term_string\"}}],\"inLanguage\":\"lv-LV\"},{\"@type\":\"Organization\",\"@id\":\"https:\\\/\\\/miil.dev.almic.ee\\\/#organization\",\"name\":\"Miil O\u00dc\",\"url\":\"https:\\\/\\\/miil.dev.almic.ee\\\/\",\"logo\":{\"@type\":\"ImageObject\",\"inLanguage\":\"lv-LV\",\"@id\":\"https:\\\/\\\/miil.dev.almic.ee\\\/#\\\/schema\\\/logo\\\/image\\\/\",\"url\":\"https:\\\/\\\/www.miil.ee\\\/wp-content\\\/uploads\\\/2022\\\/02\\\/Miil-logo.svg\",\"contentUrl\":\"https:\\\/\\\/www.miil.ee\\\/wp-content\\\/uploads\\\/2022\\\/02\\\/Miil-logo.svg\",\"width\":\"1024\",\"height\":\"1024\",\"caption\":\"Miil O\u00dc\"},\"image\":{\"@id\":\"https:\\\/\\\/miil.dev.almic.ee\\\/#\\\/schema\\\/logo\\\/image\\\/\"},\"sameAs\":[\"https:\\\/\\\/www.facebook.com\\\/konteinerveod\\\/\",\"https:\\\/\\\/www.instagram.com\\\/ou_miil\\\/\"]}]}<\/script>\n<!-- \/ Yoast SEO Premium plugin. -->","yoast_head_json":{"title":"Pieg\u0101des konteineru noma","description":"Pieg\u0101des konteineru noma | Kravu konteineru noma | Konteineru noma | Refri\u017eeratoru konteineru noma | Miil.ee \u2b50\ufe0f\u2b50\ufe0f\u2b50\ufe0f\u2b50\ufe0f\u2b50\ufe0f","robots":{"index":"index","follow":"follow","max-snippet":"max-snippet:-1","max-image-preview":"max-image-preview:large","max-video-preview":"max-video-preview:-1"},"canonical":"https:\/\/miil.dev.almic.ee\/lv\/pakalpojumi\/piegades-konteineru-noma\/","og_locale":"lv_LV","og_type":"article","og_title":"Pieg\u0101des konteineru noma","og_description":"Pieg\u0101des konteineru noma | Kravu konteineru noma | Konteineru noma | Refri\u017eeratoru konteineru noma | Miil.ee \u2b50\ufe0f\u2b50\ufe0f\u2b50\ufe0f\u2b50\ufe0f\u2b50\ufe0f","og_url":"https:\/\/miil.dev.almic.ee\/lv\/pakalpojumi\/piegades-konteineru-noma\/","og_site_name":"Miil O\u00dc","article_publisher":"https:\/\/www.facebook.com\/konteinerveod\/","article_modified_time":"2025-02-19T08:13:22+00:00","twitter_card":"summary_large_image","twitter_misc":{"Est. reading time":"3 minutes"},"schema":{"@context":"https:\/\/schema.org","@graph":[{"@type":"WebPage","@id":"https:\/\/miil.dev.almic.ee\/lv\/pakalpojumi\/piegades-konteineru-noma\/","url":"https:\/\/miil.dev.almic.ee\/lv\/pakalpojumi\/piegades-konteineru-noma\/","name":"Pieg\u0101des konteineru noma","isPartOf":{"@id":"https:\/\/miil.dev.almic.ee\/#website"},"datePublished":"2025-02-19T08:07:18+00:00","dateModified":"2025-02-19T08:13:22+00:00","description":"Pieg\u0101des konteineru noma | Kravu konteineru noma | Konteineru noma | Refri\u017eeratoru konteineru noma | Miil.ee \u2b50\ufe0f\u2b50\ufe0f\u2b50\ufe0f\u2b50\ufe0f\u2b50\ufe0f","breadcrumb":{"@id":"https:\/\/miil.dev.almic.ee\/lv\/pakalpojumi\/piegades-konteineru-noma\/#breadcrumb"},"inLanguage":"lv-LV","potentialAction":[{"@type":"ReadAction","target":["https:\/\/miil.dev.almic.ee\/lv\/pakalpojumi\/piegades-konteineru-noma\/"]}]},{"@type":"BreadcrumbList","@id":"https:\/\/miil.dev.almic.ee\/lv\/pakalpojumi\/piegades-konteineru-noma\/#breadcrumb","itemListElement":[{"@type":"ListItem","position":1,"name":"Home","item":"https:\/\/miil.dev.almic.ee\/lv\/"},{"@type":"ListItem","position":2,"name":"Pakalpojumi","item":"https:\/\/miil.dev.almic.ee\/lv\/pakalpojumi\/"},{"@type":"ListItem","position":3,"name":"Pieg\u0101des konteineru noma"}]},{"@type":"WebSite","@id":"https:\/\/miil.dev.almic.ee\/#website","url":"https:\/\/miil.dev.almic.ee\/","name":"Miil O\u00dc","description":"Konteinerveod","publisher":{"@id":"https:\/\/miil.dev.almic.ee\/#organization"},"potentialAction":[{"@type":"SearchAction","target":{"@type":"EntryPoint","urlTemplate":"https:\/\/miil.dev.almic.ee\/?s={search_term_string}"},"query-input":{"@type":"PropertyValueSpecification","valueRequired":true,"valueName":"search_term_string"}}],"inLanguage":"lv-LV"},{"@type":"Organization","@id":"https:\/\/miil.dev.almic.ee\/#organization","name":"Miil O\u00dc","url":"https:\/\/miil.dev.almic.ee\/","logo":{"@type":"ImageObject","inLanguage":"lv-LV","@id":"https:\/\/miil.dev.almic.ee\/#\/schema\/logo\/image\/","url":"https:\/\/www.miil.ee\/wp-content\/uploads\/2022\/02\/Miil-logo.svg","contentUrl":"https:\/\/www.miil.ee\/wp-content\/uploads\/2022\/02\/Miil-logo.svg","width":"1024","height":"1024","caption":"Miil O\u00dc"},"image":{"@id":"https:\/\/miil.dev.almic.ee\/#\/schema\/logo\/image\/"},"sameAs":["https:\/\/www.facebook.com\/konteinerveod\/","https:\/\/www.instagram.com\/ou_miil\/"]}]}},"_links":{"self":[{"href":"https:\/\/miil.dev.almic.ee\/lv\/wp-json\/wp\/v2\/pages\/87999","targetHints":{"allow":["GET"]}}],"collection":[{"href":"https:\/\/miil.dev.almic.ee\/lv\/wp-json\/wp\/v2\/pages"}],"about":[{"href":"https:\/\/miil.dev.almic.ee\/lv\/wp-json\/wp\/v2\/types\/page"}],"author":[{"embeddable":true,"href":"https:\/\/miil.dev.almic.ee\/lv\/wp-json\/wp\/v2\/users\/3"}],"replies":[{"embeddable":true,"href":"https:\/\/miil.dev.almic.ee\/lv\/wp-json\/wp\/v2\/comments?post=87999"}],"version-history":[{"count":0,"href":"https:\/\/miil.dev.almic.ee\/lv\/wp-json\/wp\/v2\/pages\/87999\/revisions"}],"up":[{"embeddable":true,"href":"https:\/\/miil.dev.almic.ee\/lv\/wp-json\/wp\/v2\/pages\/1589"}],"wp:attachment":[{"href":"https:\/\/miil.dev.almic.ee\/lv\/wp-json\/wp\/v2\/media?parent=87999"}],"curies":[{"name":"wp","href":"https:\/\/api.w.org\/{rel}","templated":true}]}}