{"id":87983,"date":"2025-02-18T14:47:46","date_gmt":"2025-02-18T12:47:46","guid":{"rendered":"https:\/\/www.miil.ee\/pakalpojumi\/juras-konteineru-reklama\/"},"modified":"2025-02-18T15:24:04","modified_gmt":"2025-02-18T13:24:04","slug":"juras-konteineru-reklama","status":"publish","type":"page","link":"https:\/\/miil.dev.almic.ee\/lv\/pakalpojumi\/juras-konteineru-reklama\/","title":{"rendered":"J\u016bras konteineru rekl\u0101ma"},"content":{"rendered":"<section class=\"l-section wpb_row height_medium\"><div class=\"l-section-h i-cf\"><div class=\"g-cols vc_row via_flex valign_top type_default stacking_default\"><div class=\"vc_col-sm-8 wpb_column vc_column_container\"><div class=\"vc_column-inner\"><div class=\"wpb_wrapper\"><div class=\"wpb_text_column\"><div class=\"wpb_wrapper\"><ul>\n<li>J\u016bras konteineru rekl\u0101ma ir \u0101trs un izdev\u012bgs veids, k\u0101 padar\u012bt j\u016bsu uz\u0146\u0113mumu redzam\u0101ku.<\/li>\n<li>Papildus parastajai j\u016bras konteineru p\u0101rb\u016bvei pied\u0101v\u0101jam ar\u012b iesp\u0113ju nokr\u0101sot, apl\u012bm\u0113t vai apl\u012bm\u0113t ar rekl\u0101m\u0101m Jums piem\u0113rotu konteineru.<\/li>\n<li>J\u016bras konteineru rekl\u0101ma ir iesp\u0113ja ieg\u0101d\u0101ties vai iznom\u0101t konteinerus pie mums.<\/li>\n<\/ul>\n<h2>J\u016bras konteineru rekl\u0101ma, izmantojot m\u016bsu pa\u0161u piem\u0113ru<\/h2>\n<p>Lai gan esam izgatavoju\u0161i rekl\u0101mas konteinerus daudziem liel\u0101kiem un maz\u0101kiem uz\u0146\u0113mumiem, m\u0113s sniedzam piem\u0113ru ar form\u0113tajiem konteineriem.<br \/>\nM\u016bsu konteineri ir balst\u012bti uz liel\u0101kajiem pieejamajiem 45HCPW j\u016bras konteineriem, kas ir lab\u0101k\u0101 st\u0101vokl\u012b par vid\u0113jo.<br \/>\n\u0160ie konteineri ir 13,5 metrus gari, 2,9 metrus augsti un 2,5 metrus plati, un tie ir uzst\u0101d\u012bti no gala l\u012bdz galam ar \u012bpa\u0161iem j\u016bras konteineru stiprin\u0101jumiem.<\/p>\n<p>Rekl\u0101mai izmantot l\u0113t\u0101kos un greiz\u0101kos konteinerus nav labi, jo tas apgr\u016btina visus citus darbus.<br \/>\nT\u0101pat k\u0101 m\u0101ja s\u0101kas ar pamatu, rekl\u0101ma s\u0101kas ar konteineru.<br \/>\nJo taisn\u0101ks ir konteiners, jo viegl\u0101k to kr\u0101sot, l\u012bm\u0113t vai apstr\u0101d\u0101t.<\/p>\n<p>Att\u0113l\u0101 redzamo konteineru reklam\u0113\u0161anai izmantots alum\u012bnija kompoz\u012btmateri\u0101ls, jo tas ir iztur\u012bg\u0101ks par uzl\u012bmi. Redzam\u0101ks un las\u0101m\u0101ks ar\u012b no da\u017e\u0101diem le\u0146\u0137iem.<br \/>\nUzl\u012bme var k\u013c\u016bt gr\u016bti nolas\u0101ma 45 gr\u0101du le\u0146\u0137\u012b, jo konteinera sienas pl\u0101ksne ir profils.<\/p>\n<p>Rekl\u0101mas konteinera izm\u0113rs ir atkar\u012bgs no konkr\u0113t\u0101 klienta vajadz\u012bb\u0101m, uzst\u0101d\u012b\u0161anas vietas, bud\u017eeta un daudz\u0101m cit\u0101m liet\u0101m.<\/p>\n<p>Apskati pla\u0161o konteineru izv\u0113li <a href=\"https:\/\/www.miil.ee\/lv\/e-veikals\/\">e-veikal\u0101 \u0161eit!<\/a><\/p>\n<h2>Kur to var uzst\u0101d\u012bt?<\/h2>\n<p>Rekl\u0101mu var uzst\u0101d\u012bt jebkur, parasti rekl\u0101mas bud\u017eets ir pirms uzst\u0101d\u012b\u0161anas iesp\u0113j\u0101m.<br \/>\nKonteineru esam pac\u0113lu\u0161i virs te\u0101tra \u0113kas vecpils\u0113t\u0101 vai aizvedu\u0161i uz maz\u0101m sali\u0146\u0101m, k\u0101 ar\u012b iek\u013c\u0101vu\u0161i telp\u0101s ar konteinera izm\u0113r\u0101 atveram\u0101m durv\u012bm.<\/p>\n<p>Lai ieg\u016btu prec\u012bzu cenu, varat nos\u016bt\u012bt mums st\u0101stu, kas iepaz\u012bstina ar savu v\u012bziju vai m\u0113r\u0137i uz<span>\u00a0<\/span><a href=\"mailto:info@miil.ee\">info@miil.ee<\/a><span>\u00a0<\/span>un m\u0113s jums izstr\u0101d\u0101sim lab\u0101ko iesp\u0113jamo rekl\u0101mas pied\u0101v\u0101jumu!<\/p>\n<p>Sekojiet mums\u00a0<a href=\"https:\/\/www.facebook.com\/konteinerveod\/\">Facebook<\/a>\u00a0vai\u00a0<a href=\"https:\/\/www.instagram.com\/ou_miil\/\">Instagram<\/a><\/p>\n<\/div><\/div><\/div><\/div><\/div><div class=\"vc_col-sm-4 wpb_column vc_column_container\"><div class=\"vc_column-inner\"><div class=\"wpb_wrapper\"><div class=\"w-gallery fit_cover type_masonry ratio_auto count_8\" style=\"--columns:1;--items-gap:10px;\"><div class=\"w-gallery-list\"><div class=\"w-gallery-item\"><div class=\"w-gallery-item-img\"><img loading=\"lazy\" decoding=\"async\" width=\"1024\" height=\"768\" src=\"https:\/\/miil.dev.almic.ee\/wp-content\/uploads\/2025\/02\/miil.ee-reklaamkont-1024x768.jpg\" class=\"attachment-large size-large\" alt=\"\" srcset=\"https:\/\/miil.dev.almic.ee\/wp-content\/uploads\/2025\/02\/miil.ee-reklaamkont-1024x768.jpg 1024w, https:\/\/miil.dev.almic.ee\/wp-content\/uploads\/2025\/02\/miil.ee-reklaamkont-300x225.jpg 300w, https:\/\/miil.dev.almic.ee\/wp-content\/uploads\/2025\/02\/miil.ee-reklaamkont-600x450.jpg 600w, https:\/\/miil.dev.almic.ee\/wp-content\/uploads\/2025\/02\/miil.ee-reklaamkont-scaled.jpg 1900w\" sizes=\"auto, (max-width: 1024px) 100vw, 1024px\" \/><\/div><\/div><div class=\"w-gallery-item\"><div class=\"w-gallery-item-img\"><img loading=\"lazy\" decoding=\"async\" width=\"1024\" height=\"768\" src=\"https:\/\/miil.dev.almic.ee\/wp-content\/uploads\/2025\/01\/Konteineri-tostmine-1024x768.jpg\" class=\"attachment-large size-large\" alt=\"reklaamkonteiner\" srcset=\"https:\/\/miil.dev.almic.ee\/wp-content\/uploads\/2025\/01\/Konteineri-tostmine-1024x768.jpg 1024w, https:\/\/miil.dev.almic.ee\/wp-content\/uploads\/2025\/01\/Konteineri-tostmine-300x225.jpg 300w, https:\/\/miil.dev.almic.ee\/wp-content\/uploads\/2025\/01\/Konteineri-tostmine-600x450.jpg 600w, https:\/\/miil.dev.almic.ee\/wp-content\/uploads\/2025\/01\/Konteineri-tostmine-scaled.jpg 1900w\" sizes=\"auto, (max-width: 1024px) 100vw, 1024px\" \/><\/div><\/div><div class=\"w-gallery-item\"><div class=\"w-gallery-item-img\"><img loading=\"lazy\" decoding=\"async\" width=\"1024\" height=\"768\" src=\"https:\/\/miil.dev.almic.ee\/wp-content\/uploads\/2024\/11\/reklaamikont-1024x768.jpg\" class=\"attachment-large size-large\" alt=\"\" srcset=\"https:\/\/miil.dev.almic.ee\/wp-content\/uploads\/2024\/11\/reklaamikont-1024x768.jpg 1024w, https:\/\/miil.dev.almic.ee\/wp-content\/uploads\/2024\/11\/reklaamikont-300x225.jpg 300w, https:\/\/miil.dev.almic.ee\/wp-content\/uploads\/2024\/11\/reklaamikont-600x450.jpg 600w, https:\/\/miil.dev.almic.ee\/wp-content\/uploads\/2024\/11\/reklaamikont.jpg 1900w\" sizes=\"auto, (max-width: 1024px) 100vw, 1024px\" \/><\/div><\/div><div class=\"w-gallery-item\"><div class=\"w-gallery-item-img\"><img loading=\"lazy\" decoding=\"async\" width=\"1024\" height=\"768\" src=\"https:\/\/miil.dev.almic.ee\/wp-content\/uploads\/2023\/11\/Reklaam-konteiner-merekonteiner-reklaamiks-tootmine-varvimine-umberehitus-1024x768.jpg\" class=\"attachment-large size-large\" alt=\"\" srcset=\"https:\/\/miil.dev.almic.ee\/wp-content\/uploads\/2023\/11\/Reklaam-konteiner-merekonteiner-reklaamiks-tootmine-varvimine-umberehitus-1024x768.jpg 1024w, https:\/\/miil.dev.almic.ee\/wp-content\/uploads\/2023\/11\/Reklaam-konteiner-merekonteiner-reklaamiks-tootmine-varvimine-umberehitus-300x225.jpg 300w, https:\/\/miil.dev.almic.ee\/wp-content\/uploads\/2023\/11\/Reklaam-konteiner-merekonteiner-reklaamiks-tootmine-varvimine-umberehitus-600x450.jpg 600w, https:\/\/miil.dev.almic.ee\/wp-content\/uploads\/2023\/11\/Reklaam-konteiner-merekonteiner-reklaamiks-tootmine-varvimine-umberehitus-scaled.jpg 1900w\" sizes=\"auto, (max-width: 1024px) 100vw, 1024px\" \/><\/div><\/div><div class=\"w-gallery-item\"><div class=\"w-gallery-item-img\"><img loading=\"lazy\" decoding=\"async\" width=\"1024\" height=\"768\" src=\"https:\/\/miil.dev.almic.ee\/wp-content\/uploads\/2023\/11\/Reklaam-konteiner-merekonteiner-reklaamiks-tootmine-varvimine-umberehitus-reklaamide-paigaldus-2-1024x768.jpg\" class=\"attachment-large size-large\" alt=\"\" srcset=\"https:\/\/miil.dev.almic.ee\/wp-content\/uploads\/2023\/11\/Reklaam-konteiner-merekonteiner-reklaamiks-tootmine-varvimine-umberehitus-reklaamide-paigaldus-2-1024x768.jpg 1024w, https:\/\/miil.dev.almic.ee\/wp-content\/uploads\/2023\/11\/Reklaam-konteiner-merekonteiner-reklaamiks-tootmine-varvimine-umberehitus-reklaamide-paigaldus-2-300x225.jpg 300w, https:\/\/miil.dev.almic.ee\/wp-content\/uploads\/2023\/11\/Reklaam-konteiner-merekonteiner-reklaamiks-tootmine-varvimine-umberehitus-reklaamide-paigaldus-2-600x450.jpg 600w, https:\/\/miil.dev.almic.ee\/wp-content\/uploads\/2023\/11\/Reklaam-konteiner-merekonteiner-reklaamiks-tootmine-varvimine-umberehitus-reklaamide-paigaldus-2-scaled.jpg 1900w\" sizes=\"auto, (max-width: 1024px) 100vw, 1024px\" \/><\/div><\/div><div class=\"w-gallery-item\"><div class=\"w-gallery-item-img\"><img loading=\"lazy\" decoding=\"async\" width=\"1024\" height=\"768\" src=\"https:\/\/miil.dev.almic.ee\/wp-content\/uploads\/2023\/11\/reklaam-konteiner-merekonteiner-konteiner-reklaam-varvimine-paigaldus-saaremaa-hiiumaa-1024x768.jpg\" class=\"attachment-large size-large\" alt=\"\" srcset=\"https:\/\/miil.dev.almic.ee\/wp-content\/uploads\/2023\/11\/reklaam-konteiner-merekonteiner-konteiner-reklaam-varvimine-paigaldus-saaremaa-hiiumaa-1024x768.jpg 1024w, https:\/\/miil.dev.almic.ee\/wp-content\/uploads\/2023\/11\/reklaam-konteiner-merekonteiner-konteiner-reklaam-varvimine-paigaldus-saaremaa-hiiumaa-300x225.jpg 300w, https:\/\/miil.dev.almic.ee\/wp-content\/uploads\/2023\/11\/reklaam-konteiner-merekonteiner-konteiner-reklaam-varvimine-paigaldus-saaremaa-hiiumaa-600x450.jpg 600w, https:\/\/miil.dev.almic.ee\/wp-content\/uploads\/2023\/11\/reklaam-konteiner-merekonteiner-konteiner-reklaam-varvimine-paigaldus-saaremaa-hiiumaa-scaled.jpg 1900w\" sizes=\"auto, (max-width: 1024px) 100vw, 1024px\" \/><\/div><\/div><div class=\"w-gallery-item\"><div class=\"w-gallery-item-img\"><img loading=\"lazy\" decoding=\"async\" width=\"1024\" height=\"768\" src=\"https:\/\/miil.dev.almic.ee\/wp-content\/uploads\/2023\/11\/reklaam-konteiner-merekonteiner-konteiner-reklaam-varvimine-paigaldus-saaremaa-hiiumaa-9-1024x768.jpg\" class=\"attachment-large size-large\" alt=\"\" srcset=\"https:\/\/miil.dev.almic.ee\/wp-content\/uploads\/2023\/11\/reklaam-konteiner-merekonteiner-konteiner-reklaam-varvimine-paigaldus-saaremaa-hiiumaa-9-1024x768.jpg 1024w, https:\/\/miil.dev.almic.ee\/wp-content\/uploads\/2023\/11\/reklaam-konteiner-merekonteiner-konteiner-reklaam-varvimine-paigaldus-saaremaa-hiiumaa-9-300x225.jpg 300w, https:\/\/miil.dev.almic.ee\/wp-content\/uploads\/2023\/11\/reklaam-konteiner-merekonteiner-konteiner-reklaam-varvimine-paigaldus-saaremaa-hiiumaa-9-600x450.jpg 600w, https:\/\/miil.dev.almic.ee\/wp-content\/uploads\/2023\/11\/reklaam-konteiner-merekonteiner-konteiner-reklaam-varvimine-paigaldus-saaremaa-hiiumaa-9-scaled.jpg 1900w\" sizes=\"auto, (max-width: 1024px) 100vw, 1024px\" \/><\/div><\/div><div class=\"w-gallery-item\"><div class=\"w-gallery-item-img\"><img loading=\"lazy\" decoding=\"async\" width=\"1024\" height=\"768\" src=\"https:\/\/miil.dev.almic.ee\/wp-content\/uploads\/2023\/11\/reklaam-konteiner-merekonteiner-konteiner-reklaam-varvimine-paigaldus-saaremaa-hiiumaa-4-1024x768.jpg\" class=\"attachment-large size-large\" alt=\"\" srcset=\"https:\/\/miil.dev.almic.ee\/wp-content\/uploads\/2023\/11\/reklaam-konteiner-merekonteiner-konteiner-reklaam-varvimine-paigaldus-saaremaa-hiiumaa-4-1024x768.jpg 1024w, https:\/\/miil.dev.almic.ee\/wp-content\/uploads\/2023\/11\/reklaam-konteiner-merekonteiner-konteiner-reklaam-varvimine-paigaldus-saaremaa-hiiumaa-4-300x225.jpg 300w, https:\/\/miil.dev.almic.ee\/wp-content\/uploads\/2023\/11\/reklaam-konteiner-merekonteiner-konteiner-reklaam-varvimine-paigaldus-saaremaa-hiiumaa-4-600x450.jpg 600w, https:\/\/miil.dev.almic.ee\/wp-content\/uploads\/2023\/11\/reklaam-konteiner-merekonteiner-konteiner-reklaam-varvimine-paigaldus-saaremaa-hiiumaa-4-scaled.jpg 1900w\" sizes=\"auto, (max-width: 1024px) 100vw, 1024px\" \/><\/div><\/div><\/div><\/div><\/div><\/div><\/div><\/div><\/div><\/section>\n","protected":false},"excerpt":{"rendered":"J\u016bras konteineru rekl\u0101ma ir \u0101trs un izdev\u012bgs veids, k\u0101 padar\u012bt j\u016bsu uz\u0146\u0113mumu redzam\u0101ku. Papildus parastajai j\u016bras konteineru p\u0101rb\u016bvei pied\u0101v\u0101jam ar\u012b iesp\u0113ju nokr\u0101sot, apl\u012bm\u0113t vai apl\u012bm\u0113t ar rekl\u0101m\u0101m Jums piem\u0113rotu konteineru. J\u016bras konteineru rekl\u0101ma ir iesp\u0113ja ieg\u0101d\u0101ties vai iznom\u0101t konteinerus pie mums. J\u016bras konteineru rekl\u0101ma, izmantojot m\u016bsu pa\u0161u piem\u0113ru Lai gan esam izgatavoju\u0161i rekl\u0101mas konteinerus daudziem...","protected":false},"author":3,"featured_media":0,"parent":1589,"menu_order":0,"comment_status":"closed","ping_status":"closed","template":"","meta":{"_acf_changed":false,"footnotes":""},"class_list":["post-87983","page","type-page","status-publish","hentry"],"acf":[],"yoast_head":"<!-- This site is optimized with the Yoast SEO Premium plugin v23.9 (Yoast SEO v27.5) - https:\/\/yoast.com\/product\/yoast-seo-premium-wordpress\/ -->\n<title>J\u016bras konteineru rekl\u0101ma<\/title>\n<meta name=\"description\" content=\"Rekl\u0101ma uz j\u016bras konteinera | J\u016bras konteineru rekl\u0101ma | Rekl\u0101ma | Rekl\u0101mas stendi | Rekl\u0101mas produkts | Rekl\u0101mas ra\u017eo\u0161ana | Miil.ee\" \/>\n<meta name=\"robots\" content=\"index, follow, max-snippet:-1, max-image-preview:large, max-video-preview:-1\" \/>\n<link rel=\"canonical\" href=\"https:\/\/miil.dev.almic.ee\/lv\/pakalpojumi\/juras-konteineru-reklama\/\" \/>\n<meta property=\"og:locale\" content=\"lv_LV\" \/>\n<meta property=\"og:type\" content=\"article\" \/>\n<meta property=\"og:title\" content=\"J\u016bras konteineru rekl\u0101ma\" \/>\n<meta property=\"og:description\" content=\"Rekl\u0101ma uz j\u016bras konteinera | J\u016bras konteineru rekl\u0101ma | Rekl\u0101ma | Rekl\u0101mas stendi | Rekl\u0101mas produkts | Rekl\u0101mas ra\u017eo\u0161ana | Miil.ee\" \/>\n<meta property=\"og:url\" content=\"https:\/\/miil.dev.almic.ee\/lv\/pakalpojumi\/juras-konteineru-reklama\/\" \/>\n<meta property=\"og:site_name\" content=\"Miil O\u00dc\" \/>\n<meta property=\"article:publisher\" content=\"https:\/\/www.facebook.com\/konteinerveod\/\" \/>\n<meta property=\"article:modified_time\" content=\"2025-02-18T13:24:04+00:00\" \/>\n<meta name=\"twitter:card\" content=\"summary_large_image\" \/>\n<meta name=\"twitter:label1\" content=\"Est. reading time\" \/>\n\t<meta name=\"twitter:data1\" content=\"2 minutes\" \/>\n<script type=\"application\/ld+json\" class=\"yoast-schema-graph\">{\"@context\":\"https:\\\/\\\/schema.org\",\"@graph\":[{\"@type\":\"WebPage\",\"@id\":\"https:\\\/\\\/miil.dev.almic.ee\\\/lv\\\/pakalpojumi\\\/juras-konteineru-reklama\\\/\",\"url\":\"https:\\\/\\\/miil.dev.almic.ee\\\/lv\\\/pakalpojumi\\\/juras-konteineru-reklama\\\/\",\"name\":\"J\u016bras konteineru rekl\u0101ma\",\"isPartOf\":{\"@id\":\"https:\\\/\\\/miil.dev.almic.ee\\\/#website\"},\"datePublished\":\"2025-02-18T12:47:46+00:00\",\"dateModified\":\"2025-02-18T13:24:04+00:00\",\"description\":\"Rekl\u0101ma uz j\u016bras konteinera | J\u016bras konteineru rekl\u0101ma | Rekl\u0101ma | Rekl\u0101mas stendi | Rekl\u0101mas produkts | Rekl\u0101mas ra\u017eo\u0161ana | Miil.ee\",\"breadcrumb\":{\"@id\":\"https:\\\/\\\/miil.dev.almic.ee\\\/lv\\\/pakalpojumi\\\/juras-konteineru-reklama\\\/#breadcrumb\"},\"inLanguage\":\"lv-LV\",\"potentialAction\":[{\"@type\":\"ReadAction\",\"target\":[\"https:\\\/\\\/miil.dev.almic.ee\\\/lv\\\/pakalpojumi\\\/juras-konteineru-reklama\\\/\"]}]},{\"@type\":\"BreadcrumbList\",\"@id\":\"https:\\\/\\\/miil.dev.almic.ee\\\/lv\\\/pakalpojumi\\\/juras-konteineru-reklama\\\/#breadcrumb\",\"itemListElement\":[{\"@type\":\"ListItem\",\"position\":1,\"name\":\"Home\",\"item\":\"https:\\\/\\\/miil.dev.almic.ee\\\/lv\\\/\"},{\"@type\":\"ListItem\",\"position\":2,\"name\":\"Pakalpojumi\",\"item\":\"https:\\\/\\\/miil.dev.almic.ee\\\/lv\\\/pakalpojumi\\\/\"},{\"@type\":\"ListItem\",\"position\":3,\"name\":\"J\u016bras konteineru rekl\u0101ma\"}]},{\"@type\":\"WebSite\",\"@id\":\"https:\\\/\\\/miil.dev.almic.ee\\\/#website\",\"url\":\"https:\\\/\\\/miil.dev.almic.ee\\\/\",\"name\":\"Miil O\u00dc\",\"description\":\"Konteinerveod\",\"publisher\":{\"@id\":\"https:\\\/\\\/miil.dev.almic.ee\\\/#organization\"},\"potentialAction\":[{\"@type\":\"SearchAction\",\"target\":{\"@type\":\"EntryPoint\",\"urlTemplate\":\"https:\\\/\\\/miil.dev.almic.ee\\\/?s={search_term_string}\"},\"query-input\":{\"@type\":\"PropertyValueSpecification\",\"valueRequired\":true,\"valueName\":\"search_term_string\"}}],\"inLanguage\":\"lv-LV\"},{\"@type\":\"Organization\",\"@id\":\"https:\\\/\\\/miil.dev.almic.ee\\\/#organization\",\"name\":\"Miil O\u00dc\",\"url\":\"https:\\\/\\\/miil.dev.almic.ee\\\/\",\"logo\":{\"@type\":\"ImageObject\",\"inLanguage\":\"lv-LV\",\"@id\":\"https:\\\/\\\/miil.dev.almic.ee\\\/#\\\/schema\\\/logo\\\/image\\\/\",\"url\":\"https:\\\/\\\/www.miil.ee\\\/wp-content\\\/uploads\\\/2022\\\/02\\\/Miil-logo.svg\",\"contentUrl\":\"https:\\\/\\\/www.miil.ee\\\/wp-content\\\/uploads\\\/2022\\\/02\\\/Miil-logo.svg\",\"width\":\"1024\",\"height\":\"1024\",\"caption\":\"Miil O\u00dc\"},\"image\":{\"@id\":\"https:\\\/\\\/miil.dev.almic.ee\\\/#\\\/schema\\\/logo\\\/image\\\/\"},\"sameAs\":[\"https:\\\/\\\/www.facebook.com\\\/konteinerveod\\\/\",\"https:\\\/\\\/www.instagram.com\\\/ou_miil\\\/\"]}]}<\/script>\n<!-- \/ Yoast SEO Premium plugin. -->","yoast_head_json":{"title":"J\u016bras konteineru rekl\u0101ma","description":"Rekl\u0101ma uz j\u016bras konteinera | J\u016bras konteineru rekl\u0101ma | Rekl\u0101ma | Rekl\u0101mas stendi | Rekl\u0101mas produkts | Rekl\u0101mas ra\u017eo\u0161ana | Miil.ee","robots":{"index":"index","follow":"follow","max-snippet":"max-snippet:-1","max-image-preview":"max-image-preview:large","max-video-preview":"max-video-preview:-1"},"canonical":"https:\/\/miil.dev.almic.ee\/lv\/pakalpojumi\/juras-konteineru-reklama\/","og_locale":"lv_LV","og_type":"article","og_title":"J\u016bras konteineru rekl\u0101ma","og_description":"Rekl\u0101ma uz j\u016bras konteinera | J\u016bras konteineru rekl\u0101ma | Rekl\u0101ma | Rekl\u0101mas stendi | Rekl\u0101mas produkts | Rekl\u0101mas ra\u017eo\u0161ana | Miil.ee","og_url":"https:\/\/miil.dev.almic.ee\/lv\/pakalpojumi\/juras-konteineru-reklama\/","og_site_name":"Miil O\u00dc","article_publisher":"https:\/\/www.facebook.com\/konteinerveod\/","article_modified_time":"2025-02-18T13:24:04+00:00","twitter_card":"summary_large_image","twitter_misc":{"Est. reading time":"2 minutes"},"schema":{"@context":"https:\/\/schema.org","@graph":[{"@type":"WebPage","@id":"https:\/\/miil.dev.almic.ee\/lv\/pakalpojumi\/juras-konteineru-reklama\/","url":"https:\/\/miil.dev.almic.ee\/lv\/pakalpojumi\/juras-konteineru-reklama\/","name":"J\u016bras konteineru rekl\u0101ma","isPartOf":{"@id":"https:\/\/miil.dev.almic.ee\/#website"},"datePublished":"2025-02-18T12:47:46+00:00","dateModified":"2025-02-18T13:24:04+00:00","description":"Rekl\u0101ma uz j\u016bras konteinera | J\u016bras konteineru rekl\u0101ma | Rekl\u0101ma | Rekl\u0101mas stendi | Rekl\u0101mas produkts | Rekl\u0101mas ra\u017eo\u0161ana | Miil.ee","breadcrumb":{"@id":"https:\/\/miil.dev.almic.ee\/lv\/pakalpojumi\/juras-konteineru-reklama\/#breadcrumb"},"inLanguage":"lv-LV","potentialAction":[{"@type":"ReadAction","target":["https:\/\/miil.dev.almic.ee\/lv\/pakalpojumi\/juras-konteineru-reklama\/"]}]},{"@type":"BreadcrumbList","@id":"https:\/\/miil.dev.almic.ee\/lv\/pakalpojumi\/juras-konteineru-reklama\/#breadcrumb","itemListElement":[{"@type":"ListItem","position":1,"name":"Home","item":"https:\/\/miil.dev.almic.ee\/lv\/"},{"@type":"ListItem","position":2,"name":"Pakalpojumi","item":"https:\/\/miil.dev.almic.ee\/lv\/pakalpojumi\/"},{"@type":"ListItem","position":3,"name":"J\u016bras konteineru rekl\u0101ma"}]},{"@type":"WebSite","@id":"https:\/\/miil.dev.almic.ee\/#website","url":"https:\/\/miil.dev.almic.ee\/","name":"Miil O\u00dc","description":"Konteinerveod","publisher":{"@id":"https:\/\/miil.dev.almic.ee\/#organization"},"potentialAction":[{"@type":"SearchAction","target":{"@type":"EntryPoint","urlTemplate":"https:\/\/miil.dev.almic.ee\/?s={search_term_string}"},"query-input":{"@type":"PropertyValueSpecification","valueRequired":true,"valueName":"search_term_string"}}],"inLanguage":"lv-LV"},{"@type":"Organization","@id":"https:\/\/miil.dev.almic.ee\/#organization","name":"Miil O\u00dc","url":"https:\/\/miil.dev.almic.ee\/","logo":{"@type":"ImageObject","inLanguage":"lv-LV","@id":"https:\/\/miil.dev.almic.ee\/#\/schema\/logo\/image\/","url":"https:\/\/www.miil.ee\/wp-content\/uploads\/2022\/02\/Miil-logo.svg","contentUrl":"https:\/\/www.miil.ee\/wp-content\/uploads\/2022\/02\/Miil-logo.svg","width":"1024","height":"1024","caption":"Miil O\u00dc"},"image":{"@id":"https:\/\/miil.dev.almic.ee\/#\/schema\/logo\/image\/"},"sameAs":["https:\/\/www.facebook.com\/konteinerveod\/","https:\/\/www.instagram.com\/ou_miil\/"]}]}},"_links":{"self":[{"href":"https:\/\/miil.dev.almic.ee\/lv\/wp-json\/wp\/v2\/pages\/87983","targetHints":{"allow":["GET"]}}],"collection":[{"href":"https:\/\/miil.dev.almic.ee\/lv\/wp-json\/wp\/v2\/pages"}],"about":[{"href":"https:\/\/miil.dev.almic.ee\/lv\/wp-json\/wp\/v2\/types\/page"}],"author":[{"embeddable":true,"href":"https:\/\/miil.dev.almic.ee\/lv\/wp-json\/wp\/v2\/users\/3"}],"replies":[{"embeddable":true,"href":"https:\/\/miil.dev.almic.ee\/lv\/wp-json\/wp\/v2\/comments?post=87983"}],"version-history":[{"count":0,"href":"https:\/\/miil.dev.almic.ee\/lv\/wp-json\/wp\/v2\/pages\/87983\/revisions"}],"up":[{"embeddable":true,"href":"https:\/\/miil.dev.almic.ee\/lv\/wp-json\/wp\/v2\/pages\/1589"}],"wp:attachment":[{"href":"https:\/\/miil.dev.almic.ee\/lv\/wp-json\/wp\/v2\/media?parent=87983"}],"curies":[{"name":"wp","href":"https:\/\/api.w.org\/{rel}","templated":true}]}}