{"id":1438,"date":"2022-04-11T21:31:03","date_gmt":"2022-04-11T18:31:03","guid":{"rendered":"https:\/\/www.miil.ee\/avaleht\/"},"modified":"2024-08-16T12:41:55","modified_gmt":"2024-08-16T09:41:55","slug":"avaleht","status":"publish","type":"page","link":"https:\/\/miil.dev.almic.ee\/lv\/","title":{"rendered":"S\u0101kums"},"content":{"rendered":"<section class=\"l-section wpb_row hero-section height_medium with_img\"><div class=\"l-section-img\" role=\"img\" data-img-width=\"1900\" data-img-height=\"794\" style=\"background-image: url(https:\/\/miil.dev.almic.ee\/wp-content\/uploads\/2022\/05\/Miil-scaled.jpg);background-repeat: no-repeat;\"><\/div><div class=\"l-section-h i-cf\"><div class=\"g-cols vc_row via_flex valign_top type_default stacking_default\"><div class=\"vc_col-sm-12 wpb_column vc_column_container\"><div class=\"vc_column-inner\"><div class=\"wpb_wrapper\"><div class=\"wpb_text_column\"><div class=\"wpb_wrapper\"><h1>Efekt\u012bv\u0101kais konteineru p\u0101rvad\u0101jumu un autotransporta uz\u0146\u0113mums Igaunij\u0101<\/h1>\n<\/div><\/div><div class=\"w-hwrapper valign_top wrap align_left\"><div class=\"w-counter color_primary align_left\" data-duration=\"0\"><div class=\"w-counter-value\"><span class=\"w-counter-value-part type_text\" data-final=\"\"><\/span><span class=\"w-counter-value-part type_number\" data-final=\"30\">1<\/span><span class=\"w-counter-value-part type_text\" data-final=\"+\"><\/span><\/div><p class=\"w-counter-title\">Gadu pieredze<\/p><\/div><div class=\"w-counter color_secondary align_left\" data-duration=\"0.8\"><div class=\"w-counter-value\"><span class=\"w-counter-value-part type_text\" data-final=\"\"><\/span><span class=\"w-counter-value-part type_number\" data-final=\"8\">1<\/span><span class=\"w-counter-value-part type_text\" data-final=\"+\"><\/span><\/div><p class=\"w-counter-title\">Da\u017e\u0101d\u0101s valst\u012bs<\/p><\/div><div class=\"w-counter color_secondary align_left\" data-duration=\"0.8\"><div class=\"w-counter-value\"><span class=\"w-counter-value-part type_text\" data-final=\"\"><\/span><span class=\"w-counter-value-part type_number\" data-final=\"500\">1<\/span><span class=\"w-counter-value-part type_text\" data-final=\"+\"><\/span><\/div><p class=\"w-counter-title\">Konteineri noliktav\u0101<\/p><\/div><\/div><div class=\"g-cols wpb_row via_flex valign_top type_boxes stacking_default\"><div class=\"vc_col-sm-4 wpb_column vc_column_container merekonteinerid has-link\"><div class=\"vc_column-inner\"><div class=\"wpb_wrapper\"><h3 class=\"w-text\"><span class=\"w-text-h\"><span class=\"w-text-value\">J\u016bras konteineri p\u0101rdo\u0161an\u0101<\/span><\/span><\/h3><\/div><\/div><a title=\"J\u016bras konteineri p\u0101rdo\u0161an\u0101\" href=\"https:\/\/www.miil.ee\/lv\/e-veikals\/\" class=\"vc_column-link smooth-scroll\"><\/a><\/div><div class=\"vc_col-sm-4 wpb_column vc_column_container sideloaderid has-link\"><div class=\"vc_column-inner\"><div class=\"wpb_wrapper\"><h3 class=\"w-text\"><span class=\"w-text-h\"><span class=\"w-text-value\">S\u0101nu iekr\u0101v\u0113ji (sideloaders)<\/span><\/span><\/h3><\/div><\/div><a title=\"S\u0101nu iekr\u0101v\u0113ji (sideloaders)\" href=\"https:\/\/www.miil.ee\/lv\/pakalpojumi\/sanu-iekraveji-sideloader\/\" class=\"vc_column-link smooth-scroll\"><\/a><\/div><div class=\"vc_col-sm-4 wpb_column vc_column_container backloaderid has-link\"><div class=\"vc_column-inner\"><div class=\"wpb_wrapper\"><h3 class=\"w-text\"><span class=\"w-text-h\"><span class=\"w-text-value\">Konteineru pa\u0161izg\u0101z\u0113ji (backloaders)<\/span><\/span><\/h3><\/div><\/div><a title=\"Konteineru pa\u0161izg\u0101z\u0113ji (backloaders)\" href=\"https:\/\/www.miil.ee\/lv\/pakalpojumi\/backloaders\/\" class=\"vc_column-link smooth-scroll\"><\/a><\/div><\/div><div class=\"g-cols wpb_row via_flex valign_top type_boxes stacking_default\"><div class=\"vc_col-sm-4 wpb_column vc_column_container kraana has-link\"><div class=\"vc_column-inner\"><div class=\"wpb_wrapper\"><h3 class=\"w-text\"><span class=\"w-text-h\"><span class=\"w-text-value\">Celtnis<\/span><\/span><\/h3><\/div><\/div><a title=\"Celtnis\" href=\"https:\/\/www.miil.ee\/lv\/pakalpojumi\/celtnis\/\" class=\"vc_column-link smooth-scroll\"><\/a><\/div><div class=\"vc_col-sm-4 wpb_column vc_column_container ylegabariit has-link\"><div class=\"vc_column-inner\"><div class=\"wpb_wrapper\"><h3 class=\"w-text\"><span class=\"w-text-h\"><span class=\"w-text-value\">Negabar\u012bta<\/span><\/span><\/h3><\/div><\/div><a title=\"Negabar\u012bta\" href=\"https:\/\/www.miil.ee\/lv\/pakalpojumi\/negabarita-kravas\/\" class=\"vc_column-link smooth-scroll\"><\/a><\/div><div class=\"vc_col-sm-4 wpb_column vc_column_container konteinerite-kutmine has-link\"><div class=\"vc_column-inner\"><div class=\"wpb_wrapper\"><h3 class=\"w-text\"><span class=\"w-text-h\"><span class=\"w-text-value\">Termin\u0101\u013ca pakalpojums<\/span><\/span><\/h3><\/div><\/div><a title=\"Termin\u0101\u013ca pakalpojums\" href=\"https:\/\/www.miil.ee\/lv\/pakalpojumi\/konteineru-apkure\/\" class=\"vc_column-link smooth-scroll\"><\/a><\/div><\/div><\/div><\/div><\/div><\/div><\/div><\/section><section class=\"l-section wpb_row below-hero height_medium\"><div class=\"l-section-overlay\" style=\"background:#F1F5FB\"><\/div><div class=\"l-section-h i-cf\"><div class=\"g-cols vc_row via_flex valign_top type_default stacking_default\"><div class=\"vc_col-sm-6 wpb_column vc_column_container\"><div class=\"vc_column-inner\"><div class=\"wpb_wrapper\"><div class=\"wpb_text_column\"><div class=\"wpb_wrapper\"><h2>Efekt\u012bv\u0101kais un \u0101tr\u0101kais konteineru p\u0101rvad\u0101jumu un autotransporta uz\u0146\u0113mums Igaunij\u0101.<\/h2>\n<p>O\u00dc \u201cMiil\u201d transporta pakalpojumu snieg\u0161anu uzs\u0101ka 1990. gad\u0101.<\/p>\n<p>Pirmie j\u016bras konteineri tika nos\u016bt\u012bti 1991. gad\u0101. Galvenie virzieni laika posm\u0101 no 1991. l\u012bdz 1996. gadam bija Krievija, Baltkrievija un Ukraina. Kop\u0161 1996. gada galvenie virzieni ir Igaunija, Latvija, Lietuva, Somija un Zviedrija. Ja nepiecie\u0161ams, nodro\u0161in\u0101m transportu ar\u012b citur Eirop\u0101.<\/p>\n<p>O\u00dc \u201cMiil\u201d, kas transporta tirg\u016b darbojas jau vair\u0101k nek\u0101 30 gadus, ir efekt\u012bv\u0101kais un \u0101tr\u0101kais konteineru p\u0101rvad\u0101jumu uz\u0146\u0113mums Igaunij\u0101.<\/p>\n<p>Papildus transporta pakalpojumiem uz\u0146\u0113muma darb\u012bbas jomas ir ar\u012b:<\/p>\n<p>* J\u016bras konteineru p\u0101rdo\u0161ana<br \/>\n* J\u016bras konteineru noma<br \/>\n* Noliktavas konteineru p\u0101rdo\u0161ana<br \/>\n* Vagoni\u0146u p\u0101rdo\u0161ana<br \/>\n* Sk\u0101rda konteineru p\u0101rdo\u0161ana<br \/>\n* Refri\u017eeratoru konteineru p\u0101rdo\u0161ana<br \/>\n* Refri\u017eeratoru konteineru noma<\/p>\n<p>Ikdien\u0101 parasti pie mums noliktav\u0101 pieejams vair\u0101k nek\u0101 200 j\u016bras konteineru vien\u012bbu. Vagoni\u0146us var p\u0101rdot uz vietas gatav\u0101 veid\u0101, un, ja nepiecie\u0161ams, da\u017eu dienu laik\u0101 samont\u0113sim modu\u013cu vagoni\u0146u atbilsto\u0161i klienta v\u0113lm\u0113m. P\u0101rdoto j\u016bras konteineru vai vagoni\u0146u \u0101tri un kvalitat\u012bvi transport\u0113jam uz klienta teritoriju ar augstas kvalit\u0101tes apr\u012bkojumu konteineru p\u0101rvad\u0101\u0161anai.<\/p>\n<\/div><\/div><\/div><\/div><\/div><div class=\"vc_col-sm-6 wpb_column vc_column_container frontpage-map\"><div class=\"vc_column-inner\"><div class=\"wpb_wrapper\"><div class=\"wpb_text_column\"><div class=\"wpb_wrapper\"><h2>Noliktavas: P\u0101rdo\u0161ana, \u012bre, transports<\/h2>\n<p>Noklik\u0161\u0137iniet uz ikonas, lai redz\u0113tu adresi un Google Maps\/Waze nor\u0101des.<\/p>\n<\/div><\/div><div class=\"w-map provider_google\" id=\"us_map_1\"><div class=\"w-map-inner\"><div class=\"w-map-json\" onclick='return {&quot;address&quot;:&quot;Valtsi 1, Lagedi, Estonia&quot;,&quot;disableDragging&quot;:0,&quot;disableZoom&quot;:1,&quot;hideControls&quot;:0,&quot;zoom&quot;:6,&quot;markers&quot;:[{&quot;address&quot;:&quot;Valtsi 1, Lagedi, Estonia&quot;,&quot;html&quot;:&quot;Miil O\\u00dc Tallinn (p\\u0101rdo\\u0161ana, transports)\\r\\n&lt;br&gt;\\r\\nValtsi 1, Lagedi\\r\\n&lt;br&gt;\\r\\n&lt;a href=\\&quot;https:\\\/\\\/www.google.com\\\/maps\\\/dir\\\/\\\/miil+o\\u00fc\\\/data=!4m6!4m5!1m1!4e2!1m2!1m1!1s0x4692ec90bd65903b:0xda69e1c75512f895?sa=X&amp;ved=2ahUKEwiQ2-mdldr3AhXulYsKHVUsCNEQ9Rd6BAg4EAU\\&quot; target=\\&quot;_blank\\&quot; tabindex=\\&quot;0\\&quot;&gt;Google Maps nor\\u0101d\\u012bjumi&lt;\\\/a&gt;\\r\\n&lt;br&gt;\\r\\n&lt;a href=\\&quot;https:\\\/\\\/www.waze.com\\\/live-map\\\/directions\\\/ou-miil-valtsi-1-lagedi?to=place.w.16319058.163321652.17906223\\&quot; target=\\&quot;_blank\\&quot;&gt;Waze nor\\u0101d\\u012bjumi&lt;\\\/a&gt;&quot;,&quot;infowindow&quot;:0},{&quot;address&quot;:&quot;59.34260635556479, 26.37945582172242&quot;,&quot;html&quot;:&quot;Miil O\\u00dc Rakvere (\\u012bre, p\\u0101rdo\\u0161ana, transports)\\r\\n&lt;br&gt;\\r\\nV\\u00f5idu 101, Rakvere\\r\\n&lt;br&gt;\\r\\n&lt;a href=\\&quot;https:\\\/\\\/goo.gl\\\/maps\\\/QrvJE2ZUQhqnNQct9\\&quot; target=\\&quot;_blank\\&quot;&gt;Google Maps nor\\u0101d\\u012bjumi&lt;\\\/a&gt;\\r\\n&lt;br&gt;\\r\\n&lt;a href=\\&quot;https:\\\/\\\/www.waze.com\\\/en\\\/live-map\\\/directions?latlng=59.34260635556479%2C26.37945582172242\\&quot; target=\\&quot;_blank\\&quot;&gt;Waze nor\\u0101d\\u012bjumi&lt;\\\/a&gt;&quot;,&quot;marker_img&quot;:false,&quot;marker_size&quot;:[&quot;30&quot;,&quot;30&quot;]},{&quot;address&quot;:&quot;58.346443928895404, 26.733377557566712&quot;,&quot;html&quot;:&quot;Miil O\\u00dc Tartu (\\u012bre, p\\u0101rdo\\u0161ana, transports)\\r\\n&lt;br&gt;\\r\\nT\\u00e4he 114c, Tartu\\r\\n&lt;br&gt;\\r\\n&lt;a href=\\&quot;https:\\\/\\\/goo.gl\\\/maps\\\/b81cA9ipwCXgh4J26\\&quot; target=\\&quot;_blank\\&quot;&gt;Google Maps nor\\u0101d\\u012bjumi&lt;\\\/a&gt;\\r\\n&lt;br&gt;\\r\\n&lt;a href=\\&quot;https:\\\/\\\/www.waze.com\\\/en\\\/live-map\\\/directions?latlng=58.346443928895404%2C26.733377557566712\\&quot; target=\\&quot;_blank\\&quot;&gt;Waze nor\\u0101d\\u012bjumi&lt;\\\/a&gt;&quot;,&quot;marker_img&quot;:false,&quot;marker_size&quot;:[&quot;30&quot;,&quot;30&quot;]},{&quot;address&quot;:&quot;59.31807793655691, 24.40269412865848&quot;,&quot;html&quot;:&quot;Miil O\\u00dc Keila (\\u012bre)\\r\\n&lt;br&gt;\\r\\nPaldiski mnt 35, Keila\\r\\n&lt;br&gt;\\r\\n&lt;a href=\\&quot;https:\\\/\\\/goo.gl\\\/maps\\\/pwxQ7dw7whJZEkqt5\\&quot; target=\\&quot;_blank\\&quot;&gt;Google Maps nor\\u0101d\\u012bjumi&lt;\\\/a&gt;\\r\\n&lt;br&gt;\\r\\n&lt;a href=\\&quot;https:\\\/\\\/www.waze.com\\\/en\\\/live-map\\\/directions?latlng=59.31807793655691%2C24.40269412865848\\&quot; target=\\&quot;_blank\\&quot;&gt;Waze nor\\u0101d\\u012bjumi&lt;\\\/a&gt;&quot;,&quot;marker_img&quot;:false,&quot;marker_size&quot;:[&quot;30&quot;,&quot;30&quot;]},{&quot;address&quot;:&quot;58.435964713693636, 24.520472824473885&quot;,&quot;html&quot;:&quot;Miil O\\u00dc P\\u00e4rnu (\\u012bre, p\\u0101rdo\\u0161ana, transports)\\r\\n&lt;br&gt;\\r\\nSelja tee 18, Kilksama k\\u00fcla, Tori vald\\r\\n&lt;br&gt;\\r\\n&lt;a href=\\&quot;https:\\\/\\\/goo.gl\\\/maps\\\/97wAGxdiA7hwnR3b9\\&quot; target=\\&quot;_blank\\&quot;&gt;Google Maps nor\\u0101d\\u012bjumi&lt;\\\/a&gt;\\r\\n&lt;br&gt;\\r\\n&lt;a href=\\&quot;https:\\\/\\\/www.waze.com\\\/en\\\/live-map\\\/directions?latlng=58.435964713693636%2C24.520472824473885\\&quot; target=\\&quot;_blank\\&quot;&gt;Waze nor\\u0101d\\u012bjumi&lt;\\\/a&gt;&quot;,&quot;marker_img&quot;:false,&quot;marker_size&quot;:[&quot;30&quot;,&quot;30&quot;]},{&quot;address&quot;:&quot;58.360286088698935, 25.576633856354444&quot;,&quot;html&quot;:&quot;Miil O\\u00dc Viljandi (\\u012bre, p\\u0101rdo\\u0161ana, transports)\\r\\n&lt;br&gt;\\r\\nVaksali, Viljandi\\r\\n&lt;br&gt;\\r\\n&lt;a href=\\&quot;https:\\\/\\\/goo.gl\\\/maps\\\/n4pUTUkN9tu64XvK8\\&quot; target=\\&quot;_blank\\&quot;&gt;Google Maps nor\\u0101d\\u012bjumi&lt;\\\/a&gt;\\r\\n&lt;br&gt;\\r\\n&lt;a href=\\&quot;https:\\\/\\\/www.waze.com\\\/en\\\/live-map\\\/directions?latlng=58.360286088698935%2C25.576633856354444\\&quot; target=\\&quot;_blank\\&quot;&gt;Waze nor\\u0101d\\u012bjumi&lt;\\\/a&gt;&quot;,&quot;marker_img&quot;:false,&quot;marker_size&quot;:[&quot;30&quot;,&quot;30&quot;]},{&quot;address&quot;:&quot;56.89393636902366, 24.22230169979602&quot;,&quot;html&quot;:&quot;MIIL SIA R\\u012bga (\\u012bre, p\\u0101rdo\\u0161ana, transports)\\r\\n&lt;br&gt;\\r\\nKrustpils Iela 68, R\\u012bga, Latvija\\r\\n&lt;br&gt;\\r\\n&lt;a href=\\&quot;https:\\\/\\\/goo.gl\\\/maps\\\/5Gqxj1WiJxXvAcTt8\\&quot; target=\\&quot;_blank\\&quot;&gt;Google Maps nor\\u0101d\\u012bjumi&lt;\\\/a&gt;\\r\\n&lt;br&gt;\\r\\n&lt;a href=\\&quot;https:\\\/\\\/www.waze.com\\\/en\\\/live-map\\\/directions?latlng=56.89393636902366%2C24.22230169979602\\&quot; target=\\&quot;_blank\\&quot;&gt;Waze nor\\u0101d\\u012bjumi&lt;\\\/a&gt;&quot;,&quot;marker_img&quot;:false,&quot;marker_size&quot;:[&quot;30&quot;,&quot;30&quot;]},{&quot;address&quot;:&quot;58.601901, 23.197599 &quot;,&quot;html&quot;:&quot;Miil O\\u00dc (\\u012bre, p\\u0101rdo\\u0161ana, transports)\\r\\n&lt;br&gt;\\r\\nMuhu\\r\\n&lt;br&gt;\\r\\n&lt;a href=\\&quot;https:\\\/\\\/goo.gl\\\/maps\\\/CEHXKc29LB9X2RTB7\\&quot; target=\\&quot;_blank\\&quot;&gt;Google Maps nor\\u0101d\\u012bjumi&lt;\\\/a&gt;\\r\\n&lt;br&gt;\\r\\n&lt;a href=\\&quot;https:\\\/\\\/www.waze.com\\\/en\\\/live-map\\\/directions?latlng=58.601901%2C23.197599\\&quot; target=\\&quot;_blank\\&quot;&gt;Waze nor\\u0101d\\u012bjumi&lt;\\\/a&gt;&quot;,&quot;marker_img&quot;:false,&quot;marker_size&quot;:[&quot;30&quot;,&quot;30&quot;]}],&quot;maptype&quot;:&quot;ROADMAP&quot;}'><\/div><\/div><\/div><\/div><\/div><\/div><\/div><\/div><\/section><section class=\"l-section wpb_row frontpage-map height_medium\"><div class=\"l-section-overlay\" style=\"background:#F1F5FB\"><\/div><div class=\"l-section-h i-cf\"><div class=\"g-cols vc_row via_flex valign_top type_default stacking_default\"><div class=\"vc_col-sm-12 wpb_column vc_column_container\"><div class=\"vc_column-inner\"><div class=\"wpb_wrapper\"><\/div><\/div><\/div><\/div><\/div><\/section><section class=\"l-section wpb_row video-section height_medium\"><div class=\"l-section-overlay\" style=\"background:#022B69\"><\/div><div class=\"l-section-h i-cf\"><div class=\"g-cols vc_row via_flex valign_top type_default stacking_default\"><div class=\"vc_col-sm-12 wpb_column vc_column_container\"><div class=\"vc_column-inner\"><div class=\"wpb_wrapper\"><div class=\"w-video align_none ratio_16x9 with_overlay has_iframe\" style=\"background-image:url(https:\/\/miil.dev.almic.ee\/wp-content\/uploads\/2022\/02\/Miil-konteinerveod-video-overlay-scaled.jpg);\" onclick=\"return {&quot;player_id&quot;:&quot;youtube-i2f0&quot;,&quot;player_api&quot;:&quot;\\\/\\\/www.youtube.com\\\/player_api&quot;,&quot;player_html&quot;:&quot;&lt;div id=\\&quot;youtube-i2f0\\&quot;&gt;&lt;\\\/div&gt;&lt;script&gt;\\r\\n\\t\\t\\twindow.USYTPlayers = ( window.USYTPlayers || { initYTFunctions: [], optionsYT: [], USYTInited: false } );\\r\\n\\t\\t\\twindow.USYTPlayers.optionsYT.push( {\\r\\n\\t\\t\\t\\tplayerID: \\&quot;youtube-i2f0\\&quot;,\\r\\n\\t\\t\\t\\tvideoID: \\&quot;hlDgQL2OTjw\\&quot;,\\r\\n\\t\\t\\t\\tplayerVars: {\\&quot;autoplay\\&quot;:1,\\&quot;controls\\&quot;:1,\\&quot;origin\\&quot;:\\&quot;https:\\\\\\\/\\\\\\\/miil.dev.almic.ee\\\\\\\/lv\\\\\\\/\\&quot;,\\&quot;loop\\&quot;:0,\\&quot;mute\\&quot;:0,\\&quot;playlist\\&quot;:\\&quot;hlDgQL2OTjw\\&quot;}\\r\\n\\t\\t\\t} );\\r\\n\\t\\t\\tif ( window.USYTPlayers.USYTInited === false ) {\\r\\n\\t\\t\\t\\t\\\/\\\/ Trying to override other possible WP YT API calls if our element is used\\r\\n\\t\\t\\t\\twindow.USYTPlayers.USYTInited = true;\\r\\n\\r\\n\\t\\t\\t\\twindow.onYouTubePlayerAPIReady = function() {\\r\\n\\t\\t\\t\\t\\tfor ( var i in window.USYTPlayers.optionsYT ) {\\r\\n\\t\\t\\t\\t\\t\\tvar _playerParams = window.USYTPlayers.optionsYT[ i ];\\r\\n\\t\\t\\t\\t\\t\\t$us.YTPlayers[ _playerParams.playerID ] = new YT.Player( _playerParams.playerID, {\\r\\n\\t\\t\\t\\t\\t\\t\\tvideoId: _playerParams.videoID,\\r\\n\\t\\t\\t\\t\\t\\t\\tplayerVars: _playerParams.playerVars\\r\\n\\t\\t\\t\\t\\t\\t} );\\r\\n\\t\\t\\t\\t\\t}\\r\\n\\t\\t\\t\\t}\\r\\n\\t\\t\\t}\\r\\n\\t\\t\\tif ( !!window.YT ) {\\r\\n\\t\\t\\t\\t$us.YTPlayers[\\&quot;youtube-i2f0\\&quot;] = new YT.Player( \\&quot;youtube-i2f0\\&quot;, {\\r\\n\\t\\t\\t\\t\\tvideoId: \\&quot;hlDgQL2OTjw\\&quot;,\\r\\n\\t\\t\\t\\t\\tplayerVars: {\\&quot;autoplay\\&quot;:1,\\&quot;controls\\&quot;:1,\\&quot;origin\\&quot;:\\&quot;https:\\\\\\\/\\\\\\\/miil.dev.almic.ee\\\\\\\/lv\\\\\\\/\\&quot;,\\&quot;loop\\&quot;:0,\\&quot;mute\\&quot;:0,\\&quot;playlist\\&quot;:\\&quot;hlDgQL2OTjw\\&quot;}\\r\\n\\t\\t\\t\\t} );\\r\\n\\t\\t\\t}\\r\\n\\t\\t&lt;\\\/script&gt;&quot;}\"><div class=\"w-video-h\"><\/div><div class=\"w-video-icon\" style=\"font-size:1.5rem;background:#0E63F5;color:#ffffff\"><\/div><\/div><\/div><\/div><\/div><\/div><\/div><\/section><section class=\"l-section wpb_row logos-section height_medium\"><div class=\"l-section-overlay\" style=\"background:#F1F5FB\"><\/div><div class=\"l-section-h i-cf\"><div class=\"g-cols vc_row via_flex valign_top type_default stacking_default\"><div class=\"vc_col-sm-12 wpb_column vc_column_container\"><div class=\"vc_column-inner\"><div class=\"wpb_wrapper\"><div class=\"wpb_text_column\"><div class=\"wpb_wrapper\"><h3 style=\"text-align: center;\">M\u016bsu pakalpojumus izmanto vair\u0101k nek\u0101 <strong>1000+<\/strong> uzticamu klientu vis\u0101 pasaul\u0113<\/h3>\n<\/div><\/div><div class=\"g-cols wpb_row us_custom_a395411c cta via_flex valign_middle type_default stacking_default\"><div class=\"vc_col-sm-3 wpb_column vc_column_container\"><div class=\"vc_column-inner\"><div class=\"wpb_wrapper\"><div class=\"w-image align_none\"><div class=\"w-image-h\"><img decoding=\"async\" width=\"300\" height=\"300\" src=\"https:\/\/miil.dev.almic.ee\/wp-content\/uploads\/2022\/02\/transportvedu.svg\" class=\"attachment-medium size-medium\" alt=\"\" loading=\"lazy\" \/><\/div><\/div><\/div><\/div><\/div><div class=\"vc_col-sm-6 wpb_column vc_column_container\"><div class=\"vc_column-inner\"><div class=\"wpb_wrapper\"><div class=\"wpb_text_column\"><div class=\"wpb_wrapper\"><h2>Sa\u0146emiet pied\u0101v\u0101jumu konteineru p\u0101rvad\u0101jumiem no m\u016bsu speci\u0101lista!<\/h2>\n<\/div><\/div><\/div><\/div><\/div><div class=\"vc_col-sm-3 wpb_column vc_column_container\"><div class=\"vc_column-inner\"><div class=\"wpb_wrapper\"><div class=\"w-btn-wrapper align_none\"><a class=\"w-btn us-btn-style_1\" title=\"Cenas piepras\u012bjums\" href=\"https:\/\/www.miil.ee\/lv\/cenu-pieprasijums\/\"><span class=\"w-btn-label\">Sa\u0146emt pied\u0101v\u0101jumu<\/span><\/a><\/div><\/div><\/div><\/div><\/div><\/div><\/div><\/div><\/div><\/div><\/section>\n","protected":false},"excerpt":{"rendered":"Efekt\u012bv\u0101kais konteineru p\u0101rvad\u0101jumu un autotransporta uz\u0146\u0113mums Igaunij\u0101 1Gadu pieredze1Da\u017e\u0101d\u0101s valst\u012bs1Konteineri noliktav\u0101J\u016bras konteineri p\u0101rdo\u0161an\u0101S\u0101nu iekr\u0101v\u0113ji (sideloaders)Konteineru pa\u0161izg\u0101z\u0113ji (backloaders)CeltnisNegabar\u012btaTermin\u0101\u013ca pakalpojumsEfekt\u012bv\u0101kais un \u0101tr\u0101kais konteineru p\u0101rvad\u0101jumu un autotransporta uz\u0146\u0113mums Igaunij\u0101. O\u00dc \u201cMiil\u201d transporta pakalpojumu snieg\u0161anu uzs\u0101ka 1990. gad\u0101. Pirmie j\u016bras konteineri tika nos\u016bt\u012bti 1991. gad\u0101. Galvenie virzieni laika posm\u0101 no 1991. l\u012bdz 1996. gadam bija Krievija, Baltkrievija un Ukraina....","protected":false},"author":1,"featured_media":0,"parent":0,"menu_order":0,"comment_status":"closed","ping_status":"closed","template":"","meta":{"_acf_changed":false,"footnotes":""},"class_list":["post-1438","page","type-page","status-publish","hentry"],"acf":[],"yoast_head":"<!-- This site is optimized with the Yoast SEO Premium plugin v23.9 (Yoast SEO v27.5) - https:\/\/yoast.com\/product\/yoast-seo-premium-wordpress\/ -->\n<title>S\u0101kums - Miil O\u00dc<\/title>\n<meta name=\"description\" content=\"J\u016bras konteineru tirdzniec\u012bba | J\u016bras konteineru noma | Sild\u012bt\u0101ju tirdzniec\u012bba | J\u016bras konteineru p\u0101rvad\u0101jumi\" \/>\n<meta name=\"robots\" content=\"index, follow, max-snippet:-1, max-image-preview:large, max-video-preview:-1\" \/>\n<link rel=\"canonical\" href=\"https:\/\/miil.dev.almic.ee\/lv\/\" \/>\n<meta property=\"og:locale\" content=\"lv_LV\" \/>\n<meta property=\"og:type\" content=\"article\" \/>\n<meta property=\"og:title\" content=\"S\u0101kums\" \/>\n<meta property=\"og:description\" content=\"J\u016bras konteineru tirdzniec\u012bba | J\u016bras konteineru noma | Sild\u012bt\u0101ju tirdzniec\u012bba | J\u016bras konteineru p\u0101rvad\u0101jumi\" \/>\n<meta property=\"og:url\" content=\"https:\/\/miil.dev.almic.ee\/lv\/\" \/>\n<meta property=\"og:site_name\" content=\"Miil O\u00dc\" \/>\n<meta property=\"article:publisher\" content=\"https:\/\/www.facebook.com\/konteinerveod\/\" \/>\n<meta property=\"article:modified_time\" content=\"2024-08-16T09:41:55+00:00\" \/>\n<meta name=\"twitter:card\" content=\"summary_large_image\" \/>\n<meta name=\"twitter:label1\" content=\"Est. reading time\" \/>\n\t<meta name=\"twitter:data1\" content=\"2 minutes\" \/>\n<script type=\"application\/ld+json\" class=\"yoast-schema-graph\">{\"@context\":\"https:\\\/\\\/schema.org\",\"@graph\":[{\"@type\":\"WebPage\",\"@id\":\"https:\\\/\\\/miil.dev.almic.ee\\\/lv\\\/\",\"url\":\"https:\\\/\\\/miil.dev.almic.ee\\\/lv\\\/\",\"name\":\"S\u0101kums - Miil O\u00dc\",\"isPartOf\":{\"@id\":\"https:\\\/\\\/miil.dev.almic.ee\\\/#website\"},\"datePublished\":\"2022-04-11T18:31:03+00:00\",\"dateModified\":\"2024-08-16T09:41:55+00:00\",\"description\":\"J\u016bras konteineru tirdzniec\u012bba | J\u016bras konteineru noma | Sild\u012bt\u0101ju tirdzniec\u012bba | J\u016bras konteineru p\u0101rvad\u0101jumi\",\"breadcrumb\":{\"@id\":\"https:\\\/\\\/miil.dev.almic.ee\\\/lv\\\/#breadcrumb\"},\"inLanguage\":\"lv-LV\",\"potentialAction\":[{\"@type\":\"ReadAction\",\"target\":[\"https:\\\/\\\/miil.dev.almic.ee\\\/lv\\\/\"]}]},{\"@type\":\"BreadcrumbList\",\"@id\":\"https:\\\/\\\/miil.dev.almic.ee\\\/lv\\\/#breadcrumb\",\"itemListElement\":[{\"@type\":\"ListItem\",\"position\":1,\"name\":\"Home\",\"item\":\"https:\\\/\\\/miil.dev.almic.ee\\\/lv\\\/\"},{\"@type\":\"ListItem\",\"position\":2,\"name\":\"S\u0101kums\"}]},{\"@type\":\"WebSite\",\"@id\":\"https:\\\/\\\/miil.dev.almic.ee\\\/#website\",\"url\":\"https:\\\/\\\/miil.dev.almic.ee\\\/\",\"name\":\"Miil O\u00dc\",\"description\":\"Konteinerveod\",\"publisher\":{\"@id\":\"https:\\\/\\\/miil.dev.almic.ee\\\/#organization\"},\"potentialAction\":[{\"@type\":\"SearchAction\",\"target\":{\"@type\":\"EntryPoint\",\"urlTemplate\":\"https:\\\/\\\/miil.dev.almic.ee\\\/?s={search_term_string}\"},\"query-input\":{\"@type\":\"PropertyValueSpecification\",\"valueRequired\":true,\"valueName\":\"search_term_string\"}}],\"inLanguage\":\"lv-LV\"},{\"@type\":\"Organization\",\"@id\":\"https:\\\/\\\/miil.dev.almic.ee\\\/#organization\",\"name\":\"Miil O\u00dc\",\"url\":\"https:\\\/\\\/miil.dev.almic.ee\\\/\",\"logo\":{\"@type\":\"ImageObject\",\"inLanguage\":\"lv-LV\",\"@id\":\"https:\\\/\\\/miil.dev.almic.ee\\\/#\\\/schema\\\/logo\\\/image\\\/\",\"url\":\"https:\\\/\\\/www.miil.ee\\\/wp-content\\\/uploads\\\/2022\\\/02\\\/Miil-logo.svg\",\"contentUrl\":\"https:\\\/\\\/www.miil.ee\\\/wp-content\\\/uploads\\\/2022\\\/02\\\/Miil-logo.svg\",\"width\":\"1024\",\"height\":\"1024\",\"caption\":\"Miil O\u00dc\"},\"image\":{\"@id\":\"https:\\\/\\\/miil.dev.almic.ee\\\/#\\\/schema\\\/logo\\\/image\\\/\"},\"sameAs\":[\"https:\\\/\\\/www.facebook.com\\\/konteinerveod\\\/\",\"https:\\\/\\\/www.instagram.com\\\/ou_miil\\\/\"]}]}<\/script>\n<!-- \/ Yoast SEO Premium plugin. -->","yoast_head_json":{"title":"S\u0101kums - Miil O\u00dc","description":"J\u016bras konteineru tirdzniec\u012bba | J\u016bras konteineru noma | Sild\u012bt\u0101ju tirdzniec\u012bba | J\u016bras konteineru p\u0101rvad\u0101jumi","robots":{"index":"index","follow":"follow","max-snippet":"max-snippet:-1","max-image-preview":"max-image-preview:large","max-video-preview":"max-video-preview:-1"},"canonical":"https:\/\/miil.dev.almic.ee\/lv\/","og_locale":"lv_LV","og_type":"article","og_title":"S\u0101kums","og_description":"J\u016bras konteineru tirdzniec\u012bba | J\u016bras konteineru noma | Sild\u012bt\u0101ju tirdzniec\u012bba | J\u016bras konteineru p\u0101rvad\u0101jumi","og_url":"https:\/\/miil.dev.almic.ee\/lv\/","og_site_name":"Miil O\u00dc","article_publisher":"https:\/\/www.facebook.com\/konteinerveod\/","article_modified_time":"2024-08-16T09:41:55+00:00","twitter_card":"summary_large_image","twitter_misc":{"Est. reading time":"2 minutes"},"schema":{"@context":"https:\/\/schema.org","@graph":[{"@type":"WebPage","@id":"https:\/\/miil.dev.almic.ee\/lv\/","url":"https:\/\/miil.dev.almic.ee\/lv\/","name":"S\u0101kums - Miil O\u00dc","isPartOf":{"@id":"https:\/\/miil.dev.almic.ee\/#website"},"datePublished":"2022-04-11T18:31:03+00:00","dateModified":"2024-08-16T09:41:55+00:00","description":"J\u016bras konteineru tirdzniec\u012bba | J\u016bras konteineru noma | Sild\u012bt\u0101ju tirdzniec\u012bba | J\u016bras konteineru p\u0101rvad\u0101jumi","breadcrumb":{"@id":"https:\/\/miil.dev.almic.ee\/lv\/#breadcrumb"},"inLanguage":"lv-LV","potentialAction":[{"@type":"ReadAction","target":["https:\/\/miil.dev.almic.ee\/lv\/"]}]},{"@type":"BreadcrumbList","@id":"https:\/\/miil.dev.almic.ee\/lv\/#breadcrumb","itemListElement":[{"@type":"ListItem","position":1,"name":"Home","item":"https:\/\/miil.dev.almic.ee\/lv\/"},{"@type":"ListItem","position":2,"name":"S\u0101kums"}]},{"@type":"WebSite","@id":"https:\/\/miil.dev.almic.ee\/#website","url":"https:\/\/miil.dev.almic.ee\/","name":"Miil O\u00dc","description":"Konteinerveod","publisher":{"@id":"https:\/\/miil.dev.almic.ee\/#organization"},"potentialAction":[{"@type":"SearchAction","target":{"@type":"EntryPoint","urlTemplate":"https:\/\/miil.dev.almic.ee\/?s={search_term_string}"},"query-input":{"@type":"PropertyValueSpecification","valueRequired":true,"valueName":"search_term_string"}}],"inLanguage":"lv-LV"},{"@type":"Organization","@id":"https:\/\/miil.dev.almic.ee\/#organization","name":"Miil O\u00dc","url":"https:\/\/miil.dev.almic.ee\/","logo":{"@type":"ImageObject","inLanguage":"lv-LV","@id":"https:\/\/miil.dev.almic.ee\/#\/schema\/logo\/image\/","url":"https:\/\/www.miil.ee\/wp-content\/uploads\/2022\/02\/Miil-logo.svg","contentUrl":"https:\/\/www.miil.ee\/wp-content\/uploads\/2022\/02\/Miil-logo.svg","width":"1024","height":"1024","caption":"Miil O\u00dc"},"image":{"@id":"https:\/\/miil.dev.almic.ee\/#\/schema\/logo\/image\/"},"sameAs":["https:\/\/www.facebook.com\/konteinerveod\/","https:\/\/www.instagram.com\/ou_miil\/"]}]}},"_links":{"self":[{"href":"https:\/\/miil.dev.almic.ee\/lv\/wp-json\/wp\/v2\/pages\/1438","targetHints":{"allow":["GET"]}}],"collection":[{"href":"https:\/\/miil.dev.almic.ee\/lv\/wp-json\/wp\/v2\/pages"}],"about":[{"href":"https:\/\/miil.dev.almic.ee\/lv\/wp-json\/wp\/v2\/types\/page"}],"author":[{"embeddable":true,"href":"https:\/\/miil.dev.almic.ee\/lv\/wp-json\/wp\/v2\/users\/1"}],"replies":[{"embeddable":true,"href":"https:\/\/miil.dev.almic.ee\/lv\/wp-json\/wp\/v2\/comments?post=1438"}],"version-history":[{"count":0,"href":"https:\/\/miil.dev.almic.ee\/lv\/wp-json\/wp\/v2\/pages\/1438\/revisions"}],"wp:attachment":[{"href":"https:\/\/miil.dev.almic.ee\/lv\/wp-json\/wp\/v2\/media?parent=1438"}],"curies":[{"name":"wp","href":"https:\/\/api.w.org\/{rel}","templated":true}]}}