{"id":1400,"date":"2022-04-11T21:07:49","date_gmt":"2022-04-11T18:07:49","guid":{"rendered":"https:\/\/www.miil.ee\/sazinaties\/"},"modified":"2023-08-24T12:41:33","modified_gmt":"2023-08-24T09:41:33","slug":"sazinaties","status":"publish","type":"page","link":"https:\/\/miil.dev.almic.ee\/lv\/sazinaties\/","title":{"rendered":"Kontakti"},"content":{"rendered":"<section class=\"l-section wpb_row regular-page contact-page height_medium with_img\"><div class=\"l-section-img\" role=\"img\" data-img-width=\"1900\" data-img-height=\"1252\" style=\"background-image: url(https:\/\/miil.dev.almic.ee\/wp-content\/uploads\/2022\/04\/Miil.jpg);background-position: top right;background-repeat: no-repeat;background-size: contain;\"><\/div><div class=\"l-section-h i-cf\"><div class=\"g-cols vc_row via_flex valign_top type_default stacking_default\"><div class=\"vc_col-sm-12 wpb_column vc_column_container\"><div class=\"vc_column-inner\"><div class=\"wpb_wrapper\"><div class=\"g-cols wpb_row via_flex valign_top type_default stacking_default\"><div class=\"vc_col-sm-6 wpb_column vc_column_container\"><div class=\"vc_column-inner\"><div class=\"wpb_wrapper\"><div class=\"wpb_text_column us_custom_92b2762d\"><div class=\"wpb_wrapper\"><h1>Kontakti<\/h1>\n<h2>O\u00dc \u201cMiil\u201d, Valtsi 1, Lagedi, Igaunija<\/h2>\n<p>Doties uz O\u00dc \u201cMiil\u201d:<\/p>\n<p><a href=\"https:\/\/www.google.com\/maps\/dir\/\/miil+o%C3%BC\/data=!4m6!4m5!1m1!4e2!1m2!1m1!1s0x4692ec90bd65903b:0xda69e1c75512f895?sa=X&amp;ved=2ahUKEwiQ2-mdldr3AhXulYsKHVUsCNEQ9Rd6BAg4EAU\" target=\"_blank\" rel=\"noopener\"><img decoding=\"async\" src=\"https:\/\/www.miil.ee\/wp-content\/uploads\/2022\/05\/Google-Maps-Logo.svg\" alt=\"Google Maps nor\u0101d\u012bjumi\" \/><\/a><\/p>\n<p><a href=\"https:\/\/www.waze.com\/live-map\/directions\/ou-miil-valtsi-1-lagedi?to=place.w.16319058.163321652.17906223\" target=\"_blank\" rel=\"noopener\"><img decoding=\"async\" src=\"https:\/\/www.miil.ee\/wp-content\/uploads\/2022\/05\/Waze-logo.svg\" alt=\"Waze nor\u0101d\u012bjumi\" \/><\/a><\/p>\n<p><strong>P\u2013Pk plkst. 8:00\u201318:00<\/strong><br \/>\n<strong>S\u2013Sv sl\u0113gts<\/strong><\/p>\n<p>T\u0101lr.: <a href=\"tel:+3726012957\">+372 6 012 957<\/a><br \/>\nE-pasts: <a href=\"mailto:info@miil.ee\">info@miil.ee<\/a><\/p>\n<\/div><\/div><div class=\"w-hwrapper us_custom_92b2762d valign_top wrap align_justify\"><div class=\"wpb_text_column\"><div class=\"wpb_wrapper\"><h2>S\u0101nu iekr\u0101v\u0113ji (<i>sideloader)<\/i><\/h2>\n<p>Eino <a href=\"tel:+3725049954\">+372 5049954<\/a> (EE, RU) Rain <a href=\"tel:+3725640658\">+372 5640658<\/a> (ENG)<\/p>\n<\/div><\/div><div class=\"wpb_text_column\"><div class=\"wpb_wrapper\"><h2>Konteineru p\u0101rvad\u0101jumi<\/h2>\n<p>Andres <a href=\"tel:+3725055559\">+372 5055559<\/a> (EE, RU) Rain <a href=\"tel:+3725640658\">+372 5640658<\/a> (ENG)<\/p>\n<\/div><\/div><\/div><div class=\"wpb_text_column us_custom_92b2762d\"><div class=\"wpb_wrapper\"><h2>J\u016bras konteineru un vagoni\u0146u tirdzniec\u012bba<\/h2>\n<p>Rait <a href=\"tel:+37257503328\">+372 57503328<\/a> (EE, ENG)<br \/>\nHeiki <a href=\"tel:+3725040658\">+372 5040658<\/a> (EE, RU)<\/p>\n<\/div><\/div><div class=\"wpb_text_column us_custom_92b2762d\"><div class=\"wpb_wrapper\"><h2>Transports Latvij\u0101<\/h2>\n<p>T\u0101lr.: <a href=\"tel:+3725040658\">+372 5040658<\/a>; <a href=\"tel:+37126830422\">+371 26830422<\/a><br \/>\nE-pasts: <a href=\"mailto:info@miil.lv\">info@miil.lv<\/a><\/p>\n<h2>Sazinieties ar mums!<\/h2>\n<\/div><\/div>\n<div class=\"wpcf7 no-js\" id=\"wpcf7-f1705-o1\" lang=\"lv-LV\" dir=\"ltr\" data-wpcf7-id=\"1705\">\n<div class=\"screen-reader-response\"><p role=\"status\" aria-live=\"polite\" aria-atomic=\"true\"><\/p> <ul><\/ul><\/div>\n<form action=\"\/lv\/wp-json\/wp\/v2\/pages\/1400#wpcf7-f1705-o1\" method=\"post\" class=\"wpcf7-form init\" aria-label=\"Contact form\" novalidate=\"novalidate\" data-status=\"init\">\n<fieldset class=\"hidden-fields-container\"><input type=\"hidden\" name=\"_wpcf7\" value=\"1705\" \/><input type=\"hidden\" name=\"_wpcf7_version\" value=\"6.1.5\" \/><input type=\"hidden\" name=\"_wpcf7_locale\" value=\"lv_LV\" \/><input type=\"hidden\" name=\"_wpcf7_unit_tag\" value=\"wpcf7-f1705-o1\" \/><input type=\"hidden\" name=\"_wpcf7_container_post\" value=\"0\" \/><input type=\"hidden\" name=\"_wpcf7_posted_data_hash\" value=\"\" \/><input type=\"hidden\" name=\"_wpcf7_recaptcha_response\" value=\"\" \/>\n<\/fieldset>\n<label> V\u0101rds * <span class=\"wpcf7-form-control-wrap\" data-name=\"your-name\"><input size=\"40\" maxlength=\"400\" class=\"wpcf7-form-control wpcf7-text wpcf7-validates-as-required\" aria-required=\"true\" aria-invalid=\"false\" value=\"\" type=\"text\" name=\"your-name\" \/><\/span> <\/label> <label> E-pasts * <span class=\"wpcf7-form-control-wrap\" data-name=\"email\"><input size=\"40\" maxlength=\"400\" class=\"wpcf7-form-control wpcf7-email wpcf7-validates-as-required wpcf7-text wpcf7-validates-as-email\" aria-required=\"true\" aria-invalid=\"false\" value=\"\" type=\"email\" name=\"email\" \/><\/span> <\/label> <label> T\u0113ma <span class=\"wpcf7-form-control-wrap\" data-name=\"subject\"><input size=\"40\" maxlength=\"400\" class=\"wpcf7-form-control wpcf7-text\" aria-invalid=\"false\" value=\"\" type=\"text\" name=\"subject\" \/><\/span> <\/label> <label> Zi\u0146ojums <span class=\"wpcf7-form-control-wrap\" data-name=\"message\"><textarea cols=\"40\" rows=\"10\" maxlength=\"2000\" class=\"wpcf7-form-control wpcf7-textarea\" aria-invalid=\"false\" name=\"message\"><\/textarea><\/span> <\/label> <input class=\"wpcf7-form-control wpcf7-submit has-spinner\" type=\"submit\" value=\"S\u016bt\u012bt\" \/><div class=\"wpcf7-response-output\" aria-hidden=\"true\"><\/div>\n<\/form>\n<\/div>\n<\/div><\/div><\/div><div class=\"vc_col-sm-6 wpb_column vc_column_container\"><div class=\"vc_column-inner\"><div class=\"wpb_wrapper\"><div class=\"wpb_text_column\"><div class=\"wpb_wrapper\"><h2>Galvenais birojs<\/h2>\n<\/div><\/div><div class=\"w-map provider_google\" id=\"us_map_1\"><div class=\"w-map-inner\"><div class=\"w-map-json\" onclick='return {&quot;address&quot;:&quot;Valtsi 1, Lagedi, Igaunija&quot;,&quot;disableDragging&quot;:0,&quot;disableZoom&quot;:1,&quot;hideControls&quot;:0,&quot;zoom&quot;:12,&quot;markers&quot;:[{&quot;address&quot;:&quot;Valtsi 1, Lagedi, Igaunija&quot;,&quot;html&quot;:&quot;&lt;a href=\\&quot;https:\\\/\\\/www.google.com\\\/maps\\\/dir\\\/\\\/miil+o\\u00fc\\\/data=!4m6!4m5!1m1!4e2!1m2!1m1!1s0x4692ec90bd65903b:0xda69e1c75512f895?sa=X&amp;ved=2ahUKEwiQ2-mdldr3AhXulYsKHVUsCNEQ9Rd6BAg4EAU\\&quot; target=\\&quot;_blank\\&quot;&gt;Google Maps nor\\u0101d\\u012bjumi&lt;\\\/a&gt;&lt;br&gt;\\r\\n&lt;a href=\\&quot;https:\\\/\\\/www.waze.com\\\/live-map\\\/directions\\\/ou-miil-valtsi-1-lagedi?to=place.w.16319058.163321652.17906223\\&quot; target=\\&quot;_blank\\&quot;&gt;Waze nor\\u0101d\\u012bjumi&lt;\\\/a&gt;&quot;,&quot;infowindow&quot;:&quot;1&quot;}],&quot;maptype&quot;:&quot;ROADMAP&quot;}'><\/div><\/div><\/div><div class=\"wpb_text_column\"><div class=\"wpb_wrapper\"><h2>Noliktavas: P\u0101rdo\u0161ana, \u012bre, transports<\/h2>\n<p>Noklik\u0161\u0137iniet uz ikonas, lai redz\u0113tu adresi un Google Maps\/Waze nor\u0101des.<\/p>\n<\/div><\/div><div class=\"w-map provider_google\" id=\"us_map_2\"><div class=\"w-map-inner\"><div class=\"w-map-json\" onclick='return {&quot;address&quot;:&quot;Valtsi 1, Lagedi, Igaunija&quot;,&quot;disableDragging&quot;:0,&quot;disableZoom&quot;:1,&quot;hideControls&quot;:0,&quot;zoom&quot;:6,&quot;markers&quot;:[{&quot;address&quot;:&quot;Valtsi 1, Lagedi, Igaunija&quot;,&quot;html&quot;:&quot;Miil O\\u00dc Tallinn (p\\u0101rdo\\u0161ana, transports)\\r\\n&lt;br&gt;\\r\\nValtsi 1, Lagedi\\r\\n&lt;br&gt;\\r\\n&lt;a href=\\&quot;https:\\\/\\\/www.google.com\\\/maps\\\/dir\\\/\\\/miil+o\\u00fc\\\/data=!4m6!4m5!1m1!4e2!1m2!1m1!1s0x4692ec90bd65903b:0xda69e1c75512f895?sa=X&amp;ved=2ahUKEwiQ2-mdldr3AhXulYsKHVUsCNEQ9Rd6BAg4EAU\\&quot; target=\\&quot;_blank\\&quot;&gt;Google Maps nor\\u0101d\\u012bjumi&lt;\\\/a&gt;\\r\\n&lt;br&gt;\\r\\n&lt;a href=\\&quot;https:\\\/\\\/www.waze.com\\\/live-map\\\/directions\\\/ou-miil-valtsi-1-lagedi?to=place.w.16319058.163321652.17906223\\&quot; target=\\&quot;_blank\\&quot;&gt;Waze nor\\u0101d\\u012bjumi&lt;\\\/a&gt;&quot;,&quot;infowindow&quot;:0},{&quot;address&quot;:&quot;59.34260635556479, 26.37945582172242&quot;,&quot;html&quot;:&quot;Miil O\\u00dc Rakvere (\\u012bre, p\\u0101rdo\\u0161ana, transports)\\r\\n&lt;br&gt;\\r\\nV\\u00f5idu 101, Rakvere\\r\\n&lt;br&gt;\\r\\n&lt;a href=\\&quot;https:\\\/\\\/goo.gl\\\/maps\\\/QrvJE2ZUQhqnNQct9\\&quot; target=\\&quot;_blank\\&quot;&gt;Google Maps nor\\u0101d\\u012bjumi&lt;\\\/a&gt;\\r\\n&lt;br&gt;\\r\\n&lt;a href=\\&quot;https:\\\/\\\/www.waze.com\\\/en\\\/live-map\\\/directions?latlng=59.34260635556479%2C26.37945582172242\\&quot; target=\\&quot;_blank\\&quot;&gt;Waze nor\\u0101d\\u012bjumi&lt;\\\/a&gt;&quot;,&quot;marker_img&quot;:false,&quot;marker_size&quot;:[&quot;30&quot;,&quot;30&quot;]},{&quot;address&quot;:&quot;58.346443928895404, 26.733377557566712&quot;,&quot;html&quot;:&quot;Miil O\\u00dc Tartu (\\u012bre, p\\u0101rdo\\u0161ana, transports)\\r\\n&lt;br&gt;\\r\\nT\\u00e4he 114c, Tartu\\r\\n&lt;br&gt;\\r\\n&lt;a href=\\&quot;https:\\\/\\\/goo.gl\\\/maps\\\/b81cA9ipwCXgh4J26\\&quot; target=\\&quot;_blank\\&quot;&gt;Google Maps nor\\u0101d\\u012bjumi&lt;\\\/a&gt;\\r\\n&lt;br&gt;\\r\\n&lt;a href=\\&quot;https:\\\/\\\/www.waze.com\\\/en\\\/live-map\\\/directions?latlng=58.346443928895404%2C26.733377557566712\\&quot; target=\\&quot;_blank\\&quot;&gt;Waze nor\\u0101d\\u012bjumi&lt;\\\/a&gt;&quot;,&quot;marker_img&quot;:false,&quot;marker_size&quot;:[&quot;30&quot;,&quot;30&quot;]},{&quot;address&quot;:&quot;59.31807793655691, 24.40269412865848&quot;,&quot;html&quot;:&quot;Miil O\\u00dc Keila (\\u012bre)\\r\\n&lt;br&gt;\\r\\nPaldiski mnt 35, Keila\\r\\n&lt;br&gt;\\r\\n&lt;a href=\\&quot;https:\\\/\\\/goo.gl\\\/maps\\\/pwxQ7dw7whJZEkqt5\\&quot; target=\\&quot;_blank\\&quot;&gt;Google Maps nor\\u0101d\\u012bjumi&lt;\\\/a&gt;\\r\\n&lt;br&gt;\\r\\n&lt;a href=\\&quot;https:\\\/\\\/www.waze.com\\\/en\\\/live-map\\\/directions?latlng=59.31807793655691%2C24.40269412865848\\&quot; target=\\&quot;_blank\\&quot;&gt;Waze nor\\u0101d\\u012bjumi&lt;\\\/a&gt;&quot;,&quot;marker_img&quot;:false,&quot;marker_size&quot;:[&quot;30&quot;,&quot;30&quot;]},{&quot;address&quot;:&quot;58.435964713693636, 24.520472824473885&quot;,&quot;html&quot;:&quot;Miil O\\u00dc P\\u00e4rnu (\\u012bre, p\\u0101rdo\\u0161ana, transports)\\r\\n&lt;br&gt;\\r\\nSelja tee 18, Kilksama k\\u00fcla, Tori vald\\r\\n&lt;br&gt;\\r\\n&lt;a href=\\&quot;https:\\\/\\\/goo.gl\\\/maps\\\/97wAGxdiA7hwnR3b9\\&quot; target=\\&quot;_blank\\&quot;&gt;Google Maps nor\\u0101d\\u012bjumi&lt;\\\/a&gt;\\r\\n&lt;br&gt;\\r\\n&lt;a href=\\&quot;https:\\\/\\\/www.waze.com\\\/en\\\/live-map\\\/directions?latlng=58.435964713693636%2C24.520472824473885\\&quot; target=\\&quot;_blank\\&quot;&gt;Waze nor\\u0101d\\u012bjumi&lt;\\\/a&gt;&quot;,&quot;marker_img&quot;:false,&quot;marker_size&quot;:[&quot;30&quot;,&quot;30&quot;]},{&quot;address&quot;:&quot;58.360286088698935, 25.576633856354444&quot;,&quot;html&quot;:&quot;Miil O\\u00dc Viljandi (\\u012bre, p\\u0101rdo\\u0161ana, transports)\\r\\n&lt;br&gt;\\r\\nVaksali, Viljandi\\r\\n&lt;br&gt;\\r\\n&lt;a href=\\&quot;https:\\\/\\\/goo.gl\\\/maps\\\/n4pUTUkN9tu64XvK8\\&quot; target=\\&quot;_blank\\&quot;&gt;Google Maps nor\\u0101d\\u012bjumi&lt;\\\/a&gt;\\r\\n&lt;br&gt;\\r\\n&lt;a href=\\&quot;https:\\\/\\\/www.waze.com\\\/en\\\/live-map\\\/directions?latlng=58.360286088698935%2C25.576633856354444\\&quot; target=\\&quot;_blank\\&quot;&gt;Waze nor\\u0101d\\u012bjumi&lt;\\\/a&gt;&quot;,&quot;marker_img&quot;:false,&quot;marker_size&quot;:[&quot;30&quot;,&quot;30&quot;]},{&quot;address&quot;:&quot;56.89393636902366, 24.22230169979602&quot;,&quot;html&quot;:&quot;MIIL SIA R\\u012bga (\\u012bre, p\\u0101rdo\\u0161ana, transports)\\r\\n&lt;br&gt;\\r\\nKrustpils Iela 68, R\\u012bga, Latvija\\r\\n&lt;br&gt;\\r\\n&lt;a href=\\&quot;https:\\\/\\\/goo.gl\\\/maps\\\/5Gqxj1WiJxXvAcTt8\\&quot; target=\\&quot;_blank\\&quot;&gt;Google Maps nor\\u0101d\\u012bjumi&lt;\\\/a&gt;\\r\\n&lt;br&gt;\\r\\n&lt;a href=\\&quot;https:\\\/\\\/www.waze.com\\\/en\\\/live-map\\\/directions?latlng=56.89393636902366%2C24.22230169979602\\&quot; target=\\&quot;_blank\\&quot;&gt;Waze nor\\u0101d\\u012bjumi&lt;\\\/a&gt;&quot;,&quot;marker_img&quot;:false,&quot;marker_size&quot;:[&quot;30&quot;,&quot;30&quot;]},{&quot;address&quot;:&quot;58.601901, 23.197599 &quot;,&quot;html&quot;:&quot;Miil O\\u00dc (\\u012bre, p\\u0101rdo\\u0161ana, transports)\\r\\n&lt;br&gt;\\r\\nMuhu\\r\\n&lt;br&gt;\\r\\n&lt;a href=\\&quot;https:\\\/\\\/goo.gl\\\/maps\\\/CEHXKc29LB9X2RTB7\\&quot; target=\\&quot;_blank\\&quot;&gt;Google Maps nor\\u0101d\\u012bjumi&lt;\\\/a&gt;\\r\\n&lt;br&gt;\\r\\n&lt;a href=\\&quot;https:\\\/\\\/www.waze.com\\\/en\\\/live-map\\\/directions?latlng=58.601901%2C23.197599\\&quot; target=\\&quot;_blank\\&quot;&gt;Waze nor\\u0101d\\u012bjumi&lt;\\\/a&gt;&quot;,&quot;marker_img&quot;:false,&quot;marker_size&quot;:[&quot;30&quot;,&quot;30&quot;]}],&quot;maptype&quot;:&quot;ROADMAP&quot;}'><\/div><\/div><\/div><\/div><\/div><\/div><\/div><\/div><\/div><\/div><\/div><\/div><\/section>\n","protected":false},"excerpt":{"rendered":"Kontakti O\u00dc \u201cMiil\u201d, Valtsi 1, Lagedi, Igaunija Doties uz O\u00dc \u201cMiil\u201d: P\u2013Pk plkst. 8:00\u201318:00 S\u2013Sv sl\u0113gts T\u0101lr.: +372 6 012 957 E-pasts: info@miil.ee S\u0101nu iekr\u0101v\u0113ji (sideloader) Eino +372 5049954 (EE, RU) Rain +372 5640658 (ENG) Konteineru p\u0101rvad\u0101jumi Andres +372 5055559 (EE, RU) Rain +372 5640658 (ENG) J\u016bras konteineru un vagoni\u0146u tirdzniec\u012bba Rait +372 57503328 (EE,...","protected":false},"author":1,"featured_media":0,"parent":0,"menu_order":0,"comment_status":"closed","ping_status":"closed","template":"","meta":{"_acf_changed":false,"footnotes":""},"class_list":["post-1400","page","type-page","status-publish","hentry"],"acf":[],"yoast_head":"<!-- This site is optimized with the Yoast SEO Premium plugin v23.9 (Yoast SEO v27.5) - https:\/\/yoast.com\/product\/yoast-seo-premium-wordpress\/ -->\n<title>Kontakti - Miil O\u00dc<\/title>\n<meta name=\"description\" content=\"Kontakt | Merekonteinerite m\u00fc\u00fck | Merekonteinerite rent | Soojakute m\u00fc\u00fck | Konteinerite transport | Konteinerite m\u00fc\u00fck | Soojak\" \/>\n<meta name=\"robots\" content=\"index, follow, max-snippet:-1, max-image-preview:large, max-video-preview:-1\" \/>\n<link rel=\"canonical\" href=\"https:\/\/miil.dev.almic.ee\/lv\/sazinaties\/\" \/>\n<meta property=\"og:locale\" content=\"lv_LV\" \/>\n<meta property=\"og:type\" content=\"article\" \/>\n<meta property=\"og:title\" content=\"Kontakti\" \/>\n<meta property=\"og:description\" content=\"Kontakt | Merekonteinerite m\u00fc\u00fck | Merekonteinerite rent | Soojakute m\u00fc\u00fck | Konteinerite transport | Konteinerite m\u00fc\u00fck | Soojak\" \/>\n<meta property=\"og:url\" content=\"https:\/\/miil.dev.almic.ee\/lv\/sazinaties\/\" \/>\n<meta property=\"og:site_name\" content=\"Miil O\u00dc\" \/>\n<meta property=\"article:publisher\" content=\"https:\/\/www.facebook.com\/konteinerveod\/\" \/>\n<meta property=\"article:modified_time\" content=\"2023-08-24T09:41:33+00:00\" \/>\n<meta property=\"og:image\" content=\"https:\/\/www.miil.ee\/wp-content\/uploads\/2022\/05\/Google-Maps-Logo.svg\" \/>\n<meta name=\"twitter:card\" content=\"summary_large_image\" \/>\n<meta name=\"twitter:label1\" content=\"Est. reading time\" \/>\n\t<meta name=\"twitter:data1\" content=\"7 minutes\" \/>\n<script type=\"application\/ld+json\" class=\"yoast-schema-graph\">{\"@context\":\"https:\\\/\\\/schema.org\",\"@graph\":[{\"@type\":\"WebPage\",\"@id\":\"https:\\\/\\\/miil.dev.almic.ee\\\/lv\\\/sazinaties\\\/\",\"url\":\"https:\\\/\\\/miil.dev.almic.ee\\\/lv\\\/sazinaties\\\/\",\"name\":\"Kontakti - Miil O\u00dc\",\"isPartOf\":{\"@id\":\"https:\\\/\\\/miil.dev.almic.ee\\\/#website\"},\"primaryImageOfPage\":{\"@id\":\"https:\\\/\\\/miil.dev.almic.ee\\\/lv\\\/sazinaties\\\/#primaryimage\"},\"image\":{\"@id\":\"https:\\\/\\\/miil.dev.almic.ee\\\/lv\\\/sazinaties\\\/#primaryimage\"},\"thumbnailUrl\":\"https:\\\/\\\/www.miil.ee\\\/wp-content\\\/uploads\\\/2022\\\/05\\\/Google-Maps-Logo.svg\",\"datePublished\":\"2022-04-11T18:07:49+00:00\",\"dateModified\":\"2023-08-24T09:41:33+00:00\",\"description\":\"Kontakt | Merekonteinerite m\u00fc\u00fck | Merekonteinerite rent | Soojakute m\u00fc\u00fck | Konteinerite transport | Konteinerite m\u00fc\u00fck | Soojak\",\"breadcrumb\":{\"@id\":\"https:\\\/\\\/miil.dev.almic.ee\\\/lv\\\/sazinaties\\\/#breadcrumb\"},\"inLanguage\":\"lv-LV\",\"potentialAction\":[{\"@type\":\"ReadAction\",\"target\":[\"https:\\\/\\\/miil.dev.almic.ee\\\/lv\\\/sazinaties\\\/\"]}]},{\"@type\":\"ImageObject\",\"inLanguage\":\"lv-LV\",\"@id\":\"https:\\\/\\\/miil.dev.almic.ee\\\/lv\\\/sazinaties\\\/#primaryimage\",\"url\":\"https:\\\/\\\/www.miil.ee\\\/wp-content\\\/uploads\\\/2022\\\/05\\\/Google-Maps-Logo.svg\",\"contentUrl\":\"https:\\\/\\\/www.miil.ee\\\/wp-content\\\/uploads\\\/2022\\\/05\\\/Google-Maps-Logo.svg\"},{\"@type\":\"BreadcrumbList\",\"@id\":\"https:\\\/\\\/miil.dev.almic.ee\\\/lv\\\/sazinaties\\\/#breadcrumb\",\"itemListElement\":[{\"@type\":\"ListItem\",\"position\":1,\"name\":\"Home\",\"item\":\"https:\\\/\\\/miil.dev.almic.ee\\\/lv\\\/\"},{\"@type\":\"ListItem\",\"position\":2,\"name\":\"Kontakti\"}]},{\"@type\":\"WebSite\",\"@id\":\"https:\\\/\\\/miil.dev.almic.ee\\\/#website\",\"url\":\"https:\\\/\\\/miil.dev.almic.ee\\\/\",\"name\":\"Miil O\u00dc\",\"description\":\"Konteinerveod\",\"publisher\":{\"@id\":\"https:\\\/\\\/miil.dev.almic.ee\\\/#organization\"},\"potentialAction\":[{\"@type\":\"SearchAction\",\"target\":{\"@type\":\"EntryPoint\",\"urlTemplate\":\"https:\\\/\\\/miil.dev.almic.ee\\\/?s={search_term_string}\"},\"query-input\":{\"@type\":\"PropertyValueSpecification\",\"valueRequired\":true,\"valueName\":\"search_term_string\"}}],\"inLanguage\":\"lv-LV\"},{\"@type\":\"Organization\",\"@id\":\"https:\\\/\\\/miil.dev.almic.ee\\\/#organization\",\"name\":\"Miil O\u00dc\",\"url\":\"https:\\\/\\\/miil.dev.almic.ee\\\/\",\"logo\":{\"@type\":\"ImageObject\",\"inLanguage\":\"lv-LV\",\"@id\":\"https:\\\/\\\/miil.dev.almic.ee\\\/#\\\/schema\\\/logo\\\/image\\\/\",\"url\":\"https:\\\/\\\/www.miil.ee\\\/wp-content\\\/uploads\\\/2022\\\/02\\\/Miil-logo.svg\",\"contentUrl\":\"https:\\\/\\\/www.miil.ee\\\/wp-content\\\/uploads\\\/2022\\\/02\\\/Miil-logo.svg\",\"width\":\"1024\",\"height\":\"1024\",\"caption\":\"Miil O\u00dc\"},\"image\":{\"@id\":\"https:\\\/\\\/miil.dev.almic.ee\\\/#\\\/schema\\\/logo\\\/image\\\/\"},\"sameAs\":[\"https:\\\/\\\/www.facebook.com\\\/konteinerveod\\\/\",\"https:\\\/\\\/www.instagram.com\\\/ou_miil\\\/\"]}]}<\/script>\n<!-- \/ Yoast SEO Premium plugin. -->","yoast_head_json":{"title":"Kontakti - Miil O\u00dc","description":"Kontakt | Merekonteinerite m\u00fc\u00fck | Merekonteinerite rent | Soojakute m\u00fc\u00fck | Konteinerite transport | Konteinerite m\u00fc\u00fck | Soojak","robots":{"index":"index","follow":"follow","max-snippet":"max-snippet:-1","max-image-preview":"max-image-preview:large","max-video-preview":"max-video-preview:-1"},"canonical":"https:\/\/miil.dev.almic.ee\/lv\/sazinaties\/","og_locale":"lv_LV","og_type":"article","og_title":"Kontakti","og_description":"Kontakt | Merekonteinerite m\u00fc\u00fck | Merekonteinerite rent | Soojakute m\u00fc\u00fck | Konteinerite transport | Konteinerite m\u00fc\u00fck | Soojak","og_url":"https:\/\/miil.dev.almic.ee\/lv\/sazinaties\/","og_site_name":"Miil O\u00dc","article_publisher":"https:\/\/www.facebook.com\/konteinerveod\/","article_modified_time":"2023-08-24T09:41:33+00:00","og_image":[{"url":"https:\/\/www.miil.ee\/wp-content\/uploads\/2022\/05\/Google-Maps-Logo.svg","type":"","width":"","height":""}],"twitter_card":"summary_large_image","twitter_misc":{"Est. reading time":"7 minutes"},"schema":{"@context":"https:\/\/schema.org","@graph":[{"@type":"WebPage","@id":"https:\/\/miil.dev.almic.ee\/lv\/sazinaties\/","url":"https:\/\/miil.dev.almic.ee\/lv\/sazinaties\/","name":"Kontakti - Miil O\u00dc","isPartOf":{"@id":"https:\/\/miil.dev.almic.ee\/#website"},"primaryImageOfPage":{"@id":"https:\/\/miil.dev.almic.ee\/lv\/sazinaties\/#primaryimage"},"image":{"@id":"https:\/\/miil.dev.almic.ee\/lv\/sazinaties\/#primaryimage"},"thumbnailUrl":"https:\/\/www.miil.ee\/wp-content\/uploads\/2022\/05\/Google-Maps-Logo.svg","datePublished":"2022-04-11T18:07:49+00:00","dateModified":"2023-08-24T09:41:33+00:00","description":"Kontakt | Merekonteinerite m\u00fc\u00fck | Merekonteinerite rent | Soojakute m\u00fc\u00fck | Konteinerite transport | Konteinerite m\u00fc\u00fck | Soojak","breadcrumb":{"@id":"https:\/\/miil.dev.almic.ee\/lv\/sazinaties\/#breadcrumb"},"inLanguage":"lv-LV","potentialAction":[{"@type":"ReadAction","target":["https:\/\/miil.dev.almic.ee\/lv\/sazinaties\/"]}]},{"@type":"ImageObject","inLanguage":"lv-LV","@id":"https:\/\/miil.dev.almic.ee\/lv\/sazinaties\/#primaryimage","url":"https:\/\/www.miil.ee\/wp-content\/uploads\/2022\/05\/Google-Maps-Logo.svg","contentUrl":"https:\/\/www.miil.ee\/wp-content\/uploads\/2022\/05\/Google-Maps-Logo.svg"},{"@type":"BreadcrumbList","@id":"https:\/\/miil.dev.almic.ee\/lv\/sazinaties\/#breadcrumb","itemListElement":[{"@type":"ListItem","position":1,"name":"Home","item":"https:\/\/miil.dev.almic.ee\/lv\/"},{"@type":"ListItem","position":2,"name":"Kontakti"}]},{"@type":"WebSite","@id":"https:\/\/miil.dev.almic.ee\/#website","url":"https:\/\/miil.dev.almic.ee\/","name":"Miil O\u00dc","description":"Konteinerveod","publisher":{"@id":"https:\/\/miil.dev.almic.ee\/#organization"},"potentialAction":[{"@type":"SearchAction","target":{"@type":"EntryPoint","urlTemplate":"https:\/\/miil.dev.almic.ee\/?s={search_term_string}"},"query-input":{"@type":"PropertyValueSpecification","valueRequired":true,"valueName":"search_term_string"}}],"inLanguage":"lv-LV"},{"@type":"Organization","@id":"https:\/\/miil.dev.almic.ee\/#organization","name":"Miil O\u00dc","url":"https:\/\/miil.dev.almic.ee\/","logo":{"@type":"ImageObject","inLanguage":"lv-LV","@id":"https:\/\/miil.dev.almic.ee\/#\/schema\/logo\/image\/","url":"https:\/\/www.miil.ee\/wp-content\/uploads\/2022\/02\/Miil-logo.svg","contentUrl":"https:\/\/www.miil.ee\/wp-content\/uploads\/2022\/02\/Miil-logo.svg","width":"1024","height":"1024","caption":"Miil O\u00dc"},"image":{"@id":"https:\/\/miil.dev.almic.ee\/#\/schema\/logo\/image\/"},"sameAs":["https:\/\/www.facebook.com\/konteinerveod\/","https:\/\/www.instagram.com\/ou_miil\/"]}]}},"_links":{"self":[{"href":"https:\/\/miil.dev.almic.ee\/lv\/wp-json\/wp\/v2\/pages\/1400","targetHints":{"allow":["GET"]}}],"collection":[{"href":"https:\/\/miil.dev.almic.ee\/lv\/wp-json\/wp\/v2\/pages"}],"about":[{"href":"https:\/\/miil.dev.almic.ee\/lv\/wp-json\/wp\/v2\/types\/page"}],"author":[{"embeddable":true,"href":"https:\/\/miil.dev.almic.ee\/lv\/wp-json\/wp\/v2\/users\/1"}],"replies":[{"embeddable":true,"href":"https:\/\/miil.dev.almic.ee\/lv\/wp-json\/wp\/v2\/comments?post=1400"}],"version-history":[{"count":0,"href":"https:\/\/miil.dev.almic.ee\/lv\/wp-json\/wp\/v2\/pages\/1400\/revisions"}],"wp:attachment":[{"href":"https:\/\/miil.dev.almic.ee\/lv\/wp-json\/wp\/v2\/media?parent=1400"}],"curies":[{"name":"wp","href":"https:\/\/api.w.org\/{rel}","templated":true}]}}