{"id":1382,"date":"2022-04-11T20:55:44","date_gmt":"2022-04-11T17:55:44","guid":{"rendered":"https:\/\/www.miil.ee\/meklet\/"},"modified":"2022-07-28T09:27:22","modified_gmt":"2022-07-28T06:27:22","slug":"meklet","status":"publish","type":"page","link":"https:\/\/miil.dev.almic.ee\/lv\/meklet\/","title":{"rendered":"Mekl\u0113\u0161ana"},"content":{"rendered":"<section class=\"l-section wpb_row regular-page height_medium with_img\"><div class=\"l-section-img\" role=\"img\" data-img-width=\"1900\" data-img-height=\"997\" style=\"background-image: url(https:\/\/miil.dev.almic.ee\/wp-content\/uploads\/2022\/04\/Sideloader.jpg);background-position: top right;background-repeat: no-repeat;background-size: contain;\"><\/div><div class=\"l-section-h i-cf\"><div class=\"g-cols vc_row via_flex valign_top type_default stacking_default\"><div class=\"vc_col-sm-12 wpb_column vc_column_container\"><div class=\"vc_column-inner\"><div class=\"wpb_wrapper\"><div class=\"wpb_text_column us_custom_92b2762d\"><div class=\"wpb_wrapper\"><h1>Mekl\u0113\u0161ana<\/h1>\n<p>Kad esat pie mums pas\u016bt\u012bjis transportu, tad \u0161eit atrad\u012bsiet m\u016bsu r\u012bc\u012bb\u0101 eso\u0161o savu konteineru atra\u0161an\u0101s vietas. Ja konteiners atrodas uz automa\u0161\u012bnas, varat redz\u0113t ar\u012b autovad\u012bt\u0101ja v\u0101rdu un t\u0101lru\u0146a numuru. Karti var pietuvin\u0101t un var apskat\u012bt ar\u012b satel\u012btatt\u0113lu. Ievadiet konteinera numuru vai klienta kodu.<\/p>\n<\/div><\/div>[vc_raw_html css=&#8221;%7B%22default%22%3A%7B%22max-width%22%3A%22600px%22%7D%7D&#8221;]PGlmcmFtZSBpZD0iYmxvY2tyYW5kb20iIGNsYXNzPSJ3cmFwcGVyIiBzcmM9Imh0dHBzOi8vYXBwLmVjb2ZsZWV0LmNvbS9zZWVtZS9jYXJnb3BsdWdpbi8iIG5hbWU9IiIgd2lkdGg9IjEwMCUiIGhlaWdodD0iNTAwIiBmcmFtZWJvcmRlcj0iMCIgc2Nyb2xsaW5nPSJubyIgYWxpZ249InRvcCI+PGJyIC8+Ck5vIElmcmFtZXM8L2lmcmFtZT4=[\/vc_raw_html]<\/div><\/div><\/div><\/div><\/div><\/section>\n","protected":false},"excerpt":{"rendered":"Mekl\u0113\u0161ana Kad esat pie mums pas\u016bt\u012bjis transportu, tad \u0161eit atrad\u012bsiet m\u016bsu r\u012bc\u012bb\u0101 eso\u0161o savu konteineru atra\u0161an\u0101s vietas. Ja konteiners atrodas uz automa\u0161\u012bnas, varat redz\u0113t ar\u012b autovad\u012bt\u0101ja v\u0101rdu un t\u0101lru\u0146a numuru. Karti var pietuvin\u0101t un var apskat\u012bt ar\u012b satel\u012btatt\u0113lu. Ievadiet konteinera numuru vai klienta kodu. [vc_raw_html css=\"%7B%22default%22%3A%7B%22max-width%22%3A%22600px%22%7D%7D\"]PGlmcmFtZSBpZD0iYmxvY2tyYW5kb20iIGNsYXNzPSJ3cmFwcGVyIiBzcmM9Imh0dHBzOi8vYXBwLmVjb2ZsZWV0LmNvbS9zZWVtZS9jYXJnb3BsdWdpbi8iIG5hbWU9IiIgd2lkdGg9IjEwMCUiIGhlaWdodD0iNTAwIiBmcmFtZWJvcmRlcj0iMCIgc2Nyb2xsaW5nPSJubyIgYWxpZ249InRvcCI+PGJyIC8+Ck5vIElmcmFtZXM8L2lmcmFtZT4=[\/vc_raw_html]","protected":false},"author":1,"featured_media":0,"parent":0,"menu_order":0,"comment_status":"closed","ping_status":"closed","template":"","meta":{"_acf_changed":false,"footnotes":""},"class_list":["post-1382","page","type-page","status-publish","hentry"],"acf":[],"yoast_head":"<!-- This site is optimized with the Yoast SEO Premium plugin v23.9 (Yoast SEO v27.5) - https:\/\/yoast.com\/product\/yoast-seo-premium-wordpress\/ -->\n<title>Mekl\u0113\u0161ana - Miil O\u00dc<\/title>\n<meta name=\"robots\" content=\"index, follow, max-snippet:-1, max-image-preview:large, max-video-preview:-1\" \/>\n<link rel=\"canonical\" href=\"https:\/\/miil.dev.almic.ee\/lv\/meklet\/\" \/>\n<meta property=\"og:locale\" content=\"lv_LV\" \/>\n<meta property=\"og:type\" content=\"article\" \/>\n<meta property=\"og:title\" content=\"Mekl\u0113\u0161ana\" \/>\n<meta property=\"og:url\" content=\"https:\/\/miil.dev.almic.ee\/lv\/meklet\/\" \/>\n<meta property=\"og:site_name\" content=\"Miil O\u00dc\" \/>\n<meta property=\"article:publisher\" content=\"https:\/\/www.facebook.com\/konteinerveod\/\" \/>\n<meta property=\"article:modified_time\" content=\"2022-07-28T06:27:22+00:00\" \/>\n<meta name=\"twitter:card\" content=\"summary_large_image\" \/>\n<meta name=\"twitter:label1\" content=\"Est. reading time\" \/>\n\t<meta name=\"twitter:data1\" content=\"1 minute\" \/>\n<script type=\"application\/ld+json\" class=\"yoast-schema-graph\">{\"@context\":\"https:\\\/\\\/schema.org\",\"@graph\":[{\"@type\":\"WebPage\",\"@id\":\"https:\\\/\\\/miil.dev.almic.ee\\\/lv\\\/meklet\\\/\",\"url\":\"https:\\\/\\\/miil.dev.almic.ee\\\/lv\\\/meklet\\\/\",\"name\":\"Mekl\u0113\u0161ana - Miil O\u00dc\",\"isPartOf\":{\"@id\":\"https:\\\/\\\/miil.dev.almic.ee\\\/#website\"},\"datePublished\":\"2022-04-11T17:55:44+00:00\",\"dateModified\":\"2022-07-28T06:27:22+00:00\",\"breadcrumb\":{\"@id\":\"https:\\\/\\\/miil.dev.almic.ee\\\/lv\\\/meklet\\\/#breadcrumb\"},\"inLanguage\":\"lv-LV\",\"potentialAction\":[{\"@type\":\"ReadAction\",\"target\":[\"https:\\\/\\\/miil.dev.almic.ee\\\/lv\\\/meklet\\\/\"]}]},{\"@type\":\"BreadcrumbList\",\"@id\":\"https:\\\/\\\/miil.dev.almic.ee\\\/lv\\\/meklet\\\/#breadcrumb\",\"itemListElement\":[{\"@type\":\"ListItem\",\"position\":1,\"name\":\"Home\",\"item\":\"https:\\\/\\\/miil.dev.almic.ee\\\/lv\\\/\"},{\"@type\":\"ListItem\",\"position\":2,\"name\":\"Mekl\u0113\u0161ana\"}]},{\"@type\":\"WebSite\",\"@id\":\"https:\\\/\\\/miil.dev.almic.ee\\\/#website\",\"url\":\"https:\\\/\\\/miil.dev.almic.ee\\\/\",\"name\":\"Miil O\u00dc\",\"description\":\"Konteinerveod\",\"publisher\":{\"@id\":\"https:\\\/\\\/miil.dev.almic.ee\\\/#organization\"},\"potentialAction\":[{\"@type\":\"SearchAction\",\"target\":{\"@type\":\"EntryPoint\",\"urlTemplate\":\"https:\\\/\\\/miil.dev.almic.ee\\\/?s={search_term_string}\"},\"query-input\":{\"@type\":\"PropertyValueSpecification\",\"valueRequired\":true,\"valueName\":\"search_term_string\"}}],\"inLanguage\":\"lv-LV\"},{\"@type\":\"Organization\",\"@id\":\"https:\\\/\\\/miil.dev.almic.ee\\\/#organization\",\"name\":\"Miil O\u00dc\",\"url\":\"https:\\\/\\\/miil.dev.almic.ee\\\/\",\"logo\":{\"@type\":\"ImageObject\",\"inLanguage\":\"lv-LV\",\"@id\":\"https:\\\/\\\/miil.dev.almic.ee\\\/#\\\/schema\\\/logo\\\/image\\\/\",\"url\":\"https:\\\/\\\/www.miil.ee\\\/wp-content\\\/uploads\\\/2022\\\/02\\\/Miil-logo.svg\",\"contentUrl\":\"https:\\\/\\\/www.miil.ee\\\/wp-content\\\/uploads\\\/2022\\\/02\\\/Miil-logo.svg\",\"width\":\"1024\",\"height\":\"1024\",\"caption\":\"Miil O\u00dc\"},\"image\":{\"@id\":\"https:\\\/\\\/miil.dev.almic.ee\\\/#\\\/schema\\\/logo\\\/image\\\/\"},\"sameAs\":[\"https:\\\/\\\/www.facebook.com\\\/konteinerveod\\\/\",\"https:\\\/\\\/www.instagram.com\\\/ou_miil\\\/\"]}]}<\/script>\n<!-- \/ Yoast SEO Premium plugin. -->","yoast_head_json":{"title":"Mekl\u0113\u0161ana - Miil O\u00dc","robots":{"index":"index","follow":"follow","max-snippet":"max-snippet:-1","max-image-preview":"max-image-preview:large","max-video-preview":"max-video-preview:-1"},"canonical":"https:\/\/miil.dev.almic.ee\/lv\/meklet\/","og_locale":"lv_LV","og_type":"article","og_title":"Mekl\u0113\u0161ana","og_url":"https:\/\/miil.dev.almic.ee\/lv\/meklet\/","og_site_name":"Miil O\u00dc","article_publisher":"https:\/\/www.facebook.com\/konteinerveod\/","article_modified_time":"2022-07-28T06:27:22+00:00","twitter_card":"summary_large_image","twitter_misc":{"Est. reading time":"1 minute"},"schema":{"@context":"https:\/\/schema.org","@graph":[{"@type":"WebPage","@id":"https:\/\/miil.dev.almic.ee\/lv\/meklet\/","url":"https:\/\/miil.dev.almic.ee\/lv\/meklet\/","name":"Mekl\u0113\u0161ana - Miil O\u00dc","isPartOf":{"@id":"https:\/\/miil.dev.almic.ee\/#website"},"datePublished":"2022-04-11T17:55:44+00:00","dateModified":"2022-07-28T06:27:22+00:00","breadcrumb":{"@id":"https:\/\/miil.dev.almic.ee\/lv\/meklet\/#breadcrumb"},"inLanguage":"lv-LV","potentialAction":[{"@type":"ReadAction","target":["https:\/\/miil.dev.almic.ee\/lv\/meklet\/"]}]},{"@type":"BreadcrumbList","@id":"https:\/\/miil.dev.almic.ee\/lv\/meklet\/#breadcrumb","itemListElement":[{"@type":"ListItem","position":1,"name":"Home","item":"https:\/\/miil.dev.almic.ee\/lv\/"},{"@type":"ListItem","position":2,"name":"Mekl\u0113\u0161ana"}]},{"@type":"WebSite","@id":"https:\/\/miil.dev.almic.ee\/#website","url":"https:\/\/miil.dev.almic.ee\/","name":"Miil O\u00dc","description":"Konteinerveod","publisher":{"@id":"https:\/\/miil.dev.almic.ee\/#organization"},"potentialAction":[{"@type":"SearchAction","target":{"@type":"EntryPoint","urlTemplate":"https:\/\/miil.dev.almic.ee\/?s={search_term_string}"},"query-input":{"@type":"PropertyValueSpecification","valueRequired":true,"valueName":"search_term_string"}}],"inLanguage":"lv-LV"},{"@type":"Organization","@id":"https:\/\/miil.dev.almic.ee\/#organization","name":"Miil O\u00dc","url":"https:\/\/miil.dev.almic.ee\/","logo":{"@type":"ImageObject","inLanguage":"lv-LV","@id":"https:\/\/miil.dev.almic.ee\/#\/schema\/logo\/image\/","url":"https:\/\/www.miil.ee\/wp-content\/uploads\/2022\/02\/Miil-logo.svg","contentUrl":"https:\/\/www.miil.ee\/wp-content\/uploads\/2022\/02\/Miil-logo.svg","width":"1024","height":"1024","caption":"Miil O\u00dc"},"image":{"@id":"https:\/\/miil.dev.almic.ee\/#\/schema\/logo\/image\/"},"sameAs":["https:\/\/www.facebook.com\/konteinerveod\/","https:\/\/www.instagram.com\/ou_miil\/"]}]}},"_links":{"self":[{"href":"https:\/\/miil.dev.almic.ee\/lv\/wp-json\/wp\/v2\/pages\/1382","targetHints":{"allow":["GET"]}}],"collection":[{"href":"https:\/\/miil.dev.almic.ee\/lv\/wp-json\/wp\/v2\/pages"}],"about":[{"href":"https:\/\/miil.dev.almic.ee\/lv\/wp-json\/wp\/v2\/types\/page"}],"author":[{"embeddable":true,"href":"https:\/\/miil.dev.almic.ee\/lv\/wp-json\/wp\/v2\/users\/1"}],"replies":[{"embeddable":true,"href":"https:\/\/miil.dev.almic.ee\/lv\/wp-json\/wp\/v2\/comments?post=1382"}],"version-history":[{"count":0,"href":"https:\/\/miil.dev.almic.ee\/lv\/wp-json\/wp\/v2\/pages\/1382\/revisions"}],"wp:attachment":[{"href":"https:\/\/miil.dev.almic.ee\/lv\/wp-json\/wp\/v2\/media?parent=1382"}],"curies":[{"name":"wp","href":"https:\/\/api.w.org\/{rel}","templated":true}]}}