{"id":1370,"date":"2022-04-11T20:53:27","date_gmt":"2022-04-11T17:53:27","guid":{"rendered":"https:\/\/www.miil.ee\/cenu-pieprasijums\/"},"modified":"2022-07-28T09:27:22","modified_gmt":"2022-07-28T06:27:22","slug":"cenu-pieprasijums","status":"publish","type":"page","link":"https:\/\/miil.dev.almic.ee\/lv\/cenu-pieprasijums\/","title":{"rendered":"Cenas piepras\u012bjums"},"content":{"rendered":"<section class=\"l-section wpb_row regular-page height_medium with_img\"><div class=\"l-section-img\" role=\"img\" data-img-width=\"1900\" data-img-height=\"1252\" style=\"background-image: url(https:\/\/miil.dev.almic.ee\/wp-content\/uploads\/2022\/04\/IMG_4726-1.jpg);background-position: top right;background-repeat: no-repeat;background-size: contain;\"><\/div><div class=\"l-section-h i-cf\"><div class=\"g-cols vc_row via_flex valign_top type_default stacking_default\"><div class=\"vc_col-sm-12 wpb_column vc_column_container\"><div class=\"vc_column-inner\"><div class=\"wpb_wrapper\"><div class=\"wpb_text_column us_custom_92b2762d\"><div class=\"wpb_wrapper\"><h1>Cenas piepras\u012bjums<\/h1>\n<p>L\u016bdzu, aizpildiet visus jaut\u0101jumus piepras\u012bjum\u0101, lai cenu pied\u0101v\u0101jumu m\u0113s var\u0113tu Jums sniegt atbilsto\u0161\u0101 form\u0101t\u0101 un izmantojot atbilsto\u0161us sazi\u0146as l\u012bdzek\u013cus. Ar\u012b papildu inform\u0101cija, kas sniegta br\u012bv\u0101 form\u0101, var izr\u0101d\u012bties svar\u012bga un nov\u0113rs\u012bs v\u0113l\u0101ku probl\u0113mu ra\u0161anos. Dro\u0161i vaic\u0101jiet mums!<\/p>\n<\/div><\/div>\n<div class=\"wpcf7 no-js\" id=\"wpcf7-f1704-o1\" lang=\"lv-LV\" dir=\"ltr\" data-wpcf7-id=\"1704\">\n<div class=\"screen-reader-response\"><p role=\"status\" aria-live=\"polite\" aria-atomic=\"true\"><\/p> <ul><\/ul><\/div>\n<form action=\"\/lv\/wp-json\/wp\/v2\/pages\/1370#wpcf7-f1704-o1\" method=\"post\" class=\"wpcf7-form init\" aria-label=\"Contact form\" novalidate=\"novalidate\" data-status=\"init\">\n<fieldset class=\"hidden-fields-container\"><input type=\"hidden\" name=\"_wpcf7\" value=\"1704\" \/><input type=\"hidden\" name=\"_wpcf7_version\" value=\"6.1.5\" \/><input type=\"hidden\" name=\"_wpcf7_locale\" value=\"lv_LV\" \/><input type=\"hidden\" name=\"_wpcf7_unit_tag\" value=\"wpcf7-f1704-o1\" \/><input type=\"hidden\" name=\"_wpcf7_container_post\" value=\"0\" \/><input type=\"hidden\" name=\"_wpcf7_posted_data_hash\" value=\"\" \/><input type=\"hidden\" name=\"_wpcf7_recaptcha_response\" value=\"\" \/>\n<\/fieldset>\n<div class=\"form-row\">\r\n<label> Uzkrau\u0161ana * <span class=\"wpcf7-form-control-wrap\" data-name=\"load-on\"><input size=\"40\" maxlength=\"400\" class=\"wpcf7-form-control wpcf7-text wpcf7-validates-as-required\" aria-required=\"true\" aria-invalid=\"false\" value=\"\" type=\"text\" name=\"load-on\" \/><\/span> <\/label> <label> Nokrau\u0161ana * <span class=\"wpcf7-form-control-wrap\" data-name=\"load-off\"><input size=\"40\" maxlength=\"400\" class=\"wpcf7-form-control wpcf7-text wpcf7-validates-as-required\" aria-required=\"true\" aria-invalid=\"false\" value=\"\" type=\"text\" name=\"load-off\" \/><\/span> <\/label>\r\n<\/div>\r\n<div class=\"form-row\">\r\n<label> Apraksts * <span class=\"wpcf7-form-control-wrap\" data-name=\"description\"><textarea cols=\"40\" rows=\"10\" maxlength=\"2000\" class=\"wpcf7-form-control wpcf7-textarea wpcf7-validates-as-required\" aria-required=\"true\" aria-invalid=\"false\" name=\"description\"><\/textarea><\/span> <\/label>\r\n<\/div>\r\n<div class=\"form-row\">\r\n<label> Konteinera izm\u0113rs * <span class=\"wpcf7-form-control-wrap\" data-name=\"dropdown\"><select class=\"wpcf7-form-control wpcf7-select wpcf7-validates-as-required\" aria-required=\"true\" aria-invalid=\"false\" name=\"dropdown\"><option value=\"\">&#8212;Please choose an option&#8212;<\/option><option value=\"20 DRY\">20 DRY<\/option><option value=\"20 OPEN\">20 OPEN<\/option><option value=\"20 TANK\">20 TANK<\/option><option value=\"20 REF\">20 REF<\/option><option value=\"20 FLAT\">20 FLAT<\/option><option value=\"25 TANK\">25 TANK<\/option><option value=\"40 DRY\">40 DRY<\/option><option value=\"40 HC\">40 HC<\/option><option value=\"40 HC\/PW\">40 HC\/PW<\/option><option value=\"40 OPEN\">40 OPEN<\/option><option value=\"40 PW\">40 PW<\/option><option value=\"40 REF\">40 REF<\/option><option value=\"40 FLAT\">40 FLAT<\/option><option value=\"45 HC\">45 HC<\/option><option value=\"45 HC\/PW\">45 HC\/PW<\/option><option value=\"TRAILER\">TRAILER<\/option><option value=\"FREE\">FREE<\/option><\/select><\/span> <\/label> <label> Papildu inform\u0101cija <span class=\"wpcf7-form-control-wrap\" data-name=\"vehicle-text\"><input size=\"40\" maxlength=\"400\" class=\"wpcf7-form-control wpcf7-text\" aria-invalid=\"false\" value=\"\" type=\"text\" name=\"vehicle-text\" \/><\/span> <\/label>\r\n<\/div>\r\n<div class=\"form-row\">\r\n<label> Uz\u0146\u0113muma nosaukums \/ priv\u0101tpersonas v\u0101rds * <span class=\"wpcf7-form-control-wrap\" data-name=\"client-data\"><textarea cols=\"40\" rows=\"10\" maxlength=\"2000\" class=\"wpcf7-form-control wpcf7-textarea wpcf7-validates-as-required\" aria-required=\"true\" aria-invalid=\"false\" name=\"client-data\"><\/textarea><\/span> <\/label>\r\n<\/div>\r\n<div class=\"form-row\">\r\n<label> E-pasts * <span class=\"wpcf7-form-control-wrap\" data-name=\"email\"><input size=\"40\" maxlength=\"400\" class=\"wpcf7-form-control wpcf7-email wpcf7-validates-as-required wpcf7-text wpcf7-validates-as-email\" aria-required=\"true\" aria-invalid=\"false\" value=\"\" type=\"email\" name=\"email\" \/><\/span> <\/label> <label> T\u0101lrunis * <span class=\"wpcf7-form-control-wrap\" data-name=\"contact-person\"><input size=\"40\" maxlength=\"400\" class=\"wpcf7-form-control wpcf7-text wpcf7-validates-as-required\" aria-required=\"true\" aria-invalid=\"false\" value=\"\" type=\"text\" name=\"contact-person\" \/><\/span> <\/label>\r\n<\/div>\r\n<label> Atbildes snieg\u0161anas veids * <\/label> <span class=\"wpcf7-form-control-wrap\" data-name=\"contact-type\"><span class=\"wpcf7-form-control wpcf7-checkbox\"><span class=\"wpcf7-list-item first\"><label><input type=\"checkbox\" name=\"contact-type[]\" value=\"T\u0101lrunis\" \/><span class=\"wpcf7-list-item-label\">T\u0101lrunis<\/span><\/label><\/span><span class=\"wpcf7-list-item last\"><label><input type=\"checkbox\" name=\"contact-type[]\" value=\"E-pasts\" \/><span class=\"wpcf7-list-item-label\">E-pasts<\/span><\/label><\/span><\/span><\/span> \r\n<div class=\"submit\">\r\n<input class=\"wpcf7-form-control wpcf7-submit has-spinner\" type=\"submit\" value=\"S\u016bt\u012bt\" \/>\r\n<\/div><div class=\"wpcf7-response-output\" aria-hidden=\"true\"><\/div>\n<\/form>\n<\/div>\n<\/div><\/div><\/div><\/div><\/div><\/section>\n","protected":false},"excerpt":{"rendered":"Cenas piepras\u012bjums L\u016bdzu, aizpildiet visus jaut\u0101jumus piepras\u012bjum\u0101, lai cenu pied\u0101v\u0101jumu m\u0113s var\u0113tu Jums sniegt atbilsto\u0161\u0101 form\u0101t\u0101 un izmantojot atbilsto\u0161us sazi\u0146as l\u012bdzek\u013cus. Ar\u012b papildu inform\u0101cija, kas sniegta br\u012bv\u0101 form\u0101, var izr\u0101d\u012bties svar\u012bga un nov\u0113rs\u012bs v\u0113l\u0101ku probl\u0113mu ra\u0161anos. Dro\u0161i vaic\u0101jiet mums! Uzkrau\u0161ana * Nokrau\u0161ana * Apraksts * Konteinera izm\u0113rs * &#8212;Please choose an option&#8212;20 DRY20 OPEN20 TANK20...","protected":false},"author":1,"featured_media":0,"parent":0,"menu_order":0,"comment_status":"closed","ping_status":"closed","template":"","meta":{"_acf_changed":false,"footnotes":""},"class_list":["post-1370","page","type-page","status-publish","hentry"],"acf":[],"yoast_head":"<!-- This site is optimized with the Yoast SEO Premium plugin v23.9 (Yoast SEO v27.5) - https:\/\/yoast.com\/product\/yoast-seo-premium-wordpress\/ -->\n<title>Cenas piepras\u012bjums - Miil O\u00dc<\/title>\n<meta name=\"robots\" content=\"index, follow, max-snippet:-1, max-image-preview:large, max-video-preview:-1\" \/>\n<link rel=\"canonical\" href=\"https:\/\/miil.dev.almic.ee\/lv\/cenu-pieprasijums\/\" \/>\n<meta property=\"og:locale\" content=\"lv_LV\" \/>\n<meta property=\"og:type\" content=\"article\" \/>\n<meta property=\"og:title\" content=\"Cenas piepras\u012bjums\" \/>\n<meta property=\"og:url\" content=\"https:\/\/miil.dev.almic.ee\/lv\/cenu-pieprasijums\/\" \/>\n<meta property=\"og:site_name\" content=\"Miil O\u00dc\" \/>\n<meta property=\"article:publisher\" content=\"https:\/\/www.facebook.com\/konteinerveod\/\" \/>\n<meta property=\"article:modified_time\" content=\"2022-07-28T06:27:22+00:00\" \/>\n<meta name=\"twitter:card\" content=\"summary_large_image\" \/>\n<meta name=\"twitter:label1\" content=\"Est. reading time\" \/>\n\t<meta name=\"twitter:data1\" content=\"1 minute\" \/>\n<script type=\"application\/ld+json\" class=\"yoast-schema-graph\">{\"@context\":\"https:\\\/\\\/schema.org\",\"@graph\":[{\"@type\":\"WebPage\",\"@id\":\"https:\\\/\\\/miil.dev.almic.ee\\\/lv\\\/cenu-pieprasijums\\\/\",\"url\":\"https:\\\/\\\/miil.dev.almic.ee\\\/lv\\\/cenu-pieprasijums\\\/\",\"name\":\"Cenas piepras\u012bjums - Miil O\u00dc\",\"isPartOf\":{\"@id\":\"https:\\\/\\\/miil.dev.almic.ee\\\/#website\"},\"datePublished\":\"2022-04-11T17:53:27+00:00\",\"dateModified\":\"2022-07-28T06:27:22+00:00\",\"breadcrumb\":{\"@id\":\"https:\\\/\\\/miil.dev.almic.ee\\\/lv\\\/cenu-pieprasijums\\\/#breadcrumb\"},\"inLanguage\":\"lv-LV\",\"potentialAction\":[{\"@type\":\"ReadAction\",\"target\":[\"https:\\\/\\\/miil.dev.almic.ee\\\/lv\\\/cenu-pieprasijums\\\/\"]}]},{\"@type\":\"BreadcrumbList\",\"@id\":\"https:\\\/\\\/miil.dev.almic.ee\\\/lv\\\/cenu-pieprasijums\\\/#breadcrumb\",\"itemListElement\":[{\"@type\":\"ListItem\",\"position\":1,\"name\":\"Home\",\"item\":\"https:\\\/\\\/miil.dev.almic.ee\\\/lv\\\/\"},{\"@type\":\"ListItem\",\"position\":2,\"name\":\"Cenas piepras\u012bjums\"}]},{\"@type\":\"WebSite\",\"@id\":\"https:\\\/\\\/miil.dev.almic.ee\\\/#website\",\"url\":\"https:\\\/\\\/miil.dev.almic.ee\\\/\",\"name\":\"Miil O\u00dc\",\"description\":\"Konteinerveod\",\"publisher\":{\"@id\":\"https:\\\/\\\/miil.dev.almic.ee\\\/#organization\"},\"potentialAction\":[{\"@type\":\"SearchAction\",\"target\":{\"@type\":\"EntryPoint\",\"urlTemplate\":\"https:\\\/\\\/miil.dev.almic.ee\\\/?s={search_term_string}\"},\"query-input\":{\"@type\":\"PropertyValueSpecification\",\"valueRequired\":true,\"valueName\":\"search_term_string\"}}],\"inLanguage\":\"lv-LV\"},{\"@type\":\"Organization\",\"@id\":\"https:\\\/\\\/miil.dev.almic.ee\\\/#organization\",\"name\":\"Miil O\u00dc\",\"url\":\"https:\\\/\\\/miil.dev.almic.ee\\\/\",\"logo\":{\"@type\":\"ImageObject\",\"inLanguage\":\"lv-LV\",\"@id\":\"https:\\\/\\\/miil.dev.almic.ee\\\/#\\\/schema\\\/logo\\\/image\\\/\",\"url\":\"https:\\\/\\\/www.miil.ee\\\/wp-content\\\/uploads\\\/2022\\\/02\\\/Miil-logo.svg\",\"contentUrl\":\"https:\\\/\\\/www.miil.ee\\\/wp-content\\\/uploads\\\/2022\\\/02\\\/Miil-logo.svg\",\"width\":\"1024\",\"height\":\"1024\",\"caption\":\"Miil O\u00dc\"},\"image\":{\"@id\":\"https:\\\/\\\/miil.dev.almic.ee\\\/#\\\/schema\\\/logo\\\/image\\\/\"},\"sameAs\":[\"https:\\\/\\\/www.facebook.com\\\/konteinerveod\\\/\",\"https:\\\/\\\/www.instagram.com\\\/ou_miil\\\/\"]}]}<\/script>\n<!-- \/ Yoast SEO Premium plugin. -->","yoast_head_json":{"title":"Cenas piepras\u012bjums - Miil O\u00dc","robots":{"index":"index","follow":"follow","max-snippet":"max-snippet:-1","max-image-preview":"max-image-preview:large","max-video-preview":"max-video-preview:-1"},"canonical":"https:\/\/miil.dev.almic.ee\/lv\/cenu-pieprasijums\/","og_locale":"lv_LV","og_type":"article","og_title":"Cenas piepras\u012bjums","og_url":"https:\/\/miil.dev.almic.ee\/lv\/cenu-pieprasijums\/","og_site_name":"Miil O\u00dc","article_publisher":"https:\/\/www.facebook.com\/konteinerveod\/","article_modified_time":"2022-07-28T06:27:22+00:00","twitter_card":"summary_large_image","twitter_misc":{"Est. reading time":"1 minute"},"schema":{"@context":"https:\/\/schema.org","@graph":[{"@type":"WebPage","@id":"https:\/\/miil.dev.almic.ee\/lv\/cenu-pieprasijums\/","url":"https:\/\/miil.dev.almic.ee\/lv\/cenu-pieprasijums\/","name":"Cenas piepras\u012bjums - Miil O\u00dc","isPartOf":{"@id":"https:\/\/miil.dev.almic.ee\/#website"},"datePublished":"2022-04-11T17:53:27+00:00","dateModified":"2022-07-28T06:27:22+00:00","breadcrumb":{"@id":"https:\/\/miil.dev.almic.ee\/lv\/cenu-pieprasijums\/#breadcrumb"},"inLanguage":"lv-LV","potentialAction":[{"@type":"ReadAction","target":["https:\/\/miil.dev.almic.ee\/lv\/cenu-pieprasijums\/"]}]},{"@type":"BreadcrumbList","@id":"https:\/\/miil.dev.almic.ee\/lv\/cenu-pieprasijums\/#breadcrumb","itemListElement":[{"@type":"ListItem","position":1,"name":"Home","item":"https:\/\/miil.dev.almic.ee\/lv\/"},{"@type":"ListItem","position":2,"name":"Cenas piepras\u012bjums"}]},{"@type":"WebSite","@id":"https:\/\/miil.dev.almic.ee\/#website","url":"https:\/\/miil.dev.almic.ee\/","name":"Miil O\u00dc","description":"Konteinerveod","publisher":{"@id":"https:\/\/miil.dev.almic.ee\/#organization"},"potentialAction":[{"@type":"SearchAction","target":{"@type":"EntryPoint","urlTemplate":"https:\/\/miil.dev.almic.ee\/?s={search_term_string}"},"query-input":{"@type":"PropertyValueSpecification","valueRequired":true,"valueName":"search_term_string"}}],"inLanguage":"lv-LV"},{"@type":"Organization","@id":"https:\/\/miil.dev.almic.ee\/#organization","name":"Miil O\u00dc","url":"https:\/\/miil.dev.almic.ee\/","logo":{"@type":"ImageObject","inLanguage":"lv-LV","@id":"https:\/\/miil.dev.almic.ee\/#\/schema\/logo\/image\/","url":"https:\/\/www.miil.ee\/wp-content\/uploads\/2022\/02\/Miil-logo.svg","contentUrl":"https:\/\/www.miil.ee\/wp-content\/uploads\/2022\/02\/Miil-logo.svg","width":"1024","height":"1024","caption":"Miil O\u00dc"},"image":{"@id":"https:\/\/miil.dev.almic.ee\/#\/schema\/logo\/image\/"},"sameAs":["https:\/\/www.facebook.com\/konteinerveod\/","https:\/\/www.instagram.com\/ou_miil\/"]}]}},"_links":{"self":[{"href":"https:\/\/miil.dev.almic.ee\/lv\/wp-json\/wp\/v2\/pages\/1370","targetHints":{"allow":["GET"]}}],"collection":[{"href":"https:\/\/miil.dev.almic.ee\/lv\/wp-json\/wp\/v2\/pages"}],"about":[{"href":"https:\/\/miil.dev.almic.ee\/lv\/wp-json\/wp\/v2\/types\/page"}],"author":[{"embeddable":true,"href":"https:\/\/miil.dev.almic.ee\/lv\/wp-json\/wp\/v2\/users\/1"}],"replies":[{"embeddable":true,"href":"https:\/\/miil.dev.almic.ee\/lv\/wp-json\/wp\/v2\/comments?post=1370"}],"version-history":[{"count":0,"href":"https:\/\/miil.dev.almic.ee\/lv\/wp-json\/wp\/v2\/pages\/1370\/revisions"}],"wp:attachment":[{"href":"https:\/\/miil.dev.almic.ee\/lv\/wp-json\/wp\/v2\/media?parent=1370"}],"curies":[{"name":"wp","href":"https:\/\/api.w.org\/{rel}","templated":true}]}}