{"id":1355,"date":"2022-04-11T20:49:50","date_gmt":"2022-04-11T17:49:50","guid":{"rendered":"https:\/\/www.miil.ee\/kompanija\/"},"modified":"2022-07-28T10:22:00","modified_gmt":"2022-07-28T07:22:00","slug":"kompanija","status":"publish","type":"page","link":"https:\/\/miil.dev.almic.ee\/lv\/kompanija\/","title":{"rendered":"Par uz\u0146\u0113mumu"},"content":{"rendered":"<section class=\"l-section wpb_row company-page height_medium\"><div class=\"l-section-h i-cf\"><div class=\"g-cols vc_row via_flex valign_top type_default stacking_default\"><div class=\"vc_col-sm-12 wpb_column vc_column_container\"><div class=\"vc_column-inner\"><div class=\"wpb_wrapper\"><div class=\"g-cols wpb_row via_flex valign_top type_default stacking_default\"><div class=\"vc_col-sm-12 wpb_column vc_column_container\"><div class=\"vc_column-inner\"><div class=\"wpb_wrapper\"><div class=\"wpb_text_column\"><div class=\"wpb_wrapper\"><p>Uz\u0146\u0113mums O\u00dc \u201cMiil\u201d savu darb\u012bbu uzs\u0101ka 1990. gad\u0101, ta\u010du t\u0101 pirms\u0101kumi mekl\u0113jami jau 1985. gad\u0101, kad tika ieg\u0101d\u0101ta pirm\u0101 kravas automa\u0161\u012bna. P\u0113d\u0113jo 30 gadu laik\u0101 izveidots uz\u0146\u0113mums, kura m\u0113r\u0137is ir nodro\u0161in\u0101t augstas kvalit\u0101tes, efekt\u012bvus un \u0101trus p\u0101rvad\u0101jumus, kas atbilst lo\u0123istikas principam &#8220;7 pareiz\u0101s lietas&#8221;: pareiz\u0101s preces pareizajam klientam par pareizo cenu pareizaj\u0101 laik\u0101, pareizaj\u0101 viet\u0101, pareizaj\u0101 daudzum\u0101 un pareizaj\u0101 st\u0101vokl\u012b. O\u00dc \u201cMiil\u201d savu darb\u012bbu nodro\u0161ina atbilsto\u0161i ISO 9001:2015 un ISO 14001:2015 standartiem \u2013 sertifik\u0101tus izsniedzis vado\u0161ais test\u0113\u0161anas un sertific\u0113\u0161anas uz\u0146\u0113mums pasaul\u0113 \u201cBureau Veritas\u201d. O\u00dc \u201cMiil\u201d, kas transporta tirg\u016b darbojas jau vair\u0101k nek\u0101 30 gadus, ir efekt\u012bv\u0101kais un \u0101tr\u0101kais konteineru p\u0101rvad\u0101jumu uz\u0146\u0113mums Igaunij\u0101. <\/p>\n<p>Lai nodro\u0161in\u0101tu kvalitat\u012bvus pakalpojumus, m\u0113s fokus\u0113jamies tikai uz j\u016bras konteineru, cisternu konteineru un negabar\u012bta konteineru p\u0101rvad\u0101jumiem. \u0160obr\u012bd p\u0101rvad\u0101jumus pied\u0101v\u0101jam vis\u0101 Eiropas Savien\u012bb\u0101. Galvenie galam\u0113r\u0137i ir Igaunija, Latvija, Lietuva, Polija, Zviedrija un Somija. Papildus transporta pakalpojumam saviem klientiem pied\u0101v\u0101jam ar\u012b konteineru termin\u0101\u013ca un konteineru depo pakalpojumus. <\/p>\n<p>O\u00dc \u201cMiil\u201d konteineru termin\u0101l\u012b veicam \u0161\u0101dus darbus: <\/p>\n<p>* J\u016bras konteineru nokrau\u0161ana vai uzkrau\u0161ana (tostarp transportl\u012bdzek\u013cu iekrau\u0161ana konteiner\u0101)<br \/>\n* J\u016bras konteineru fumig\u0101cija<br \/>\n* Noliktavas konteineru uzglab\u0101\u0161ana<br \/>\n* J\u016bras konteineru uzglab\u0101\u0161ana<br \/>\n* Konteineru remonts un t\u012br\u012b\u0161ana<br \/>\n* J\u016bras konteineru neitraliz\u0101cija<br \/>\n* Cisternu konteineru apsild\u012b\u0161ana ar elektr\u012bbu<br \/>\n* Cisternu konteineru apsild\u012b\u0161ana ar tvaiku<br \/>\n* Konteineru piekabju noma<br \/>\n* Konteineru p\u0101rb\u016bve<br \/>\n* Konteineru kr\u0101so\u0161ana <\/p>\n<p>Pateicoties m\u016bsu ilggad\u0113jai pieredzei j\u016bras konteineru p\u0101rvad\u0101jumu jom\u0101, ar to saskaramies katru dienu un par konteineriem zin\u0101m visu. Saviem klientiem pied\u0101v\u0101jam ar\u012b jaunus un lietotus j\u016bras konteinerus, noliktavas konteinerus, vagoni\u0146us, \u0101ra tualetes, \u017eogus. M\u016bsu pied\u0101v\u0101jum\u0101 ir \u013coti daudz da\u017e\u0101du risin\u0101jumu, pat t\u0101di k\u0101 ugunsdro\u0161ie konteineri. Pied\u0101v\u0101jam ar\u012b konteineru p\u0101rb\u016bvi, kr\u0101so\u0161anu, \u012bpa\u0161us konteineru rekl\u0101mas risin\u0101jumus un daudz ko citu. M\u016bsu noliktav\u0101 past\u0101v\u012bgi ir pieejami vair\u0101k nek\u0101 200 j\u016bras konteineri, visi pied\u0101v\u0101tie produkti ir re\u0101li pieejami uz vietas, un tos var apskat\u012bt. Ja piem\u0113rotu produktu nevar atrast uz vietas, varam pieg\u0101d\u0101t to no Eiropas (2\u20133 ned\u0113\u013cas) vai \u0100zijas. <\/p>\n<p>Nomai pied\u0101v\u0101jam ar\u012b j\u016bras konteinerus (\u012bstermi\u0146a un ilgtermi\u0146a nomai), k\u0101 ar\u012b piekabes konteineru transport\u0113\u0161anai.<\/p>\n<\/div><\/div><\/div><\/div><\/div><\/div><div class=\"g-cols wpb_row via_flex valign_top type_default stacking_default\"><div class=\"vc_col-sm-6 wpb_column vc_column_container\"><div class=\"vc_column-inner\"><div class=\"wpb_wrapper\"><div class=\"wpb_text_column\"><div class=\"wpb_wrapper\"><h2>S\u0101nu iekr\u0101v\u0113ji (<i>sideloader)<\/i><\/h2>\n<p>Kop\u0161 2000. gada pied\u0101v\u0101jam p\u0101rvad\u0101jumus ar s\u0101nu iekr\u0101v\u0113ju (<i>sideloader<\/i>). S\u0101nu iekr\u0101v\u0113js var pacelt un nocelt 20&#8242;, 30&#8242;, 40&#8242;, 45&#8242; konteinerus, kuru svars ir l\u012bdz 32 000 kg. \u0160obr\u012bd uz\u0146\u0113mumam O\u00dc \u201cMiil\u201d pieder se\u0161i s\u0101nu iekr\u0101v\u0113ji, no kuriem divi tiek lietoti Latvij\u0101. Vair\u0101k par s\u0101nu iekr\u0101v\u0113jiem lasiet <a href=\"https:\/\/www.miil.ee\/lv\/pakalpojumi\/sanu-iekraveji-sideloader\/\">\u0161eit<\/a>.<\/p>\n<\/div><\/div><\/div><\/div><\/div><div class=\"vc_col-sm-6 wpb_column vc_column_container\"><div class=\"vc_column-inner\"><div class=\"wpb_wrapper\"><div class=\"w-image align_none\"><div class=\"w-image-h\"><img decoding=\"async\" width=\"752\" height=\"506\" src=\"https:\/\/miil.dev.almic.ee\/wp-content\/uploads\/2022\/04\/Miil-sideloader.jpg\" class=\"attachment-full size-full\" alt=\"\" loading=\"lazy\" srcset=\"https:\/\/miil.dev.almic.ee\/wp-content\/uploads\/2022\/04\/Miil-sideloader.jpg 752w, https:\/\/miil.dev.almic.ee\/wp-content\/uploads\/2022\/04\/Miil-sideloader-600x404.jpg 600w, https:\/\/miil.dev.almic.ee\/wp-content\/uploads\/2022\/04\/Miil-sideloader-300x202.jpg 300w\" sizes=\"auto, (max-width: 752px) 100vw, 752px\" \/><\/div><\/div><\/div><\/div><\/div><\/div><div class=\"g-cols wpb_row via_flex valign_top type_default stacking_default\"><div class=\"vc_col-sm-6 wpb_column vc_column_container\"><div class=\"vc_column-inner\"><div class=\"wpb_wrapper\"><div class=\"wpb_text_column\"><div class=\"wpb_wrapper\"><h2>Konteineru pa\u0161izg\u0101z\u0113ji (<i>backloader<\/i>)<\/h2>\n<p>Lai v\u0113l lab\u0101k apkalpotu savus klientus, 2001. gada maij\u0101 O\u00dc \u201cMiil\u201d ieg\u0101d\u0101j\u0101s konteineru pa\u0161izg\u0101z\u0113ju (<i>backloader<\/i>), k\u0101da nav nedz Igaunij\u0101, nedz Latvij\u0101 un Lietuv\u0101. <\/p>\n<p>Ar pa\u0161izg\u0101z\u0113ja pal\u012bdz\u012bbu no automa\u0161\u012bnas varam nocelt 20&#8242; j\u016bras konteinerus, novietot tos vertik\u0101li, k\u0101 ar\u012b p\u0101rvietot uz automa\u0161\u012bnas gan st\u0101vus eso\u0161us, gan zem\u0113 eso\u0161us konteinerus, kas sver l\u012bdz 25 000 kg. Kop\u0161 2006. gada pavasara mums ir divas pa\u0161izg\u0101z\u0113ja tipa kravas automa\u0161\u012bnas.<\/p>\n<p>2008. gada beig\u0101s tika ieg\u0101d\u0101ts tre\u0161ais konteineru pa\u0161izg\u0101z\u0113js. Kop\u0161 2009. gada febru\u0101ra \u0161\u012b automa\u0161\u012bna darbojas Latvij\u0101. <\/p>\n<p>Kop\u0161 2020. gada aprit\u0113 kopum\u0101 ir \u010detri pa\u0161izg\u0101z\u0113ji, no kuriem viens atrodas Latvij\u0101. <\/p>\n<p>Konteineru pa\u0161izg\u0101z\u0113js \u013cauj konteinerus sasv\u0113rt ar\u012b konteinera satura ieg\u016b\u0161anai. Pa\u0161izg\u0101z\u0113ja pac\u0113l\u0101ju vada autovad\u012bt\u0101js, izmantojot t\u0101lvad\u012bbas radio raid\u012bt\u0101ju. <\/p>\n<p>Vair\u0101k par konteineru pa\u0161izg\u0101z\u0113jiem lasiet <a href=\"https:\/\/www.miil.ee\/lv\/pakalpojumi\/backloaders\/\">\u0161eit<\/a>.<\/p>\n<\/div><\/div><\/div><\/div><\/div><div class=\"vc_col-sm-6 wpb_column vc_column_container\"><div class=\"vc_column-inner\"><div class=\"wpb_wrapper\"><div class=\"w-image align_none\"><div class=\"w-image-h\"><img decoding=\"async\" width=\"752\" height=\"506\" src=\"https:\/\/miil.dev.almic.ee\/wp-content\/uploads\/2022\/06\/Miil-backloaders-1.jpg\" class=\"attachment-full size-full\" alt=\"\" loading=\"lazy\" srcset=\"https:\/\/miil.dev.almic.ee\/wp-content\/uploads\/2022\/06\/Miil-backloaders-1.jpg 752w, https:\/\/miil.dev.almic.ee\/wp-content\/uploads\/2022\/06\/Miil-backloaders-1-600x404.jpg 600w, https:\/\/miil.dev.almic.ee\/wp-content\/uploads\/2022\/06\/Miil-backloaders-1-300x202.jpg 300w\" sizes=\"auto, (max-width: 752px) 100vw, 752px\" \/><\/div><\/div><\/div><\/div><\/div><\/div><div class=\"g-cols wpb_row via_flex valign_top type_default stacking_default\"><div class=\"vc_col-sm-12 wpb_column vc_column_container\"><div class=\"vc_column-inner\"><div class=\"wpb_wrapper\"><div class=\"wpb_text_column\"><div class=\"wpb_wrapper\"><h2>Klienti<\/h2>\n<p>O\u00dc \u201cMiil\u201d ir viens no lab\u0101kajiem konteineru p\u0101rvad\u0101jumu uz\u0146\u0113mumiem Igaunijas tirg\u016b, t\u0101p\u0113c ar\u012b m\u016bsu klienti un partneri ir lab\u0101kie savas jomas lietprat\u0113ji. Papildus m\u016bsu labi izstr\u0101d\u0101tajiem pakalpojumiem un augsti kvalific\u0113tajai komandai m\u0113s ar lepnumu varam teikt, ka nek\u0101da inform\u0101cija netiek nopludin\u0101ta. M\u0113s garant\u0113jam absol\u016btu inform\u0101cijas slepen\u012bbu, lai visi klienti var\u0113tu justies dro\u0161i un lai tiem neb\u016btu j\u0101uztraucas par konkurentiem. M\u016bsu pakalpojumi ir balst\u012bti uz savstarp\u0113ju uztic\u0113\u0161anos \u2013 m\u0113s uzticamies saviem klientiem un partneriem, un vi\u0146i uzticas mums. D\u0113\u013c t\u0101, ka inform\u0101cija un dati ir konfidenci\u0101li, m\u0113s neatkl\u0101jam ar\u012b savu klientu v\u0101rdus, ta\u010du apliecin\u0101m, ka vi\u0146i ir lab\u0101kie sav\u0101 nozar\u0113 un vienm\u0113r v\u0113las sa\u0146emt vislab\u0101ko pakalpojumu. Un uz\u0146\u0113mums O\u00dc \u201cMiil\u201d pied\u0101v\u0101 tie\u0161i to. M\u0113s saglab\u0101jam konfidencialit\u0101ti un esam uzticami! <\/p>\n<p>Uz\u0146\u0113mums O\u00dc \u201cMiil\u201d pats nenodarbojas ar j\u016bras p\u0101rvad\u0101jumiem un kravu eksped\u0113\u0161anu. Ta\u010du noteikti atrad\u012bsim lab\u0101ko \u0161\u012b pakalpojuma pied\u0101v\u0101t\u0101ju, jo tie\u0161i j\u016bras p\u0101rvad\u0101t\u0101ji un kravu ekspeditori ir m\u016bsu darba dev\u0113ji. T\u0101p\u0113c ir pamats dom\u0101t, ka, ja ekspeditors ned\u0113\u013c\u0101 sa\u0146em 20 konteinerus no \u0136\u012bnas, tie\u0161i vi\u0146\u0161 ir tas, kur\u0161 var\u0113tu jums pieg\u0101d\u0101t preces no \u0136\u012bnas (tas pats attiecas ar\u012b uz citiem virzieniem). Vaic\u0101jiet par cenu, m\u0113s to nos\u016bt\u012bsim t\u0101l\u0101k un atrad\u012bsim jums \u012aSTO UN PAREIZO.<\/p>\n<h2>ISO 9001:2015 un ISO 14001:2015<\/h2>\n<p>Kop\u0161 2020. gada O\u00dc \u201cMiil\u201d \u012bsteno pas\u0101kumus, lai nodro\u0161in\u0101tu atbilst\u012bbu ISO 9001:2015 un ISO 14001:2015 pras\u012bb\u0101m. Uz\u0146\u0113muma valde ir nodefin\u0113jusi sekojo\u0161us pamatprincipus, kas ir m\u016bsu uz\u0146\u0113m\u0113jdarb\u012bbas m\u0113r\u0137is un atspogu\u013co m\u016bsu p\u0101rliec\u012bbu un centienus kvalit\u0101tes un vides jom\u0101:<\/p>\n<ul>\n<li>pild\u012bt sol\u012bjumus, ko esam devu\u0161i saviem klientiem un cits citam,<\/li>\n<li>izvair\u012bties no \u0101rk\u0101rtas situ\u0101cij\u0101m un nov\u0113rst t\u0101s,<\/li>\n<li>koncentr\u0113ties uz ilgtsp\u0113j\u012bgu darb\u012bbu,<\/li>\n<li>ilgtsp\u0113j\u012bgi izmantot kurin\u0101mo un energoresursus,<\/li>\n<li>nov\u0113rst vai mazin\u0101t vides pies\u0101r\u0146ojumu.<\/li>\n<li>M\u0113s pild\u0101m savus pien\u0101kumus attiec\u012bb\u0101 uz atbilst\u012bbas pras\u012bb\u0101m.<\/li>\n<li>Lai nodro\u0161in\u0101tu kvalitat\u012bvus transporta pakalpojumus, iev\u0113rojam lo\u0123istikas principu &#8220;7 pareiz\u0101s lietas&#8221; (pareiz\u0101s preces pareizajam klientam par pareizo cenu pareizaj\u0101 laik\u0101, pareizaj\u0101 viet\u0101, pareizaj\u0101 daudzum\u0101 un pareizaj\u0101 st\u0101vokl\u012b).<\/li>\n<\/ul>\n<\/div><\/div><\/div><\/div><\/div><\/div><\/div><\/div><\/div><\/div><\/div><\/section>\n","protected":false},"excerpt":{"rendered":"Uz\u0146\u0113mums O\u00dc \u201cMiil\u201d savu darb\u012bbu uzs\u0101ka 1990. gad\u0101, ta\u010du t\u0101 pirms\u0101kumi mekl\u0113jami jau 1985. gad\u0101, kad tika ieg\u0101d\u0101ta pirm\u0101 kravas automa\u0161\u012bna. P\u0113d\u0113jo 30 gadu laik\u0101 izveidots uz\u0146\u0113mums, kura m\u0113r\u0137is ir nodro\u0161in\u0101t augstas kvalit\u0101tes, efekt\u012bvus un \u0101trus p\u0101rvad\u0101jumus, kas atbilst lo\u0123istikas principam &#8220;7 pareiz\u0101s lietas&#8221;: pareiz\u0101s preces pareizajam klientam par pareizo cenu pareizaj\u0101 laik\u0101, pareizaj\u0101 viet\u0101,...","protected":false},"author":1,"featured_media":0,"parent":0,"menu_order":0,"comment_status":"closed","ping_status":"closed","template":"","meta":{"_acf_changed":false,"footnotes":""},"class_list":["post-1355","page","type-page","status-publish","hentry"],"acf":[],"yoast_head":"<!-- This site is optimized with the Yoast SEO Premium plugin v23.9 (Yoast SEO v27.5) - https:\/\/yoast.com\/product\/yoast-seo-premium-wordpress\/ -->\n<title>Par uz\u0146\u0113mumu - Miil O\u00dc<\/title>\n<meta name=\"robots\" content=\"index, follow, max-snippet:-1, max-image-preview:large, max-video-preview:-1\" \/>\n<link rel=\"canonical\" href=\"https:\/\/miil.dev.almic.ee\/lv\/kompanija\/\" \/>\n<meta property=\"og:locale\" content=\"lv_LV\" \/>\n<meta property=\"og:type\" content=\"article\" \/>\n<meta property=\"og:title\" content=\"Par uz\u0146\u0113mumu\" \/>\n<meta property=\"og:url\" content=\"https:\/\/miil.dev.almic.ee\/lv\/kompanija\/\" \/>\n<meta property=\"og:site_name\" content=\"Miil O\u00dc\" \/>\n<meta property=\"article:publisher\" content=\"https:\/\/www.facebook.com\/konteinerveod\/\" \/>\n<meta property=\"article:modified_time\" content=\"2022-07-28T07:22:00+00:00\" \/>\n<meta name=\"twitter:card\" content=\"summary_large_image\" \/>\n<meta name=\"twitter:label1\" content=\"Est. reading time\" \/>\n\t<meta name=\"twitter:data1\" content=\"6 minutes\" \/>\n<script type=\"application\/ld+json\" class=\"yoast-schema-graph\">{\"@context\":\"https:\\\/\\\/schema.org\",\"@graph\":[{\"@type\":\"WebPage\",\"@id\":\"https:\\\/\\\/miil.dev.almic.ee\\\/lv\\\/kompanija\\\/\",\"url\":\"https:\\\/\\\/miil.dev.almic.ee\\\/lv\\\/kompanija\\\/\",\"name\":\"Par uz\u0146\u0113mumu - Miil O\u00dc\",\"isPartOf\":{\"@id\":\"https:\\\/\\\/miil.dev.almic.ee\\\/#website\"},\"datePublished\":\"2022-04-11T17:49:50+00:00\",\"dateModified\":\"2022-07-28T07:22:00+00:00\",\"breadcrumb\":{\"@id\":\"https:\\\/\\\/miil.dev.almic.ee\\\/lv\\\/kompanija\\\/#breadcrumb\"},\"inLanguage\":\"lv-LV\",\"potentialAction\":[{\"@type\":\"ReadAction\",\"target\":[\"https:\\\/\\\/miil.dev.almic.ee\\\/lv\\\/kompanija\\\/\"]}]},{\"@type\":\"BreadcrumbList\",\"@id\":\"https:\\\/\\\/miil.dev.almic.ee\\\/lv\\\/kompanija\\\/#breadcrumb\",\"itemListElement\":[{\"@type\":\"ListItem\",\"position\":1,\"name\":\"Home\",\"item\":\"https:\\\/\\\/miil.dev.almic.ee\\\/lv\\\/\"},{\"@type\":\"ListItem\",\"position\":2,\"name\":\"Par uz\u0146\u0113mumu\"}]},{\"@type\":\"WebSite\",\"@id\":\"https:\\\/\\\/miil.dev.almic.ee\\\/#website\",\"url\":\"https:\\\/\\\/miil.dev.almic.ee\\\/\",\"name\":\"Miil O\u00dc\",\"description\":\"Konteinerveod\",\"publisher\":{\"@id\":\"https:\\\/\\\/miil.dev.almic.ee\\\/#organization\"},\"potentialAction\":[{\"@type\":\"SearchAction\",\"target\":{\"@type\":\"EntryPoint\",\"urlTemplate\":\"https:\\\/\\\/miil.dev.almic.ee\\\/?s={search_term_string}\"},\"query-input\":{\"@type\":\"PropertyValueSpecification\",\"valueRequired\":true,\"valueName\":\"search_term_string\"}}],\"inLanguage\":\"lv-LV\"},{\"@type\":\"Organization\",\"@id\":\"https:\\\/\\\/miil.dev.almic.ee\\\/#organization\",\"name\":\"Miil O\u00dc\",\"url\":\"https:\\\/\\\/miil.dev.almic.ee\\\/\",\"logo\":{\"@type\":\"ImageObject\",\"inLanguage\":\"lv-LV\",\"@id\":\"https:\\\/\\\/miil.dev.almic.ee\\\/#\\\/schema\\\/logo\\\/image\\\/\",\"url\":\"https:\\\/\\\/www.miil.ee\\\/wp-content\\\/uploads\\\/2022\\\/02\\\/Miil-logo.svg\",\"contentUrl\":\"https:\\\/\\\/www.miil.ee\\\/wp-content\\\/uploads\\\/2022\\\/02\\\/Miil-logo.svg\",\"width\":\"1024\",\"height\":\"1024\",\"caption\":\"Miil O\u00dc\"},\"image\":{\"@id\":\"https:\\\/\\\/miil.dev.almic.ee\\\/#\\\/schema\\\/logo\\\/image\\\/\"},\"sameAs\":[\"https:\\\/\\\/www.facebook.com\\\/konteinerveod\\\/\",\"https:\\\/\\\/www.instagram.com\\\/ou_miil\\\/\"]}]}<\/script>\n<!-- \/ Yoast SEO Premium plugin. -->","yoast_head_json":{"title":"Par uz\u0146\u0113mumu - Miil O\u00dc","robots":{"index":"index","follow":"follow","max-snippet":"max-snippet:-1","max-image-preview":"max-image-preview:large","max-video-preview":"max-video-preview:-1"},"canonical":"https:\/\/miil.dev.almic.ee\/lv\/kompanija\/","og_locale":"lv_LV","og_type":"article","og_title":"Par uz\u0146\u0113mumu","og_url":"https:\/\/miil.dev.almic.ee\/lv\/kompanija\/","og_site_name":"Miil O\u00dc","article_publisher":"https:\/\/www.facebook.com\/konteinerveod\/","article_modified_time":"2022-07-28T07:22:00+00:00","twitter_card":"summary_large_image","twitter_misc":{"Est. reading time":"6 minutes"},"schema":{"@context":"https:\/\/schema.org","@graph":[{"@type":"WebPage","@id":"https:\/\/miil.dev.almic.ee\/lv\/kompanija\/","url":"https:\/\/miil.dev.almic.ee\/lv\/kompanija\/","name":"Par uz\u0146\u0113mumu - Miil O\u00dc","isPartOf":{"@id":"https:\/\/miil.dev.almic.ee\/#website"},"datePublished":"2022-04-11T17:49:50+00:00","dateModified":"2022-07-28T07:22:00+00:00","breadcrumb":{"@id":"https:\/\/miil.dev.almic.ee\/lv\/kompanija\/#breadcrumb"},"inLanguage":"lv-LV","potentialAction":[{"@type":"ReadAction","target":["https:\/\/miil.dev.almic.ee\/lv\/kompanija\/"]}]},{"@type":"BreadcrumbList","@id":"https:\/\/miil.dev.almic.ee\/lv\/kompanija\/#breadcrumb","itemListElement":[{"@type":"ListItem","position":1,"name":"Home","item":"https:\/\/miil.dev.almic.ee\/lv\/"},{"@type":"ListItem","position":2,"name":"Par uz\u0146\u0113mumu"}]},{"@type":"WebSite","@id":"https:\/\/miil.dev.almic.ee\/#website","url":"https:\/\/miil.dev.almic.ee\/","name":"Miil O\u00dc","description":"Konteinerveod","publisher":{"@id":"https:\/\/miil.dev.almic.ee\/#organization"},"potentialAction":[{"@type":"SearchAction","target":{"@type":"EntryPoint","urlTemplate":"https:\/\/miil.dev.almic.ee\/?s={search_term_string}"},"query-input":{"@type":"PropertyValueSpecification","valueRequired":true,"valueName":"search_term_string"}}],"inLanguage":"lv-LV"},{"@type":"Organization","@id":"https:\/\/miil.dev.almic.ee\/#organization","name":"Miil O\u00dc","url":"https:\/\/miil.dev.almic.ee\/","logo":{"@type":"ImageObject","inLanguage":"lv-LV","@id":"https:\/\/miil.dev.almic.ee\/#\/schema\/logo\/image\/","url":"https:\/\/www.miil.ee\/wp-content\/uploads\/2022\/02\/Miil-logo.svg","contentUrl":"https:\/\/www.miil.ee\/wp-content\/uploads\/2022\/02\/Miil-logo.svg","width":"1024","height":"1024","caption":"Miil O\u00dc"},"image":{"@id":"https:\/\/miil.dev.almic.ee\/#\/schema\/logo\/image\/"},"sameAs":["https:\/\/www.facebook.com\/konteinerveod\/","https:\/\/www.instagram.com\/ou_miil\/"]}]}},"_links":{"self":[{"href":"https:\/\/miil.dev.almic.ee\/lv\/wp-json\/wp\/v2\/pages\/1355","targetHints":{"allow":["GET"]}}],"collection":[{"href":"https:\/\/miil.dev.almic.ee\/lv\/wp-json\/wp\/v2\/pages"}],"about":[{"href":"https:\/\/miil.dev.almic.ee\/lv\/wp-json\/wp\/v2\/types\/page"}],"author":[{"embeddable":true,"href":"https:\/\/miil.dev.almic.ee\/lv\/wp-json\/wp\/v2\/users\/1"}],"replies":[{"embeddable":true,"href":"https:\/\/miil.dev.almic.ee\/lv\/wp-json\/wp\/v2\/comments?post=1355"}],"version-history":[{"count":0,"href":"https:\/\/miil.dev.almic.ee\/lv\/wp-json\/wp\/v2\/pages\/1355\/revisions"}],"wp:attachment":[{"href":"https:\/\/miil.dev.almic.ee\/lv\/wp-json\/wp\/v2\/media?parent=1355"}],"curies":[{"name":"wp","href":"https:\/\/api.w.org\/{rel}","templated":true}]}}