{"id":1343,"date":"2022-04-11T20:45:41","date_gmt":"2022-04-11T17:45:41","guid":{"rendered":"https:\/\/www.miil.ee\/deklaracijas\/"},"modified":"2024-11-15T17:07:33","modified_gmt":"2024-11-15T15:07:33","slug":"deklaracijas","status":"publish","type":"page","link":"https:\/\/miil.dev.almic.ee\/lv\/pakalpojumi\/deklaracijas\/","title":{"rendered":"Deklar\u0101cijas"},"content":{"rendered":"<section class=\"l-section wpb_row height_medium\"><div class=\"l-section-h i-cf\"><div class=\"g-cols vc_row via_flex valign_top type_default stacking_default\"><div class=\"vc_col-sm-12 wpb_column vc_column_container\"><div class=\"vc_column-inner\"><div class=\"wpb_wrapper\"><div class=\"wpb_text_column\"><div class=\"wpb_wrapper\"><p>O\u00dc Miil r\u016bp\u0113jas par vis\u0101m tranz\u012bta deklar\u0101cij\u0101m. Ta\u010du, lai koncentr\u0113tos uz savu pamatdarb\u012bbu un izvair\u012btos no jebk\u0101diem papildus nesaist\u012btiem pien\u0101kumiem, deklar\u0101ciju aizpild\u012b\u0161an\u0101 izmantojam m\u016bsu partneru pal\u012bdz\u012bbu. Tas \u013cauj mums nodro\u0161in\u0101t augst\u0101k\u0101s kvalit\u0101tes pakalpojumus, lai nodro\u0161in\u0101tu m\u016bsu klientu apmierin\u0101t\u012bbu.<\/p>\n<h2>M\u016bsu deklar\u0101cijas partneri<\/h2>\n<p>Deklar\u0101cijas pas\u016bt\u0101m no vado\u0161ajiem nozares uz\u0146\u0113mumiem. M\u016bsu galvenie partneri ir Schenker, Holship, Combidek un A-Tolliagentuur.<\/p>\n<p>\u0160aj\u0101 proces\u0101 m\u0113s tikai p\u0101rs\u016bt\u0101m deklar\u0101cijas saviem labajiem partneriem. T\u0101 k\u0101 m\u0113s neveicam starpniec\u012bbu, tad komisijas maksu nepras\u0101m. K\u0101 jau min\u0113ts iepriek\u0161, dele\u0123\u0113jot deklar\u0101cijas m\u016bsu uzticamajiem partneriem, m\u0113s varam koncentr\u0113ties uz transportu un p\u0101r\u0113jiem m\u016bsu konteineru pakalpojumiem ar visaugst\u0101ko kvalit\u0101ti.<\/p>\n<h2>Pre\u010du p\u0101rvad\u0101\u0161ana pa j\u016bru<\/h2>\n<p>Deklar\u0113\u0161ana un ku\u0123niec\u012bbas pakalpojumi p\u0101ri j\u016brai nav m\u016bsu pamatdarb\u012bba. Tom\u0113r m\u0113s par\u016bp\u0113simies, lai atrastu jums uzticamu partneri \u0161\u0101dam gad\u012bjumam, nodro\u0161inot augst\u0101k\u0101s kvalit\u0101tes pakalpojumus.<br \/>\nM\u0113s neveicam starpnieku, bet vedam uz pareizo uz\u0146\u0113mumu, kas nodro\u0161in\u0101s pakalpojumu paketi no r\u016bpn\u012bcas l\u012bdz durv\u012bm.<br \/>\nO\u00dc Miil nodro\u0161ina kravu p\u0101rvad\u0101jumus intermod\u0101l\u0101 konteiner\u0101 vai transportl\u012bdzekl\u012b, maksim\u0101li izmantojot vair\u0101kus transporta veidus.<\/p>\n<p>P\u0101rvad\u0101\u0161anai parasti izmantojam <a href=\"https:\/\/www.miil.ee\/lv\/pakalpojumi\/celtnis\/\">celtnis<\/a> vai <a href=\"https:\/\/www.miil.ee\/lv\/pakalpojumi\/sanu-iekraveji-sideloader\/\">s\u0101nu iekr\u0101v\u0113ju.<\/a><br \/>\nM\u0113s izmantojam <a href=\"https:\/\/www.miil.ee\/lv\/pakalpojumi\/ram-pasizgazejs\/\">RAM backloader<\/a>, lai aptvertu vissare\u017e\u0123\u012bt\u0101k\u0101s vietas.<\/p>\n<p>Sekojiet mums <a href=\"https:\/\/www.facebook.com\/konteinerveod\/\">Facebook<\/a> vai <a href=\"https:\/\/www.instagram.com\/ou_miil\/\">Instagram.<\/a><\/p>\n<\/div><\/div><\/div><\/div><\/div><\/div><\/div><\/section>\n","protected":false},"excerpt":{"rendered":"O\u00dc Miil r\u016bp\u0113jas par vis\u0101m tranz\u012bta deklar\u0101cij\u0101m. Ta\u010du, lai koncentr\u0113tos uz savu pamatdarb\u012bbu un izvair\u012btos no jebk\u0101diem papildus nesaist\u012btiem pien\u0101kumiem, deklar\u0101ciju aizpild\u012b\u0161an\u0101 izmantojam m\u016bsu partneru pal\u012bdz\u012bbu. Tas \u013cauj mums nodro\u0161in\u0101t augst\u0101k\u0101s kvalit\u0101tes pakalpojumus, lai nodro\u0161in\u0101tu m\u016bsu klientu apmierin\u0101t\u012bbu. M\u016bsu deklar\u0101cijas partneri Deklar\u0101cijas pas\u016bt\u0101m no vado\u0161ajiem nozares uz\u0146\u0113mumiem. M\u016bsu galvenie partneri ir Schenker, Holship, Combidek un...","protected":false},"author":1,"featured_media":75600,"parent":1589,"menu_order":0,"comment_status":"closed","ping_status":"closed","template":"","meta":{"_acf_changed":false,"footnotes":""},"class_list":["post-1343","page","type-page","status-publish","has-post-thumbnail","hentry"],"acf":[],"yoast_head":"<!-- This site is optimized with the Yoast SEO Premium plugin v23.9 (Yoast SEO v27.5) - https:\/\/yoast.com\/product\/yoast-seo-premium-wordpress\/ -->\n<title>Deklar\u0101cijas - Miil O\u00dc<\/title>\n<meta name=\"description\" content=\"Deklar\u0101cijas | Schenker, Holship, Combidek un A-Tolliagentuur | Juras konteiners izp\u0101rdo\u0161ana | Juras konteiners transport |\" \/>\n<meta name=\"robots\" content=\"index, follow, max-snippet:-1, max-image-preview:large, max-video-preview:-1\" \/>\n<link rel=\"canonical\" href=\"https:\/\/miil.dev.almic.ee\/lv\/pakalpojumi\/deklaracijas\/\" \/>\n<meta property=\"og:locale\" content=\"lv_LV\" \/>\n<meta property=\"og:type\" content=\"article\" \/>\n<meta property=\"og:title\" content=\"Deklar\u0101cijas\" \/>\n<meta property=\"og:description\" content=\"Deklar\u0101cijas | Schenker, Holship, Combidek un A-Tolliagentuur | Juras konteiners izp\u0101rdo\u0161ana | Juras konteiners transport |\" \/>\n<meta property=\"og:url\" content=\"https:\/\/miil.dev.almic.ee\/lv\/pakalpojumi\/deklaracijas\/\" \/>\n<meta property=\"og:site_name\" content=\"Miil O\u00dc\" \/>\n<meta property=\"article:publisher\" content=\"https:\/\/www.facebook.com\/konteinerveod\/\" \/>\n<meta property=\"article:modified_time\" content=\"2024-11-15T15:07:33+00:00\" \/>\n<meta property=\"og:image\" content=\"https:\/\/miil.dev.almic.ee\/wp-content\/uploads\/2024\/09\/f2-scaled.jpg\" \/>\n\t<meta property=\"og:image:width\" content=\"1900\" \/>\n\t<meta property=\"og:image:height\" content=\"1425\" \/>\n\t<meta property=\"og:image:type\" content=\"image\/jpeg\" \/>\n<meta name=\"twitter:card\" content=\"summary_large_image\" \/>\n<meta name=\"twitter:label1\" content=\"Est. reading time\" \/>\n\t<meta name=\"twitter:data1\" content=\"2 minutes\" \/>\n<script type=\"application\/ld+json\" class=\"yoast-schema-graph\">{\"@context\":\"https:\\\/\\\/schema.org\",\"@graph\":[{\"@type\":\"WebPage\",\"@id\":\"https:\\\/\\\/miil.dev.almic.ee\\\/lv\\\/pakalpojumi\\\/deklaracijas\\\/\",\"url\":\"https:\\\/\\\/miil.dev.almic.ee\\\/lv\\\/pakalpojumi\\\/deklaracijas\\\/\",\"name\":\"Deklar\u0101cijas - Miil O\u00dc\",\"isPartOf\":{\"@id\":\"https:\\\/\\\/miil.dev.almic.ee\\\/#website\"},\"primaryImageOfPage\":{\"@id\":\"https:\\\/\\\/miil.dev.almic.ee\\\/lv\\\/pakalpojumi\\\/deklaracijas\\\/#primaryimage\"},\"image\":{\"@id\":\"https:\\\/\\\/miil.dev.almic.ee\\\/lv\\\/pakalpojumi\\\/deklaracijas\\\/#primaryimage\"},\"thumbnailUrl\":\"https:\\\/\\\/miil.dev.almic.ee\\\/wp-content\\\/uploads\\\/2024\\\/09\\\/f2-scaled.jpg\",\"datePublished\":\"2022-04-11T17:45:41+00:00\",\"dateModified\":\"2024-11-15T15:07:33+00:00\",\"description\":\"Deklar\u0101cijas | Schenker, Holship, Combidek un A-Tolliagentuur | Juras konteiners izp\u0101rdo\u0161ana | Juras konteiners transport |\",\"breadcrumb\":{\"@id\":\"https:\\\/\\\/miil.dev.almic.ee\\\/lv\\\/pakalpojumi\\\/deklaracijas\\\/#breadcrumb\"},\"inLanguage\":\"lv-LV\",\"potentialAction\":[{\"@type\":\"ReadAction\",\"target\":[\"https:\\\/\\\/miil.dev.almic.ee\\\/lv\\\/pakalpojumi\\\/deklaracijas\\\/\"]}]},{\"@type\":\"ImageObject\",\"inLanguage\":\"lv-LV\",\"@id\":\"https:\\\/\\\/miil.dev.almic.ee\\\/lv\\\/pakalpojumi\\\/deklaracijas\\\/#primaryimage\",\"url\":\"https:\\\/\\\/miil.dev.almic.ee\\\/wp-content\\\/uploads\\\/2024\\\/09\\\/f2-scaled.jpg\",\"contentUrl\":\"https:\\\/\\\/miil.dev.almic.ee\\\/wp-content\\\/uploads\\\/2024\\\/09\\\/f2-scaled.jpg\",\"width\":1900,\"height\":1425},{\"@type\":\"BreadcrumbList\",\"@id\":\"https:\\\/\\\/miil.dev.almic.ee\\\/lv\\\/pakalpojumi\\\/deklaracijas\\\/#breadcrumb\",\"itemListElement\":[{\"@type\":\"ListItem\",\"position\":1,\"name\":\"Home\",\"item\":\"https:\\\/\\\/miil.dev.almic.ee\\\/lv\\\/\"},{\"@type\":\"ListItem\",\"position\":2,\"name\":\"Pakalpojumi\",\"item\":\"https:\\\/\\\/miil.dev.almic.ee\\\/lv\\\/pakalpojumi\\\/\"},{\"@type\":\"ListItem\",\"position\":3,\"name\":\"Deklar\u0101cijas\"}]},{\"@type\":\"WebSite\",\"@id\":\"https:\\\/\\\/miil.dev.almic.ee\\\/#website\",\"url\":\"https:\\\/\\\/miil.dev.almic.ee\\\/\",\"name\":\"Miil O\u00dc\",\"description\":\"Konteinerveod\",\"publisher\":{\"@id\":\"https:\\\/\\\/miil.dev.almic.ee\\\/#organization\"},\"potentialAction\":[{\"@type\":\"SearchAction\",\"target\":{\"@type\":\"EntryPoint\",\"urlTemplate\":\"https:\\\/\\\/miil.dev.almic.ee\\\/?s={search_term_string}\"},\"query-input\":{\"@type\":\"PropertyValueSpecification\",\"valueRequired\":true,\"valueName\":\"search_term_string\"}}],\"inLanguage\":\"lv-LV\"},{\"@type\":\"Organization\",\"@id\":\"https:\\\/\\\/miil.dev.almic.ee\\\/#organization\",\"name\":\"Miil O\u00dc\",\"url\":\"https:\\\/\\\/miil.dev.almic.ee\\\/\",\"logo\":{\"@type\":\"ImageObject\",\"inLanguage\":\"lv-LV\",\"@id\":\"https:\\\/\\\/miil.dev.almic.ee\\\/#\\\/schema\\\/logo\\\/image\\\/\",\"url\":\"https:\\\/\\\/www.miil.ee\\\/wp-content\\\/uploads\\\/2022\\\/02\\\/Miil-logo.svg\",\"contentUrl\":\"https:\\\/\\\/www.miil.ee\\\/wp-content\\\/uploads\\\/2022\\\/02\\\/Miil-logo.svg\",\"width\":\"1024\",\"height\":\"1024\",\"caption\":\"Miil O\u00dc\"},\"image\":{\"@id\":\"https:\\\/\\\/miil.dev.almic.ee\\\/#\\\/schema\\\/logo\\\/image\\\/\"},\"sameAs\":[\"https:\\\/\\\/www.facebook.com\\\/konteinerveod\\\/\",\"https:\\\/\\\/www.instagram.com\\\/ou_miil\\\/\"]}]}<\/script>\n<!-- \/ Yoast SEO Premium plugin. -->","yoast_head_json":{"title":"Deklar\u0101cijas - Miil O\u00dc","description":"Deklar\u0101cijas | Schenker, Holship, Combidek un A-Tolliagentuur | Juras konteiners izp\u0101rdo\u0161ana | Juras konteiners transport |","robots":{"index":"index","follow":"follow","max-snippet":"max-snippet:-1","max-image-preview":"max-image-preview:large","max-video-preview":"max-video-preview:-1"},"canonical":"https:\/\/miil.dev.almic.ee\/lv\/pakalpojumi\/deklaracijas\/","og_locale":"lv_LV","og_type":"article","og_title":"Deklar\u0101cijas","og_description":"Deklar\u0101cijas | Schenker, Holship, Combidek un A-Tolliagentuur | Juras konteiners izp\u0101rdo\u0161ana | Juras konteiners transport |","og_url":"https:\/\/miil.dev.almic.ee\/lv\/pakalpojumi\/deklaracijas\/","og_site_name":"Miil O\u00dc","article_publisher":"https:\/\/www.facebook.com\/konteinerveod\/","article_modified_time":"2024-11-15T15:07:33+00:00","og_image":[{"width":1900,"height":1425,"url":"https:\/\/miil.dev.almic.ee\/wp-content\/uploads\/2024\/09\/f2-scaled.jpg","type":"image\/jpeg"}],"twitter_card":"summary_large_image","twitter_misc":{"Est. reading time":"2 minutes"},"schema":{"@context":"https:\/\/schema.org","@graph":[{"@type":"WebPage","@id":"https:\/\/miil.dev.almic.ee\/lv\/pakalpojumi\/deklaracijas\/","url":"https:\/\/miil.dev.almic.ee\/lv\/pakalpojumi\/deklaracijas\/","name":"Deklar\u0101cijas - Miil O\u00dc","isPartOf":{"@id":"https:\/\/miil.dev.almic.ee\/#website"},"primaryImageOfPage":{"@id":"https:\/\/miil.dev.almic.ee\/lv\/pakalpojumi\/deklaracijas\/#primaryimage"},"image":{"@id":"https:\/\/miil.dev.almic.ee\/lv\/pakalpojumi\/deklaracijas\/#primaryimage"},"thumbnailUrl":"https:\/\/miil.dev.almic.ee\/wp-content\/uploads\/2024\/09\/f2-scaled.jpg","datePublished":"2022-04-11T17:45:41+00:00","dateModified":"2024-11-15T15:07:33+00:00","description":"Deklar\u0101cijas | Schenker, Holship, Combidek un A-Tolliagentuur | Juras konteiners izp\u0101rdo\u0161ana | Juras konteiners transport |","breadcrumb":{"@id":"https:\/\/miil.dev.almic.ee\/lv\/pakalpojumi\/deklaracijas\/#breadcrumb"},"inLanguage":"lv-LV","potentialAction":[{"@type":"ReadAction","target":["https:\/\/miil.dev.almic.ee\/lv\/pakalpojumi\/deklaracijas\/"]}]},{"@type":"ImageObject","inLanguage":"lv-LV","@id":"https:\/\/miil.dev.almic.ee\/lv\/pakalpojumi\/deklaracijas\/#primaryimage","url":"https:\/\/miil.dev.almic.ee\/wp-content\/uploads\/2024\/09\/f2-scaled.jpg","contentUrl":"https:\/\/miil.dev.almic.ee\/wp-content\/uploads\/2024\/09\/f2-scaled.jpg","width":1900,"height":1425},{"@type":"BreadcrumbList","@id":"https:\/\/miil.dev.almic.ee\/lv\/pakalpojumi\/deklaracijas\/#breadcrumb","itemListElement":[{"@type":"ListItem","position":1,"name":"Home","item":"https:\/\/miil.dev.almic.ee\/lv\/"},{"@type":"ListItem","position":2,"name":"Pakalpojumi","item":"https:\/\/miil.dev.almic.ee\/lv\/pakalpojumi\/"},{"@type":"ListItem","position":3,"name":"Deklar\u0101cijas"}]},{"@type":"WebSite","@id":"https:\/\/miil.dev.almic.ee\/#website","url":"https:\/\/miil.dev.almic.ee\/","name":"Miil O\u00dc","description":"Konteinerveod","publisher":{"@id":"https:\/\/miil.dev.almic.ee\/#organization"},"potentialAction":[{"@type":"SearchAction","target":{"@type":"EntryPoint","urlTemplate":"https:\/\/miil.dev.almic.ee\/?s={search_term_string}"},"query-input":{"@type":"PropertyValueSpecification","valueRequired":true,"valueName":"search_term_string"}}],"inLanguage":"lv-LV"},{"@type":"Organization","@id":"https:\/\/miil.dev.almic.ee\/#organization","name":"Miil O\u00dc","url":"https:\/\/miil.dev.almic.ee\/","logo":{"@type":"ImageObject","inLanguage":"lv-LV","@id":"https:\/\/miil.dev.almic.ee\/#\/schema\/logo\/image\/","url":"https:\/\/www.miil.ee\/wp-content\/uploads\/2022\/02\/Miil-logo.svg","contentUrl":"https:\/\/www.miil.ee\/wp-content\/uploads\/2022\/02\/Miil-logo.svg","width":"1024","height":"1024","caption":"Miil O\u00dc"},"image":{"@id":"https:\/\/miil.dev.almic.ee\/#\/schema\/logo\/image\/"},"sameAs":["https:\/\/www.facebook.com\/konteinerveod\/","https:\/\/www.instagram.com\/ou_miil\/"]}]}},"_links":{"self":[{"href":"https:\/\/miil.dev.almic.ee\/lv\/wp-json\/wp\/v2\/pages\/1343","targetHints":{"allow":["GET"]}}],"collection":[{"href":"https:\/\/miil.dev.almic.ee\/lv\/wp-json\/wp\/v2\/pages"}],"about":[{"href":"https:\/\/miil.dev.almic.ee\/lv\/wp-json\/wp\/v2\/types\/page"}],"author":[{"embeddable":true,"href":"https:\/\/miil.dev.almic.ee\/lv\/wp-json\/wp\/v2\/users\/1"}],"replies":[{"embeddable":true,"href":"https:\/\/miil.dev.almic.ee\/lv\/wp-json\/wp\/v2\/comments?post=1343"}],"version-history":[{"count":0,"href":"https:\/\/miil.dev.almic.ee\/lv\/wp-json\/wp\/v2\/pages\/1343\/revisions"}],"up":[{"embeddable":true,"href":"https:\/\/miil.dev.almic.ee\/lv\/wp-json\/wp\/v2\/pages\/1589"}],"wp:featuredmedia":[{"embeddable":true,"href":"https:\/\/miil.dev.almic.ee\/lv\/wp-json\/wp\/v2\/media\/75600"}],"wp:attachment":[{"href":"https:\/\/miil.dev.almic.ee\/lv\/wp-json\/wp\/v2\/media?parent=1343"}],"curies":[{"name":"wp","href":"https:\/\/api.w.org\/{rel}","templated":true}]}}